{"id":23590,"date":"2017-03-06T18:16:43","date_gmt":"2017-03-06T17:16:43","guid":{"rendered":"https:\/\/www.campinglaguna.com\/submarinisme\/"},"modified":"2017-03-31T11:44:45","modified_gmt":"2017-03-31T09:44:45","slug":"submarinisme","status":"publish","type":"page","link":"https:\/\/www.campinglaguna.com\/ca\/que-fer\/activitats\/lleure\/submarinisme\/","title":{"rendered":"Submarinisme"},"content":{"rendered":"<p>A pocs quil\u00f2metres del c\u00e0mping hi ha dues reserves marines on podeu realitzar fant\u00e0stiques immersions.<\/p>\n<p>Al nord, la zona mar\u00edtima protegida del cap de Creus, que compta amb dues reserves naturals integrals que s&#8217;estenen 1,3 quil\u00f2metres mar endins. Bussejar en les seves clares aig\u00fces \u00e9s descobrir una fauna i una flora totalment intactes (la pesca est\u00e0 totalment prohibida). Hi ha diverses possibilitats d&#8217;immersi\u00f3 per a qualsevol nivell. La majoria dels centres de submarinisme de la zona us hi acompanyaran i us ofereixen tota mena de serveis.<\/p>\n<p>Al sud, la Reserva Marina de les Illes Medes tamb\u00e9 deixa satisfets submarinistes de tots els nivells i t\u00e9 la fama internacional de ser uns dels millors llocs per bussejar a la Costa Brava. S\u00f3n 7 illots amb magnifiques grutes sota l&#8217;aigua i una \u00e0rea total protegida de 23 hect\u00e0rees.<\/p>\n<p>M\u00e9s informaci\u00f3 sobre submarinisme aqu\u00ed (link).<\/p>\n","protected":false},"excerpt":{"rendered":"<p>A pocs quil\u00f2metres del c\u00e0mping hi ha dues reserves marines on podeu realitzar fant\u00e0stiques immersions. Al nord, la zona mar\u00edtima protegida del cap de Creus, que compta amb dues reserves [&hellip;]<\/p>\n","protected":false},"author":2,"featured_media":21500,"parent":23765,"menu_order":3,"comment_status":"closed","ping_status":"closed","template":"","meta":{"_acf_changed":false,"footnotes":""},"class_list":["post-23590","page","type-page","status-publish","has-post-thumbnail","hentry"],"acf":[],"yoast_head":"<!-- This site is optimized with the Yoast SEO plugin v26.1.1 - https:\/\/yoast.com\/wordpress\/plugins\/seo\/ -->\n<title>Submarinisme - Camping Laguna<\/title>\n<meta name=\"description\" content=\"A pocs quil\u00f2metres del c\u00e0mping hi ha dues reserves marines on podeu realitzar fant\u00e0stiques immersions. Al nord, la zona mar\u00edtima protegida del cap de\" \/>\n<meta name=\"robots\" content=\"index, follow, max-snippet:-1, max-image-preview:large, max-video-preview:-1\" \/>\n<link rel=\"canonical\" href=\"https:\/\/www.campinglaguna.com\/que-hacer\/actividades\/ocio\/submarinismo\/\" \/>\n<meta property=\"og:locale\" content=\"ca_ES\" \/>\n<meta property=\"og:type\" content=\"article\" \/>\n<meta property=\"og:title\" content=\"Submarinisme - Camping Laguna\" \/>\n<meta property=\"og:description\" content=\"A pocs quil\u00f2metres del c\u00e0mping hi ha dues reserves marines on podeu realitzar fant\u00e0stiques immersions. Al nord, la zona mar\u00edtima protegida del cap de\" \/>\n<meta property=\"og:url\" content=\"https:\/\/www.campinglaguna.com\/que-hacer\/actividades\/ocio\/submarinismo\/\" \/>\n<meta property=\"og:site_name\" content=\"Camping Laguna\" \/>\n<meta property=\"article:modified_time\" content=\"2017-03-31T09:44:45+00:00\" \/>\n<meta property=\"og:image\" content=\"https:\/\/www.campinglaguna.com\/wp-content\/uploads\/principal27.jpg\" \/>\n\t<meta property=\"og:image:width\" content=\"1440\" \/>\n\t<meta property=\"og:image:height\" content=\"500\" \/>\n\t<meta property=\"og:image:type\" content=\"image\/jpeg\" \/>\n<meta name=\"twitter:card\" content=\"summary_large_image\" \/>\n<meta name=\"twitter:label1\" content=\"Temps estimat de lectura\" \/>\n\t<meta name=\"twitter:data1\" content=\"1 minut\" \/>\n<script type=\"application\/ld+json\" class=\"yoast-schema-graph\">{\"@context\":\"https:\/\/schema.org\",\"@graph\":[{\"@type\":\"WebPage\",\"@id\":\"https:\/\/www.campinglaguna.com\/que-hacer\/actividades\/ocio\/submarinismo\/\",\"url\":\"https:\/\/www.campinglaguna.com\/que-hacer\/actividades\/ocio\/submarinismo\/\",\"name\":\"Submarinisme - Camping Laguna\",\"isPartOf\":{\"@id\":\"https:\/\/www.campinglaguna.com\/#website\"},\"primaryImageOfPage\":{\"@id\":\"https:\/\/www.campinglaguna.com\/que-hacer\/actividades\/ocio\/submarinismo\/#primaryimage\"},\"image\":{\"@id\":\"https:\/\/www.campinglaguna.com\/que-hacer\/actividades\/ocio\/submarinismo\/#primaryimage\"},\"thumbnailUrl\":\"https:\/\/www.campinglaguna.com\/wp-content\/uploads\/principal27.jpg\",\"datePublished\":\"2017-03-06T17:16:43+00:00\",\"dateModified\":\"2017-03-31T09:44:45+00:00\",\"description\":\"A pocs quil\u00f2metres del c\u00e0mping hi ha dues reserves marines on podeu realitzar fant\u00e0stiques immersions. Al nord, la zona mar\u00edtima protegida del cap de\",\"breadcrumb\":{\"@id\":\"https:\/\/www.campinglaguna.com\/que-hacer\/actividades\/ocio\/submarinismo\/#breadcrumb\"},\"inLanguage\":\"ca\",\"potentialAction\":[{\"@type\":\"ReadAction\",\"target\":[\"https:\/\/www.campinglaguna.com\/que-hacer\/actividades\/ocio\/submarinismo\/\"]}]},{\"@type\":\"ImageObject\",\"inLanguage\":\"ca\",\"@id\":\"https:\/\/www.campinglaguna.com\/que-hacer\/actividades\/ocio\/submarinismo\/#primaryimage\",\"url\":\"https:\/\/www.campinglaguna.com\/wp-content\/uploads\/principal27.jpg\",\"contentUrl\":\"https:\/\/www.campinglaguna.com\/wp-content\/uploads\/principal27.jpg\",\"width\":1440,\"height\":500},{\"@type\":\"BreadcrumbList\",\"@id\":\"https:\/\/www.campinglaguna.com\/que-hacer\/actividades\/ocio\/submarinismo\/#breadcrumb\",\"itemListElement\":[{\"@type\":\"ListItem\",\"position\":1,\"name\":\"Camping Laguna\",\"item\":\"https:\/\/www.campinglaguna.com\/ca\/\"},{\"@type\":\"ListItem\",\"position\":2,\"name\":\"Que fer?\",\"item\":\"https:\/\/www.campinglaguna.com\/que-hacer\/\"},{\"@type\":\"ListItem\",\"position\":3,\"name\":\"Activitats\",\"item\":\"https:\/\/www.campinglaguna.com\/que-hacer\/actividades\/\"},{\"@type\":\"ListItem\",\"position\":4,\"name\":\"Lleure\",\"item\":\"https:\/\/www.campinglaguna.com\/que-hacer\/actividades\/ocio\/\"},{\"@type\":\"ListItem\",\"position\":5,\"name\":\"Submarinisme\"}]},{\"@type\":\"WebSite\",\"@id\":\"https:\/\/www.campinglaguna.com\/#website\",\"url\":\"https:\/\/www.campinglaguna.com\/\",\"name\":\"Camping Laguna\",\"description\":\"Otro sitio realizado con WordPress\",\"publisher\":{\"@id\":\"https:\/\/www.campinglaguna.com\/#organization\"},\"potentialAction\":[{\"@type\":\"SearchAction\",\"target\":{\"@type\":\"EntryPoint\",\"urlTemplate\":\"https:\/\/www.campinglaguna.com\/?s={search_term_string}\"},\"query-input\":{\"@type\":\"PropertyValueSpecification\",\"valueRequired\":true,\"valueName\":\"search_term_string\"}}],\"inLanguage\":\"ca\"},{\"@type\":\"Organization\",\"@id\":\"https:\/\/www.campinglaguna.com\/#organization\",\"name\":\"Camping Laguna\",\"url\":\"https:\/\/www.campinglaguna.com\/\",\"logo\":{\"@type\":\"ImageObject\",\"inLanguage\":\"ca\",\"@id\":\"https:\/\/www.campinglaguna.com\/#\/schema\/logo\/image\/\",\"url\":\"https:\/\/www.campinglaguna.com\/wp-content\/uploads\/logo-laguna.png\",\"contentUrl\":\"https:\/\/www.campinglaguna.com\/wp-content\/uploads\/logo-laguna.png\",\"width\":263,\"height\":64,\"caption\":\"Camping Laguna\"},\"image\":{\"@id\":\"https:\/\/www.campinglaguna.com\/#\/schema\/logo\/image\/\"}}]}<\/script>\n<!-- \/ Yoast SEO plugin. -->","yoast_head_json":{"title":"Submarinisme - Camping Laguna","description":"A pocs quil\u00f2metres del c\u00e0mping hi ha dues reserves marines on podeu realitzar fant\u00e0stiques immersions. Al nord, la zona mar\u00edtima protegida del cap de","robots":{"index":"index","follow":"follow","max-snippet":"max-snippet:-1","max-image-preview":"max-image-preview:large","max-video-preview":"max-video-preview:-1"},"canonical":"https:\/\/www.campinglaguna.com\/que-hacer\/actividades\/ocio\/submarinismo\/","og_locale":"ca_ES","og_type":"article","og_title":"Submarinisme - Camping Laguna","og_description":"A pocs quil\u00f2metres del c\u00e0mping hi ha dues reserves marines on podeu realitzar fant\u00e0stiques immersions. Al nord, la zona mar\u00edtima protegida del cap de","og_url":"https:\/\/www.campinglaguna.com\/que-hacer\/actividades\/ocio\/submarinismo\/","og_site_name":"Camping Laguna","article_modified_time":"2017-03-31T09:44:45+00:00","og_image":[{"width":1440,"height":500,"url":"https:\/\/www.campinglaguna.com\/wp-content\/uploads\/principal27.jpg","type":"image\/jpeg"}],"twitter_card":"summary_large_image","twitter_misc":{"Temps estimat de lectura":"1 minut"},"schema":{"@context":"https:\/\/schema.org","@graph":[{"@type":"WebPage","@id":"https:\/\/www.campinglaguna.com\/que-hacer\/actividades\/ocio\/submarinismo\/","url":"https:\/\/www.campinglaguna.com\/que-hacer\/actividades\/ocio\/submarinismo\/","name":"Submarinisme - Camping Laguna","isPartOf":{"@id":"https:\/\/www.campinglaguna.com\/#website"},"primaryImageOfPage":{"@id":"https:\/\/www.campinglaguna.com\/que-hacer\/actividades\/ocio\/submarinismo\/#primaryimage"},"image":{"@id":"https:\/\/www.campinglaguna.com\/que-hacer\/actividades\/ocio\/submarinismo\/#primaryimage"},"thumbnailUrl":"https:\/\/www.campinglaguna.com\/wp-content\/uploads\/principal27.jpg","datePublished":"2017-03-06T17:16:43+00:00","dateModified":"2017-03-31T09:44:45+00:00","description":"A pocs quil\u00f2metres del c\u00e0mping hi ha dues reserves marines on podeu realitzar fant\u00e0stiques immersions. Al nord, la zona mar\u00edtima protegida del cap de","breadcrumb":{"@id":"https:\/\/www.campinglaguna.com\/que-hacer\/actividades\/ocio\/submarinismo\/#breadcrumb"},"inLanguage":"ca","potentialAction":[{"@type":"ReadAction","target":["https:\/\/www.campinglaguna.com\/que-hacer\/actividades\/ocio\/submarinismo\/"]}]},{"@type":"ImageObject","inLanguage":"ca","@id":"https:\/\/www.campinglaguna.com\/que-hacer\/actividades\/ocio\/submarinismo\/#primaryimage","url":"https:\/\/www.campinglaguna.com\/wp-content\/uploads\/principal27.jpg","contentUrl":"https:\/\/www.campinglaguna.com\/wp-content\/uploads\/principal27.jpg","width":1440,"height":500},{"@type":"BreadcrumbList","@id":"https:\/\/www.campinglaguna.com\/que-hacer\/actividades\/ocio\/submarinismo\/#breadcrumb","itemListElement":[{"@type":"ListItem","position":1,"name":"Camping Laguna","item":"https:\/\/www.campinglaguna.com\/ca\/"},{"@type":"ListItem","position":2,"name":"Que fer?","item":"https:\/\/www.campinglaguna.com\/que-hacer\/"},{"@type":"ListItem","position":3,"name":"Activitats","item":"https:\/\/www.campinglaguna.com\/que-hacer\/actividades\/"},{"@type":"ListItem","position":4,"name":"Lleure","item":"https:\/\/www.campinglaguna.com\/que-hacer\/actividades\/ocio\/"},{"@type":"ListItem","position":5,"name":"Submarinisme"}]},{"@type":"WebSite","@id":"https:\/\/www.campinglaguna.com\/#website","url":"https:\/\/www.campinglaguna.com\/","name":"Camping Laguna","description":"Otro sitio realizado con WordPress","publisher":{"@id":"https:\/\/www.campinglaguna.com\/#organization"},"potentialAction":[{"@type":"SearchAction","target":{"@type":"EntryPoint","urlTemplate":"https:\/\/www.campinglaguna.com\/?s={search_term_string}"},"query-input":{"@type":"PropertyValueSpecification","valueRequired":true,"valueName":"search_term_string"}}],"inLanguage":"ca"},{"@type":"Organization","@id":"https:\/\/www.campinglaguna.com\/#organization","name":"Camping Laguna","url":"https:\/\/www.campinglaguna.com\/","logo":{"@type":"ImageObject","inLanguage":"ca","@id":"https:\/\/www.campinglaguna.com\/#\/schema\/logo\/image\/","url":"https:\/\/www.campinglaguna.com\/wp-content\/uploads\/logo-laguna.png","contentUrl":"https:\/\/www.campinglaguna.com\/wp-content\/uploads\/logo-laguna.png","width":263,"height":64,"caption":"Camping Laguna"},"image":{"@id":"https:\/\/www.campinglaguna.com\/#\/schema\/logo\/image\/"}}]}},"_links":{"self":[{"href":"https:\/\/www.campinglaguna.com\/ca\/wp-json\/wp\/v2\/pages\/23590","targetHints":{"allow":["GET"]}}],"collection":[{"href":"https:\/\/www.campinglaguna.com\/ca\/wp-json\/wp\/v2\/pages"}],"about":[{"href":"https:\/\/www.campinglaguna.com\/ca\/wp-json\/wp\/v2\/types\/page"}],"author":[{"embeddable":true,"href":"https:\/\/www.campinglaguna.com\/ca\/wp-json\/wp\/v2\/users\/2"}],"replies":[{"embeddable":true,"href":"https:\/\/www.campinglaguna.com\/ca\/wp-json\/wp\/v2\/comments?post=23590"}],"version-history":[{"count":1,"href":"https:\/\/www.campinglaguna.com\/ca\/wp-json\/wp\/v2\/pages\/23590\/revisions"}],"predecessor-version":[{"id":24043,"href":"https:\/\/www.campinglaguna.com\/ca\/wp-json\/wp\/v2\/pages\/23590\/revisions\/24043"}],"up":[{"embeddable":true,"href":"https:\/\/www.campinglaguna.com\/ca\/wp-json\/wp\/v2\/pages\/23765"}],"wp:featuredmedia":[{"embeddable":true,"href":"https:\/\/www.campinglaguna.com\/ca\/wp-json\/wp\/v2\/media\/21500"}],"wp:attachment":[{"href":"https:\/\/www.campinglaguna.com\/ca\/wp-json\/wp\/v2\/media?parent=23590"}],"curies":[{"name":"wp","href":"https:\/\/api.w.org\/{rel}","templated":true}]}}