{"id":23609,"date":"2017-03-07T19:58:08","date_gmt":"2017-03-07T18:58:08","guid":{"rendered":"https:\/\/www.campinglaguna.com\/home\/"},"modified":"2021-02-26T08:41:04","modified_gmt":"2021-02-26T07:41:04","slug":"camping-laguna-costa-brava","status":"publish","type":"page","link":"https:\/\/www.campinglaguna.com\/ca\/","title":{"rendered":"Home"},"content":{"rendered":"<header class=\"entry-header\">\n<h2>Benvinguts al vostre m\u00f3n<\/h2>\n<p>Camping Laguna &#8211; Costa Brava (Espanya)<\/p>\n<\/header>\n<div class=\"columna-wrapper\">\n<div class=\"columna col1-2\"><em>Us convidem a passar les properes vacances en un c\u00e0mping amb ambient familiar i unes instal\u00b7lacions ben cuidades. Estem situats a Girona a la meravellosa Platja d&#8217;Empuriabrava i tenim un entorn ecol\u00f2gic privilegiat: el Parc Natural &#8220;Aiguamolls de l&#8217;Empord\u00e0&#8221;. C\u00e0mping Laguna se situa, en definitiva, en un aut\u00e8ntic parad\u00eds a la Costa Brava.<\/em><\/div>\n<div class=\"columna col1-2\" style=\"padding-left: 40px;\"><em>El nostre sistema de gesti\u00f3 mediambiental i el reconeixement que hem obtingut per part de les principals guies de c\u00e0mping europees s\u00f3n garantia del nostre inter\u00e8s per aconseguir que les vostres vacances siguin inoblidables. Esperem poder-li donar la benvinguda al nostre c\u00e0mping molt aviat.<\/em><\/div>\n<\/div>\n","protected":false},"excerpt":{"rendered":"<p>Benvinguts al vostre m\u00f3n Camping Laguna &#8211; Costa Brava (Espanya) Us convidem a passar les properes vacances en un c\u00e0mping amb ambient familiar i unes instal\u00b7lacions ben cuidades. Estem situats [&hellip;]<\/p>\n","protected":false},"author":1,"featured_media":0,"parent":0,"menu_order":13,"comment_status":"open","ping_status":"closed","template":"","meta":{"_acf_changed":false,"footnotes":""},"class_list":["post-23609","page","type-page","status-publish","hentry"],"acf":[],"yoast_head":"<!-- This site is optimized with the Yoast SEO plugin v26.1.1 - https:\/\/yoast.com\/wordpress\/plugins\/seo\/ -->\n<title>Camping Laguna Costa Brava - Castell\u00f3 d&#039;Emp\u00faries (Espanya)<\/title>\n<meta name=\"description\" content=\"Camping Laguna. Obert des d&#039;abril fins a octubre. Amb bungalows i parcel\u00b7les al costat de les platges de la Costa Brava (Espanya).\" \/>\n<meta name=\"robots\" content=\"index, follow, max-snippet:-1, max-image-preview:large, max-video-preview:-1\" \/>\n<link rel=\"canonical\" href=\"https:\/\/www.campinglaguna.com\/ca\/\" \/>\n<meta property=\"og:locale\" content=\"ca_ES\" \/>\n<meta property=\"og:type\" content=\"article\" \/>\n<meta property=\"og:title\" content=\"Camping Laguna Costa Brava - Castell\u00f3 d&#039;Emp\u00faries (Espanya)\" \/>\n<meta property=\"og:description\" content=\"Camping Laguna. Obert des d&#039;abril fins a octubre. Amb bungalows i parcel\u00b7les al costat de les platges de la Costa Brava (Espanya).\" \/>\n<meta property=\"og:url\" content=\"https:\/\/www.campinglaguna.com\/ca\/\" \/>\n<meta property=\"og:site_name\" content=\"Camping Laguna\" \/>\n<meta property=\"article:modified_time\" content=\"2021-02-26T07:41:04+00:00\" \/>\n<meta name=\"twitter:card\" content=\"summary_large_image\" \/>\n<meta name=\"twitter:label1\" content=\"Temps estimat de lectura\" \/>\n\t<meta name=\"twitter:data1\" content=\"1 minut\" \/>\n<script type=\"application\/ld+json\" class=\"yoast-schema-graph\">{\"@context\":\"https:\/\/schema.org\",\"@graph\":[{\"@type\":\"WebPage\",\"@id\":\"https:\/\/www.campinglaguna.com\/ca\/\",\"url\":\"https:\/\/www.campinglaguna.com\/ca\/\",\"name\":\"Camping Laguna Costa Brava - Castell\u00f3 d'Emp\u00faries (Espanya)\",\"isPartOf\":{\"@id\":\"https:\/\/www.campinglaguna.com\/#website\"},\"datePublished\":\"2017-03-07T18:58:08+00:00\",\"dateModified\":\"2021-02-26T07:41:04+00:00\",\"description\":\"Camping Laguna. Obert des d'abril fins a octubre. Amb bungalows i parcel\u00b7les al costat de les platges de la Costa Brava (Espanya).\",\"breadcrumb\":{\"@id\":\"https:\/\/www.campinglaguna.com\/ca\/#breadcrumb\"},\"inLanguage\":\"ca\",\"potentialAction\":[{\"@type\":\"ReadAction\",\"target\":[\"https:\/\/www.campinglaguna.com\/ca\/\"]}]},{\"@type\":\"BreadcrumbList\",\"@id\":\"https:\/\/www.campinglaguna.com\/ca\/#breadcrumb\",\"itemListElement\":[{\"@type\":\"ListItem\",\"position\":1,\"name\":\"Camping Laguna\",\"item\":\"https:\/\/www.campinglaguna.com\/ca\/\"},{\"@type\":\"ListItem\",\"position\":2,\"name\":\"Home\"}]},{\"@type\":\"WebSite\",\"@id\":\"https:\/\/www.campinglaguna.com\/#website\",\"url\":\"https:\/\/www.campinglaguna.com\/\",\"name\":\"Camping Laguna\",\"description\":\"Otro sitio realizado con WordPress\",\"publisher\":{\"@id\":\"https:\/\/www.campinglaguna.com\/#organization\"},\"potentialAction\":[{\"@type\":\"SearchAction\",\"target\":{\"@type\":\"EntryPoint\",\"urlTemplate\":\"https:\/\/www.campinglaguna.com\/?s={search_term_string}\"},\"query-input\":{\"@type\":\"PropertyValueSpecification\",\"valueRequired\":true,\"valueName\":\"search_term_string\"}}],\"inLanguage\":\"ca\"},{\"@type\":\"Organization\",\"@id\":\"https:\/\/www.campinglaguna.com\/#organization\",\"name\":\"Camping Laguna\",\"url\":\"https:\/\/www.campinglaguna.com\/\",\"logo\":{\"@type\":\"ImageObject\",\"inLanguage\":\"ca\",\"@id\":\"https:\/\/www.campinglaguna.com\/#\/schema\/logo\/image\/\",\"url\":\"https:\/\/www.campinglaguna.com\/wp-content\/uploads\/logo-laguna.png\",\"contentUrl\":\"https:\/\/www.campinglaguna.com\/wp-content\/uploads\/logo-laguna.png\",\"width\":263,\"height\":64,\"caption\":\"Camping Laguna\"},\"image\":{\"@id\":\"https:\/\/www.campinglaguna.com\/#\/schema\/logo\/image\/\"}}]}<\/script>\n<!-- \/ Yoast SEO plugin. -->","yoast_head_json":{"title":"Camping Laguna Costa Brava - Castell\u00f3 d'Emp\u00faries (Espanya)","description":"Camping Laguna. Obert des d'abril fins a octubre. Amb bungalows i parcel\u00b7les al costat de les platges de la Costa Brava (Espanya).","robots":{"index":"index","follow":"follow","max-snippet":"max-snippet:-1","max-image-preview":"max-image-preview:large","max-video-preview":"max-video-preview:-1"},"canonical":"https:\/\/www.campinglaguna.com\/ca\/","og_locale":"ca_ES","og_type":"article","og_title":"Camping Laguna Costa Brava - Castell\u00f3 d'Emp\u00faries (Espanya)","og_description":"Camping Laguna. Obert des d'abril fins a octubre. Amb bungalows i parcel\u00b7les al costat de les platges de la Costa Brava (Espanya).","og_url":"https:\/\/www.campinglaguna.com\/ca\/","og_site_name":"Camping Laguna","article_modified_time":"2021-02-26T07:41:04+00:00","twitter_card":"summary_large_image","twitter_misc":{"Temps estimat de lectura":"1 minut"},"schema":{"@context":"https:\/\/schema.org","@graph":[{"@type":"WebPage","@id":"https:\/\/www.campinglaguna.com\/ca\/","url":"https:\/\/www.campinglaguna.com\/ca\/","name":"Camping Laguna Costa Brava - Castell\u00f3 d'Emp\u00faries (Espanya)","isPartOf":{"@id":"https:\/\/www.campinglaguna.com\/#website"},"datePublished":"2017-03-07T18:58:08+00:00","dateModified":"2021-02-26T07:41:04+00:00","description":"Camping Laguna. Obert des d'abril fins a octubre. Amb bungalows i parcel\u00b7les al costat de les platges de la Costa Brava (Espanya).","breadcrumb":{"@id":"https:\/\/www.campinglaguna.com\/ca\/#breadcrumb"},"inLanguage":"ca","potentialAction":[{"@type":"ReadAction","target":["https:\/\/www.campinglaguna.com\/ca\/"]}]},{"@type":"BreadcrumbList","@id":"https:\/\/www.campinglaguna.com\/ca\/#breadcrumb","itemListElement":[{"@type":"ListItem","position":1,"name":"Camping Laguna","item":"https:\/\/www.campinglaguna.com\/ca\/"},{"@type":"ListItem","position":2,"name":"Home"}]},{"@type":"WebSite","@id":"https:\/\/www.campinglaguna.com\/#website","url":"https:\/\/www.campinglaguna.com\/","name":"Camping Laguna","description":"Otro sitio realizado con WordPress","publisher":{"@id":"https:\/\/www.campinglaguna.com\/#organization"},"potentialAction":[{"@type":"SearchAction","target":{"@type":"EntryPoint","urlTemplate":"https:\/\/www.campinglaguna.com\/?s={search_term_string}"},"query-input":{"@type":"PropertyValueSpecification","valueRequired":true,"valueName":"search_term_string"}}],"inLanguage":"ca"},{"@type":"Organization","@id":"https:\/\/www.campinglaguna.com\/#organization","name":"Camping Laguna","url":"https:\/\/www.campinglaguna.com\/","logo":{"@type":"ImageObject","inLanguage":"ca","@id":"https:\/\/www.campinglaguna.com\/#\/schema\/logo\/image\/","url":"https:\/\/www.campinglaguna.com\/wp-content\/uploads\/logo-laguna.png","contentUrl":"https:\/\/www.campinglaguna.com\/wp-content\/uploads\/logo-laguna.png","width":263,"height":64,"caption":"Camping Laguna"},"image":{"@id":"https:\/\/www.campinglaguna.com\/#\/schema\/logo\/image\/"}}]}},"_links":{"self":[{"href":"https:\/\/www.campinglaguna.com\/ca\/wp-json\/wp\/v2\/pages\/23609","targetHints":{"allow":["GET"]}}],"collection":[{"href":"https:\/\/www.campinglaguna.com\/ca\/wp-json\/wp\/v2\/pages"}],"about":[{"href":"https:\/\/www.campinglaguna.com\/ca\/wp-json\/wp\/v2\/types\/page"}],"author":[{"embeddable":true,"href":"https:\/\/www.campinglaguna.com\/ca\/wp-json\/wp\/v2\/users\/1"}],"replies":[{"embeddable":true,"href":"https:\/\/www.campinglaguna.com\/ca\/wp-json\/wp\/v2\/comments?post=23609"}],"version-history":[{"count":9,"href":"https:\/\/www.campinglaguna.com\/ca\/wp-json\/wp\/v2\/pages\/23609\/revisions"}],"predecessor-version":[{"id":34429,"href":"https:\/\/www.campinglaguna.com\/ca\/wp-json\/wp\/v2\/pages\/23609\/revisions\/34429"}],"wp:attachment":[{"href":"https:\/\/www.campinglaguna.com\/ca\/wp-json\/wp\/v2\/media?parent=23609"}],"curies":[{"name":"wp","href":"https:\/\/api.w.org\/{rel}","templated":true}]}}