{"id":23612,"date":"2017-03-07T20:06:07","date_gmt":"2017-03-07T19:06:07","guid":{"rendered":"https:\/\/www.campinglaguna.com\/bar-de-la-piscina\/"},"modified":"2017-04-07T15:33:59","modified_gmt":"2017-04-07T13:33:59","slug":"bar-de-la-piscina","status":"publish","type":"page","link":"https:\/\/www.campinglaguna.com\/ca\/que-fer\/gastronomia\/bar-de-la-piscina\/","title":{"rendered":"Piscina Bar"},"content":{"rendered":"<p>Us convidem a gaudir del nostre bar de la piscina, on un ambient relaxat i una mica de m\u00fasica seran els aliats perfectes durant els dies d&#8217;estiu. L&#8217;espai m\u00e9s adequat per fer una pausa mentre la resta de la fam\u00edlia continua divertint-se a la piscina.<\/p>\n<p>Tes, caf\u00e8s, refrescos i combinats, junt amb una \u00e0mplia oferta d&#8217;entrepans i aperitius que us aportaran l&#8217;energia necess\u00e0ria per continuar gaudint del dia.<\/p>\n","protected":false},"excerpt":{"rendered":"<p>Us convidem a gaudir del nostre bar de la piscina, on un ambient relaxat i una mica de m\u00fasica seran els aliats perfectes durant els dies d&#8217;estiu. L&#8217;espai m\u00e9s adequat [&hellip;]<\/p>\n","protected":false},"author":2,"featured_media":21058,"parent":23817,"menu_order":5,"comment_status":"closed","ping_status":"closed","template":"","meta":{"_acf_changed":false,"footnotes":""},"class_list":["post-23612","page","type-page","status-publish","has-post-thumbnail","hentry"],"acf":[],"yoast_head":"<!-- This site is optimized with the Yoast SEO plugin v26.1.1 - https:\/\/yoast.com\/wordpress\/plugins\/seo\/ -->\n<title>Piscina Bar - Camping Laguna<\/title>\n<meta name=\"description\" content=\"Us convidem a gaudir del nostre bar de la piscina, on un ambient relaxat i una mica de m\u00fasica seran els aliats perfectes durant els dies d&#039;estiu. L&#039;espai\" \/>\n<meta name=\"robots\" content=\"index, follow, max-snippet:-1, max-image-preview:large, max-video-preview:-1\" \/>\n<link rel=\"canonical\" href=\"https:\/\/www.campinglaguna.com\/que-hacer\/gastronomia\/bar-piscina\/\" \/>\n<meta property=\"og:locale\" content=\"ca_ES\" \/>\n<meta property=\"og:type\" content=\"article\" \/>\n<meta property=\"og:title\" content=\"Piscina Bar - Camping Laguna\" \/>\n<meta property=\"og:description\" content=\"Us convidem a gaudir del nostre bar de la piscina, on un ambient relaxat i una mica de m\u00fasica seran els aliats perfectes durant els dies d&#039;estiu. L&#039;espai\" \/>\n<meta property=\"og:url\" content=\"https:\/\/www.campinglaguna.com\/que-hacer\/gastronomia\/bar-piscina\/\" \/>\n<meta property=\"og:site_name\" content=\"Camping Laguna\" \/>\n<meta property=\"article:modified_time\" content=\"2017-04-07T13:33:59+00:00\" \/>\n<meta property=\"og:image\" content=\"https:\/\/www.campinglaguna.com\/wp-content\/uploads\/Principal212.jpg\" \/>\n\t<meta property=\"og:image:width\" content=\"1440\" \/>\n\t<meta property=\"og:image:height\" content=\"500\" \/>\n\t<meta property=\"og:image:type\" content=\"image\/jpeg\" \/>\n<meta name=\"twitter:card\" content=\"summary_large_image\" \/>\n<script type=\"application\/ld+json\" class=\"yoast-schema-graph\">{\"@context\":\"https:\/\/schema.org\",\"@graph\":[{\"@type\":\"WebPage\",\"@id\":\"https:\/\/www.campinglaguna.com\/que-hacer\/gastronomia\/bar-piscina\/\",\"url\":\"https:\/\/www.campinglaguna.com\/que-hacer\/gastronomia\/bar-piscina\/\",\"name\":\"Piscina Bar - Camping Laguna\",\"isPartOf\":{\"@id\":\"https:\/\/www.campinglaguna.com\/#website\"},\"primaryImageOfPage\":{\"@id\":\"https:\/\/www.campinglaguna.com\/que-hacer\/gastronomia\/bar-piscina\/#primaryimage\"},\"image\":{\"@id\":\"https:\/\/www.campinglaguna.com\/que-hacer\/gastronomia\/bar-piscina\/#primaryimage\"},\"thumbnailUrl\":\"https:\/\/www.campinglaguna.com\/wp-content\/uploads\/Principal212.jpg\",\"datePublished\":\"2017-03-07T19:06:07+00:00\",\"dateModified\":\"2017-04-07T13:33:59+00:00\",\"description\":\"Us convidem a gaudir del nostre bar de la piscina, on un ambient relaxat i una mica de m\u00fasica seran els aliats perfectes durant els dies d'estiu. L'espai\",\"breadcrumb\":{\"@id\":\"https:\/\/www.campinglaguna.com\/que-hacer\/gastronomia\/bar-piscina\/#breadcrumb\"},\"inLanguage\":\"ca\",\"potentialAction\":[{\"@type\":\"ReadAction\",\"target\":[\"https:\/\/www.campinglaguna.com\/que-hacer\/gastronomia\/bar-piscina\/\"]}]},{\"@type\":\"ImageObject\",\"inLanguage\":\"ca\",\"@id\":\"https:\/\/www.campinglaguna.com\/que-hacer\/gastronomia\/bar-piscina\/#primaryimage\",\"url\":\"https:\/\/www.campinglaguna.com\/wp-content\/uploads\/Principal212.jpg\",\"contentUrl\":\"https:\/\/www.campinglaguna.com\/wp-content\/uploads\/Principal212.jpg\",\"width\":1440,\"height\":500},{\"@type\":\"BreadcrumbList\",\"@id\":\"https:\/\/www.campinglaguna.com\/que-hacer\/gastronomia\/bar-piscina\/#breadcrumb\",\"itemListElement\":[{\"@type\":\"ListItem\",\"position\":1,\"name\":\"Camping Laguna\",\"item\":\"https:\/\/www.campinglaguna.com\/ca\/\"},{\"@type\":\"ListItem\",\"position\":2,\"name\":\"Que fer?\",\"item\":\"https:\/\/www.campinglaguna.com\/que-hacer\/\"},{\"@type\":\"ListItem\",\"position\":3,\"name\":\"Gastronomia\",\"item\":\"https:\/\/www.campinglaguna.com\/que-hacer\/gastronomia\/\"},{\"@type\":\"ListItem\",\"position\":4,\"name\":\"Piscina Bar\"}]},{\"@type\":\"WebSite\",\"@id\":\"https:\/\/www.campinglaguna.com\/#website\",\"url\":\"https:\/\/www.campinglaguna.com\/\",\"name\":\"Camping Laguna\",\"description\":\"Otro sitio realizado con WordPress\",\"publisher\":{\"@id\":\"https:\/\/www.campinglaguna.com\/#organization\"},\"potentialAction\":[{\"@type\":\"SearchAction\",\"target\":{\"@type\":\"EntryPoint\",\"urlTemplate\":\"https:\/\/www.campinglaguna.com\/?s={search_term_string}\"},\"query-input\":{\"@type\":\"PropertyValueSpecification\",\"valueRequired\":true,\"valueName\":\"search_term_string\"}}],\"inLanguage\":\"ca\"},{\"@type\":\"Organization\",\"@id\":\"https:\/\/www.campinglaguna.com\/#organization\",\"name\":\"Camping Laguna\",\"url\":\"https:\/\/www.campinglaguna.com\/\",\"logo\":{\"@type\":\"ImageObject\",\"inLanguage\":\"ca\",\"@id\":\"https:\/\/www.campinglaguna.com\/#\/schema\/logo\/image\/\",\"url\":\"https:\/\/www.campinglaguna.com\/wp-content\/uploads\/logo-laguna.png\",\"contentUrl\":\"https:\/\/www.campinglaguna.com\/wp-content\/uploads\/logo-laguna.png\",\"width\":263,\"height\":64,\"caption\":\"Camping Laguna\"},\"image\":{\"@id\":\"https:\/\/www.campinglaguna.com\/#\/schema\/logo\/image\/\"}}]}<\/script>\n<!-- \/ Yoast SEO plugin. -->","yoast_head_json":{"title":"Piscina Bar - Camping Laguna","description":"Us convidem a gaudir del nostre bar de la piscina, on un ambient relaxat i una mica de m\u00fasica seran els aliats perfectes durant els dies d'estiu. L'espai","robots":{"index":"index","follow":"follow","max-snippet":"max-snippet:-1","max-image-preview":"max-image-preview:large","max-video-preview":"max-video-preview:-1"},"canonical":"https:\/\/www.campinglaguna.com\/que-hacer\/gastronomia\/bar-piscina\/","og_locale":"ca_ES","og_type":"article","og_title":"Piscina Bar - Camping Laguna","og_description":"Us convidem a gaudir del nostre bar de la piscina, on un ambient relaxat i una mica de m\u00fasica seran els aliats perfectes durant els dies d'estiu. L'espai","og_url":"https:\/\/www.campinglaguna.com\/que-hacer\/gastronomia\/bar-piscina\/","og_site_name":"Camping Laguna","article_modified_time":"2017-04-07T13:33:59+00:00","og_image":[{"width":1440,"height":500,"url":"https:\/\/www.campinglaguna.com\/wp-content\/uploads\/Principal212.jpg","type":"image\/jpeg"}],"twitter_card":"summary_large_image","schema":{"@context":"https:\/\/schema.org","@graph":[{"@type":"WebPage","@id":"https:\/\/www.campinglaguna.com\/que-hacer\/gastronomia\/bar-piscina\/","url":"https:\/\/www.campinglaguna.com\/que-hacer\/gastronomia\/bar-piscina\/","name":"Piscina Bar - Camping Laguna","isPartOf":{"@id":"https:\/\/www.campinglaguna.com\/#website"},"primaryImageOfPage":{"@id":"https:\/\/www.campinglaguna.com\/que-hacer\/gastronomia\/bar-piscina\/#primaryimage"},"image":{"@id":"https:\/\/www.campinglaguna.com\/que-hacer\/gastronomia\/bar-piscina\/#primaryimage"},"thumbnailUrl":"https:\/\/www.campinglaguna.com\/wp-content\/uploads\/Principal212.jpg","datePublished":"2017-03-07T19:06:07+00:00","dateModified":"2017-04-07T13:33:59+00:00","description":"Us convidem a gaudir del nostre bar de la piscina, on un ambient relaxat i una mica de m\u00fasica seran els aliats perfectes durant els dies d'estiu. L'espai","breadcrumb":{"@id":"https:\/\/www.campinglaguna.com\/que-hacer\/gastronomia\/bar-piscina\/#breadcrumb"},"inLanguage":"ca","potentialAction":[{"@type":"ReadAction","target":["https:\/\/www.campinglaguna.com\/que-hacer\/gastronomia\/bar-piscina\/"]}]},{"@type":"ImageObject","inLanguage":"ca","@id":"https:\/\/www.campinglaguna.com\/que-hacer\/gastronomia\/bar-piscina\/#primaryimage","url":"https:\/\/www.campinglaguna.com\/wp-content\/uploads\/Principal212.jpg","contentUrl":"https:\/\/www.campinglaguna.com\/wp-content\/uploads\/Principal212.jpg","width":1440,"height":500},{"@type":"BreadcrumbList","@id":"https:\/\/www.campinglaguna.com\/que-hacer\/gastronomia\/bar-piscina\/#breadcrumb","itemListElement":[{"@type":"ListItem","position":1,"name":"Camping Laguna","item":"https:\/\/www.campinglaguna.com\/ca\/"},{"@type":"ListItem","position":2,"name":"Que fer?","item":"https:\/\/www.campinglaguna.com\/que-hacer\/"},{"@type":"ListItem","position":3,"name":"Gastronomia","item":"https:\/\/www.campinglaguna.com\/que-hacer\/gastronomia\/"},{"@type":"ListItem","position":4,"name":"Piscina Bar"}]},{"@type":"WebSite","@id":"https:\/\/www.campinglaguna.com\/#website","url":"https:\/\/www.campinglaguna.com\/","name":"Camping Laguna","description":"Otro sitio realizado con WordPress","publisher":{"@id":"https:\/\/www.campinglaguna.com\/#organization"},"potentialAction":[{"@type":"SearchAction","target":{"@type":"EntryPoint","urlTemplate":"https:\/\/www.campinglaguna.com\/?s={search_term_string}"},"query-input":{"@type":"PropertyValueSpecification","valueRequired":true,"valueName":"search_term_string"}}],"inLanguage":"ca"},{"@type":"Organization","@id":"https:\/\/www.campinglaguna.com\/#organization","name":"Camping Laguna","url":"https:\/\/www.campinglaguna.com\/","logo":{"@type":"ImageObject","inLanguage":"ca","@id":"https:\/\/www.campinglaguna.com\/#\/schema\/logo\/image\/","url":"https:\/\/www.campinglaguna.com\/wp-content\/uploads\/logo-laguna.png","contentUrl":"https:\/\/www.campinglaguna.com\/wp-content\/uploads\/logo-laguna.png","width":263,"height":64,"caption":"Camping Laguna"},"image":{"@id":"https:\/\/www.campinglaguna.com\/#\/schema\/logo\/image\/"}}]}},"_links":{"self":[{"href":"https:\/\/www.campinglaguna.com\/ca\/wp-json\/wp\/v2\/pages\/23612","targetHints":{"allow":["GET"]}}],"collection":[{"href":"https:\/\/www.campinglaguna.com\/ca\/wp-json\/wp\/v2\/pages"}],"about":[{"href":"https:\/\/www.campinglaguna.com\/ca\/wp-json\/wp\/v2\/types\/page"}],"author":[{"embeddable":true,"href":"https:\/\/www.campinglaguna.com\/ca\/wp-json\/wp\/v2\/users\/2"}],"replies":[{"embeddable":true,"href":"https:\/\/www.campinglaguna.com\/ca\/wp-json\/wp\/v2\/comments?post=23612"}],"version-history":[{"count":2,"href":"https:\/\/www.campinglaguna.com\/ca\/wp-json\/wp\/v2\/pages\/23612\/revisions"}],"predecessor-version":[{"id":25846,"href":"https:\/\/www.campinglaguna.com\/ca\/wp-json\/wp\/v2\/pages\/23612\/revisions\/25846"}],"up":[{"embeddable":true,"href":"https:\/\/www.campinglaguna.com\/ca\/wp-json\/wp\/v2\/pages\/23817"}],"wp:featuredmedia":[{"embeddable":true,"href":"https:\/\/www.campinglaguna.com\/ca\/wp-json\/wp\/v2\/media\/21058"}],"wp:attachment":[{"href":"https:\/\/www.campinglaguna.com\/ca\/wp-json\/wp\/v2\/media?parent=23612"}],"curies":[{"name":"wp","href":"https:\/\/api.w.org\/{rel}","templated":true}]}}