{"id":23685,"date":"2017-03-09T12:10:11","date_gmt":"2017-03-09T11:10:11","guid":{"rendered":"https:\/\/www.campinglaguna.com\/bicicleta\/"},"modified":"2017-03-31T11:46:44","modified_gmt":"2017-03-31T09:46:44","slug":"bicicleta","status":"publish","type":"page","link":"https:\/\/www.campinglaguna.com\/ca\/que-fer\/activitats\/lleure\/bicicleta\/","title":{"rendered":"Bicicleta"},"content":{"rendered":"<p>C\u00e0mping Laguna est\u00e0 certificat amb el distintiu \u201c<strong> Bed &amp; Bike <\/strong>\u201d que suposa una garantia de qualitat i de servei per als cicloturistes. Oferim bicicletes de lloguer i preus especials en parcel\u00b7la per cicloturistes que fan ruta.<\/p>\n<p>Recordeu que des del c\u00e0mping es pot accedir f\u00e0cilment a tres vies verdes:<\/p>\n<p>La \u201c<strong> Ruta dels Estanys <\/strong>\u201c, especialment indicada per a p\u00fablic familiar, permet con\u00e8ixer el Parc Natural \u201cAiguamolls de l\u2019Empord\u00e0\u201d i accedir de manera segura a les localitats de Castell\u00f3 d\u2019Emp\u00faries i Empuriabrava (trobes el fullet a l\u2019apartat \u201cdesc\u00e0rregues\u201d).<\/p>\n<p>La xarxa \u201c<strong> Pirinexus <\/strong>\u201d uneix vies verdes de la prov\u00edncia de Girona i del sud de Fran\u00e7a i permet visitar poblacions properes com Peralada, Sant Pere Pescador o l\u2019Escala. Informaci\u00f3 i tracks dels recorreguts es pot trobar a <a href=\"http:\/\/www.pirinexus.cat\/\" target=\"_blank\">pirinexus.cat<\/a><\/p>\n<p>El \u201c<strong> Cam\u00ed Natural de la Muga \u201d <\/strong>\u201csegueix la ribera d\u2019aquest riu des Emp\u00fariabrava fins a Sant Lloren\u00e7 de la Muga. Informaci\u00f3 i tracks dels recorreguts pots trobar a <a href=\"http:\/\/www.magrama.gob.es\/es\/desarrollo-rural\/temas\/caminos-naturales\/caminos-naturales\/sector-noreste\/muga\/la_muga.aspx\">MAGRAMA<\/a><\/p>\n","protected":false},"excerpt":{"rendered":"<p>C\u00e0mping Laguna est\u00e0 certificat amb el distintiu \u201c Bed &amp; Bike \u201d que suposa una garantia de qualitat i de servei per als cicloturistes. Oferim bicicletes de lloguer i preus [&hellip;]<\/p>\n","protected":false},"author":2,"featured_media":20524,"parent":23765,"menu_order":0,"comment_status":"closed","ping_status":"closed","template":"","meta":{"_acf_changed":false,"footnotes":""},"class_list":["post-23685","page","type-page","status-publish","has-post-thumbnail","hentry"],"acf":[],"yoast_head":"<!-- This site is optimized with the Yoast SEO plugin v26.1.1 - https:\/\/yoast.com\/wordpress\/plugins\/seo\/ -->\n<title>Bicicleta - Camping Laguna<\/title>\n<meta name=\"description\" content=\"C\u00e0mping Laguna est\u00e0 certificat amb el distintiu \u201c Bed &amp; Bike \u201d que suposa una garantia de qualitat i de servei per als cicloturistes. Oferim\" \/>\n<meta name=\"robots\" content=\"index, follow, max-snippet:-1, max-image-preview:large, max-video-preview:-1\" \/>\n<link rel=\"canonical\" href=\"https:\/\/www.campinglaguna.com\/que-hacer\/actividades\/ocio\/bicicleta\/\" \/>\n<meta property=\"og:locale\" content=\"ca_ES\" \/>\n<meta property=\"og:type\" content=\"article\" \/>\n<meta property=\"og:title\" content=\"Bicicleta - Camping Laguna\" \/>\n<meta property=\"og:description\" content=\"C\u00e0mping Laguna est\u00e0 certificat amb el distintiu \u201c Bed &amp; Bike \u201d que suposa una garantia de qualitat i de servei per als cicloturistes. Oferim\" \/>\n<meta property=\"og:url\" content=\"https:\/\/www.campinglaguna.com\/que-hacer\/actividades\/ocio\/bicicleta\/\" \/>\n<meta property=\"og:site_name\" content=\"Camping Laguna\" \/>\n<meta property=\"article:modified_time\" content=\"2017-03-31T09:46:44+00:00\" \/>\n<meta property=\"og:image\" content=\"https:\/\/www.campinglaguna.com\/wp-content\/uploads\/bicycle.jpg\" \/>\n\t<meta property=\"og:image:width\" content=\"1440\" \/>\n\t<meta property=\"og:image:height\" content=\"500\" \/>\n\t<meta property=\"og:image:type\" content=\"image\/jpeg\" \/>\n<meta name=\"twitter:card\" content=\"summary_large_image\" \/>\n<meta name=\"twitter:label1\" content=\"Temps estimat de lectura\" \/>\n\t<meta name=\"twitter:data1\" content=\"1 minut\" \/>\n<script type=\"application\/ld+json\" class=\"yoast-schema-graph\">{\"@context\":\"https:\/\/schema.org\",\"@graph\":[{\"@type\":\"WebPage\",\"@id\":\"https:\/\/www.campinglaguna.com\/que-hacer\/actividades\/ocio\/bicicleta\/\",\"url\":\"https:\/\/www.campinglaguna.com\/que-hacer\/actividades\/ocio\/bicicleta\/\",\"name\":\"Bicicleta - Camping Laguna\",\"isPartOf\":{\"@id\":\"https:\/\/www.campinglaguna.com\/#website\"},\"primaryImageOfPage\":{\"@id\":\"https:\/\/www.campinglaguna.com\/que-hacer\/actividades\/ocio\/bicicleta\/#primaryimage\"},\"image\":{\"@id\":\"https:\/\/www.campinglaguna.com\/que-hacer\/actividades\/ocio\/bicicleta\/#primaryimage\"},\"thumbnailUrl\":\"https:\/\/www.campinglaguna.com\/wp-content\/uploads\/bicycle.jpg\",\"datePublished\":\"2017-03-09T11:10:11+00:00\",\"dateModified\":\"2017-03-31T09:46:44+00:00\",\"description\":\"C\u00e0mping Laguna est\u00e0 certificat amb el distintiu \u201c Bed &amp; Bike \u201d que suposa una garantia de qualitat i de servei per als cicloturistes. Oferim\",\"breadcrumb\":{\"@id\":\"https:\/\/www.campinglaguna.com\/que-hacer\/actividades\/ocio\/bicicleta\/#breadcrumb\"},\"inLanguage\":\"ca\",\"potentialAction\":[{\"@type\":\"ReadAction\",\"target\":[\"https:\/\/www.campinglaguna.com\/que-hacer\/actividades\/ocio\/bicicleta\/\"]}]},{\"@type\":\"ImageObject\",\"inLanguage\":\"ca\",\"@id\":\"https:\/\/www.campinglaguna.com\/que-hacer\/actividades\/ocio\/bicicleta\/#primaryimage\",\"url\":\"https:\/\/www.campinglaguna.com\/wp-content\/uploads\/bicycle.jpg\",\"contentUrl\":\"https:\/\/www.campinglaguna.com\/wp-content\/uploads\/bicycle.jpg\",\"width\":1440,\"height\":500},{\"@type\":\"BreadcrumbList\",\"@id\":\"https:\/\/www.campinglaguna.com\/que-hacer\/actividades\/ocio\/bicicleta\/#breadcrumb\",\"itemListElement\":[{\"@type\":\"ListItem\",\"position\":1,\"name\":\"Camping Laguna\",\"item\":\"https:\/\/www.campinglaguna.com\/ca\/\"},{\"@type\":\"ListItem\",\"position\":2,\"name\":\"Que fer?\",\"item\":\"https:\/\/www.campinglaguna.com\/que-hacer\/\"},{\"@type\":\"ListItem\",\"position\":3,\"name\":\"Activitats\",\"item\":\"https:\/\/www.campinglaguna.com\/que-hacer\/actividades\/\"},{\"@type\":\"ListItem\",\"position\":4,\"name\":\"Lleure\",\"item\":\"https:\/\/www.campinglaguna.com\/que-hacer\/actividades\/ocio\/\"},{\"@type\":\"ListItem\",\"position\":5,\"name\":\"Bicicleta\"}]},{\"@type\":\"WebSite\",\"@id\":\"https:\/\/www.campinglaguna.com\/#website\",\"url\":\"https:\/\/www.campinglaguna.com\/\",\"name\":\"Camping Laguna\",\"description\":\"Otro sitio realizado con WordPress\",\"publisher\":{\"@id\":\"https:\/\/www.campinglaguna.com\/#organization\"},\"potentialAction\":[{\"@type\":\"SearchAction\",\"target\":{\"@type\":\"EntryPoint\",\"urlTemplate\":\"https:\/\/www.campinglaguna.com\/?s={search_term_string}\"},\"query-input\":{\"@type\":\"PropertyValueSpecification\",\"valueRequired\":true,\"valueName\":\"search_term_string\"}}],\"inLanguage\":\"ca\"},{\"@type\":\"Organization\",\"@id\":\"https:\/\/www.campinglaguna.com\/#organization\",\"name\":\"Camping Laguna\",\"url\":\"https:\/\/www.campinglaguna.com\/\",\"logo\":{\"@type\":\"ImageObject\",\"inLanguage\":\"ca\",\"@id\":\"https:\/\/www.campinglaguna.com\/#\/schema\/logo\/image\/\",\"url\":\"https:\/\/www.campinglaguna.com\/wp-content\/uploads\/logo-laguna.png\",\"contentUrl\":\"https:\/\/www.campinglaguna.com\/wp-content\/uploads\/logo-laguna.png\",\"width\":263,\"height\":64,\"caption\":\"Camping Laguna\"},\"image\":{\"@id\":\"https:\/\/www.campinglaguna.com\/#\/schema\/logo\/image\/\"}}]}<\/script>\n<!-- \/ Yoast SEO plugin. -->","yoast_head_json":{"title":"Bicicleta - Camping Laguna","description":"C\u00e0mping Laguna est\u00e0 certificat amb el distintiu \u201c Bed &amp; Bike \u201d que suposa una garantia de qualitat i de servei per als cicloturistes. Oferim","robots":{"index":"index","follow":"follow","max-snippet":"max-snippet:-1","max-image-preview":"max-image-preview:large","max-video-preview":"max-video-preview:-1"},"canonical":"https:\/\/www.campinglaguna.com\/que-hacer\/actividades\/ocio\/bicicleta\/","og_locale":"ca_ES","og_type":"article","og_title":"Bicicleta - Camping Laguna","og_description":"C\u00e0mping Laguna est\u00e0 certificat amb el distintiu \u201c Bed &amp; Bike \u201d que suposa una garantia de qualitat i de servei per als cicloturistes. Oferim","og_url":"https:\/\/www.campinglaguna.com\/que-hacer\/actividades\/ocio\/bicicleta\/","og_site_name":"Camping Laguna","article_modified_time":"2017-03-31T09:46:44+00:00","og_image":[{"width":1440,"height":500,"url":"https:\/\/www.campinglaguna.com\/wp-content\/uploads\/bicycle.jpg","type":"image\/jpeg"}],"twitter_card":"summary_large_image","twitter_misc":{"Temps estimat de lectura":"1 minut"},"schema":{"@context":"https:\/\/schema.org","@graph":[{"@type":"WebPage","@id":"https:\/\/www.campinglaguna.com\/que-hacer\/actividades\/ocio\/bicicleta\/","url":"https:\/\/www.campinglaguna.com\/que-hacer\/actividades\/ocio\/bicicleta\/","name":"Bicicleta - Camping Laguna","isPartOf":{"@id":"https:\/\/www.campinglaguna.com\/#website"},"primaryImageOfPage":{"@id":"https:\/\/www.campinglaguna.com\/que-hacer\/actividades\/ocio\/bicicleta\/#primaryimage"},"image":{"@id":"https:\/\/www.campinglaguna.com\/que-hacer\/actividades\/ocio\/bicicleta\/#primaryimage"},"thumbnailUrl":"https:\/\/www.campinglaguna.com\/wp-content\/uploads\/bicycle.jpg","datePublished":"2017-03-09T11:10:11+00:00","dateModified":"2017-03-31T09:46:44+00:00","description":"C\u00e0mping Laguna est\u00e0 certificat amb el distintiu \u201c Bed &amp; Bike \u201d que suposa una garantia de qualitat i de servei per als cicloturistes. Oferim","breadcrumb":{"@id":"https:\/\/www.campinglaguna.com\/que-hacer\/actividades\/ocio\/bicicleta\/#breadcrumb"},"inLanguage":"ca","potentialAction":[{"@type":"ReadAction","target":["https:\/\/www.campinglaguna.com\/que-hacer\/actividades\/ocio\/bicicleta\/"]}]},{"@type":"ImageObject","inLanguage":"ca","@id":"https:\/\/www.campinglaguna.com\/que-hacer\/actividades\/ocio\/bicicleta\/#primaryimage","url":"https:\/\/www.campinglaguna.com\/wp-content\/uploads\/bicycle.jpg","contentUrl":"https:\/\/www.campinglaguna.com\/wp-content\/uploads\/bicycle.jpg","width":1440,"height":500},{"@type":"BreadcrumbList","@id":"https:\/\/www.campinglaguna.com\/que-hacer\/actividades\/ocio\/bicicleta\/#breadcrumb","itemListElement":[{"@type":"ListItem","position":1,"name":"Camping Laguna","item":"https:\/\/www.campinglaguna.com\/ca\/"},{"@type":"ListItem","position":2,"name":"Que fer?","item":"https:\/\/www.campinglaguna.com\/que-hacer\/"},{"@type":"ListItem","position":3,"name":"Activitats","item":"https:\/\/www.campinglaguna.com\/que-hacer\/actividades\/"},{"@type":"ListItem","position":4,"name":"Lleure","item":"https:\/\/www.campinglaguna.com\/que-hacer\/actividades\/ocio\/"},{"@type":"ListItem","position":5,"name":"Bicicleta"}]},{"@type":"WebSite","@id":"https:\/\/www.campinglaguna.com\/#website","url":"https:\/\/www.campinglaguna.com\/","name":"Camping Laguna","description":"Otro sitio realizado con WordPress","publisher":{"@id":"https:\/\/www.campinglaguna.com\/#organization"},"potentialAction":[{"@type":"SearchAction","target":{"@type":"EntryPoint","urlTemplate":"https:\/\/www.campinglaguna.com\/?s={search_term_string}"},"query-input":{"@type":"PropertyValueSpecification","valueRequired":true,"valueName":"search_term_string"}}],"inLanguage":"ca"},{"@type":"Organization","@id":"https:\/\/www.campinglaguna.com\/#organization","name":"Camping Laguna","url":"https:\/\/www.campinglaguna.com\/","logo":{"@type":"ImageObject","inLanguage":"ca","@id":"https:\/\/www.campinglaguna.com\/#\/schema\/logo\/image\/","url":"https:\/\/www.campinglaguna.com\/wp-content\/uploads\/logo-laguna.png","contentUrl":"https:\/\/www.campinglaguna.com\/wp-content\/uploads\/logo-laguna.png","width":263,"height":64,"caption":"Camping Laguna"},"image":{"@id":"https:\/\/www.campinglaguna.com\/#\/schema\/logo\/image\/"}}]}},"_links":{"self":[{"href":"https:\/\/www.campinglaguna.com\/ca\/wp-json\/wp\/v2\/pages\/23685","targetHints":{"allow":["GET"]}}],"collection":[{"href":"https:\/\/www.campinglaguna.com\/ca\/wp-json\/wp\/v2\/pages"}],"about":[{"href":"https:\/\/www.campinglaguna.com\/ca\/wp-json\/wp\/v2\/types\/page"}],"author":[{"embeddable":true,"href":"https:\/\/www.campinglaguna.com\/ca\/wp-json\/wp\/v2\/users\/2"}],"replies":[{"embeddable":true,"href":"https:\/\/www.campinglaguna.com\/ca\/wp-json\/wp\/v2\/comments?post=23685"}],"version-history":[{"count":4,"href":"https:\/\/www.campinglaguna.com\/ca\/wp-json\/wp\/v2\/pages\/23685\/revisions"}],"predecessor-version":[{"id":25384,"href":"https:\/\/www.campinglaguna.com\/ca\/wp-json\/wp\/v2\/pages\/23685\/revisions\/25384"}],"up":[{"embeddable":true,"href":"https:\/\/www.campinglaguna.com\/ca\/wp-json\/wp\/v2\/pages\/23765"}],"wp:featuredmedia":[{"embeddable":true,"href":"https:\/\/www.campinglaguna.com\/ca\/wp-json\/wp\/v2\/media\/20524"}],"wp:attachment":[{"href":"https:\/\/www.campinglaguna.com\/ca\/wp-json\/wp\/v2\/media?parent=23685"}],"curies":[{"name":"wp","href":"https:\/\/api.w.org\/{rel}","templated":true}]}}