{"id":23686,"date":"2017-03-09T12:13:13","date_gmt":"2017-03-09T11:13:13","guid":{"rendered":"https:\/\/www.campinglaguna.com\/serveis-adicionals\/"},"modified":"2017-03-31T10:56:07","modified_gmt":"2017-03-31T08:56:07","slug":"serveis-adicionals","status":"publish","type":"page","link":"https:\/\/www.campinglaguna.com\/ca\/el-camping\/serveis\/serveis-adicionals\/","title":{"rendered":"Serveis Adicionals"},"content":{"rendered":"<p>A m\u00e9s, en la seg\u00fcent llista trobar\u00e0s tot un altre seguit de serveis que t&#8217;oferim. Si no trobes el que busques a la llista, pregunta&#8217;ns!<\/p>\n<ul>\n<li>Lloguer de caixes de seguretat<\/li>\n<li>Pagament amb targeta banc\u00e0ria<\/li>\n<li>Caixer autom\u00e0tic<\/li>\n<li>Seguretat les 24 hores del dia<\/li>\n<li>A la platja, dutxes i passarel\u00b7les d&#8217;acc\u00e9s per a la teva comoditat<\/li>\n<li>Cabines de tel\u00e8fon i servei de fax (a recepci\u00f3)<\/li>\n<li>Lloguer de bicicletes<\/li>\n<li>Rentacotxes<\/li>\n<li>Estaci\u00f3 de servei per autocaravanes<\/li>\n<li>Banyeres per a gossos<\/li>\n<li>Papereres per a gossos<\/li>\n<li>Recollida selectiva de fem<\/li>\n<li>Neteja de la platja a c\u00e0rrec del nostre personal<\/li>\n<li>I molts m\u00e9s &#8230;<\/li>\n<\/ul>\n","protected":false},"excerpt":{"rendered":"<p>A m\u00e9s, en la seg\u00fcent llista trobar\u00e0s tot un altre seguit de serveis que t&#8217;oferim. Si no trobes el que busques a la llista, pregunta&#8217;ns! Lloguer de caixes de seguretat [&hellip;]<\/p>\n","protected":false},"author":2,"featured_media":21659,"parent":23715,"menu_order":6,"comment_status":"closed","ping_status":"closed","template":"","meta":{"_acf_changed":false,"footnotes":""},"class_list":["post-23686","page","type-page","status-publish","has-post-thumbnail","hentry"],"acf":[],"yoast_head":"<!-- This site is optimized with the Yoast SEO plugin v26.1.1 - https:\/\/yoast.com\/wordpress\/plugins\/seo\/ -->\n<title>Serveis Adicionals - Camping Laguna<\/title>\n<meta name=\"description\" content=\"A m\u00e9s, en la seg\u00fcent llista trobar\u00e0s tot un altre seguit de serveis que t&#039;oferim. Si no trobes el que busques a la llista, pregunta&#039;ns! Lloguer de caixes\" \/>\n<meta name=\"robots\" content=\"index, follow, max-snippet:-1, max-image-preview:large, max-video-preview:-1\" \/>\n<link rel=\"canonical\" href=\"https:\/\/www.campinglaguna.com\/el-camping\/servicios\/otros\/\" \/>\n<meta property=\"og:locale\" content=\"ca_ES\" \/>\n<meta property=\"og:type\" content=\"article\" \/>\n<meta property=\"og:title\" content=\"Serveis Adicionals - Camping Laguna\" \/>\n<meta property=\"og:description\" content=\"A m\u00e9s, en la seg\u00fcent llista trobar\u00e0s tot un altre seguit de serveis que t&#039;oferim. Si no trobes el que busques a la llista, pregunta&#039;ns! Lloguer de caixes\" \/>\n<meta property=\"og:url\" content=\"https:\/\/www.campinglaguna.com\/el-camping\/servicios\/otros\/\" \/>\n<meta property=\"og:site_name\" content=\"Camping Laguna\" \/>\n<meta property=\"article:modified_time\" content=\"2017-03-31T08:56:07+00:00\" \/>\n<meta property=\"og:image\" content=\"https:\/\/www.campinglaguna.com\/wp-content\/uploads\/principal31.jpg\" \/>\n\t<meta property=\"og:image:width\" content=\"1440\" \/>\n\t<meta property=\"og:image:height\" content=\"500\" \/>\n\t<meta property=\"og:image:type\" content=\"image\/jpeg\" \/>\n<meta name=\"twitter:card\" content=\"summary_large_image\" \/>\n<meta name=\"twitter:label1\" content=\"Temps estimat de lectura\" \/>\n\t<meta name=\"twitter:data1\" content=\"1 minut\" \/>\n<script type=\"application\/ld+json\" class=\"yoast-schema-graph\">{\"@context\":\"https:\/\/schema.org\",\"@graph\":[{\"@type\":\"WebPage\",\"@id\":\"https:\/\/www.campinglaguna.com\/el-camping\/servicios\/otros\/\",\"url\":\"https:\/\/www.campinglaguna.com\/el-camping\/servicios\/otros\/\",\"name\":\"Serveis Adicionals - Camping Laguna\",\"isPartOf\":{\"@id\":\"https:\/\/www.campinglaguna.com\/#website\"},\"primaryImageOfPage\":{\"@id\":\"https:\/\/www.campinglaguna.com\/el-camping\/servicios\/otros\/#primaryimage\"},\"image\":{\"@id\":\"https:\/\/www.campinglaguna.com\/el-camping\/servicios\/otros\/#primaryimage\"},\"thumbnailUrl\":\"https:\/\/www.campinglaguna.com\/wp-content\/uploads\/principal31.jpg\",\"datePublished\":\"2017-03-09T11:13:13+00:00\",\"dateModified\":\"2017-03-31T08:56:07+00:00\",\"description\":\"A m\u00e9s, en la seg\u00fcent llista trobar\u00e0s tot un altre seguit de serveis que t'oferim. Si no trobes el que busques a la llista, pregunta'ns! Lloguer de caixes\",\"breadcrumb\":{\"@id\":\"https:\/\/www.campinglaguna.com\/el-camping\/servicios\/otros\/#breadcrumb\"},\"inLanguage\":\"ca\",\"potentialAction\":[{\"@type\":\"ReadAction\",\"target\":[\"https:\/\/www.campinglaguna.com\/el-camping\/servicios\/otros\/\"]}]},{\"@type\":\"ImageObject\",\"inLanguage\":\"ca\",\"@id\":\"https:\/\/www.campinglaguna.com\/el-camping\/servicios\/otros\/#primaryimage\",\"url\":\"https:\/\/www.campinglaguna.com\/wp-content\/uploads\/principal31.jpg\",\"contentUrl\":\"https:\/\/www.campinglaguna.com\/wp-content\/uploads\/principal31.jpg\",\"width\":1440,\"height\":500},{\"@type\":\"BreadcrumbList\",\"@id\":\"https:\/\/www.campinglaguna.com\/el-camping\/servicios\/otros\/#breadcrumb\",\"itemListElement\":[{\"@type\":\"ListItem\",\"position\":1,\"name\":\"Camping Laguna\",\"item\":\"https:\/\/www.campinglaguna.com\/ca\/\"},{\"@type\":\"ListItem\",\"position\":2,\"name\":\"El camping\",\"item\":\"https:\/\/www.campinglaguna.com\/el-camping\/\"},{\"@type\":\"ListItem\",\"position\":3,\"name\":\"Serveis\",\"item\":\"https:\/\/www.campinglaguna.com\/el-camping\/servicios\/\"},{\"@type\":\"ListItem\",\"position\":4,\"name\":\"Serveis Adicionals\"}]},{\"@type\":\"WebSite\",\"@id\":\"https:\/\/www.campinglaguna.com\/#website\",\"url\":\"https:\/\/www.campinglaguna.com\/\",\"name\":\"Camping Laguna\",\"description\":\"Otro sitio realizado con WordPress\",\"publisher\":{\"@id\":\"https:\/\/www.campinglaguna.com\/#organization\"},\"potentialAction\":[{\"@type\":\"SearchAction\",\"target\":{\"@type\":\"EntryPoint\",\"urlTemplate\":\"https:\/\/www.campinglaguna.com\/?s={search_term_string}\"},\"query-input\":{\"@type\":\"PropertyValueSpecification\",\"valueRequired\":true,\"valueName\":\"search_term_string\"}}],\"inLanguage\":\"ca\"},{\"@type\":\"Organization\",\"@id\":\"https:\/\/www.campinglaguna.com\/#organization\",\"name\":\"Camping Laguna\",\"url\":\"https:\/\/www.campinglaguna.com\/\",\"logo\":{\"@type\":\"ImageObject\",\"inLanguage\":\"ca\",\"@id\":\"https:\/\/www.campinglaguna.com\/#\/schema\/logo\/image\/\",\"url\":\"https:\/\/www.campinglaguna.com\/wp-content\/uploads\/logo-laguna.png\",\"contentUrl\":\"https:\/\/www.campinglaguna.com\/wp-content\/uploads\/logo-laguna.png\",\"width\":263,\"height\":64,\"caption\":\"Camping Laguna\"},\"image\":{\"@id\":\"https:\/\/www.campinglaguna.com\/#\/schema\/logo\/image\/\"}}]}<\/script>\n<!-- \/ Yoast SEO plugin. -->","yoast_head_json":{"title":"Serveis Adicionals - Camping Laguna","description":"A m\u00e9s, en la seg\u00fcent llista trobar\u00e0s tot un altre seguit de serveis que t'oferim. Si no trobes el que busques a la llista, pregunta'ns! Lloguer de caixes","robots":{"index":"index","follow":"follow","max-snippet":"max-snippet:-1","max-image-preview":"max-image-preview:large","max-video-preview":"max-video-preview:-1"},"canonical":"https:\/\/www.campinglaguna.com\/el-camping\/servicios\/otros\/","og_locale":"ca_ES","og_type":"article","og_title":"Serveis Adicionals - Camping Laguna","og_description":"A m\u00e9s, en la seg\u00fcent llista trobar\u00e0s tot un altre seguit de serveis que t'oferim. Si no trobes el que busques a la llista, pregunta'ns! Lloguer de caixes","og_url":"https:\/\/www.campinglaguna.com\/el-camping\/servicios\/otros\/","og_site_name":"Camping Laguna","article_modified_time":"2017-03-31T08:56:07+00:00","og_image":[{"width":1440,"height":500,"url":"https:\/\/www.campinglaguna.com\/wp-content\/uploads\/principal31.jpg","type":"image\/jpeg"}],"twitter_card":"summary_large_image","twitter_misc":{"Temps estimat de lectura":"1 minut"},"schema":{"@context":"https:\/\/schema.org","@graph":[{"@type":"WebPage","@id":"https:\/\/www.campinglaguna.com\/el-camping\/servicios\/otros\/","url":"https:\/\/www.campinglaguna.com\/el-camping\/servicios\/otros\/","name":"Serveis Adicionals - Camping Laguna","isPartOf":{"@id":"https:\/\/www.campinglaguna.com\/#website"},"primaryImageOfPage":{"@id":"https:\/\/www.campinglaguna.com\/el-camping\/servicios\/otros\/#primaryimage"},"image":{"@id":"https:\/\/www.campinglaguna.com\/el-camping\/servicios\/otros\/#primaryimage"},"thumbnailUrl":"https:\/\/www.campinglaguna.com\/wp-content\/uploads\/principal31.jpg","datePublished":"2017-03-09T11:13:13+00:00","dateModified":"2017-03-31T08:56:07+00:00","description":"A m\u00e9s, en la seg\u00fcent llista trobar\u00e0s tot un altre seguit de serveis que t'oferim. Si no trobes el que busques a la llista, pregunta'ns! Lloguer de caixes","breadcrumb":{"@id":"https:\/\/www.campinglaguna.com\/el-camping\/servicios\/otros\/#breadcrumb"},"inLanguage":"ca","potentialAction":[{"@type":"ReadAction","target":["https:\/\/www.campinglaguna.com\/el-camping\/servicios\/otros\/"]}]},{"@type":"ImageObject","inLanguage":"ca","@id":"https:\/\/www.campinglaguna.com\/el-camping\/servicios\/otros\/#primaryimage","url":"https:\/\/www.campinglaguna.com\/wp-content\/uploads\/principal31.jpg","contentUrl":"https:\/\/www.campinglaguna.com\/wp-content\/uploads\/principal31.jpg","width":1440,"height":500},{"@type":"BreadcrumbList","@id":"https:\/\/www.campinglaguna.com\/el-camping\/servicios\/otros\/#breadcrumb","itemListElement":[{"@type":"ListItem","position":1,"name":"Camping Laguna","item":"https:\/\/www.campinglaguna.com\/ca\/"},{"@type":"ListItem","position":2,"name":"El camping","item":"https:\/\/www.campinglaguna.com\/el-camping\/"},{"@type":"ListItem","position":3,"name":"Serveis","item":"https:\/\/www.campinglaguna.com\/el-camping\/servicios\/"},{"@type":"ListItem","position":4,"name":"Serveis Adicionals"}]},{"@type":"WebSite","@id":"https:\/\/www.campinglaguna.com\/#website","url":"https:\/\/www.campinglaguna.com\/","name":"Camping Laguna","description":"Otro sitio realizado con WordPress","publisher":{"@id":"https:\/\/www.campinglaguna.com\/#organization"},"potentialAction":[{"@type":"SearchAction","target":{"@type":"EntryPoint","urlTemplate":"https:\/\/www.campinglaguna.com\/?s={search_term_string}"},"query-input":{"@type":"PropertyValueSpecification","valueRequired":true,"valueName":"search_term_string"}}],"inLanguage":"ca"},{"@type":"Organization","@id":"https:\/\/www.campinglaguna.com\/#organization","name":"Camping Laguna","url":"https:\/\/www.campinglaguna.com\/","logo":{"@type":"ImageObject","inLanguage":"ca","@id":"https:\/\/www.campinglaguna.com\/#\/schema\/logo\/image\/","url":"https:\/\/www.campinglaguna.com\/wp-content\/uploads\/logo-laguna.png","contentUrl":"https:\/\/www.campinglaguna.com\/wp-content\/uploads\/logo-laguna.png","width":263,"height":64,"caption":"Camping Laguna"},"image":{"@id":"https:\/\/www.campinglaguna.com\/#\/schema\/logo\/image\/"}}]}},"_links":{"self":[{"href":"https:\/\/www.campinglaguna.com\/ca\/wp-json\/wp\/v2\/pages\/23686","targetHints":{"allow":["GET"]}}],"collection":[{"href":"https:\/\/www.campinglaguna.com\/ca\/wp-json\/wp\/v2\/pages"}],"about":[{"href":"https:\/\/www.campinglaguna.com\/ca\/wp-json\/wp\/v2\/types\/page"}],"author":[{"embeddable":true,"href":"https:\/\/www.campinglaguna.com\/ca\/wp-json\/wp\/v2\/users\/2"}],"replies":[{"embeddable":true,"href":"https:\/\/www.campinglaguna.com\/ca\/wp-json\/wp\/v2\/comments?post=23686"}],"version-history":[{"count":2,"href":"https:\/\/www.campinglaguna.com\/ca\/wp-json\/wp\/v2\/pages\/23686\/revisions"}],"predecessor-version":[{"id":25366,"href":"https:\/\/www.campinglaguna.com\/ca\/wp-json\/wp\/v2\/pages\/23686\/revisions\/25366"}],"up":[{"embeddable":true,"href":"https:\/\/www.campinglaguna.com\/ca\/wp-json\/wp\/v2\/pages\/23715"}],"wp:featuredmedia":[{"embeddable":true,"href":"https:\/\/www.campinglaguna.com\/ca\/wp-json\/wp\/v2\/media\/21659"}],"wp:attachment":[{"href":"https:\/\/www.campinglaguna.com\/ca\/wp-json\/wp\/v2\/media?parent=23686"}],"curies":[{"name":"wp","href":"https:\/\/api.w.org\/{rel}","templated":true}]}}