{"id":23688,"date":"2017-03-09T12:16:18","date_gmt":"2017-03-09T11:16:18","guid":{"rendered":"https:\/\/www.campinglaguna.com\/excursions-i-turisme\/"},"modified":"2017-03-15T10:13:09","modified_gmt":"2017-03-15T09:13:09","slug":"excursions-i-turisme","status":"publish","type":"page","link":"https:\/\/www.campinglaguna.com\/ca\/el-camping\/serveis\/excursions-i-turisme\/","title":{"rendered":"Excursions i turisme"},"content":{"rendered":"<p>La Costa Brava \u00e9s un dels destins tur\u00edstics m\u00e9s importants del m\u00f3n. Si necessites informaci\u00f3 o vols reservar una excursi\u00f3, el personal del C\u00e0mping Laguna et pot ajudar i oferir-bons consells.<\/p>\n<p>Trobar\u00e0s platges i cales per a tots els gustos. Per\u00f2 sobretot tenim una hist\u00f2ria rica en art, tradicions, gastronomia i costums que han configurat un patrimoni \u00fanic que et convidem a descobrir.<br \/>\nLa nostra cabina d&#8217;informaci\u00f3 est\u00e0 oberta durant els mesos d&#8217;estiu. En ella podr\u00e0s reservar excursions d&#8217;un dia a Barcelona, \u200b\u200bviatges en vaixells amb fons de vidre pel Parc Natural del Cap de Creus, tiquets per al Parc Aqu\u00e0tic de Roses i fins i tot reservar un sopar amb m\u00fasica flamenca.<\/p>\n<p>Si prefereixes una visita al teu aire, et podem ajudar en el lloguer d&#8217;un vehicle i oferir-te tot tipus d&#8217;informaci\u00f3, fullets i mapes. Tamb\u00e9 \u00e9s un punt de venda de segells, tiquets de wifi o fitxes de rentadora i de reserva de frigor\u00edfics o p\u00e0rquings de caravanes.<\/p>\n<p>Fora de la temporada d&#8217;estiu t&#8217;oferirem la nostra ajuda a la recepci\u00f3 del c\u00e0mping.<\/p>\n","protected":false},"excerpt":{"rendered":"<p>La Costa Brava \u00e9s un dels destins tur\u00edstics m\u00e9s importants del m\u00f3n. Si necessites informaci\u00f3 o vols reservar una excursi\u00f3, el personal del C\u00e0mping Laguna et pot ajudar i oferir-bons [&hellip;]<\/p>\n","protected":false},"author":2,"featured_media":21607,"parent":23715,"menu_order":3,"comment_status":"closed","ping_status":"closed","template":"","meta":{"_acf_changed":false,"footnotes":""},"class_list":["post-23688","page","type-page","status-publish","has-post-thumbnail","hentry"],"acf":[],"yoast_head":"<!-- This site is optimized with the Yoast SEO plugin v26.1.1 - https:\/\/yoast.com\/wordpress\/plugins\/seo\/ -->\n<title>Excursions i turisme - Camping Laguna<\/title>\n<meta name=\"description\" content=\"La Costa Brava \u00e9s un dels destins tur\u00edstics m\u00e9s importants del m\u00f3n. Si necessites informaci\u00f3 o vols reservar una excursi\u00f3, el personal del C\u00e0mping Laguna\" \/>\n<meta name=\"robots\" content=\"index, follow, max-snippet:-1, max-image-preview:large, max-video-preview:-1\" \/>\n<link rel=\"canonical\" href=\"https:\/\/www.campinglaguna.com\/el-camping\/servicios\/excursiones\/\" \/>\n<meta property=\"og:locale\" content=\"ca_ES\" \/>\n<meta property=\"og:type\" content=\"article\" \/>\n<meta property=\"og:title\" content=\"Excursions i turisme - Camping Laguna\" \/>\n<meta property=\"og:description\" content=\"La Costa Brava \u00e9s un dels destins tur\u00edstics m\u00e9s importants del m\u00f3n. Si necessites informaci\u00f3 o vols reservar una excursi\u00f3, el personal del C\u00e0mping Laguna\" \/>\n<meta property=\"og:url\" content=\"https:\/\/www.campinglaguna.com\/el-camping\/servicios\/excursiones\/\" \/>\n<meta property=\"og:site_name\" content=\"Camping Laguna\" \/>\n<meta property=\"article:modified_time\" content=\"2017-03-15T09:13:09+00:00\" \/>\n<meta property=\"og:image\" content=\"https:\/\/www.campinglaguna.com\/wp-content\/uploads\/principal213.jpg\" \/>\n\t<meta property=\"og:image:width\" content=\"1440\" \/>\n\t<meta property=\"og:image:height\" content=\"500\" \/>\n\t<meta property=\"og:image:type\" content=\"image\/jpeg\" \/>\n<meta name=\"twitter:card\" content=\"summary_large_image\" \/>\n<meta name=\"twitter:label1\" content=\"Temps estimat de lectura\" \/>\n\t<meta name=\"twitter:data1\" content=\"1 minut\" \/>\n<script type=\"application\/ld+json\" class=\"yoast-schema-graph\">{\"@context\":\"https:\/\/schema.org\",\"@graph\":[{\"@type\":\"WebPage\",\"@id\":\"https:\/\/www.campinglaguna.com\/el-camping\/servicios\/excursiones\/\",\"url\":\"https:\/\/www.campinglaguna.com\/el-camping\/servicios\/excursiones\/\",\"name\":\"Excursions i turisme - Camping Laguna\",\"isPartOf\":{\"@id\":\"https:\/\/www.campinglaguna.com\/#website\"},\"primaryImageOfPage\":{\"@id\":\"https:\/\/www.campinglaguna.com\/el-camping\/servicios\/excursiones\/#primaryimage\"},\"image\":{\"@id\":\"https:\/\/www.campinglaguna.com\/el-camping\/servicios\/excursiones\/#primaryimage\"},\"thumbnailUrl\":\"https:\/\/www.campinglaguna.com\/wp-content\/uploads\/principal213.jpg\",\"datePublished\":\"2017-03-09T11:16:18+00:00\",\"dateModified\":\"2017-03-15T09:13:09+00:00\",\"description\":\"La Costa Brava \u00e9s un dels destins tur\u00edstics m\u00e9s importants del m\u00f3n. Si necessites informaci\u00f3 o vols reservar una excursi\u00f3, el personal del C\u00e0mping Laguna\",\"breadcrumb\":{\"@id\":\"https:\/\/www.campinglaguna.com\/el-camping\/servicios\/excursiones\/#breadcrumb\"},\"inLanguage\":\"ca\",\"potentialAction\":[{\"@type\":\"ReadAction\",\"target\":[\"https:\/\/www.campinglaguna.com\/el-camping\/servicios\/excursiones\/\"]}]},{\"@type\":\"ImageObject\",\"inLanguage\":\"ca\",\"@id\":\"https:\/\/www.campinglaguna.com\/el-camping\/servicios\/excursiones\/#primaryimage\",\"url\":\"https:\/\/www.campinglaguna.com\/wp-content\/uploads\/principal213.jpg\",\"contentUrl\":\"https:\/\/www.campinglaguna.com\/wp-content\/uploads\/principal213.jpg\",\"width\":1440,\"height\":500},{\"@type\":\"BreadcrumbList\",\"@id\":\"https:\/\/www.campinglaguna.com\/el-camping\/servicios\/excursiones\/#breadcrumb\",\"itemListElement\":[{\"@type\":\"ListItem\",\"position\":1,\"name\":\"Camping Laguna\",\"item\":\"https:\/\/www.campinglaguna.com\/ca\/\"},{\"@type\":\"ListItem\",\"position\":2,\"name\":\"El camping\",\"item\":\"https:\/\/www.campinglaguna.com\/el-camping\/\"},{\"@type\":\"ListItem\",\"position\":3,\"name\":\"Serveis\",\"item\":\"https:\/\/www.campinglaguna.com\/el-camping\/servicios\/\"},{\"@type\":\"ListItem\",\"position\":4,\"name\":\"Excursions i turisme\"}]},{\"@type\":\"WebSite\",\"@id\":\"https:\/\/www.campinglaguna.com\/#website\",\"url\":\"https:\/\/www.campinglaguna.com\/\",\"name\":\"Camping Laguna\",\"description\":\"Otro sitio realizado con WordPress\",\"publisher\":{\"@id\":\"https:\/\/www.campinglaguna.com\/#organization\"},\"potentialAction\":[{\"@type\":\"SearchAction\",\"target\":{\"@type\":\"EntryPoint\",\"urlTemplate\":\"https:\/\/www.campinglaguna.com\/?s={search_term_string}\"},\"query-input\":{\"@type\":\"PropertyValueSpecification\",\"valueRequired\":true,\"valueName\":\"search_term_string\"}}],\"inLanguage\":\"ca\"},{\"@type\":\"Organization\",\"@id\":\"https:\/\/www.campinglaguna.com\/#organization\",\"name\":\"Camping Laguna\",\"url\":\"https:\/\/www.campinglaguna.com\/\",\"logo\":{\"@type\":\"ImageObject\",\"inLanguage\":\"ca\",\"@id\":\"https:\/\/www.campinglaguna.com\/#\/schema\/logo\/image\/\",\"url\":\"https:\/\/www.campinglaguna.com\/wp-content\/uploads\/logo-laguna.png\",\"contentUrl\":\"https:\/\/www.campinglaguna.com\/wp-content\/uploads\/logo-laguna.png\",\"width\":263,\"height\":64,\"caption\":\"Camping Laguna\"},\"image\":{\"@id\":\"https:\/\/www.campinglaguna.com\/#\/schema\/logo\/image\/\"}}]}<\/script>\n<!-- \/ Yoast SEO plugin. -->","yoast_head_json":{"title":"Excursions i turisme - Camping Laguna","description":"La Costa Brava \u00e9s un dels destins tur\u00edstics m\u00e9s importants del m\u00f3n. Si necessites informaci\u00f3 o vols reservar una excursi\u00f3, el personal del C\u00e0mping Laguna","robots":{"index":"index","follow":"follow","max-snippet":"max-snippet:-1","max-image-preview":"max-image-preview:large","max-video-preview":"max-video-preview:-1"},"canonical":"https:\/\/www.campinglaguna.com\/el-camping\/servicios\/excursiones\/","og_locale":"ca_ES","og_type":"article","og_title":"Excursions i turisme - Camping Laguna","og_description":"La Costa Brava \u00e9s un dels destins tur\u00edstics m\u00e9s importants del m\u00f3n. Si necessites informaci\u00f3 o vols reservar una excursi\u00f3, el personal del C\u00e0mping Laguna","og_url":"https:\/\/www.campinglaguna.com\/el-camping\/servicios\/excursiones\/","og_site_name":"Camping Laguna","article_modified_time":"2017-03-15T09:13:09+00:00","og_image":[{"width":1440,"height":500,"url":"https:\/\/www.campinglaguna.com\/wp-content\/uploads\/principal213.jpg","type":"image\/jpeg"}],"twitter_card":"summary_large_image","twitter_misc":{"Temps estimat de lectura":"1 minut"},"schema":{"@context":"https:\/\/schema.org","@graph":[{"@type":"WebPage","@id":"https:\/\/www.campinglaguna.com\/el-camping\/servicios\/excursiones\/","url":"https:\/\/www.campinglaguna.com\/el-camping\/servicios\/excursiones\/","name":"Excursions i turisme - Camping Laguna","isPartOf":{"@id":"https:\/\/www.campinglaguna.com\/#website"},"primaryImageOfPage":{"@id":"https:\/\/www.campinglaguna.com\/el-camping\/servicios\/excursiones\/#primaryimage"},"image":{"@id":"https:\/\/www.campinglaguna.com\/el-camping\/servicios\/excursiones\/#primaryimage"},"thumbnailUrl":"https:\/\/www.campinglaguna.com\/wp-content\/uploads\/principal213.jpg","datePublished":"2017-03-09T11:16:18+00:00","dateModified":"2017-03-15T09:13:09+00:00","description":"La Costa Brava \u00e9s un dels destins tur\u00edstics m\u00e9s importants del m\u00f3n. Si necessites informaci\u00f3 o vols reservar una excursi\u00f3, el personal del C\u00e0mping Laguna","breadcrumb":{"@id":"https:\/\/www.campinglaguna.com\/el-camping\/servicios\/excursiones\/#breadcrumb"},"inLanguage":"ca","potentialAction":[{"@type":"ReadAction","target":["https:\/\/www.campinglaguna.com\/el-camping\/servicios\/excursiones\/"]}]},{"@type":"ImageObject","inLanguage":"ca","@id":"https:\/\/www.campinglaguna.com\/el-camping\/servicios\/excursiones\/#primaryimage","url":"https:\/\/www.campinglaguna.com\/wp-content\/uploads\/principal213.jpg","contentUrl":"https:\/\/www.campinglaguna.com\/wp-content\/uploads\/principal213.jpg","width":1440,"height":500},{"@type":"BreadcrumbList","@id":"https:\/\/www.campinglaguna.com\/el-camping\/servicios\/excursiones\/#breadcrumb","itemListElement":[{"@type":"ListItem","position":1,"name":"Camping Laguna","item":"https:\/\/www.campinglaguna.com\/ca\/"},{"@type":"ListItem","position":2,"name":"El camping","item":"https:\/\/www.campinglaguna.com\/el-camping\/"},{"@type":"ListItem","position":3,"name":"Serveis","item":"https:\/\/www.campinglaguna.com\/el-camping\/servicios\/"},{"@type":"ListItem","position":4,"name":"Excursions i turisme"}]},{"@type":"WebSite","@id":"https:\/\/www.campinglaguna.com\/#website","url":"https:\/\/www.campinglaguna.com\/","name":"Camping Laguna","description":"Otro sitio realizado con WordPress","publisher":{"@id":"https:\/\/www.campinglaguna.com\/#organization"},"potentialAction":[{"@type":"SearchAction","target":{"@type":"EntryPoint","urlTemplate":"https:\/\/www.campinglaguna.com\/?s={search_term_string}"},"query-input":{"@type":"PropertyValueSpecification","valueRequired":true,"valueName":"search_term_string"}}],"inLanguage":"ca"},{"@type":"Organization","@id":"https:\/\/www.campinglaguna.com\/#organization","name":"Camping Laguna","url":"https:\/\/www.campinglaguna.com\/","logo":{"@type":"ImageObject","inLanguage":"ca","@id":"https:\/\/www.campinglaguna.com\/#\/schema\/logo\/image\/","url":"https:\/\/www.campinglaguna.com\/wp-content\/uploads\/logo-laguna.png","contentUrl":"https:\/\/www.campinglaguna.com\/wp-content\/uploads\/logo-laguna.png","width":263,"height":64,"caption":"Camping Laguna"},"image":{"@id":"https:\/\/www.campinglaguna.com\/#\/schema\/logo\/image\/"}}]}},"_links":{"self":[{"href":"https:\/\/www.campinglaguna.com\/ca\/wp-json\/wp\/v2\/pages\/23688","targetHints":{"allow":["GET"]}}],"collection":[{"href":"https:\/\/www.campinglaguna.com\/ca\/wp-json\/wp\/v2\/pages"}],"about":[{"href":"https:\/\/www.campinglaguna.com\/ca\/wp-json\/wp\/v2\/types\/page"}],"author":[{"embeddable":true,"href":"https:\/\/www.campinglaguna.com\/ca\/wp-json\/wp\/v2\/users\/2"}],"replies":[{"embeddable":true,"href":"https:\/\/www.campinglaguna.com\/ca\/wp-json\/wp\/v2\/comments?post=23688"}],"version-history":[{"count":2,"href":"https:\/\/www.campinglaguna.com\/ca\/wp-json\/wp\/v2\/pages\/23688\/revisions"}],"predecessor-version":[{"id":24543,"href":"https:\/\/www.campinglaguna.com\/ca\/wp-json\/wp\/v2\/pages\/23688\/revisions\/24543"}],"up":[{"embeddable":true,"href":"https:\/\/www.campinglaguna.com\/ca\/wp-json\/wp\/v2\/pages\/23715"}],"wp:featuredmedia":[{"embeddable":true,"href":"https:\/\/www.campinglaguna.com\/ca\/wp-json\/wp\/v2\/media\/21607"}],"wp:attachment":[{"href":"https:\/\/www.campinglaguna.com\/ca\/wp-json\/wp\/v2\/media?parent=23688"}],"curies":[{"name":"wp","href":"https:\/\/api.w.org\/{rel}","templated":true}]}}