{"id":23689,"date":"2017-03-09T12:18:21","date_gmt":"2017-03-09T11:18:21","guid":{"rendered":"https:\/\/www.campinglaguna.com\/servei-medic\/"},"modified":"2017-03-09T12:18:21","modified_gmt":"2017-03-09T11:18:21","slug":"servei-medic","status":"publish","type":"page","link":"https:\/\/www.campinglaguna.com\/ca\/el-camping\/serveis\/servei-medic\/","title":{"rendered":"Servei M\u00e8dic"},"content":{"rendered":"<p>Oferim servei m\u00e8dic extern, amb coneixement d&#8217;idiomes, que visita a les instal\u00b7lacions del c\u00e0mping, seguint un horari adaptat a cada temporada.<\/p>\n<p>I en qualsevol moment, el personal de recepci\u00f3 et podr\u00e0 assessorar sobre la millor elecci\u00f3 en cada moment (medicina p\u00fablica o privada), ajudant-te si \u00e9s el cas amb l&#8217;idioma.<\/p>\n","protected":false},"excerpt":{"rendered":"<p>Oferim servei m\u00e8dic extern, amb coneixement d&#8217;idiomes, que visita a les instal\u00b7lacions del c\u00e0mping, seguint un horari adaptat a cada temporada. I en qualsevol moment, el personal de recepci\u00f3 et [&hellip;]<\/p>\n","protected":false},"author":2,"featured_media":20227,"parent":23715,"menu_order":5,"comment_status":"closed","ping_status":"closed","template":"","meta":{"_acf_changed":false,"footnotes":""},"class_list":["post-23689","page","type-page","status-publish","has-post-thumbnail","hentry"],"acf":[],"yoast_head":"<!-- This site is optimized with the Yoast SEO plugin v26.1.1 - https:\/\/yoast.com\/wordpress\/plugins\/seo\/ -->\n<title>Servei M\u00e8dic - Camping Laguna<\/title>\n<meta name=\"description\" content=\"Oferim servei m\u00e8dic extern, amb coneixement d&#039;idiomes, que visita a les instal\u00b7lacions del c\u00e0mping, seguint un horari adaptat a cada temporada. I en\" \/>\n<meta name=\"robots\" content=\"index, follow, max-snippet:-1, max-image-preview:large, max-video-preview:-1\" \/>\n<link rel=\"canonical\" href=\"https:\/\/www.campinglaguna.com\/el-camping\/servicios\/medico\/\" \/>\n<meta property=\"og:locale\" content=\"ca_ES\" \/>\n<meta property=\"og:type\" content=\"article\" \/>\n<meta property=\"og:title\" content=\"Servei M\u00e8dic - Camping Laguna\" \/>\n<meta property=\"og:description\" content=\"Oferim servei m\u00e8dic extern, amb coneixement d&#039;idiomes, que visita a les instal\u00b7lacions del c\u00e0mping, seguint un horari adaptat a cada temporada. I en\" \/>\n<meta property=\"og:url\" content=\"https:\/\/www.campinglaguna.com\/el-camping\/servicios\/medico\/\" \/>\n<meta property=\"og:site_name\" content=\"Camping Laguna\" \/>\n<meta property=\"og:image\" content=\"https:\/\/www.campinglaguna.com\/wp-content\/uploads\/Principal24.jpg\" \/>\n\t<meta property=\"og:image:width\" content=\"1440\" \/>\n\t<meta property=\"og:image:height\" content=\"500\" \/>\n\t<meta property=\"og:image:type\" content=\"image\/jpeg\" \/>\n<meta name=\"twitter:card\" content=\"summary_large_image\" \/>\n<script type=\"application\/ld+json\" class=\"yoast-schema-graph\">{\"@context\":\"https:\/\/schema.org\",\"@graph\":[{\"@type\":\"WebPage\",\"@id\":\"https:\/\/www.campinglaguna.com\/el-camping\/servicios\/medico\/\",\"url\":\"https:\/\/www.campinglaguna.com\/el-camping\/servicios\/medico\/\",\"name\":\"Servei M\u00e8dic - Camping Laguna\",\"isPartOf\":{\"@id\":\"https:\/\/www.campinglaguna.com\/#website\"},\"primaryImageOfPage\":{\"@id\":\"https:\/\/www.campinglaguna.com\/el-camping\/servicios\/medico\/#primaryimage\"},\"image\":{\"@id\":\"https:\/\/www.campinglaguna.com\/el-camping\/servicios\/medico\/#primaryimage\"},\"thumbnailUrl\":\"https:\/\/www.campinglaguna.com\/wp-content\/uploads\/Principal24.jpg\",\"datePublished\":\"2017-03-09T11:18:21+00:00\",\"description\":\"Oferim servei m\u00e8dic extern, amb coneixement d'idiomes, que visita a les instal\u00b7lacions del c\u00e0mping, seguint un horari adaptat a cada temporada. I en\",\"breadcrumb\":{\"@id\":\"https:\/\/www.campinglaguna.com\/el-camping\/servicios\/medico\/#breadcrumb\"},\"inLanguage\":\"ca\",\"potentialAction\":[{\"@type\":\"ReadAction\",\"target\":[\"https:\/\/www.campinglaguna.com\/el-camping\/servicios\/medico\/\"]}]},{\"@type\":\"ImageObject\",\"inLanguage\":\"ca\",\"@id\":\"https:\/\/www.campinglaguna.com\/el-camping\/servicios\/medico\/#primaryimage\",\"url\":\"https:\/\/www.campinglaguna.com\/wp-content\/uploads\/Principal24.jpg\",\"contentUrl\":\"https:\/\/www.campinglaguna.com\/wp-content\/uploads\/Principal24.jpg\",\"width\":1440,\"height\":500},{\"@type\":\"BreadcrumbList\",\"@id\":\"https:\/\/www.campinglaguna.com\/el-camping\/servicios\/medico\/#breadcrumb\",\"itemListElement\":[{\"@type\":\"ListItem\",\"position\":1,\"name\":\"Camping Laguna\",\"item\":\"https:\/\/www.campinglaguna.com\/ca\/\"},{\"@type\":\"ListItem\",\"position\":2,\"name\":\"El camping\",\"item\":\"https:\/\/www.campinglaguna.com\/el-camping\/\"},{\"@type\":\"ListItem\",\"position\":3,\"name\":\"Serveis\",\"item\":\"https:\/\/www.campinglaguna.com\/el-camping\/servicios\/\"},{\"@type\":\"ListItem\",\"position\":4,\"name\":\"Servei M\u00e8dic\"}]},{\"@type\":\"WebSite\",\"@id\":\"https:\/\/www.campinglaguna.com\/#website\",\"url\":\"https:\/\/www.campinglaguna.com\/\",\"name\":\"Camping Laguna\",\"description\":\"Otro sitio realizado con WordPress\",\"publisher\":{\"@id\":\"https:\/\/www.campinglaguna.com\/#organization\"},\"potentialAction\":[{\"@type\":\"SearchAction\",\"target\":{\"@type\":\"EntryPoint\",\"urlTemplate\":\"https:\/\/www.campinglaguna.com\/?s={search_term_string}\"},\"query-input\":{\"@type\":\"PropertyValueSpecification\",\"valueRequired\":true,\"valueName\":\"search_term_string\"}}],\"inLanguage\":\"ca\"},{\"@type\":\"Organization\",\"@id\":\"https:\/\/www.campinglaguna.com\/#organization\",\"name\":\"Camping Laguna\",\"url\":\"https:\/\/www.campinglaguna.com\/\",\"logo\":{\"@type\":\"ImageObject\",\"inLanguage\":\"ca\",\"@id\":\"https:\/\/www.campinglaguna.com\/#\/schema\/logo\/image\/\",\"url\":\"https:\/\/www.campinglaguna.com\/wp-content\/uploads\/logo-laguna.png\",\"contentUrl\":\"https:\/\/www.campinglaguna.com\/wp-content\/uploads\/logo-laguna.png\",\"width\":263,\"height\":64,\"caption\":\"Camping Laguna\"},\"image\":{\"@id\":\"https:\/\/www.campinglaguna.com\/#\/schema\/logo\/image\/\"}}]}<\/script>\n<!-- \/ Yoast SEO plugin. -->","yoast_head_json":{"title":"Servei M\u00e8dic - Camping Laguna","description":"Oferim servei m\u00e8dic extern, amb coneixement d'idiomes, que visita a les instal\u00b7lacions del c\u00e0mping, seguint un horari adaptat a cada temporada. I en","robots":{"index":"index","follow":"follow","max-snippet":"max-snippet:-1","max-image-preview":"max-image-preview:large","max-video-preview":"max-video-preview:-1"},"canonical":"https:\/\/www.campinglaguna.com\/el-camping\/servicios\/medico\/","og_locale":"ca_ES","og_type":"article","og_title":"Servei M\u00e8dic - Camping Laguna","og_description":"Oferim servei m\u00e8dic extern, amb coneixement d'idiomes, que visita a les instal\u00b7lacions del c\u00e0mping, seguint un horari adaptat a cada temporada. I en","og_url":"https:\/\/www.campinglaguna.com\/el-camping\/servicios\/medico\/","og_site_name":"Camping Laguna","og_image":[{"width":1440,"height":500,"url":"https:\/\/www.campinglaguna.com\/wp-content\/uploads\/Principal24.jpg","type":"image\/jpeg"}],"twitter_card":"summary_large_image","schema":{"@context":"https:\/\/schema.org","@graph":[{"@type":"WebPage","@id":"https:\/\/www.campinglaguna.com\/el-camping\/servicios\/medico\/","url":"https:\/\/www.campinglaguna.com\/el-camping\/servicios\/medico\/","name":"Servei M\u00e8dic - Camping Laguna","isPartOf":{"@id":"https:\/\/www.campinglaguna.com\/#website"},"primaryImageOfPage":{"@id":"https:\/\/www.campinglaguna.com\/el-camping\/servicios\/medico\/#primaryimage"},"image":{"@id":"https:\/\/www.campinglaguna.com\/el-camping\/servicios\/medico\/#primaryimage"},"thumbnailUrl":"https:\/\/www.campinglaguna.com\/wp-content\/uploads\/Principal24.jpg","datePublished":"2017-03-09T11:18:21+00:00","description":"Oferim servei m\u00e8dic extern, amb coneixement d'idiomes, que visita a les instal\u00b7lacions del c\u00e0mping, seguint un horari adaptat a cada temporada. I en","breadcrumb":{"@id":"https:\/\/www.campinglaguna.com\/el-camping\/servicios\/medico\/#breadcrumb"},"inLanguage":"ca","potentialAction":[{"@type":"ReadAction","target":["https:\/\/www.campinglaguna.com\/el-camping\/servicios\/medico\/"]}]},{"@type":"ImageObject","inLanguage":"ca","@id":"https:\/\/www.campinglaguna.com\/el-camping\/servicios\/medico\/#primaryimage","url":"https:\/\/www.campinglaguna.com\/wp-content\/uploads\/Principal24.jpg","contentUrl":"https:\/\/www.campinglaguna.com\/wp-content\/uploads\/Principal24.jpg","width":1440,"height":500},{"@type":"BreadcrumbList","@id":"https:\/\/www.campinglaguna.com\/el-camping\/servicios\/medico\/#breadcrumb","itemListElement":[{"@type":"ListItem","position":1,"name":"Camping Laguna","item":"https:\/\/www.campinglaguna.com\/ca\/"},{"@type":"ListItem","position":2,"name":"El camping","item":"https:\/\/www.campinglaguna.com\/el-camping\/"},{"@type":"ListItem","position":3,"name":"Serveis","item":"https:\/\/www.campinglaguna.com\/el-camping\/servicios\/"},{"@type":"ListItem","position":4,"name":"Servei M\u00e8dic"}]},{"@type":"WebSite","@id":"https:\/\/www.campinglaguna.com\/#website","url":"https:\/\/www.campinglaguna.com\/","name":"Camping Laguna","description":"Otro sitio realizado con WordPress","publisher":{"@id":"https:\/\/www.campinglaguna.com\/#organization"},"potentialAction":[{"@type":"SearchAction","target":{"@type":"EntryPoint","urlTemplate":"https:\/\/www.campinglaguna.com\/?s={search_term_string}"},"query-input":{"@type":"PropertyValueSpecification","valueRequired":true,"valueName":"search_term_string"}}],"inLanguage":"ca"},{"@type":"Organization","@id":"https:\/\/www.campinglaguna.com\/#organization","name":"Camping Laguna","url":"https:\/\/www.campinglaguna.com\/","logo":{"@type":"ImageObject","inLanguage":"ca","@id":"https:\/\/www.campinglaguna.com\/#\/schema\/logo\/image\/","url":"https:\/\/www.campinglaguna.com\/wp-content\/uploads\/logo-laguna.png","contentUrl":"https:\/\/www.campinglaguna.com\/wp-content\/uploads\/logo-laguna.png","width":263,"height":64,"caption":"Camping Laguna"},"image":{"@id":"https:\/\/www.campinglaguna.com\/#\/schema\/logo\/image\/"}}]}},"_links":{"self":[{"href":"https:\/\/www.campinglaguna.com\/ca\/wp-json\/wp\/v2\/pages\/23689","targetHints":{"allow":["GET"]}}],"collection":[{"href":"https:\/\/www.campinglaguna.com\/ca\/wp-json\/wp\/v2\/pages"}],"about":[{"href":"https:\/\/www.campinglaguna.com\/ca\/wp-json\/wp\/v2\/types\/page"}],"author":[{"embeddable":true,"href":"https:\/\/www.campinglaguna.com\/ca\/wp-json\/wp\/v2\/users\/2"}],"replies":[{"embeddable":true,"href":"https:\/\/www.campinglaguna.com\/ca\/wp-json\/wp\/v2\/comments?post=23689"}],"version-history":[{"count":0,"href":"https:\/\/www.campinglaguna.com\/ca\/wp-json\/wp\/v2\/pages\/23689\/revisions"}],"up":[{"embeddable":true,"href":"https:\/\/www.campinglaguna.com\/ca\/wp-json\/wp\/v2\/pages\/23715"}],"wp:featuredmedia":[{"embeddable":true,"href":"https:\/\/www.campinglaguna.com\/ca\/wp-json\/wp\/v2\/media\/20227"}],"wp:attachment":[{"href":"https:\/\/www.campinglaguna.com\/ca\/wp-json\/wp\/v2\/media?parent=23689"}],"curies":[{"name":"wp","href":"https:\/\/api.w.org\/{rel}","templated":true}]}}