{"id":23691,"date":"2017-03-09T12:28:33","date_gmt":"2017-03-09T11:28:33","guid":{"rendered":"https:\/\/www.campinglaguna.com\/wifi-internet\/"},"modified":"2023-05-09T12:29:32","modified_gmt":"2023-05-09T10:29:32","slug":"wifi-internet","status":"publish","type":"page","link":"https:\/\/www.campinglaguna.com\/ca\/el-camping\/serveis\/wifi-internet\/","title":{"rendered":"Wifi &#038; Internet"},"content":{"rendered":"<p>A Laguna disposem de l&#8217;\u00faltima tecnologia WiFi amb connexions r\u00e0pides, routers als nostres bungalows amb l&#8217;\u00faltima tecnologia americana i m\u00e9s de 52 hotspots (connectats per fibra \u00f2ptica i totes les antenes renovades el 2023) repartits per tot el c\u00e0mping.<\/p>\n<p>Aqu\u00ed a Laguna sempre pots estar en contacte amb la teva fam\u00edlia&#8230; i no oblidis compartir-ho a Facebook, Twitter o Instagram #ilovecampinglaguna!<\/p>\n","protected":false},"excerpt":{"rendered":"<p>A Laguna disposem de l&#8217;\u00faltima tecnologia WiFi amb connexions r\u00e0pides, routers als nostres bungalows amb l&#8217;\u00faltima tecnologia americana i m\u00e9s de 52 hotspots (connectats per fibra \u00f2ptica i totes les [&hellip;]<\/p>\n","protected":false},"author":2,"featured_media":21595,"parent":23715,"menu_order":0,"comment_status":"closed","ping_status":"closed","template":"","meta":{"_acf_changed":false,"footnotes":""},"class_list":["post-23691","page","type-page","status-publish","has-post-thumbnail","hentry"],"acf":[],"yoast_head":"<!-- This site is optimized with the Yoast SEO plugin v26.1.1 - https:\/\/yoast.com\/wordpress\/plugins\/seo\/ -->\n<title>Wifi &amp; Internet - Camping Laguna<\/title>\n<meta name=\"description\" content=\"A Laguna disposem de l&#039;\u00faltima tecnologia WiFi amb connexions r\u00e0pides, routers als nostres bungalows amb l&#039;\u00faltima tecnologia americana i m\u00e9s de 52 hotspots\" \/>\n<meta name=\"robots\" content=\"index, follow, max-snippet:-1, max-image-preview:large, max-video-preview:-1\" \/>\n<link rel=\"canonical\" href=\"https:\/\/www.campinglaguna.com\/el-camping\/servicios\/wifi-internet\/\" \/>\n<meta property=\"og:locale\" content=\"ca_ES\" \/>\n<meta property=\"og:type\" content=\"article\" \/>\n<meta property=\"og:title\" content=\"Wifi &amp; Internet - Camping Laguna\" \/>\n<meta property=\"og:description\" content=\"A Laguna disposem de l&#039;\u00faltima tecnologia WiFi amb connexions r\u00e0pides, routers als nostres bungalows amb l&#039;\u00faltima tecnologia americana i m\u00e9s de 52 hotspots\" \/>\n<meta property=\"og:url\" content=\"https:\/\/www.campinglaguna.com\/el-camping\/servicios\/wifi-internet\/\" \/>\n<meta property=\"og:site_name\" content=\"Camping Laguna\" \/>\n<meta property=\"article:modified_time\" content=\"2023-05-09T10:29:32+00:00\" \/>\n<meta property=\"og:image\" content=\"https:\/\/www.campinglaguna.com\/wp-content\/uploads\/principal211.jpg\" \/>\n\t<meta property=\"og:image:width\" content=\"1440\" \/>\n\t<meta property=\"og:image:height\" content=\"500\" \/>\n\t<meta property=\"og:image:type\" content=\"image\/jpeg\" \/>\n<meta name=\"twitter:card\" content=\"summary_large_image\" \/>\n<meta name=\"twitter:label1\" content=\"Temps estimat de lectura\" \/>\n\t<meta name=\"twitter:data1\" content=\"1 minut\" \/>\n<script type=\"application\/ld+json\" class=\"yoast-schema-graph\">{\"@context\":\"https:\/\/schema.org\",\"@graph\":[{\"@type\":\"WebPage\",\"@id\":\"https:\/\/www.campinglaguna.com\/el-camping\/servicios\/wifi-internet\/\",\"url\":\"https:\/\/www.campinglaguna.com\/el-camping\/servicios\/wifi-internet\/\",\"name\":\"Wifi & Internet - Camping Laguna\",\"isPartOf\":{\"@id\":\"https:\/\/www.campinglaguna.com\/#website\"},\"primaryImageOfPage\":{\"@id\":\"https:\/\/www.campinglaguna.com\/el-camping\/servicios\/wifi-internet\/#primaryimage\"},\"image\":{\"@id\":\"https:\/\/www.campinglaguna.com\/el-camping\/servicios\/wifi-internet\/#primaryimage\"},\"thumbnailUrl\":\"https:\/\/www.campinglaguna.com\/wp-content\/uploads\/principal211.jpg\",\"datePublished\":\"2017-03-09T11:28:33+00:00\",\"dateModified\":\"2023-05-09T10:29:32+00:00\",\"description\":\"A Laguna disposem de l'\u00faltima tecnologia WiFi amb connexions r\u00e0pides, routers als nostres bungalows amb l'\u00faltima tecnologia americana i m\u00e9s de 52 hotspots\",\"breadcrumb\":{\"@id\":\"https:\/\/www.campinglaguna.com\/el-camping\/servicios\/wifi-internet\/#breadcrumb\"},\"inLanguage\":\"ca\",\"potentialAction\":[{\"@type\":\"ReadAction\",\"target\":[\"https:\/\/www.campinglaguna.com\/el-camping\/servicios\/wifi-internet\/\"]}]},{\"@type\":\"ImageObject\",\"inLanguage\":\"ca\",\"@id\":\"https:\/\/www.campinglaguna.com\/el-camping\/servicios\/wifi-internet\/#primaryimage\",\"url\":\"https:\/\/www.campinglaguna.com\/wp-content\/uploads\/principal211.jpg\",\"contentUrl\":\"https:\/\/www.campinglaguna.com\/wp-content\/uploads\/principal211.jpg\",\"width\":1440,\"height\":500},{\"@type\":\"BreadcrumbList\",\"@id\":\"https:\/\/www.campinglaguna.com\/el-camping\/servicios\/wifi-internet\/#breadcrumb\",\"itemListElement\":[{\"@type\":\"ListItem\",\"position\":1,\"name\":\"Camping Laguna\",\"item\":\"https:\/\/www.campinglaguna.com\/ca\/\"},{\"@type\":\"ListItem\",\"position\":2,\"name\":\"El camping\",\"item\":\"https:\/\/www.campinglaguna.com\/el-camping\/\"},{\"@type\":\"ListItem\",\"position\":3,\"name\":\"Serveis\",\"item\":\"https:\/\/www.campinglaguna.com\/el-camping\/servicios\/\"},{\"@type\":\"ListItem\",\"position\":4,\"name\":\"Wifi &#038; Internet\"}]},{\"@type\":\"WebSite\",\"@id\":\"https:\/\/www.campinglaguna.com\/#website\",\"url\":\"https:\/\/www.campinglaguna.com\/\",\"name\":\"Camping Laguna\",\"description\":\"Otro sitio realizado con WordPress\",\"publisher\":{\"@id\":\"https:\/\/www.campinglaguna.com\/#organization\"},\"potentialAction\":[{\"@type\":\"SearchAction\",\"target\":{\"@type\":\"EntryPoint\",\"urlTemplate\":\"https:\/\/www.campinglaguna.com\/?s={search_term_string}\"},\"query-input\":{\"@type\":\"PropertyValueSpecification\",\"valueRequired\":true,\"valueName\":\"search_term_string\"}}],\"inLanguage\":\"ca\"},{\"@type\":\"Organization\",\"@id\":\"https:\/\/www.campinglaguna.com\/#organization\",\"name\":\"Camping Laguna\",\"url\":\"https:\/\/www.campinglaguna.com\/\",\"logo\":{\"@type\":\"ImageObject\",\"inLanguage\":\"ca\",\"@id\":\"https:\/\/www.campinglaguna.com\/#\/schema\/logo\/image\/\",\"url\":\"https:\/\/www.campinglaguna.com\/wp-content\/uploads\/logo-laguna.png\",\"contentUrl\":\"https:\/\/www.campinglaguna.com\/wp-content\/uploads\/logo-laguna.png\",\"width\":263,\"height\":64,\"caption\":\"Camping Laguna\"},\"image\":{\"@id\":\"https:\/\/www.campinglaguna.com\/#\/schema\/logo\/image\/\"}}]}<\/script>\n<!-- \/ Yoast SEO plugin. -->","yoast_head_json":{"title":"Wifi & Internet - Camping Laguna","description":"A Laguna disposem de l'\u00faltima tecnologia WiFi amb connexions r\u00e0pides, routers als nostres bungalows amb l'\u00faltima tecnologia americana i m\u00e9s de 52 hotspots","robots":{"index":"index","follow":"follow","max-snippet":"max-snippet:-1","max-image-preview":"max-image-preview:large","max-video-preview":"max-video-preview:-1"},"canonical":"https:\/\/www.campinglaguna.com\/el-camping\/servicios\/wifi-internet\/","og_locale":"ca_ES","og_type":"article","og_title":"Wifi & Internet - Camping Laguna","og_description":"A Laguna disposem de l'\u00faltima tecnologia WiFi amb connexions r\u00e0pides, routers als nostres bungalows amb l'\u00faltima tecnologia americana i m\u00e9s de 52 hotspots","og_url":"https:\/\/www.campinglaguna.com\/el-camping\/servicios\/wifi-internet\/","og_site_name":"Camping Laguna","article_modified_time":"2023-05-09T10:29:32+00:00","og_image":[{"width":1440,"height":500,"url":"https:\/\/www.campinglaguna.com\/wp-content\/uploads\/principal211.jpg","type":"image\/jpeg"}],"twitter_card":"summary_large_image","twitter_misc":{"Temps estimat de lectura":"1 minut"},"schema":{"@context":"https:\/\/schema.org","@graph":[{"@type":"WebPage","@id":"https:\/\/www.campinglaguna.com\/el-camping\/servicios\/wifi-internet\/","url":"https:\/\/www.campinglaguna.com\/el-camping\/servicios\/wifi-internet\/","name":"Wifi & Internet - Camping Laguna","isPartOf":{"@id":"https:\/\/www.campinglaguna.com\/#website"},"primaryImageOfPage":{"@id":"https:\/\/www.campinglaguna.com\/el-camping\/servicios\/wifi-internet\/#primaryimage"},"image":{"@id":"https:\/\/www.campinglaguna.com\/el-camping\/servicios\/wifi-internet\/#primaryimage"},"thumbnailUrl":"https:\/\/www.campinglaguna.com\/wp-content\/uploads\/principal211.jpg","datePublished":"2017-03-09T11:28:33+00:00","dateModified":"2023-05-09T10:29:32+00:00","description":"A Laguna disposem de l'\u00faltima tecnologia WiFi amb connexions r\u00e0pides, routers als nostres bungalows amb l'\u00faltima tecnologia americana i m\u00e9s de 52 hotspots","breadcrumb":{"@id":"https:\/\/www.campinglaguna.com\/el-camping\/servicios\/wifi-internet\/#breadcrumb"},"inLanguage":"ca","potentialAction":[{"@type":"ReadAction","target":["https:\/\/www.campinglaguna.com\/el-camping\/servicios\/wifi-internet\/"]}]},{"@type":"ImageObject","inLanguage":"ca","@id":"https:\/\/www.campinglaguna.com\/el-camping\/servicios\/wifi-internet\/#primaryimage","url":"https:\/\/www.campinglaguna.com\/wp-content\/uploads\/principal211.jpg","contentUrl":"https:\/\/www.campinglaguna.com\/wp-content\/uploads\/principal211.jpg","width":1440,"height":500},{"@type":"BreadcrumbList","@id":"https:\/\/www.campinglaguna.com\/el-camping\/servicios\/wifi-internet\/#breadcrumb","itemListElement":[{"@type":"ListItem","position":1,"name":"Camping Laguna","item":"https:\/\/www.campinglaguna.com\/ca\/"},{"@type":"ListItem","position":2,"name":"El camping","item":"https:\/\/www.campinglaguna.com\/el-camping\/"},{"@type":"ListItem","position":3,"name":"Serveis","item":"https:\/\/www.campinglaguna.com\/el-camping\/servicios\/"},{"@type":"ListItem","position":4,"name":"Wifi &#038; Internet"}]},{"@type":"WebSite","@id":"https:\/\/www.campinglaguna.com\/#website","url":"https:\/\/www.campinglaguna.com\/","name":"Camping Laguna","description":"Otro sitio realizado con WordPress","publisher":{"@id":"https:\/\/www.campinglaguna.com\/#organization"},"potentialAction":[{"@type":"SearchAction","target":{"@type":"EntryPoint","urlTemplate":"https:\/\/www.campinglaguna.com\/?s={search_term_string}"},"query-input":{"@type":"PropertyValueSpecification","valueRequired":true,"valueName":"search_term_string"}}],"inLanguage":"ca"},{"@type":"Organization","@id":"https:\/\/www.campinglaguna.com\/#organization","name":"Camping Laguna","url":"https:\/\/www.campinglaguna.com\/","logo":{"@type":"ImageObject","inLanguage":"ca","@id":"https:\/\/www.campinglaguna.com\/#\/schema\/logo\/image\/","url":"https:\/\/www.campinglaguna.com\/wp-content\/uploads\/logo-laguna.png","contentUrl":"https:\/\/www.campinglaguna.com\/wp-content\/uploads\/logo-laguna.png","width":263,"height":64,"caption":"Camping Laguna"},"image":{"@id":"https:\/\/www.campinglaguna.com\/#\/schema\/logo\/image\/"}}]}},"_links":{"self":[{"href":"https:\/\/www.campinglaguna.com\/ca\/wp-json\/wp\/v2\/pages\/23691","targetHints":{"allow":["GET"]}}],"collection":[{"href":"https:\/\/www.campinglaguna.com\/ca\/wp-json\/wp\/v2\/pages"}],"about":[{"href":"https:\/\/www.campinglaguna.com\/ca\/wp-json\/wp\/v2\/types\/page"}],"author":[{"embeddable":true,"href":"https:\/\/www.campinglaguna.com\/ca\/wp-json\/wp\/v2\/users\/2"}],"replies":[{"embeddable":true,"href":"https:\/\/www.campinglaguna.com\/ca\/wp-json\/wp\/v2\/comments?post=23691"}],"version-history":[{"count":5,"href":"https:\/\/www.campinglaguna.com\/ca\/wp-json\/wp\/v2\/pages\/23691\/revisions"}],"predecessor-version":[{"id":37744,"href":"https:\/\/www.campinglaguna.com\/ca\/wp-json\/wp\/v2\/pages\/23691\/revisions\/37744"}],"up":[{"embeddable":true,"href":"https:\/\/www.campinglaguna.com\/ca\/wp-json\/wp\/v2\/pages\/23715"}],"wp:featuredmedia":[{"embeddable":true,"href":"https:\/\/www.campinglaguna.com\/ca\/wp-json\/wp\/v2\/media\/21595"}],"wp:attachment":[{"href":"https:\/\/www.campinglaguna.com\/ca\/wp-json\/wp\/v2\/media?parent=23691"}],"curies":[{"name":"wp","href":"https:\/\/api.w.org\/{rel}","templated":true}]}}