{"id":23693,"date":"2017-03-09T12:30:35","date_gmt":"2017-03-09T11:30:35","guid":{"rendered":"https:\/\/www.campinglaguna.com\/supermercat\/"},"modified":"2017-03-15T10:07:27","modified_gmt":"2017-03-15T09:07:27","slug":"supermercat","status":"publish","type":"page","link":"https:\/\/www.campinglaguna.com\/ca\/el-camping\/serveis\/supermercat\/","title":{"rendered":"Supermercat"},"content":{"rendered":"<p>Una \u00e0mplia oferta de productes locals i internacionals que et permetran estalviar el teu temps per dedicar-lo del tot a gaudir de les teves vacances.<\/p>\n<p>Pa del dia i brioixeria. Carns, verdura i fruita fresca, productes lactis i pasta. Gran assortiment de congelats, aliments infantils i especialitats de la cuina tradicional espanyola i europea. Una \u00e0mplia varietat d&#8217;aliments amb certificaci\u00f3 ecol\u00f2gica i productes de proximitat i tamb\u00e9 aliments lliures de gluten.<br \/>\nTot tipus de begudes; Aig\u00fces, sucs, refrescos, cerveses, vins de proximitat, de la DO Empord\u00e0 i tamb\u00e9 de la resta d&#8217;Espanya. Licors nacionals i internacionals.<\/p>\n<p>Productes de neteja, d&#8217;higiene personal i articles de c\u00e0mping, i tamb\u00e9 la possibilitat de llegir el teu premsa di\u00e0ria favorita, al costat d&#8217;una acurada selecci\u00f3 de llibres i revistes.<\/p>\n","protected":false},"excerpt":{"rendered":"<p>Una \u00e0mplia oferta de productes locals i internacionals que et permetran estalviar el teu temps per dedicar-lo del tot a gaudir de les teves vacances. Pa del dia i brioixeria. [&hellip;]<\/p>\n","protected":false},"author":2,"featured_media":21585,"parent":23715,"menu_order":2,"comment_status":"closed","ping_status":"closed","template":"","meta":{"_acf_changed":false,"footnotes":""},"class_list":["post-23693","page","type-page","status-publish","has-post-thumbnail","hentry"],"acf":[],"yoast_head":"<!-- This site is optimized with the Yoast SEO plugin v26.1.1 - https:\/\/yoast.com\/wordpress\/plugins\/seo\/ -->\n<title>Supermercat - Camping Laguna<\/title>\n<meta name=\"description\" content=\"Una \u00e0mplia oferta de productes locals i internacionals que et permetran estalviar el teu temps per dedicar-lo del tot a gaudir de les teves vacances. Pa\" \/>\n<meta name=\"robots\" content=\"index, follow, max-snippet:-1, max-image-preview:large, max-video-preview:-1\" \/>\n<link rel=\"canonical\" href=\"https:\/\/www.campinglaguna.com\/el-camping\/servicios\/supermercado\/\" \/>\n<meta property=\"og:locale\" content=\"ca_ES\" \/>\n<meta property=\"og:type\" content=\"article\" \/>\n<meta property=\"og:title\" content=\"Supermercat - Camping Laguna\" \/>\n<meta property=\"og:description\" content=\"Una \u00e0mplia oferta de productes locals i internacionals que et permetran estalviar el teu temps per dedicar-lo del tot a gaudir de les teves vacances. Pa\" \/>\n<meta property=\"og:url\" content=\"https:\/\/www.campinglaguna.com\/el-camping\/servicios\/supermercado\/\" \/>\n<meta property=\"og:site_name\" content=\"Camping Laguna\" \/>\n<meta property=\"article:modified_time\" content=\"2017-03-15T09:07:27+00:00\" \/>\n<meta property=\"og:image\" content=\"https:\/\/www.campinglaguna.com\/wp-content\/uploads\/principal210.jpg\" \/>\n\t<meta property=\"og:image:width\" content=\"1440\" \/>\n\t<meta property=\"og:image:height\" content=\"500\" \/>\n\t<meta property=\"og:image:type\" content=\"image\/jpeg\" \/>\n<meta name=\"twitter:card\" content=\"summary_large_image\" \/>\n<meta name=\"twitter:label1\" content=\"Temps estimat de lectura\" \/>\n\t<meta name=\"twitter:data1\" content=\"1 minut\" \/>\n<script type=\"application\/ld+json\" class=\"yoast-schema-graph\">{\"@context\":\"https:\/\/schema.org\",\"@graph\":[{\"@type\":\"WebPage\",\"@id\":\"https:\/\/www.campinglaguna.com\/el-camping\/servicios\/supermercado\/\",\"url\":\"https:\/\/www.campinglaguna.com\/el-camping\/servicios\/supermercado\/\",\"name\":\"Supermercat - Camping Laguna\",\"isPartOf\":{\"@id\":\"https:\/\/www.campinglaguna.com\/#website\"},\"primaryImageOfPage\":{\"@id\":\"https:\/\/www.campinglaguna.com\/el-camping\/servicios\/supermercado\/#primaryimage\"},\"image\":{\"@id\":\"https:\/\/www.campinglaguna.com\/el-camping\/servicios\/supermercado\/#primaryimage\"},\"thumbnailUrl\":\"https:\/\/www.campinglaguna.com\/wp-content\/uploads\/principal210.jpg\",\"datePublished\":\"2017-03-09T11:30:35+00:00\",\"dateModified\":\"2017-03-15T09:07:27+00:00\",\"description\":\"Una \u00e0mplia oferta de productes locals i internacionals que et permetran estalviar el teu temps per dedicar-lo del tot a gaudir de les teves vacances. Pa\",\"breadcrumb\":{\"@id\":\"https:\/\/www.campinglaguna.com\/el-camping\/servicios\/supermercado\/#breadcrumb\"},\"inLanguage\":\"ca\",\"potentialAction\":[{\"@type\":\"ReadAction\",\"target\":[\"https:\/\/www.campinglaguna.com\/el-camping\/servicios\/supermercado\/\"]}]},{\"@type\":\"ImageObject\",\"inLanguage\":\"ca\",\"@id\":\"https:\/\/www.campinglaguna.com\/el-camping\/servicios\/supermercado\/#primaryimage\",\"url\":\"https:\/\/www.campinglaguna.com\/wp-content\/uploads\/principal210.jpg\",\"contentUrl\":\"https:\/\/www.campinglaguna.com\/wp-content\/uploads\/principal210.jpg\",\"width\":1440,\"height\":500},{\"@type\":\"BreadcrumbList\",\"@id\":\"https:\/\/www.campinglaguna.com\/el-camping\/servicios\/supermercado\/#breadcrumb\",\"itemListElement\":[{\"@type\":\"ListItem\",\"position\":1,\"name\":\"Camping Laguna\",\"item\":\"https:\/\/www.campinglaguna.com\/ca\/\"},{\"@type\":\"ListItem\",\"position\":2,\"name\":\"El camping\",\"item\":\"https:\/\/www.campinglaguna.com\/el-camping\/\"},{\"@type\":\"ListItem\",\"position\":3,\"name\":\"Serveis\",\"item\":\"https:\/\/www.campinglaguna.com\/el-camping\/servicios\/\"},{\"@type\":\"ListItem\",\"position\":4,\"name\":\"Supermercat\"}]},{\"@type\":\"WebSite\",\"@id\":\"https:\/\/www.campinglaguna.com\/#website\",\"url\":\"https:\/\/www.campinglaguna.com\/\",\"name\":\"Camping Laguna\",\"description\":\"Otro sitio realizado con WordPress\",\"publisher\":{\"@id\":\"https:\/\/www.campinglaguna.com\/#organization\"},\"potentialAction\":[{\"@type\":\"SearchAction\",\"target\":{\"@type\":\"EntryPoint\",\"urlTemplate\":\"https:\/\/www.campinglaguna.com\/?s={search_term_string}\"},\"query-input\":{\"@type\":\"PropertyValueSpecification\",\"valueRequired\":true,\"valueName\":\"search_term_string\"}}],\"inLanguage\":\"ca\"},{\"@type\":\"Organization\",\"@id\":\"https:\/\/www.campinglaguna.com\/#organization\",\"name\":\"Camping Laguna\",\"url\":\"https:\/\/www.campinglaguna.com\/\",\"logo\":{\"@type\":\"ImageObject\",\"inLanguage\":\"ca\",\"@id\":\"https:\/\/www.campinglaguna.com\/#\/schema\/logo\/image\/\",\"url\":\"https:\/\/www.campinglaguna.com\/wp-content\/uploads\/logo-laguna.png\",\"contentUrl\":\"https:\/\/www.campinglaguna.com\/wp-content\/uploads\/logo-laguna.png\",\"width\":263,\"height\":64,\"caption\":\"Camping Laguna\"},\"image\":{\"@id\":\"https:\/\/www.campinglaguna.com\/#\/schema\/logo\/image\/\"}}]}<\/script>\n<!-- \/ Yoast SEO plugin. -->","yoast_head_json":{"title":"Supermercat - Camping Laguna","description":"Una \u00e0mplia oferta de productes locals i internacionals que et permetran estalviar el teu temps per dedicar-lo del tot a gaudir de les teves vacances. Pa","robots":{"index":"index","follow":"follow","max-snippet":"max-snippet:-1","max-image-preview":"max-image-preview:large","max-video-preview":"max-video-preview:-1"},"canonical":"https:\/\/www.campinglaguna.com\/el-camping\/servicios\/supermercado\/","og_locale":"ca_ES","og_type":"article","og_title":"Supermercat - Camping Laguna","og_description":"Una \u00e0mplia oferta de productes locals i internacionals que et permetran estalviar el teu temps per dedicar-lo del tot a gaudir de les teves vacances. Pa","og_url":"https:\/\/www.campinglaguna.com\/el-camping\/servicios\/supermercado\/","og_site_name":"Camping Laguna","article_modified_time":"2017-03-15T09:07:27+00:00","og_image":[{"width":1440,"height":500,"url":"https:\/\/www.campinglaguna.com\/wp-content\/uploads\/principal210.jpg","type":"image\/jpeg"}],"twitter_card":"summary_large_image","twitter_misc":{"Temps estimat de lectura":"1 minut"},"schema":{"@context":"https:\/\/schema.org","@graph":[{"@type":"WebPage","@id":"https:\/\/www.campinglaguna.com\/el-camping\/servicios\/supermercado\/","url":"https:\/\/www.campinglaguna.com\/el-camping\/servicios\/supermercado\/","name":"Supermercat - Camping Laguna","isPartOf":{"@id":"https:\/\/www.campinglaguna.com\/#website"},"primaryImageOfPage":{"@id":"https:\/\/www.campinglaguna.com\/el-camping\/servicios\/supermercado\/#primaryimage"},"image":{"@id":"https:\/\/www.campinglaguna.com\/el-camping\/servicios\/supermercado\/#primaryimage"},"thumbnailUrl":"https:\/\/www.campinglaguna.com\/wp-content\/uploads\/principal210.jpg","datePublished":"2017-03-09T11:30:35+00:00","dateModified":"2017-03-15T09:07:27+00:00","description":"Una \u00e0mplia oferta de productes locals i internacionals que et permetran estalviar el teu temps per dedicar-lo del tot a gaudir de les teves vacances. Pa","breadcrumb":{"@id":"https:\/\/www.campinglaguna.com\/el-camping\/servicios\/supermercado\/#breadcrumb"},"inLanguage":"ca","potentialAction":[{"@type":"ReadAction","target":["https:\/\/www.campinglaguna.com\/el-camping\/servicios\/supermercado\/"]}]},{"@type":"ImageObject","inLanguage":"ca","@id":"https:\/\/www.campinglaguna.com\/el-camping\/servicios\/supermercado\/#primaryimage","url":"https:\/\/www.campinglaguna.com\/wp-content\/uploads\/principal210.jpg","contentUrl":"https:\/\/www.campinglaguna.com\/wp-content\/uploads\/principal210.jpg","width":1440,"height":500},{"@type":"BreadcrumbList","@id":"https:\/\/www.campinglaguna.com\/el-camping\/servicios\/supermercado\/#breadcrumb","itemListElement":[{"@type":"ListItem","position":1,"name":"Camping Laguna","item":"https:\/\/www.campinglaguna.com\/ca\/"},{"@type":"ListItem","position":2,"name":"El camping","item":"https:\/\/www.campinglaguna.com\/el-camping\/"},{"@type":"ListItem","position":3,"name":"Serveis","item":"https:\/\/www.campinglaguna.com\/el-camping\/servicios\/"},{"@type":"ListItem","position":4,"name":"Supermercat"}]},{"@type":"WebSite","@id":"https:\/\/www.campinglaguna.com\/#website","url":"https:\/\/www.campinglaguna.com\/","name":"Camping Laguna","description":"Otro sitio realizado con WordPress","publisher":{"@id":"https:\/\/www.campinglaguna.com\/#organization"},"potentialAction":[{"@type":"SearchAction","target":{"@type":"EntryPoint","urlTemplate":"https:\/\/www.campinglaguna.com\/?s={search_term_string}"},"query-input":{"@type":"PropertyValueSpecification","valueRequired":true,"valueName":"search_term_string"}}],"inLanguage":"ca"},{"@type":"Organization","@id":"https:\/\/www.campinglaguna.com\/#organization","name":"Camping Laguna","url":"https:\/\/www.campinglaguna.com\/","logo":{"@type":"ImageObject","inLanguage":"ca","@id":"https:\/\/www.campinglaguna.com\/#\/schema\/logo\/image\/","url":"https:\/\/www.campinglaguna.com\/wp-content\/uploads\/logo-laguna.png","contentUrl":"https:\/\/www.campinglaguna.com\/wp-content\/uploads\/logo-laguna.png","width":263,"height":64,"caption":"Camping Laguna"},"image":{"@id":"https:\/\/www.campinglaguna.com\/#\/schema\/logo\/image\/"}}]}},"_links":{"self":[{"href":"https:\/\/www.campinglaguna.com\/ca\/wp-json\/wp\/v2\/pages\/23693","targetHints":{"allow":["GET"]}}],"collection":[{"href":"https:\/\/www.campinglaguna.com\/ca\/wp-json\/wp\/v2\/pages"}],"about":[{"href":"https:\/\/www.campinglaguna.com\/ca\/wp-json\/wp\/v2\/types\/page"}],"author":[{"embeddable":true,"href":"https:\/\/www.campinglaguna.com\/ca\/wp-json\/wp\/v2\/users\/2"}],"replies":[{"embeddable":true,"href":"https:\/\/www.campinglaguna.com\/ca\/wp-json\/wp\/v2\/comments?post=23693"}],"version-history":[{"count":1,"href":"https:\/\/www.campinglaguna.com\/ca\/wp-json\/wp\/v2\/pages\/23693\/revisions"}],"predecessor-version":[{"id":24537,"href":"https:\/\/www.campinglaguna.com\/ca\/wp-json\/wp\/v2\/pages\/23693\/revisions\/24537"}],"up":[{"embeddable":true,"href":"https:\/\/www.campinglaguna.com\/ca\/wp-json\/wp\/v2\/pages\/23715"}],"wp:featuredmedia":[{"embeddable":true,"href":"https:\/\/www.campinglaguna.com\/ca\/wp-json\/wp\/v2\/media\/21585"}],"wp:attachment":[{"href":"https:\/\/www.campinglaguna.com\/ca\/wp-json\/wp\/v2\/media?parent=23693"}],"curies":[{"name":"wp","href":"https:\/\/api.w.org\/{rel}","templated":true}]}}