{"id":23723,"date":"2017-03-09T13:29:53","date_gmt":"2017-03-09T12:29:53","guid":{"rendered":"https:\/\/www.campinglaguna.com\/empuriabrava\/"},"modified":"2017-03-09T13:30:19","modified_gmt":"2017-03-09T12:30:19","slug":"empuriabrava","status":"publish","type":"page","link":"https:\/\/www.campinglaguna.com\/ca\/que-fer\/activitats\/lleure\/empuriabrava\/","title":{"rendered":"Empuriabrava"},"content":{"rendered":"<p><em>\u00a0Empuriabrava \u00e9s considerada la marina residencial m\u00e9s important d&#8217;Europa. Va ser fundada el 1967 i compta amb 24 quil\u00f2metres de canals navegables. S&#8217;inspira sobretot en altres projectes similars sorgits a Florida i en l&#8217;ideal rom\u00e0ntic de la Ven\u00e8cia cl\u00e0ssica. Hi ha 5.000 amarradors per a embarcacions de fins a 26 metres, 700 dels quals estan destinats a visitants, i un aeroport esportiu de fama internacional per a la pr\u00e0ctica i la competici\u00f3 de paracaigudisme.<\/em><\/p>\n<p><em>L&#8217;acc\u00e9s des del c\u00e0mping \u00e9s molt senzill ja que es troba al costat de c\u00e0mping. Ens separa el riu Muga. Sense agafar el cotxe, s\u2019hi pot accedir pel carril bici o, quan \u00e9s possible, directament per la platja. Ofereix un gran ventall de possibilitats per al lleure i per a totes les edats: tot tipus d&#8217;esports n\u00e0utics, lloguer de vaixells o velers, passejos pels canals amb vaixell, pesca esportiva, paracaigudisme, vols en avioneta, t\u00fanel de vent, pitch-and-putt, gimnasos, centres de wellness, discoteques, bars, botigues, gran varietat de restaurants, bolera, grans supermercats&#8230;<\/em><\/p>\n","protected":false},"excerpt":{"rendered":"<p>\u00a0Empuriabrava \u00e9s considerada la marina residencial m\u00e9s important d&#8217;Europa. Va ser fundada el 1967 i compta amb 24 quil\u00f2metres de canals navegables. S&#8217;inspira sobretot en altres projectes similars sorgits a [&hellip;]<\/p>\n","protected":false},"author":2,"featured_media":20696,"parent":23765,"menu_order":1,"comment_status":"closed","ping_status":"closed","template":"","meta":{"_acf_changed":false,"footnotes":""},"class_list":["post-23723","page","type-page","status-publish","has-post-thumbnail","hentry"],"acf":[],"yoast_head":"<!-- This site is optimized with the Yoast SEO plugin v26.1.1 - https:\/\/yoast.com\/wordpress\/plugins\/seo\/ -->\n<title>Empuriabrava - Camping Laguna<\/title>\n<meta name=\"description\" content=\"\u00a0Empuriabrava \u00e9s considerada la marina residencial m\u00e9s important d&#039;Europa. Va ser fundada el 1967 i compta amb 24 quil\u00f2metres de canals navegables.\" \/>\n<meta name=\"robots\" content=\"index, follow, max-snippet:-1, max-image-preview:large, max-video-preview:-1\" \/>\n<link rel=\"canonical\" href=\"https:\/\/www.campinglaguna.com\/que-hacer\/actividades\/ocio\/ampuriabrava\/\" \/>\n<meta property=\"og:locale\" content=\"ca_ES\" \/>\n<meta property=\"og:type\" content=\"article\" \/>\n<meta property=\"og:title\" content=\"Empuriabrava - Camping Laguna\" \/>\n<meta property=\"og:description\" content=\"\u00a0Empuriabrava \u00e9s considerada la marina residencial m\u00e9s important d&#039;Europa. Va ser fundada el 1967 i compta amb 24 quil\u00f2metres de canals navegables.\" \/>\n<meta property=\"og:url\" content=\"https:\/\/www.campinglaguna.com\/que-hacer\/actividades\/ocio\/ampuriabrava\/\" \/>\n<meta property=\"og:site_name\" content=\"Camping Laguna\" \/>\n<meta property=\"article:modified_time\" content=\"2017-03-09T12:30:19+00:00\" \/>\n<meta property=\"og:image\" content=\"https:\/\/www.campinglaguna.com\/wp-content\/uploads\/ampuria01.jpg\" \/>\n\t<meta property=\"og:image:width\" content=\"1440\" \/>\n\t<meta property=\"og:image:height\" content=\"500\" \/>\n\t<meta property=\"og:image:type\" content=\"image\/jpeg\" \/>\n<meta name=\"twitter:card\" content=\"summary_large_image\" \/>\n<meta name=\"twitter:label1\" content=\"Temps estimat de lectura\" \/>\n\t<meta name=\"twitter:data1\" content=\"1 minut\" \/>\n<script type=\"application\/ld+json\" class=\"yoast-schema-graph\">{\"@context\":\"https:\/\/schema.org\",\"@graph\":[{\"@type\":\"WebPage\",\"@id\":\"https:\/\/www.campinglaguna.com\/que-hacer\/actividades\/ocio\/ampuriabrava\/\",\"url\":\"https:\/\/www.campinglaguna.com\/que-hacer\/actividades\/ocio\/ampuriabrava\/\",\"name\":\"Empuriabrava - Camping Laguna\",\"isPartOf\":{\"@id\":\"https:\/\/www.campinglaguna.com\/#website\"},\"primaryImageOfPage\":{\"@id\":\"https:\/\/www.campinglaguna.com\/que-hacer\/actividades\/ocio\/ampuriabrava\/#primaryimage\"},\"image\":{\"@id\":\"https:\/\/www.campinglaguna.com\/que-hacer\/actividades\/ocio\/ampuriabrava\/#primaryimage\"},\"thumbnailUrl\":\"https:\/\/www.campinglaguna.com\/wp-content\/uploads\/ampuria01.jpg\",\"datePublished\":\"2017-03-09T12:29:53+00:00\",\"dateModified\":\"2017-03-09T12:30:19+00:00\",\"description\":\"\u00a0Empuriabrava \u00e9s considerada la marina residencial m\u00e9s important d'Europa. Va ser fundada el 1967 i compta amb 24 quil\u00f2metres de canals navegables.\",\"breadcrumb\":{\"@id\":\"https:\/\/www.campinglaguna.com\/que-hacer\/actividades\/ocio\/ampuriabrava\/#breadcrumb\"},\"inLanguage\":\"ca\",\"potentialAction\":[{\"@type\":\"ReadAction\",\"target\":[\"https:\/\/www.campinglaguna.com\/que-hacer\/actividades\/ocio\/ampuriabrava\/\"]}]},{\"@type\":\"ImageObject\",\"inLanguage\":\"ca\",\"@id\":\"https:\/\/www.campinglaguna.com\/que-hacer\/actividades\/ocio\/ampuriabrava\/#primaryimage\",\"url\":\"https:\/\/www.campinglaguna.com\/wp-content\/uploads\/ampuria01.jpg\",\"contentUrl\":\"https:\/\/www.campinglaguna.com\/wp-content\/uploads\/ampuria01.jpg\",\"width\":1440,\"height\":500},{\"@type\":\"BreadcrumbList\",\"@id\":\"https:\/\/www.campinglaguna.com\/que-hacer\/actividades\/ocio\/ampuriabrava\/#breadcrumb\",\"itemListElement\":[{\"@type\":\"ListItem\",\"position\":1,\"name\":\"Camping Laguna\",\"item\":\"https:\/\/www.campinglaguna.com\/ca\/\"},{\"@type\":\"ListItem\",\"position\":2,\"name\":\"Que fer?\",\"item\":\"https:\/\/www.campinglaguna.com\/que-hacer\/\"},{\"@type\":\"ListItem\",\"position\":3,\"name\":\"Activitats\",\"item\":\"https:\/\/www.campinglaguna.com\/que-hacer\/actividades\/\"},{\"@type\":\"ListItem\",\"position\":4,\"name\":\"Lleure\",\"item\":\"https:\/\/www.campinglaguna.com\/que-hacer\/actividades\/ocio\/\"},{\"@type\":\"ListItem\",\"position\":5,\"name\":\"Empuriabrava\"}]},{\"@type\":\"WebSite\",\"@id\":\"https:\/\/www.campinglaguna.com\/#website\",\"url\":\"https:\/\/www.campinglaguna.com\/\",\"name\":\"Camping Laguna\",\"description\":\"Otro sitio realizado con WordPress\",\"publisher\":{\"@id\":\"https:\/\/www.campinglaguna.com\/#organization\"},\"potentialAction\":[{\"@type\":\"SearchAction\",\"target\":{\"@type\":\"EntryPoint\",\"urlTemplate\":\"https:\/\/www.campinglaguna.com\/?s={search_term_string}\"},\"query-input\":{\"@type\":\"PropertyValueSpecification\",\"valueRequired\":true,\"valueName\":\"search_term_string\"}}],\"inLanguage\":\"ca\"},{\"@type\":\"Organization\",\"@id\":\"https:\/\/www.campinglaguna.com\/#organization\",\"name\":\"Camping Laguna\",\"url\":\"https:\/\/www.campinglaguna.com\/\",\"logo\":{\"@type\":\"ImageObject\",\"inLanguage\":\"ca\",\"@id\":\"https:\/\/www.campinglaguna.com\/#\/schema\/logo\/image\/\",\"url\":\"https:\/\/www.campinglaguna.com\/wp-content\/uploads\/logo-laguna.png\",\"contentUrl\":\"https:\/\/www.campinglaguna.com\/wp-content\/uploads\/logo-laguna.png\",\"width\":263,\"height\":64,\"caption\":\"Camping Laguna\"},\"image\":{\"@id\":\"https:\/\/www.campinglaguna.com\/#\/schema\/logo\/image\/\"}}]}<\/script>\n<!-- \/ Yoast SEO plugin. -->","yoast_head_json":{"title":"Empuriabrava - Camping Laguna","description":"\u00a0Empuriabrava \u00e9s considerada la marina residencial m\u00e9s important d'Europa. Va ser fundada el 1967 i compta amb 24 quil\u00f2metres de canals navegables.","robots":{"index":"index","follow":"follow","max-snippet":"max-snippet:-1","max-image-preview":"max-image-preview:large","max-video-preview":"max-video-preview:-1"},"canonical":"https:\/\/www.campinglaguna.com\/que-hacer\/actividades\/ocio\/ampuriabrava\/","og_locale":"ca_ES","og_type":"article","og_title":"Empuriabrava - Camping Laguna","og_description":"\u00a0Empuriabrava \u00e9s considerada la marina residencial m\u00e9s important d'Europa. Va ser fundada el 1967 i compta amb 24 quil\u00f2metres de canals navegables.","og_url":"https:\/\/www.campinglaguna.com\/que-hacer\/actividades\/ocio\/ampuriabrava\/","og_site_name":"Camping Laguna","article_modified_time":"2017-03-09T12:30:19+00:00","og_image":[{"width":1440,"height":500,"url":"https:\/\/www.campinglaguna.com\/wp-content\/uploads\/ampuria01.jpg","type":"image\/jpeg"}],"twitter_card":"summary_large_image","twitter_misc":{"Temps estimat de lectura":"1 minut"},"schema":{"@context":"https:\/\/schema.org","@graph":[{"@type":"WebPage","@id":"https:\/\/www.campinglaguna.com\/que-hacer\/actividades\/ocio\/ampuriabrava\/","url":"https:\/\/www.campinglaguna.com\/que-hacer\/actividades\/ocio\/ampuriabrava\/","name":"Empuriabrava - Camping Laguna","isPartOf":{"@id":"https:\/\/www.campinglaguna.com\/#website"},"primaryImageOfPage":{"@id":"https:\/\/www.campinglaguna.com\/que-hacer\/actividades\/ocio\/ampuriabrava\/#primaryimage"},"image":{"@id":"https:\/\/www.campinglaguna.com\/que-hacer\/actividades\/ocio\/ampuriabrava\/#primaryimage"},"thumbnailUrl":"https:\/\/www.campinglaguna.com\/wp-content\/uploads\/ampuria01.jpg","datePublished":"2017-03-09T12:29:53+00:00","dateModified":"2017-03-09T12:30:19+00:00","description":"\u00a0Empuriabrava \u00e9s considerada la marina residencial m\u00e9s important d'Europa. Va ser fundada el 1967 i compta amb 24 quil\u00f2metres de canals navegables.","breadcrumb":{"@id":"https:\/\/www.campinglaguna.com\/que-hacer\/actividades\/ocio\/ampuriabrava\/#breadcrumb"},"inLanguage":"ca","potentialAction":[{"@type":"ReadAction","target":["https:\/\/www.campinglaguna.com\/que-hacer\/actividades\/ocio\/ampuriabrava\/"]}]},{"@type":"ImageObject","inLanguage":"ca","@id":"https:\/\/www.campinglaguna.com\/que-hacer\/actividades\/ocio\/ampuriabrava\/#primaryimage","url":"https:\/\/www.campinglaguna.com\/wp-content\/uploads\/ampuria01.jpg","contentUrl":"https:\/\/www.campinglaguna.com\/wp-content\/uploads\/ampuria01.jpg","width":1440,"height":500},{"@type":"BreadcrumbList","@id":"https:\/\/www.campinglaguna.com\/que-hacer\/actividades\/ocio\/ampuriabrava\/#breadcrumb","itemListElement":[{"@type":"ListItem","position":1,"name":"Camping Laguna","item":"https:\/\/www.campinglaguna.com\/ca\/"},{"@type":"ListItem","position":2,"name":"Que fer?","item":"https:\/\/www.campinglaguna.com\/que-hacer\/"},{"@type":"ListItem","position":3,"name":"Activitats","item":"https:\/\/www.campinglaguna.com\/que-hacer\/actividades\/"},{"@type":"ListItem","position":4,"name":"Lleure","item":"https:\/\/www.campinglaguna.com\/que-hacer\/actividades\/ocio\/"},{"@type":"ListItem","position":5,"name":"Empuriabrava"}]},{"@type":"WebSite","@id":"https:\/\/www.campinglaguna.com\/#website","url":"https:\/\/www.campinglaguna.com\/","name":"Camping Laguna","description":"Otro sitio realizado con WordPress","publisher":{"@id":"https:\/\/www.campinglaguna.com\/#organization"},"potentialAction":[{"@type":"SearchAction","target":{"@type":"EntryPoint","urlTemplate":"https:\/\/www.campinglaguna.com\/?s={search_term_string}"},"query-input":{"@type":"PropertyValueSpecification","valueRequired":true,"valueName":"search_term_string"}}],"inLanguage":"ca"},{"@type":"Organization","@id":"https:\/\/www.campinglaguna.com\/#organization","name":"Camping Laguna","url":"https:\/\/www.campinglaguna.com\/","logo":{"@type":"ImageObject","inLanguage":"ca","@id":"https:\/\/www.campinglaguna.com\/#\/schema\/logo\/image\/","url":"https:\/\/www.campinglaguna.com\/wp-content\/uploads\/logo-laguna.png","contentUrl":"https:\/\/www.campinglaguna.com\/wp-content\/uploads\/logo-laguna.png","width":263,"height":64,"caption":"Camping Laguna"},"image":{"@id":"https:\/\/www.campinglaguna.com\/#\/schema\/logo\/image\/"}}]}},"_links":{"self":[{"href":"https:\/\/www.campinglaguna.com\/ca\/wp-json\/wp\/v2\/pages\/23723","targetHints":{"allow":["GET"]}}],"collection":[{"href":"https:\/\/www.campinglaguna.com\/ca\/wp-json\/wp\/v2\/pages"}],"about":[{"href":"https:\/\/www.campinglaguna.com\/ca\/wp-json\/wp\/v2\/types\/page"}],"author":[{"embeddable":true,"href":"https:\/\/www.campinglaguna.com\/ca\/wp-json\/wp\/v2\/users\/2"}],"replies":[{"embeddable":true,"href":"https:\/\/www.campinglaguna.com\/ca\/wp-json\/wp\/v2\/comments?post=23723"}],"version-history":[{"count":1,"href":"https:\/\/www.campinglaguna.com\/ca\/wp-json\/wp\/v2\/pages\/23723\/revisions"}],"predecessor-version":[{"id":23724,"href":"https:\/\/www.campinglaguna.com\/ca\/wp-json\/wp\/v2\/pages\/23723\/revisions\/23724"}],"up":[{"embeddable":true,"href":"https:\/\/www.campinglaguna.com\/ca\/wp-json\/wp\/v2\/pages\/23765"}],"wp:featuredmedia":[{"embeddable":true,"href":"https:\/\/www.campinglaguna.com\/ca\/wp-json\/wp\/v2\/media\/20696"}],"wp:attachment":[{"href":"https:\/\/www.campinglaguna.com\/ca\/wp-json\/wp\/v2\/media?parent=23723"}],"curies":[{"name":"wp","href":"https:\/\/api.w.org\/{rel}","templated":true}]}}