{"id":23725,"date":"2017-03-09T13:30:52","date_gmt":"2017-03-09T12:30:52","guid":{"rendered":"https:\/\/www.campinglaguna.com\/enoturisme\/"},"modified":"2017-03-09T13:31:11","modified_gmt":"2017-03-09T12:31:11","slug":"enoturisme","status":"publish","type":"page","link":"https:\/\/www.campinglaguna.com\/ca\/que-fer\/activitats\/cultura\/enoturisme\/","title":{"rendered":"Enoturisme"},"content":{"rendered":"<p>Ens trobem en una comarca amb gran tradici\u00f3 en l&#8217;elaboraci\u00f3 de vins, ja documentada amb l&#8217;arribada de la civilitzaci\u00f3 grega a Emp\u00faries, 600 aC. Aquest moment hist\u00f2ric \u00e9s considerat l\u2019inici del cultiu de la vinya a la pen\u00ednsula Ib\u00e8rica.<\/p>\n<p><em>La gamma de vins \u00e9s molt \u00e0mplia: vins negres d&#8217;elevada qualitat, blancs frescos i saborosos o rosats amb una graduaci\u00f3 alcoh\u00f2lica moderada. Destaquen els vins de postres, com la garnatxa de l&#8217;Empord\u00e0, un vi de licor dol\u00e7 tradicional enfortit o el moscatell de l&#8217;Empord\u00e0, un vi dol\u00e7 natural. <\/em><\/p>\n<p><em>Molts dels productors de la comarca estan agrupats en la Denominaci\u00f3 d&#8217;Origen Empord\u00e0, que ofereix visites als cellers i nombroses activitats d&#8217;enoturisme. Us recomanem que els visiteu perqu\u00e8 \u00e9s una altra manera de con\u00e8ixer l&#8217;interior de la nostra comarca i els seus productes. <\/em><\/p>\n<p><em>Des del c\u00e0mping tamb\u00e9 organitzem excursions a altres zones vitivin\u00edcoles, com les visites als famosos cellers de cava de Freixenet o Codorniu, a prop de Barcelona. <\/em><\/p>\n<p>&nbsp;<\/p>\n","protected":false},"excerpt":{"rendered":"<p>Ens trobem en una comarca amb gran tradici\u00f3 en l&#8217;elaboraci\u00f3 de vins, ja documentada amb l&#8217;arribada de la civilitzaci\u00f3 grega a Emp\u00faries, 600 aC. Aquest moment hist\u00f2ric \u00e9s considerat l\u2019inici [&hellip;]<\/p>\n","protected":false},"author":2,"featured_media":22142,"parent":23767,"menu_order":0,"comment_status":"closed","ping_status":"closed","template":"","meta":{"_acf_changed":false,"footnotes":""},"class_list":["post-23725","page","type-page","status-publish","has-post-thumbnail","hentry"],"acf":[],"yoast_head":"<!-- This site is optimized with the Yoast SEO plugin v26.1.1 - https:\/\/yoast.com\/wordpress\/plugins\/seo\/ -->\n<title>Enoturisme - Camping Laguna<\/title>\n<meta name=\"description\" content=\"Ens trobem en una comarca amb gran tradici\u00f3 en l&#039;elaboraci\u00f3 de vins, ja documentada amb l&#039;arribada de la civilitzaci\u00f3 grega a Emp\u00faries, 600 aC. Aquest\" \/>\n<meta name=\"robots\" content=\"index, follow, max-snippet:-1, max-image-preview:large, max-video-preview:-1\" \/>\n<link rel=\"canonical\" href=\"https:\/\/www.campinglaguna.com\/que-hacer\/actividades\/cultura\/vinos\/\" \/>\n<meta property=\"og:locale\" content=\"ca_ES\" \/>\n<meta property=\"og:type\" content=\"article\" \/>\n<meta property=\"og:title\" content=\"Enoturisme - Camping Laguna\" \/>\n<meta property=\"og:description\" content=\"Ens trobem en una comarca amb gran tradici\u00f3 en l&#039;elaboraci\u00f3 de vins, ja documentada amb l&#039;arribada de la civilitzaci\u00f3 grega a Emp\u00faries, 600 aC. Aquest\" \/>\n<meta property=\"og:url\" content=\"https:\/\/www.campinglaguna.com\/que-hacer\/actividades\/cultura\/vinos\/\" \/>\n<meta property=\"og:site_name\" content=\"Camping Laguna\" \/>\n<meta property=\"article:modified_time\" content=\"2017-03-09T12:31:11+00:00\" \/>\n<meta property=\"og:image\" content=\"https:\/\/www.campinglaguna.com\/wp-content\/uploads\/gastro6.jpg\" \/>\n\t<meta property=\"og:image:width\" content=\"1440\" \/>\n\t<meta property=\"og:image:height\" content=\"500\" \/>\n\t<meta property=\"og:image:type\" content=\"image\/jpeg\" \/>\n<meta name=\"twitter:card\" content=\"summary_large_image\" \/>\n<meta name=\"twitter:label1\" content=\"Temps estimat de lectura\" \/>\n\t<meta name=\"twitter:data1\" content=\"1 minut\" \/>\n<script type=\"application\/ld+json\" class=\"yoast-schema-graph\">{\"@context\":\"https:\/\/schema.org\",\"@graph\":[{\"@type\":\"WebPage\",\"@id\":\"https:\/\/www.campinglaguna.com\/que-hacer\/actividades\/cultura\/vinos\/\",\"url\":\"https:\/\/www.campinglaguna.com\/que-hacer\/actividades\/cultura\/vinos\/\",\"name\":\"Enoturisme - Camping Laguna\",\"isPartOf\":{\"@id\":\"https:\/\/www.campinglaguna.com\/#website\"},\"primaryImageOfPage\":{\"@id\":\"https:\/\/www.campinglaguna.com\/que-hacer\/actividades\/cultura\/vinos\/#primaryimage\"},\"image\":{\"@id\":\"https:\/\/www.campinglaguna.com\/que-hacer\/actividades\/cultura\/vinos\/#primaryimage\"},\"thumbnailUrl\":\"https:\/\/www.campinglaguna.com\/wp-content\/uploads\/gastro6.jpg\",\"datePublished\":\"2017-03-09T12:30:52+00:00\",\"dateModified\":\"2017-03-09T12:31:11+00:00\",\"description\":\"Ens trobem en una comarca amb gran tradici\u00f3 en l'elaboraci\u00f3 de vins, ja documentada amb l'arribada de la civilitzaci\u00f3 grega a Emp\u00faries, 600 aC. Aquest\",\"breadcrumb\":{\"@id\":\"https:\/\/www.campinglaguna.com\/que-hacer\/actividades\/cultura\/vinos\/#breadcrumb\"},\"inLanguage\":\"ca\",\"potentialAction\":[{\"@type\":\"ReadAction\",\"target\":[\"https:\/\/www.campinglaguna.com\/que-hacer\/actividades\/cultura\/vinos\/\"]}]},{\"@type\":\"ImageObject\",\"inLanguage\":\"ca\",\"@id\":\"https:\/\/www.campinglaguna.com\/que-hacer\/actividades\/cultura\/vinos\/#primaryimage\",\"url\":\"https:\/\/www.campinglaguna.com\/wp-content\/uploads\/gastro6.jpg\",\"contentUrl\":\"https:\/\/www.campinglaguna.com\/wp-content\/uploads\/gastro6.jpg\",\"width\":1440,\"height\":500},{\"@type\":\"BreadcrumbList\",\"@id\":\"https:\/\/www.campinglaguna.com\/que-hacer\/actividades\/cultura\/vinos\/#breadcrumb\",\"itemListElement\":[{\"@type\":\"ListItem\",\"position\":1,\"name\":\"Camping Laguna\",\"item\":\"https:\/\/www.campinglaguna.com\/ca\/\"},{\"@type\":\"ListItem\",\"position\":2,\"name\":\"Que fer?\",\"item\":\"https:\/\/www.campinglaguna.com\/que-hacer\/\"},{\"@type\":\"ListItem\",\"position\":3,\"name\":\"Activitats\",\"item\":\"https:\/\/www.campinglaguna.com\/que-hacer\/actividades\/\"},{\"@type\":\"ListItem\",\"position\":4,\"name\":\"Cultura\",\"item\":\"https:\/\/www.campinglaguna.com\/que-hacer\/actividades\/cultura\/\"},{\"@type\":\"ListItem\",\"position\":5,\"name\":\"Enoturisme\"}]},{\"@type\":\"WebSite\",\"@id\":\"https:\/\/www.campinglaguna.com\/#website\",\"url\":\"https:\/\/www.campinglaguna.com\/\",\"name\":\"Camping Laguna\",\"description\":\"Otro sitio realizado con WordPress\",\"publisher\":{\"@id\":\"https:\/\/www.campinglaguna.com\/#organization\"},\"potentialAction\":[{\"@type\":\"SearchAction\",\"target\":{\"@type\":\"EntryPoint\",\"urlTemplate\":\"https:\/\/www.campinglaguna.com\/?s={search_term_string}\"},\"query-input\":{\"@type\":\"PropertyValueSpecification\",\"valueRequired\":true,\"valueName\":\"search_term_string\"}}],\"inLanguage\":\"ca\"},{\"@type\":\"Organization\",\"@id\":\"https:\/\/www.campinglaguna.com\/#organization\",\"name\":\"Camping Laguna\",\"url\":\"https:\/\/www.campinglaguna.com\/\",\"logo\":{\"@type\":\"ImageObject\",\"inLanguage\":\"ca\",\"@id\":\"https:\/\/www.campinglaguna.com\/#\/schema\/logo\/image\/\",\"url\":\"https:\/\/www.campinglaguna.com\/wp-content\/uploads\/logo-laguna.png\",\"contentUrl\":\"https:\/\/www.campinglaguna.com\/wp-content\/uploads\/logo-laguna.png\",\"width\":263,\"height\":64,\"caption\":\"Camping Laguna\"},\"image\":{\"@id\":\"https:\/\/www.campinglaguna.com\/#\/schema\/logo\/image\/\"}}]}<\/script>\n<!-- \/ Yoast SEO plugin. -->","yoast_head_json":{"title":"Enoturisme - Camping Laguna","description":"Ens trobem en una comarca amb gran tradici\u00f3 en l'elaboraci\u00f3 de vins, ja documentada amb l'arribada de la civilitzaci\u00f3 grega a Emp\u00faries, 600 aC. Aquest","robots":{"index":"index","follow":"follow","max-snippet":"max-snippet:-1","max-image-preview":"max-image-preview:large","max-video-preview":"max-video-preview:-1"},"canonical":"https:\/\/www.campinglaguna.com\/que-hacer\/actividades\/cultura\/vinos\/","og_locale":"ca_ES","og_type":"article","og_title":"Enoturisme - Camping Laguna","og_description":"Ens trobem en una comarca amb gran tradici\u00f3 en l'elaboraci\u00f3 de vins, ja documentada amb l'arribada de la civilitzaci\u00f3 grega a Emp\u00faries, 600 aC. Aquest","og_url":"https:\/\/www.campinglaguna.com\/que-hacer\/actividades\/cultura\/vinos\/","og_site_name":"Camping Laguna","article_modified_time":"2017-03-09T12:31:11+00:00","og_image":[{"width":1440,"height":500,"url":"https:\/\/www.campinglaguna.com\/wp-content\/uploads\/gastro6.jpg","type":"image\/jpeg"}],"twitter_card":"summary_large_image","twitter_misc":{"Temps estimat de lectura":"1 minut"},"schema":{"@context":"https:\/\/schema.org","@graph":[{"@type":"WebPage","@id":"https:\/\/www.campinglaguna.com\/que-hacer\/actividades\/cultura\/vinos\/","url":"https:\/\/www.campinglaguna.com\/que-hacer\/actividades\/cultura\/vinos\/","name":"Enoturisme - Camping Laguna","isPartOf":{"@id":"https:\/\/www.campinglaguna.com\/#website"},"primaryImageOfPage":{"@id":"https:\/\/www.campinglaguna.com\/que-hacer\/actividades\/cultura\/vinos\/#primaryimage"},"image":{"@id":"https:\/\/www.campinglaguna.com\/que-hacer\/actividades\/cultura\/vinos\/#primaryimage"},"thumbnailUrl":"https:\/\/www.campinglaguna.com\/wp-content\/uploads\/gastro6.jpg","datePublished":"2017-03-09T12:30:52+00:00","dateModified":"2017-03-09T12:31:11+00:00","description":"Ens trobem en una comarca amb gran tradici\u00f3 en l'elaboraci\u00f3 de vins, ja documentada amb l'arribada de la civilitzaci\u00f3 grega a Emp\u00faries, 600 aC. Aquest","breadcrumb":{"@id":"https:\/\/www.campinglaguna.com\/que-hacer\/actividades\/cultura\/vinos\/#breadcrumb"},"inLanguage":"ca","potentialAction":[{"@type":"ReadAction","target":["https:\/\/www.campinglaguna.com\/que-hacer\/actividades\/cultura\/vinos\/"]}]},{"@type":"ImageObject","inLanguage":"ca","@id":"https:\/\/www.campinglaguna.com\/que-hacer\/actividades\/cultura\/vinos\/#primaryimage","url":"https:\/\/www.campinglaguna.com\/wp-content\/uploads\/gastro6.jpg","contentUrl":"https:\/\/www.campinglaguna.com\/wp-content\/uploads\/gastro6.jpg","width":1440,"height":500},{"@type":"BreadcrumbList","@id":"https:\/\/www.campinglaguna.com\/que-hacer\/actividades\/cultura\/vinos\/#breadcrumb","itemListElement":[{"@type":"ListItem","position":1,"name":"Camping Laguna","item":"https:\/\/www.campinglaguna.com\/ca\/"},{"@type":"ListItem","position":2,"name":"Que fer?","item":"https:\/\/www.campinglaguna.com\/que-hacer\/"},{"@type":"ListItem","position":3,"name":"Activitats","item":"https:\/\/www.campinglaguna.com\/que-hacer\/actividades\/"},{"@type":"ListItem","position":4,"name":"Cultura","item":"https:\/\/www.campinglaguna.com\/que-hacer\/actividades\/cultura\/"},{"@type":"ListItem","position":5,"name":"Enoturisme"}]},{"@type":"WebSite","@id":"https:\/\/www.campinglaguna.com\/#website","url":"https:\/\/www.campinglaguna.com\/","name":"Camping Laguna","description":"Otro sitio realizado con WordPress","publisher":{"@id":"https:\/\/www.campinglaguna.com\/#organization"},"potentialAction":[{"@type":"SearchAction","target":{"@type":"EntryPoint","urlTemplate":"https:\/\/www.campinglaguna.com\/?s={search_term_string}"},"query-input":{"@type":"PropertyValueSpecification","valueRequired":true,"valueName":"search_term_string"}}],"inLanguage":"ca"},{"@type":"Organization","@id":"https:\/\/www.campinglaguna.com\/#organization","name":"Camping Laguna","url":"https:\/\/www.campinglaguna.com\/","logo":{"@type":"ImageObject","inLanguage":"ca","@id":"https:\/\/www.campinglaguna.com\/#\/schema\/logo\/image\/","url":"https:\/\/www.campinglaguna.com\/wp-content\/uploads\/logo-laguna.png","contentUrl":"https:\/\/www.campinglaguna.com\/wp-content\/uploads\/logo-laguna.png","width":263,"height":64,"caption":"Camping Laguna"},"image":{"@id":"https:\/\/www.campinglaguna.com\/#\/schema\/logo\/image\/"}}]}},"_links":{"self":[{"href":"https:\/\/www.campinglaguna.com\/ca\/wp-json\/wp\/v2\/pages\/23725","targetHints":{"allow":["GET"]}}],"collection":[{"href":"https:\/\/www.campinglaguna.com\/ca\/wp-json\/wp\/v2\/pages"}],"about":[{"href":"https:\/\/www.campinglaguna.com\/ca\/wp-json\/wp\/v2\/types\/page"}],"author":[{"embeddable":true,"href":"https:\/\/www.campinglaguna.com\/ca\/wp-json\/wp\/v2\/users\/2"}],"replies":[{"embeddable":true,"href":"https:\/\/www.campinglaguna.com\/ca\/wp-json\/wp\/v2\/comments?post=23725"}],"version-history":[{"count":1,"href":"https:\/\/www.campinglaguna.com\/ca\/wp-json\/wp\/v2\/pages\/23725\/revisions"}],"predecessor-version":[{"id":23726,"href":"https:\/\/www.campinglaguna.com\/ca\/wp-json\/wp\/v2\/pages\/23725\/revisions\/23726"}],"up":[{"embeddable":true,"href":"https:\/\/www.campinglaguna.com\/ca\/wp-json\/wp\/v2\/pages\/23767"}],"wp:featuredmedia":[{"embeddable":true,"href":"https:\/\/www.campinglaguna.com\/ca\/wp-json\/wp\/v2\/media\/22142"}],"wp:attachment":[{"href":"https:\/\/www.campinglaguna.com\/ca\/wp-json\/wp\/v2\/media?parent=23725"}],"curies":[{"name":"wp","href":"https:\/\/api.w.org\/{rel}","templated":true}]}}