{"id":23729,"date":"2017-03-09T13:33:41","date_gmt":"2017-03-09T12:33:41","guid":{"rendered":"https:\/\/www.campinglaguna.com\/gastronomia\/"},"modified":"2017-03-09T13:33:52","modified_gmt":"2017-03-09T12:33:52","slug":"gastronomia","status":"publish","type":"page","link":"https:\/\/www.campinglaguna.com\/ca\/que-fer\/activitats\/cultura\/gastronomia\/","title":{"rendered":"Gastronomia"},"content":{"rendered":"<p>Catalunya compta amb tots els ingredients necessaris per a la millor gastronomia: un territori i un paisatge tan diversos com les cuines que es conserven, alguns dels millors cuiners del m\u00f3n i productes de qualitat, variats i de temporada.\u00a0 Us convidem a tastar els productes catalans. Les jornades gastron\u00f2miques i les fires i mercats s\u00f3n bons llocs per trobar-ne.<\/p>\n<p>La majoria dels plats m\u00e9s coneguts de la gastronomia catalana tenen un origen rural. Destaquen productes de la muntanya, de l&#8217;horta i del mar. S\u00f3n ingredients molt utilitzats l&#8217;oli d&#8217;oliva, el llard de porc, els alls, les cebes, les hortalisses, el peix i el marisc fresc, l&#8217;arr\u00f2s i els llegums i les herbes arom\u00e0tiques.<\/p>\n<p>A la comarca de l\u2019Alt Empord\u00e0 destaca la cuina de mar i muntanya, considerada una de les estrelles de la gastronomia mediterr\u00e0nia. En destaquem plats com el pollastre amb escamarlans i el conill amb cargols; altres d&#8217;interior com la botifarra dol\u00e7a cuita, l&#8217;oca amb naps i el platillo; o els plats de mar com el suquet de peix, la s\u00e9pia amb p\u00e8sols, les garotes i els musclos, aix\u00ed com excel\u00b7lents postres com els taps de Cadaqu\u00e9s, les flaones de Figueres, el recuit amb mel i els bunyols de l&#8217;Empord\u00e0.<\/p>\n<p>Aquesta gastronomia ha servit de base a una oferta de restaurants de gran qualitat. A escassos quil\u00f2metres del C\u00e0mping Laguna, a cala Montjoi, hi va haver el m\u00edtic restaurant de Ferran Adri\u00e0, El Bulli, que va revolucionar la cuina a nivell mundial.\u00a0 Molts altres restaurants catalans, encap\u00e7alats per El Celler de Can Roca, a Girona, compten amb reconeixement mundial i estan premiats amb estrelles en la prestigiosa guia Michelin.<\/p>\n","protected":false},"excerpt":{"rendered":"<p>Catalunya compta amb tots els ingredients necessaris per a la millor gastronomia: un territori i un paisatge tan diversos com les cuines que es conserven, alguns dels millors cuiners del [&hellip;]<\/p>\n","protected":false},"author":2,"featured_media":20739,"parent":23767,"menu_order":1,"comment_status":"closed","ping_status":"closed","template":"","meta":{"_acf_changed":false,"footnotes":""},"class_list":["post-23729","page","type-page","status-publish","has-post-thumbnail","hentry"],"acf":[],"yoast_head":"<!-- This site is optimized with the Yoast SEO plugin v26.1.1 - https:\/\/yoast.com\/wordpress\/plugins\/seo\/ -->\n<title>Gastronomia - Camping Laguna<\/title>\n<meta name=\"description\" content=\"Catalunya compta amb tots els ingredients necessaris per a la millor gastronomia: un territori i un paisatge tan diversos com les cuines que es conserven,\" \/>\n<meta name=\"robots\" content=\"index, follow, max-snippet:-1, max-image-preview:large, max-video-preview:-1\" \/>\n<link rel=\"canonical\" href=\"https:\/\/www.campinglaguna.com\/que-hacer\/actividades\/cultura\/gastronomia\/\" \/>\n<meta property=\"og:locale\" content=\"ca_ES\" \/>\n<meta property=\"og:type\" content=\"article\" \/>\n<meta property=\"og:title\" content=\"Gastronomia - Camping Laguna\" \/>\n<meta property=\"og:description\" content=\"Catalunya compta amb tots els ingredients necessaris per a la millor gastronomia: un territori i un paisatge tan diversos com les cuines que es conserven,\" \/>\n<meta property=\"og:url\" content=\"https:\/\/www.campinglaguna.com\/que-hacer\/actividades\/cultura\/gastronomia\/\" \/>\n<meta property=\"og:site_name\" content=\"Camping Laguna\" \/>\n<meta property=\"article:modified_time\" content=\"2017-03-09T12:33:52+00:00\" \/>\n<meta property=\"og:image\" content=\"https:\/\/www.campinglaguna.com\/wp-content\/uploads\/principal6.jpg\" \/>\n\t<meta property=\"og:image:width\" content=\"1440\" \/>\n\t<meta property=\"og:image:height\" content=\"500\" \/>\n\t<meta property=\"og:image:type\" content=\"image\/jpeg\" \/>\n<meta name=\"twitter:card\" content=\"summary_large_image\" \/>\n<meta name=\"twitter:label1\" content=\"Temps estimat de lectura\" \/>\n\t<meta name=\"twitter:data1\" content=\"1 minut\" \/>\n<script type=\"application\/ld+json\" class=\"yoast-schema-graph\">{\"@context\":\"https:\/\/schema.org\",\"@graph\":[{\"@type\":\"WebPage\",\"@id\":\"https:\/\/www.campinglaguna.com\/que-hacer\/actividades\/cultura\/gastronomia\/\",\"url\":\"https:\/\/www.campinglaguna.com\/que-hacer\/actividades\/cultura\/gastronomia\/\",\"name\":\"Gastronomia - Camping Laguna\",\"isPartOf\":{\"@id\":\"https:\/\/www.campinglaguna.com\/#website\"},\"primaryImageOfPage\":{\"@id\":\"https:\/\/www.campinglaguna.com\/que-hacer\/actividades\/cultura\/gastronomia\/#primaryimage\"},\"image\":{\"@id\":\"https:\/\/www.campinglaguna.com\/que-hacer\/actividades\/cultura\/gastronomia\/#primaryimage\"},\"thumbnailUrl\":\"https:\/\/www.campinglaguna.com\/wp-content\/uploads\/principal6.jpg\",\"datePublished\":\"2017-03-09T12:33:41+00:00\",\"dateModified\":\"2017-03-09T12:33:52+00:00\",\"description\":\"Catalunya compta amb tots els ingredients necessaris per a la millor gastronomia: un territori i un paisatge tan diversos com les cuines que es conserven,\",\"breadcrumb\":{\"@id\":\"https:\/\/www.campinglaguna.com\/que-hacer\/actividades\/cultura\/gastronomia\/#breadcrumb\"},\"inLanguage\":\"ca\",\"potentialAction\":[{\"@type\":\"ReadAction\",\"target\":[\"https:\/\/www.campinglaguna.com\/que-hacer\/actividades\/cultura\/gastronomia\/\"]}]},{\"@type\":\"ImageObject\",\"inLanguage\":\"ca\",\"@id\":\"https:\/\/www.campinglaguna.com\/que-hacer\/actividades\/cultura\/gastronomia\/#primaryimage\",\"url\":\"https:\/\/www.campinglaguna.com\/wp-content\/uploads\/principal6.jpg\",\"contentUrl\":\"https:\/\/www.campinglaguna.com\/wp-content\/uploads\/principal6.jpg\",\"width\":1440,\"height\":500},{\"@type\":\"BreadcrumbList\",\"@id\":\"https:\/\/www.campinglaguna.com\/que-hacer\/actividades\/cultura\/gastronomia\/#breadcrumb\",\"itemListElement\":[{\"@type\":\"ListItem\",\"position\":1,\"name\":\"Camping Laguna\",\"item\":\"https:\/\/www.campinglaguna.com\/ca\/\"},{\"@type\":\"ListItem\",\"position\":2,\"name\":\"Que fer?\",\"item\":\"https:\/\/www.campinglaguna.com\/que-hacer\/\"},{\"@type\":\"ListItem\",\"position\":3,\"name\":\"Activitats\",\"item\":\"https:\/\/www.campinglaguna.com\/que-hacer\/actividades\/\"},{\"@type\":\"ListItem\",\"position\":4,\"name\":\"Cultura\",\"item\":\"https:\/\/www.campinglaguna.com\/que-hacer\/actividades\/cultura\/\"},{\"@type\":\"ListItem\",\"position\":5,\"name\":\"Gastronomia\"}]},{\"@type\":\"WebSite\",\"@id\":\"https:\/\/www.campinglaguna.com\/#website\",\"url\":\"https:\/\/www.campinglaguna.com\/\",\"name\":\"Camping Laguna\",\"description\":\"Otro sitio realizado con WordPress\",\"publisher\":{\"@id\":\"https:\/\/www.campinglaguna.com\/#organization\"},\"potentialAction\":[{\"@type\":\"SearchAction\",\"target\":{\"@type\":\"EntryPoint\",\"urlTemplate\":\"https:\/\/www.campinglaguna.com\/?s={search_term_string}\"},\"query-input\":{\"@type\":\"PropertyValueSpecification\",\"valueRequired\":true,\"valueName\":\"search_term_string\"}}],\"inLanguage\":\"ca\"},{\"@type\":\"Organization\",\"@id\":\"https:\/\/www.campinglaguna.com\/#organization\",\"name\":\"Camping Laguna\",\"url\":\"https:\/\/www.campinglaguna.com\/\",\"logo\":{\"@type\":\"ImageObject\",\"inLanguage\":\"ca\",\"@id\":\"https:\/\/www.campinglaguna.com\/#\/schema\/logo\/image\/\",\"url\":\"https:\/\/www.campinglaguna.com\/wp-content\/uploads\/logo-laguna.png\",\"contentUrl\":\"https:\/\/www.campinglaguna.com\/wp-content\/uploads\/logo-laguna.png\",\"width\":263,\"height\":64,\"caption\":\"Camping Laguna\"},\"image\":{\"@id\":\"https:\/\/www.campinglaguna.com\/#\/schema\/logo\/image\/\"}}]}<\/script>\n<!-- \/ Yoast SEO plugin. -->","yoast_head_json":{"title":"Gastronomia - Camping Laguna","description":"Catalunya compta amb tots els ingredients necessaris per a la millor gastronomia: un territori i un paisatge tan diversos com les cuines que es conserven,","robots":{"index":"index","follow":"follow","max-snippet":"max-snippet:-1","max-image-preview":"max-image-preview:large","max-video-preview":"max-video-preview:-1"},"canonical":"https:\/\/www.campinglaguna.com\/que-hacer\/actividades\/cultura\/gastronomia\/","og_locale":"ca_ES","og_type":"article","og_title":"Gastronomia - Camping Laguna","og_description":"Catalunya compta amb tots els ingredients necessaris per a la millor gastronomia: un territori i un paisatge tan diversos com les cuines que es conserven,","og_url":"https:\/\/www.campinglaguna.com\/que-hacer\/actividades\/cultura\/gastronomia\/","og_site_name":"Camping Laguna","article_modified_time":"2017-03-09T12:33:52+00:00","og_image":[{"width":1440,"height":500,"url":"https:\/\/www.campinglaguna.com\/wp-content\/uploads\/principal6.jpg","type":"image\/jpeg"}],"twitter_card":"summary_large_image","twitter_misc":{"Temps estimat de lectura":"1 minut"},"schema":{"@context":"https:\/\/schema.org","@graph":[{"@type":"WebPage","@id":"https:\/\/www.campinglaguna.com\/que-hacer\/actividades\/cultura\/gastronomia\/","url":"https:\/\/www.campinglaguna.com\/que-hacer\/actividades\/cultura\/gastronomia\/","name":"Gastronomia - Camping Laguna","isPartOf":{"@id":"https:\/\/www.campinglaguna.com\/#website"},"primaryImageOfPage":{"@id":"https:\/\/www.campinglaguna.com\/que-hacer\/actividades\/cultura\/gastronomia\/#primaryimage"},"image":{"@id":"https:\/\/www.campinglaguna.com\/que-hacer\/actividades\/cultura\/gastronomia\/#primaryimage"},"thumbnailUrl":"https:\/\/www.campinglaguna.com\/wp-content\/uploads\/principal6.jpg","datePublished":"2017-03-09T12:33:41+00:00","dateModified":"2017-03-09T12:33:52+00:00","description":"Catalunya compta amb tots els ingredients necessaris per a la millor gastronomia: un territori i un paisatge tan diversos com les cuines que es conserven,","breadcrumb":{"@id":"https:\/\/www.campinglaguna.com\/que-hacer\/actividades\/cultura\/gastronomia\/#breadcrumb"},"inLanguage":"ca","potentialAction":[{"@type":"ReadAction","target":["https:\/\/www.campinglaguna.com\/que-hacer\/actividades\/cultura\/gastronomia\/"]}]},{"@type":"ImageObject","inLanguage":"ca","@id":"https:\/\/www.campinglaguna.com\/que-hacer\/actividades\/cultura\/gastronomia\/#primaryimage","url":"https:\/\/www.campinglaguna.com\/wp-content\/uploads\/principal6.jpg","contentUrl":"https:\/\/www.campinglaguna.com\/wp-content\/uploads\/principal6.jpg","width":1440,"height":500},{"@type":"BreadcrumbList","@id":"https:\/\/www.campinglaguna.com\/que-hacer\/actividades\/cultura\/gastronomia\/#breadcrumb","itemListElement":[{"@type":"ListItem","position":1,"name":"Camping Laguna","item":"https:\/\/www.campinglaguna.com\/ca\/"},{"@type":"ListItem","position":2,"name":"Que fer?","item":"https:\/\/www.campinglaguna.com\/que-hacer\/"},{"@type":"ListItem","position":3,"name":"Activitats","item":"https:\/\/www.campinglaguna.com\/que-hacer\/actividades\/"},{"@type":"ListItem","position":4,"name":"Cultura","item":"https:\/\/www.campinglaguna.com\/que-hacer\/actividades\/cultura\/"},{"@type":"ListItem","position":5,"name":"Gastronomia"}]},{"@type":"WebSite","@id":"https:\/\/www.campinglaguna.com\/#website","url":"https:\/\/www.campinglaguna.com\/","name":"Camping Laguna","description":"Otro sitio realizado con WordPress","publisher":{"@id":"https:\/\/www.campinglaguna.com\/#organization"},"potentialAction":[{"@type":"SearchAction","target":{"@type":"EntryPoint","urlTemplate":"https:\/\/www.campinglaguna.com\/?s={search_term_string}"},"query-input":{"@type":"PropertyValueSpecification","valueRequired":true,"valueName":"search_term_string"}}],"inLanguage":"ca"},{"@type":"Organization","@id":"https:\/\/www.campinglaguna.com\/#organization","name":"Camping Laguna","url":"https:\/\/www.campinglaguna.com\/","logo":{"@type":"ImageObject","inLanguage":"ca","@id":"https:\/\/www.campinglaguna.com\/#\/schema\/logo\/image\/","url":"https:\/\/www.campinglaguna.com\/wp-content\/uploads\/logo-laguna.png","contentUrl":"https:\/\/www.campinglaguna.com\/wp-content\/uploads\/logo-laguna.png","width":263,"height":64,"caption":"Camping Laguna"},"image":{"@id":"https:\/\/www.campinglaguna.com\/#\/schema\/logo\/image\/"}}]}},"_links":{"self":[{"href":"https:\/\/www.campinglaguna.com\/ca\/wp-json\/wp\/v2\/pages\/23729","targetHints":{"allow":["GET"]}}],"collection":[{"href":"https:\/\/www.campinglaguna.com\/ca\/wp-json\/wp\/v2\/pages"}],"about":[{"href":"https:\/\/www.campinglaguna.com\/ca\/wp-json\/wp\/v2\/types\/page"}],"author":[{"embeddable":true,"href":"https:\/\/www.campinglaguna.com\/ca\/wp-json\/wp\/v2\/users\/2"}],"replies":[{"embeddable":true,"href":"https:\/\/www.campinglaguna.com\/ca\/wp-json\/wp\/v2\/comments?post=23729"}],"version-history":[{"count":1,"href":"https:\/\/www.campinglaguna.com\/ca\/wp-json\/wp\/v2\/pages\/23729\/revisions"}],"predecessor-version":[{"id":23730,"href":"https:\/\/www.campinglaguna.com\/ca\/wp-json\/wp\/v2\/pages\/23729\/revisions\/23730"}],"up":[{"embeddable":true,"href":"https:\/\/www.campinglaguna.com\/ca\/wp-json\/wp\/v2\/pages\/23767"}],"wp:featuredmedia":[{"embeddable":true,"href":"https:\/\/www.campinglaguna.com\/ca\/wp-json\/wp\/v2\/media\/20739"}],"wp:attachment":[{"href":"https:\/\/www.campinglaguna.com\/ca\/wp-json\/wp\/v2\/media?parent=23729"}],"curies":[{"name":"wp","href":"https:\/\/api.w.org\/{rel}","templated":true}]}}