{"id":23731,"date":"2017-03-09T13:34:20","date_gmt":"2017-03-09T12:34:20","guid":{"rendered":"https:\/\/www.campinglaguna.com\/barcelona\/"},"modified":"2017-03-14T13:00:28","modified_gmt":"2017-03-14T12:00:28","slug":"barcelona","status":"publish","type":"page","link":"https:\/\/www.campinglaguna.com\/ca\/que-fer\/activitats\/cultura\/barcelona\/","title":{"rendered":"Barcelona"},"content":{"rendered":"<p>Barcelona \u00e9s un iman per al turisme. I \u00e9s que la ciutat ofereix una combinaci\u00f3 molt interessant de cultura, lleure i compres. D&#8217;una banda, Gaud\u00ed enamora \u2013b\u00e9, Gaud\u00ed i altres arquitectes modernistes, sens dubte. D\u2019altra banda, hi ha la platja, les compres, la gastronomia&#8230;<\/p>\n<p>Si alguna ciutat pot considerar-se cosmopolita, aquesta \u00e9s Barcelona. Des de fa segles ha estat un dels ports m\u00e9s importants de la Mediterr\u00e0nia. N&#8217;hi ha prou amb seure una tarda al sol al moll del Port Vell per adonar-se de la diversitat de nacionalitats, cultures, \u00e8tnies i idiomes que acull Barcelona.<\/p>\n<p>Est\u00e8ticament parlant, Barcelona \u00e9s la m\u00e9s innovadora i captivadora de les ciutats espanyoles. El Barri G\u00f2tic, excel\u00b7lentment conservat, concentra edificis medievals marcats per les muralles romanes del segle IV. Mentre que aquest barri assenyala la riquesa de la Barcelona dels segles XIII al XV, els edificis modernistes s\u00f3n una manifestaci\u00f3 de la riquesa del segle XIX i de la seva revoluci\u00f3 industrial.<\/p>\n<p>Com a complement a tot aix\u00f2, Barcelona t\u00e9 les Rambles, un carrer que bull d&#8217;activitat amb una pl\u00e8tora de restaurants, caf\u00e8s i botigues que travessa la part antiga de la ciutat. Passejar per aquest carrer ens anir\u00e0 allunyant del mar i dels carrerons que formen la part antiga, i ens dur\u00e0 fins als bulevards amples. Les Rambles s\u00f3n el cor de Barcelona, la part m\u00e9s poblada de la ciutat a qualsevol hora i el lloc que tothom vol con\u00e8ixer.<\/p>\n<p>El centre de Barcelona \u00e9s a uns 150 km del C\u00e0mping Laguna, una dist\u00e0ncia que permet visitar-la en una excursi\u00f3 d&#8217;un dia. Si no es vol utilitzar el cotxe propi, \u00e9s possible despla\u00e7ar-se amb tren des de l&#8217;estaci\u00f3 de Figueres. Cada dia hi ha nombroses connexions fins al centre de la ciutat (estaci\u00f3 del passeig de Gr\u00e0cia). El viatge dura 1 hora i 45 minuts.<\/p>\n<p>Probablement no en tindreu prou amb la visita d&#8217;un sol dia per\u00f2 si \u00e9s la vostra primera vegada a la ciutat recomanem que no us perdeu el seg\u00fcent:<\/p>\n<p><u>Imprescindibles:<\/u><br \/>\nLa Sagrada Fam\u00edlia, el Parc G\u00fcell, la Casa Batll\u00f3, la Casa Mil\u00e0 (la Pedrera), el barri G\u00f2tic i la Rambla.<\/p>\n<p><u>Altres visites:<\/u><\/p>\n<p>La catedral de Barcelona, el Poble Espanyol, el Palau de la M\u00fasica Catalana, el monestir de Pedralbes, el Gran Teatre del Liceu, el mercat de la Boqueria i la bas\u00edlica de Santa Mar\u00eda del Mar.<\/p>\n<p><u>Per als aficionats al futbol, sens dubte<\/u>:<br \/>\nEl museu del FC Barcelona i l&#8217;estadi del Camp Nou.<\/p>\n<p><u>Per anar amb els nens:<\/u><\/p>\n<p>El parc d&#8217;atraccions del Tibidabo, el zool\u00f2gic de Barcelona i l&#8217;Aqu\u00e0rium.<\/p>\n","protected":false},"excerpt":{"rendered":"<p>Barcelona \u00e9s un iman per al turisme. I \u00e9s que la ciutat ofereix una combinaci\u00f3 molt interessant de cultura, lleure i compres. D&#8217;una banda, Gaud\u00ed enamora \u2013b\u00e9, Gaud\u00ed i altres [&hellip;]<\/p>\n","protected":false},"author":2,"featured_media":20737,"parent":23767,"menu_order":2,"comment_status":"closed","ping_status":"closed","template":"","meta":{"_acf_changed":false,"footnotes":""},"class_list":["post-23731","page","type-page","status-publish","has-post-thumbnail","hentry"],"acf":[],"yoast_head":"<!-- This site is optimized with the Yoast SEO plugin v26.1.1 - https:\/\/yoast.com\/wordpress\/plugins\/seo\/ -->\n<title>Barcelona - Camping Laguna<\/title>\n<meta name=\"description\" content=\"Barcelona \u00e9s un iman per al turisme. I \u00e9s que la ciutat ofereix una combinaci\u00f3 molt interessant de cultura, lleure i compres. D&#039;una banda, Gaud\u00ed enamora\" \/>\n<meta name=\"robots\" content=\"index, follow, max-snippet:-1, max-image-preview:large, max-video-preview:-1\" \/>\n<link rel=\"canonical\" href=\"https:\/\/www.campinglaguna.com\/que-hacer\/actividades\/cultura\/barcelona\/\" \/>\n<meta property=\"og:locale\" content=\"ca_ES\" \/>\n<meta property=\"og:type\" content=\"article\" \/>\n<meta property=\"og:title\" content=\"Barcelona - Camping Laguna\" \/>\n<meta property=\"og:description\" content=\"Barcelona \u00e9s un iman per al turisme. I \u00e9s que la ciutat ofereix una combinaci\u00f3 molt interessant de cultura, lleure i compres. D&#039;una banda, Gaud\u00ed enamora\" \/>\n<meta property=\"og:url\" content=\"https:\/\/www.campinglaguna.com\/que-hacer\/actividades\/cultura\/barcelona\/\" \/>\n<meta property=\"og:site_name\" content=\"Camping Laguna\" \/>\n<meta property=\"article:modified_time\" content=\"2017-03-14T12:00:28+00:00\" \/>\n<meta property=\"og:image\" content=\"https:\/\/www.campinglaguna.com\/wp-content\/uploads\/principal5.jpg\" \/>\n\t<meta property=\"og:image:width\" content=\"1440\" \/>\n\t<meta property=\"og:image:height\" content=\"500\" \/>\n\t<meta property=\"og:image:type\" content=\"image\/jpeg\" \/>\n<meta name=\"twitter:card\" content=\"summary_large_image\" \/>\n<meta name=\"twitter:label1\" content=\"Temps estimat de lectura\" \/>\n\t<meta name=\"twitter:data1\" content=\"2 minuts\" \/>\n<script type=\"application\/ld+json\" class=\"yoast-schema-graph\">{\"@context\":\"https:\/\/schema.org\",\"@graph\":[{\"@type\":\"WebPage\",\"@id\":\"https:\/\/www.campinglaguna.com\/que-hacer\/actividades\/cultura\/barcelona\/\",\"url\":\"https:\/\/www.campinglaguna.com\/que-hacer\/actividades\/cultura\/barcelona\/\",\"name\":\"Barcelona - Camping Laguna\",\"isPartOf\":{\"@id\":\"https:\/\/www.campinglaguna.com\/#website\"},\"primaryImageOfPage\":{\"@id\":\"https:\/\/www.campinglaguna.com\/que-hacer\/actividades\/cultura\/barcelona\/#primaryimage\"},\"image\":{\"@id\":\"https:\/\/www.campinglaguna.com\/que-hacer\/actividades\/cultura\/barcelona\/#primaryimage\"},\"thumbnailUrl\":\"https:\/\/www.campinglaguna.com\/wp-content\/uploads\/principal5.jpg\",\"datePublished\":\"2017-03-09T12:34:20+00:00\",\"dateModified\":\"2017-03-14T12:00:28+00:00\",\"description\":\"Barcelona \u00e9s un iman per al turisme. I \u00e9s que la ciutat ofereix una combinaci\u00f3 molt interessant de cultura, lleure i compres. D'una banda, Gaud\u00ed enamora\",\"breadcrumb\":{\"@id\":\"https:\/\/www.campinglaguna.com\/que-hacer\/actividades\/cultura\/barcelona\/#breadcrumb\"},\"inLanguage\":\"ca\",\"potentialAction\":[{\"@type\":\"ReadAction\",\"target\":[\"https:\/\/www.campinglaguna.com\/que-hacer\/actividades\/cultura\/barcelona\/\"]}]},{\"@type\":\"ImageObject\",\"inLanguage\":\"ca\",\"@id\":\"https:\/\/www.campinglaguna.com\/que-hacer\/actividades\/cultura\/barcelona\/#primaryimage\",\"url\":\"https:\/\/www.campinglaguna.com\/wp-content\/uploads\/principal5.jpg\",\"contentUrl\":\"https:\/\/www.campinglaguna.com\/wp-content\/uploads\/principal5.jpg\",\"width\":1440,\"height\":500},{\"@type\":\"BreadcrumbList\",\"@id\":\"https:\/\/www.campinglaguna.com\/que-hacer\/actividades\/cultura\/barcelona\/#breadcrumb\",\"itemListElement\":[{\"@type\":\"ListItem\",\"position\":1,\"name\":\"Camping Laguna\",\"item\":\"https:\/\/www.campinglaguna.com\/ca\/\"},{\"@type\":\"ListItem\",\"position\":2,\"name\":\"Que fer?\",\"item\":\"https:\/\/www.campinglaguna.com\/que-hacer\/\"},{\"@type\":\"ListItem\",\"position\":3,\"name\":\"Activitats\",\"item\":\"https:\/\/www.campinglaguna.com\/que-hacer\/actividades\/\"},{\"@type\":\"ListItem\",\"position\":4,\"name\":\"Cultura\",\"item\":\"https:\/\/www.campinglaguna.com\/que-hacer\/actividades\/cultura\/\"},{\"@type\":\"ListItem\",\"position\":5,\"name\":\"Barcelona\"}]},{\"@type\":\"WebSite\",\"@id\":\"https:\/\/www.campinglaguna.com\/#website\",\"url\":\"https:\/\/www.campinglaguna.com\/\",\"name\":\"Camping Laguna\",\"description\":\"Otro sitio realizado con WordPress\",\"publisher\":{\"@id\":\"https:\/\/www.campinglaguna.com\/#organization\"},\"potentialAction\":[{\"@type\":\"SearchAction\",\"target\":{\"@type\":\"EntryPoint\",\"urlTemplate\":\"https:\/\/www.campinglaguna.com\/?s={search_term_string}\"},\"query-input\":{\"@type\":\"PropertyValueSpecification\",\"valueRequired\":true,\"valueName\":\"search_term_string\"}}],\"inLanguage\":\"ca\"},{\"@type\":\"Organization\",\"@id\":\"https:\/\/www.campinglaguna.com\/#organization\",\"name\":\"Camping Laguna\",\"url\":\"https:\/\/www.campinglaguna.com\/\",\"logo\":{\"@type\":\"ImageObject\",\"inLanguage\":\"ca\",\"@id\":\"https:\/\/www.campinglaguna.com\/#\/schema\/logo\/image\/\",\"url\":\"https:\/\/www.campinglaguna.com\/wp-content\/uploads\/logo-laguna.png\",\"contentUrl\":\"https:\/\/www.campinglaguna.com\/wp-content\/uploads\/logo-laguna.png\",\"width\":263,\"height\":64,\"caption\":\"Camping Laguna\"},\"image\":{\"@id\":\"https:\/\/www.campinglaguna.com\/#\/schema\/logo\/image\/\"}}]}<\/script>\n<!-- \/ Yoast SEO plugin. -->","yoast_head_json":{"title":"Barcelona - Camping Laguna","description":"Barcelona \u00e9s un iman per al turisme. I \u00e9s que la ciutat ofereix una combinaci\u00f3 molt interessant de cultura, lleure i compres. D'una banda, Gaud\u00ed enamora","robots":{"index":"index","follow":"follow","max-snippet":"max-snippet:-1","max-image-preview":"max-image-preview:large","max-video-preview":"max-video-preview:-1"},"canonical":"https:\/\/www.campinglaguna.com\/que-hacer\/actividades\/cultura\/barcelona\/","og_locale":"ca_ES","og_type":"article","og_title":"Barcelona - Camping Laguna","og_description":"Barcelona \u00e9s un iman per al turisme. I \u00e9s que la ciutat ofereix una combinaci\u00f3 molt interessant de cultura, lleure i compres. D'una banda, Gaud\u00ed enamora","og_url":"https:\/\/www.campinglaguna.com\/que-hacer\/actividades\/cultura\/barcelona\/","og_site_name":"Camping Laguna","article_modified_time":"2017-03-14T12:00:28+00:00","og_image":[{"width":1440,"height":500,"url":"https:\/\/www.campinglaguna.com\/wp-content\/uploads\/principal5.jpg","type":"image\/jpeg"}],"twitter_card":"summary_large_image","twitter_misc":{"Temps estimat de lectura":"2 minuts"},"schema":{"@context":"https:\/\/schema.org","@graph":[{"@type":"WebPage","@id":"https:\/\/www.campinglaguna.com\/que-hacer\/actividades\/cultura\/barcelona\/","url":"https:\/\/www.campinglaguna.com\/que-hacer\/actividades\/cultura\/barcelona\/","name":"Barcelona - Camping Laguna","isPartOf":{"@id":"https:\/\/www.campinglaguna.com\/#website"},"primaryImageOfPage":{"@id":"https:\/\/www.campinglaguna.com\/que-hacer\/actividades\/cultura\/barcelona\/#primaryimage"},"image":{"@id":"https:\/\/www.campinglaguna.com\/que-hacer\/actividades\/cultura\/barcelona\/#primaryimage"},"thumbnailUrl":"https:\/\/www.campinglaguna.com\/wp-content\/uploads\/principal5.jpg","datePublished":"2017-03-09T12:34:20+00:00","dateModified":"2017-03-14T12:00:28+00:00","description":"Barcelona \u00e9s un iman per al turisme. I \u00e9s que la ciutat ofereix una combinaci\u00f3 molt interessant de cultura, lleure i compres. D'una banda, Gaud\u00ed enamora","breadcrumb":{"@id":"https:\/\/www.campinglaguna.com\/que-hacer\/actividades\/cultura\/barcelona\/#breadcrumb"},"inLanguage":"ca","potentialAction":[{"@type":"ReadAction","target":["https:\/\/www.campinglaguna.com\/que-hacer\/actividades\/cultura\/barcelona\/"]}]},{"@type":"ImageObject","inLanguage":"ca","@id":"https:\/\/www.campinglaguna.com\/que-hacer\/actividades\/cultura\/barcelona\/#primaryimage","url":"https:\/\/www.campinglaguna.com\/wp-content\/uploads\/principal5.jpg","contentUrl":"https:\/\/www.campinglaguna.com\/wp-content\/uploads\/principal5.jpg","width":1440,"height":500},{"@type":"BreadcrumbList","@id":"https:\/\/www.campinglaguna.com\/que-hacer\/actividades\/cultura\/barcelona\/#breadcrumb","itemListElement":[{"@type":"ListItem","position":1,"name":"Camping Laguna","item":"https:\/\/www.campinglaguna.com\/ca\/"},{"@type":"ListItem","position":2,"name":"Que fer?","item":"https:\/\/www.campinglaguna.com\/que-hacer\/"},{"@type":"ListItem","position":3,"name":"Activitats","item":"https:\/\/www.campinglaguna.com\/que-hacer\/actividades\/"},{"@type":"ListItem","position":4,"name":"Cultura","item":"https:\/\/www.campinglaguna.com\/que-hacer\/actividades\/cultura\/"},{"@type":"ListItem","position":5,"name":"Barcelona"}]},{"@type":"WebSite","@id":"https:\/\/www.campinglaguna.com\/#website","url":"https:\/\/www.campinglaguna.com\/","name":"Camping Laguna","description":"Otro sitio realizado con WordPress","publisher":{"@id":"https:\/\/www.campinglaguna.com\/#organization"},"potentialAction":[{"@type":"SearchAction","target":{"@type":"EntryPoint","urlTemplate":"https:\/\/www.campinglaguna.com\/?s={search_term_string}"},"query-input":{"@type":"PropertyValueSpecification","valueRequired":true,"valueName":"search_term_string"}}],"inLanguage":"ca"},{"@type":"Organization","@id":"https:\/\/www.campinglaguna.com\/#organization","name":"Camping Laguna","url":"https:\/\/www.campinglaguna.com\/","logo":{"@type":"ImageObject","inLanguage":"ca","@id":"https:\/\/www.campinglaguna.com\/#\/schema\/logo\/image\/","url":"https:\/\/www.campinglaguna.com\/wp-content\/uploads\/logo-laguna.png","contentUrl":"https:\/\/www.campinglaguna.com\/wp-content\/uploads\/logo-laguna.png","width":263,"height":64,"caption":"Camping Laguna"},"image":{"@id":"https:\/\/www.campinglaguna.com\/#\/schema\/logo\/image\/"}}]}},"_links":{"self":[{"href":"https:\/\/www.campinglaguna.com\/ca\/wp-json\/wp\/v2\/pages\/23731","targetHints":{"allow":["GET"]}}],"collection":[{"href":"https:\/\/www.campinglaguna.com\/ca\/wp-json\/wp\/v2\/pages"}],"about":[{"href":"https:\/\/www.campinglaguna.com\/ca\/wp-json\/wp\/v2\/types\/page"}],"author":[{"embeddable":true,"href":"https:\/\/www.campinglaguna.com\/ca\/wp-json\/wp\/v2\/users\/2"}],"replies":[{"embeddable":true,"href":"https:\/\/www.campinglaguna.com\/ca\/wp-json\/wp\/v2\/comments?post=23731"}],"version-history":[{"count":1,"href":"https:\/\/www.campinglaguna.com\/ca\/wp-json\/wp\/v2\/pages\/23731\/revisions"}],"predecessor-version":[{"id":23732,"href":"https:\/\/www.campinglaguna.com\/ca\/wp-json\/wp\/v2\/pages\/23731\/revisions\/23732"}],"up":[{"embeddable":true,"href":"https:\/\/www.campinglaguna.com\/ca\/wp-json\/wp\/v2\/pages\/23767"}],"wp:featuredmedia":[{"embeddable":true,"href":"https:\/\/www.campinglaguna.com\/ca\/wp-json\/wp\/v2\/media\/20737"}],"wp:attachment":[{"href":"https:\/\/www.campinglaguna.com\/ca\/wp-json\/wp\/v2\/media?parent=23731"}],"curies":[{"name":"wp","href":"https:\/\/api.w.org\/{rel}","templated":true}]}}