{"id":23743,"date":"2017-03-09T13:44:49","date_gmt":"2017-03-09T12:44:49","guid":{"rendered":"https:\/\/www.campinglaguna.com\/salvador-dali\/"},"modified":"2017-03-31T11:41:35","modified_gmt":"2017-03-31T09:41:35","slug":"salvador-dali","status":"publish","type":"page","link":"https:\/\/www.campinglaguna.com\/ca\/que-fer\/activitats\/cultura\/salvador-dali\/","title":{"rendered":"Salvador Dal\u00ed"},"content":{"rendered":"<p>Salvador Dal\u00ed va n\u00e9ixer una matinada de la primavera de 1904 en el si d&#8217;una fam\u00edlia burgesa, fill d&#8217;un notari benpensant i d&#8217;una sensible dama aficionada als ocells. Molts anys m\u00e9s tard escriuria a la seva autobiografia \u201cLa vida secreta de Salvador Dal\u00ed\u201d\u00a0(1942): &#8220;Als tres anys volia ser cuiner. Als cinc volia ser Napole\u00f3. La meva ambici\u00f3 no ha fet m\u00e9s que cr\u00e9ixer i ara \u00e9s la d&#8217;arribar a ser Salvador Dal\u00ed i res m\u00e9s. D&#8217;altra banda, aix\u00f2 \u00e9s molt dif\u00edcil, ja que, a mesura que m&#8217;apropo a Salvador Dal\u00ed, ell s&#8217;allunya de mi&#8221;.<\/p>\n<p>El Teatre-Museu Dal\u00ed de Figueres va ser inaugurat el 1974 i \u00e9s considerat l&#8217;\u00faltima gran obra de Salvador Dal\u00ed. Va ser totalment concebut i dissenyat per l&#8217;artista a fi d&#8217;oferir al visitant una veritable experi\u00e8ncia i portar-lo a l&#8217;interior del seu m\u00f3n captivador i \u00fanic. En aquest museu s\u2019exposen les pintures m\u00e9s conegudes d&#8217;aquest artista associat per sempre al moviment surrealista.<\/p>\n<p>Si aneu a Figueres (a 15 km del C\u00e0mping Laguna) \u00e9s obligat visitar un dels museus de pintura m\u00e9s especials del m\u00f3n.\u00a0 Si voleu continuar endinsant-vos en la vida i l&#8217;obra de Dal\u00ed us recomanem que visiteu tamb\u00e9 el Castell Gala-Dal\u00ed a P\u00fabol i la Casa Salvador Dal\u00ed a Portlligat (Cadaqu\u00e9s). Ambdues visites necessiten una reserva anticipada.<\/p>\n","protected":false},"excerpt":{"rendered":"<p>Salvador Dal\u00ed va n\u00e9ixer una matinada de la primavera de 1904 en el si d&#8217;una fam\u00edlia burgesa, fill d&#8217;un notari benpensant i d&#8217;una sensible dama aficionada als ocells. Molts anys [&hellip;]<\/p>\n","protected":false},"author":2,"featured_media":20698,"parent":23767,"menu_order":8,"comment_status":"closed","ping_status":"closed","template":"","meta":{"_acf_changed":false,"footnotes":""},"class_list":["post-23743","page","type-page","status-publish","has-post-thumbnail","hentry"],"acf":[],"yoast_head":"<!-- This site is optimized with the Yoast SEO plugin v26.1.1 - https:\/\/yoast.com\/wordpress\/plugins\/seo\/ -->\n<title>Salvador Dal\u00ed - Camping Laguna<\/title>\n<meta name=\"description\" content=\"Salvador Dal\u00ed va n\u00e9ixer una matinada de la primavera de 1904 en el si d&#039;una fam\u00edlia burgesa, fill d&#039;un notari benpensant i d&#039;una sensible dama aficionada\" \/>\n<meta name=\"robots\" content=\"index, follow, max-snippet:-1, max-image-preview:large, max-video-preview:-1\" \/>\n<link rel=\"canonical\" href=\"https:\/\/www.campinglaguna.com\/que-hacer\/actividades\/cultura\/salvador-dali\/\" \/>\n<meta property=\"og:locale\" content=\"ca_ES\" \/>\n<meta property=\"og:type\" content=\"article\" \/>\n<meta property=\"og:title\" content=\"Salvador Dal\u00ed - Camping Laguna\" \/>\n<meta property=\"og:description\" content=\"Salvador Dal\u00ed va n\u00e9ixer una matinada de la primavera de 1904 en el si d&#039;una fam\u00edlia burgesa, fill d&#039;un notari benpensant i d&#039;una sensible dama aficionada\" \/>\n<meta property=\"og:url\" content=\"https:\/\/www.campinglaguna.com\/que-hacer\/actividades\/cultura\/salvador-dali\/\" \/>\n<meta property=\"og:site_name\" content=\"Camping Laguna\" \/>\n<meta property=\"article:modified_time\" content=\"2017-03-31T09:41:35+00:00\" \/>\n<meta property=\"og:image\" content=\"https:\/\/www.campinglaguna.com\/wp-content\/uploads\/dalilaguna.jpg\" \/>\n\t<meta property=\"og:image:width\" content=\"1440\" \/>\n\t<meta property=\"og:image:height\" content=\"500\" \/>\n\t<meta property=\"og:image:type\" content=\"image\/jpeg\" \/>\n<meta name=\"twitter:card\" content=\"summary_large_image\" \/>\n<meta name=\"twitter:label1\" content=\"Temps estimat de lectura\" \/>\n\t<meta name=\"twitter:data1\" content=\"1 minut\" \/>\n<script type=\"application\/ld+json\" class=\"yoast-schema-graph\">{\"@context\":\"https:\/\/schema.org\",\"@graph\":[{\"@type\":\"WebPage\",\"@id\":\"https:\/\/www.campinglaguna.com\/que-hacer\/actividades\/cultura\/salvador-dali\/\",\"url\":\"https:\/\/www.campinglaguna.com\/que-hacer\/actividades\/cultura\/salvador-dali\/\",\"name\":\"Salvador Dal\u00ed - Camping Laguna\",\"isPartOf\":{\"@id\":\"https:\/\/www.campinglaguna.com\/#website\"},\"primaryImageOfPage\":{\"@id\":\"https:\/\/www.campinglaguna.com\/que-hacer\/actividades\/cultura\/salvador-dali\/#primaryimage\"},\"image\":{\"@id\":\"https:\/\/www.campinglaguna.com\/que-hacer\/actividades\/cultura\/salvador-dali\/#primaryimage\"},\"thumbnailUrl\":\"https:\/\/www.campinglaguna.com\/wp-content\/uploads\/dalilaguna.jpg\",\"datePublished\":\"2017-03-09T12:44:49+00:00\",\"dateModified\":\"2017-03-31T09:41:35+00:00\",\"description\":\"Salvador Dal\u00ed va n\u00e9ixer una matinada de la primavera de 1904 en el si d'una fam\u00edlia burgesa, fill d'un notari benpensant i d'una sensible dama aficionada\",\"breadcrumb\":{\"@id\":\"https:\/\/www.campinglaguna.com\/que-hacer\/actividades\/cultura\/salvador-dali\/#breadcrumb\"},\"inLanguage\":\"ca\",\"potentialAction\":[{\"@type\":\"ReadAction\",\"target\":[\"https:\/\/www.campinglaguna.com\/que-hacer\/actividades\/cultura\/salvador-dali\/\"]}]},{\"@type\":\"ImageObject\",\"inLanguage\":\"ca\",\"@id\":\"https:\/\/www.campinglaguna.com\/que-hacer\/actividades\/cultura\/salvador-dali\/#primaryimage\",\"url\":\"https:\/\/www.campinglaguna.com\/wp-content\/uploads\/dalilaguna.jpg\",\"contentUrl\":\"https:\/\/www.campinglaguna.com\/wp-content\/uploads\/dalilaguna.jpg\",\"width\":1440,\"height\":500},{\"@type\":\"BreadcrumbList\",\"@id\":\"https:\/\/www.campinglaguna.com\/que-hacer\/actividades\/cultura\/salvador-dali\/#breadcrumb\",\"itemListElement\":[{\"@type\":\"ListItem\",\"position\":1,\"name\":\"Camping Laguna\",\"item\":\"https:\/\/www.campinglaguna.com\/ca\/\"},{\"@type\":\"ListItem\",\"position\":2,\"name\":\"Que fer?\",\"item\":\"https:\/\/www.campinglaguna.com\/que-hacer\/\"},{\"@type\":\"ListItem\",\"position\":3,\"name\":\"Activitats\",\"item\":\"https:\/\/www.campinglaguna.com\/que-hacer\/actividades\/\"},{\"@type\":\"ListItem\",\"position\":4,\"name\":\"Cultura\",\"item\":\"https:\/\/www.campinglaguna.com\/que-hacer\/actividades\/cultura\/\"},{\"@type\":\"ListItem\",\"position\":5,\"name\":\"Salvador Dal\u00ed\"}]},{\"@type\":\"WebSite\",\"@id\":\"https:\/\/www.campinglaguna.com\/#website\",\"url\":\"https:\/\/www.campinglaguna.com\/\",\"name\":\"Camping Laguna\",\"description\":\"Otro sitio realizado con WordPress\",\"publisher\":{\"@id\":\"https:\/\/www.campinglaguna.com\/#organization\"},\"potentialAction\":[{\"@type\":\"SearchAction\",\"target\":{\"@type\":\"EntryPoint\",\"urlTemplate\":\"https:\/\/www.campinglaguna.com\/?s={search_term_string}\"},\"query-input\":{\"@type\":\"PropertyValueSpecification\",\"valueRequired\":true,\"valueName\":\"search_term_string\"}}],\"inLanguage\":\"ca\"},{\"@type\":\"Organization\",\"@id\":\"https:\/\/www.campinglaguna.com\/#organization\",\"name\":\"Camping Laguna\",\"url\":\"https:\/\/www.campinglaguna.com\/\",\"logo\":{\"@type\":\"ImageObject\",\"inLanguage\":\"ca\",\"@id\":\"https:\/\/www.campinglaguna.com\/#\/schema\/logo\/image\/\",\"url\":\"https:\/\/www.campinglaguna.com\/wp-content\/uploads\/logo-laguna.png\",\"contentUrl\":\"https:\/\/www.campinglaguna.com\/wp-content\/uploads\/logo-laguna.png\",\"width\":263,\"height\":64,\"caption\":\"Camping Laguna\"},\"image\":{\"@id\":\"https:\/\/www.campinglaguna.com\/#\/schema\/logo\/image\/\"}}]}<\/script>\n<!-- \/ Yoast SEO plugin. -->","yoast_head_json":{"title":"Salvador Dal\u00ed - Camping Laguna","description":"Salvador Dal\u00ed va n\u00e9ixer una matinada de la primavera de 1904 en el si d'una fam\u00edlia burgesa, fill d'un notari benpensant i d'una sensible dama aficionada","robots":{"index":"index","follow":"follow","max-snippet":"max-snippet:-1","max-image-preview":"max-image-preview:large","max-video-preview":"max-video-preview:-1"},"canonical":"https:\/\/www.campinglaguna.com\/que-hacer\/actividades\/cultura\/salvador-dali\/","og_locale":"ca_ES","og_type":"article","og_title":"Salvador Dal\u00ed - Camping Laguna","og_description":"Salvador Dal\u00ed va n\u00e9ixer una matinada de la primavera de 1904 en el si d'una fam\u00edlia burgesa, fill d'un notari benpensant i d'una sensible dama aficionada","og_url":"https:\/\/www.campinglaguna.com\/que-hacer\/actividades\/cultura\/salvador-dali\/","og_site_name":"Camping Laguna","article_modified_time":"2017-03-31T09:41:35+00:00","og_image":[{"width":1440,"height":500,"url":"https:\/\/www.campinglaguna.com\/wp-content\/uploads\/dalilaguna.jpg","type":"image\/jpeg"}],"twitter_card":"summary_large_image","twitter_misc":{"Temps estimat de lectura":"1 minut"},"schema":{"@context":"https:\/\/schema.org","@graph":[{"@type":"WebPage","@id":"https:\/\/www.campinglaguna.com\/que-hacer\/actividades\/cultura\/salvador-dali\/","url":"https:\/\/www.campinglaguna.com\/que-hacer\/actividades\/cultura\/salvador-dali\/","name":"Salvador Dal\u00ed - Camping Laguna","isPartOf":{"@id":"https:\/\/www.campinglaguna.com\/#website"},"primaryImageOfPage":{"@id":"https:\/\/www.campinglaguna.com\/que-hacer\/actividades\/cultura\/salvador-dali\/#primaryimage"},"image":{"@id":"https:\/\/www.campinglaguna.com\/que-hacer\/actividades\/cultura\/salvador-dali\/#primaryimage"},"thumbnailUrl":"https:\/\/www.campinglaguna.com\/wp-content\/uploads\/dalilaguna.jpg","datePublished":"2017-03-09T12:44:49+00:00","dateModified":"2017-03-31T09:41:35+00:00","description":"Salvador Dal\u00ed va n\u00e9ixer una matinada de la primavera de 1904 en el si d'una fam\u00edlia burgesa, fill d'un notari benpensant i d'una sensible dama aficionada","breadcrumb":{"@id":"https:\/\/www.campinglaguna.com\/que-hacer\/actividades\/cultura\/salvador-dali\/#breadcrumb"},"inLanguage":"ca","potentialAction":[{"@type":"ReadAction","target":["https:\/\/www.campinglaguna.com\/que-hacer\/actividades\/cultura\/salvador-dali\/"]}]},{"@type":"ImageObject","inLanguage":"ca","@id":"https:\/\/www.campinglaguna.com\/que-hacer\/actividades\/cultura\/salvador-dali\/#primaryimage","url":"https:\/\/www.campinglaguna.com\/wp-content\/uploads\/dalilaguna.jpg","contentUrl":"https:\/\/www.campinglaguna.com\/wp-content\/uploads\/dalilaguna.jpg","width":1440,"height":500},{"@type":"BreadcrumbList","@id":"https:\/\/www.campinglaguna.com\/que-hacer\/actividades\/cultura\/salvador-dali\/#breadcrumb","itemListElement":[{"@type":"ListItem","position":1,"name":"Camping Laguna","item":"https:\/\/www.campinglaguna.com\/ca\/"},{"@type":"ListItem","position":2,"name":"Que fer?","item":"https:\/\/www.campinglaguna.com\/que-hacer\/"},{"@type":"ListItem","position":3,"name":"Activitats","item":"https:\/\/www.campinglaguna.com\/que-hacer\/actividades\/"},{"@type":"ListItem","position":4,"name":"Cultura","item":"https:\/\/www.campinglaguna.com\/que-hacer\/actividades\/cultura\/"},{"@type":"ListItem","position":5,"name":"Salvador Dal\u00ed"}]},{"@type":"WebSite","@id":"https:\/\/www.campinglaguna.com\/#website","url":"https:\/\/www.campinglaguna.com\/","name":"Camping Laguna","description":"Otro sitio realizado con WordPress","publisher":{"@id":"https:\/\/www.campinglaguna.com\/#organization"},"potentialAction":[{"@type":"SearchAction","target":{"@type":"EntryPoint","urlTemplate":"https:\/\/www.campinglaguna.com\/?s={search_term_string}"},"query-input":{"@type":"PropertyValueSpecification","valueRequired":true,"valueName":"search_term_string"}}],"inLanguage":"ca"},{"@type":"Organization","@id":"https:\/\/www.campinglaguna.com\/#organization","name":"Camping Laguna","url":"https:\/\/www.campinglaguna.com\/","logo":{"@type":"ImageObject","inLanguage":"ca","@id":"https:\/\/www.campinglaguna.com\/#\/schema\/logo\/image\/","url":"https:\/\/www.campinglaguna.com\/wp-content\/uploads\/logo-laguna.png","contentUrl":"https:\/\/www.campinglaguna.com\/wp-content\/uploads\/logo-laguna.png","width":263,"height":64,"caption":"Camping Laguna"},"image":{"@id":"https:\/\/www.campinglaguna.com\/#\/schema\/logo\/image\/"}}]}},"_links":{"self":[{"href":"https:\/\/www.campinglaguna.com\/ca\/wp-json\/wp\/v2\/pages\/23743","targetHints":{"allow":["GET"]}}],"collection":[{"href":"https:\/\/www.campinglaguna.com\/ca\/wp-json\/wp\/v2\/pages"}],"about":[{"href":"https:\/\/www.campinglaguna.com\/ca\/wp-json\/wp\/v2\/types\/page"}],"author":[{"embeddable":true,"href":"https:\/\/www.campinglaguna.com\/ca\/wp-json\/wp\/v2\/users\/2"}],"replies":[{"embeddable":true,"href":"https:\/\/www.campinglaguna.com\/ca\/wp-json\/wp\/v2\/comments?post=23743"}],"version-history":[{"count":2,"href":"https:\/\/www.campinglaguna.com\/ca\/wp-json\/wp\/v2\/pages\/23743\/revisions"}],"predecessor-version":[{"id":24283,"href":"https:\/\/www.campinglaguna.com\/ca\/wp-json\/wp\/v2\/pages\/23743\/revisions\/24283"}],"up":[{"embeddable":true,"href":"https:\/\/www.campinglaguna.com\/ca\/wp-json\/wp\/v2\/pages\/23767"}],"wp:featuredmedia":[{"embeddable":true,"href":"https:\/\/www.campinglaguna.com\/ca\/wp-json\/wp\/v2\/media\/20698"}],"wp:attachment":[{"href":"https:\/\/www.campinglaguna.com\/ca\/wp-json\/wp\/v2\/media?parent=23743"}],"curies":[{"name":"wp","href":"https:\/\/api.w.org\/{rel}","templated":true}]}}