{"id":23769,"date":"2017-03-09T13:59:09","date_gmt":"2017-03-09T12:59:09","guid":{"rendered":"https:\/\/www.campinglaguna.com\/que-fer\/activitats\/esports\/"},"modified":"2017-03-09T13:59:16","modified_gmt":"2017-03-09T12:59:16","slug":"esports","status":"publish","type":"page","link":"https:\/\/www.campinglaguna.com\/ca\/que-fer\/activitats\/esports\/","title":{"rendered":"Esports"},"content":{"rendered":"<p>Descobriu un m\u00f3n de possibilitats per a la pr\u00e0ctica de l&#8217;esport al C\u00e0mping Laguna!<\/p>\n","protected":false},"excerpt":{"rendered":"<p>Descobriu un m\u00f3n de possibilitats per a la pr\u00e0ctica de l&#8217;esport al C\u00e0mping Laguna!<\/p>\n","protected":false},"author":2,"featured_media":20212,"parent":23695,"menu_order":0,"comment_status":"closed","ping_status":"closed","template":"templates\/tmpl-mostrar-hijos.php","meta":{"_acf_changed":false,"footnotes":""},"class_list":["post-23769","page","type-page","status-publish","has-post-thumbnail","hentry"],"acf":[],"yoast_head":"<!-- This site is optimized with the Yoast SEO plugin v26.1.1 - https:\/\/yoast.com\/wordpress\/plugins\/seo\/ -->\n<title>Esports - Camping Laguna<\/title>\n<meta name=\"description\" content=\"Descobriu un m\u00f3n de possibilitats per a la pr\u00e0ctica de l&#039;esport al C\u00e0mping Laguna!\" \/>\n<meta name=\"robots\" content=\"index, follow, max-snippet:-1, max-image-preview:large, max-video-preview:-1\" \/>\n<link rel=\"canonical\" href=\"https:\/\/www.campinglaguna.com\/que-hacer\/actividades\/deportes\/\" \/>\n<meta property=\"og:locale\" content=\"ca_ES\" \/>\n<meta property=\"og:type\" content=\"article\" \/>\n<meta property=\"og:title\" content=\"Esports - Camping Laguna\" \/>\n<meta property=\"og:description\" content=\"Descobriu un m\u00f3n de possibilitats per a la pr\u00e0ctica de l&#039;esport al C\u00e0mping Laguna!\" \/>\n<meta property=\"og:url\" content=\"https:\/\/www.campinglaguna.com\/que-hacer\/actividades\/deportes\/\" \/>\n<meta property=\"og:site_name\" content=\"Camping Laguna\" \/>\n<meta property=\"article:modified_time\" content=\"2017-03-09T12:59:16+00:00\" \/>\n<meta property=\"og:image\" content=\"https:\/\/www.campinglaguna.com\/wp-content\/uploads\/Principal12.jpg\" \/>\n\t<meta property=\"og:image:width\" content=\"1440\" \/>\n\t<meta property=\"og:image:height\" content=\"500\" \/>\n\t<meta property=\"og:image:type\" content=\"image\/jpeg\" \/>\n<meta name=\"twitter:card\" content=\"summary_large_image\" \/>\n<script type=\"application\/ld+json\" class=\"yoast-schema-graph\">{\"@context\":\"https:\/\/schema.org\",\"@graph\":[{\"@type\":\"WebPage\",\"@id\":\"https:\/\/www.campinglaguna.com\/que-hacer\/actividades\/deportes\/\",\"url\":\"https:\/\/www.campinglaguna.com\/que-hacer\/actividades\/deportes\/\",\"name\":\"Esports - Camping Laguna\",\"isPartOf\":{\"@id\":\"https:\/\/www.campinglaguna.com\/#website\"},\"primaryImageOfPage\":{\"@id\":\"https:\/\/www.campinglaguna.com\/que-hacer\/actividades\/deportes\/#primaryimage\"},\"image\":{\"@id\":\"https:\/\/www.campinglaguna.com\/que-hacer\/actividades\/deportes\/#primaryimage\"},\"thumbnailUrl\":\"https:\/\/www.campinglaguna.com\/wp-content\/uploads\/Principal12.jpg\",\"datePublished\":\"2017-03-09T12:59:09+00:00\",\"dateModified\":\"2017-03-09T12:59:16+00:00\",\"description\":\"Descobriu un m\u00f3n de possibilitats per a la pr\u00e0ctica de l'esport al C\u00e0mping Laguna!\",\"breadcrumb\":{\"@id\":\"https:\/\/www.campinglaguna.com\/que-hacer\/actividades\/deportes\/#breadcrumb\"},\"inLanguage\":\"ca\",\"potentialAction\":[{\"@type\":\"ReadAction\",\"target\":[\"https:\/\/www.campinglaguna.com\/que-hacer\/actividades\/deportes\/\"]}]},{\"@type\":\"ImageObject\",\"inLanguage\":\"ca\",\"@id\":\"https:\/\/www.campinglaguna.com\/que-hacer\/actividades\/deportes\/#primaryimage\",\"url\":\"https:\/\/www.campinglaguna.com\/wp-content\/uploads\/Principal12.jpg\",\"contentUrl\":\"https:\/\/www.campinglaguna.com\/wp-content\/uploads\/Principal12.jpg\",\"width\":1440,\"height\":500},{\"@type\":\"BreadcrumbList\",\"@id\":\"https:\/\/www.campinglaguna.com\/que-hacer\/actividades\/deportes\/#breadcrumb\",\"itemListElement\":[{\"@type\":\"ListItem\",\"position\":1,\"name\":\"Camping Laguna\",\"item\":\"https:\/\/www.campinglaguna.com\/ca\/\"},{\"@type\":\"ListItem\",\"position\":2,\"name\":\"Que fer?\",\"item\":\"https:\/\/www.campinglaguna.com\/que-hacer\/\"},{\"@type\":\"ListItem\",\"position\":3,\"name\":\"Activitats\",\"item\":\"https:\/\/www.campinglaguna.com\/que-hacer\/actividades\/\"},{\"@type\":\"ListItem\",\"position\":4,\"name\":\"Esports\"}]},{\"@type\":\"WebSite\",\"@id\":\"https:\/\/www.campinglaguna.com\/#website\",\"url\":\"https:\/\/www.campinglaguna.com\/\",\"name\":\"Camping Laguna\",\"description\":\"Otro sitio realizado con WordPress\",\"publisher\":{\"@id\":\"https:\/\/www.campinglaguna.com\/#organization\"},\"potentialAction\":[{\"@type\":\"SearchAction\",\"target\":{\"@type\":\"EntryPoint\",\"urlTemplate\":\"https:\/\/www.campinglaguna.com\/?s={search_term_string}\"},\"query-input\":{\"@type\":\"PropertyValueSpecification\",\"valueRequired\":true,\"valueName\":\"search_term_string\"}}],\"inLanguage\":\"ca\"},{\"@type\":\"Organization\",\"@id\":\"https:\/\/www.campinglaguna.com\/#organization\",\"name\":\"Camping Laguna\",\"url\":\"https:\/\/www.campinglaguna.com\/\",\"logo\":{\"@type\":\"ImageObject\",\"inLanguage\":\"ca\",\"@id\":\"https:\/\/www.campinglaguna.com\/#\/schema\/logo\/image\/\",\"url\":\"https:\/\/www.campinglaguna.com\/wp-content\/uploads\/logo-laguna.png\",\"contentUrl\":\"https:\/\/www.campinglaguna.com\/wp-content\/uploads\/logo-laguna.png\",\"width\":263,\"height\":64,\"caption\":\"Camping Laguna\"},\"image\":{\"@id\":\"https:\/\/www.campinglaguna.com\/#\/schema\/logo\/image\/\"}}]}<\/script>\n<!-- \/ Yoast SEO plugin. -->","yoast_head_json":{"title":"Esports - Camping Laguna","description":"Descobriu un m\u00f3n de possibilitats per a la pr\u00e0ctica de l'esport al C\u00e0mping Laguna!","robots":{"index":"index","follow":"follow","max-snippet":"max-snippet:-1","max-image-preview":"max-image-preview:large","max-video-preview":"max-video-preview:-1"},"canonical":"https:\/\/www.campinglaguna.com\/que-hacer\/actividades\/deportes\/","og_locale":"ca_ES","og_type":"article","og_title":"Esports - Camping Laguna","og_description":"Descobriu un m\u00f3n de possibilitats per a la pr\u00e0ctica de l'esport al C\u00e0mping Laguna!","og_url":"https:\/\/www.campinglaguna.com\/que-hacer\/actividades\/deportes\/","og_site_name":"Camping Laguna","article_modified_time":"2017-03-09T12:59:16+00:00","og_image":[{"width":1440,"height":500,"url":"https:\/\/www.campinglaguna.com\/wp-content\/uploads\/Principal12.jpg","type":"image\/jpeg"}],"twitter_card":"summary_large_image","schema":{"@context":"https:\/\/schema.org","@graph":[{"@type":"WebPage","@id":"https:\/\/www.campinglaguna.com\/que-hacer\/actividades\/deportes\/","url":"https:\/\/www.campinglaguna.com\/que-hacer\/actividades\/deportes\/","name":"Esports - Camping Laguna","isPartOf":{"@id":"https:\/\/www.campinglaguna.com\/#website"},"primaryImageOfPage":{"@id":"https:\/\/www.campinglaguna.com\/que-hacer\/actividades\/deportes\/#primaryimage"},"image":{"@id":"https:\/\/www.campinglaguna.com\/que-hacer\/actividades\/deportes\/#primaryimage"},"thumbnailUrl":"https:\/\/www.campinglaguna.com\/wp-content\/uploads\/Principal12.jpg","datePublished":"2017-03-09T12:59:09+00:00","dateModified":"2017-03-09T12:59:16+00:00","description":"Descobriu un m\u00f3n de possibilitats per a la pr\u00e0ctica de l'esport al C\u00e0mping Laguna!","breadcrumb":{"@id":"https:\/\/www.campinglaguna.com\/que-hacer\/actividades\/deportes\/#breadcrumb"},"inLanguage":"ca","potentialAction":[{"@type":"ReadAction","target":["https:\/\/www.campinglaguna.com\/que-hacer\/actividades\/deportes\/"]}]},{"@type":"ImageObject","inLanguage":"ca","@id":"https:\/\/www.campinglaguna.com\/que-hacer\/actividades\/deportes\/#primaryimage","url":"https:\/\/www.campinglaguna.com\/wp-content\/uploads\/Principal12.jpg","contentUrl":"https:\/\/www.campinglaguna.com\/wp-content\/uploads\/Principal12.jpg","width":1440,"height":500},{"@type":"BreadcrumbList","@id":"https:\/\/www.campinglaguna.com\/que-hacer\/actividades\/deportes\/#breadcrumb","itemListElement":[{"@type":"ListItem","position":1,"name":"Camping Laguna","item":"https:\/\/www.campinglaguna.com\/ca\/"},{"@type":"ListItem","position":2,"name":"Que fer?","item":"https:\/\/www.campinglaguna.com\/que-hacer\/"},{"@type":"ListItem","position":3,"name":"Activitats","item":"https:\/\/www.campinglaguna.com\/que-hacer\/actividades\/"},{"@type":"ListItem","position":4,"name":"Esports"}]},{"@type":"WebSite","@id":"https:\/\/www.campinglaguna.com\/#website","url":"https:\/\/www.campinglaguna.com\/","name":"Camping Laguna","description":"Otro sitio realizado con WordPress","publisher":{"@id":"https:\/\/www.campinglaguna.com\/#organization"},"potentialAction":[{"@type":"SearchAction","target":{"@type":"EntryPoint","urlTemplate":"https:\/\/www.campinglaguna.com\/?s={search_term_string}"},"query-input":{"@type":"PropertyValueSpecification","valueRequired":true,"valueName":"search_term_string"}}],"inLanguage":"ca"},{"@type":"Organization","@id":"https:\/\/www.campinglaguna.com\/#organization","name":"Camping Laguna","url":"https:\/\/www.campinglaguna.com\/","logo":{"@type":"ImageObject","inLanguage":"ca","@id":"https:\/\/www.campinglaguna.com\/#\/schema\/logo\/image\/","url":"https:\/\/www.campinglaguna.com\/wp-content\/uploads\/logo-laguna.png","contentUrl":"https:\/\/www.campinglaguna.com\/wp-content\/uploads\/logo-laguna.png","width":263,"height":64,"caption":"Camping Laguna"},"image":{"@id":"https:\/\/www.campinglaguna.com\/#\/schema\/logo\/image\/"}}]}},"_links":{"self":[{"href":"https:\/\/www.campinglaguna.com\/ca\/wp-json\/wp\/v2\/pages\/23769","targetHints":{"allow":["GET"]}}],"collection":[{"href":"https:\/\/www.campinglaguna.com\/ca\/wp-json\/wp\/v2\/pages"}],"about":[{"href":"https:\/\/www.campinglaguna.com\/ca\/wp-json\/wp\/v2\/types\/page"}],"author":[{"embeddable":true,"href":"https:\/\/www.campinglaguna.com\/ca\/wp-json\/wp\/v2\/users\/2"}],"replies":[{"embeddable":true,"href":"https:\/\/www.campinglaguna.com\/ca\/wp-json\/wp\/v2\/comments?post=23769"}],"version-history":[{"count":1,"href":"https:\/\/www.campinglaguna.com\/ca\/wp-json\/wp\/v2\/pages\/23769\/revisions"}],"predecessor-version":[{"id":23770,"href":"https:\/\/www.campinglaguna.com\/ca\/wp-json\/wp\/v2\/pages\/23769\/revisions\/23770"}],"up":[{"embeddable":true,"href":"https:\/\/www.campinglaguna.com\/ca\/wp-json\/wp\/v2\/pages\/23695"}],"wp:featuredmedia":[{"embeddable":true,"href":"https:\/\/www.campinglaguna.com\/ca\/wp-json\/wp\/v2\/media\/20212"}],"wp:attachment":[{"href":"https:\/\/www.campinglaguna.com\/ca\/wp-json\/wp\/v2\/media?parent=23769"}],"curies":[{"name":"wp","href":"https:\/\/api.w.org\/{rel}","templated":true}]}}