{"id":23813,"date":"2017-03-09T15:43:15","date_gmt":"2017-03-09T14:43:15","guid":{"rendered":"https:\/\/www.campinglaguna.com\/gelats\/"},"modified":"2017-04-07T15:34:26","modified_gmt":"2017-04-07T13:34:26","slug":"gelats","status":"publish","type":"page","link":"https:\/\/www.campinglaguna.com\/ca\/que-fer\/gastronomia\/gelats\/","title":{"rendered":"Gelats"},"content":{"rendered":"<p>Visiteu el nostre quiosc de gelats al costat del restaurant: el lloc perfecte per combatre la calor de l&#8217;estiu.\u00a0 Des de sabors cl\u00e0ssics com la vainilla a altres de m\u00e9s ex\u00f2tics com el mojito gelat. Us sorprendreu!<\/p>\n<p>I si us estimeu m\u00e9s alguna cosa una mica m\u00e9s contundent, podeu triar entre una selecci\u00f3 de creps de tot tipus. Que potser avui us en ve de gust una de Nutella amb una bola de gelat de vainilla?<\/p>\n","protected":false},"excerpt":{"rendered":"<p>Visiteu el nostre quiosc de gelats al costat del restaurant: el lloc perfecte per combatre la calor de l&#8217;estiu.\u00a0 Des de sabors cl\u00e0ssics com la vainilla a altres de m\u00e9s [&hellip;]<\/p>\n","protected":false},"author":1,"featured_media":21144,"parent":23817,"menu_order":3,"comment_status":"closed","ping_status":"closed","template":"","meta":{"_acf_changed":false,"footnotes":""},"class_list":["post-23813","page","type-page","status-publish","has-post-thumbnail","hentry"],"acf":[],"yoast_head":"<!-- This site is optimized with the Yoast SEO plugin v26.1.1 - https:\/\/yoast.com\/wordpress\/plugins\/seo\/ -->\n<title>Gelats - Camping Laguna<\/title>\n<meta name=\"description\" content=\"Visiteu el nostre quiosc de gelats al costat del restaurant: el lloc perfecte per combatre la calor de l&#039;estiu.\u00a0 Des de sabors cl\u00e0ssics com la vainilla a\" \/>\n<meta name=\"robots\" content=\"index, follow, max-snippet:-1, max-image-preview:large, max-video-preview:-1\" \/>\n<link rel=\"canonical\" href=\"https:\/\/www.campinglaguna.com\/que-hacer\/gastronomia\/heladeria\/\" \/>\n<meta property=\"og:locale\" content=\"ca_ES\" \/>\n<meta property=\"og:type\" content=\"article\" \/>\n<meta property=\"og:title\" content=\"Gelats - Camping Laguna\" \/>\n<meta property=\"og:description\" content=\"Visiteu el nostre quiosc de gelats al costat del restaurant: el lloc perfecte per combatre la calor de l&#039;estiu.\u00a0 Des de sabors cl\u00e0ssics com la vainilla a\" \/>\n<meta property=\"og:url\" content=\"https:\/\/www.campinglaguna.com\/que-hacer\/gastronomia\/heladeria\/\" \/>\n<meta property=\"og:site_name\" content=\"Camping Laguna\" \/>\n<meta property=\"article:modified_time\" content=\"2017-04-07T13:34:26+00:00\" \/>\n<meta property=\"og:image\" content=\"https:\/\/www.campinglaguna.com\/wp-content\/uploads\/principal18.jpg\" \/>\n\t<meta property=\"og:image:width\" content=\"1440\" \/>\n\t<meta property=\"og:image:height\" content=\"500\" \/>\n\t<meta property=\"og:image:type\" content=\"image\/jpeg\" \/>\n<meta name=\"twitter:card\" content=\"summary_large_image\" \/>\n<script type=\"application\/ld+json\" class=\"yoast-schema-graph\">{\"@context\":\"https:\/\/schema.org\",\"@graph\":[{\"@type\":\"WebPage\",\"@id\":\"https:\/\/www.campinglaguna.com\/que-hacer\/gastronomia\/heladeria\/\",\"url\":\"https:\/\/www.campinglaguna.com\/que-hacer\/gastronomia\/heladeria\/\",\"name\":\"Gelats - Camping Laguna\",\"isPartOf\":{\"@id\":\"https:\/\/www.campinglaguna.com\/#website\"},\"primaryImageOfPage\":{\"@id\":\"https:\/\/www.campinglaguna.com\/que-hacer\/gastronomia\/heladeria\/#primaryimage\"},\"image\":{\"@id\":\"https:\/\/www.campinglaguna.com\/que-hacer\/gastronomia\/heladeria\/#primaryimage\"},\"thumbnailUrl\":\"https:\/\/www.campinglaguna.com\/wp-content\/uploads\/principal18.jpg\",\"datePublished\":\"2017-03-09T14:43:15+00:00\",\"dateModified\":\"2017-04-07T13:34:26+00:00\",\"description\":\"Visiteu el nostre quiosc de gelats al costat del restaurant: el lloc perfecte per combatre la calor de l'estiu.\u00a0 Des de sabors cl\u00e0ssics com la vainilla a\",\"breadcrumb\":{\"@id\":\"https:\/\/www.campinglaguna.com\/que-hacer\/gastronomia\/heladeria\/#breadcrumb\"},\"inLanguage\":\"ca\",\"potentialAction\":[{\"@type\":\"ReadAction\",\"target\":[\"https:\/\/www.campinglaguna.com\/que-hacer\/gastronomia\/heladeria\/\"]}]},{\"@type\":\"ImageObject\",\"inLanguage\":\"ca\",\"@id\":\"https:\/\/www.campinglaguna.com\/que-hacer\/gastronomia\/heladeria\/#primaryimage\",\"url\":\"https:\/\/www.campinglaguna.com\/wp-content\/uploads\/principal18.jpg\",\"contentUrl\":\"https:\/\/www.campinglaguna.com\/wp-content\/uploads\/principal18.jpg\",\"width\":1440,\"height\":500},{\"@type\":\"BreadcrumbList\",\"@id\":\"https:\/\/www.campinglaguna.com\/que-hacer\/gastronomia\/heladeria\/#breadcrumb\",\"itemListElement\":[{\"@type\":\"ListItem\",\"position\":1,\"name\":\"Camping Laguna\",\"item\":\"https:\/\/www.campinglaguna.com\/ca\/\"},{\"@type\":\"ListItem\",\"position\":2,\"name\":\"Que fer?\",\"item\":\"https:\/\/www.campinglaguna.com\/que-hacer\/\"},{\"@type\":\"ListItem\",\"position\":3,\"name\":\"Gastronomia\",\"item\":\"https:\/\/www.campinglaguna.com\/que-hacer\/gastronomia\/\"},{\"@type\":\"ListItem\",\"position\":4,\"name\":\"Gelats\"}]},{\"@type\":\"WebSite\",\"@id\":\"https:\/\/www.campinglaguna.com\/#website\",\"url\":\"https:\/\/www.campinglaguna.com\/\",\"name\":\"Camping Laguna\",\"description\":\"Otro sitio realizado con WordPress\",\"publisher\":{\"@id\":\"https:\/\/www.campinglaguna.com\/#organization\"},\"potentialAction\":[{\"@type\":\"SearchAction\",\"target\":{\"@type\":\"EntryPoint\",\"urlTemplate\":\"https:\/\/www.campinglaguna.com\/?s={search_term_string}\"},\"query-input\":{\"@type\":\"PropertyValueSpecification\",\"valueRequired\":true,\"valueName\":\"search_term_string\"}}],\"inLanguage\":\"ca\"},{\"@type\":\"Organization\",\"@id\":\"https:\/\/www.campinglaguna.com\/#organization\",\"name\":\"Camping Laguna\",\"url\":\"https:\/\/www.campinglaguna.com\/\",\"logo\":{\"@type\":\"ImageObject\",\"inLanguage\":\"ca\",\"@id\":\"https:\/\/www.campinglaguna.com\/#\/schema\/logo\/image\/\",\"url\":\"https:\/\/www.campinglaguna.com\/wp-content\/uploads\/logo-laguna.png\",\"contentUrl\":\"https:\/\/www.campinglaguna.com\/wp-content\/uploads\/logo-laguna.png\",\"width\":263,\"height\":64,\"caption\":\"Camping Laguna\"},\"image\":{\"@id\":\"https:\/\/www.campinglaguna.com\/#\/schema\/logo\/image\/\"}}]}<\/script>\n<!-- \/ Yoast SEO plugin. -->","yoast_head_json":{"title":"Gelats - Camping Laguna","description":"Visiteu el nostre quiosc de gelats al costat del restaurant: el lloc perfecte per combatre la calor de l'estiu.\u00a0 Des de sabors cl\u00e0ssics com la vainilla a","robots":{"index":"index","follow":"follow","max-snippet":"max-snippet:-1","max-image-preview":"max-image-preview:large","max-video-preview":"max-video-preview:-1"},"canonical":"https:\/\/www.campinglaguna.com\/que-hacer\/gastronomia\/heladeria\/","og_locale":"ca_ES","og_type":"article","og_title":"Gelats - Camping Laguna","og_description":"Visiteu el nostre quiosc de gelats al costat del restaurant: el lloc perfecte per combatre la calor de l'estiu.\u00a0 Des de sabors cl\u00e0ssics com la vainilla a","og_url":"https:\/\/www.campinglaguna.com\/que-hacer\/gastronomia\/heladeria\/","og_site_name":"Camping Laguna","article_modified_time":"2017-04-07T13:34:26+00:00","og_image":[{"width":1440,"height":500,"url":"https:\/\/www.campinglaguna.com\/wp-content\/uploads\/principal18.jpg","type":"image\/jpeg"}],"twitter_card":"summary_large_image","schema":{"@context":"https:\/\/schema.org","@graph":[{"@type":"WebPage","@id":"https:\/\/www.campinglaguna.com\/que-hacer\/gastronomia\/heladeria\/","url":"https:\/\/www.campinglaguna.com\/que-hacer\/gastronomia\/heladeria\/","name":"Gelats - Camping Laguna","isPartOf":{"@id":"https:\/\/www.campinglaguna.com\/#website"},"primaryImageOfPage":{"@id":"https:\/\/www.campinglaguna.com\/que-hacer\/gastronomia\/heladeria\/#primaryimage"},"image":{"@id":"https:\/\/www.campinglaguna.com\/que-hacer\/gastronomia\/heladeria\/#primaryimage"},"thumbnailUrl":"https:\/\/www.campinglaguna.com\/wp-content\/uploads\/principal18.jpg","datePublished":"2017-03-09T14:43:15+00:00","dateModified":"2017-04-07T13:34:26+00:00","description":"Visiteu el nostre quiosc de gelats al costat del restaurant: el lloc perfecte per combatre la calor de l'estiu.\u00a0 Des de sabors cl\u00e0ssics com la vainilla a","breadcrumb":{"@id":"https:\/\/www.campinglaguna.com\/que-hacer\/gastronomia\/heladeria\/#breadcrumb"},"inLanguage":"ca","potentialAction":[{"@type":"ReadAction","target":["https:\/\/www.campinglaguna.com\/que-hacer\/gastronomia\/heladeria\/"]}]},{"@type":"ImageObject","inLanguage":"ca","@id":"https:\/\/www.campinglaguna.com\/que-hacer\/gastronomia\/heladeria\/#primaryimage","url":"https:\/\/www.campinglaguna.com\/wp-content\/uploads\/principal18.jpg","contentUrl":"https:\/\/www.campinglaguna.com\/wp-content\/uploads\/principal18.jpg","width":1440,"height":500},{"@type":"BreadcrumbList","@id":"https:\/\/www.campinglaguna.com\/que-hacer\/gastronomia\/heladeria\/#breadcrumb","itemListElement":[{"@type":"ListItem","position":1,"name":"Camping Laguna","item":"https:\/\/www.campinglaguna.com\/ca\/"},{"@type":"ListItem","position":2,"name":"Que fer?","item":"https:\/\/www.campinglaguna.com\/que-hacer\/"},{"@type":"ListItem","position":3,"name":"Gastronomia","item":"https:\/\/www.campinglaguna.com\/que-hacer\/gastronomia\/"},{"@type":"ListItem","position":4,"name":"Gelats"}]},{"@type":"WebSite","@id":"https:\/\/www.campinglaguna.com\/#website","url":"https:\/\/www.campinglaguna.com\/","name":"Camping Laguna","description":"Otro sitio realizado con WordPress","publisher":{"@id":"https:\/\/www.campinglaguna.com\/#organization"},"potentialAction":[{"@type":"SearchAction","target":{"@type":"EntryPoint","urlTemplate":"https:\/\/www.campinglaguna.com\/?s={search_term_string}"},"query-input":{"@type":"PropertyValueSpecification","valueRequired":true,"valueName":"search_term_string"}}],"inLanguage":"ca"},{"@type":"Organization","@id":"https:\/\/www.campinglaguna.com\/#organization","name":"Camping Laguna","url":"https:\/\/www.campinglaguna.com\/","logo":{"@type":"ImageObject","inLanguage":"ca","@id":"https:\/\/www.campinglaguna.com\/#\/schema\/logo\/image\/","url":"https:\/\/www.campinglaguna.com\/wp-content\/uploads\/logo-laguna.png","contentUrl":"https:\/\/www.campinglaguna.com\/wp-content\/uploads\/logo-laguna.png","width":263,"height":64,"caption":"Camping Laguna"},"image":{"@id":"https:\/\/www.campinglaguna.com\/#\/schema\/logo\/image\/"}}]}},"_links":{"self":[{"href":"https:\/\/www.campinglaguna.com\/ca\/wp-json\/wp\/v2\/pages\/23813","targetHints":{"allow":["GET"]}}],"collection":[{"href":"https:\/\/www.campinglaguna.com\/ca\/wp-json\/wp\/v2\/pages"}],"about":[{"href":"https:\/\/www.campinglaguna.com\/ca\/wp-json\/wp\/v2\/types\/page"}],"author":[{"embeddable":true,"href":"https:\/\/www.campinglaguna.com\/ca\/wp-json\/wp\/v2\/users\/1"}],"replies":[{"embeddable":true,"href":"https:\/\/www.campinglaguna.com\/ca\/wp-json\/wp\/v2\/comments?post=23813"}],"version-history":[{"count":1,"href":"https:\/\/www.campinglaguna.com\/ca\/wp-json\/wp\/v2\/pages\/23813\/revisions"}],"predecessor-version":[{"id":23814,"href":"https:\/\/www.campinglaguna.com\/ca\/wp-json\/wp\/v2\/pages\/23813\/revisions\/23814"}],"up":[{"embeddable":true,"href":"https:\/\/www.campinglaguna.com\/ca\/wp-json\/wp\/v2\/pages\/23817"}],"wp:featuredmedia":[{"embeddable":true,"href":"https:\/\/www.campinglaguna.com\/ca\/wp-json\/wp\/v2\/media\/21144"}],"wp:attachment":[{"href":"https:\/\/www.campinglaguna.com\/ca\/wp-json\/wp\/v2\/media?parent=23813"}],"curies":[{"name":"wp","href":"https:\/\/api.w.org\/{rel}","templated":true}]}}