{"id":23822,"date":"2017-03-09T15:56:17","date_gmt":"2017-03-09T14:56:17","guid":{"rendered":"https:\/\/www.campinglaguna.com\/que-fer\/activitats\/esports\/esports-nautics\/"},"modified":"2017-03-31T11:38:41","modified_gmt":"2017-03-31T09:38:41","slug":"esports-nautics","status":"publish","type":"page","link":"https:\/\/www.campinglaguna.com\/ca\/que-fer\/activitats\/esports\/esports-nautics\/","title":{"rendered":"Esports n\u00e0utics"},"content":{"rendered":"<p>La badia de Roses \u00e9s un lloc fam\u00f3s per les condicions id\u00f2nies per practicar esports n\u00e0utics. La nostra escola us ajudar\u00e0 perqu\u00e8 no us falti res per gaudir del vostre esport favorit.<\/p>\n<p>Us oferim cursos de windsurf, catamar\u00e0, surf de rem (<em>paddle surf<\/em>), caiac o vela segons els est\u00e0ndards de la Federaci\u00f3 N\u00e0utica Alemanya (VDWS), amb nivells inicials, b\u00e0sics o avan\u00e7ats i amb la possibilitat de fer classes particulars. Si ja practiqueu alguna d&#8217;aquestes modalitats, l&#8217;escola us pot llogar tota mena de material perqu\u00e8 l\u2019estada us sigui m\u00e9s f\u00e0cil.<\/p>\n<p>Aqu\u00ed podeu descarregar les tarifes de la nostra escola. Si teniu cap pregunta, contacteu amb nosaltres!<\/p>\n","protected":false},"excerpt":{"rendered":"<p>La badia de Roses \u00e9s un lloc fam\u00f3s per les condicions id\u00f2nies per practicar esports n\u00e0utics. La nostra escola us ajudar\u00e0 perqu\u00e8 no us falti res per gaudir del vostre [&hellip;]<\/p>\n","protected":false},"author":1,"featured_media":20213,"parent":23769,"menu_order":0,"comment_status":"closed","ping_status":"closed","template":"","meta":{"_acf_changed":false,"footnotes":""},"class_list":["post-23822","page","type-page","status-publish","has-post-thumbnail","hentry"],"acf":[],"yoast_head":"<!-- This site is optimized with the Yoast SEO plugin v26.1.1 - https:\/\/yoast.com\/wordpress\/plugins\/seo\/ -->\n<title>Esports n\u00e0utics - Camping Laguna<\/title>\n<meta name=\"description\" content=\"La badia de Roses \u00e9s un lloc fam\u00f3s per les condicions id\u00f2nies per practicar esports n\u00e0utics. La nostra escola us ajudar\u00e0 perqu\u00e8 no us falti res per gaudir\" \/>\n<meta name=\"robots\" content=\"index, follow, max-snippet:-1, max-image-preview:large, max-video-preview:-1\" \/>\n<link rel=\"canonical\" href=\"https:\/\/www.campinglaguna.com\/que-hacer\/actividades\/deportes\/escuela-nautica-2\/\" \/>\n<meta property=\"og:locale\" content=\"ca_ES\" \/>\n<meta property=\"og:type\" content=\"article\" \/>\n<meta property=\"og:title\" content=\"Esports n\u00e0utics - Camping Laguna\" \/>\n<meta property=\"og:description\" content=\"La badia de Roses \u00e9s un lloc fam\u00f3s per les condicions id\u00f2nies per practicar esports n\u00e0utics. La nostra escola us ajudar\u00e0 perqu\u00e8 no us falti res per gaudir\" \/>\n<meta property=\"og:url\" content=\"https:\/\/www.campinglaguna.com\/que-hacer\/actividades\/deportes\/escuela-nautica-2\/\" \/>\n<meta property=\"og:site_name\" content=\"Camping Laguna\" \/>\n<meta property=\"article:modified_time\" content=\"2017-03-31T09:38:41+00:00\" \/>\n<meta property=\"og:image\" content=\"https:\/\/www.campinglaguna.com\/wp-content\/uploads\/Principal13.jpg\" \/>\n\t<meta property=\"og:image:width\" content=\"1440\" \/>\n\t<meta property=\"og:image:height\" content=\"500\" \/>\n\t<meta property=\"og:image:type\" content=\"image\/jpeg\" \/>\n<meta name=\"twitter:card\" content=\"summary_large_image\" \/>\n<meta name=\"twitter:label1\" content=\"Temps estimat de lectura\" \/>\n\t<meta name=\"twitter:data1\" content=\"1 minut\" \/>\n<script type=\"application\/ld+json\" class=\"yoast-schema-graph\">{\"@context\":\"https:\/\/schema.org\",\"@graph\":[{\"@type\":\"WebPage\",\"@id\":\"https:\/\/www.campinglaguna.com\/que-hacer\/actividades\/deportes\/escuela-nautica-2\/\",\"url\":\"https:\/\/www.campinglaguna.com\/que-hacer\/actividades\/deportes\/escuela-nautica-2\/\",\"name\":\"Esports n\u00e0utics - Camping Laguna\",\"isPartOf\":{\"@id\":\"https:\/\/www.campinglaguna.com\/#website\"},\"primaryImageOfPage\":{\"@id\":\"https:\/\/www.campinglaguna.com\/que-hacer\/actividades\/deportes\/escuela-nautica-2\/#primaryimage\"},\"image\":{\"@id\":\"https:\/\/www.campinglaguna.com\/que-hacer\/actividades\/deportes\/escuela-nautica-2\/#primaryimage\"},\"thumbnailUrl\":\"https:\/\/www.campinglaguna.com\/wp-content\/uploads\/Principal13.jpg\",\"datePublished\":\"2017-03-09T14:56:17+00:00\",\"dateModified\":\"2017-03-31T09:38:41+00:00\",\"description\":\"La badia de Roses \u00e9s un lloc fam\u00f3s per les condicions id\u00f2nies per practicar esports n\u00e0utics. La nostra escola us ajudar\u00e0 perqu\u00e8 no us falti res per gaudir\",\"breadcrumb\":{\"@id\":\"https:\/\/www.campinglaguna.com\/que-hacer\/actividades\/deportes\/escuela-nautica-2\/#breadcrumb\"},\"inLanguage\":\"ca\",\"potentialAction\":[{\"@type\":\"ReadAction\",\"target\":[\"https:\/\/www.campinglaguna.com\/que-hacer\/actividades\/deportes\/escuela-nautica-2\/\"]}]},{\"@type\":\"ImageObject\",\"inLanguage\":\"ca\",\"@id\":\"https:\/\/www.campinglaguna.com\/que-hacer\/actividades\/deportes\/escuela-nautica-2\/#primaryimage\",\"url\":\"https:\/\/www.campinglaguna.com\/wp-content\/uploads\/Principal13.jpg\",\"contentUrl\":\"https:\/\/www.campinglaguna.com\/wp-content\/uploads\/Principal13.jpg\",\"width\":1440,\"height\":500},{\"@type\":\"BreadcrumbList\",\"@id\":\"https:\/\/www.campinglaguna.com\/que-hacer\/actividades\/deportes\/escuela-nautica-2\/#breadcrumb\",\"itemListElement\":[{\"@type\":\"ListItem\",\"position\":1,\"name\":\"Camping Laguna\",\"item\":\"https:\/\/www.campinglaguna.com\/ca\/\"},{\"@type\":\"ListItem\",\"position\":2,\"name\":\"Que fer?\",\"item\":\"https:\/\/www.campinglaguna.com\/que-hacer\/\"},{\"@type\":\"ListItem\",\"position\":3,\"name\":\"Activitats\",\"item\":\"https:\/\/www.campinglaguna.com\/que-hacer\/actividades\/\"},{\"@type\":\"ListItem\",\"position\":4,\"name\":\"Esports\",\"item\":\"https:\/\/www.campinglaguna.com\/que-hacer\/actividades\/deportes\/\"},{\"@type\":\"ListItem\",\"position\":5,\"name\":\"Esports n\u00e0utics\"}]},{\"@type\":\"WebSite\",\"@id\":\"https:\/\/www.campinglaguna.com\/#website\",\"url\":\"https:\/\/www.campinglaguna.com\/\",\"name\":\"Camping Laguna\",\"description\":\"Otro sitio realizado con WordPress\",\"publisher\":{\"@id\":\"https:\/\/www.campinglaguna.com\/#organization\"},\"potentialAction\":[{\"@type\":\"SearchAction\",\"target\":{\"@type\":\"EntryPoint\",\"urlTemplate\":\"https:\/\/www.campinglaguna.com\/?s={search_term_string}\"},\"query-input\":{\"@type\":\"PropertyValueSpecification\",\"valueRequired\":true,\"valueName\":\"search_term_string\"}}],\"inLanguage\":\"ca\"},{\"@type\":\"Organization\",\"@id\":\"https:\/\/www.campinglaguna.com\/#organization\",\"name\":\"Camping Laguna\",\"url\":\"https:\/\/www.campinglaguna.com\/\",\"logo\":{\"@type\":\"ImageObject\",\"inLanguage\":\"ca\",\"@id\":\"https:\/\/www.campinglaguna.com\/#\/schema\/logo\/image\/\",\"url\":\"https:\/\/www.campinglaguna.com\/wp-content\/uploads\/logo-laguna.png\",\"contentUrl\":\"https:\/\/www.campinglaguna.com\/wp-content\/uploads\/logo-laguna.png\",\"width\":263,\"height\":64,\"caption\":\"Camping Laguna\"},\"image\":{\"@id\":\"https:\/\/www.campinglaguna.com\/#\/schema\/logo\/image\/\"}}]}<\/script>\n<!-- \/ Yoast SEO plugin. -->","yoast_head_json":{"title":"Esports n\u00e0utics - Camping Laguna","description":"La badia de Roses \u00e9s un lloc fam\u00f3s per les condicions id\u00f2nies per practicar esports n\u00e0utics. La nostra escola us ajudar\u00e0 perqu\u00e8 no us falti res per gaudir","robots":{"index":"index","follow":"follow","max-snippet":"max-snippet:-1","max-image-preview":"max-image-preview:large","max-video-preview":"max-video-preview:-1"},"canonical":"https:\/\/www.campinglaguna.com\/que-hacer\/actividades\/deportes\/escuela-nautica-2\/","og_locale":"ca_ES","og_type":"article","og_title":"Esports n\u00e0utics - Camping Laguna","og_description":"La badia de Roses \u00e9s un lloc fam\u00f3s per les condicions id\u00f2nies per practicar esports n\u00e0utics. La nostra escola us ajudar\u00e0 perqu\u00e8 no us falti res per gaudir","og_url":"https:\/\/www.campinglaguna.com\/que-hacer\/actividades\/deportes\/escuela-nautica-2\/","og_site_name":"Camping Laguna","article_modified_time":"2017-03-31T09:38:41+00:00","og_image":[{"width":1440,"height":500,"url":"https:\/\/www.campinglaguna.com\/wp-content\/uploads\/Principal13.jpg","type":"image\/jpeg"}],"twitter_card":"summary_large_image","twitter_misc":{"Temps estimat de lectura":"1 minut"},"schema":{"@context":"https:\/\/schema.org","@graph":[{"@type":"WebPage","@id":"https:\/\/www.campinglaguna.com\/que-hacer\/actividades\/deportes\/escuela-nautica-2\/","url":"https:\/\/www.campinglaguna.com\/que-hacer\/actividades\/deportes\/escuela-nautica-2\/","name":"Esports n\u00e0utics - Camping Laguna","isPartOf":{"@id":"https:\/\/www.campinglaguna.com\/#website"},"primaryImageOfPage":{"@id":"https:\/\/www.campinglaguna.com\/que-hacer\/actividades\/deportes\/escuela-nautica-2\/#primaryimage"},"image":{"@id":"https:\/\/www.campinglaguna.com\/que-hacer\/actividades\/deportes\/escuela-nautica-2\/#primaryimage"},"thumbnailUrl":"https:\/\/www.campinglaguna.com\/wp-content\/uploads\/Principal13.jpg","datePublished":"2017-03-09T14:56:17+00:00","dateModified":"2017-03-31T09:38:41+00:00","description":"La badia de Roses \u00e9s un lloc fam\u00f3s per les condicions id\u00f2nies per practicar esports n\u00e0utics. La nostra escola us ajudar\u00e0 perqu\u00e8 no us falti res per gaudir","breadcrumb":{"@id":"https:\/\/www.campinglaguna.com\/que-hacer\/actividades\/deportes\/escuela-nautica-2\/#breadcrumb"},"inLanguage":"ca","potentialAction":[{"@type":"ReadAction","target":["https:\/\/www.campinglaguna.com\/que-hacer\/actividades\/deportes\/escuela-nautica-2\/"]}]},{"@type":"ImageObject","inLanguage":"ca","@id":"https:\/\/www.campinglaguna.com\/que-hacer\/actividades\/deportes\/escuela-nautica-2\/#primaryimage","url":"https:\/\/www.campinglaguna.com\/wp-content\/uploads\/Principal13.jpg","contentUrl":"https:\/\/www.campinglaguna.com\/wp-content\/uploads\/Principal13.jpg","width":1440,"height":500},{"@type":"BreadcrumbList","@id":"https:\/\/www.campinglaguna.com\/que-hacer\/actividades\/deportes\/escuela-nautica-2\/#breadcrumb","itemListElement":[{"@type":"ListItem","position":1,"name":"Camping Laguna","item":"https:\/\/www.campinglaguna.com\/ca\/"},{"@type":"ListItem","position":2,"name":"Que fer?","item":"https:\/\/www.campinglaguna.com\/que-hacer\/"},{"@type":"ListItem","position":3,"name":"Activitats","item":"https:\/\/www.campinglaguna.com\/que-hacer\/actividades\/"},{"@type":"ListItem","position":4,"name":"Esports","item":"https:\/\/www.campinglaguna.com\/que-hacer\/actividades\/deportes\/"},{"@type":"ListItem","position":5,"name":"Esports n\u00e0utics"}]},{"@type":"WebSite","@id":"https:\/\/www.campinglaguna.com\/#website","url":"https:\/\/www.campinglaguna.com\/","name":"Camping Laguna","description":"Otro sitio realizado con WordPress","publisher":{"@id":"https:\/\/www.campinglaguna.com\/#organization"},"potentialAction":[{"@type":"SearchAction","target":{"@type":"EntryPoint","urlTemplate":"https:\/\/www.campinglaguna.com\/?s={search_term_string}"},"query-input":{"@type":"PropertyValueSpecification","valueRequired":true,"valueName":"search_term_string"}}],"inLanguage":"ca"},{"@type":"Organization","@id":"https:\/\/www.campinglaguna.com\/#organization","name":"Camping Laguna","url":"https:\/\/www.campinglaguna.com\/","logo":{"@type":"ImageObject","inLanguage":"ca","@id":"https:\/\/www.campinglaguna.com\/#\/schema\/logo\/image\/","url":"https:\/\/www.campinglaguna.com\/wp-content\/uploads\/logo-laguna.png","contentUrl":"https:\/\/www.campinglaguna.com\/wp-content\/uploads\/logo-laguna.png","width":263,"height":64,"caption":"Camping Laguna"},"image":{"@id":"https:\/\/www.campinglaguna.com\/#\/schema\/logo\/image\/"}}]}},"_links":{"self":[{"href":"https:\/\/www.campinglaguna.com\/ca\/wp-json\/wp\/v2\/pages\/23822","targetHints":{"allow":["GET"]}}],"collection":[{"href":"https:\/\/www.campinglaguna.com\/ca\/wp-json\/wp\/v2\/pages"}],"about":[{"href":"https:\/\/www.campinglaguna.com\/ca\/wp-json\/wp\/v2\/types\/page"}],"author":[{"embeddable":true,"href":"https:\/\/www.campinglaguna.com\/ca\/wp-json\/wp\/v2\/users\/1"}],"replies":[{"embeddable":true,"href":"https:\/\/www.campinglaguna.com\/ca\/wp-json\/wp\/v2\/comments?post=23822"}],"version-history":[{"count":2,"href":"https:\/\/www.campinglaguna.com\/ca\/wp-json\/wp\/v2\/pages\/23822\/revisions"}],"predecessor-version":[{"id":25382,"href":"https:\/\/www.campinglaguna.com\/ca\/wp-json\/wp\/v2\/pages\/23822\/revisions\/25382"}],"up":[{"embeddable":true,"href":"https:\/\/www.campinglaguna.com\/ca\/wp-json\/wp\/v2\/pages\/23769"}],"wp:featuredmedia":[{"embeddable":true,"href":"https:\/\/www.campinglaguna.com\/ca\/wp-json\/wp\/v2\/media\/20213"}],"wp:attachment":[{"href":"https:\/\/www.campinglaguna.com\/ca\/wp-json\/wp\/v2\/media?parent=23822"}],"curies":[{"name":"wp","href":"https:\/\/api.w.org\/{rel}","templated":true}]}}