{"id":24228,"date":"2017-03-14T12:29:34","date_gmt":"2017-03-14T11:29:34","guid":{"rendered":"https:\/\/www.campinglaguna.com\/que-fer\/activitats\/esports\/instal%c2%b7lacions-esportives\/"},"modified":"2017-03-14T12:29:45","modified_gmt":"2017-03-14T11:29:45","slug":"instal%c2%b7lacions-esportives","status":"publish","type":"page","link":"https:\/\/www.campinglaguna.com\/ca\/que-fer\/activitats\/esports\/instal%c2%b7lacions-esportives\/","title":{"rendered":"Instal\u00b7lacions esportives"},"content":{"rendered":"<p>\u201cMent sana en un cos sa\u201d<\/p>\n<p>No deixeu de fer esport per vacances! Al C\u00e0mping Laguna trobareu una \u00e0mplia gamma d&#8217;opcions per practicar el vostre esport favorit o per iniciar-vos en un de nou.<\/p>\n<p>A prop de la discoteca hi ha la nostra zona poliesportiva, amb pistes de tennis, de futbol i de b\u00e0squet. Tamb\u00e9 podeu fer esport al costat del mar, en el nostre terreny condicionat per practicar v\u00f2lei platja. Per als m\u00e9s esportistes hi ha m\u00e0quines exteriors de fitness i per als m\u00e9s tranquils, el minigolf.<\/p>\n","protected":false},"excerpt":{"rendered":"<p>\u201cMent sana en un cos sa\u201d No deixeu de fer esport per vacances! Al C\u00e0mping Laguna trobareu una \u00e0mplia gamma d&#8217;opcions per practicar el vostre esport favorit o per iniciar-vos [&hellip;]<\/p>\n","protected":false},"author":1,"featured_media":20215,"parent":23769,"menu_order":2,"comment_status":"closed","ping_status":"closed","template":"","meta":{"_acf_changed":false,"footnotes":""},"class_list":["post-24228","page","type-page","status-publish","has-post-thumbnail","hentry"],"acf":[],"yoast_head":"<!-- This site is optimized with the Yoast SEO plugin v26.1.1 - https:\/\/yoast.com\/wordpress\/plugins\/seo\/ -->\n<title>Instal\u00b7lacions esportives - Camping Laguna<\/title>\n<meta name=\"description\" content=\"\u201cMent sana en un cos sa\u201d No deixeu de fer esport per vacances! Al C\u00e0mping Laguna trobareu una \u00e0mplia gamma d&#039;opcions per practicar el vostre esport\" \/>\n<meta name=\"robots\" content=\"index, follow, max-snippet:-1, max-image-preview:large, max-video-preview:-1\" \/>\n<link rel=\"canonical\" href=\"https:\/\/www.campinglaguna.com\/que-hacer\/actividades\/deportes\/instalaciones-deportivas\/\" \/>\n<meta property=\"og:locale\" content=\"ca_ES\" \/>\n<meta property=\"og:type\" content=\"article\" \/>\n<meta property=\"og:title\" content=\"Instal\u00b7lacions esportives - Camping Laguna\" \/>\n<meta property=\"og:description\" content=\"\u201cMent sana en un cos sa\u201d No deixeu de fer esport per vacances! Al C\u00e0mping Laguna trobareu una \u00e0mplia gamma d&#039;opcions per practicar el vostre esport\" \/>\n<meta property=\"og:url\" content=\"https:\/\/www.campinglaguna.com\/que-hacer\/actividades\/deportes\/instalaciones-deportivas\/\" \/>\n<meta property=\"og:site_name\" content=\"Camping Laguna\" \/>\n<meta property=\"article:modified_time\" content=\"2017-03-14T11:29:45+00:00\" \/>\n<meta property=\"og:image\" content=\"https:\/\/www.campinglaguna.com\/wp-content\/uploads\/Principal15.jpg\" \/>\n\t<meta property=\"og:image:width\" content=\"1440\" \/>\n\t<meta property=\"og:image:height\" content=\"500\" \/>\n\t<meta property=\"og:image:type\" content=\"image\/jpeg\" \/>\n<meta name=\"twitter:card\" content=\"summary_large_image\" \/>\n<script type=\"application\/ld+json\" class=\"yoast-schema-graph\">{\"@context\":\"https:\/\/schema.org\",\"@graph\":[{\"@type\":\"WebPage\",\"@id\":\"https:\/\/www.campinglaguna.com\/que-hacer\/actividades\/deportes\/instalaciones-deportivas\/\",\"url\":\"https:\/\/www.campinglaguna.com\/que-hacer\/actividades\/deportes\/instalaciones-deportivas\/\",\"name\":\"Instal\u00b7lacions esportives - Camping Laguna\",\"isPartOf\":{\"@id\":\"https:\/\/www.campinglaguna.com\/#website\"},\"primaryImageOfPage\":{\"@id\":\"https:\/\/www.campinglaguna.com\/que-hacer\/actividades\/deportes\/instalaciones-deportivas\/#primaryimage\"},\"image\":{\"@id\":\"https:\/\/www.campinglaguna.com\/que-hacer\/actividades\/deportes\/instalaciones-deportivas\/#primaryimage\"},\"thumbnailUrl\":\"https:\/\/www.campinglaguna.com\/wp-content\/uploads\/Principal15.jpg\",\"datePublished\":\"2017-03-14T11:29:34+00:00\",\"dateModified\":\"2017-03-14T11:29:45+00:00\",\"description\":\"\u201cMent sana en un cos sa\u201d No deixeu de fer esport per vacances! Al C\u00e0mping Laguna trobareu una \u00e0mplia gamma d'opcions per practicar el vostre esport\",\"breadcrumb\":{\"@id\":\"https:\/\/www.campinglaguna.com\/que-hacer\/actividades\/deportes\/instalaciones-deportivas\/#breadcrumb\"},\"inLanguage\":\"ca\",\"potentialAction\":[{\"@type\":\"ReadAction\",\"target\":[\"https:\/\/www.campinglaguna.com\/que-hacer\/actividades\/deportes\/instalaciones-deportivas\/\"]}]},{\"@type\":\"ImageObject\",\"inLanguage\":\"ca\",\"@id\":\"https:\/\/www.campinglaguna.com\/que-hacer\/actividades\/deportes\/instalaciones-deportivas\/#primaryimage\",\"url\":\"https:\/\/www.campinglaguna.com\/wp-content\/uploads\/Principal15.jpg\",\"contentUrl\":\"https:\/\/www.campinglaguna.com\/wp-content\/uploads\/Principal15.jpg\",\"width\":1440,\"height\":500},{\"@type\":\"BreadcrumbList\",\"@id\":\"https:\/\/www.campinglaguna.com\/que-hacer\/actividades\/deportes\/instalaciones-deportivas\/#breadcrumb\",\"itemListElement\":[{\"@type\":\"ListItem\",\"position\":1,\"name\":\"Camping Laguna\",\"item\":\"https:\/\/www.campinglaguna.com\/ca\/\"},{\"@type\":\"ListItem\",\"position\":2,\"name\":\"Que fer?\",\"item\":\"https:\/\/www.campinglaguna.com\/que-hacer\/\"},{\"@type\":\"ListItem\",\"position\":3,\"name\":\"Activitats\",\"item\":\"https:\/\/www.campinglaguna.com\/que-hacer\/actividades\/\"},{\"@type\":\"ListItem\",\"position\":4,\"name\":\"Esports\",\"item\":\"https:\/\/www.campinglaguna.com\/que-hacer\/actividades\/deportes\/\"},{\"@type\":\"ListItem\",\"position\":5,\"name\":\"Instal\u00b7lacions esportives\"}]},{\"@type\":\"WebSite\",\"@id\":\"https:\/\/www.campinglaguna.com\/#website\",\"url\":\"https:\/\/www.campinglaguna.com\/\",\"name\":\"Camping Laguna\",\"description\":\"Otro sitio realizado con WordPress\",\"publisher\":{\"@id\":\"https:\/\/www.campinglaguna.com\/#organization\"},\"potentialAction\":[{\"@type\":\"SearchAction\",\"target\":{\"@type\":\"EntryPoint\",\"urlTemplate\":\"https:\/\/www.campinglaguna.com\/?s={search_term_string}\"},\"query-input\":{\"@type\":\"PropertyValueSpecification\",\"valueRequired\":true,\"valueName\":\"search_term_string\"}}],\"inLanguage\":\"ca\"},{\"@type\":\"Organization\",\"@id\":\"https:\/\/www.campinglaguna.com\/#organization\",\"name\":\"Camping Laguna\",\"url\":\"https:\/\/www.campinglaguna.com\/\",\"logo\":{\"@type\":\"ImageObject\",\"inLanguage\":\"ca\",\"@id\":\"https:\/\/www.campinglaguna.com\/#\/schema\/logo\/image\/\",\"url\":\"https:\/\/www.campinglaguna.com\/wp-content\/uploads\/logo-laguna.png\",\"contentUrl\":\"https:\/\/www.campinglaguna.com\/wp-content\/uploads\/logo-laguna.png\",\"width\":263,\"height\":64,\"caption\":\"Camping Laguna\"},\"image\":{\"@id\":\"https:\/\/www.campinglaguna.com\/#\/schema\/logo\/image\/\"}}]}<\/script>\n<!-- \/ Yoast SEO plugin. -->","yoast_head_json":{"title":"Instal\u00b7lacions esportives - Camping Laguna","description":"\u201cMent sana en un cos sa\u201d No deixeu de fer esport per vacances! Al C\u00e0mping Laguna trobareu una \u00e0mplia gamma d'opcions per practicar el vostre esport","robots":{"index":"index","follow":"follow","max-snippet":"max-snippet:-1","max-image-preview":"max-image-preview:large","max-video-preview":"max-video-preview:-1"},"canonical":"https:\/\/www.campinglaguna.com\/que-hacer\/actividades\/deportes\/instalaciones-deportivas\/","og_locale":"ca_ES","og_type":"article","og_title":"Instal\u00b7lacions esportives - Camping Laguna","og_description":"\u201cMent sana en un cos sa\u201d No deixeu de fer esport per vacances! Al C\u00e0mping Laguna trobareu una \u00e0mplia gamma d'opcions per practicar el vostre esport","og_url":"https:\/\/www.campinglaguna.com\/que-hacer\/actividades\/deportes\/instalaciones-deportivas\/","og_site_name":"Camping Laguna","article_modified_time":"2017-03-14T11:29:45+00:00","og_image":[{"width":1440,"height":500,"url":"https:\/\/www.campinglaguna.com\/wp-content\/uploads\/Principal15.jpg","type":"image\/jpeg"}],"twitter_card":"summary_large_image","schema":{"@context":"https:\/\/schema.org","@graph":[{"@type":"WebPage","@id":"https:\/\/www.campinglaguna.com\/que-hacer\/actividades\/deportes\/instalaciones-deportivas\/","url":"https:\/\/www.campinglaguna.com\/que-hacer\/actividades\/deportes\/instalaciones-deportivas\/","name":"Instal\u00b7lacions esportives - Camping Laguna","isPartOf":{"@id":"https:\/\/www.campinglaguna.com\/#website"},"primaryImageOfPage":{"@id":"https:\/\/www.campinglaguna.com\/que-hacer\/actividades\/deportes\/instalaciones-deportivas\/#primaryimage"},"image":{"@id":"https:\/\/www.campinglaguna.com\/que-hacer\/actividades\/deportes\/instalaciones-deportivas\/#primaryimage"},"thumbnailUrl":"https:\/\/www.campinglaguna.com\/wp-content\/uploads\/Principal15.jpg","datePublished":"2017-03-14T11:29:34+00:00","dateModified":"2017-03-14T11:29:45+00:00","description":"\u201cMent sana en un cos sa\u201d No deixeu de fer esport per vacances! Al C\u00e0mping Laguna trobareu una \u00e0mplia gamma d'opcions per practicar el vostre esport","breadcrumb":{"@id":"https:\/\/www.campinglaguna.com\/que-hacer\/actividades\/deportes\/instalaciones-deportivas\/#breadcrumb"},"inLanguage":"ca","potentialAction":[{"@type":"ReadAction","target":["https:\/\/www.campinglaguna.com\/que-hacer\/actividades\/deportes\/instalaciones-deportivas\/"]}]},{"@type":"ImageObject","inLanguage":"ca","@id":"https:\/\/www.campinglaguna.com\/que-hacer\/actividades\/deportes\/instalaciones-deportivas\/#primaryimage","url":"https:\/\/www.campinglaguna.com\/wp-content\/uploads\/Principal15.jpg","contentUrl":"https:\/\/www.campinglaguna.com\/wp-content\/uploads\/Principal15.jpg","width":1440,"height":500},{"@type":"BreadcrumbList","@id":"https:\/\/www.campinglaguna.com\/que-hacer\/actividades\/deportes\/instalaciones-deportivas\/#breadcrumb","itemListElement":[{"@type":"ListItem","position":1,"name":"Camping Laguna","item":"https:\/\/www.campinglaguna.com\/ca\/"},{"@type":"ListItem","position":2,"name":"Que fer?","item":"https:\/\/www.campinglaguna.com\/que-hacer\/"},{"@type":"ListItem","position":3,"name":"Activitats","item":"https:\/\/www.campinglaguna.com\/que-hacer\/actividades\/"},{"@type":"ListItem","position":4,"name":"Esports","item":"https:\/\/www.campinglaguna.com\/que-hacer\/actividades\/deportes\/"},{"@type":"ListItem","position":5,"name":"Instal\u00b7lacions esportives"}]},{"@type":"WebSite","@id":"https:\/\/www.campinglaguna.com\/#website","url":"https:\/\/www.campinglaguna.com\/","name":"Camping Laguna","description":"Otro sitio realizado con WordPress","publisher":{"@id":"https:\/\/www.campinglaguna.com\/#organization"},"potentialAction":[{"@type":"SearchAction","target":{"@type":"EntryPoint","urlTemplate":"https:\/\/www.campinglaguna.com\/?s={search_term_string}"},"query-input":{"@type":"PropertyValueSpecification","valueRequired":true,"valueName":"search_term_string"}}],"inLanguage":"ca"},{"@type":"Organization","@id":"https:\/\/www.campinglaguna.com\/#organization","name":"Camping Laguna","url":"https:\/\/www.campinglaguna.com\/","logo":{"@type":"ImageObject","inLanguage":"ca","@id":"https:\/\/www.campinglaguna.com\/#\/schema\/logo\/image\/","url":"https:\/\/www.campinglaguna.com\/wp-content\/uploads\/logo-laguna.png","contentUrl":"https:\/\/www.campinglaguna.com\/wp-content\/uploads\/logo-laguna.png","width":263,"height":64,"caption":"Camping Laguna"},"image":{"@id":"https:\/\/www.campinglaguna.com\/#\/schema\/logo\/image\/"}}]}},"_links":{"self":[{"href":"https:\/\/www.campinglaguna.com\/ca\/wp-json\/wp\/v2\/pages\/24228","targetHints":{"allow":["GET"]}}],"collection":[{"href":"https:\/\/www.campinglaguna.com\/ca\/wp-json\/wp\/v2\/pages"}],"about":[{"href":"https:\/\/www.campinglaguna.com\/ca\/wp-json\/wp\/v2\/types\/page"}],"author":[{"embeddable":true,"href":"https:\/\/www.campinglaguna.com\/ca\/wp-json\/wp\/v2\/users\/1"}],"replies":[{"embeddable":true,"href":"https:\/\/www.campinglaguna.com\/ca\/wp-json\/wp\/v2\/comments?post=24228"}],"version-history":[{"count":1,"href":"https:\/\/www.campinglaguna.com\/ca\/wp-json\/wp\/v2\/pages\/24228\/revisions"}],"predecessor-version":[{"id":24229,"href":"https:\/\/www.campinglaguna.com\/ca\/wp-json\/wp\/v2\/pages\/24228\/revisions\/24229"}],"up":[{"embeddable":true,"href":"https:\/\/www.campinglaguna.com\/ca\/wp-json\/wp\/v2\/pages\/23769"}],"wp:featuredmedia":[{"embeddable":true,"href":"https:\/\/www.campinglaguna.com\/ca\/wp-json\/wp\/v2\/media\/20215"}],"wp:attachment":[{"href":"https:\/\/www.campinglaguna.com\/ca\/wp-json\/wp\/v2\/media?parent=24228"}],"curies":[{"name":"wp","href":"https:\/\/api.w.org\/{rel}","templated":true}]}}