{"id":36662,"date":"2021-11-26T12:59:36","date_gmt":"2021-11-26T11:59:36","guid":{"rendered":"https:\/\/www.campinglaguna.com\/vacaciones-sostenibles-en-tu-bungallow\/"},"modified":"2022-01-13T11:13:06","modified_gmt":"2022-01-13T10:13:06","slug":"vacaciones-sostenibles-en-tu-bungallow","status":"publish","type":"page","link":"https:\/\/www.campinglaguna.com\/ca\/vacaciones-sostenibles-en-tu-bungallow\/","title":{"rendered":"Per unes vacances sostenibles"},"content":{"rendered":"<p>Benvinguts al C\u00e0mping Laguna! Esperem que gaudiu de les vostres vacances entre nosaltres. Us demanem la vostra col\u00b7laboraci\u00f3 perqu\u00e8 la vostra estada en aquest bungalou sigui el m\u00e9s sostenible possible. Especialment, us volem recordar els seg\u00fcents punts:<\/p>\n<ul>\n<li>Procurar un \u00fas eficient de l\u2019aigua. En zones com la nostra, de clima mediterrani, l\u2019aigua \u00e9s or i no ens podem permetre malbaratar-la.<\/li>\n<\/ul>\n<p><img loading=\"lazy\" decoding=\"async\" class=\"size-full wp-image-36654 alignnone\" src=\"https:\/\/www.campinglaguna.com\/wp-content\/uploads\/5785157345-8aa5b46b63-o.jpg\" alt=\"\" width=\"296\" height=\"300\" srcset=\"https:\/\/www.campinglaguna.com\/wp-content\/uploads\/5785157345-8aa5b46b63-o.jpg 296w, https:\/\/www.campinglaguna.com\/wp-content\/uploads\/5785157345-8aa5b46b63-o-150x152.jpg 150w\" sizes=\"auto, (max-width: 296px) 100vw, 296px\" \/><\/p>\n<ul>\n<li>Hi ha igl\u00fas de reciclatge repartits pel c\u00e0mping (vidre, envasos i paper-cartr\u00f3). Els bidons per l\u2019org\u00e0nica es troben als sanitaris i l\u2019oli residual es pot portar a recepci\u00f3. A la carpeta hi ha un mapa amb la situaci\u00f3 exacta de tots els punts de reciclatge. Recordar que el millor residu \u00e9s el que no es produeix.<\/li>\n<\/ul>\n<p><img loading=\"lazy\" decoding=\"async\" class=\"alignnone size-medium wp-image-36681\" src=\"https:\/\/www.campinglaguna.com\/wp-content\/uploads\/2dc66636-f459-4f62-b291-207b186cda39-500x331.jpeg\" alt=\"\" width=\"500\" height=\"331\" srcset=\"https:\/\/www.campinglaguna.com\/wp-content\/uploads\/2dc66636-f459-4f62-b291-207b186cda39-500x331.jpeg 500w, https:\/\/www.campinglaguna.com\/wp-content\/uploads\/2dc66636-f459-4f62-b291-207b186cda39-150x99.jpeg 150w, https:\/\/www.campinglaguna.com\/wp-content\/uploads\/2dc66636-f459-4f62-b291-207b186cda39-90x60.jpeg 90w, https:\/\/www.campinglaguna.com\/wp-content\/uploads\/2dc66636-f459-4f62-b291-207b186cda39.jpeg 661w\" sizes=\"auto, (max-width: 500px) 100vw, 500px\" \/><\/p>\n<ul>\n<li>Procurar un \u00fas eficient de l\u2019energia, sense malbaratar-la. En especial de l\u2019aire condicionat (intentar no utilitzar temperatures inferiors a 25\u00baC i aconseguir que les portes i finestres del bungalou estiguin tancades durant el seu \u00fas). Aprofitar al m\u00e0xim la llum natural.<img loading=\"lazy\" decoding=\"async\" class=\"alignnone wp-image-36709\" src=\"https:\/\/www.campinglaguna.com\/wp-content\/uploads\/nen-aire-condicionat.jpg\" alt=\"\" width=\"358\" height=\"231\" srcset=\"https:\/\/www.campinglaguna.com\/wp-content\/uploads\/nen-aire-condicionat.jpg 279w, https:\/\/www.campinglaguna.com\/wp-content\/uploads\/nen-aire-condicionat-150x97.jpg 150w\" sizes=\"auto, (max-width: 358px) 100vw, 358px\" \/><\/li>\n<\/ul>\n<p>A m\u00e9s am\u00e9s, us volem animar a:<\/p>\n<ul>\n<li>Con\u00e8ixer els productes de proximitat (km 0) i ecol\u00f2gics que podeu trobar al nostre supermercat.<\/li>\n<\/ul>\n<p><img loading=\"lazy\" decoding=\"async\" class=\"alignnone size-medium wp-image-36667\" src=\"https:\/\/www.campinglaguna.com\/wp-content\/uploads\/img-1808-copia-500x451.jpg\" alt=\"\" width=\"500\" height=\"451\" srcset=\"https:\/\/www.campinglaguna.com\/wp-content\/uploads\/img-1808-copia-500x451.jpg 500w, https:\/\/www.campinglaguna.com\/wp-content\/uploads\/img-1808-copia-150x135.jpg 150w, https:\/\/www.campinglaguna.com\/wp-content\/uploads\/img-1808-copia.jpg 768w\" sizes=\"auto, (max-width: 500px) 100vw, 500px\" \/><\/p>\n<ul>\n<li>Cuidar i visitar responsablement els espais naturals del nostre entorn, en especial el Parc Natural dels Aiguamolls de l\u2019Empord\u00e0 en el que ens trobem.<\/li>\n<\/ul>\n<p><img loading=\"lazy\" decoding=\"async\" class=\"alignnone size-medium wp-image-21072\" src=\"https:\/\/www.campinglaguna.com\/wp-content\/uploads\/aigua6-500x174.jpg\" alt=\"\" width=\"500\" height=\"174\" srcset=\"https:\/\/www.campinglaguna.com\/wp-content\/uploads\/aigua6-500x174.jpg 500w, https:\/\/www.campinglaguna.com\/wp-content\/uploads\/aigua6-150x52.jpg 150w, https:\/\/www.campinglaguna.com\/wp-content\/uploads\/aigua6-1000x347.jpg 1000w, https:\/\/www.campinglaguna.com\/wp-content\/uploads\/aigua6.jpg 1440w\" sizes=\"auto, (max-width: 500px) 100vw, 500px\" \/><\/p>\n<ul>\n<li>Sempre que sigui possible, optar per la bicicleta com a mitj\u00e0 de transport. \u00a0Existeix un carril bici per arribar a Castell\u00f3 d\u2019Emp\u00faries i a Empuriabrava i 3 rutes ciclotur\u00edstiques que us permetran con\u00e8ixer el patrimoni de la nostra comarca.<\/li>\n<\/ul>\n<p><img decoding=\"async\" src=\"https:\/\/www.campinglaguna.com\/wp-content\/uploads\/CASTELLO-EMPURIABRAVA-PARC-07-122-500x335.jpg\" \/><\/p>\n<p>Podeu contactar amb <a href=\"mailto:daniaguilar@campinglaguna.com\">daniaguilar@campinglaguna.com<\/a> per a qualsevol informaci\u00f3 relacionada amb el medi ambient que necessiteu o per a transmetre els vostres suggeriments al respecte.<\/p>\n<p>Moltes gr\u00e0cies!<\/p>\n<p>&nbsp;<\/p>\n<p>&nbsp;<\/p>\n<p>&nbsp;<\/p>\n<p>&nbsp;<\/p>\n","protected":false},"excerpt":{"rendered":"<p>Benvinguts al C\u00e0mping Laguna! Esperem que gaudiu de les vostres vacances entre nosaltres. Us demanem la vostra col\u00b7laboraci\u00f3 perqu\u00e8 la vostra estada en aquest bungalou sigui el m\u00e9s sostenible possible. [&hellip;]<\/p>\n","protected":false},"author":8,"featured_media":0,"parent":0,"menu_order":6,"comment_status":"closed","ping_status":"closed","template":"","meta":{"_acf_changed":false,"footnotes":""},"class_list":["post-36662","page","type-page","status-publish","hentry"],"acf":[],"yoast_head":"<!-- This site is optimized with the Yoast SEO plugin v26.1.1 - https:\/\/yoast.com\/wordpress\/plugins\/seo\/ -->\n<title>Per unes vacances sostenibles - Camping Laguna<\/title>\n<meta name=\"description\" content=\"Benvinguts al C\u00e0mping Laguna! Esperem que gaudiu de les vostres vacances entre nosaltres. Us demanem la vostra col\u00b7laboraci\u00f3 perqu\u00e8 la vostra estada en\" \/>\n<meta name=\"robots\" content=\"index, follow, max-snippet:-1, max-image-preview:large, max-video-preview:-1\" \/>\n<link rel=\"canonical\" href=\"https:\/\/www.campinglaguna.com\/vacaciones-sostenibles-en-tu-bungallow\/\" \/>\n<meta property=\"og:locale\" content=\"ca_ES\" \/>\n<meta property=\"og:type\" content=\"article\" \/>\n<meta property=\"og:title\" content=\"Per unes vacances sostenibles - Camping Laguna\" \/>\n<meta property=\"og:description\" content=\"Benvinguts al C\u00e0mping Laguna! Esperem que gaudiu de les vostres vacances entre nosaltres. Us demanem la vostra col\u00b7laboraci\u00f3 perqu\u00e8 la vostra estada en\" \/>\n<meta property=\"og:url\" content=\"https:\/\/www.campinglaguna.com\/vacaciones-sostenibles-en-tu-bungallow\/\" \/>\n<meta property=\"og:site_name\" content=\"Camping Laguna\" \/>\n<meta property=\"article:modified_time\" content=\"2022-01-13T10:13:06+00:00\" \/>\n<meta property=\"og:image\" content=\"https:\/\/www.campinglaguna.com\/wp-content\/uploads\/5785157345-8aa5b46b63-o.jpg\" \/>\n<meta name=\"twitter:card\" content=\"summary_large_image\" \/>\n<meta name=\"twitter:label1\" content=\"Temps estimat de lectura\" \/>\n\t<meta name=\"twitter:data1\" content=\"3 minuts\" \/>\n<script type=\"application\/ld+json\" class=\"yoast-schema-graph\">{\"@context\":\"https:\/\/schema.org\",\"@graph\":[{\"@type\":\"WebPage\",\"@id\":\"https:\/\/www.campinglaguna.com\/vacaciones-sostenibles-en-tu-bungallow\/\",\"url\":\"https:\/\/www.campinglaguna.com\/vacaciones-sostenibles-en-tu-bungallow\/\",\"name\":\"Per unes vacances sostenibles - Camping Laguna\",\"isPartOf\":{\"@id\":\"https:\/\/www.campinglaguna.com\/#website\"},\"primaryImageOfPage\":{\"@id\":\"https:\/\/www.campinglaguna.com\/vacaciones-sostenibles-en-tu-bungallow\/#primaryimage\"},\"image\":{\"@id\":\"https:\/\/www.campinglaguna.com\/vacaciones-sostenibles-en-tu-bungallow\/#primaryimage\"},\"thumbnailUrl\":\"https:\/\/www.campinglaguna.com\/wp-content\/uploads\/5785157345-8aa5b46b63-o.jpg\",\"datePublished\":\"2021-11-26T11:59:36+00:00\",\"dateModified\":\"2022-01-13T10:13:06+00:00\",\"description\":\"Benvinguts al C\u00e0mping Laguna! Esperem que gaudiu de les vostres vacances entre nosaltres. Us demanem la vostra col\u00b7laboraci\u00f3 perqu\u00e8 la vostra estada en\",\"breadcrumb\":{\"@id\":\"https:\/\/www.campinglaguna.com\/vacaciones-sostenibles-en-tu-bungallow\/#breadcrumb\"},\"inLanguage\":\"ca\",\"potentialAction\":[{\"@type\":\"ReadAction\",\"target\":[\"https:\/\/www.campinglaguna.com\/vacaciones-sostenibles-en-tu-bungallow\/\"]}]},{\"@type\":\"ImageObject\",\"inLanguage\":\"ca\",\"@id\":\"https:\/\/www.campinglaguna.com\/vacaciones-sostenibles-en-tu-bungallow\/#primaryimage\",\"url\":\"https:\/\/www.campinglaguna.com\/wp-content\/uploads\/5785157345-8aa5b46b63-o.jpg\",\"contentUrl\":\"https:\/\/www.campinglaguna.com\/wp-content\/uploads\/5785157345-8aa5b46b63-o.jpg\"},{\"@type\":\"BreadcrumbList\",\"@id\":\"https:\/\/www.campinglaguna.com\/vacaciones-sostenibles-en-tu-bungallow\/#breadcrumb\",\"itemListElement\":[{\"@type\":\"ListItem\",\"position\":1,\"name\":\"Camping Laguna\",\"item\":\"https:\/\/www.campinglaguna.com\/ca\/\"},{\"@type\":\"ListItem\",\"position\":2,\"name\":\"Per unes vacances sostenibles\"}]},{\"@type\":\"WebSite\",\"@id\":\"https:\/\/www.campinglaguna.com\/#website\",\"url\":\"https:\/\/www.campinglaguna.com\/\",\"name\":\"Camping Laguna\",\"description\":\"Otro sitio realizado con WordPress\",\"publisher\":{\"@id\":\"https:\/\/www.campinglaguna.com\/#organization\"},\"potentialAction\":[{\"@type\":\"SearchAction\",\"target\":{\"@type\":\"EntryPoint\",\"urlTemplate\":\"https:\/\/www.campinglaguna.com\/?s={search_term_string}\"},\"query-input\":{\"@type\":\"PropertyValueSpecification\",\"valueRequired\":true,\"valueName\":\"search_term_string\"}}],\"inLanguage\":\"ca\"},{\"@type\":\"Organization\",\"@id\":\"https:\/\/www.campinglaguna.com\/#organization\",\"name\":\"Camping Laguna\",\"url\":\"https:\/\/www.campinglaguna.com\/\",\"logo\":{\"@type\":\"ImageObject\",\"inLanguage\":\"ca\",\"@id\":\"https:\/\/www.campinglaguna.com\/#\/schema\/logo\/image\/\",\"url\":\"https:\/\/www.campinglaguna.com\/wp-content\/uploads\/logo-laguna.png\",\"contentUrl\":\"https:\/\/www.campinglaguna.com\/wp-content\/uploads\/logo-laguna.png\",\"width\":263,\"height\":64,\"caption\":\"Camping Laguna\"},\"image\":{\"@id\":\"https:\/\/www.campinglaguna.com\/#\/schema\/logo\/image\/\"}}]}<\/script>\n<!-- \/ Yoast SEO plugin. -->","yoast_head_json":{"title":"Per unes vacances sostenibles - Camping Laguna","description":"Benvinguts al C\u00e0mping Laguna! Esperem que gaudiu de les vostres vacances entre nosaltres. Us demanem la vostra col\u00b7laboraci\u00f3 perqu\u00e8 la vostra estada en","robots":{"index":"index","follow":"follow","max-snippet":"max-snippet:-1","max-image-preview":"max-image-preview:large","max-video-preview":"max-video-preview:-1"},"canonical":"https:\/\/www.campinglaguna.com\/vacaciones-sostenibles-en-tu-bungallow\/","og_locale":"ca_ES","og_type":"article","og_title":"Per unes vacances sostenibles - Camping Laguna","og_description":"Benvinguts al C\u00e0mping Laguna! Esperem que gaudiu de les vostres vacances entre nosaltres. Us demanem la vostra col\u00b7laboraci\u00f3 perqu\u00e8 la vostra estada en","og_url":"https:\/\/www.campinglaguna.com\/vacaciones-sostenibles-en-tu-bungallow\/","og_site_name":"Camping Laguna","article_modified_time":"2022-01-13T10:13:06+00:00","og_image":[{"url":"https:\/\/www.campinglaguna.com\/wp-content\/uploads\/5785157345-8aa5b46b63-o.jpg","type":"","width":"","height":""}],"twitter_card":"summary_large_image","twitter_misc":{"Temps estimat de lectura":"3 minuts"},"schema":{"@context":"https:\/\/schema.org","@graph":[{"@type":"WebPage","@id":"https:\/\/www.campinglaguna.com\/vacaciones-sostenibles-en-tu-bungallow\/","url":"https:\/\/www.campinglaguna.com\/vacaciones-sostenibles-en-tu-bungallow\/","name":"Per unes vacances sostenibles - Camping Laguna","isPartOf":{"@id":"https:\/\/www.campinglaguna.com\/#website"},"primaryImageOfPage":{"@id":"https:\/\/www.campinglaguna.com\/vacaciones-sostenibles-en-tu-bungallow\/#primaryimage"},"image":{"@id":"https:\/\/www.campinglaguna.com\/vacaciones-sostenibles-en-tu-bungallow\/#primaryimage"},"thumbnailUrl":"https:\/\/www.campinglaguna.com\/wp-content\/uploads\/5785157345-8aa5b46b63-o.jpg","datePublished":"2021-11-26T11:59:36+00:00","dateModified":"2022-01-13T10:13:06+00:00","description":"Benvinguts al C\u00e0mping Laguna! Esperem que gaudiu de les vostres vacances entre nosaltres. Us demanem la vostra col\u00b7laboraci\u00f3 perqu\u00e8 la vostra estada en","breadcrumb":{"@id":"https:\/\/www.campinglaguna.com\/vacaciones-sostenibles-en-tu-bungallow\/#breadcrumb"},"inLanguage":"ca","potentialAction":[{"@type":"ReadAction","target":["https:\/\/www.campinglaguna.com\/vacaciones-sostenibles-en-tu-bungallow\/"]}]},{"@type":"ImageObject","inLanguage":"ca","@id":"https:\/\/www.campinglaguna.com\/vacaciones-sostenibles-en-tu-bungallow\/#primaryimage","url":"https:\/\/www.campinglaguna.com\/wp-content\/uploads\/5785157345-8aa5b46b63-o.jpg","contentUrl":"https:\/\/www.campinglaguna.com\/wp-content\/uploads\/5785157345-8aa5b46b63-o.jpg"},{"@type":"BreadcrumbList","@id":"https:\/\/www.campinglaguna.com\/vacaciones-sostenibles-en-tu-bungallow\/#breadcrumb","itemListElement":[{"@type":"ListItem","position":1,"name":"Camping Laguna","item":"https:\/\/www.campinglaguna.com\/ca\/"},{"@type":"ListItem","position":2,"name":"Per unes vacances sostenibles"}]},{"@type":"WebSite","@id":"https:\/\/www.campinglaguna.com\/#website","url":"https:\/\/www.campinglaguna.com\/","name":"Camping Laguna","description":"Otro sitio realizado con WordPress","publisher":{"@id":"https:\/\/www.campinglaguna.com\/#organization"},"potentialAction":[{"@type":"SearchAction","target":{"@type":"EntryPoint","urlTemplate":"https:\/\/www.campinglaguna.com\/?s={search_term_string}"},"query-input":{"@type":"PropertyValueSpecification","valueRequired":true,"valueName":"search_term_string"}}],"inLanguage":"ca"},{"@type":"Organization","@id":"https:\/\/www.campinglaguna.com\/#organization","name":"Camping Laguna","url":"https:\/\/www.campinglaguna.com\/","logo":{"@type":"ImageObject","inLanguage":"ca","@id":"https:\/\/www.campinglaguna.com\/#\/schema\/logo\/image\/","url":"https:\/\/www.campinglaguna.com\/wp-content\/uploads\/logo-laguna.png","contentUrl":"https:\/\/www.campinglaguna.com\/wp-content\/uploads\/logo-laguna.png","width":263,"height":64,"caption":"Camping Laguna"},"image":{"@id":"https:\/\/www.campinglaguna.com\/#\/schema\/logo\/image\/"}}]}},"_links":{"self":[{"href":"https:\/\/www.campinglaguna.com\/ca\/wp-json\/wp\/v2\/pages\/36662","targetHints":{"allow":["GET"]}}],"collection":[{"href":"https:\/\/www.campinglaguna.com\/ca\/wp-json\/wp\/v2\/pages"}],"about":[{"href":"https:\/\/www.campinglaguna.com\/ca\/wp-json\/wp\/v2\/types\/page"}],"author":[{"embeddable":true,"href":"https:\/\/www.campinglaguna.com\/ca\/wp-json\/wp\/v2\/users\/8"}],"replies":[{"embeddable":true,"href":"https:\/\/www.campinglaguna.com\/ca\/wp-json\/wp\/v2\/comments?post=36662"}],"version-history":[{"count":12,"href":"https:\/\/www.campinglaguna.com\/ca\/wp-json\/wp\/v2\/pages\/36662\/revisions"}],"predecessor-version":[{"id":36858,"href":"https:\/\/www.campinglaguna.com\/ca\/wp-json\/wp\/v2\/pages\/36662\/revisions\/36858"}],"wp:attachment":[{"href":"https:\/\/www.campinglaguna.com\/ca\/wp-json\/wp\/v2\/media?parent=36662"}],"curies":[{"name":"wp","href":"https:\/\/api.w.org\/{rel}","templated":true}]}}