{"id":37751,"date":"2023-05-22T14:36:08","date_gmt":"2023-05-22T12:36:08","guid":{"rendered":"https:\/\/www.campinglaguna.com\/el-camping\/serveis\/vehicles-electrics\/"},"modified":"2023-05-24T12:15:53","modified_gmt":"2023-05-24T10:15:53","slug":"vehicles-electrics","status":"publish","type":"page","link":"https:\/\/www.campinglaguna.com\/ca\/el-camping\/serveis\/vehicles-electrics\/","title":{"rendered":"Vehicles El\u00e8ctrics"},"content":{"rendered":"<p>Disposem de 2 estacions de c\u00e0rrega per a vehicles el\u00e8ctrics (4 sortides). Estan situades al p\u00e0rquing a l&#8217;entrada del c\u00e0mping i funcionin amb l&#8217;app <a href=\"https:\/\/placetoplug.com\/ca\" target=\"_blank\" rel=\"noopener\">PlaceToPlug<\/a>.<\/p>\n<p>Recordem que no est\u00e0 perm\u00e8s carregar el cotxe el\u00e8ctric a la seva parcel\u00b7la. Gr\u00e0cies.<\/p>\n","protected":false},"excerpt":{"rendered":"<p>Disposem de 2 estacions de c\u00e0rrega per a vehicles el\u00e8ctrics (4 sortides). Estan situades al p\u00e0rquing a l&#8217;entrada del c\u00e0mping i funcionin amb l&#8217;app PlaceToPlug. Recordem que no est\u00e0 perm\u00e8s [&hellip;]<\/p>\n","protected":false},"author":2,"featured_media":37767,"parent":23715,"menu_order":1,"comment_status":"closed","ping_status":"closed","template":"","meta":{"_acf_changed":false,"footnotes":""},"class_list":["post-37751","page","type-page","status-publish","has-post-thumbnail","hentry"],"acf":[],"yoast_head":"<!-- This site is optimized with the Yoast SEO plugin v26.1.1 - https:\/\/yoast.com\/wordpress\/plugins\/seo\/ -->\n<title>Vehicles El\u00e8ctrics - Camping Laguna<\/title>\n<meta name=\"description\" content=\"Disposem de 2 estacions de c\u00e0rrega per a vehicles el\u00e8ctrics (4 sortides). Estan situades al p\u00e0rquing a l&#039;entrada del c\u00e0mping i funcionin amb l&#039;app\" \/>\n<meta name=\"robots\" content=\"index, follow, max-snippet:-1, max-image-preview:large, max-video-preview:-1\" \/>\n<link rel=\"canonical\" href=\"https:\/\/www.campinglaguna.com\/ca\/el-camping\/serveis\/vehicles-electrics\/\" \/>\n<meta property=\"og:locale\" content=\"ca_ES\" \/>\n<meta property=\"og:type\" content=\"article\" \/>\n<meta property=\"og:title\" content=\"Vehicles El\u00e8ctrics - Camping Laguna\" \/>\n<meta property=\"og:description\" content=\"Disposem de 2 estacions de c\u00e0rrega per a vehicles el\u00e8ctrics (4 sortides). Estan situades al p\u00e0rquing a l&#039;entrada del c\u00e0mping i funcionin amb l&#039;app\" \/>\n<meta property=\"og:url\" content=\"https:\/\/www.campinglaguna.com\/ca\/el-camping\/serveis\/vehicles-electrics\/\" \/>\n<meta property=\"og:site_name\" content=\"Camping Laguna\" \/>\n<meta property=\"article:modified_time\" content=\"2023-05-24T10:15:53+00:00\" \/>\n<meta property=\"og:image\" content=\"https:\/\/www.campinglaguna.com\/wp-content\/uploads\/output-onlinejpgtools.jpg\" \/>\n\t<meta property=\"og:image:width\" content=\"2016\" \/>\n\t<meta property=\"og:image:height\" content=\"1512\" \/>\n\t<meta property=\"og:image:type\" content=\"image\/jpeg\" \/>\n<meta name=\"twitter:card\" content=\"summary_large_image\" \/>\n<meta name=\"twitter:label1\" content=\"Temps estimat de lectura\" \/>\n\t<meta name=\"twitter:data1\" content=\"1 minut\" \/>\n<script type=\"application\/ld+json\" class=\"yoast-schema-graph\">{\"@context\":\"https:\/\/schema.org\",\"@graph\":[{\"@type\":\"WebPage\",\"@id\":\"https:\/\/www.campinglaguna.com\/ca\/el-camping\/serveis\/vehicles-electrics\/\",\"url\":\"https:\/\/www.campinglaguna.com\/ca\/el-camping\/serveis\/vehicles-electrics\/\",\"name\":\"Vehicles El\u00e8ctrics - Camping Laguna\",\"isPartOf\":{\"@id\":\"https:\/\/www.campinglaguna.com\/#website\"},\"primaryImageOfPage\":{\"@id\":\"https:\/\/www.campinglaguna.com\/ca\/el-camping\/serveis\/vehicles-electrics\/#primaryimage\"},\"image\":{\"@id\":\"https:\/\/www.campinglaguna.com\/ca\/el-camping\/serveis\/vehicles-electrics\/#primaryimage\"},\"thumbnailUrl\":\"https:\/\/www.campinglaguna.com\/wp-content\/uploads\/output-onlinejpgtools.jpg\",\"datePublished\":\"2023-05-22T12:36:08+00:00\",\"dateModified\":\"2023-05-24T10:15:53+00:00\",\"description\":\"Disposem de 2 estacions de c\u00e0rrega per a vehicles el\u00e8ctrics (4 sortides). Estan situades al p\u00e0rquing a l'entrada del c\u00e0mping i funcionin amb l'app\",\"breadcrumb\":{\"@id\":\"https:\/\/www.campinglaguna.com\/ca\/el-camping\/serveis\/vehicles-electrics\/#breadcrumb\"},\"inLanguage\":\"ca\",\"potentialAction\":[{\"@type\":\"ReadAction\",\"target\":[\"https:\/\/www.campinglaguna.com\/ca\/el-camping\/serveis\/vehicles-electrics\/\"]}]},{\"@type\":\"ImageObject\",\"inLanguage\":\"ca\",\"@id\":\"https:\/\/www.campinglaguna.com\/ca\/el-camping\/serveis\/vehicles-electrics\/#primaryimage\",\"url\":\"https:\/\/www.campinglaguna.com\/wp-content\/uploads\/output-onlinejpgtools.jpg\",\"contentUrl\":\"https:\/\/www.campinglaguna.com\/wp-content\/uploads\/output-onlinejpgtools.jpg\",\"width\":2016,\"height\":1512},{\"@type\":\"BreadcrumbList\",\"@id\":\"https:\/\/www.campinglaguna.com\/ca\/el-camping\/serveis\/vehicles-electrics\/#breadcrumb\",\"itemListElement\":[{\"@type\":\"ListItem\",\"position\":1,\"name\":\"Camping Laguna\",\"item\":\"https:\/\/www.campinglaguna.com\/ca\/\"},{\"@type\":\"ListItem\",\"position\":2,\"name\":\"El camping\",\"item\":\"https:\/\/www.campinglaguna.com\/el-camping\/\"},{\"@type\":\"ListItem\",\"position\":3,\"name\":\"Serveis\",\"item\":\"https:\/\/www.campinglaguna.com\/el-camping\/servicios\/\"},{\"@type\":\"ListItem\",\"position\":4,\"name\":\"Vehicles El\u00e8ctrics\"}]},{\"@type\":\"WebSite\",\"@id\":\"https:\/\/www.campinglaguna.com\/#website\",\"url\":\"https:\/\/www.campinglaguna.com\/\",\"name\":\"Camping Laguna\",\"description\":\"Otro sitio realizado con WordPress\",\"publisher\":{\"@id\":\"https:\/\/www.campinglaguna.com\/#organization\"},\"potentialAction\":[{\"@type\":\"SearchAction\",\"target\":{\"@type\":\"EntryPoint\",\"urlTemplate\":\"https:\/\/www.campinglaguna.com\/?s={search_term_string}\"},\"query-input\":{\"@type\":\"PropertyValueSpecification\",\"valueRequired\":true,\"valueName\":\"search_term_string\"}}],\"inLanguage\":\"ca\"},{\"@type\":\"Organization\",\"@id\":\"https:\/\/www.campinglaguna.com\/#organization\",\"name\":\"Camping Laguna\",\"url\":\"https:\/\/www.campinglaguna.com\/\",\"logo\":{\"@type\":\"ImageObject\",\"inLanguage\":\"ca\",\"@id\":\"https:\/\/www.campinglaguna.com\/#\/schema\/logo\/image\/\",\"url\":\"https:\/\/www.campinglaguna.com\/wp-content\/uploads\/logo-laguna.png\",\"contentUrl\":\"https:\/\/www.campinglaguna.com\/wp-content\/uploads\/logo-laguna.png\",\"width\":263,\"height\":64,\"caption\":\"Camping Laguna\"},\"image\":{\"@id\":\"https:\/\/www.campinglaguna.com\/#\/schema\/logo\/image\/\"}}]}<\/script>\n<!-- \/ Yoast SEO plugin. -->","yoast_head_json":{"title":"Vehicles El\u00e8ctrics - Camping Laguna","description":"Disposem de 2 estacions de c\u00e0rrega per a vehicles el\u00e8ctrics (4 sortides). Estan situades al p\u00e0rquing a l'entrada del c\u00e0mping i funcionin amb l'app","robots":{"index":"index","follow":"follow","max-snippet":"max-snippet:-1","max-image-preview":"max-image-preview:large","max-video-preview":"max-video-preview:-1"},"canonical":"https:\/\/www.campinglaguna.com\/ca\/el-camping\/serveis\/vehicles-electrics\/","og_locale":"ca_ES","og_type":"article","og_title":"Vehicles El\u00e8ctrics - Camping Laguna","og_description":"Disposem de 2 estacions de c\u00e0rrega per a vehicles el\u00e8ctrics (4 sortides). Estan situades al p\u00e0rquing a l'entrada del c\u00e0mping i funcionin amb l'app","og_url":"https:\/\/www.campinglaguna.com\/ca\/el-camping\/serveis\/vehicles-electrics\/","og_site_name":"Camping Laguna","article_modified_time":"2023-05-24T10:15:53+00:00","og_image":[{"width":2016,"height":1512,"url":"https:\/\/www.campinglaguna.com\/wp-content\/uploads\/output-onlinejpgtools.jpg","type":"image\/jpeg"}],"twitter_card":"summary_large_image","twitter_misc":{"Temps estimat de lectura":"1 minut"},"schema":{"@context":"https:\/\/schema.org","@graph":[{"@type":"WebPage","@id":"https:\/\/www.campinglaguna.com\/ca\/el-camping\/serveis\/vehicles-electrics\/","url":"https:\/\/www.campinglaguna.com\/ca\/el-camping\/serveis\/vehicles-electrics\/","name":"Vehicles El\u00e8ctrics - Camping Laguna","isPartOf":{"@id":"https:\/\/www.campinglaguna.com\/#website"},"primaryImageOfPage":{"@id":"https:\/\/www.campinglaguna.com\/ca\/el-camping\/serveis\/vehicles-electrics\/#primaryimage"},"image":{"@id":"https:\/\/www.campinglaguna.com\/ca\/el-camping\/serveis\/vehicles-electrics\/#primaryimage"},"thumbnailUrl":"https:\/\/www.campinglaguna.com\/wp-content\/uploads\/output-onlinejpgtools.jpg","datePublished":"2023-05-22T12:36:08+00:00","dateModified":"2023-05-24T10:15:53+00:00","description":"Disposem de 2 estacions de c\u00e0rrega per a vehicles el\u00e8ctrics (4 sortides). Estan situades al p\u00e0rquing a l'entrada del c\u00e0mping i funcionin amb l'app","breadcrumb":{"@id":"https:\/\/www.campinglaguna.com\/ca\/el-camping\/serveis\/vehicles-electrics\/#breadcrumb"},"inLanguage":"ca","potentialAction":[{"@type":"ReadAction","target":["https:\/\/www.campinglaguna.com\/ca\/el-camping\/serveis\/vehicles-electrics\/"]}]},{"@type":"ImageObject","inLanguage":"ca","@id":"https:\/\/www.campinglaguna.com\/ca\/el-camping\/serveis\/vehicles-electrics\/#primaryimage","url":"https:\/\/www.campinglaguna.com\/wp-content\/uploads\/output-onlinejpgtools.jpg","contentUrl":"https:\/\/www.campinglaguna.com\/wp-content\/uploads\/output-onlinejpgtools.jpg","width":2016,"height":1512},{"@type":"BreadcrumbList","@id":"https:\/\/www.campinglaguna.com\/ca\/el-camping\/serveis\/vehicles-electrics\/#breadcrumb","itemListElement":[{"@type":"ListItem","position":1,"name":"Camping Laguna","item":"https:\/\/www.campinglaguna.com\/ca\/"},{"@type":"ListItem","position":2,"name":"El camping","item":"https:\/\/www.campinglaguna.com\/el-camping\/"},{"@type":"ListItem","position":3,"name":"Serveis","item":"https:\/\/www.campinglaguna.com\/el-camping\/servicios\/"},{"@type":"ListItem","position":4,"name":"Vehicles El\u00e8ctrics"}]},{"@type":"WebSite","@id":"https:\/\/www.campinglaguna.com\/#website","url":"https:\/\/www.campinglaguna.com\/","name":"Camping Laguna","description":"Otro sitio realizado con WordPress","publisher":{"@id":"https:\/\/www.campinglaguna.com\/#organization"},"potentialAction":[{"@type":"SearchAction","target":{"@type":"EntryPoint","urlTemplate":"https:\/\/www.campinglaguna.com\/?s={search_term_string}"},"query-input":{"@type":"PropertyValueSpecification","valueRequired":true,"valueName":"search_term_string"}}],"inLanguage":"ca"},{"@type":"Organization","@id":"https:\/\/www.campinglaguna.com\/#organization","name":"Camping Laguna","url":"https:\/\/www.campinglaguna.com\/","logo":{"@type":"ImageObject","inLanguage":"ca","@id":"https:\/\/www.campinglaguna.com\/#\/schema\/logo\/image\/","url":"https:\/\/www.campinglaguna.com\/wp-content\/uploads\/logo-laguna.png","contentUrl":"https:\/\/www.campinglaguna.com\/wp-content\/uploads\/logo-laguna.png","width":263,"height":64,"caption":"Camping Laguna"},"image":{"@id":"https:\/\/www.campinglaguna.com\/#\/schema\/logo\/image\/"}}]}},"_links":{"self":[{"href":"https:\/\/www.campinglaguna.com\/ca\/wp-json\/wp\/v2\/pages\/37751","targetHints":{"allow":["GET"]}}],"collection":[{"href":"https:\/\/www.campinglaguna.com\/ca\/wp-json\/wp\/v2\/pages"}],"about":[{"href":"https:\/\/www.campinglaguna.com\/ca\/wp-json\/wp\/v2\/types\/page"}],"author":[{"embeddable":true,"href":"https:\/\/www.campinglaguna.com\/ca\/wp-json\/wp\/v2\/users\/2"}],"replies":[{"embeddable":true,"href":"https:\/\/www.campinglaguna.com\/ca\/wp-json\/wp\/v2\/comments?post=37751"}],"version-history":[{"count":3,"href":"https:\/\/www.campinglaguna.com\/ca\/wp-json\/wp\/v2\/pages\/37751\/revisions"}],"predecessor-version":[{"id":37775,"href":"https:\/\/www.campinglaguna.com\/ca\/wp-json\/wp\/v2\/pages\/37751\/revisions\/37775"}],"up":[{"embeddable":true,"href":"https:\/\/www.campinglaguna.com\/ca\/wp-json\/wp\/v2\/pages\/23715"}],"wp:featuredmedia":[{"embeddable":true,"href":"https:\/\/www.campinglaguna.com\/ca\/wp-json\/wp\/v2\/media\/37767"}],"wp:attachment":[{"href":"https:\/\/www.campinglaguna.com\/ca\/wp-json\/wp\/v2\/media?parent=37751"}],"curies":[{"name":"wp","href":"https:\/\/api.w.org\/{rel}","templated":true}]}}