{"id":38398,"date":"2024-09-30T13:42:03","date_gmt":"2024-09-30T11:42:03","guid":{"rendered":"https:\/\/www.campinglaguna.com\/descubre-un-parque-natural-cambiante\/"},"modified":"2024-10-29T09:48:56","modified_gmt":"2024-10-29T08:48:56","slug":"descubre-un-parque-natural-cambiante","status":"publish","type":"page","link":"https:\/\/www.campinglaguna.com\/ca\/que-fer\/parque-natural\/descubre-un-parque-natural-cambiante\/","title":{"rendered":"Descobreix un parc natural canviant"},"content":{"rendered":"<p>El Parc Natural compta amb diversos itineraris equipats amb observatoris per apropar-vos a la natura. A tots es pot accedir a peu i a alguns, degudament autoritzats, tamb\u00e9 en bicicleta.<\/p>\n<p>Durant l\u2019any el Parc evoluciona segons els canvis d\u2019estaci\u00f3 propis del clima mediterrani i ens ofereix paisatges i situacions molt diferents:<\/p>\n<p style=\"padding-left: 40px;\"><strong>Primavera:<\/strong> El Parc es converteix en refugi per les aus que fan la migraci\u00f3 de sud a nord. D\u2019aquestes, fins a 82 esp\u00e8cies nidifiquen habitualment i \u00e9s per aix\u00f2 que les regulacions de visita s\u00f3n m\u00e9s estrictes. Tamb\u00e9 \u00e9s la millor \u00e8poca per a gaudir dels diferents tipus de vegetaci\u00f3 que existeixen. A finals de juny, el nivell de l\u2019aigua ja baixa i el paisatge canvia radicalment.<\/p>\n<p style=\"padding-left: 40px;\"><strong>Estiu:<\/strong> A mitjans de juliol, els aiguamolls i estanys s\u2019assequen; nom\u00e9s queden inundades les llacunes salobroses sota el nivell del mar. Els animals i les plantes aqu\u00e0tics tenen estrat\u00e8gies per sobreviure o deixen ous i llavors per la temporada seg\u00fcent.<\/p>\n<p style=\"padding-left: 40px;\"><strong>Tardor:<\/strong> Quan les pluges inunden la zona, obren pas als peixos i proporcionen refugi i alimentaci\u00f3 als animals migradors, tant als que es quedaran aqu\u00ed tot l\u2019hivern, com als que continuaran el seu viatge \u00c0frica enll\u00e0. A finals d\u2019octubre, les daines entren en zel.<\/p>\n<p style=\"padding-left: 40px;\"><strong>Hivern:<\/strong> Els mesos freds, milers d\u2019aus aqu\u00e0tiques arribades del nord hi fan estada. Durant febrer i mar\u00e7 coincidiran amb els ocells que retornen del sud per criar<\/p>\n<p>Tingueu presents tots aquests canvis i ajusteu les vostres expectatives. Podeu adre\u00e7ar-vos al <span style=\"color: #3366ff;\"><a style=\"color: #3366ff;\" href=\"https:\/\/maps.app.goo.gl\/RVyQjGyoVi2s1Bp98\">centre d\u2019informaci\u00f3 del Cortalet<\/a><\/span> per a planificar millor la vostra visita.<\/p>\n<p>Teniu m\u00e9s informaci\u00f3 en aquest <span style=\"color: #3366ff;\"><a style=\"color: #3366ff;\" href=\"https:\/\/parcsnaturals.gencat.cat\/web\/.content\/Xarxa-de-parcs\/aiguamolls-emporda\/el_parc\/mapa-parc\/plano-guia-ca-es.pdf\">pl\u00e0nol-guia del Parc Natural<\/a><\/span><\/p>\n<div class=\"two-columns\">\n<div id=\"attachment_38123\" style=\"width: 510px\" class=\"wp-caption alignnone\"><img loading=\"lazy\" decoding=\"async\" aria-describedby=\"caption-attachment-38123\" class=\"wp-image-38123 size-medium\" src=\"https:\/\/www.campinglaguna.com\/wp-content\/uploads\/5-primavera-abalisament-corriol-500x375.jpg\" alt=\"\" width=\"500\" height=\"375\" srcset=\"https:\/\/www.campinglaguna.com\/wp-content\/uploads\/5-primavera-abalisament-corriol-500x375.jpg 500w, https:\/\/www.campinglaguna.com\/wp-content\/uploads\/5-primavera-abalisament-corriol-150x112.jpg 150w, https:\/\/www.campinglaguna.com\/wp-content\/uploads\/5-primavera-abalisament-corriol-768x576.jpg 768w, https:\/\/www.campinglaguna.com\/wp-content\/uploads\/5-primavera-abalisament-corriol.jpg 826w\" sizes=\"auto, (max-width: 500px) 100vw, 500px\" \/><p id=\"caption-attachment-38123\" class=\"wp-caption-text\">Primavera: La platja de Can Comes es tanca per a protegir la nidificaci\u00f3 del corriol camanegre.<\/p><\/div>\n<div id=\"attachment_38129\" style=\"width: 510px\" class=\"wp-caption alignnone\"><img loading=\"lazy\" decoding=\"async\" aria-describedby=\"caption-attachment-38129\" class=\"wp-image-38129 size-medium\" src=\"https:\/\/www.campinglaguna.com\/wp-content\/uploads\/6-estiu-estany-sec-500x375.jpg\" alt=\"\" width=\"500\" height=\"375\" srcset=\"https:\/\/www.campinglaguna.com\/wp-content\/uploads\/6-estiu-estany-sec-500x375.jpg 500w, https:\/\/www.campinglaguna.com\/wp-content\/uploads\/6-estiu-estany-sec-1000x750.jpg 1000w, https:\/\/www.campinglaguna.com\/wp-content\/uploads\/6-estiu-estany-sec-150x113.jpg 150w, https:\/\/www.campinglaguna.com\/wp-content\/uploads\/6-estiu-estany-sec-768x576.jpg 768w, https:\/\/www.campinglaguna.com\/wp-content\/uploads\/6-estiu-estany-sec-1536x1152.jpg 1536w, https:\/\/www.campinglaguna.com\/wp-content\/uploads\/6-estiu-estany-sec-2048x1536.jpg 2048w, https:\/\/www.campinglaguna.com\/wp-content\/uploads\/6-estiu-estany-sec-1400x1050.jpg 1400w\" sizes=\"auto, (max-width: 500px) 100vw, 500px\" \/><p id=\"caption-attachment-38129\" class=\"wp-caption-text\">Estiu: A mitjans de juliol, els aiguamolls i estanys s\u2019assequen; nom\u00e9s queden inundades les llacunes salobroses sota el nivell del mar.<\/p><\/div>\n<div id=\"attachment_38111\" style=\"width: 510px\" class=\"wp-caption alignnone\"><img loading=\"lazy\" decoding=\"async\" aria-describedby=\"caption-attachment-38111\" class=\"wp-image-38111 size-medium\" src=\"https:\/\/www.campinglaguna.com\/wp-content\/uploads\/3-tardor-daina-500x375.jpg\" alt=\"\" width=\"500\" height=\"375\" srcset=\"https:\/\/www.campinglaguna.com\/wp-content\/uploads\/3-tardor-daina-500x375.jpg 500w, https:\/\/www.campinglaguna.com\/wp-content\/uploads\/3-tardor-daina-1000x750.jpg 1000w, https:\/\/www.campinglaguna.com\/wp-content\/uploads\/3-tardor-daina-150x113.jpg 150w, https:\/\/www.campinglaguna.com\/wp-content\/uploads\/3-tardor-daina-768x576.jpg 768w, https:\/\/www.campinglaguna.com\/wp-content\/uploads\/3-tardor-daina-1536x1152.jpg 1536w, https:\/\/www.campinglaguna.com\/wp-content\/uploads\/3-tardor-daina-2048x1536.jpg 2048w, https:\/\/www.campinglaguna.com\/wp-content\/uploads\/3-tardor-daina-1400x1050.jpg 1400w\" sizes=\"auto, (max-width: 500px) 100vw, 500px\" \/><p id=\"caption-attachment-38111\" class=\"wp-caption-text\">Tardor: Les pluges tornen a inundar la zona.<\/p><\/div>\n<div id=\"attachment_38117\" style=\"width: 510px\" class=\"wp-caption alignnone\"><img loading=\"lazy\" decoding=\"async\" aria-describedby=\"caption-attachment-38117\" class=\"wp-image-38117 size-medium\" src=\"https:\/\/www.campinglaguna.com\/wp-content\/uploads\/4-hivern-concentracio-d-aus-hivernants-500x380.jpg\" alt=\"\" width=\"500\" height=\"380\" srcset=\"https:\/\/www.campinglaguna.com\/wp-content\/uploads\/4-hivern-concentracio-d-aus-hivernants-500x380.jpg 500w, https:\/\/www.campinglaguna.com\/wp-content\/uploads\/4-hivern-concentracio-d-aus-hivernants-1000x760.jpg 1000w, https:\/\/www.campinglaguna.com\/wp-content\/uploads\/4-hivern-concentracio-d-aus-hivernants-150x114.jpg 150w, https:\/\/www.campinglaguna.com\/wp-content\/uploads\/4-hivern-concentracio-d-aus-hivernants-768x584.jpg 768w, https:\/\/www.campinglaguna.com\/wp-content\/uploads\/4-hivern-concentracio-d-aus-hivernants-1536x1168.jpg 1536w, https:\/\/www.campinglaguna.com\/wp-content\/uploads\/4-hivern-concentracio-d-aus-hivernants-2048x1557.jpg 2048w, https:\/\/www.campinglaguna.com\/wp-content\/uploads\/4-hivern-concentracio-d-aus-hivernants-1400x1065.jpg 1400w\" sizes=\"auto, (max-width: 500px) 100vw, 500px\" \/><p id=\"caption-attachment-38117\" class=\"wp-caption-text\">Hivern: Els mesos freds, milers d\u2019aus aqu\u00e0tiques arribades del nord hi fan estada.<\/p><\/div>\n<\/div>\n","protected":false},"excerpt":{"rendered":"<p>El Parc Natural compta amb diversos itineraris equipats amb observatoris per apropar-vos a la natura. A tots es pot accedir a peu i a alguns, degudament autoritzats, tamb\u00e9 en bicicleta. [&hellip;]<\/p>\n","protected":false},"author":8,"featured_media":38130,"parent":38456,"menu_order":1,"comment_status":"closed","ping_status":"closed","template":"","meta":{"_acf_changed":false,"footnotes":""},"class_list":["post-38398","page","type-page","status-publish","has-post-thumbnail","hentry"],"acf":[],"yoast_head":"<!-- This site is optimized with the Yoast SEO plugin v26.1.1 - https:\/\/yoast.com\/wordpress\/plugins\/seo\/ -->\n<title>Descobreix un parc natural canviant - Camping Laguna<\/title>\n<meta name=\"description\" content=\"El Parc Natural compta amb diversos itineraris equipats amb observatoris per apropar-vos a la natura. A tots es pot accedir a peu i a alguns, degudament\" \/>\n<meta name=\"robots\" content=\"index, follow, max-snippet:-1, max-image-preview:large, max-video-preview:-1\" \/>\n<link rel=\"canonical\" href=\"https:\/\/www.campinglaguna.com\/ca\/que-fer\/parque-natural\/descubre-un-parque-natural-cambiante\/\" \/>\n<meta property=\"og:locale\" content=\"ca_ES\" \/>\n<meta property=\"og:type\" content=\"article\" \/>\n<meta property=\"og:title\" content=\"Descobreix un parc natural canviant - Camping Laguna\" \/>\n<meta property=\"og:description\" content=\"El Parc Natural compta amb diversos itineraris equipats amb observatoris per apropar-vos a la natura. A tots es pot accedir a peu i a alguns, degudament\" \/>\n<meta property=\"og:url\" content=\"https:\/\/www.campinglaguna.com\/ca\/que-fer\/parque-natural\/descubre-un-parque-natural-cambiante\/\" \/>\n<meta property=\"og:site_name\" content=\"Camping Laguna\" \/>\n<meta property=\"article:modified_time\" content=\"2024-10-29T08:48:56+00:00\" \/>\n<meta property=\"og:image\" content=\"https:\/\/www.campinglaguna.com\/wp-content\/uploads\/6-estiu-estany-sec-scaled.jpg\" \/>\n\t<meta property=\"og:image:width\" content=\"2560\" \/>\n\t<meta property=\"og:image:height\" content=\"1920\" \/>\n\t<meta property=\"og:image:type\" content=\"image\/jpeg\" \/>\n<meta name=\"twitter:card\" content=\"summary_large_image\" \/>\n<meta name=\"twitter:label1\" content=\"Temps estimat de lectura\" \/>\n\t<meta name=\"twitter:data1\" content=\"3 minuts\" \/>\n<script type=\"application\/ld+json\" class=\"yoast-schema-graph\">{\"@context\":\"https:\/\/schema.org\",\"@graph\":[{\"@type\":\"WebPage\",\"@id\":\"https:\/\/www.campinglaguna.com\/ca\/que-fer\/parque-natural\/descubre-un-parque-natural-cambiante\/\",\"url\":\"https:\/\/www.campinglaguna.com\/ca\/que-fer\/parque-natural\/descubre-un-parque-natural-cambiante\/\",\"name\":\"Descobreix un parc natural canviant - Camping Laguna\",\"isPartOf\":{\"@id\":\"https:\/\/www.campinglaguna.com\/#website\"},\"primaryImageOfPage\":{\"@id\":\"https:\/\/www.campinglaguna.com\/ca\/que-fer\/parque-natural\/descubre-un-parque-natural-cambiante\/#primaryimage\"},\"image\":{\"@id\":\"https:\/\/www.campinglaguna.com\/ca\/que-fer\/parque-natural\/descubre-un-parque-natural-cambiante\/#primaryimage\"},\"thumbnailUrl\":\"https:\/\/www.campinglaguna.com\/wp-content\/uploads\/6-estiu-estany-sec-scaled.jpg\",\"datePublished\":\"2024-09-30T11:42:03+00:00\",\"dateModified\":\"2024-10-29T08:48:56+00:00\",\"description\":\"El Parc Natural compta amb diversos itineraris equipats amb observatoris per apropar-vos a la natura. A tots es pot accedir a peu i a alguns, degudament\",\"breadcrumb\":{\"@id\":\"https:\/\/www.campinglaguna.com\/ca\/que-fer\/parque-natural\/descubre-un-parque-natural-cambiante\/#breadcrumb\"},\"inLanguage\":\"ca\",\"potentialAction\":[{\"@type\":\"ReadAction\",\"target\":[\"https:\/\/www.campinglaguna.com\/ca\/que-fer\/parque-natural\/descubre-un-parque-natural-cambiante\/\"]}]},{\"@type\":\"ImageObject\",\"inLanguage\":\"ca\",\"@id\":\"https:\/\/www.campinglaguna.com\/ca\/que-fer\/parque-natural\/descubre-un-parque-natural-cambiante\/#primaryimage\",\"url\":\"https:\/\/www.campinglaguna.com\/wp-content\/uploads\/6-estiu-estany-sec-scaled.jpg\",\"contentUrl\":\"https:\/\/www.campinglaguna.com\/wp-content\/uploads\/6-estiu-estany-sec-scaled.jpg\",\"width\":2560,\"height\":1920},{\"@type\":\"BreadcrumbList\",\"@id\":\"https:\/\/www.campinglaguna.com\/ca\/que-fer\/parque-natural\/descubre-un-parque-natural-cambiante\/#breadcrumb\",\"itemListElement\":[{\"@type\":\"ListItem\",\"position\":1,\"name\":\"Camping Laguna\",\"item\":\"https:\/\/www.campinglaguna.com\/ca\/\"},{\"@type\":\"ListItem\",\"position\":2,\"name\":\"Que fer?\",\"item\":\"https:\/\/www.campinglaguna.com\/que-hacer\/\"},{\"@type\":\"ListItem\",\"position\":3,\"name\":\"Parc Natural\",\"item\":\"https:\/\/www.campinglaguna.com\/ca\/que-fer\/parque-natural\/\"},{\"@type\":\"ListItem\",\"position\":4,\"name\":\"Descobreix un parc natural canviant\"}]},{\"@type\":\"WebSite\",\"@id\":\"https:\/\/www.campinglaguna.com\/#website\",\"url\":\"https:\/\/www.campinglaguna.com\/\",\"name\":\"Camping Laguna\",\"description\":\"Otro sitio realizado con WordPress\",\"publisher\":{\"@id\":\"https:\/\/www.campinglaguna.com\/#organization\"},\"potentialAction\":[{\"@type\":\"SearchAction\",\"target\":{\"@type\":\"EntryPoint\",\"urlTemplate\":\"https:\/\/www.campinglaguna.com\/?s={search_term_string}\"},\"query-input\":{\"@type\":\"PropertyValueSpecification\",\"valueRequired\":true,\"valueName\":\"search_term_string\"}}],\"inLanguage\":\"ca\"},{\"@type\":\"Organization\",\"@id\":\"https:\/\/www.campinglaguna.com\/#organization\",\"name\":\"Camping Laguna\",\"url\":\"https:\/\/www.campinglaguna.com\/\",\"logo\":{\"@type\":\"ImageObject\",\"inLanguage\":\"ca\",\"@id\":\"https:\/\/www.campinglaguna.com\/#\/schema\/logo\/image\/\",\"url\":\"https:\/\/www.campinglaguna.com\/wp-content\/uploads\/logo-laguna.png\",\"contentUrl\":\"https:\/\/www.campinglaguna.com\/wp-content\/uploads\/logo-laguna.png\",\"width\":263,\"height\":64,\"caption\":\"Camping Laguna\"},\"image\":{\"@id\":\"https:\/\/www.campinglaguna.com\/#\/schema\/logo\/image\/\"}}]}<\/script>\n<!-- \/ Yoast SEO plugin. -->","yoast_head_json":{"title":"Descobreix un parc natural canviant - Camping Laguna","description":"El Parc Natural compta amb diversos itineraris equipats amb observatoris per apropar-vos a la natura. A tots es pot accedir a peu i a alguns, degudament","robots":{"index":"index","follow":"follow","max-snippet":"max-snippet:-1","max-image-preview":"max-image-preview:large","max-video-preview":"max-video-preview:-1"},"canonical":"https:\/\/www.campinglaguna.com\/ca\/que-fer\/parque-natural\/descubre-un-parque-natural-cambiante\/","og_locale":"ca_ES","og_type":"article","og_title":"Descobreix un parc natural canviant - Camping Laguna","og_description":"El Parc Natural compta amb diversos itineraris equipats amb observatoris per apropar-vos a la natura. A tots es pot accedir a peu i a alguns, degudament","og_url":"https:\/\/www.campinglaguna.com\/ca\/que-fer\/parque-natural\/descubre-un-parque-natural-cambiante\/","og_site_name":"Camping Laguna","article_modified_time":"2024-10-29T08:48:56+00:00","og_image":[{"width":2560,"height":1920,"url":"https:\/\/www.campinglaguna.com\/wp-content\/uploads\/6-estiu-estany-sec-scaled.jpg","type":"image\/jpeg"}],"twitter_card":"summary_large_image","twitter_misc":{"Temps estimat de lectura":"3 minuts"},"schema":{"@context":"https:\/\/schema.org","@graph":[{"@type":"WebPage","@id":"https:\/\/www.campinglaguna.com\/ca\/que-fer\/parque-natural\/descubre-un-parque-natural-cambiante\/","url":"https:\/\/www.campinglaguna.com\/ca\/que-fer\/parque-natural\/descubre-un-parque-natural-cambiante\/","name":"Descobreix un parc natural canviant - Camping Laguna","isPartOf":{"@id":"https:\/\/www.campinglaguna.com\/#website"},"primaryImageOfPage":{"@id":"https:\/\/www.campinglaguna.com\/ca\/que-fer\/parque-natural\/descubre-un-parque-natural-cambiante\/#primaryimage"},"image":{"@id":"https:\/\/www.campinglaguna.com\/ca\/que-fer\/parque-natural\/descubre-un-parque-natural-cambiante\/#primaryimage"},"thumbnailUrl":"https:\/\/www.campinglaguna.com\/wp-content\/uploads\/6-estiu-estany-sec-scaled.jpg","datePublished":"2024-09-30T11:42:03+00:00","dateModified":"2024-10-29T08:48:56+00:00","description":"El Parc Natural compta amb diversos itineraris equipats amb observatoris per apropar-vos a la natura. A tots es pot accedir a peu i a alguns, degudament","breadcrumb":{"@id":"https:\/\/www.campinglaguna.com\/ca\/que-fer\/parque-natural\/descubre-un-parque-natural-cambiante\/#breadcrumb"},"inLanguage":"ca","potentialAction":[{"@type":"ReadAction","target":["https:\/\/www.campinglaguna.com\/ca\/que-fer\/parque-natural\/descubre-un-parque-natural-cambiante\/"]}]},{"@type":"ImageObject","inLanguage":"ca","@id":"https:\/\/www.campinglaguna.com\/ca\/que-fer\/parque-natural\/descubre-un-parque-natural-cambiante\/#primaryimage","url":"https:\/\/www.campinglaguna.com\/wp-content\/uploads\/6-estiu-estany-sec-scaled.jpg","contentUrl":"https:\/\/www.campinglaguna.com\/wp-content\/uploads\/6-estiu-estany-sec-scaled.jpg","width":2560,"height":1920},{"@type":"BreadcrumbList","@id":"https:\/\/www.campinglaguna.com\/ca\/que-fer\/parque-natural\/descubre-un-parque-natural-cambiante\/#breadcrumb","itemListElement":[{"@type":"ListItem","position":1,"name":"Camping Laguna","item":"https:\/\/www.campinglaguna.com\/ca\/"},{"@type":"ListItem","position":2,"name":"Que fer?","item":"https:\/\/www.campinglaguna.com\/que-hacer\/"},{"@type":"ListItem","position":3,"name":"Parc Natural","item":"https:\/\/www.campinglaguna.com\/ca\/que-fer\/parque-natural\/"},{"@type":"ListItem","position":4,"name":"Descobreix un parc natural canviant"}]},{"@type":"WebSite","@id":"https:\/\/www.campinglaguna.com\/#website","url":"https:\/\/www.campinglaguna.com\/","name":"Camping Laguna","description":"Otro sitio realizado con WordPress","publisher":{"@id":"https:\/\/www.campinglaguna.com\/#organization"},"potentialAction":[{"@type":"SearchAction","target":{"@type":"EntryPoint","urlTemplate":"https:\/\/www.campinglaguna.com\/?s={search_term_string}"},"query-input":{"@type":"PropertyValueSpecification","valueRequired":true,"valueName":"search_term_string"}}],"inLanguage":"ca"},{"@type":"Organization","@id":"https:\/\/www.campinglaguna.com\/#organization","name":"Camping Laguna","url":"https:\/\/www.campinglaguna.com\/","logo":{"@type":"ImageObject","inLanguage":"ca","@id":"https:\/\/www.campinglaguna.com\/#\/schema\/logo\/image\/","url":"https:\/\/www.campinglaguna.com\/wp-content\/uploads\/logo-laguna.png","contentUrl":"https:\/\/www.campinglaguna.com\/wp-content\/uploads\/logo-laguna.png","width":263,"height":64,"caption":"Camping Laguna"},"image":{"@id":"https:\/\/www.campinglaguna.com\/#\/schema\/logo\/image\/"}}]}},"_links":{"self":[{"href":"https:\/\/www.campinglaguna.com\/ca\/wp-json\/wp\/v2\/pages\/38398","targetHints":{"allow":["GET"]}}],"collection":[{"href":"https:\/\/www.campinglaguna.com\/ca\/wp-json\/wp\/v2\/pages"}],"about":[{"href":"https:\/\/www.campinglaguna.com\/ca\/wp-json\/wp\/v2\/types\/page"}],"author":[{"embeddable":true,"href":"https:\/\/www.campinglaguna.com\/ca\/wp-json\/wp\/v2\/users\/8"}],"replies":[{"embeddable":true,"href":"https:\/\/www.campinglaguna.com\/ca\/wp-json\/wp\/v2\/comments?post=38398"}],"version-history":[{"count":4,"href":"https:\/\/www.campinglaguna.com\/ca\/wp-json\/wp\/v2\/pages\/38398\/revisions"}],"predecessor-version":[{"id":38528,"href":"https:\/\/www.campinglaguna.com\/ca\/wp-json\/wp\/v2\/pages\/38398\/revisions\/38528"}],"up":[{"embeddable":true,"href":"https:\/\/www.campinglaguna.com\/ca\/wp-json\/wp\/v2\/pages\/38456"}],"wp:featuredmedia":[{"embeddable":true,"href":"https:\/\/www.campinglaguna.com\/ca\/wp-json\/wp\/v2\/media\/38130"}],"wp:attachment":[{"href":"https:\/\/www.campinglaguna.com\/ca\/wp-json\/wp\/v2\/media?parent=38398"}],"curies":[{"name":"wp","href":"https:\/\/api.w.org\/{rel}","templated":true}]}}