{"id":38445,"date":"2024-09-30T13:41:28","date_gmt":"2024-09-30T11:41:28","guid":{"rendered":"https:\/\/www.campinglaguna.com\/un-espacio-natural-protegido-de-gran-valor\/"},"modified":"2024-10-17T13:16:19","modified_gmt":"2024-10-17T11:16:19","slug":"un-espacio-natural-protegido-de-gran-valor","status":"publish","type":"page","link":"https:\/\/www.campinglaguna.com\/ca\/que-fer\/parque-natural\/un-espacio-natural-protegido-de-gran-valor\/","title":{"rendered":"Un espai natural protegit de gran valor"},"content":{"rendered":"<p>Els Aiguamolls de l&#8217;Empord\u00e0 s\u00f3n una de les principals zones humides de Catalunya, resultat de la interacci\u00f3 dels rius i del mar. El Parc Natural, creat a l\u2019any 1983, \u00e9s un mosaic d\u2019ecosistemes interdependents , per\u00f2 a la vegada molt diferenciats: un conjunt d\u2019aiguamolls, estanys, llacunes i rius, de cultius i de recs i amb unes platges i un sistema de dunes que protegeixen la costa dels temporals.<\/p>\n<p>Aquest espai natural protegit \u00e9s zona de reproducci\u00f3 i refugi migratori de nombroses esp\u00e8cies en perill d\u2019extinci\u00f3. Les aus tenen en aquest espai el seu refugi i lloc de descans. Hi s\u00f3n presents m\u00e9s de 300 esp\u00e8cies, moltes d\u2019elles protegides i de gran bellesa. El seu bon estat \u00e9s clau per reduir els efectes del canvi clim\u00e0tic a la comarca, ja que millora la qualitat de l\u2019aigua, recarrega els aq\u00fc\u00edfers i frena l\u2019entrada d\u2019aigua salada des del mar cap a l\u2019interior.<\/p>\n<p>La fertilitat del s\u00f2l facilita el desenvolupament de l&#8217;agricultura i la complexitat dels seus h\u00e0bitats i la seva riquesa biol\u00f2gica potencien la pesca a la badia. Hist\u00f2ricament, aquest territori ha generat un ric patrimoni cultural i actualment \u00e9s un important recurs d&#8217;educaci\u00f3 ambiental i investigaci\u00f3 i, alhora, un focus d&#8217;atracci\u00f3 de visitants.<\/p>\n<p>Podeu trobar m\u00e9s informaci\u00f3 a la <span style=\"color: #3366ff;\"><a style=\"color: #3366ff;\" href=\"https:\/\/parcsnaturals.gencat.cat\/ca\/xarxa-de-parcs\/aiguamolls-emporda\/inici\/index.html\">p\u00e0gina web del Parc Natural<\/a>.<\/span><\/p>\n<div class=\"two-columns\">\n<div id=\"attachment_38099\" style=\"width: 510px\" class=\"wp-caption aligncenter\"><img loading=\"lazy\" decoding=\"async\" aria-describedby=\"caption-attachment-38099\" class=\"wp-image-38099 size-medium\" src=\"https:\/\/www.campinglaguna.com\/wp-content\/uploads\/1-flamencs-500x375.jpg\" alt=\"\" width=\"500\" height=\"375\" srcset=\"https:\/\/www.campinglaguna.com\/wp-content\/uploads\/1-flamencs-500x375.jpg 500w, https:\/\/www.campinglaguna.com\/wp-content\/uploads\/1-flamencs-1000x750.jpg 1000w, https:\/\/www.campinglaguna.com\/wp-content\/uploads\/1-flamencs-150x113.jpg 150w, https:\/\/www.campinglaguna.com\/wp-content\/uploads\/1-flamencs-768x576.jpg 768w, https:\/\/www.campinglaguna.com\/wp-content\/uploads\/1-flamencs-1536x1152.jpg 1536w, https:\/\/www.campinglaguna.com\/wp-content\/uploads\/1-flamencs-2048x1536.jpg 2048w, https:\/\/www.campinglaguna.com\/wp-content\/uploads\/1-flamencs-1400x1050.jpg 1400w\" sizes=\"auto, (max-width: 500px) 100vw, 500px\" \/><p id=\"caption-attachment-38099\" class=\"wp-caption-text\">Al Parc Natural s\u2019 han vist 329 esp\u00e8cies d\u2019ocells.<\/p><\/div>\n<div id=\"attachment_38105\" style=\"width: 510px\" class=\"wp-caption aligncenter\"><img loading=\"lazy\" decoding=\"async\" aria-describedby=\"caption-attachment-38105\" class=\"wp-image-38105 size-medium\" src=\"https:\/\/www.campinglaguna.com\/wp-content\/uploads\/2-jonquera-500x374.jpg\" alt=\"\" width=\"500\" height=\"374\" srcset=\"https:\/\/www.campinglaguna.com\/wp-content\/uploads\/2-jonquera-500x374.jpg 500w, https:\/\/www.campinglaguna.com\/wp-content\/uploads\/2-jonquera-1000x748.jpg 1000w, https:\/\/www.campinglaguna.com\/wp-content\/uploads\/2-jonquera-150x112.jpg 150w, https:\/\/www.campinglaguna.com\/wp-content\/uploads\/2-jonquera-768x574.jpg 768w, https:\/\/www.campinglaguna.com\/wp-content\/uploads\/2-jonquera-1536x1149.jpg 1536w, https:\/\/www.campinglaguna.com\/wp-content\/uploads\/2-jonquera-2048x1532.jpg 2048w, https:\/\/www.campinglaguna.com\/wp-content\/uploads\/2-jonquera-1400x1047.jpg 1400w\" sizes=\"auto, (max-width: 500px) 100vw, 500px\" \/><p id=\"caption-attachment-38105\" class=\"wp-caption-text\">863 tipus de plantes silvestres s\u00f3n presents al Parc.<\/p><\/div>\n<\/div>\n","protected":false},"excerpt":{"rendered":"<p>Els Aiguamolls de l&#8217;Empord\u00e0 s\u00f3n una de les principals zones humides de Catalunya, resultat de la interacci\u00f3 dels rius i del mar. El Parc Natural, creat a l\u2019any 1983, \u00e9s [&hellip;]<\/p>\n","protected":false},"author":8,"featured_media":38100,"parent":38456,"menu_order":0,"comment_status":"closed","ping_status":"closed","template":"","meta":{"_acf_changed":false,"footnotes":""},"class_list":["post-38445","page","type-page","status-publish","has-post-thumbnail","hentry"],"acf":[],"yoast_head":"<!-- This site is optimized with the Yoast SEO plugin v26.1.1 - https:\/\/yoast.com\/wordpress\/plugins\/seo\/ -->\n<title>Un espai natural protegit de gran valor - Camping Laguna<\/title>\n<meta name=\"description\" content=\"Els Aiguamolls de l&#039;Empord\u00e0 s\u00f3n una de les principals zones humides de Catalunya, resultat de la interacci\u00f3 dels rius i del mar. El Parc Natural, creat a\" \/>\n<meta name=\"robots\" content=\"index, follow, max-snippet:-1, max-image-preview:large, max-video-preview:-1\" \/>\n<link rel=\"canonical\" href=\"https:\/\/www.campinglaguna.com\/ca\/un-espacio-natural-protegido-de-gran-valor\/\" \/>\n<meta property=\"og:locale\" content=\"ca_ES\" \/>\n<meta property=\"og:type\" content=\"article\" \/>\n<meta property=\"og:title\" content=\"Un espai natural protegit de gran valor - Camping Laguna\" \/>\n<meta property=\"og:description\" content=\"Els Aiguamolls de l&#039;Empord\u00e0 s\u00f3n una de les principals zones humides de Catalunya, resultat de la interacci\u00f3 dels rius i del mar. El Parc Natural, creat a\" \/>\n<meta property=\"og:url\" content=\"https:\/\/www.campinglaguna.com\/ca\/un-espacio-natural-protegido-de-gran-valor\/\" \/>\n<meta property=\"og:site_name\" content=\"Camping Laguna\" \/>\n<meta property=\"article:modified_time\" content=\"2024-10-17T11:16:19+00:00\" \/>\n<meta property=\"og:image\" content=\"https:\/\/www.campinglaguna.com\/wp-content\/uploads\/1-flamencs-scaled.jpg\" \/>\n\t<meta property=\"og:image:width\" content=\"2560\" \/>\n\t<meta property=\"og:image:height\" content=\"1920\" \/>\n\t<meta property=\"og:image:type\" content=\"image\/jpeg\" \/>\n<meta name=\"twitter:card\" content=\"summary_large_image\" \/>\n<meta name=\"twitter:label1\" content=\"Temps estimat de lectura\" \/>\n\t<meta name=\"twitter:data1\" content=\"2 minuts\" \/>\n<script type=\"application\/ld+json\" class=\"yoast-schema-graph\">{\"@context\":\"https:\/\/schema.org\",\"@graph\":[{\"@type\":\"WebPage\",\"@id\":\"https:\/\/www.campinglaguna.com\/ca\/un-espacio-natural-protegido-de-gran-valor\/\",\"url\":\"https:\/\/www.campinglaguna.com\/ca\/un-espacio-natural-protegido-de-gran-valor\/\",\"name\":\"Un espai natural protegit de gran valor - Camping Laguna\",\"isPartOf\":{\"@id\":\"https:\/\/www.campinglaguna.com\/#website\"},\"primaryImageOfPage\":{\"@id\":\"https:\/\/www.campinglaguna.com\/ca\/un-espacio-natural-protegido-de-gran-valor\/#primaryimage\"},\"image\":{\"@id\":\"https:\/\/www.campinglaguna.com\/ca\/un-espacio-natural-protegido-de-gran-valor\/#primaryimage\"},\"thumbnailUrl\":\"https:\/\/www.campinglaguna.com\/wp-content\/uploads\/1-flamencs-scaled.jpg\",\"datePublished\":\"2024-09-30T11:41:28+00:00\",\"dateModified\":\"2024-10-17T11:16:19+00:00\",\"description\":\"Els Aiguamolls de l'Empord\u00e0 s\u00f3n una de les principals zones humides de Catalunya, resultat de la interacci\u00f3 dels rius i del mar. El Parc Natural, creat a\",\"breadcrumb\":{\"@id\":\"https:\/\/www.campinglaguna.com\/ca\/un-espacio-natural-protegido-de-gran-valor\/#breadcrumb\"},\"inLanguage\":\"ca\",\"potentialAction\":[{\"@type\":\"ReadAction\",\"target\":[\"https:\/\/www.campinglaguna.com\/ca\/un-espacio-natural-protegido-de-gran-valor\/\"]}]},{\"@type\":\"ImageObject\",\"inLanguage\":\"ca\",\"@id\":\"https:\/\/www.campinglaguna.com\/ca\/un-espacio-natural-protegido-de-gran-valor\/#primaryimage\",\"url\":\"https:\/\/www.campinglaguna.com\/wp-content\/uploads\/1-flamencs-scaled.jpg\",\"contentUrl\":\"https:\/\/www.campinglaguna.com\/wp-content\/uploads\/1-flamencs-scaled.jpg\",\"width\":2560,\"height\":1920,\"caption\":\"En el Parque Natural se han visto 329 especies de aves.\"},{\"@type\":\"BreadcrumbList\",\"@id\":\"https:\/\/www.campinglaguna.com\/ca\/un-espacio-natural-protegido-de-gran-valor\/#breadcrumb\",\"itemListElement\":[{\"@type\":\"ListItem\",\"position\":1,\"name\":\"Camping Laguna\",\"item\":\"https:\/\/www.campinglaguna.com\/ca\/\"},{\"@type\":\"ListItem\",\"position\":2,\"name\":\"Un espai natural protegit de gran valor\"}]},{\"@type\":\"WebSite\",\"@id\":\"https:\/\/www.campinglaguna.com\/#website\",\"url\":\"https:\/\/www.campinglaguna.com\/\",\"name\":\"Camping Laguna\",\"description\":\"Otro sitio realizado con WordPress\",\"publisher\":{\"@id\":\"https:\/\/www.campinglaguna.com\/#organization\"},\"potentialAction\":[{\"@type\":\"SearchAction\",\"target\":{\"@type\":\"EntryPoint\",\"urlTemplate\":\"https:\/\/www.campinglaguna.com\/?s={search_term_string}\"},\"query-input\":{\"@type\":\"PropertyValueSpecification\",\"valueRequired\":true,\"valueName\":\"search_term_string\"}}],\"inLanguage\":\"ca\"},{\"@type\":\"Organization\",\"@id\":\"https:\/\/www.campinglaguna.com\/#organization\",\"name\":\"Camping Laguna\",\"url\":\"https:\/\/www.campinglaguna.com\/\",\"logo\":{\"@type\":\"ImageObject\",\"inLanguage\":\"ca\",\"@id\":\"https:\/\/www.campinglaguna.com\/#\/schema\/logo\/image\/\",\"url\":\"https:\/\/www.campinglaguna.com\/wp-content\/uploads\/logo-laguna.png\",\"contentUrl\":\"https:\/\/www.campinglaguna.com\/wp-content\/uploads\/logo-laguna.png\",\"width\":263,\"height\":64,\"caption\":\"Camping Laguna\"},\"image\":{\"@id\":\"https:\/\/www.campinglaguna.com\/#\/schema\/logo\/image\/\"}}]}<\/script>\n<!-- \/ Yoast SEO plugin. -->","yoast_head_json":{"title":"Un espai natural protegit de gran valor - Camping Laguna","description":"Els Aiguamolls de l'Empord\u00e0 s\u00f3n una de les principals zones humides de Catalunya, resultat de la interacci\u00f3 dels rius i del mar. El Parc Natural, creat a","robots":{"index":"index","follow":"follow","max-snippet":"max-snippet:-1","max-image-preview":"max-image-preview:large","max-video-preview":"max-video-preview:-1"},"canonical":"https:\/\/www.campinglaguna.com\/ca\/un-espacio-natural-protegido-de-gran-valor\/","og_locale":"ca_ES","og_type":"article","og_title":"Un espai natural protegit de gran valor - Camping Laguna","og_description":"Els Aiguamolls de l'Empord\u00e0 s\u00f3n una de les principals zones humides de Catalunya, resultat de la interacci\u00f3 dels rius i del mar. El Parc Natural, creat a","og_url":"https:\/\/www.campinglaguna.com\/ca\/un-espacio-natural-protegido-de-gran-valor\/","og_site_name":"Camping Laguna","article_modified_time":"2024-10-17T11:16:19+00:00","og_image":[{"width":2560,"height":1920,"url":"https:\/\/www.campinglaguna.com\/wp-content\/uploads\/1-flamencs-scaled.jpg","type":"image\/jpeg"}],"twitter_card":"summary_large_image","twitter_misc":{"Temps estimat de lectura":"2 minuts"},"schema":{"@context":"https:\/\/schema.org","@graph":[{"@type":"WebPage","@id":"https:\/\/www.campinglaguna.com\/ca\/un-espacio-natural-protegido-de-gran-valor\/","url":"https:\/\/www.campinglaguna.com\/ca\/un-espacio-natural-protegido-de-gran-valor\/","name":"Un espai natural protegit de gran valor - Camping Laguna","isPartOf":{"@id":"https:\/\/www.campinglaguna.com\/#website"},"primaryImageOfPage":{"@id":"https:\/\/www.campinglaguna.com\/ca\/un-espacio-natural-protegido-de-gran-valor\/#primaryimage"},"image":{"@id":"https:\/\/www.campinglaguna.com\/ca\/un-espacio-natural-protegido-de-gran-valor\/#primaryimage"},"thumbnailUrl":"https:\/\/www.campinglaguna.com\/wp-content\/uploads\/1-flamencs-scaled.jpg","datePublished":"2024-09-30T11:41:28+00:00","dateModified":"2024-10-17T11:16:19+00:00","description":"Els Aiguamolls de l'Empord\u00e0 s\u00f3n una de les principals zones humides de Catalunya, resultat de la interacci\u00f3 dels rius i del mar. El Parc Natural, creat a","breadcrumb":{"@id":"https:\/\/www.campinglaguna.com\/ca\/un-espacio-natural-protegido-de-gran-valor\/#breadcrumb"},"inLanguage":"ca","potentialAction":[{"@type":"ReadAction","target":["https:\/\/www.campinglaguna.com\/ca\/un-espacio-natural-protegido-de-gran-valor\/"]}]},{"@type":"ImageObject","inLanguage":"ca","@id":"https:\/\/www.campinglaguna.com\/ca\/un-espacio-natural-protegido-de-gran-valor\/#primaryimage","url":"https:\/\/www.campinglaguna.com\/wp-content\/uploads\/1-flamencs-scaled.jpg","contentUrl":"https:\/\/www.campinglaguna.com\/wp-content\/uploads\/1-flamencs-scaled.jpg","width":2560,"height":1920,"caption":"En el Parque Natural se han visto 329 especies de aves."},{"@type":"BreadcrumbList","@id":"https:\/\/www.campinglaguna.com\/ca\/un-espacio-natural-protegido-de-gran-valor\/#breadcrumb","itemListElement":[{"@type":"ListItem","position":1,"name":"Camping Laguna","item":"https:\/\/www.campinglaguna.com\/ca\/"},{"@type":"ListItem","position":2,"name":"Un espai natural protegit de gran valor"}]},{"@type":"WebSite","@id":"https:\/\/www.campinglaguna.com\/#website","url":"https:\/\/www.campinglaguna.com\/","name":"Camping Laguna","description":"Otro sitio realizado con WordPress","publisher":{"@id":"https:\/\/www.campinglaguna.com\/#organization"},"potentialAction":[{"@type":"SearchAction","target":{"@type":"EntryPoint","urlTemplate":"https:\/\/www.campinglaguna.com\/?s={search_term_string}"},"query-input":{"@type":"PropertyValueSpecification","valueRequired":true,"valueName":"search_term_string"}}],"inLanguage":"ca"},{"@type":"Organization","@id":"https:\/\/www.campinglaguna.com\/#organization","name":"Camping Laguna","url":"https:\/\/www.campinglaguna.com\/","logo":{"@type":"ImageObject","inLanguage":"ca","@id":"https:\/\/www.campinglaguna.com\/#\/schema\/logo\/image\/","url":"https:\/\/www.campinglaguna.com\/wp-content\/uploads\/logo-laguna.png","contentUrl":"https:\/\/www.campinglaguna.com\/wp-content\/uploads\/logo-laguna.png","width":263,"height":64,"caption":"Camping Laguna"},"image":{"@id":"https:\/\/www.campinglaguna.com\/#\/schema\/logo\/image\/"}}]}},"_links":{"self":[{"href":"https:\/\/www.campinglaguna.com\/ca\/wp-json\/wp\/v2\/pages\/38445","targetHints":{"allow":["GET"]}}],"collection":[{"href":"https:\/\/www.campinglaguna.com\/ca\/wp-json\/wp\/v2\/pages"}],"about":[{"href":"https:\/\/www.campinglaguna.com\/ca\/wp-json\/wp\/v2\/types\/page"}],"author":[{"embeddable":true,"href":"https:\/\/www.campinglaguna.com\/ca\/wp-json\/wp\/v2\/users\/8"}],"replies":[{"embeddable":true,"href":"https:\/\/www.campinglaguna.com\/ca\/wp-json\/wp\/v2\/comments?post=38445"}],"version-history":[{"count":3,"href":"https:\/\/www.campinglaguna.com\/ca\/wp-json\/wp\/v2\/pages\/38445\/revisions"}],"predecessor-version":[{"id":38448,"href":"https:\/\/www.campinglaguna.com\/ca\/wp-json\/wp\/v2\/pages\/38445\/revisions\/38448"}],"up":[{"embeddable":true,"href":"https:\/\/www.campinglaguna.com\/ca\/wp-json\/wp\/v2\/pages\/38456"}],"wp:featuredmedia":[{"embeddable":true,"href":"https:\/\/www.campinglaguna.com\/ca\/wp-json\/wp\/v2\/media\/38100"}],"wp:attachment":[{"href":"https:\/\/www.campinglaguna.com\/ca\/wp-json\/wp\/v2\/media?parent=38445"}],"curies":[{"name":"wp","href":"https:\/\/api.w.org\/{rel}","templated":true}]}}