{"id":38451,"date":"2024-09-30T13:42:27","date_gmt":"2024-09-30T11:42:27","guid":{"rendered":"https:\/\/www.campinglaguna.com\/consejos-y-normas-de-visita\/"},"modified":"2024-10-17T13:40:10","modified_gmt":"2024-10-17T11:40:10","slug":"consejos-y-normas-de-visita","status":"publish","type":"page","link":"https:\/\/www.campinglaguna.com\/ca\/que-fer\/parque-natural\/consejos-y-normas-de-visita\/","title":{"rendered":"Consells i normes de visita"},"content":{"rendered":"<p>Quan visitem el medi natural, totes les activitats que fem tenen un impacte ambiental. Per aix\u00f2 sempre hem d\u2019intentar que aquest impacte sigui el m\u00ednim possible, que no es noti que hem passat. Seguint aquestes senzilles recomanacions, podem ajudar a mantenir l\u2019equilibri ambiental i el seu bon estat, alhora que podrem explorar totes les possibilitats de la nostra estada.<\/p>\n<ul>\n<li>La teva visita comen\u00e7a a casa: <span style=\"color: #ff0000;\">planifica<\/span> les activitats que far\u00e0s, consulta els serveis de l&#8217;espai, reserva quan calgui i descobreix el patrimoni natural i cultural que pots gaudir.<\/li>\n<li>Per observar millor la fauna, porteu <span style=\"color: #ff0000;\">prism\u00e0tics<\/span>. Tamb\u00e9 els podeu llogar al <span style=\"color: #3366ff;\"><a style=\"color: #3366ff;\" href=\"https:\/\/maps.app.goo.gl\/RVyQjGyoVi2s1Bp98\">centre d\u2019informaci\u00f3 del Cortalet<\/a><\/span><\/li>\n<li>Procureu visitar el Parc Natural amb la companyia d\u2019un\/a <span style=\"color: #ff0000;\">guia<\/span>, l\u2019experi\u00e8ncia ser\u00e0 molt m\u00e9s enriquidora. El Parc Natural no disposa de guies propis, per\u00f2 hi ha empreses del territori que n\u2019ofereixen.<\/li>\n<li>Poseu-vos <span style=\"color: #ff0000;\">crema solar<\/span> i porteu <span style=\"color: #ff0000;\">aigua<\/span>. Tingueu present que als ambients salobres no hi ha ombra.<\/li>\n<li>Porteu repel\u00b7lent de <span style=\"color: #ff0000;\">mosquits<\/span>, n\u2019hi ha tot l\u2019any. Compreu-lo sense picaridina, \u00e9s molt t\u00f2xica pels amfibis.<\/li>\n<li>Eviteu portar <span style=\"color: #ff0000;\">gossos<\/span> i altres mascotes. En qualsevol cas, han d\u2019anar lligats i no poden accedir a les platges i alguns itineraris. Recordeu que \u00e9s obligatori recollir-ne els excrements, ja que l\u2019impacte que provoquen sobre la fauna invertebrada \u00e9s sever.<\/li>\n<li><span style=\"color: #ff0000;\">Respecteu les normes<\/span> del Parc Natural, hi s\u00f3n per preservar-ne els valors i possibilitar que s\u2019hi facin activitats. La normativa tamb\u00e9 afecta els itineraris i les platges i pot variar al llarg de l\u2019any.<\/li>\n<\/ul>\n<p>Estigueu atents a les indicacions dels cartells i pregunteu al centre d\u2019informaci\u00f3. Consulteu aquest <span style=\"color: #3366ff;\"><a style=\"color: #3366ff;\" href=\"https:\/\/www.google.com\/maps\/d\/embed?mid=1quXyo4YiyWU_RcGo8Ku0i4GMzaNASwc&amp;hl=ca&amp;ehbc=2E312F&amp;ll=42.21759871803255%2C3.0959602789038865&amp;z=12\">mapa<\/a><\/span> per a fer-vos una idea.<\/p>\n<p>Per \u00faltim, us convidem a visitar la p\u00e0gina web <span style=\"color: #3366ff;\"><a style=\"color: #3366ff;\" href=\"https:\/\/espaisnaturals.cat\">Equilibri Natural<\/a><\/span>, on podeu con\u00e8ixer consells per a la visita dels espais naturals de Catalunya.<\/p>\n<div class=\"two-columns\">\n<div id=\"attachment_38135\" style=\"width: 510px\" class=\"wp-caption aligncenter\"><img loading=\"lazy\" decoding=\"async\" aria-describedby=\"caption-attachment-38135\" class=\"wp-image-38135 size-medium\" src=\"https:\/\/www.campinglaguna.com\/wp-content\/uploads\/7-aguait-500x336.jpg\" alt=\"\" width=\"500\" height=\"336\" srcset=\"https:\/\/www.campinglaguna.com\/wp-content\/uploads\/7-aguait-500x336.jpg 500w, https:\/\/www.campinglaguna.com\/wp-content\/uploads\/7-aguait-1000x671.jpg 1000w, https:\/\/www.campinglaguna.com\/wp-content\/uploads\/7-aguait-150x101.jpg 150w, https:\/\/www.campinglaguna.com\/wp-content\/uploads\/7-aguait-768x516.jpg 768w, https:\/\/www.campinglaguna.com\/wp-content\/uploads\/7-aguait-1536x1031.jpg 1536w, https:\/\/www.campinglaguna.com\/wp-content\/uploads\/7-aguait-2048x1375.jpg 2048w, https:\/\/www.campinglaguna.com\/wp-content\/uploads\/7-aguait-90x60.jpg 90w, https:\/\/www.campinglaguna.com\/wp-content\/uploads\/7-aguait-1400x940.jpg 1400w\" sizes=\"auto, (max-width: 500px) 100vw, 500px\" \/><p id=\"caption-attachment-38135\" class=\"wp-caption-text\">Molts itineraris tenen aguaits on amagar-se per observar la fauna salvatge sense molestar-la.<\/p><\/div>\n<div id=\"attachment_38141\" style=\"width: 510px\" class=\"wp-caption aligncenter\"><img loading=\"lazy\" decoding=\"async\" aria-describedby=\"caption-attachment-38141\" class=\"wp-image-38141 size-medium\" src=\"https:\/\/www.campinglaguna.com\/wp-content\/uploads\/8-gossos-500x375.jpg\" alt=\"\" width=\"500\" height=\"375\" srcset=\"https:\/\/www.campinglaguna.com\/wp-content\/uploads\/8-gossos-500x375.jpg 500w, https:\/\/www.campinglaguna.com\/wp-content\/uploads\/8-gossos-1000x750.jpg 1000w, https:\/\/www.campinglaguna.com\/wp-content\/uploads\/8-gossos-150x113.jpg 150w, https:\/\/www.campinglaguna.com\/wp-content\/uploads\/8-gossos-768x576.jpg 768w, https:\/\/www.campinglaguna.com\/wp-content\/uploads\/8-gossos-1400x1050.jpg 1400w, https:\/\/www.campinglaguna.com\/wp-content\/uploads\/8-gossos.jpg 1500w\" sizes=\"auto, (max-width: 500px) 100vw, 500px\" \/><p id=\"caption-attachment-38141\" class=\"wp-caption-text\">Encara que el seu comportament sigui correcte, l\u2019impacte dels gossos sobre la fauna \u00e9s important.<\/p><\/div>\n<\/div>\n<p>&nbsp;<\/p>\n<p>&nbsp;<\/p>\n<p>&nbsp;<\/p>\n<p>&nbsp;<\/p>\n","protected":false},"excerpt":{"rendered":"<p>Quan visitem el medi natural, totes les activitats que fem tenen un impacte ambiental. Per aix\u00f2 sempre hem d\u2019intentar que aquest impacte sigui el m\u00ednim possible, que no es noti [&hellip;]<\/p>\n","protected":false},"author":8,"featured_media":38173,"parent":38456,"menu_order":2,"comment_status":"closed","ping_status":"closed","template":"","meta":{"_acf_changed":false,"footnotes":""},"class_list":["post-38451","page","type-page","status-publish","has-post-thumbnail","hentry"],"acf":[],"yoast_head":"<!-- This site is optimized with the Yoast SEO plugin v26.1.1 - https:\/\/yoast.com\/wordpress\/plugins\/seo\/ -->\n<title>Consells i normes de visita - Camping Laguna<\/title>\n<meta name=\"description\" content=\"Quan visitem el medi natural, totes les activitats que fem tenen un impacte ambiental. Per aix\u00f2 sempre hem d\u2019intentar que aquest impacte sigui el m\u00ednim\" \/>\n<meta name=\"robots\" content=\"index, follow, max-snippet:-1, max-image-preview:large, max-video-preview:-1\" \/>\n<link rel=\"canonical\" href=\"https:\/\/www.campinglaguna.com\/ca\/consejos-y-normas-de-visita\/\" \/>\n<meta property=\"og:locale\" content=\"ca_ES\" \/>\n<meta property=\"og:type\" content=\"article\" \/>\n<meta property=\"og:title\" content=\"Consells i normes de visita - Camping Laguna\" \/>\n<meta property=\"og:description\" content=\"Quan visitem el medi natural, totes les activitats que fem tenen un impacte ambiental. Per aix\u00f2 sempre hem d\u2019intentar que aquest impacte sigui el m\u00ednim\" \/>\n<meta property=\"og:url\" content=\"https:\/\/www.campinglaguna.com\/ca\/consejos-y-normas-de-visita\/\" \/>\n<meta property=\"og:site_name\" content=\"Camping Laguna\" \/>\n<meta property=\"article:modified_time\" content=\"2024-10-17T11:40:10+00:00\" \/>\n<meta property=\"og:image\" content=\"https:\/\/www.campinglaguna.com\/wp-content\/uploads\/89599189-icono-de-informacion-aislado-en-la-ilustracion-abstracta-de-boton-redondo-verde-especial.jpg\" \/>\n\t<meta property=\"og:image:width\" content=\"1300\" \/>\n\t<meta property=\"og:image:height\" content=\"1300\" \/>\n\t<meta property=\"og:image:type\" content=\"image\/jpeg\" \/>\n<meta name=\"twitter:card\" content=\"summary_large_image\" \/>\n<meta name=\"twitter:label1\" content=\"Temps estimat de lectura\" \/>\n\t<meta name=\"twitter:data1\" content=\"3 minuts\" \/>\n<script type=\"application\/ld+json\" class=\"yoast-schema-graph\">{\"@context\":\"https:\/\/schema.org\",\"@graph\":[{\"@type\":\"WebPage\",\"@id\":\"https:\/\/www.campinglaguna.com\/ca\/consejos-y-normas-de-visita\/\",\"url\":\"https:\/\/www.campinglaguna.com\/ca\/consejos-y-normas-de-visita\/\",\"name\":\"Consells i normes de visita - Camping Laguna\",\"isPartOf\":{\"@id\":\"https:\/\/www.campinglaguna.com\/#website\"},\"primaryImageOfPage\":{\"@id\":\"https:\/\/www.campinglaguna.com\/ca\/consejos-y-normas-de-visita\/#primaryimage\"},\"image\":{\"@id\":\"https:\/\/www.campinglaguna.com\/ca\/consejos-y-normas-de-visita\/#primaryimage\"},\"thumbnailUrl\":\"https:\/\/www.campinglaguna.com\/wp-content\/uploads\/89599189-icono-de-informacion-aislado-en-la-ilustracion-abstracta-de-boton-redondo-verde-especial.jpg\",\"datePublished\":\"2024-09-30T11:42:27+00:00\",\"dateModified\":\"2024-10-17T11:40:10+00:00\",\"description\":\"Quan visitem el medi natural, totes les activitats que fem tenen un impacte ambiental. Per aix\u00f2 sempre hem d\u2019intentar que aquest impacte sigui el m\u00ednim\",\"breadcrumb\":{\"@id\":\"https:\/\/www.campinglaguna.com\/ca\/consejos-y-normas-de-visita\/#breadcrumb\"},\"inLanguage\":\"ca\",\"potentialAction\":[{\"@type\":\"ReadAction\",\"target\":[\"https:\/\/www.campinglaguna.com\/ca\/consejos-y-normas-de-visita\/\"]}]},{\"@type\":\"ImageObject\",\"inLanguage\":\"ca\",\"@id\":\"https:\/\/www.campinglaguna.com\/ca\/consejos-y-normas-de-visita\/#primaryimage\",\"url\":\"https:\/\/www.campinglaguna.com\/wp-content\/uploads\/89599189-icono-de-informacion-aislado-en-la-ilustracion-abstracta-de-boton-redondo-verde-especial.jpg\",\"contentUrl\":\"https:\/\/www.campinglaguna.com\/wp-content\/uploads\/89599189-icono-de-informacion-aislado-en-la-ilustracion-abstracta-de-boton-redondo-verde-especial.jpg\",\"width\":1300,\"height\":1300,\"caption\":\"Info icon isolated on special green round button abstract illustration\"},{\"@type\":\"BreadcrumbList\",\"@id\":\"https:\/\/www.campinglaguna.com\/ca\/consejos-y-normas-de-visita\/#breadcrumb\",\"itemListElement\":[{\"@type\":\"ListItem\",\"position\":1,\"name\":\"Camping Laguna\",\"item\":\"https:\/\/www.campinglaguna.com\/ca\/\"},{\"@type\":\"ListItem\",\"position\":2,\"name\":\"Consells i normes de visita\"}]},{\"@type\":\"WebSite\",\"@id\":\"https:\/\/www.campinglaguna.com\/#website\",\"url\":\"https:\/\/www.campinglaguna.com\/\",\"name\":\"Camping Laguna\",\"description\":\"Otro sitio realizado con WordPress\",\"publisher\":{\"@id\":\"https:\/\/www.campinglaguna.com\/#organization\"},\"potentialAction\":[{\"@type\":\"SearchAction\",\"target\":{\"@type\":\"EntryPoint\",\"urlTemplate\":\"https:\/\/www.campinglaguna.com\/?s={search_term_string}\"},\"query-input\":{\"@type\":\"PropertyValueSpecification\",\"valueRequired\":true,\"valueName\":\"search_term_string\"}}],\"inLanguage\":\"ca\"},{\"@type\":\"Organization\",\"@id\":\"https:\/\/www.campinglaguna.com\/#organization\",\"name\":\"Camping Laguna\",\"url\":\"https:\/\/www.campinglaguna.com\/\",\"logo\":{\"@type\":\"ImageObject\",\"inLanguage\":\"ca\",\"@id\":\"https:\/\/www.campinglaguna.com\/#\/schema\/logo\/image\/\",\"url\":\"https:\/\/www.campinglaguna.com\/wp-content\/uploads\/logo-laguna.png\",\"contentUrl\":\"https:\/\/www.campinglaguna.com\/wp-content\/uploads\/logo-laguna.png\",\"width\":263,\"height\":64,\"caption\":\"Camping Laguna\"},\"image\":{\"@id\":\"https:\/\/www.campinglaguna.com\/#\/schema\/logo\/image\/\"}}]}<\/script>\n<!-- \/ Yoast SEO plugin. -->","yoast_head_json":{"title":"Consells i normes de visita - Camping Laguna","description":"Quan visitem el medi natural, totes les activitats que fem tenen un impacte ambiental. Per aix\u00f2 sempre hem d\u2019intentar que aquest impacte sigui el m\u00ednim","robots":{"index":"index","follow":"follow","max-snippet":"max-snippet:-1","max-image-preview":"max-image-preview:large","max-video-preview":"max-video-preview:-1"},"canonical":"https:\/\/www.campinglaguna.com\/ca\/consejos-y-normas-de-visita\/","og_locale":"ca_ES","og_type":"article","og_title":"Consells i normes de visita - Camping Laguna","og_description":"Quan visitem el medi natural, totes les activitats que fem tenen un impacte ambiental. Per aix\u00f2 sempre hem d\u2019intentar que aquest impacte sigui el m\u00ednim","og_url":"https:\/\/www.campinglaguna.com\/ca\/consejos-y-normas-de-visita\/","og_site_name":"Camping Laguna","article_modified_time":"2024-10-17T11:40:10+00:00","og_image":[{"width":1300,"height":1300,"url":"https:\/\/www.campinglaguna.com\/wp-content\/uploads\/89599189-icono-de-informacion-aislado-en-la-ilustracion-abstracta-de-boton-redondo-verde-especial.jpg","type":"image\/jpeg"}],"twitter_card":"summary_large_image","twitter_misc":{"Temps estimat de lectura":"3 minuts"},"schema":{"@context":"https:\/\/schema.org","@graph":[{"@type":"WebPage","@id":"https:\/\/www.campinglaguna.com\/ca\/consejos-y-normas-de-visita\/","url":"https:\/\/www.campinglaguna.com\/ca\/consejos-y-normas-de-visita\/","name":"Consells i normes de visita - Camping Laguna","isPartOf":{"@id":"https:\/\/www.campinglaguna.com\/#website"},"primaryImageOfPage":{"@id":"https:\/\/www.campinglaguna.com\/ca\/consejos-y-normas-de-visita\/#primaryimage"},"image":{"@id":"https:\/\/www.campinglaguna.com\/ca\/consejos-y-normas-de-visita\/#primaryimage"},"thumbnailUrl":"https:\/\/www.campinglaguna.com\/wp-content\/uploads\/89599189-icono-de-informacion-aislado-en-la-ilustracion-abstracta-de-boton-redondo-verde-especial.jpg","datePublished":"2024-09-30T11:42:27+00:00","dateModified":"2024-10-17T11:40:10+00:00","description":"Quan visitem el medi natural, totes les activitats que fem tenen un impacte ambiental. Per aix\u00f2 sempre hem d\u2019intentar que aquest impacte sigui el m\u00ednim","breadcrumb":{"@id":"https:\/\/www.campinglaguna.com\/ca\/consejos-y-normas-de-visita\/#breadcrumb"},"inLanguage":"ca","potentialAction":[{"@type":"ReadAction","target":["https:\/\/www.campinglaguna.com\/ca\/consejos-y-normas-de-visita\/"]}]},{"@type":"ImageObject","inLanguage":"ca","@id":"https:\/\/www.campinglaguna.com\/ca\/consejos-y-normas-de-visita\/#primaryimage","url":"https:\/\/www.campinglaguna.com\/wp-content\/uploads\/89599189-icono-de-informacion-aislado-en-la-ilustracion-abstracta-de-boton-redondo-verde-especial.jpg","contentUrl":"https:\/\/www.campinglaguna.com\/wp-content\/uploads\/89599189-icono-de-informacion-aislado-en-la-ilustracion-abstracta-de-boton-redondo-verde-especial.jpg","width":1300,"height":1300,"caption":"Info icon isolated on special green round button abstract illustration"},{"@type":"BreadcrumbList","@id":"https:\/\/www.campinglaguna.com\/ca\/consejos-y-normas-de-visita\/#breadcrumb","itemListElement":[{"@type":"ListItem","position":1,"name":"Camping Laguna","item":"https:\/\/www.campinglaguna.com\/ca\/"},{"@type":"ListItem","position":2,"name":"Consells i normes de visita"}]},{"@type":"WebSite","@id":"https:\/\/www.campinglaguna.com\/#website","url":"https:\/\/www.campinglaguna.com\/","name":"Camping Laguna","description":"Otro sitio realizado con WordPress","publisher":{"@id":"https:\/\/www.campinglaguna.com\/#organization"},"potentialAction":[{"@type":"SearchAction","target":{"@type":"EntryPoint","urlTemplate":"https:\/\/www.campinglaguna.com\/?s={search_term_string}"},"query-input":{"@type":"PropertyValueSpecification","valueRequired":true,"valueName":"search_term_string"}}],"inLanguage":"ca"},{"@type":"Organization","@id":"https:\/\/www.campinglaguna.com\/#organization","name":"Camping Laguna","url":"https:\/\/www.campinglaguna.com\/","logo":{"@type":"ImageObject","inLanguage":"ca","@id":"https:\/\/www.campinglaguna.com\/#\/schema\/logo\/image\/","url":"https:\/\/www.campinglaguna.com\/wp-content\/uploads\/logo-laguna.png","contentUrl":"https:\/\/www.campinglaguna.com\/wp-content\/uploads\/logo-laguna.png","width":263,"height":64,"caption":"Camping Laguna"},"image":{"@id":"https:\/\/www.campinglaguna.com\/#\/schema\/logo\/image\/"}}]}},"_links":{"self":[{"href":"https:\/\/www.campinglaguna.com\/ca\/wp-json\/wp\/v2\/pages\/38451","targetHints":{"allow":["GET"]}}],"collection":[{"href":"https:\/\/www.campinglaguna.com\/ca\/wp-json\/wp\/v2\/pages"}],"about":[{"href":"https:\/\/www.campinglaguna.com\/ca\/wp-json\/wp\/v2\/types\/page"}],"author":[{"embeddable":true,"href":"https:\/\/www.campinglaguna.com\/ca\/wp-json\/wp\/v2\/users\/8"}],"replies":[{"embeddable":true,"href":"https:\/\/www.campinglaguna.com\/ca\/wp-json\/wp\/v2\/comments?post=38451"}],"version-history":[{"count":3,"href":"https:\/\/www.campinglaguna.com\/ca\/wp-json\/wp\/v2\/pages\/38451\/revisions"}],"predecessor-version":[{"id":38454,"href":"https:\/\/www.campinglaguna.com\/ca\/wp-json\/wp\/v2\/pages\/38451\/revisions\/38454"}],"up":[{"embeddable":true,"href":"https:\/\/www.campinglaguna.com\/ca\/wp-json\/wp\/v2\/pages\/38456"}],"wp:featuredmedia":[{"embeddable":true,"href":"https:\/\/www.campinglaguna.com\/ca\/wp-json\/wp\/v2\/media\/38173"}],"wp:attachment":[{"href":"https:\/\/www.campinglaguna.com\/ca\/wp-json\/wp\/v2\/media?parent=38451"}],"curies":[{"name":"wp","href":"https:\/\/api.w.org\/{rel}","templated":true}]}}