{"id":38995,"date":"2025-12-29T12:53:50","date_gmt":"2025-12-29T11:53:50","guid":{"rendered":"https:\/\/www.campinglaguna.com\/?page_id=38995"},"modified":"2025-12-31T13:55:01","modified_gmt":"2025-12-31T12:55:01","slug":"especies-vegetales","status":"publish","type":"page","link":"https:\/\/www.campinglaguna.com\/ca\/especies-vegetales\/","title":{"rendered":"Riquesa Bot\u00e0nica i Biodiversitat"},"content":{"rendered":"<p>Us convidem a descobrir la riquesa bot\u00e0nica del nostre c\u00e0mping. Gestionem la biodiversitat amb el m\u00e0xim rigor, prioritzant en les nostres zones enjardinades esp\u00e8cies aut\u00f2ctones mediterr\u00e0nies que garanteixen un <b data-path-to-node=\"2\" data-index-in-node=\"209\">baix consum h\u00eddric<\/b>. Us animem a observar tamb\u00e9 la flora singular \u2014i sovint escassa\u2014 que habita a les <b data-path-to-node=\"2\" data-index-in-node=\"310\">dunes de la platja<\/b> i a l\u2019entorn de la <b data-path-to-node=\"2\" data-index-in-node=\"348\">llacuna<\/b>. Aquest patrimoni verd\u00a0 enriqueix el paisatge i aconsegueix compensar prop de <b data-path-to-node=\"2\" data-index-in-node=\"467\">34 tones anuals de CO2.<\/b><\/p>\n<p>************************<\/p>\n<p><strong><span style=\"color: #008000;\">ZONES ENJARDINADES<\/span><\/strong><\/p>\n<p><span style=\"color: #008000;\"><strong>ARBRES:<\/strong><\/span>\u00a0 Hi tenim comptabilitzats uns 2.200 d&#8217;unes 15 esp\u00e8cies diferents. Els m\u00e9s habituals s\u00f3n:<\/p>\n<p><img loading=\"lazy\" decoding=\"async\" class=\"alignnone size-medium wp-image-39118\" src=\"https:\/\/www.campinglaguna.com\/wp-content\/uploads\/tamariu2-500x375.jpg\" alt=\"\" width=\"500\" height=\"375\" srcset=\"https:\/\/www.campinglaguna.com\/wp-content\/uploads\/tamariu2-500x375.jpg 500w, https:\/\/www.campinglaguna.com\/wp-content\/uploads\/tamariu2-1000x750.jpg 1000w, https:\/\/www.campinglaguna.com\/wp-content\/uploads\/tamariu2-150x112.jpg 150w, https:\/\/www.campinglaguna.com\/wp-content\/uploads\/tamariu2-768x576.jpg 768w, https:\/\/www.campinglaguna.com\/wp-content\/uploads\/tamariu2-1536x1152.jpg 1536w, https:\/\/www.campinglaguna.com\/wp-content\/uploads\/tamariu2-2048x1536.jpg 2048w, https:\/\/www.campinglaguna.com\/wp-content\/uploads\/tamariu2-1400x1050.jpg 1400w\" sizes=\"auto, (max-width: 500px) 100vw, 500px\" \/><\/p>\n<p><strong>TAMARIU\u00a0<\/strong> (<em>Tamarix gallica)<\/em>:\u00a0 L\u2019arbre m\u00e9s com\u00fa al c\u00e0mping (sobre 1.500 exemplars). Fixa les dunes, resisteix molt b\u00e9 la salinitat i necessita molt poca aigua.<\/p>\n<p><img loading=\"lazy\" decoding=\"async\" class=\"alignnone size-medium wp-image-39112\" src=\"https:\/\/www.campinglaguna.com\/wp-content\/uploads\/pi-2-500x375.jpg\" alt=\"\" width=\"500\" height=\"375\" srcset=\"https:\/\/www.campinglaguna.com\/wp-content\/uploads\/pi-2-500x375.jpg 500w, https:\/\/www.campinglaguna.com\/wp-content\/uploads\/pi-2-1000x750.jpg 1000w, https:\/\/www.campinglaguna.com\/wp-content\/uploads\/pi-2-150x112.jpg 150w, https:\/\/www.campinglaguna.com\/wp-content\/uploads\/pi-2-768x576.jpg 768w, https:\/\/www.campinglaguna.com\/wp-content\/uploads\/pi-2-1536x1152.jpg 1536w, https:\/\/www.campinglaguna.com\/wp-content\/uploads\/pi-2-2048x1536.jpg 2048w, https:\/\/www.campinglaguna.com\/wp-content\/uploads\/pi-2-1400x1050.jpg 1400w\" sizes=\"auto, (max-width: 500px) 100vw, 500px\" \/><\/p>\n<p><strong>PI<\/strong> (<em>Pinus pinea<\/em> i <em>Pinus halepensis)<\/em>:\u00a0 En tenim uns 230. S\u00f3n els arbres de m\u00e9s altura que trobem al c\u00e0mping (fins a 40 metres). Els fruits de <em>Pinus Pinea<\/em>, els pinyons<em>, <\/em>s\u00f3n molt valorats.<\/p>\n<p><img loading=\"lazy\" decoding=\"async\" class=\"alignnone size-medium wp-image-39168\" src=\"https:\/\/www.campinglaguna.com\/wp-content\/uploads\/xiprer2-500x375.jpg\" alt=\"\" width=\"500\" height=\"375\" srcset=\"https:\/\/www.campinglaguna.com\/wp-content\/uploads\/xiprer2-500x375.jpg 500w, https:\/\/www.campinglaguna.com\/wp-content\/uploads\/xiprer2-1000x750.jpg 1000w, https:\/\/www.campinglaguna.com\/wp-content\/uploads\/xiprer2-150x113.jpg 150w, https:\/\/www.campinglaguna.com\/wp-content\/uploads\/xiprer2-768x576.jpg 768w, https:\/\/www.campinglaguna.com\/wp-content\/uploads\/xiprer2-1536x1152.jpg 1536w, https:\/\/www.campinglaguna.com\/wp-content\/uploads\/xiprer2-2048x1536.jpg 2048w, https:\/\/www.campinglaguna.com\/wp-content\/uploads\/xiprer2-1400x1050.jpg 1400w\" sizes=\"auto, (max-width: 500px) 100vw, 500px\" \/><\/p>\n<p><strong>XIPRER<\/strong> (<em>Cupressus sempervirens<\/em>):\u00a0 S\u00edmbol d\u2019hospitalitat i de dol des de l\u2019Antiguitat. Com\u00fa al paisatge empordan\u00e8s on es planta en forma de paret per a protegir els cultius de la forta tramuntana.<\/p>\n<p><img loading=\"lazy\" decoding=\"async\" class=\"alignnone size-medium wp-image-39044\" src=\"https:\/\/www.campinglaguna.com\/wp-content\/uploads\/palmera-canaria-500x484.jpg\" alt=\"\" width=\"500\" height=\"484\" srcset=\"https:\/\/www.campinglaguna.com\/wp-content\/uploads\/palmera-canaria-500x484.jpg 500w, https:\/\/www.campinglaguna.com\/wp-content\/uploads\/palmera-canaria-150x145.jpg 150w, https:\/\/www.campinglaguna.com\/wp-content\/uploads\/palmera-canaria.jpg 738w\" sizes=\"auto, (max-width: 500px) 100vw, 500px\" \/><\/p>\n<p><strong>PALMERA CAN\u00c0RIA<\/strong> (<em>Phoenix canariensis<\/em>):\u00a0 Entre els diferents tipus de palmeres que es poden veure al c\u00e0mping, la can\u00e0ria \u00e9s la m\u00e9s gran. Actualment \u00e9s una esp\u00e8cie de dif\u00edcil manteniment degut a la proliferaci\u00f3 de plagues.<\/p>\n<p><img loading=\"lazy\" decoding=\"async\" class=\"alignnone size-medium wp-image-39088\" src=\"https:\/\/www.campinglaguna.com\/wp-content\/uploads\/freixe-scaled-e1767084251370-500x590.jpg\" alt=\"\" width=\"500\" height=\"590\" srcset=\"https:\/\/www.campinglaguna.com\/wp-content\/uploads\/freixe-scaled-e1767084251370-500x590.jpg 500w, https:\/\/www.campinglaguna.com\/wp-content\/uploads\/freixe-scaled-e1767084251370-1000x1180.jpg 1000w, https:\/\/www.campinglaguna.com\/wp-content\/uploads\/freixe-scaled-e1767084251370-150x177.jpg 150w, https:\/\/www.campinglaguna.com\/wp-content\/uploads\/freixe-scaled-e1767084251370-768x906.jpg 768w, https:\/\/www.campinglaguna.com\/wp-content\/uploads\/freixe-scaled-e1767084251370-1301x1536.jpg 1301w, https:\/\/www.campinglaguna.com\/wp-content\/uploads\/freixe-scaled-e1767084251370-1735x2048.jpg 1735w, https:\/\/www.campinglaguna.com\/wp-content\/uploads\/freixe-scaled-e1767084251370-1017x1200.jpg 1017w, https:\/\/www.campinglaguna.com\/wp-content\/uploads\/freixe-scaled-e1767084251370.jpg 1920w\" sizes=\"auto, (max-width: 500px) 100vw, 500px\" \/><\/p>\n<p><strong>FREIXE<\/strong> (<em>Fraxinus angustifolia<\/em>): \u00c9s un arbre propi de bona part dels aiguamolls, exceptuant la zona m\u00e9s propera al mar. Aix\u00f2 \u00e9s a causa de la seva bona adaptabilitat a tot tipus de terreny ja que pot viure en terrenys parcialment inundats per\u00f2 tamb\u00e9 en terrenys secs, amb abs\u00e8ncia d&#8217;aigua.<\/p>\n<p>************************<\/p>\n<p><span style=\"color: #008000;\"><strong>ARBUSTOS I PLANTES:<\/strong><\/span>\u00a0 S\u2019han comptabilitzat uns 3.700 exemplars. Utilitzem els arbustos m\u00e9s grans per a separar parcel\u00b7les i bungalows:<\/p>\n<p><img loading=\"lazy\" decoding=\"async\" class=\"alignnone size-medium wp-image-39125\" src=\"https:\/\/www.campinglaguna.com\/wp-content\/uploads\/baladre2-500x375.jpg\" alt=\"\" width=\"500\" height=\"375\" srcset=\"https:\/\/www.campinglaguna.com\/wp-content\/uploads\/baladre2-500x375.jpg 500w, https:\/\/www.campinglaguna.com\/wp-content\/uploads\/baladre2-1000x750.jpg 1000w, https:\/\/www.campinglaguna.com\/wp-content\/uploads\/baladre2-150x113.jpg 150w, https:\/\/www.campinglaguna.com\/wp-content\/uploads\/baladre2-768x576.jpg 768w, https:\/\/www.campinglaguna.com\/wp-content\/uploads\/baladre2-1536x1152.jpg 1536w, https:\/\/www.campinglaguna.com\/wp-content\/uploads\/baladre2-2048x1536.jpg 2048w, https:\/\/www.campinglaguna.com\/wp-content\/uploads\/baladre2-1400x1050.jpg 1400w\" sizes=\"auto, (max-width: 500px) 100vw, 500px\" \/><\/p>\n<p><strong>BALADRE<\/strong> (<em>Nerium oleander<\/em>):\u00a0 Utilitzada per a fer separacions entre les parcel\u00b7les. Pot\u00a0 aconseguir fins a 6 m. d\u2019altura i floreix des de la primavera fins la tardor.<\/p>\n<p><img loading=\"lazy\" decoding=\"async\" class=\"alignnone size-medium wp-image-39106\" src=\"https:\/\/www.campinglaguna.com\/wp-content\/uploads\/ligustrum-ovalifolium-2-500x375.jpg\" alt=\"\" width=\"500\" height=\"375\" srcset=\"https:\/\/www.campinglaguna.com\/wp-content\/uploads\/ligustrum-ovalifolium-2-500x375.jpg 500w, https:\/\/www.campinglaguna.com\/wp-content\/uploads\/ligustrum-ovalifolium-2-1000x750.jpg 1000w, https:\/\/www.campinglaguna.com\/wp-content\/uploads\/ligustrum-ovalifolium-2-150x113.jpg 150w, https:\/\/www.campinglaguna.com\/wp-content\/uploads\/ligustrum-ovalifolium-2-768x576.jpg 768w, https:\/\/www.campinglaguna.com\/wp-content\/uploads\/ligustrum-ovalifolium-2-1536x1152.jpg 1536w, https:\/\/www.campinglaguna.com\/wp-content\/uploads\/ligustrum-ovalifolium-2-2048x1536.jpg 2048w, https:\/\/www.campinglaguna.com\/wp-content\/uploads\/ligustrum-ovalifolium-2-1400x1050.jpg 1400w\" sizes=\"auto, (max-width: 500px) 100vw, 500px\" \/><\/p>\n<p><strong>TROANELLA<\/strong>\u00a0 (<em>Ligustrum ovalifolium<\/em>): Arbust molt resistent que podeu observar servint de separaci\u00f3 entre els bungalows.<\/p>\n<p>*********************<\/p>\n<p><strong><span style=\"color: #008000;\">ENTORNS NATURALS PRESERVATS<\/span><\/strong><\/p>\n<p><span style=\"color: #008000;\"><strong>LLACUNA:<\/strong><\/span>\u00a0 Les esp\u00e8cies vegetals que podem veure al voltant de la Llacuna s\u00f3n les mateixes que podem trobar als Aiguamolls de l\u2019Empord\u00e0.\u00a0 Vegetaci\u00f3 baixa i espessa, adaptada al contacte amb unes aig\u00fces de nivells i salinitats canviants.<\/p>\n<p><img loading=\"lazy\" decoding=\"async\" class=\"alignnone size-medium wp-image-39099\" src=\"https:\/\/www.campinglaguna.com\/wp-content\/uploads\/salicornia2-500x375.jpg\" alt=\"\" width=\"500\" height=\"375\" srcset=\"https:\/\/www.campinglaguna.com\/wp-content\/uploads\/salicornia2-500x375.jpg 500w, https:\/\/www.campinglaguna.com\/wp-content\/uploads\/salicornia2-1000x750.jpg 1000w, https:\/\/www.campinglaguna.com\/wp-content\/uploads\/salicornia2-150x112.jpg 150w, https:\/\/www.campinglaguna.com\/wp-content\/uploads\/salicornia2-768x576.jpg 768w, https:\/\/www.campinglaguna.com\/wp-content\/uploads\/salicornia2-1536x1152.jpg 1536w, https:\/\/www.campinglaguna.com\/wp-content\/uploads\/salicornia2-2048x1536.jpg 2048w, https:\/\/www.campinglaguna.com\/wp-content\/uploads\/salicornia2-1400x1050.jpg 1400w\" sizes=\"auto, (max-width: 500px) 100vw, 500px\" \/><\/p>\n<p><em>Salicornia<\/em><\/p>\n<p><img loading=\"lazy\" decoding=\"async\" class=\"alignnone size-medium wp-image-39132\" src=\"https:\/\/www.campinglaguna.com\/wp-content\/uploads\/halimione2-500x375.jpg\" alt=\"\" width=\"500\" height=\"375\" srcset=\"https:\/\/www.campinglaguna.com\/wp-content\/uploads\/halimione2-500x375.jpg 500w, https:\/\/www.campinglaguna.com\/wp-content\/uploads\/halimione2-1000x750.jpg 1000w, https:\/\/www.campinglaguna.com\/wp-content\/uploads\/halimione2-150x113.jpg 150w, https:\/\/www.campinglaguna.com\/wp-content\/uploads\/halimione2-768x576.jpg 768w, https:\/\/www.campinglaguna.com\/wp-content\/uploads\/halimione2-1536x1152.jpg 1536w, https:\/\/www.campinglaguna.com\/wp-content\/uploads\/halimione2-2048x1536.jpg 2048w, https:\/\/www.campinglaguna.com\/wp-content\/uploads\/halimione2-1400x1050.jpg 1400w\" sizes=\"auto, (max-width: 500px) 100vw, 500px\" \/><\/p>\n<p><em>Halimione (Atriplex) portulacoides<\/em><\/p>\n<p>*********************<\/p>\n<p><span style=\"color: #008000;\"><strong>PLATJA:<\/strong><\/span> Darrere la l\u00ednia de sorra de la platja, trobem formacions dunars amb vegetaci\u00f3 molt adaptada a ambients hal\u00f2fils (alta concentraci\u00f3 de sals), sequedat (d&#8217;ambient o de s\u00f2l) i forts vents.<\/p>\n<p><img loading=\"lazy\" decoding=\"async\" class=\"alignnone size-medium wp-image-39145\" src=\"https:\/\/www.campinglaguna.com\/wp-content\/uploads\/mathiola2-500x375.jpg\" alt=\"\" width=\"500\" height=\"375\" srcset=\"https:\/\/www.campinglaguna.com\/wp-content\/uploads\/mathiola2-500x375.jpg 500w, https:\/\/www.campinglaguna.com\/wp-content\/uploads\/mathiola2-1000x750.jpg 1000w, https:\/\/www.campinglaguna.com\/wp-content\/uploads\/mathiola2-150x113.jpg 150w, https:\/\/www.campinglaguna.com\/wp-content\/uploads\/mathiola2-768x576.jpg 768w, https:\/\/www.campinglaguna.com\/wp-content\/uploads\/mathiola2-1536x1152.jpg 1536w, https:\/\/www.campinglaguna.com\/wp-content\/uploads\/mathiola2-2048x1536.jpg 2048w, https:\/\/www.campinglaguna.com\/wp-content\/uploads\/mathiola2-1400x1050.jpg 1400w\" sizes=\"auto, (max-width: 500px) 100vw, 500px\" \/><\/p>\n<p><em>Matthiola sinuata<\/em><\/p>\n<p><img loading=\"lazy\" decoding=\"async\" class=\"alignnone size-medium wp-image-39139\" src=\"https:\/\/www.campinglaguna.com\/wp-content\/uploads\/ergymium2-500x375.jpg\" alt=\"\" width=\"500\" height=\"375\" srcset=\"https:\/\/www.campinglaguna.com\/wp-content\/uploads\/ergymium2-500x375.jpg 500w, https:\/\/www.campinglaguna.com\/wp-content\/uploads\/ergymium2-1000x750.jpg 1000w, https:\/\/www.campinglaguna.com\/wp-content\/uploads\/ergymium2-150x113.jpg 150w, https:\/\/www.campinglaguna.com\/wp-content\/uploads\/ergymium2-768x576.jpg 768w, https:\/\/www.campinglaguna.com\/wp-content\/uploads\/ergymium2-1536x1152.jpg 1536w, https:\/\/www.campinglaguna.com\/wp-content\/uploads\/ergymium2-2048x1536.jpg 2048w, https:\/\/www.campinglaguna.com\/wp-content\/uploads\/ergymium2-1400x1050.jpg 1400w\" sizes=\"auto, (max-width: 500px) 100vw, 500px\" \/><\/p>\n<p><em>Erygnium mar\u00edtinum<\/em><\/p>\n<p><img loading=\"lazy\" decoding=\"async\" class=\"alignnone size-medium wp-image-39151\" src=\"https:\/\/www.campinglaguna.com\/wp-content\/uploads\/medicago2-500x375.jpg\" alt=\"\" width=\"500\" height=\"375\" srcset=\"https:\/\/www.campinglaguna.com\/wp-content\/uploads\/medicago2-500x375.jpg 500w, https:\/\/www.campinglaguna.com\/wp-content\/uploads\/medicago2-1000x750.jpg 1000w, https:\/\/www.campinglaguna.com\/wp-content\/uploads\/medicago2-150x113.jpg 150w, https:\/\/www.campinglaguna.com\/wp-content\/uploads\/medicago2-768x576.jpg 768w, https:\/\/www.campinglaguna.com\/wp-content\/uploads\/medicago2-1536x1152.jpg 1536w, https:\/\/www.campinglaguna.com\/wp-content\/uploads\/medicago2-2048x1536.jpg 2048w, https:\/\/www.campinglaguna.com\/wp-content\/uploads\/medicago2-1400x1050.jpg 1400w\" sizes=\"auto, (max-width: 500px) 100vw, 500px\" \/><\/p>\n<p><em>Medicago marina<\/em><\/p>\n<p><img loading=\"lazy\" decoding=\"async\" class=\"alignnone size-full wp-image-38996\" src=\"https:\/\/www.campinglaguna.com\/wp-content\/uploads\/ammophila.jpg\" alt=\"\" width=\"353\" height=\"339\" srcset=\"https:\/\/www.campinglaguna.com\/wp-content\/uploads\/ammophila.jpg 353w, https:\/\/www.campinglaguna.com\/wp-content\/uploads\/ammophila-150x144.jpg 150w\" sizes=\"auto, (max-width: 353px) 100vw, 353px\" \/><\/p>\n<p><em>Ammophila arenaria<\/em><\/p>\n<p>*******************<\/p>\n<p><span style=\"color: #008000;\"><strong>ESP\u00c8CIES INVASORES:<\/strong><\/span>\u00a0 Es defineixen com aquelles esp\u00e8cies ex\u00f2tiques, pr\u00f2pies d\u2019altres h\u00e0bitats o regions, que s\u00f3n capaces d\u2019expandir-se en un nou territori en un temps relativament curt, amb efectes nocius,\u00a0 tant sobre la biodiversitat aut\u00f2ctona (despla\u00e7ament d\u2019esp\u00e8cies, alteraci\u00f3 d\u2019h\u00e0bitat, etc.) com sobre l\u2019agricultura. Podem observar algunes esp\u00e8cies catalogades com a invasores en l&#8217;entorn del c\u00e0mping.<\/p>\n<p><img loading=\"lazy\" decoding=\"async\" class=\"alignnone size-full wp-image-39002\" src=\"https:\/\/www.campinglaguna.com\/wp-content\/uploads\/atzavara.jpg\" alt=\"\" width=\"348\" height=\"261\" srcset=\"https:\/\/www.campinglaguna.com\/wp-content\/uploads\/atzavara.jpg 348w, https:\/\/www.campinglaguna.com\/wp-content\/uploads\/atzavara-150x113.jpg 150w\" sizes=\"auto, (max-width: 348px) 100vw, 348px\" \/><\/p>\n<p><strong>ATZAVARA<\/strong> (<em>Agave americana<\/em>):\u00a0 Com\u00fa a les nostres costes on consta com establerta des del segle XVI.\u00a0 Floreix \u00fanicament una vegada a la seva vida, fet que suposa la mort de la planta.<\/p>\n","protected":false},"excerpt":{"rendered":"<p>Us convidem a descobrir la riquesa bot\u00e0nica del nostre c\u00e0mping. Gestionem la biodiversitat amb el m\u00e0xim rigor, prioritzant en les nostres zones enjardinades esp\u00e8cies aut\u00f2ctones mediterr\u00e0nies que garanteixen un baix [&hellip;]<\/p>\n","protected":false},"author":8,"featured_media":0,"parent":0,"menu_order":2,"comment_status":"closed","ping_status":"closed","template":"","meta":{"_acf_changed":false,"footnotes":""},"class_list":["post-38995","page","type-page","status-publish","hentry"],"acf":[],"yoast_head":"<!-- This site is optimized with the Yoast SEO plugin v26.1.1 - https:\/\/yoast.com\/wordpress\/plugins\/seo\/ -->\n<title>Riquesa Bot\u00e0nica i Biodiversitat - Camping Laguna<\/title>\n<meta name=\"description\" content=\"Us convidem a descobrir la riquesa bot\u00e0nica del nostre c\u00e0mping. Gestionem la biodiversitat amb el m\u00e0xim rigor, prioritzant en les nostres zones\" \/>\n<meta name=\"robots\" content=\"index, follow, max-snippet:-1, max-image-preview:large, max-video-preview:-1\" \/>\n<link rel=\"canonical\" href=\"https:\/\/www.campinglaguna.com\/ca\/especies-vegetales\/\" \/>\n<meta property=\"og:locale\" content=\"ca_ES\" \/>\n<meta property=\"og:type\" content=\"article\" \/>\n<meta property=\"og:title\" content=\"Riquesa Bot\u00e0nica i Biodiversitat - Camping Laguna\" \/>\n<meta property=\"og:description\" content=\"Us convidem a descobrir la riquesa bot\u00e0nica del nostre c\u00e0mping. Gestionem la biodiversitat amb el m\u00e0xim rigor, prioritzant en les nostres zones\" \/>\n<meta property=\"og:url\" content=\"https:\/\/www.campinglaguna.com\/ca\/especies-vegetales\/\" \/>\n<meta property=\"og:site_name\" content=\"Camping Laguna\" \/>\n<meta property=\"article:modified_time\" content=\"2025-12-31T12:55:01+00:00\" \/>\n<meta property=\"og:image\" content=\"https:\/\/www.campinglaguna.com\/wp-content\/uploads\/tamariu2.jpg\" \/>\n\t<meta property=\"og:image:width\" content=\"2272\" \/>\n\t<meta property=\"og:image:height\" content=\"1704\" \/>\n\t<meta property=\"og:image:type\" content=\"image\/jpeg\" \/>\n<meta name=\"twitter:card\" content=\"summary_large_image\" \/>\n<meta name=\"twitter:label1\" content=\"Temps estimat de lectura\" \/>\n\t<meta name=\"twitter:data1\" content=\"6 minuts\" \/>\n<script type=\"application\/ld+json\" class=\"yoast-schema-graph\">{\"@context\":\"https:\/\/schema.org\",\"@graph\":[{\"@type\":\"WebPage\",\"@id\":\"https:\/\/www.campinglaguna.com\/ca\/especies-vegetales\/\",\"url\":\"https:\/\/www.campinglaguna.com\/ca\/especies-vegetales\/\",\"name\":\"Riquesa Bot\u00e0nica i Biodiversitat - Camping Laguna\",\"isPartOf\":{\"@id\":\"https:\/\/www.campinglaguna.com\/#website\"},\"primaryImageOfPage\":{\"@id\":\"https:\/\/www.campinglaguna.com\/ca\/especies-vegetales\/#primaryimage\"},\"image\":{\"@id\":\"https:\/\/www.campinglaguna.com\/ca\/especies-vegetales\/#primaryimage\"},\"thumbnailUrl\":\"https:\/\/www.campinglaguna.com\/wp-content\/uploads\/tamariu2-500x375.jpg\",\"datePublished\":\"2025-12-29T11:53:50+00:00\",\"dateModified\":\"2025-12-31T12:55:01+00:00\",\"description\":\"Us convidem a descobrir la riquesa bot\u00e0nica del nostre c\u00e0mping. Gestionem la biodiversitat amb el m\u00e0xim rigor, prioritzant en les nostres zones\",\"breadcrumb\":{\"@id\":\"https:\/\/www.campinglaguna.com\/ca\/especies-vegetales\/#breadcrumb\"},\"inLanguage\":\"ca\",\"potentialAction\":[{\"@type\":\"ReadAction\",\"target\":[\"https:\/\/www.campinglaguna.com\/ca\/especies-vegetales\/\"]}]},{\"@type\":\"ImageObject\",\"inLanguage\":\"ca\",\"@id\":\"https:\/\/www.campinglaguna.com\/ca\/especies-vegetales\/#primaryimage\",\"url\":\"https:\/\/www.campinglaguna.com\/wp-content\/uploads\/tamariu2-500x375.jpg\",\"contentUrl\":\"https:\/\/www.campinglaguna.com\/wp-content\/uploads\/tamariu2-500x375.jpg\"},{\"@type\":\"BreadcrumbList\",\"@id\":\"https:\/\/www.campinglaguna.com\/ca\/especies-vegetales\/#breadcrumb\",\"itemListElement\":[{\"@type\":\"ListItem\",\"position\":1,\"name\":\"Camping Laguna\",\"item\":\"https:\/\/www.campinglaguna.com\/ca\/\"},{\"@type\":\"ListItem\",\"position\":2,\"name\":\"Riquesa Bot\u00e0nica i Biodiversitat\"}]},{\"@type\":\"WebSite\",\"@id\":\"https:\/\/www.campinglaguna.com\/#website\",\"url\":\"https:\/\/www.campinglaguna.com\/\",\"name\":\"Camping Laguna\",\"description\":\"Otro sitio realizado con WordPress\",\"publisher\":{\"@id\":\"https:\/\/www.campinglaguna.com\/#organization\"},\"potentialAction\":[{\"@type\":\"SearchAction\",\"target\":{\"@type\":\"EntryPoint\",\"urlTemplate\":\"https:\/\/www.campinglaguna.com\/?s={search_term_string}\"},\"query-input\":{\"@type\":\"PropertyValueSpecification\",\"valueRequired\":true,\"valueName\":\"search_term_string\"}}],\"inLanguage\":\"ca\"},{\"@type\":\"Organization\",\"@id\":\"https:\/\/www.campinglaguna.com\/#organization\",\"name\":\"Camping Laguna\",\"url\":\"https:\/\/www.campinglaguna.com\/\",\"logo\":{\"@type\":\"ImageObject\",\"inLanguage\":\"ca\",\"@id\":\"https:\/\/www.campinglaguna.com\/#\/schema\/logo\/image\/\",\"url\":\"https:\/\/www.campinglaguna.com\/wp-content\/uploads\/logo-laguna.png\",\"contentUrl\":\"https:\/\/www.campinglaguna.com\/wp-content\/uploads\/logo-laguna.png\",\"width\":263,\"height\":64,\"caption\":\"Camping Laguna\"},\"image\":{\"@id\":\"https:\/\/www.campinglaguna.com\/#\/schema\/logo\/image\/\"}}]}<\/script>\n<!-- \/ Yoast SEO plugin. -->","yoast_head_json":{"title":"Riquesa Bot\u00e0nica i Biodiversitat - Camping Laguna","description":"Us convidem a descobrir la riquesa bot\u00e0nica del nostre c\u00e0mping. Gestionem la biodiversitat amb el m\u00e0xim rigor, prioritzant en les nostres zones","robots":{"index":"index","follow":"follow","max-snippet":"max-snippet:-1","max-image-preview":"max-image-preview:large","max-video-preview":"max-video-preview:-1"},"canonical":"https:\/\/www.campinglaguna.com\/ca\/especies-vegetales\/","og_locale":"ca_ES","og_type":"article","og_title":"Riquesa Bot\u00e0nica i Biodiversitat - Camping Laguna","og_description":"Us convidem a descobrir la riquesa bot\u00e0nica del nostre c\u00e0mping. Gestionem la biodiversitat amb el m\u00e0xim rigor, prioritzant en les nostres zones","og_url":"https:\/\/www.campinglaguna.com\/ca\/especies-vegetales\/","og_site_name":"Camping Laguna","article_modified_time":"2025-12-31T12:55:01+00:00","og_image":[{"width":2272,"height":1704,"url":"https:\/\/www.campinglaguna.com\/wp-content\/uploads\/tamariu2.jpg","type":"image\/jpeg"}],"twitter_card":"summary_large_image","twitter_misc":{"Temps estimat de lectura":"6 minuts"},"schema":{"@context":"https:\/\/schema.org","@graph":[{"@type":"WebPage","@id":"https:\/\/www.campinglaguna.com\/ca\/especies-vegetales\/","url":"https:\/\/www.campinglaguna.com\/ca\/especies-vegetales\/","name":"Riquesa Bot\u00e0nica i Biodiversitat - Camping Laguna","isPartOf":{"@id":"https:\/\/www.campinglaguna.com\/#website"},"primaryImageOfPage":{"@id":"https:\/\/www.campinglaguna.com\/ca\/especies-vegetales\/#primaryimage"},"image":{"@id":"https:\/\/www.campinglaguna.com\/ca\/especies-vegetales\/#primaryimage"},"thumbnailUrl":"https:\/\/www.campinglaguna.com\/wp-content\/uploads\/tamariu2-500x375.jpg","datePublished":"2025-12-29T11:53:50+00:00","dateModified":"2025-12-31T12:55:01+00:00","description":"Us convidem a descobrir la riquesa bot\u00e0nica del nostre c\u00e0mping. Gestionem la biodiversitat amb el m\u00e0xim rigor, prioritzant en les nostres zones","breadcrumb":{"@id":"https:\/\/www.campinglaguna.com\/ca\/especies-vegetales\/#breadcrumb"},"inLanguage":"ca","potentialAction":[{"@type":"ReadAction","target":["https:\/\/www.campinglaguna.com\/ca\/especies-vegetales\/"]}]},{"@type":"ImageObject","inLanguage":"ca","@id":"https:\/\/www.campinglaguna.com\/ca\/especies-vegetales\/#primaryimage","url":"https:\/\/www.campinglaguna.com\/wp-content\/uploads\/tamariu2-500x375.jpg","contentUrl":"https:\/\/www.campinglaguna.com\/wp-content\/uploads\/tamariu2-500x375.jpg"},{"@type":"BreadcrumbList","@id":"https:\/\/www.campinglaguna.com\/ca\/especies-vegetales\/#breadcrumb","itemListElement":[{"@type":"ListItem","position":1,"name":"Camping Laguna","item":"https:\/\/www.campinglaguna.com\/ca\/"},{"@type":"ListItem","position":2,"name":"Riquesa Bot\u00e0nica i Biodiversitat"}]},{"@type":"WebSite","@id":"https:\/\/www.campinglaguna.com\/#website","url":"https:\/\/www.campinglaguna.com\/","name":"Camping Laguna","description":"Otro sitio realizado con WordPress","publisher":{"@id":"https:\/\/www.campinglaguna.com\/#organization"},"potentialAction":[{"@type":"SearchAction","target":{"@type":"EntryPoint","urlTemplate":"https:\/\/www.campinglaguna.com\/?s={search_term_string}"},"query-input":{"@type":"PropertyValueSpecification","valueRequired":true,"valueName":"search_term_string"}}],"inLanguage":"ca"},{"@type":"Organization","@id":"https:\/\/www.campinglaguna.com\/#organization","name":"Camping Laguna","url":"https:\/\/www.campinglaguna.com\/","logo":{"@type":"ImageObject","inLanguage":"ca","@id":"https:\/\/www.campinglaguna.com\/#\/schema\/logo\/image\/","url":"https:\/\/www.campinglaguna.com\/wp-content\/uploads\/logo-laguna.png","contentUrl":"https:\/\/www.campinglaguna.com\/wp-content\/uploads\/logo-laguna.png","width":263,"height":64,"caption":"Camping Laguna"},"image":{"@id":"https:\/\/www.campinglaguna.com\/#\/schema\/logo\/image\/"}}]}},"_links":{"self":[{"href":"https:\/\/www.campinglaguna.com\/ca\/wp-json\/wp\/v2\/pages\/38995","targetHints":{"allow":["GET"]}}],"collection":[{"href":"https:\/\/www.campinglaguna.com\/ca\/wp-json\/wp\/v2\/pages"}],"about":[{"href":"https:\/\/www.campinglaguna.com\/ca\/wp-json\/wp\/v2\/types\/page"}],"author":[{"embeddable":true,"href":"https:\/\/www.campinglaguna.com\/ca\/wp-json\/wp\/v2\/users\/8"}],"replies":[{"embeddable":true,"href":"https:\/\/www.campinglaguna.com\/ca\/wp-json\/wp\/v2\/comments?post=38995"}],"version-history":[{"count":26,"href":"https:\/\/www.campinglaguna.com\/ca\/wp-json\/wp\/v2\/pages\/38995\/revisions"}],"predecessor-version":[{"id":39207,"href":"https:\/\/www.campinglaguna.com\/ca\/wp-json\/wp\/v2\/pages\/38995\/revisions\/39207"}],"wp:attachment":[{"href":"https:\/\/www.campinglaguna.com\/ca\/wp-json\/wp\/v2\/media?parent=38995"}],"curies":[{"name":"wp","href":"https:\/\/api.w.org\/{rel}","templated":true}]}}