{"id":23596,"date":"2017-03-07T16:45:24","date_gmt":"2017-03-07T15:45:24","guid":{"rendered":"https:\/\/www.campinglaguna.com\/kinderspielplatze\/"},"modified":"2017-04-03T12:55:40","modified_gmt":"2017-04-03T10:55:40","slug":"kinderspielplatze","status":"publish","type":"page","link":"https:\/\/www.campinglaguna.com\/de\/que-hacer\/aktivitaten\/sport\/kinderspielplatze\/","title":{"rendered":"Kinderspielpl\u00e4tze"},"content":{"rendered":"<p>Damit Ihre Kinder Spa\u00df haben und den Aufenthalt noch mehr genie\u00dfen, wurden auf dem gesamten Platz an mehreren Stellen Kinderspielpl\u00e4tze eingerichtet.<\/p>\n<p>Der gr\u00f6\u00dfte Spielplatz befindet sich bei der Restaurantterrasse. W\u00e4hrend die Kleinen spielen, k\u00f6nnen die Eltern dort eine Ruhepause genie\u00dfen. Die Kinder haben viel Spa\u00df, lernen neue Freunde kennen und m\u00f6chten &#8222;nur noch ein bisschen l\u00e4nger&#8220; bleiben.<\/p>\n","protected":false},"excerpt":{"rendered":"<p>Damit Ihre Kinder Spa\u00df haben und den Aufenthalt noch mehr genie\u00dfen, wurden auf dem gesamten Platz an mehreren Stellen Kinderspielpl\u00e4tze eingerichtet. Der gr\u00f6\u00dfte Spielplatz befindet sich bei der Restaurantterrasse. W\u00e4hrend [&hellip;]<\/p>\n","protected":false},"author":2,"featured_media":21347,"parent":24216,"menu_order":3,"comment_status":"closed","ping_status":"closed","template":"","meta":{"_acf_changed":false,"footnotes":""},"class_list":["post-23596","page","type-page","status-publish","has-post-thumbnail","hentry"],"acf":[],"yoast_head":"<!-- This site is optimized with the Yoast SEO plugin v26.1.1 - https:\/\/yoast.com\/wordpress\/plugins\/seo\/ -->\n<title>Kinderspielpl\u00e4tze - Camping Laguna<\/title>\n<meta name=\"description\" content=\"Damit Ihre Kinder Spa\u00df haben und den Aufenthalt noch mehr genie\u00dfen, wurden auf dem gesamten Platz an mehreren Stellen Kinderspielpl\u00e4tze eingerichtet. Der\" \/>\n<meta name=\"robots\" content=\"index, follow, max-snippet:-1, max-image-preview:large, max-video-preview:-1\" \/>\n<link rel=\"canonical\" href=\"https:\/\/www.campinglaguna.com\/que-hacer\/actividades\/deportes\/parques-infantiles\/\" \/>\n<meta property=\"og:locale\" content=\"de_DE\" \/>\n<meta property=\"og:type\" content=\"article\" \/>\n<meta property=\"og:title\" content=\"Kinderspielpl\u00e4tze - Camping Laguna\" \/>\n<meta property=\"og:description\" content=\"Damit Ihre Kinder Spa\u00df haben und den Aufenthalt noch mehr genie\u00dfen, wurden auf dem gesamten Platz an mehreren Stellen Kinderspielpl\u00e4tze eingerichtet. Der\" \/>\n<meta property=\"og:url\" content=\"https:\/\/www.campinglaguna.com\/que-hacer\/actividades\/deportes\/parques-infantiles\/\" \/>\n<meta property=\"og:site_name\" content=\"Camping Laguna\" \/>\n<meta property=\"article:modified_time\" content=\"2017-04-03T10:55:40+00:00\" \/>\n<meta property=\"og:image\" content=\"https:\/\/www.campinglaguna.com\/wp-content\/uploads\/principal26.jpg\" \/>\n\t<meta property=\"og:image:width\" content=\"1440\" \/>\n\t<meta property=\"og:image:height\" content=\"500\" \/>\n\t<meta property=\"og:image:type\" content=\"image\/jpeg\" \/>\n<meta name=\"twitter:card\" content=\"summary_large_image\" \/>\n<script type=\"application\/ld+json\" class=\"yoast-schema-graph\">{\"@context\":\"https:\/\/schema.org\",\"@graph\":[{\"@type\":\"WebPage\",\"@id\":\"https:\/\/www.campinglaguna.com\/que-hacer\/actividades\/deportes\/parques-infantiles\/\",\"url\":\"https:\/\/www.campinglaguna.com\/que-hacer\/actividades\/deportes\/parques-infantiles\/\",\"name\":\"Kinderspielpl\u00e4tze - Camping Laguna\",\"isPartOf\":{\"@id\":\"https:\/\/www.campinglaguna.com\/#website\"},\"primaryImageOfPage\":{\"@id\":\"https:\/\/www.campinglaguna.com\/que-hacer\/actividades\/deportes\/parques-infantiles\/#primaryimage\"},\"image\":{\"@id\":\"https:\/\/www.campinglaguna.com\/que-hacer\/actividades\/deportes\/parques-infantiles\/#primaryimage\"},\"thumbnailUrl\":\"https:\/\/www.campinglaguna.com\/wp-content\/uploads\/principal26.jpg\",\"datePublished\":\"2017-03-07T15:45:24+00:00\",\"dateModified\":\"2017-04-03T10:55:40+00:00\",\"description\":\"Damit Ihre Kinder Spa\u00df haben und den Aufenthalt noch mehr genie\u00dfen, wurden auf dem gesamten Platz an mehreren Stellen Kinderspielpl\u00e4tze eingerichtet. Der\",\"breadcrumb\":{\"@id\":\"https:\/\/www.campinglaguna.com\/que-hacer\/actividades\/deportes\/parques-infantiles\/#breadcrumb\"},\"inLanguage\":\"de\",\"potentialAction\":[{\"@type\":\"ReadAction\",\"target\":[\"https:\/\/www.campinglaguna.com\/que-hacer\/actividades\/deportes\/parques-infantiles\/\"]}]},{\"@type\":\"ImageObject\",\"inLanguage\":\"de\",\"@id\":\"https:\/\/www.campinglaguna.com\/que-hacer\/actividades\/deportes\/parques-infantiles\/#primaryimage\",\"url\":\"https:\/\/www.campinglaguna.com\/wp-content\/uploads\/principal26.jpg\",\"contentUrl\":\"https:\/\/www.campinglaguna.com\/wp-content\/uploads\/principal26.jpg\",\"width\":1440,\"height\":500},{\"@type\":\"BreadcrumbList\",\"@id\":\"https:\/\/www.campinglaguna.com\/que-hacer\/actividades\/deportes\/parques-infantiles\/#breadcrumb\",\"itemListElement\":[{\"@type\":\"ListItem\",\"position\":1,\"name\":\"Camping Laguna\",\"item\":\"https:\/\/www.campinglaguna.com\/de\/\"},{\"@type\":\"ListItem\",\"position\":2,\"name\":\"\u00bfQue hacer?\",\"item\":\"https:\/\/www.campinglaguna.com\/de\/que-hacer\/\"},{\"@type\":\"ListItem\",\"position\":3,\"name\":\"Aktivit\u00e4ten\",\"item\":\"https:\/\/www.campinglaguna.com\/de\/que-hacer\/aktivitaten\/\"},{\"@type\":\"ListItem\",\"position\":4,\"name\":\"Sport\",\"item\":\"https:\/\/www.campinglaguna.com\/de\/que-hacer\/aktivitaten\/sport\/\"},{\"@type\":\"ListItem\",\"position\":5,\"name\":\"Kinderspielpl\u00e4tze\"}]},{\"@type\":\"WebSite\",\"@id\":\"https:\/\/www.campinglaguna.com\/#website\",\"url\":\"https:\/\/www.campinglaguna.com\/\",\"name\":\"Camping Laguna\",\"description\":\"Otro sitio realizado con WordPress\",\"publisher\":{\"@id\":\"https:\/\/www.campinglaguna.com\/#organization\"},\"potentialAction\":[{\"@type\":\"SearchAction\",\"target\":{\"@type\":\"EntryPoint\",\"urlTemplate\":\"https:\/\/www.campinglaguna.com\/?s={search_term_string}\"},\"query-input\":{\"@type\":\"PropertyValueSpecification\",\"valueRequired\":true,\"valueName\":\"search_term_string\"}}],\"inLanguage\":\"de\"},{\"@type\":\"Organization\",\"@id\":\"https:\/\/www.campinglaguna.com\/#organization\",\"name\":\"Camping Laguna\",\"url\":\"https:\/\/www.campinglaguna.com\/\",\"logo\":{\"@type\":\"ImageObject\",\"inLanguage\":\"de\",\"@id\":\"https:\/\/www.campinglaguna.com\/#\/schema\/logo\/image\/\",\"url\":\"https:\/\/www.campinglaguna.com\/wp-content\/uploads\/logo-laguna.png\",\"contentUrl\":\"https:\/\/www.campinglaguna.com\/wp-content\/uploads\/logo-laguna.png\",\"width\":263,\"height\":64,\"caption\":\"Camping Laguna\"},\"image\":{\"@id\":\"https:\/\/www.campinglaguna.com\/#\/schema\/logo\/image\/\"}}]}<\/script>\n<!-- \/ Yoast SEO plugin. -->","yoast_head_json":{"title":"Kinderspielpl\u00e4tze - Camping Laguna","description":"Damit Ihre Kinder Spa\u00df haben und den Aufenthalt noch mehr genie\u00dfen, wurden auf dem gesamten Platz an mehreren Stellen Kinderspielpl\u00e4tze eingerichtet. Der","robots":{"index":"index","follow":"follow","max-snippet":"max-snippet:-1","max-image-preview":"max-image-preview:large","max-video-preview":"max-video-preview:-1"},"canonical":"https:\/\/www.campinglaguna.com\/que-hacer\/actividades\/deportes\/parques-infantiles\/","og_locale":"de_DE","og_type":"article","og_title":"Kinderspielpl\u00e4tze - Camping Laguna","og_description":"Damit Ihre Kinder Spa\u00df haben und den Aufenthalt noch mehr genie\u00dfen, wurden auf dem gesamten Platz an mehreren Stellen Kinderspielpl\u00e4tze eingerichtet. Der","og_url":"https:\/\/www.campinglaguna.com\/que-hacer\/actividades\/deportes\/parques-infantiles\/","og_site_name":"Camping Laguna","article_modified_time":"2017-04-03T10:55:40+00:00","og_image":[{"width":1440,"height":500,"url":"https:\/\/www.campinglaguna.com\/wp-content\/uploads\/principal26.jpg","type":"image\/jpeg"}],"twitter_card":"summary_large_image","schema":{"@context":"https:\/\/schema.org","@graph":[{"@type":"WebPage","@id":"https:\/\/www.campinglaguna.com\/que-hacer\/actividades\/deportes\/parques-infantiles\/","url":"https:\/\/www.campinglaguna.com\/que-hacer\/actividades\/deportes\/parques-infantiles\/","name":"Kinderspielpl\u00e4tze - Camping Laguna","isPartOf":{"@id":"https:\/\/www.campinglaguna.com\/#website"},"primaryImageOfPage":{"@id":"https:\/\/www.campinglaguna.com\/que-hacer\/actividades\/deportes\/parques-infantiles\/#primaryimage"},"image":{"@id":"https:\/\/www.campinglaguna.com\/que-hacer\/actividades\/deportes\/parques-infantiles\/#primaryimage"},"thumbnailUrl":"https:\/\/www.campinglaguna.com\/wp-content\/uploads\/principal26.jpg","datePublished":"2017-03-07T15:45:24+00:00","dateModified":"2017-04-03T10:55:40+00:00","description":"Damit Ihre Kinder Spa\u00df haben und den Aufenthalt noch mehr genie\u00dfen, wurden auf dem gesamten Platz an mehreren Stellen Kinderspielpl\u00e4tze eingerichtet. Der","breadcrumb":{"@id":"https:\/\/www.campinglaguna.com\/que-hacer\/actividades\/deportes\/parques-infantiles\/#breadcrumb"},"inLanguage":"de","potentialAction":[{"@type":"ReadAction","target":["https:\/\/www.campinglaguna.com\/que-hacer\/actividades\/deportes\/parques-infantiles\/"]}]},{"@type":"ImageObject","inLanguage":"de","@id":"https:\/\/www.campinglaguna.com\/que-hacer\/actividades\/deportes\/parques-infantiles\/#primaryimage","url":"https:\/\/www.campinglaguna.com\/wp-content\/uploads\/principal26.jpg","contentUrl":"https:\/\/www.campinglaguna.com\/wp-content\/uploads\/principal26.jpg","width":1440,"height":500},{"@type":"BreadcrumbList","@id":"https:\/\/www.campinglaguna.com\/que-hacer\/actividades\/deportes\/parques-infantiles\/#breadcrumb","itemListElement":[{"@type":"ListItem","position":1,"name":"Camping Laguna","item":"https:\/\/www.campinglaguna.com\/de\/"},{"@type":"ListItem","position":2,"name":"\u00bfQue hacer?","item":"https:\/\/www.campinglaguna.com\/de\/que-hacer\/"},{"@type":"ListItem","position":3,"name":"Aktivit\u00e4ten","item":"https:\/\/www.campinglaguna.com\/de\/que-hacer\/aktivitaten\/"},{"@type":"ListItem","position":4,"name":"Sport","item":"https:\/\/www.campinglaguna.com\/de\/que-hacer\/aktivitaten\/sport\/"},{"@type":"ListItem","position":5,"name":"Kinderspielpl\u00e4tze"}]},{"@type":"WebSite","@id":"https:\/\/www.campinglaguna.com\/#website","url":"https:\/\/www.campinglaguna.com\/","name":"Camping Laguna","description":"Otro sitio realizado con WordPress","publisher":{"@id":"https:\/\/www.campinglaguna.com\/#organization"},"potentialAction":[{"@type":"SearchAction","target":{"@type":"EntryPoint","urlTemplate":"https:\/\/www.campinglaguna.com\/?s={search_term_string}"},"query-input":{"@type":"PropertyValueSpecification","valueRequired":true,"valueName":"search_term_string"}}],"inLanguage":"de"},{"@type":"Organization","@id":"https:\/\/www.campinglaguna.com\/#organization","name":"Camping Laguna","url":"https:\/\/www.campinglaguna.com\/","logo":{"@type":"ImageObject","inLanguage":"de","@id":"https:\/\/www.campinglaguna.com\/#\/schema\/logo\/image\/","url":"https:\/\/www.campinglaguna.com\/wp-content\/uploads\/logo-laguna.png","contentUrl":"https:\/\/www.campinglaguna.com\/wp-content\/uploads\/logo-laguna.png","width":263,"height":64,"caption":"Camping Laguna"},"image":{"@id":"https:\/\/www.campinglaguna.com\/#\/schema\/logo\/image\/"}}]}},"_links":{"self":[{"href":"https:\/\/www.campinglaguna.com\/de\/wp-json\/wp\/v2\/pages\/23596","targetHints":{"allow":["GET"]}}],"collection":[{"href":"https:\/\/www.campinglaguna.com\/de\/wp-json\/wp\/v2\/pages"}],"about":[{"href":"https:\/\/www.campinglaguna.com\/de\/wp-json\/wp\/v2\/types\/page"}],"author":[{"embeddable":true,"href":"https:\/\/www.campinglaguna.com\/de\/wp-json\/wp\/v2\/users\/2"}],"replies":[{"embeddable":true,"href":"https:\/\/www.campinglaguna.com\/de\/wp-json\/wp\/v2\/comments?post=23596"}],"version-history":[{"count":1,"href":"https:\/\/www.campinglaguna.com\/de\/wp-json\/wp\/v2\/pages\/23596\/revisions"}],"predecessor-version":[{"id":25473,"href":"https:\/\/www.campinglaguna.com\/de\/wp-json\/wp\/v2\/pages\/23596\/revisions\/25473"}],"up":[{"embeddable":true,"href":"https:\/\/www.campinglaguna.com\/de\/wp-json\/wp\/v2\/pages\/24216"}],"wp:featuredmedia":[{"embeddable":true,"href":"https:\/\/www.campinglaguna.com\/de\/wp-json\/wp\/v2\/media\/21347"}],"wp:attachment":[{"href":"https:\/\/www.campinglaguna.com\/de\/wp-json\/wp\/v2\/media?parent=23596"}],"curies":[{"name":"wp","href":"https:\/\/api.w.org\/{rel}","templated":true}]}}