{"id":23597,"date":"2017-03-07T16:46:12","date_gmt":"2017-03-07T15:46:12","guid":{"rendered":"https:\/\/www.campinglaguna.com\/fallschirmspringen\/"},"modified":"2017-04-03T13:08:32","modified_gmt":"2017-04-03T11:08:32","slug":"fallschirmspringen","status":"publish","type":"page","link":"https:\/\/www.campinglaguna.com\/de\/que-hacer\/aktivitaten\/freizeit\/fallschirmspringen\/","title":{"rendered":"Fallschirmspringen"},"content":{"rendered":"<p>Wollten Sie schon immer mal wissen, was man bei einem Fallschirmsprung f\u00fchlt? Wenn Sie Ihre Ferien bei uns verbringen, gibt es keinen Grund, es nicht auszuprobieren.<\/p>\n<p>Im benachbarten Aerodrom Empuriabrava befindet sich das Fallschirmsprung-Center SkyDive, das als eins der wichtigsten der Welt gilt. Wenn es Ihr erster Sprung ist, wird ein von einem Lehrer begleiteter Sprung (Tandemsprung) ein einmaliges Erlebnis sein, das Sie niemals vergessen werden. Man kann verschiedene Kurse belegen oder auch die eigene Ausr\u00fcstung mitbringen und einen Platz f\u00fcr den n\u00e4chsten Flug buchen.<\/p>\n<p>Dazu geh\u00f6rt auch eine Pilotenschule f\u00fcr Klein- und Ultraleichtflugzeuge, mit denen man Besichtigungsfl\u00fcge in der Gegend machen kann. Sie werden ganz sicher die herrliche Aussicht auf die Bucht von Roses genie\u00dfen!<\/p>\n<p>Und wenn Sie nicht so wagemutig sind, k\u00f6nnen Sie \u00c4hnliches im Windtunnel Windoor ausprobieren.<\/p>\n<p>Dort k\u00f6nnen Sie das Gef\u00fchl der Fallschirmspringer empfinden, wenn Sie in 4.000 Meter H\u00f6he \u00fcber dem Meeresspiegel abspringen. Die Luftstr\u00f6mungen im Glasbeh\u00e4lter k\u00f6nnen bis zu 300 Stundenkilometer betragen, mit festgesetzten Geschwindigkeiten, um sich an alle Arten von Personen und Kinder ab f\u00fcnf Jahren anzupassen.<\/p>\n<p>&nbsp;<\/p>\n","protected":false},"excerpt":{"rendered":"<p>Wollten Sie schon immer mal wissen, was man bei einem Fallschirmsprung f\u00fchlt? Wenn Sie Ihre Ferien bei uns verbringen, gibt es keinen Grund, es nicht auszuprobieren. Im benachbarten Aerodrom Empuriabrava [&hellip;]<\/p>\n","protected":false},"author":2,"featured_media":21528,"parent":24311,"menu_order":2,"comment_status":"closed","ping_status":"closed","template":"","meta":{"_acf_changed":false,"footnotes":""},"class_list":["post-23597","page","type-page","status-publish","has-post-thumbnail","hentry"],"acf":[],"yoast_head":"<!-- This site is optimized with the Yoast SEO plugin v26.1.1 - https:\/\/yoast.com\/wordpress\/plugins\/seo\/ -->\n<title>Fallschirmspringen - Camping Laguna<\/title>\n<meta name=\"description\" content=\"Wollten Sie schon immer mal wissen, was man bei einem Fallschirmsprung f\u00fchlt? Wenn Sie Ihre Ferien bei uns verbringen, gibt es keinen Grund, es nicht\" \/>\n<meta name=\"robots\" content=\"index, follow, max-snippet:-1, max-image-preview:large, max-video-preview:-1\" \/>\n<link rel=\"canonical\" href=\"https:\/\/www.campinglaguna.com\/que-hacer\/actividades\/ocio\/correr\/\" \/>\n<meta property=\"og:locale\" content=\"de_DE\" \/>\n<meta property=\"og:type\" content=\"article\" \/>\n<meta property=\"og:title\" content=\"Fallschirmspringen - Camping Laguna\" \/>\n<meta property=\"og:description\" content=\"Wollten Sie schon immer mal wissen, was man bei einem Fallschirmsprung f\u00fchlt? Wenn Sie Ihre Ferien bei uns verbringen, gibt es keinen Grund, es nicht\" \/>\n<meta property=\"og:url\" content=\"https:\/\/www.campinglaguna.com\/que-hacer\/actividades\/ocio\/correr\/\" \/>\n<meta property=\"og:site_name\" content=\"Camping Laguna\" \/>\n<meta property=\"article:modified_time\" content=\"2017-04-03T11:08:32+00:00\" \/>\n<meta property=\"og:image\" content=\"https:\/\/www.campinglaguna.com\/wp-content\/uploads\/principal29.jpg\" \/>\n\t<meta property=\"og:image:width\" content=\"1440\" \/>\n\t<meta property=\"og:image:height\" content=\"500\" \/>\n\t<meta property=\"og:image:type\" content=\"image\/jpeg\" \/>\n<meta name=\"twitter:card\" content=\"summary_large_image\" \/>\n<meta name=\"twitter:label1\" content=\"Gesch\u00e4tzte Lesezeit\" \/>\n\t<meta name=\"twitter:data1\" content=\"1\u00a0Minute\" \/>\n<script type=\"application\/ld+json\" class=\"yoast-schema-graph\">{\"@context\":\"https:\/\/schema.org\",\"@graph\":[{\"@type\":\"WebPage\",\"@id\":\"https:\/\/www.campinglaguna.com\/que-hacer\/actividades\/ocio\/correr\/\",\"url\":\"https:\/\/www.campinglaguna.com\/que-hacer\/actividades\/ocio\/correr\/\",\"name\":\"Fallschirmspringen - Camping Laguna\",\"isPartOf\":{\"@id\":\"https:\/\/www.campinglaguna.com\/#website\"},\"primaryImageOfPage\":{\"@id\":\"https:\/\/www.campinglaguna.com\/que-hacer\/actividades\/ocio\/correr\/#primaryimage\"},\"image\":{\"@id\":\"https:\/\/www.campinglaguna.com\/que-hacer\/actividades\/ocio\/correr\/#primaryimage\"},\"thumbnailUrl\":\"https:\/\/www.campinglaguna.com\/wp-content\/uploads\/principal29.jpg\",\"datePublished\":\"2017-03-07T15:46:12+00:00\",\"dateModified\":\"2017-04-03T11:08:32+00:00\",\"description\":\"Wollten Sie schon immer mal wissen, was man bei einem Fallschirmsprung f\u00fchlt? Wenn Sie Ihre Ferien bei uns verbringen, gibt es keinen Grund, es nicht\",\"breadcrumb\":{\"@id\":\"https:\/\/www.campinglaguna.com\/que-hacer\/actividades\/ocio\/correr\/#breadcrumb\"},\"inLanguage\":\"de\",\"potentialAction\":[{\"@type\":\"ReadAction\",\"target\":[\"https:\/\/www.campinglaguna.com\/que-hacer\/actividades\/ocio\/correr\/\"]}]},{\"@type\":\"ImageObject\",\"inLanguage\":\"de\",\"@id\":\"https:\/\/www.campinglaguna.com\/que-hacer\/actividades\/ocio\/correr\/#primaryimage\",\"url\":\"https:\/\/www.campinglaguna.com\/wp-content\/uploads\/principal29.jpg\",\"contentUrl\":\"https:\/\/www.campinglaguna.com\/wp-content\/uploads\/principal29.jpg\",\"width\":1440,\"height\":500},{\"@type\":\"BreadcrumbList\",\"@id\":\"https:\/\/www.campinglaguna.com\/que-hacer\/actividades\/ocio\/correr\/#breadcrumb\",\"itemListElement\":[{\"@type\":\"ListItem\",\"position\":1,\"name\":\"Camping Laguna\",\"item\":\"https:\/\/www.campinglaguna.com\/de\/\"},{\"@type\":\"ListItem\",\"position\":2,\"name\":\"\u00bfQue hacer?\",\"item\":\"https:\/\/www.campinglaguna.com\/de\/que-hacer\/\"},{\"@type\":\"ListItem\",\"position\":3,\"name\":\"Aktivit\u00e4ten\",\"item\":\"https:\/\/www.campinglaguna.com\/de\/que-hacer\/aktivitaten\/\"},{\"@type\":\"ListItem\",\"position\":4,\"name\":\"Freizeit\",\"item\":\"https:\/\/www.campinglaguna.com\/que-hacer\/actividades\/ocio\/\"},{\"@type\":\"ListItem\",\"position\":5,\"name\":\"Fallschirmspringen\"}]},{\"@type\":\"WebSite\",\"@id\":\"https:\/\/www.campinglaguna.com\/#website\",\"url\":\"https:\/\/www.campinglaguna.com\/\",\"name\":\"Camping Laguna\",\"description\":\"Otro sitio realizado con WordPress\",\"publisher\":{\"@id\":\"https:\/\/www.campinglaguna.com\/#organization\"},\"potentialAction\":[{\"@type\":\"SearchAction\",\"target\":{\"@type\":\"EntryPoint\",\"urlTemplate\":\"https:\/\/www.campinglaguna.com\/?s={search_term_string}\"},\"query-input\":{\"@type\":\"PropertyValueSpecification\",\"valueRequired\":true,\"valueName\":\"search_term_string\"}}],\"inLanguage\":\"de\"},{\"@type\":\"Organization\",\"@id\":\"https:\/\/www.campinglaguna.com\/#organization\",\"name\":\"Camping Laguna\",\"url\":\"https:\/\/www.campinglaguna.com\/\",\"logo\":{\"@type\":\"ImageObject\",\"inLanguage\":\"de\",\"@id\":\"https:\/\/www.campinglaguna.com\/#\/schema\/logo\/image\/\",\"url\":\"https:\/\/www.campinglaguna.com\/wp-content\/uploads\/logo-laguna.png\",\"contentUrl\":\"https:\/\/www.campinglaguna.com\/wp-content\/uploads\/logo-laguna.png\",\"width\":263,\"height\":64,\"caption\":\"Camping Laguna\"},\"image\":{\"@id\":\"https:\/\/www.campinglaguna.com\/#\/schema\/logo\/image\/\"}}]}<\/script>\n<!-- \/ Yoast SEO plugin. -->","yoast_head_json":{"title":"Fallschirmspringen - Camping Laguna","description":"Wollten Sie schon immer mal wissen, was man bei einem Fallschirmsprung f\u00fchlt? Wenn Sie Ihre Ferien bei uns verbringen, gibt es keinen Grund, es nicht","robots":{"index":"index","follow":"follow","max-snippet":"max-snippet:-1","max-image-preview":"max-image-preview:large","max-video-preview":"max-video-preview:-1"},"canonical":"https:\/\/www.campinglaguna.com\/que-hacer\/actividades\/ocio\/correr\/","og_locale":"de_DE","og_type":"article","og_title":"Fallschirmspringen - Camping Laguna","og_description":"Wollten Sie schon immer mal wissen, was man bei einem Fallschirmsprung f\u00fchlt? Wenn Sie Ihre Ferien bei uns verbringen, gibt es keinen Grund, es nicht","og_url":"https:\/\/www.campinglaguna.com\/que-hacer\/actividades\/ocio\/correr\/","og_site_name":"Camping Laguna","article_modified_time":"2017-04-03T11:08:32+00:00","og_image":[{"width":1440,"height":500,"url":"https:\/\/www.campinglaguna.com\/wp-content\/uploads\/principal29.jpg","type":"image\/jpeg"}],"twitter_card":"summary_large_image","twitter_misc":{"Gesch\u00e4tzte Lesezeit":"1\u00a0Minute"},"schema":{"@context":"https:\/\/schema.org","@graph":[{"@type":"WebPage","@id":"https:\/\/www.campinglaguna.com\/que-hacer\/actividades\/ocio\/correr\/","url":"https:\/\/www.campinglaguna.com\/que-hacer\/actividades\/ocio\/correr\/","name":"Fallschirmspringen - Camping Laguna","isPartOf":{"@id":"https:\/\/www.campinglaguna.com\/#website"},"primaryImageOfPage":{"@id":"https:\/\/www.campinglaguna.com\/que-hacer\/actividades\/ocio\/correr\/#primaryimage"},"image":{"@id":"https:\/\/www.campinglaguna.com\/que-hacer\/actividades\/ocio\/correr\/#primaryimage"},"thumbnailUrl":"https:\/\/www.campinglaguna.com\/wp-content\/uploads\/principal29.jpg","datePublished":"2017-03-07T15:46:12+00:00","dateModified":"2017-04-03T11:08:32+00:00","description":"Wollten Sie schon immer mal wissen, was man bei einem Fallschirmsprung f\u00fchlt? Wenn Sie Ihre Ferien bei uns verbringen, gibt es keinen Grund, es nicht","breadcrumb":{"@id":"https:\/\/www.campinglaguna.com\/que-hacer\/actividades\/ocio\/correr\/#breadcrumb"},"inLanguage":"de","potentialAction":[{"@type":"ReadAction","target":["https:\/\/www.campinglaguna.com\/que-hacer\/actividades\/ocio\/correr\/"]}]},{"@type":"ImageObject","inLanguage":"de","@id":"https:\/\/www.campinglaguna.com\/que-hacer\/actividades\/ocio\/correr\/#primaryimage","url":"https:\/\/www.campinglaguna.com\/wp-content\/uploads\/principal29.jpg","contentUrl":"https:\/\/www.campinglaguna.com\/wp-content\/uploads\/principal29.jpg","width":1440,"height":500},{"@type":"BreadcrumbList","@id":"https:\/\/www.campinglaguna.com\/que-hacer\/actividades\/ocio\/correr\/#breadcrumb","itemListElement":[{"@type":"ListItem","position":1,"name":"Camping Laguna","item":"https:\/\/www.campinglaguna.com\/de\/"},{"@type":"ListItem","position":2,"name":"\u00bfQue hacer?","item":"https:\/\/www.campinglaguna.com\/de\/que-hacer\/"},{"@type":"ListItem","position":3,"name":"Aktivit\u00e4ten","item":"https:\/\/www.campinglaguna.com\/de\/que-hacer\/aktivitaten\/"},{"@type":"ListItem","position":4,"name":"Freizeit","item":"https:\/\/www.campinglaguna.com\/que-hacer\/actividades\/ocio\/"},{"@type":"ListItem","position":5,"name":"Fallschirmspringen"}]},{"@type":"WebSite","@id":"https:\/\/www.campinglaguna.com\/#website","url":"https:\/\/www.campinglaguna.com\/","name":"Camping Laguna","description":"Otro sitio realizado con WordPress","publisher":{"@id":"https:\/\/www.campinglaguna.com\/#organization"},"potentialAction":[{"@type":"SearchAction","target":{"@type":"EntryPoint","urlTemplate":"https:\/\/www.campinglaguna.com\/?s={search_term_string}"},"query-input":{"@type":"PropertyValueSpecification","valueRequired":true,"valueName":"search_term_string"}}],"inLanguage":"de"},{"@type":"Organization","@id":"https:\/\/www.campinglaguna.com\/#organization","name":"Camping Laguna","url":"https:\/\/www.campinglaguna.com\/","logo":{"@type":"ImageObject","inLanguage":"de","@id":"https:\/\/www.campinglaguna.com\/#\/schema\/logo\/image\/","url":"https:\/\/www.campinglaguna.com\/wp-content\/uploads\/logo-laguna.png","contentUrl":"https:\/\/www.campinglaguna.com\/wp-content\/uploads\/logo-laguna.png","width":263,"height":64,"caption":"Camping Laguna"},"image":{"@id":"https:\/\/www.campinglaguna.com\/#\/schema\/logo\/image\/"}}]}},"_links":{"self":[{"href":"https:\/\/www.campinglaguna.com\/de\/wp-json\/wp\/v2\/pages\/23597","targetHints":{"allow":["GET"]}}],"collection":[{"href":"https:\/\/www.campinglaguna.com\/de\/wp-json\/wp\/v2\/pages"}],"about":[{"href":"https:\/\/www.campinglaguna.com\/de\/wp-json\/wp\/v2\/types\/page"}],"author":[{"embeddable":true,"href":"https:\/\/www.campinglaguna.com\/de\/wp-json\/wp\/v2\/users\/2"}],"replies":[{"embeddable":true,"href":"https:\/\/www.campinglaguna.com\/de\/wp-json\/wp\/v2\/comments?post=23597"}],"version-history":[{"count":1,"href":"https:\/\/www.campinglaguna.com\/de\/wp-json\/wp\/v2\/pages\/23597\/revisions"}],"predecessor-version":[{"id":24338,"href":"https:\/\/www.campinglaguna.com\/de\/wp-json\/wp\/v2\/pages\/23597\/revisions\/24338"}],"up":[{"embeddable":true,"href":"https:\/\/www.campinglaguna.com\/de\/wp-json\/wp\/v2\/pages\/24311"}],"wp:featuredmedia":[{"embeddable":true,"href":"https:\/\/www.campinglaguna.com\/de\/wp-json\/wp\/v2\/media\/21528"}],"wp:attachment":[{"href":"https:\/\/www.campinglaguna.com\/de\/wp-json\/wp\/v2\/media?parent=23597"}],"curies":[{"name":"wp","href":"https:\/\/api.w.org\/{rel}","templated":true}]}}