{"id":24173,"date":"2017-03-14T11:21:45","date_gmt":"2017-03-14T10:21:45","guid":{"rendered":"https:\/\/www.campinglaguna.com\/que-hacer\/pools\/"},"modified":"2017-04-03T12:41:00","modified_gmt":"2017-04-03T10:41:00","slug":"pools","status":"publish","type":"page","link":"https:\/\/www.campinglaguna.com\/de\/que-hacer\/pools\/","title":{"rendered":"Pools"},"content":{"rendered":"<div class=\"columna-wrapper seccion-destacamos\">\n<div class=\"columna col1-2\">\n<h2>Das Beste<\/h2>\n<ul>\n<li>Ein 250 qm gro\u00dfer Pool<\/li>\n<li>Ein 170 qm gro\u00dfer beheizter Pool im Freien<\/li>\n<li>Ein Becken f\u00fcr Kinder mit einer Tiefe von 45 cm<\/li>\n<li>Der Imbissstand &#8222;Laguna Pool&#8220;<\/li>\n<\/ul>\n<\/div>\n<div class=\"columna col1-2 \">\n<h2>Besonders<\/h2>\n<ul>\n<li>1500 qm gro\u00dfe Sonnenterrasse<\/li>\n<li>Rutschfester Bodenbelag im gesamten Bereich<\/li>\n<li>Mit Sonnenenergie beheizter Pool<\/li>\n<\/ul>\n<\/div>\n<\/div>\n<hr \/>\n<h2 class=\"titulo-video\">Gallery<\/h2>\n<div class=\"columna col3-3\">\n<div class=\"owl-container\"><div class=\"galeria clearfix galeria-default col-4\"><div class=\"item\"><a href=\"https:\/\/www.campinglaguna.com\/wp-content\/uploads\/PISCINA-35-1440x960.jpg\" id=\"thumb-31750\" title=\"\"><div style=\"background-image:url(https:\/\/www.campinglaguna.com\/wp-content\/uploads\/PISCINA-35-365x230.jpg)\" id=\"img-31750\" class=\"image-background\"><\/div><\/a><\/div><div class=\"item\"><a href=\"https:\/\/www.campinglaguna.com\/wp-content\/uploads\/PISCINA-26-1440x982.jpg\" id=\"thumb-31745\" title=\"\"><div style=\"background-image:url(https:\/\/www.campinglaguna.com\/wp-content\/uploads\/PISCINA-26-365x230.jpg)\" id=\"img-31745\" class=\"image-background\"><\/div><\/a><\/div><div class=\"item\"><a href=\"https:\/\/www.campinglaguna.com\/wp-content\/uploads\/PISCINA-22-1440x960.jpg\" id=\"thumb-31735\" title=\"\"><div style=\"background-image:url(https:\/\/www.campinglaguna.com\/wp-content\/uploads\/PISCINA-22-365x230.jpg)\" id=\"img-31735\" class=\"image-background\"><\/div><\/a><\/div><div class=\"item\"><a href=\"https:\/\/www.campinglaguna.com\/wp-content\/uploads\/PISCINA-33-1440x960.jpg\" id=\"thumb-31725\" title=\"\"><div style=\"background-image:url(https:\/\/www.campinglaguna.com\/wp-content\/uploads\/PISCINA-33-365x230.jpg)\" id=\"img-31725\" class=\"image-background\"><\/div><\/a><\/div><div class=\"item\"><a href=\"https:\/\/www.campinglaguna.com\/wp-content\/uploads\/PISCINA-08-1440x721.jpg\" id=\"thumb-31710\" title=\"\"><div style=\"background-image:url(https:\/\/www.campinglaguna.com\/wp-content\/uploads\/PISCINA-08-365x230.jpg)\" id=\"img-31710\" class=\"image-background\"><\/div><\/a><\/div><div class=\"item\"><a href=\"https:\/\/www.campinglaguna.com\/wp-content\/uploads\/PISCINA-47-1440x900.jpg\" id=\"thumb-31695\" title=\"\"><div style=\"background-image:url(https:\/\/www.campinglaguna.com\/wp-content\/uploads\/PISCINA-47-365x230.jpg)\" id=\"img-31695\" class=\"image-background\"><\/div><\/a><\/div><div class=\"item\"><a href=\"https:\/\/www.campinglaguna.com\/wp-content\/uploads\/PISCINA-03-1440x648.jpg\" id=\"thumb-31665\" title=\"\"><div style=\"background-image:url(https:\/\/www.campinglaguna.com\/wp-content\/uploads\/PISCINA-03-365x230.jpg)\" id=\"img-31665\" class=\"image-background\"><\/div><\/a><\/div><div class=\"item\"><a href=\"https:\/\/www.campinglaguna.com\/wp-content\/uploads\/PISCINA-42-1440x888.jpg\" id=\"thumb-31680\" title=\"\"><div style=\"background-image:url(https:\/\/www.campinglaguna.com\/wp-content\/uploads\/PISCINA-42-365x230.jpg)\" id=\"img-31680\" class=\"image-background\"><\/div><\/a><\/div><\/div><div class=\"galeria-loader\"><\/div><\/div>\n<\/div>\n<p>&nbsp;<\/p>\n<hr \/>\n<h2>Video<\/h2>\n<p><iframe loading=\"lazy\" frameborder=\"0\" height=\"360\" src=\"https:\/\/www.youtube.com\/embed\/k6ua6L1neZc?rel=0&amp;showinfo=0\" width=\"100%\"><\/iframe><\/p>\n","protected":false},"excerpt":{"rendered":"<p>Das Beste Ein 250 qm gro\u00dfer Pool Ein 170 qm gro\u00dfer beheizter Pool im Freien Ein Becken f\u00fcr Kinder mit einer Tiefe von 45 cm Der Imbissstand &#8222;Laguna Pool&#8220; Besonders [&hellip;]<\/p>\n","protected":false},"author":1,"featured_media":20881,"parent":24171,"menu_order":0,"comment_status":"closed","ping_status":"closed","template":"","meta":{"_acf_changed":false,"footnotes":""},"class_list":["post-24173","page","type-page","status-publish","has-post-thumbnail","hentry"],"acf":[],"yoast_head":"<!-- This site is optimized with the Yoast SEO plugin v26.1.1 - https:\/\/yoast.com\/wordpress\/plugins\/seo\/ -->\n<title>Pools - Camping Laguna<\/title>\n<meta name=\"description\" content=\"Das Beste Ein 250 qm gro\u00dfer Pool Ein 170 qm gro\u00dfer beheizter Pool im Freien Ein Becken f\u00fcr Kinder mit einer Tiefe von 45 cm Der Imbissstand &quot;Laguna Pool&quot;\" \/>\n<meta name=\"robots\" content=\"index, follow, max-snippet:-1, max-image-preview:large, max-video-preview:-1\" \/>\n<link rel=\"canonical\" href=\"https:\/\/www.campinglaguna.com\/de\/que-hacer\/pools\/\" \/>\n<meta property=\"og:locale\" content=\"de_DE\" \/>\n<meta property=\"og:type\" content=\"article\" \/>\n<meta property=\"og:title\" content=\"Pools - Camping Laguna\" \/>\n<meta property=\"og:description\" content=\"Das Beste Ein 250 qm gro\u00dfer Pool Ein 170 qm gro\u00dfer beheizter Pool im Freien Ein Becken f\u00fcr Kinder mit einer Tiefe von 45 cm Der Imbissstand &quot;Laguna Pool&quot;\" \/>\n<meta property=\"og:url\" content=\"https:\/\/www.campinglaguna.com\/de\/que-hacer\/pools\/\" \/>\n<meta property=\"og:site_name\" content=\"Camping Laguna\" \/>\n<meta property=\"article:modified_time\" content=\"2017-04-03T10:41:00+00:00\" \/>\n<meta property=\"og:image\" content=\"https:\/\/www.campinglaguna.com\/wp-content\/uploads\/piscina-grande.jpg\" \/>\n\t<meta property=\"og:image:width\" content=\"1440\" \/>\n\t<meta property=\"og:image:height\" content=\"500\" \/>\n\t<meta property=\"og:image:type\" content=\"image\/jpeg\" \/>\n<meta name=\"twitter:card\" content=\"summary_large_image\" \/>\n<script type=\"application\/ld+json\" class=\"yoast-schema-graph\">{\"@context\":\"https:\/\/schema.org\",\"@graph\":[{\"@type\":\"WebPage\",\"@id\":\"https:\/\/www.campinglaguna.com\/de\/que-hacer\/pools\/\",\"url\":\"https:\/\/www.campinglaguna.com\/de\/que-hacer\/pools\/\",\"name\":\"Pools - Camping Laguna\",\"isPartOf\":{\"@id\":\"https:\/\/www.campinglaguna.com\/#website\"},\"primaryImageOfPage\":{\"@id\":\"https:\/\/www.campinglaguna.com\/de\/que-hacer\/pools\/#primaryimage\"},\"image\":{\"@id\":\"https:\/\/www.campinglaguna.com\/de\/que-hacer\/pools\/#primaryimage\"},\"thumbnailUrl\":\"https:\/\/www.campinglaguna.com\/wp-content\/uploads\/piscina-grande.jpg\",\"datePublished\":\"2017-03-14T10:21:45+00:00\",\"dateModified\":\"2017-04-03T10:41:00+00:00\",\"description\":\"Das Beste Ein 250 qm gro\u00dfer Pool Ein 170 qm gro\u00dfer beheizter Pool im Freien Ein Becken f\u00fcr Kinder mit einer Tiefe von 45 cm Der Imbissstand \\\"Laguna Pool\\\"\",\"breadcrumb\":{\"@id\":\"https:\/\/www.campinglaguna.com\/de\/que-hacer\/pools\/#breadcrumb\"},\"inLanguage\":\"de\",\"potentialAction\":[{\"@type\":\"ReadAction\",\"target\":[\"https:\/\/www.campinglaguna.com\/de\/que-hacer\/pools\/\"]}]},{\"@type\":\"ImageObject\",\"inLanguage\":\"de\",\"@id\":\"https:\/\/www.campinglaguna.com\/de\/que-hacer\/pools\/#primaryimage\",\"url\":\"https:\/\/www.campinglaguna.com\/wp-content\/uploads\/piscina-grande.jpg\",\"contentUrl\":\"https:\/\/www.campinglaguna.com\/wp-content\/uploads\/piscina-grande.jpg\",\"width\":1440,\"height\":500},{\"@type\":\"BreadcrumbList\",\"@id\":\"https:\/\/www.campinglaguna.com\/de\/que-hacer\/pools\/#breadcrumb\",\"itemListElement\":[{\"@type\":\"ListItem\",\"position\":1,\"name\":\"Camping Laguna\",\"item\":\"https:\/\/www.campinglaguna.com\/de\/\"},{\"@type\":\"ListItem\",\"position\":2,\"name\":\"\u00bfQue hacer?\",\"item\":\"https:\/\/www.campinglaguna.com\/de\/que-hacer\/\"},{\"@type\":\"ListItem\",\"position\":3,\"name\":\"Pools\"}]},{\"@type\":\"WebSite\",\"@id\":\"https:\/\/www.campinglaguna.com\/#website\",\"url\":\"https:\/\/www.campinglaguna.com\/\",\"name\":\"Camping Laguna\",\"description\":\"Otro sitio realizado con WordPress\",\"publisher\":{\"@id\":\"https:\/\/www.campinglaguna.com\/#organization\"},\"potentialAction\":[{\"@type\":\"SearchAction\",\"target\":{\"@type\":\"EntryPoint\",\"urlTemplate\":\"https:\/\/www.campinglaguna.com\/?s={search_term_string}\"},\"query-input\":{\"@type\":\"PropertyValueSpecification\",\"valueRequired\":true,\"valueName\":\"search_term_string\"}}],\"inLanguage\":\"de\"},{\"@type\":\"Organization\",\"@id\":\"https:\/\/www.campinglaguna.com\/#organization\",\"name\":\"Camping Laguna\",\"url\":\"https:\/\/www.campinglaguna.com\/\",\"logo\":{\"@type\":\"ImageObject\",\"inLanguage\":\"de\",\"@id\":\"https:\/\/www.campinglaguna.com\/#\/schema\/logo\/image\/\",\"url\":\"https:\/\/www.campinglaguna.com\/wp-content\/uploads\/logo-laguna.png\",\"contentUrl\":\"https:\/\/www.campinglaguna.com\/wp-content\/uploads\/logo-laguna.png\",\"width\":263,\"height\":64,\"caption\":\"Camping Laguna\"},\"image\":{\"@id\":\"https:\/\/www.campinglaguna.com\/#\/schema\/logo\/image\/\"}}]}<\/script>\n<!-- \/ Yoast SEO plugin. -->","yoast_head_json":{"title":"Pools - Camping Laguna","description":"Das Beste Ein 250 qm gro\u00dfer Pool Ein 170 qm gro\u00dfer beheizter Pool im Freien Ein Becken f\u00fcr Kinder mit einer Tiefe von 45 cm Der Imbissstand \"Laguna Pool\"","robots":{"index":"index","follow":"follow","max-snippet":"max-snippet:-1","max-image-preview":"max-image-preview:large","max-video-preview":"max-video-preview:-1"},"canonical":"https:\/\/www.campinglaguna.com\/de\/que-hacer\/pools\/","og_locale":"de_DE","og_type":"article","og_title":"Pools - Camping Laguna","og_description":"Das Beste Ein 250 qm gro\u00dfer Pool Ein 170 qm gro\u00dfer beheizter Pool im Freien Ein Becken f\u00fcr Kinder mit einer Tiefe von 45 cm Der Imbissstand \"Laguna Pool\"","og_url":"https:\/\/www.campinglaguna.com\/de\/que-hacer\/pools\/","og_site_name":"Camping Laguna","article_modified_time":"2017-04-03T10:41:00+00:00","og_image":[{"width":1440,"height":500,"url":"https:\/\/www.campinglaguna.com\/wp-content\/uploads\/piscina-grande.jpg","type":"image\/jpeg"}],"twitter_card":"summary_large_image","schema":{"@context":"https:\/\/schema.org","@graph":[{"@type":"WebPage","@id":"https:\/\/www.campinglaguna.com\/de\/que-hacer\/pools\/","url":"https:\/\/www.campinglaguna.com\/de\/que-hacer\/pools\/","name":"Pools - Camping Laguna","isPartOf":{"@id":"https:\/\/www.campinglaguna.com\/#website"},"primaryImageOfPage":{"@id":"https:\/\/www.campinglaguna.com\/de\/que-hacer\/pools\/#primaryimage"},"image":{"@id":"https:\/\/www.campinglaguna.com\/de\/que-hacer\/pools\/#primaryimage"},"thumbnailUrl":"https:\/\/www.campinglaguna.com\/wp-content\/uploads\/piscina-grande.jpg","datePublished":"2017-03-14T10:21:45+00:00","dateModified":"2017-04-03T10:41:00+00:00","description":"Das Beste Ein 250 qm gro\u00dfer Pool Ein 170 qm gro\u00dfer beheizter Pool im Freien Ein Becken f\u00fcr Kinder mit einer Tiefe von 45 cm Der Imbissstand \"Laguna Pool\"","breadcrumb":{"@id":"https:\/\/www.campinglaguna.com\/de\/que-hacer\/pools\/#breadcrumb"},"inLanguage":"de","potentialAction":[{"@type":"ReadAction","target":["https:\/\/www.campinglaguna.com\/de\/que-hacer\/pools\/"]}]},{"@type":"ImageObject","inLanguage":"de","@id":"https:\/\/www.campinglaguna.com\/de\/que-hacer\/pools\/#primaryimage","url":"https:\/\/www.campinglaguna.com\/wp-content\/uploads\/piscina-grande.jpg","contentUrl":"https:\/\/www.campinglaguna.com\/wp-content\/uploads\/piscina-grande.jpg","width":1440,"height":500},{"@type":"BreadcrumbList","@id":"https:\/\/www.campinglaguna.com\/de\/que-hacer\/pools\/#breadcrumb","itemListElement":[{"@type":"ListItem","position":1,"name":"Camping Laguna","item":"https:\/\/www.campinglaguna.com\/de\/"},{"@type":"ListItem","position":2,"name":"\u00bfQue hacer?","item":"https:\/\/www.campinglaguna.com\/de\/que-hacer\/"},{"@type":"ListItem","position":3,"name":"Pools"}]},{"@type":"WebSite","@id":"https:\/\/www.campinglaguna.com\/#website","url":"https:\/\/www.campinglaguna.com\/","name":"Camping Laguna","description":"Otro sitio realizado con WordPress","publisher":{"@id":"https:\/\/www.campinglaguna.com\/#organization"},"potentialAction":[{"@type":"SearchAction","target":{"@type":"EntryPoint","urlTemplate":"https:\/\/www.campinglaguna.com\/?s={search_term_string}"},"query-input":{"@type":"PropertyValueSpecification","valueRequired":true,"valueName":"search_term_string"}}],"inLanguage":"de"},{"@type":"Organization","@id":"https:\/\/www.campinglaguna.com\/#organization","name":"Camping Laguna","url":"https:\/\/www.campinglaguna.com\/","logo":{"@type":"ImageObject","inLanguage":"de","@id":"https:\/\/www.campinglaguna.com\/#\/schema\/logo\/image\/","url":"https:\/\/www.campinglaguna.com\/wp-content\/uploads\/logo-laguna.png","contentUrl":"https:\/\/www.campinglaguna.com\/wp-content\/uploads\/logo-laguna.png","width":263,"height":64,"caption":"Camping Laguna"},"image":{"@id":"https:\/\/www.campinglaguna.com\/#\/schema\/logo\/image\/"}}]}},"_links":{"self":[{"href":"https:\/\/www.campinglaguna.com\/de\/wp-json\/wp\/v2\/pages\/24173","targetHints":{"allow":["GET"]}}],"collection":[{"href":"https:\/\/www.campinglaguna.com\/de\/wp-json\/wp\/v2\/pages"}],"about":[{"href":"https:\/\/www.campinglaguna.com\/de\/wp-json\/wp\/v2\/types\/page"}],"author":[{"embeddable":true,"href":"https:\/\/www.campinglaguna.com\/de\/wp-json\/wp\/v2\/users\/1"}],"replies":[{"embeddable":true,"href":"https:\/\/www.campinglaguna.com\/de\/wp-json\/wp\/v2\/comments?post=24173"}],"version-history":[{"count":2,"href":"https:\/\/www.campinglaguna.com\/de\/wp-json\/wp\/v2\/pages\/24173\/revisions"}],"predecessor-version":[{"id":25459,"href":"https:\/\/www.campinglaguna.com\/de\/wp-json\/wp\/v2\/pages\/24173\/revisions\/25459"}],"up":[{"embeddable":true,"href":"https:\/\/www.campinglaguna.com\/de\/wp-json\/wp\/v2\/pages\/24171"}],"wp:featuredmedia":[{"embeddable":true,"href":"https:\/\/www.campinglaguna.com\/de\/wp-json\/wp\/v2\/media\/20881"}],"wp:attachment":[{"href":"https:\/\/www.campinglaguna.com\/de\/wp-json\/wp\/v2\/media?parent=24173"}],"curies":[{"name":"wp","href":"https:\/\/api.w.org\/{rel}","templated":true}]}}