{"id":24179,"date":"2017-03-14T11:28:44","date_gmt":"2017-03-14T10:28:44","guid":{"rendered":"https:\/\/www.campinglaguna.com\/que-hacer\/playas-naturaleza\/strande\/"},"modified":"2020-11-20T12:12:25","modified_gmt":"2020-11-20T11:12:25","slug":"strande","status":"publish","type":"page","link":"https:\/\/www.campinglaguna.com\/de\/que-hacer\/playas-naturaleza\/strande\/","title":{"rendered":"Str\u00e4nde"},"content":{"rendered":"<p>Wenn Sie Ihren Urlaub direkt am Meer verbringen wollen, macht es Ihnen der Camping Laguna leicht. Ein gro\u00dfer Sandstrand mit 400 m L\u00e4nge und geringem Gef\u00e4lle ist ideal f\u00fcr Familien mit kleinen Kindern und f\u00fcr das Aus\u00fcben von Wassersport. Derselbe Strand erstreckt sich weitere 4 km in Richtung S\u00fcden, am Naturpark, und bildet somit einen der gr\u00f6\u00dften unber\u00fchrten Str\u00e4nde Kataloniens.<\/p>\n<p>&nbsp;<\/p>\n<p>Nur 20 km n\u00f6rdlich von Camping Laguna finden Sie eine andere Art von Str\u00e4nden, die kleinen Buchten am Kap de Creus. Von steilen Abh\u00e4ngen umgeben, \u00fcberraschen sie mit ihrer Sch\u00f6nheit und der Reinheit und Qualit\u00e4t des Wassers. Ideal zum Schnorcheln.<\/p>\n","protected":false},"excerpt":{"rendered":"<p>Wenn Sie Ihren Urlaub direkt am Meer verbringen wollen, macht es Ihnen der Camping Laguna leicht. Ein gro\u00dfer Sandstrand mit 400 m L\u00e4nge und geringem Gef\u00e4lle ist ideal f\u00fcr Familien [&hellip;]<\/p>\n","protected":false},"author":1,"featured_media":20198,"parent":24176,"menu_order":0,"comment_status":"closed","ping_status":"closed","template":"","meta":{"_acf_changed":false,"footnotes":""},"class_list":["post-24179","page","type-page","status-publish","has-post-thumbnail","hentry"],"acf":[],"yoast_head":"<!-- This site is optimized with the Yoast SEO plugin v26.1.1 - https:\/\/yoast.com\/wordpress\/plugins\/seo\/ -->\n<title>Str\u00e4nde - Camping Laguna<\/title>\n<meta name=\"description\" content=\"Wenn Sie Ihren Urlaub direkt am Meer verbringen wollen, macht es Ihnen der Camping Laguna leicht. Ein gro\u00dfer Sandstrand mit 400 m L\u00e4nge und geringem\" \/>\n<meta name=\"robots\" content=\"index, follow, max-snippet:-1, max-image-preview:large, max-video-preview:-1\" \/>\n<link rel=\"canonical\" href=\"https:\/\/www.campinglaguna.com\/que-hacer\/playas-naturaleza\/playas\/\" \/>\n<meta property=\"og:locale\" content=\"de_DE\" \/>\n<meta property=\"og:type\" content=\"article\" \/>\n<meta property=\"og:title\" content=\"Str\u00e4nde - Camping Laguna\" \/>\n<meta property=\"og:description\" content=\"Wenn Sie Ihren Urlaub direkt am Meer verbringen wollen, macht es Ihnen der Camping Laguna leicht. Ein gro\u00dfer Sandstrand mit 400 m L\u00e4nge und geringem\" \/>\n<meta property=\"og:url\" content=\"https:\/\/www.campinglaguna.com\/que-hacer\/playas-naturaleza\/playas\/\" \/>\n<meta property=\"og:site_name\" content=\"Camping Laguna\" \/>\n<meta property=\"article:modified_time\" content=\"2020-11-20T11:12:25+00:00\" \/>\n<meta property=\"og:image\" content=\"https:\/\/www.campinglaguna.com\/wp-content\/uploads\/Principal11.jpg\" \/>\n\t<meta property=\"og:image:width\" content=\"1440\" \/>\n\t<meta property=\"og:image:height\" content=\"500\" \/>\n\t<meta property=\"og:image:type\" content=\"image\/jpeg\" \/>\n<meta name=\"twitter:card\" content=\"summary_large_image\" \/>\n<meta name=\"twitter:label1\" content=\"Gesch\u00e4tzte Lesezeit\" \/>\n\t<meta name=\"twitter:data1\" content=\"1\u00a0Minute\" \/>\n<script type=\"application\/ld+json\" class=\"yoast-schema-graph\">{\"@context\":\"https:\/\/schema.org\",\"@graph\":[{\"@type\":\"WebPage\",\"@id\":\"https:\/\/www.campinglaguna.com\/que-hacer\/playas-naturaleza\/playas\/\",\"url\":\"https:\/\/www.campinglaguna.com\/que-hacer\/playas-naturaleza\/playas\/\",\"name\":\"Str\u00e4nde - Camping Laguna\",\"isPartOf\":{\"@id\":\"https:\/\/www.campinglaguna.com\/#website\"},\"primaryImageOfPage\":{\"@id\":\"https:\/\/www.campinglaguna.com\/que-hacer\/playas-naturaleza\/playas\/#primaryimage\"},\"image\":{\"@id\":\"https:\/\/www.campinglaguna.com\/que-hacer\/playas-naturaleza\/playas\/#primaryimage\"},\"thumbnailUrl\":\"https:\/\/www.campinglaguna.com\/wp-content\/uploads\/Principal11.jpg\",\"datePublished\":\"2017-03-14T10:28:44+00:00\",\"dateModified\":\"2020-11-20T11:12:25+00:00\",\"description\":\"Wenn Sie Ihren Urlaub direkt am Meer verbringen wollen, macht es Ihnen der Camping Laguna leicht. Ein gro\u00dfer Sandstrand mit 400 m L\u00e4nge und geringem\",\"breadcrumb\":{\"@id\":\"https:\/\/www.campinglaguna.com\/que-hacer\/playas-naturaleza\/playas\/#breadcrumb\"},\"inLanguage\":\"de\",\"potentialAction\":[{\"@type\":\"ReadAction\",\"target\":[\"https:\/\/www.campinglaguna.com\/que-hacer\/playas-naturaleza\/playas\/\"]}]},{\"@type\":\"ImageObject\",\"inLanguage\":\"de\",\"@id\":\"https:\/\/www.campinglaguna.com\/que-hacer\/playas-naturaleza\/playas\/#primaryimage\",\"url\":\"https:\/\/www.campinglaguna.com\/wp-content\/uploads\/Principal11.jpg\",\"contentUrl\":\"https:\/\/www.campinglaguna.com\/wp-content\/uploads\/Principal11.jpg\",\"width\":1440,\"height\":500},{\"@type\":\"BreadcrumbList\",\"@id\":\"https:\/\/www.campinglaguna.com\/que-hacer\/playas-naturaleza\/playas\/#breadcrumb\",\"itemListElement\":[{\"@type\":\"ListItem\",\"position\":1,\"name\":\"Camping Laguna\",\"item\":\"https:\/\/www.campinglaguna.com\/de\/\"},{\"@type\":\"ListItem\",\"position\":2,\"name\":\"\u00bfQue hacer?\",\"item\":\"https:\/\/www.campinglaguna.com\/de\/que-hacer\/\"},{\"@type\":\"ListItem\",\"position\":3,\"name\":\"Str\u00e4nde &#038; Natur\",\"item\":\"https:\/\/www.campinglaguna.com\/de\/que-hacer\/playas-naturaleza\/\"},{\"@type\":\"ListItem\",\"position\":4,\"name\":\"Str\u00e4nde\"}]},{\"@type\":\"WebSite\",\"@id\":\"https:\/\/www.campinglaguna.com\/#website\",\"url\":\"https:\/\/www.campinglaguna.com\/\",\"name\":\"Camping Laguna\",\"description\":\"Otro sitio realizado con WordPress\",\"publisher\":{\"@id\":\"https:\/\/www.campinglaguna.com\/#organization\"},\"potentialAction\":[{\"@type\":\"SearchAction\",\"target\":{\"@type\":\"EntryPoint\",\"urlTemplate\":\"https:\/\/www.campinglaguna.com\/?s={search_term_string}\"},\"query-input\":{\"@type\":\"PropertyValueSpecification\",\"valueRequired\":true,\"valueName\":\"search_term_string\"}}],\"inLanguage\":\"de\"},{\"@type\":\"Organization\",\"@id\":\"https:\/\/www.campinglaguna.com\/#organization\",\"name\":\"Camping Laguna\",\"url\":\"https:\/\/www.campinglaguna.com\/\",\"logo\":{\"@type\":\"ImageObject\",\"inLanguage\":\"de\",\"@id\":\"https:\/\/www.campinglaguna.com\/#\/schema\/logo\/image\/\",\"url\":\"https:\/\/www.campinglaguna.com\/wp-content\/uploads\/logo-laguna.png\",\"contentUrl\":\"https:\/\/www.campinglaguna.com\/wp-content\/uploads\/logo-laguna.png\",\"width\":263,\"height\":64,\"caption\":\"Camping Laguna\"},\"image\":{\"@id\":\"https:\/\/www.campinglaguna.com\/#\/schema\/logo\/image\/\"}}]}<\/script>\n<!-- \/ Yoast SEO plugin. -->","yoast_head_json":{"title":"Str\u00e4nde - Camping Laguna","description":"Wenn Sie Ihren Urlaub direkt am Meer verbringen wollen, macht es Ihnen der Camping Laguna leicht. Ein gro\u00dfer Sandstrand mit 400 m L\u00e4nge und geringem","robots":{"index":"index","follow":"follow","max-snippet":"max-snippet:-1","max-image-preview":"max-image-preview:large","max-video-preview":"max-video-preview:-1"},"canonical":"https:\/\/www.campinglaguna.com\/que-hacer\/playas-naturaleza\/playas\/","og_locale":"de_DE","og_type":"article","og_title":"Str\u00e4nde - Camping Laguna","og_description":"Wenn Sie Ihren Urlaub direkt am Meer verbringen wollen, macht es Ihnen der Camping Laguna leicht. Ein gro\u00dfer Sandstrand mit 400 m L\u00e4nge und geringem","og_url":"https:\/\/www.campinglaguna.com\/que-hacer\/playas-naturaleza\/playas\/","og_site_name":"Camping Laguna","article_modified_time":"2020-11-20T11:12:25+00:00","og_image":[{"width":1440,"height":500,"url":"https:\/\/www.campinglaguna.com\/wp-content\/uploads\/Principal11.jpg","type":"image\/jpeg"}],"twitter_card":"summary_large_image","twitter_misc":{"Gesch\u00e4tzte Lesezeit":"1\u00a0Minute"},"schema":{"@context":"https:\/\/schema.org","@graph":[{"@type":"WebPage","@id":"https:\/\/www.campinglaguna.com\/que-hacer\/playas-naturaleza\/playas\/","url":"https:\/\/www.campinglaguna.com\/que-hacer\/playas-naturaleza\/playas\/","name":"Str\u00e4nde - Camping Laguna","isPartOf":{"@id":"https:\/\/www.campinglaguna.com\/#website"},"primaryImageOfPage":{"@id":"https:\/\/www.campinglaguna.com\/que-hacer\/playas-naturaleza\/playas\/#primaryimage"},"image":{"@id":"https:\/\/www.campinglaguna.com\/que-hacer\/playas-naturaleza\/playas\/#primaryimage"},"thumbnailUrl":"https:\/\/www.campinglaguna.com\/wp-content\/uploads\/Principal11.jpg","datePublished":"2017-03-14T10:28:44+00:00","dateModified":"2020-11-20T11:12:25+00:00","description":"Wenn Sie Ihren Urlaub direkt am Meer verbringen wollen, macht es Ihnen der Camping Laguna leicht. Ein gro\u00dfer Sandstrand mit 400 m L\u00e4nge und geringem","breadcrumb":{"@id":"https:\/\/www.campinglaguna.com\/que-hacer\/playas-naturaleza\/playas\/#breadcrumb"},"inLanguage":"de","potentialAction":[{"@type":"ReadAction","target":["https:\/\/www.campinglaguna.com\/que-hacer\/playas-naturaleza\/playas\/"]}]},{"@type":"ImageObject","inLanguage":"de","@id":"https:\/\/www.campinglaguna.com\/que-hacer\/playas-naturaleza\/playas\/#primaryimage","url":"https:\/\/www.campinglaguna.com\/wp-content\/uploads\/Principal11.jpg","contentUrl":"https:\/\/www.campinglaguna.com\/wp-content\/uploads\/Principal11.jpg","width":1440,"height":500},{"@type":"BreadcrumbList","@id":"https:\/\/www.campinglaguna.com\/que-hacer\/playas-naturaleza\/playas\/#breadcrumb","itemListElement":[{"@type":"ListItem","position":1,"name":"Camping Laguna","item":"https:\/\/www.campinglaguna.com\/de\/"},{"@type":"ListItem","position":2,"name":"\u00bfQue hacer?","item":"https:\/\/www.campinglaguna.com\/de\/que-hacer\/"},{"@type":"ListItem","position":3,"name":"Str\u00e4nde &#038; Natur","item":"https:\/\/www.campinglaguna.com\/de\/que-hacer\/playas-naturaleza\/"},{"@type":"ListItem","position":4,"name":"Str\u00e4nde"}]},{"@type":"WebSite","@id":"https:\/\/www.campinglaguna.com\/#website","url":"https:\/\/www.campinglaguna.com\/","name":"Camping Laguna","description":"Otro sitio realizado con WordPress","publisher":{"@id":"https:\/\/www.campinglaguna.com\/#organization"},"potentialAction":[{"@type":"SearchAction","target":{"@type":"EntryPoint","urlTemplate":"https:\/\/www.campinglaguna.com\/?s={search_term_string}"},"query-input":{"@type":"PropertyValueSpecification","valueRequired":true,"valueName":"search_term_string"}}],"inLanguage":"de"},{"@type":"Organization","@id":"https:\/\/www.campinglaguna.com\/#organization","name":"Camping Laguna","url":"https:\/\/www.campinglaguna.com\/","logo":{"@type":"ImageObject","inLanguage":"de","@id":"https:\/\/www.campinglaguna.com\/#\/schema\/logo\/image\/","url":"https:\/\/www.campinglaguna.com\/wp-content\/uploads\/logo-laguna.png","contentUrl":"https:\/\/www.campinglaguna.com\/wp-content\/uploads\/logo-laguna.png","width":263,"height":64,"caption":"Camping Laguna"},"image":{"@id":"https:\/\/www.campinglaguna.com\/#\/schema\/logo\/image\/"}}]}},"_links":{"self":[{"href":"https:\/\/www.campinglaguna.com\/de\/wp-json\/wp\/v2\/pages\/24179","targetHints":{"allow":["GET"]}}],"collection":[{"href":"https:\/\/www.campinglaguna.com\/de\/wp-json\/wp\/v2\/pages"}],"about":[{"href":"https:\/\/www.campinglaguna.com\/de\/wp-json\/wp\/v2\/types\/page"}],"author":[{"embeddable":true,"href":"https:\/\/www.campinglaguna.com\/de\/wp-json\/wp\/v2\/users\/1"}],"replies":[{"embeddable":true,"href":"https:\/\/www.campinglaguna.com\/de\/wp-json\/wp\/v2\/comments?post=24179"}],"version-history":[{"count":3,"href":"https:\/\/www.campinglaguna.com\/de\/wp-json\/wp\/v2\/pages\/24179\/revisions"}],"predecessor-version":[{"id":35522,"href":"https:\/\/www.campinglaguna.com\/de\/wp-json\/wp\/v2\/pages\/24179\/revisions\/35522"}],"up":[{"embeddable":true,"href":"https:\/\/www.campinglaguna.com\/de\/wp-json\/wp\/v2\/pages\/24176"}],"wp:featuredmedia":[{"embeddable":true,"href":"https:\/\/www.campinglaguna.com\/de\/wp-json\/wp\/v2\/media\/20198"}],"wp:attachment":[{"href":"https:\/\/www.campinglaguna.com\/de\/wp-json\/wp\/v2\/media?parent=24179"}],"curies":[{"name":"wp","href":"https:\/\/api.w.org\/{rel}","templated":true}]}}