{"id":24181,"date":"2017-03-14T11:29:43","date_gmt":"2017-03-14T10:29:43","guid":{"rendered":"https:\/\/www.campinglaguna.com\/que-hacer\/playas-naturaleza\/buchten-kap-de-creus\/"},"modified":"2017-04-03T12:45:39","modified_gmt":"2017-04-03T10:45:39","slug":"buchten-kap-de-creus","status":"publish","type":"page","link":"https:\/\/www.campinglaguna.com\/de\/que-hacer\/playas-naturaleza\/buchten-kap-de-creus\/","title":{"rendered":"Buchten Cap de Creus"},"content":{"rendered":"<p>Die kleinen Buchten am Kap de Creus bilden einen starken Kontrast zu den feinen Sandstr\u00e4nden in der Bucht von Roses. Sie geh\u00f6ren zum Naturpark Kap de Creus und sind nur 20 Autominuten vom Camping Laguna entfernt.<\/p>\n<p>Es sind kleine Buchten mit reizvollem Meeresgrund und starkem Gef\u00e4lle, ideal zum Schnorcheln oder Tauchsport (in der Bucht Cala Montjoi oder Cala J\u00f3ncols). Die beste Art, viele dieser Buchten zu entdecken, ist eine Wanderung entlang der K\u00fcste, auf dem gro\u00dfen Wanderweg GR-92, dem &#8222;Mittelmeerweg&#8220;.<\/p>\n<p>Diese ungez\u00e4hmte K\u00fcstenlandschaft, mit kleinen Felsinseln, schwindelerregenden Steilh\u00e4ngen und kleinen Buchten werden Sie sicher nie vergessen.<\/p>\n","protected":false},"excerpt":{"rendered":"<p>Die kleinen Buchten am Kap de Creus bilden einen starken Kontrast zu den feinen Sandstr\u00e4nden in der Bucht von Roses. Sie geh\u00f6ren zum Naturpark Kap de Creus und sind nur [&hellip;]<\/p>\n","protected":false},"author":1,"featured_media":20924,"parent":24176,"menu_order":1,"comment_status":"closed","ping_status":"closed","template":"","meta":{"_acf_changed":false,"footnotes":""},"class_list":["post-24181","page","type-page","status-publish","has-post-thumbnail","hentry"],"acf":[],"yoast_head":"<!-- This site is optimized with the Yoast SEO plugin v26.1.1 - https:\/\/yoast.com\/wordpress\/plugins\/seo\/ -->\n<title>Buchten Cap de Creus - Camping Laguna<\/title>\n<meta name=\"description\" content=\"Die kleinen Buchten am Kap de Creus bilden einen starken Kontrast zu den feinen Sandstr\u00e4nden in der Bucht von Roses. Sie geh\u00f6ren zum Naturpark Kap de\" \/>\n<meta name=\"robots\" content=\"index, follow, max-snippet:-1, max-image-preview:large, max-video-preview:-1\" \/>\n<link rel=\"canonical\" href=\"https:\/\/www.campinglaguna.com\/que-hacer\/playas-naturaleza\/calas-cap-de-creus\/\" \/>\n<meta property=\"og:locale\" content=\"de_DE\" \/>\n<meta property=\"og:type\" content=\"article\" \/>\n<meta property=\"og:title\" content=\"Buchten Cap de Creus - Camping Laguna\" \/>\n<meta property=\"og:description\" content=\"Die kleinen Buchten am Kap de Creus bilden einen starken Kontrast zu den feinen Sandstr\u00e4nden in der Bucht von Roses. Sie geh\u00f6ren zum Naturpark Kap de\" \/>\n<meta property=\"og:url\" content=\"https:\/\/www.campinglaguna.com\/que-hacer\/playas-naturaleza\/calas-cap-de-creus\/\" \/>\n<meta property=\"og:site_name\" content=\"Camping Laguna\" \/>\n<meta property=\"article:modified_time\" content=\"2017-04-03T10:45:39+00:00\" \/>\n<meta property=\"og:image\" content=\"https:\/\/www.campinglaguna.com\/wp-content\/uploads\/playascapdecreus.jpg\" \/>\n\t<meta property=\"og:image:width\" content=\"1440\" \/>\n\t<meta property=\"og:image:height\" content=\"500\" \/>\n\t<meta property=\"og:image:type\" content=\"image\/jpeg\" \/>\n<meta name=\"twitter:card\" content=\"summary_large_image\" \/>\n<meta name=\"twitter:label1\" content=\"Gesch\u00e4tzte Lesezeit\" \/>\n\t<meta name=\"twitter:data1\" content=\"1\u00a0Minute\" \/>\n<script type=\"application\/ld+json\" class=\"yoast-schema-graph\">{\"@context\":\"https:\/\/schema.org\",\"@graph\":[{\"@type\":\"WebPage\",\"@id\":\"https:\/\/www.campinglaguna.com\/que-hacer\/playas-naturaleza\/calas-cap-de-creus\/\",\"url\":\"https:\/\/www.campinglaguna.com\/que-hacer\/playas-naturaleza\/calas-cap-de-creus\/\",\"name\":\"Buchten Cap de Creus - Camping Laguna\",\"isPartOf\":{\"@id\":\"https:\/\/www.campinglaguna.com\/#website\"},\"primaryImageOfPage\":{\"@id\":\"https:\/\/www.campinglaguna.com\/que-hacer\/playas-naturaleza\/calas-cap-de-creus\/#primaryimage\"},\"image\":{\"@id\":\"https:\/\/www.campinglaguna.com\/que-hacer\/playas-naturaleza\/calas-cap-de-creus\/#primaryimage\"},\"thumbnailUrl\":\"https:\/\/www.campinglaguna.com\/wp-content\/uploads\/playascapdecreus.jpg\",\"datePublished\":\"2017-03-14T10:29:43+00:00\",\"dateModified\":\"2017-04-03T10:45:39+00:00\",\"description\":\"Die kleinen Buchten am Kap de Creus bilden einen starken Kontrast zu den feinen Sandstr\u00e4nden in der Bucht von Roses. Sie geh\u00f6ren zum Naturpark Kap de\",\"breadcrumb\":{\"@id\":\"https:\/\/www.campinglaguna.com\/que-hacer\/playas-naturaleza\/calas-cap-de-creus\/#breadcrumb\"},\"inLanguage\":\"de\",\"potentialAction\":[{\"@type\":\"ReadAction\",\"target\":[\"https:\/\/www.campinglaguna.com\/que-hacer\/playas-naturaleza\/calas-cap-de-creus\/\"]}]},{\"@type\":\"ImageObject\",\"inLanguage\":\"de\",\"@id\":\"https:\/\/www.campinglaguna.com\/que-hacer\/playas-naturaleza\/calas-cap-de-creus\/#primaryimage\",\"url\":\"https:\/\/www.campinglaguna.com\/wp-content\/uploads\/playascapdecreus.jpg\",\"contentUrl\":\"https:\/\/www.campinglaguna.com\/wp-content\/uploads\/playascapdecreus.jpg\",\"width\":1440,\"height\":500},{\"@type\":\"BreadcrumbList\",\"@id\":\"https:\/\/www.campinglaguna.com\/que-hacer\/playas-naturaleza\/calas-cap-de-creus\/#breadcrumb\",\"itemListElement\":[{\"@type\":\"ListItem\",\"position\":1,\"name\":\"Camping Laguna\",\"item\":\"https:\/\/www.campinglaguna.com\/de\/\"},{\"@type\":\"ListItem\",\"position\":2,\"name\":\"\u00bfQue hacer?\",\"item\":\"https:\/\/www.campinglaguna.com\/de\/que-hacer\/\"},{\"@type\":\"ListItem\",\"position\":3,\"name\":\"Str\u00e4nde &#038; Natur\",\"item\":\"https:\/\/www.campinglaguna.com\/de\/que-hacer\/playas-naturaleza\/\"},{\"@type\":\"ListItem\",\"position\":4,\"name\":\"Buchten Cap de Creus\"}]},{\"@type\":\"WebSite\",\"@id\":\"https:\/\/www.campinglaguna.com\/#website\",\"url\":\"https:\/\/www.campinglaguna.com\/\",\"name\":\"Camping Laguna\",\"description\":\"Otro sitio realizado con WordPress\",\"publisher\":{\"@id\":\"https:\/\/www.campinglaguna.com\/#organization\"},\"potentialAction\":[{\"@type\":\"SearchAction\",\"target\":{\"@type\":\"EntryPoint\",\"urlTemplate\":\"https:\/\/www.campinglaguna.com\/?s={search_term_string}\"},\"query-input\":{\"@type\":\"PropertyValueSpecification\",\"valueRequired\":true,\"valueName\":\"search_term_string\"}}],\"inLanguage\":\"de\"},{\"@type\":\"Organization\",\"@id\":\"https:\/\/www.campinglaguna.com\/#organization\",\"name\":\"Camping Laguna\",\"url\":\"https:\/\/www.campinglaguna.com\/\",\"logo\":{\"@type\":\"ImageObject\",\"inLanguage\":\"de\",\"@id\":\"https:\/\/www.campinglaguna.com\/#\/schema\/logo\/image\/\",\"url\":\"https:\/\/www.campinglaguna.com\/wp-content\/uploads\/logo-laguna.png\",\"contentUrl\":\"https:\/\/www.campinglaguna.com\/wp-content\/uploads\/logo-laguna.png\",\"width\":263,\"height\":64,\"caption\":\"Camping Laguna\"},\"image\":{\"@id\":\"https:\/\/www.campinglaguna.com\/#\/schema\/logo\/image\/\"}}]}<\/script>\n<!-- \/ Yoast SEO plugin. -->","yoast_head_json":{"title":"Buchten Cap de Creus - Camping Laguna","description":"Die kleinen Buchten am Kap de Creus bilden einen starken Kontrast zu den feinen Sandstr\u00e4nden in der Bucht von Roses. Sie geh\u00f6ren zum Naturpark Kap de","robots":{"index":"index","follow":"follow","max-snippet":"max-snippet:-1","max-image-preview":"max-image-preview:large","max-video-preview":"max-video-preview:-1"},"canonical":"https:\/\/www.campinglaguna.com\/que-hacer\/playas-naturaleza\/calas-cap-de-creus\/","og_locale":"de_DE","og_type":"article","og_title":"Buchten Cap de Creus - Camping Laguna","og_description":"Die kleinen Buchten am Kap de Creus bilden einen starken Kontrast zu den feinen Sandstr\u00e4nden in der Bucht von Roses. Sie geh\u00f6ren zum Naturpark Kap de","og_url":"https:\/\/www.campinglaguna.com\/que-hacer\/playas-naturaleza\/calas-cap-de-creus\/","og_site_name":"Camping Laguna","article_modified_time":"2017-04-03T10:45:39+00:00","og_image":[{"width":1440,"height":500,"url":"https:\/\/www.campinglaguna.com\/wp-content\/uploads\/playascapdecreus.jpg","type":"image\/jpeg"}],"twitter_card":"summary_large_image","twitter_misc":{"Gesch\u00e4tzte Lesezeit":"1\u00a0Minute"},"schema":{"@context":"https:\/\/schema.org","@graph":[{"@type":"WebPage","@id":"https:\/\/www.campinglaguna.com\/que-hacer\/playas-naturaleza\/calas-cap-de-creus\/","url":"https:\/\/www.campinglaguna.com\/que-hacer\/playas-naturaleza\/calas-cap-de-creus\/","name":"Buchten Cap de Creus - Camping Laguna","isPartOf":{"@id":"https:\/\/www.campinglaguna.com\/#website"},"primaryImageOfPage":{"@id":"https:\/\/www.campinglaguna.com\/que-hacer\/playas-naturaleza\/calas-cap-de-creus\/#primaryimage"},"image":{"@id":"https:\/\/www.campinglaguna.com\/que-hacer\/playas-naturaleza\/calas-cap-de-creus\/#primaryimage"},"thumbnailUrl":"https:\/\/www.campinglaguna.com\/wp-content\/uploads\/playascapdecreus.jpg","datePublished":"2017-03-14T10:29:43+00:00","dateModified":"2017-04-03T10:45:39+00:00","description":"Die kleinen Buchten am Kap de Creus bilden einen starken Kontrast zu den feinen Sandstr\u00e4nden in der Bucht von Roses. Sie geh\u00f6ren zum Naturpark Kap de","breadcrumb":{"@id":"https:\/\/www.campinglaguna.com\/que-hacer\/playas-naturaleza\/calas-cap-de-creus\/#breadcrumb"},"inLanguage":"de","potentialAction":[{"@type":"ReadAction","target":["https:\/\/www.campinglaguna.com\/que-hacer\/playas-naturaleza\/calas-cap-de-creus\/"]}]},{"@type":"ImageObject","inLanguage":"de","@id":"https:\/\/www.campinglaguna.com\/que-hacer\/playas-naturaleza\/calas-cap-de-creus\/#primaryimage","url":"https:\/\/www.campinglaguna.com\/wp-content\/uploads\/playascapdecreus.jpg","contentUrl":"https:\/\/www.campinglaguna.com\/wp-content\/uploads\/playascapdecreus.jpg","width":1440,"height":500},{"@type":"BreadcrumbList","@id":"https:\/\/www.campinglaguna.com\/que-hacer\/playas-naturaleza\/calas-cap-de-creus\/#breadcrumb","itemListElement":[{"@type":"ListItem","position":1,"name":"Camping Laguna","item":"https:\/\/www.campinglaguna.com\/de\/"},{"@type":"ListItem","position":2,"name":"\u00bfQue hacer?","item":"https:\/\/www.campinglaguna.com\/de\/que-hacer\/"},{"@type":"ListItem","position":3,"name":"Str\u00e4nde &#038; Natur","item":"https:\/\/www.campinglaguna.com\/de\/que-hacer\/playas-naturaleza\/"},{"@type":"ListItem","position":4,"name":"Buchten Cap de Creus"}]},{"@type":"WebSite","@id":"https:\/\/www.campinglaguna.com\/#website","url":"https:\/\/www.campinglaguna.com\/","name":"Camping Laguna","description":"Otro sitio realizado con WordPress","publisher":{"@id":"https:\/\/www.campinglaguna.com\/#organization"},"potentialAction":[{"@type":"SearchAction","target":{"@type":"EntryPoint","urlTemplate":"https:\/\/www.campinglaguna.com\/?s={search_term_string}"},"query-input":{"@type":"PropertyValueSpecification","valueRequired":true,"valueName":"search_term_string"}}],"inLanguage":"de"},{"@type":"Organization","@id":"https:\/\/www.campinglaguna.com\/#organization","name":"Camping Laguna","url":"https:\/\/www.campinglaguna.com\/","logo":{"@type":"ImageObject","inLanguage":"de","@id":"https:\/\/www.campinglaguna.com\/#\/schema\/logo\/image\/","url":"https:\/\/www.campinglaguna.com\/wp-content\/uploads\/logo-laguna.png","contentUrl":"https:\/\/www.campinglaguna.com\/wp-content\/uploads\/logo-laguna.png","width":263,"height":64,"caption":"Camping Laguna"},"image":{"@id":"https:\/\/www.campinglaguna.com\/#\/schema\/logo\/image\/"}}]}},"_links":{"self":[{"href":"https:\/\/www.campinglaguna.com\/de\/wp-json\/wp\/v2\/pages\/24181","targetHints":{"allow":["GET"]}}],"collection":[{"href":"https:\/\/www.campinglaguna.com\/de\/wp-json\/wp\/v2\/pages"}],"about":[{"href":"https:\/\/www.campinglaguna.com\/de\/wp-json\/wp\/v2\/types\/page"}],"author":[{"embeddable":true,"href":"https:\/\/www.campinglaguna.com\/de\/wp-json\/wp\/v2\/users\/1"}],"replies":[{"embeddable":true,"href":"https:\/\/www.campinglaguna.com\/de\/wp-json\/wp\/v2\/comments?post=24181"}],"version-history":[{"count":3,"href":"https:\/\/www.campinglaguna.com\/de\/wp-json\/wp\/v2\/pages\/24181\/revisions"}],"predecessor-version":[{"id":25462,"href":"https:\/\/www.campinglaguna.com\/de\/wp-json\/wp\/v2\/pages\/24181\/revisions\/25462"}],"up":[{"embeddable":true,"href":"https:\/\/www.campinglaguna.com\/de\/wp-json\/wp\/v2\/pages\/24176"}],"wp:featuredmedia":[{"embeddable":true,"href":"https:\/\/www.campinglaguna.com\/de\/wp-json\/wp\/v2\/media\/20924"}],"wp:attachment":[{"href":"https:\/\/www.campinglaguna.com\/de\/wp-json\/wp\/v2\/media?parent=24181"}],"curies":[{"name":"wp","href":"https:\/\/api.w.org\/{rel}","templated":true}]}}