{"id":24219,"date":"2017-03-14T12:23:57","date_gmt":"2017-03-14T11:23:57","guid":{"rendered":"https:\/\/www.campinglaguna.com\/que-hacer\/aktivitaten\/sport\/wassersport\/"},"modified":"2020-11-23T12:04:53","modified_gmt":"2020-11-23T11:04:53","slug":"wassersport","status":"publish","type":"page","link":"https:\/\/www.campinglaguna.com\/de\/que-hacer\/aktivitaten\/sport\/wassersport\/","title":{"rendered":"Wassersport"},"content":{"rendered":"<p>Die Bucht von Roses ist ein f\u00fcr verschiedene Wassersportarten bekannter Ort, da die Voraussetzungen ideal sind. Unsere Schule ist Ihnen dabei behilflich, dass nichts fehlt, damit Sie Ihren Lieblingssport aus\u00fcben k\u00f6nnen.<\/p>\n<p>Wir bieten Ihnen Kurse f\u00fcr Windsurfen, Katamaran, Stand Up Paddling, Kajak oder Segeln nach den Normen der Deutschen Nautikf\u00f6deration (VDWS), f\u00fcr Anf\u00e4nger, Leute mit Grundkenntnissen oder Fortgeschrittene und die M\u00f6glichkeit Privatunterricht zu nehmen. Wenn Sie eine dieser Sportarten bereits aus\u00fcben, k\u00f6nnen Sie in der Schule alle Arten von Ausr\u00fcstungen mieten, damit Ihr Aufenthalt leichter wird.<\/p>\n<p>Hier k\u00f6nnen Sie die Preislisten unserer Schule herunterladen und falls Sie noch Fragen haben, kontaktieren Sie uns bitte.<\/p>\n","protected":false},"excerpt":{"rendered":"<p>Die Bucht von Roses ist ein f\u00fcr verschiedene Wassersportarten bekannter Ort, da die Voraussetzungen ideal sind. Unsere Schule ist Ihnen dabei behilflich, dass nichts fehlt, damit Sie Ihren Lieblingssport aus\u00fcben [&hellip;]<\/p>\n","protected":false},"author":1,"featured_media":20213,"parent":24216,"menu_order":0,"comment_status":"closed","ping_status":"closed","template":"","meta":{"_acf_changed":false,"footnotes":""},"class_list":["post-24219","page","type-page","status-publish","has-post-thumbnail","hentry"],"acf":[],"yoast_head":"<!-- This site is optimized with the Yoast SEO plugin v26.1.1 - https:\/\/yoast.com\/wordpress\/plugins\/seo\/ -->\n<title>Wassersport - Camping Laguna<\/title>\n<meta name=\"description\" content=\"Die Bucht von Roses ist ein f\u00fcr verschiedene Wassersportarten bekannter Ort, da die Voraussetzungen ideal sind. Unsere Schule ist Ihnen dabei behilflich,\" \/>\n<meta name=\"robots\" content=\"index, follow, max-snippet:-1, max-image-preview:large, max-video-preview:-1\" \/>\n<link rel=\"canonical\" href=\"https:\/\/www.campinglaguna.com\/que-hacer\/actividades\/deportes\/escuela-nautica-2\/\" \/>\n<meta property=\"og:locale\" content=\"de_DE\" \/>\n<meta property=\"og:type\" content=\"article\" \/>\n<meta property=\"og:title\" content=\"Wassersport - Camping Laguna\" \/>\n<meta property=\"og:description\" content=\"Die Bucht von Roses ist ein f\u00fcr verschiedene Wassersportarten bekannter Ort, da die Voraussetzungen ideal sind. Unsere Schule ist Ihnen dabei behilflich,\" \/>\n<meta property=\"og:url\" content=\"https:\/\/www.campinglaguna.com\/que-hacer\/actividades\/deportes\/escuela-nautica-2\/\" \/>\n<meta property=\"og:site_name\" content=\"Camping Laguna\" \/>\n<meta property=\"article:modified_time\" content=\"2020-11-23T11:04:53+00:00\" \/>\n<meta property=\"og:image\" content=\"https:\/\/www.campinglaguna.com\/wp-content\/uploads\/Principal13.jpg\" \/>\n\t<meta property=\"og:image:width\" content=\"1440\" \/>\n\t<meta property=\"og:image:height\" content=\"500\" \/>\n\t<meta property=\"og:image:type\" content=\"image\/jpeg\" \/>\n<meta name=\"twitter:card\" content=\"summary_large_image\" \/>\n<meta name=\"twitter:label1\" content=\"Gesch\u00e4tzte Lesezeit\" \/>\n\t<meta name=\"twitter:data1\" content=\"1\u00a0Minute\" \/>\n<script type=\"application\/ld+json\" class=\"yoast-schema-graph\">{\"@context\":\"https:\/\/schema.org\",\"@graph\":[{\"@type\":\"WebPage\",\"@id\":\"https:\/\/www.campinglaguna.com\/que-hacer\/actividades\/deportes\/escuela-nautica-2\/\",\"url\":\"https:\/\/www.campinglaguna.com\/que-hacer\/actividades\/deportes\/escuela-nautica-2\/\",\"name\":\"Wassersport - Camping Laguna\",\"isPartOf\":{\"@id\":\"https:\/\/www.campinglaguna.com\/#website\"},\"primaryImageOfPage\":{\"@id\":\"https:\/\/www.campinglaguna.com\/que-hacer\/actividades\/deportes\/escuela-nautica-2\/#primaryimage\"},\"image\":{\"@id\":\"https:\/\/www.campinglaguna.com\/que-hacer\/actividades\/deportes\/escuela-nautica-2\/#primaryimage\"},\"thumbnailUrl\":\"https:\/\/www.campinglaguna.com\/wp-content\/uploads\/Principal13.jpg\",\"datePublished\":\"2017-03-14T11:23:57+00:00\",\"dateModified\":\"2020-11-23T11:04:53+00:00\",\"description\":\"Die Bucht von Roses ist ein f\u00fcr verschiedene Wassersportarten bekannter Ort, da die Voraussetzungen ideal sind. Unsere Schule ist Ihnen dabei behilflich,\",\"breadcrumb\":{\"@id\":\"https:\/\/www.campinglaguna.com\/que-hacer\/actividades\/deportes\/escuela-nautica-2\/#breadcrumb\"},\"inLanguage\":\"de\",\"potentialAction\":[{\"@type\":\"ReadAction\",\"target\":[\"https:\/\/www.campinglaguna.com\/que-hacer\/actividades\/deportes\/escuela-nautica-2\/\"]}]},{\"@type\":\"ImageObject\",\"inLanguage\":\"de\",\"@id\":\"https:\/\/www.campinglaguna.com\/que-hacer\/actividades\/deportes\/escuela-nautica-2\/#primaryimage\",\"url\":\"https:\/\/www.campinglaguna.com\/wp-content\/uploads\/Principal13.jpg\",\"contentUrl\":\"https:\/\/www.campinglaguna.com\/wp-content\/uploads\/Principal13.jpg\",\"width\":1440,\"height\":500},{\"@type\":\"BreadcrumbList\",\"@id\":\"https:\/\/www.campinglaguna.com\/que-hacer\/actividades\/deportes\/escuela-nautica-2\/#breadcrumb\",\"itemListElement\":[{\"@type\":\"ListItem\",\"position\":1,\"name\":\"Camping Laguna\",\"item\":\"https:\/\/www.campinglaguna.com\/de\/\"},{\"@type\":\"ListItem\",\"position\":2,\"name\":\"\u00bfQue hacer?\",\"item\":\"https:\/\/www.campinglaguna.com\/de\/que-hacer\/\"},{\"@type\":\"ListItem\",\"position\":3,\"name\":\"Aktivit\u00e4ten\",\"item\":\"https:\/\/www.campinglaguna.com\/de\/que-hacer\/aktivitaten\/\"},{\"@type\":\"ListItem\",\"position\":4,\"name\":\"Sport\",\"item\":\"https:\/\/www.campinglaguna.com\/de\/que-hacer\/aktivitaten\/sport\/\"},{\"@type\":\"ListItem\",\"position\":5,\"name\":\"Wassersport\"}]},{\"@type\":\"WebSite\",\"@id\":\"https:\/\/www.campinglaguna.com\/#website\",\"url\":\"https:\/\/www.campinglaguna.com\/\",\"name\":\"Camping Laguna\",\"description\":\"Otro sitio realizado con WordPress\",\"publisher\":{\"@id\":\"https:\/\/www.campinglaguna.com\/#organization\"},\"potentialAction\":[{\"@type\":\"SearchAction\",\"target\":{\"@type\":\"EntryPoint\",\"urlTemplate\":\"https:\/\/www.campinglaguna.com\/?s={search_term_string}\"},\"query-input\":{\"@type\":\"PropertyValueSpecification\",\"valueRequired\":true,\"valueName\":\"search_term_string\"}}],\"inLanguage\":\"de\"},{\"@type\":\"Organization\",\"@id\":\"https:\/\/www.campinglaguna.com\/#organization\",\"name\":\"Camping Laguna\",\"url\":\"https:\/\/www.campinglaguna.com\/\",\"logo\":{\"@type\":\"ImageObject\",\"inLanguage\":\"de\",\"@id\":\"https:\/\/www.campinglaguna.com\/#\/schema\/logo\/image\/\",\"url\":\"https:\/\/www.campinglaguna.com\/wp-content\/uploads\/logo-laguna.png\",\"contentUrl\":\"https:\/\/www.campinglaguna.com\/wp-content\/uploads\/logo-laguna.png\",\"width\":263,\"height\":64,\"caption\":\"Camping Laguna\"},\"image\":{\"@id\":\"https:\/\/www.campinglaguna.com\/#\/schema\/logo\/image\/\"}}]}<\/script>\n<!-- \/ Yoast SEO plugin. -->","yoast_head_json":{"title":"Wassersport - Camping Laguna","description":"Die Bucht von Roses ist ein f\u00fcr verschiedene Wassersportarten bekannter Ort, da die Voraussetzungen ideal sind. Unsere Schule ist Ihnen dabei behilflich,","robots":{"index":"index","follow":"follow","max-snippet":"max-snippet:-1","max-image-preview":"max-image-preview:large","max-video-preview":"max-video-preview:-1"},"canonical":"https:\/\/www.campinglaguna.com\/que-hacer\/actividades\/deportes\/escuela-nautica-2\/","og_locale":"de_DE","og_type":"article","og_title":"Wassersport - Camping Laguna","og_description":"Die Bucht von Roses ist ein f\u00fcr verschiedene Wassersportarten bekannter Ort, da die Voraussetzungen ideal sind. Unsere Schule ist Ihnen dabei behilflich,","og_url":"https:\/\/www.campinglaguna.com\/que-hacer\/actividades\/deportes\/escuela-nautica-2\/","og_site_name":"Camping Laguna","article_modified_time":"2020-11-23T11:04:53+00:00","og_image":[{"width":1440,"height":500,"url":"https:\/\/www.campinglaguna.com\/wp-content\/uploads\/Principal13.jpg","type":"image\/jpeg"}],"twitter_card":"summary_large_image","twitter_misc":{"Gesch\u00e4tzte Lesezeit":"1\u00a0Minute"},"schema":{"@context":"https:\/\/schema.org","@graph":[{"@type":"WebPage","@id":"https:\/\/www.campinglaguna.com\/que-hacer\/actividades\/deportes\/escuela-nautica-2\/","url":"https:\/\/www.campinglaguna.com\/que-hacer\/actividades\/deportes\/escuela-nautica-2\/","name":"Wassersport - Camping Laguna","isPartOf":{"@id":"https:\/\/www.campinglaguna.com\/#website"},"primaryImageOfPage":{"@id":"https:\/\/www.campinglaguna.com\/que-hacer\/actividades\/deportes\/escuela-nautica-2\/#primaryimage"},"image":{"@id":"https:\/\/www.campinglaguna.com\/que-hacer\/actividades\/deportes\/escuela-nautica-2\/#primaryimage"},"thumbnailUrl":"https:\/\/www.campinglaguna.com\/wp-content\/uploads\/Principal13.jpg","datePublished":"2017-03-14T11:23:57+00:00","dateModified":"2020-11-23T11:04:53+00:00","description":"Die Bucht von Roses ist ein f\u00fcr verschiedene Wassersportarten bekannter Ort, da die Voraussetzungen ideal sind. Unsere Schule ist Ihnen dabei behilflich,","breadcrumb":{"@id":"https:\/\/www.campinglaguna.com\/que-hacer\/actividades\/deportes\/escuela-nautica-2\/#breadcrumb"},"inLanguage":"de","potentialAction":[{"@type":"ReadAction","target":["https:\/\/www.campinglaguna.com\/que-hacer\/actividades\/deportes\/escuela-nautica-2\/"]}]},{"@type":"ImageObject","inLanguage":"de","@id":"https:\/\/www.campinglaguna.com\/que-hacer\/actividades\/deportes\/escuela-nautica-2\/#primaryimage","url":"https:\/\/www.campinglaguna.com\/wp-content\/uploads\/Principal13.jpg","contentUrl":"https:\/\/www.campinglaguna.com\/wp-content\/uploads\/Principal13.jpg","width":1440,"height":500},{"@type":"BreadcrumbList","@id":"https:\/\/www.campinglaguna.com\/que-hacer\/actividades\/deportes\/escuela-nautica-2\/#breadcrumb","itemListElement":[{"@type":"ListItem","position":1,"name":"Camping Laguna","item":"https:\/\/www.campinglaguna.com\/de\/"},{"@type":"ListItem","position":2,"name":"\u00bfQue hacer?","item":"https:\/\/www.campinglaguna.com\/de\/que-hacer\/"},{"@type":"ListItem","position":3,"name":"Aktivit\u00e4ten","item":"https:\/\/www.campinglaguna.com\/de\/que-hacer\/aktivitaten\/"},{"@type":"ListItem","position":4,"name":"Sport","item":"https:\/\/www.campinglaguna.com\/de\/que-hacer\/aktivitaten\/sport\/"},{"@type":"ListItem","position":5,"name":"Wassersport"}]},{"@type":"WebSite","@id":"https:\/\/www.campinglaguna.com\/#website","url":"https:\/\/www.campinglaguna.com\/","name":"Camping Laguna","description":"Otro sitio realizado con WordPress","publisher":{"@id":"https:\/\/www.campinglaguna.com\/#organization"},"potentialAction":[{"@type":"SearchAction","target":{"@type":"EntryPoint","urlTemplate":"https:\/\/www.campinglaguna.com\/?s={search_term_string}"},"query-input":{"@type":"PropertyValueSpecification","valueRequired":true,"valueName":"search_term_string"}}],"inLanguage":"de"},{"@type":"Organization","@id":"https:\/\/www.campinglaguna.com\/#organization","name":"Camping Laguna","url":"https:\/\/www.campinglaguna.com\/","logo":{"@type":"ImageObject","inLanguage":"de","@id":"https:\/\/www.campinglaguna.com\/#\/schema\/logo\/image\/","url":"https:\/\/www.campinglaguna.com\/wp-content\/uploads\/logo-laguna.png","contentUrl":"https:\/\/www.campinglaguna.com\/wp-content\/uploads\/logo-laguna.png","width":263,"height":64,"caption":"Camping Laguna"},"image":{"@id":"https:\/\/www.campinglaguna.com\/#\/schema\/logo\/image\/"}}]}},"_links":{"self":[{"href":"https:\/\/www.campinglaguna.com\/de\/wp-json\/wp\/v2\/pages\/24219","targetHints":{"allow":["GET"]}}],"collection":[{"href":"https:\/\/www.campinglaguna.com\/de\/wp-json\/wp\/v2\/pages"}],"about":[{"href":"https:\/\/www.campinglaguna.com\/de\/wp-json\/wp\/v2\/types\/page"}],"author":[{"embeddable":true,"href":"https:\/\/www.campinglaguna.com\/de\/wp-json\/wp\/v2\/users\/1"}],"replies":[{"embeddable":true,"href":"https:\/\/www.campinglaguna.com\/de\/wp-json\/wp\/v2\/comments?post=24219"}],"version-history":[{"count":2,"href":"https:\/\/www.campinglaguna.com\/de\/wp-json\/wp\/v2\/pages\/24219\/revisions"}],"predecessor-version":[{"id":35533,"href":"https:\/\/www.campinglaguna.com\/de\/wp-json\/wp\/v2\/pages\/24219\/revisions\/35533"}],"up":[{"embeddable":true,"href":"https:\/\/www.campinglaguna.com\/de\/wp-json\/wp\/v2\/pages\/24216"}],"wp:featuredmedia":[{"embeddable":true,"href":"https:\/\/www.campinglaguna.com\/de\/wp-json\/wp\/v2\/media\/20213"}],"wp:attachment":[{"href":"https:\/\/www.campinglaguna.com\/de\/wp-json\/wp\/v2\/media?parent=24219"}],"curies":[{"name":"wp","href":"https:\/\/api.w.org\/{rel}","templated":true}]}}