{"id":24226,"date":"2017-03-14T12:29:02","date_gmt":"2017-03-14T11:29:02","guid":{"rendered":"https:\/\/www.campinglaguna.com\/que-hacer\/aktivitaten\/sport\/sportanlagen\/"},"modified":"2020-11-23T12:06:14","modified_gmt":"2020-11-23T11:06:14","slug":"sportanlagen","status":"publish","type":"page","link":"https:\/\/www.campinglaguna.com\/de\/que-hacer\/aktivitaten\/sport\/sportanlagen\/","title":{"rendered":"Sportanlagen"},"content":{"rendered":"<p>&#8222;Mens sana in corpore sano&#8220;<\/p>\n<p>Seien Sie auch in Ihren Ferien sportlich! Auf Camping Laguna finden Sie zahlreiche M\u00f6glichkeiten, Ihren Lieblingssport auszu\u00fcben oder eine neue Sportart zu erlernen.<\/p>\n<p>In der N\u00e4he der Disco befinden sich unsere Sportanlagen, mit Tennispl\u00e4tzen, Fu\u00dfballfeld und Basketballplatz. Sie k\u00f6nnen auch am Meer auf unserem f\u00fcr Strandvolleyball hergerichteten Gel\u00e4nde sportlich werden. F\u00fcr die besonders sportlichen G\u00e4ste unsere Fitnessger\u00e4te im Freien und f\u00fcr die ruhigeren der Minigolfplatz.<\/p>\n","protected":false},"excerpt":{"rendered":"<p>&#8222;Mens sana in corpore sano&#8220; Seien Sie auch in Ihren Ferien sportlich! Auf Camping Laguna finden Sie zahlreiche M\u00f6glichkeiten, Ihren Lieblingssport auszu\u00fcben oder eine neue Sportart zu erlernen. In der [&hellip;]<\/p>\n","protected":false},"author":1,"featured_media":20215,"parent":24216,"menu_order":2,"comment_status":"closed","ping_status":"closed","template":"","meta":{"_acf_changed":false,"footnotes":""},"class_list":["post-24226","page","type-page","status-publish","has-post-thumbnail","hentry"],"acf":[],"yoast_head":"<!-- This site is optimized with the Yoast SEO plugin v26.1.1 - https:\/\/yoast.com\/wordpress\/plugins\/seo\/ -->\n<title>Sportanlagen - Camping Laguna<\/title>\n<meta name=\"description\" content=\"&quot;Mens sana in corpore sano&quot; Seien Sie auch in Ihren Ferien sportlich! Auf Camping Laguna finden Sie zahlreiche M\u00f6glichkeiten, Ihren Lieblingssport\" \/>\n<meta name=\"robots\" content=\"index, follow, max-snippet:-1, max-image-preview:large, max-video-preview:-1\" \/>\n<link rel=\"canonical\" href=\"https:\/\/www.campinglaguna.com\/de\/que-hacer\/aktivitaten\/sport\/sportanlagen\/\" \/>\n<meta property=\"og:locale\" content=\"de_DE\" \/>\n<meta property=\"og:type\" content=\"article\" \/>\n<meta property=\"og:title\" content=\"Sportanlagen - Camping Laguna\" \/>\n<meta property=\"og:description\" content=\"&quot;Mens sana in corpore sano&quot; Seien Sie auch in Ihren Ferien sportlich! Auf Camping Laguna finden Sie zahlreiche M\u00f6glichkeiten, Ihren Lieblingssport\" \/>\n<meta property=\"og:url\" content=\"https:\/\/www.campinglaguna.com\/de\/que-hacer\/aktivitaten\/sport\/sportanlagen\/\" \/>\n<meta property=\"og:site_name\" content=\"Camping Laguna\" \/>\n<meta property=\"article:modified_time\" content=\"2020-11-23T11:06:14+00:00\" \/>\n<meta property=\"og:image\" content=\"https:\/\/www.campinglaguna.com\/wp-content\/uploads\/Principal15.jpg\" \/>\n\t<meta property=\"og:image:width\" content=\"1440\" \/>\n\t<meta property=\"og:image:height\" content=\"500\" \/>\n\t<meta property=\"og:image:type\" content=\"image\/jpeg\" \/>\n<meta name=\"twitter:card\" content=\"summary_large_image\" \/>\n<script type=\"application\/ld+json\" class=\"yoast-schema-graph\">{\"@context\":\"https:\/\/schema.org\",\"@graph\":[{\"@type\":\"WebPage\",\"@id\":\"https:\/\/www.campinglaguna.com\/de\/que-hacer\/aktivitaten\/sport\/sportanlagen\/\",\"url\":\"https:\/\/www.campinglaguna.com\/de\/que-hacer\/aktivitaten\/sport\/sportanlagen\/\",\"name\":\"Sportanlagen - Camping Laguna\",\"isPartOf\":{\"@id\":\"https:\/\/www.campinglaguna.com\/#website\"},\"primaryImageOfPage\":{\"@id\":\"https:\/\/www.campinglaguna.com\/de\/que-hacer\/aktivitaten\/sport\/sportanlagen\/#primaryimage\"},\"image\":{\"@id\":\"https:\/\/www.campinglaguna.com\/de\/que-hacer\/aktivitaten\/sport\/sportanlagen\/#primaryimage\"},\"thumbnailUrl\":\"https:\/\/www.campinglaguna.com\/wp-content\/uploads\/Principal15.jpg\",\"datePublished\":\"2017-03-14T11:29:02+00:00\",\"dateModified\":\"2020-11-23T11:06:14+00:00\",\"description\":\"\\\"Mens sana in corpore sano\\\" Seien Sie auch in Ihren Ferien sportlich! Auf Camping Laguna finden Sie zahlreiche M\u00f6glichkeiten, Ihren Lieblingssport\",\"breadcrumb\":{\"@id\":\"https:\/\/www.campinglaguna.com\/de\/que-hacer\/aktivitaten\/sport\/sportanlagen\/#breadcrumb\"},\"inLanguage\":\"de\",\"potentialAction\":[{\"@type\":\"ReadAction\",\"target\":[\"https:\/\/www.campinglaguna.com\/de\/que-hacer\/aktivitaten\/sport\/sportanlagen\/\"]}]},{\"@type\":\"ImageObject\",\"inLanguage\":\"de\",\"@id\":\"https:\/\/www.campinglaguna.com\/de\/que-hacer\/aktivitaten\/sport\/sportanlagen\/#primaryimage\",\"url\":\"https:\/\/www.campinglaguna.com\/wp-content\/uploads\/Principal15.jpg\",\"contentUrl\":\"https:\/\/www.campinglaguna.com\/wp-content\/uploads\/Principal15.jpg\",\"width\":1440,\"height\":500},{\"@type\":\"BreadcrumbList\",\"@id\":\"https:\/\/www.campinglaguna.com\/de\/que-hacer\/aktivitaten\/sport\/sportanlagen\/#breadcrumb\",\"itemListElement\":[{\"@type\":\"ListItem\",\"position\":1,\"name\":\"Camping Laguna\",\"item\":\"https:\/\/www.campinglaguna.com\/de\/\"},{\"@type\":\"ListItem\",\"position\":2,\"name\":\"\u00bfQue hacer?\",\"item\":\"https:\/\/www.campinglaguna.com\/de\/que-hacer\/\"},{\"@type\":\"ListItem\",\"position\":3,\"name\":\"Aktivit\u00e4ten\",\"item\":\"https:\/\/www.campinglaguna.com\/de\/que-hacer\/aktivitaten\/\"},{\"@type\":\"ListItem\",\"position\":4,\"name\":\"Sport\",\"item\":\"https:\/\/www.campinglaguna.com\/de\/que-hacer\/aktivitaten\/sport\/\"},{\"@type\":\"ListItem\",\"position\":5,\"name\":\"Sportanlagen\"}]},{\"@type\":\"WebSite\",\"@id\":\"https:\/\/www.campinglaguna.com\/#website\",\"url\":\"https:\/\/www.campinglaguna.com\/\",\"name\":\"Camping Laguna\",\"description\":\"Otro sitio realizado con WordPress\",\"publisher\":{\"@id\":\"https:\/\/www.campinglaguna.com\/#organization\"},\"potentialAction\":[{\"@type\":\"SearchAction\",\"target\":{\"@type\":\"EntryPoint\",\"urlTemplate\":\"https:\/\/www.campinglaguna.com\/?s={search_term_string}\"},\"query-input\":{\"@type\":\"PropertyValueSpecification\",\"valueRequired\":true,\"valueName\":\"search_term_string\"}}],\"inLanguage\":\"de\"},{\"@type\":\"Organization\",\"@id\":\"https:\/\/www.campinglaguna.com\/#organization\",\"name\":\"Camping Laguna\",\"url\":\"https:\/\/www.campinglaguna.com\/\",\"logo\":{\"@type\":\"ImageObject\",\"inLanguage\":\"de\",\"@id\":\"https:\/\/www.campinglaguna.com\/#\/schema\/logo\/image\/\",\"url\":\"https:\/\/www.campinglaguna.com\/wp-content\/uploads\/logo-laguna.png\",\"contentUrl\":\"https:\/\/www.campinglaguna.com\/wp-content\/uploads\/logo-laguna.png\",\"width\":263,\"height\":64,\"caption\":\"Camping Laguna\"},\"image\":{\"@id\":\"https:\/\/www.campinglaguna.com\/#\/schema\/logo\/image\/\"}}]}<\/script>\n<!-- \/ Yoast SEO plugin. -->","yoast_head_json":{"title":"Sportanlagen - Camping Laguna","description":"\"Mens sana in corpore sano\" Seien Sie auch in Ihren Ferien sportlich! Auf Camping Laguna finden Sie zahlreiche M\u00f6glichkeiten, Ihren Lieblingssport","robots":{"index":"index","follow":"follow","max-snippet":"max-snippet:-1","max-image-preview":"max-image-preview:large","max-video-preview":"max-video-preview:-1"},"canonical":"https:\/\/www.campinglaguna.com\/de\/que-hacer\/aktivitaten\/sport\/sportanlagen\/","og_locale":"de_DE","og_type":"article","og_title":"Sportanlagen - Camping Laguna","og_description":"\"Mens sana in corpore sano\" Seien Sie auch in Ihren Ferien sportlich! Auf Camping Laguna finden Sie zahlreiche M\u00f6glichkeiten, Ihren Lieblingssport","og_url":"https:\/\/www.campinglaguna.com\/de\/que-hacer\/aktivitaten\/sport\/sportanlagen\/","og_site_name":"Camping Laguna","article_modified_time":"2020-11-23T11:06:14+00:00","og_image":[{"width":1440,"height":500,"url":"https:\/\/www.campinglaguna.com\/wp-content\/uploads\/Principal15.jpg","type":"image\/jpeg"}],"twitter_card":"summary_large_image","schema":{"@context":"https:\/\/schema.org","@graph":[{"@type":"WebPage","@id":"https:\/\/www.campinglaguna.com\/de\/que-hacer\/aktivitaten\/sport\/sportanlagen\/","url":"https:\/\/www.campinglaguna.com\/de\/que-hacer\/aktivitaten\/sport\/sportanlagen\/","name":"Sportanlagen - Camping Laguna","isPartOf":{"@id":"https:\/\/www.campinglaguna.com\/#website"},"primaryImageOfPage":{"@id":"https:\/\/www.campinglaguna.com\/de\/que-hacer\/aktivitaten\/sport\/sportanlagen\/#primaryimage"},"image":{"@id":"https:\/\/www.campinglaguna.com\/de\/que-hacer\/aktivitaten\/sport\/sportanlagen\/#primaryimage"},"thumbnailUrl":"https:\/\/www.campinglaguna.com\/wp-content\/uploads\/Principal15.jpg","datePublished":"2017-03-14T11:29:02+00:00","dateModified":"2020-11-23T11:06:14+00:00","description":"\"Mens sana in corpore sano\" Seien Sie auch in Ihren Ferien sportlich! Auf Camping Laguna finden Sie zahlreiche M\u00f6glichkeiten, Ihren Lieblingssport","breadcrumb":{"@id":"https:\/\/www.campinglaguna.com\/de\/que-hacer\/aktivitaten\/sport\/sportanlagen\/#breadcrumb"},"inLanguage":"de","potentialAction":[{"@type":"ReadAction","target":["https:\/\/www.campinglaguna.com\/de\/que-hacer\/aktivitaten\/sport\/sportanlagen\/"]}]},{"@type":"ImageObject","inLanguage":"de","@id":"https:\/\/www.campinglaguna.com\/de\/que-hacer\/aktivitaten\/sport\/sportanlagen\/#primaryimage","url":"https:\/\/www.campinglaguna.com\/wp-content\/uploads\/Principal15.jpg","contentUrl":"https:\/\/www.campinglaguna.com\/wp-content\/uploads\/Principal15.jpg","width":1440,"height":500},{"@type":"BreadcrumbList","@id":"https:\/\/www.campinglaguna.com\/de\/que-hacer\/aktivitaten\/sport\/sportanlagen\/#breadcrumb","itemListElement":[{"@type":"ListItem","position":1,"name":"Camping Laguna","item":"https:\/\/www.campinglaguna.com\/de\/"},{"@type":"ListItem","position":2,"name":"\u00bfQue hacer?","item":"https:\/\/www.campinglaguna.com\/de\/que-hacer\/"},{"@type":"ListItem","position":3,"name":"Aktivit\u00e4ten","item":"https:\/\/www.campinglaguna.com\/de\/que-hacer\/aktivitaten\/"},{"@type":"ListItem","position":4,"name":"Sport","item":"https:\/\/www.campinglaguna.com\/de\/que-hacer\/aktivitaten\/sport\/"},{"@type":"ListItem","position":5,"name":"Sportanlagen"}]},{"@type":"WebSite","@id":"https:\/\/www.campinglaguna.com\/#website","url":"https:\/\/www.campinglaguna.com\/","name":"Camping Laguna","description":"Otro sitio realizado con WordPress","publisher":{"@id":"https:\/\/www.campinglaguna.com\/#organization"},"potentialAction":[{"@type":"SearchAction","target":{"@type":"EntryPoint","urlTemplate":"https:\/\/www.campinglaguna.com\/?s={search_term_string}"},"query-input":{"@type":"PropertyValueSpecification","valueRequired":true,"valueName":"search_term_string"}}],"inLanguage":"de"},{"@type":"Organization","@id":"https:\/\/www.campinglaguna.com\/#organization","name":"Camping Laguna","url":"https:\/\/www.campinglaguna.com\/","logo":{"@type":"ImageObject","inLanguage":"de","@id":"https:\/\/www.campinglaguna.com\/#\/schema\/logo\/image\/","url":"https:\/\/www.campinglaguna.com\/wp-content\/uploads\/logo-laguna.png","contentUrl":"https:\/\/www.campinglaguna.com\/wp-content\/uploads\/logo-laguna.png","width":263,"height":64,"caption":"Camping Laguna"},"image":{"@id":"https:\/\/www.campinglaguna.com\/#\/schema\/logo\/image\/"}}]}},"_links":{"self":[{"href":"https:\/\/www.campinglaguna.com\/de\/wp-json\/wp\/v2\/pages\/24226","targetHints":{"allow":["GET"]}}],"collection":[{"href":"https:\/\/www.campinglaguna.com\/de\/wp-json\/wp\/v2\/pages"}],"about":[{"href":"https:\/\/www.campinglaguna.com\/de\/wp-json\/wp\/v2\/types\/page"}],"author":[{"embeddable":true,"href":"https:\/\/www.campinglaguna.com\/de\/wp-json\/wp\/v2\/users\/1"}],"replies":[{"embeddable":true,"href":"https:\/\/www.campinglaguna.com\/de\/wp-json\/wp\/v2\/comments?post=24226"}],"version-history":[{"count":2,"href":"https:\/\/www.campinglaguna.com\/de\/wp-json\/wp\/v2\/pages\/24226\/revisions"}],"predecessor-version":[{"id":35534,"href":"https:\/\/www.campinglaguna.com\/de\/wp-json\/wp\/v2\/pages\/24226\/revisions\/35534"}],"up":[{"embeddable":true,"href":"https:\/\/www.campinglaguna.com\/de\/wp-json\/wp\/v2\/pages\/24216"}],"wp:featuredmedia":[{"embeddable":true,"href":"https:\/\/www.campinglaguna.com\/de\/wp-json\/wp\/v2\/media\/20215"}],"wp:attachment":[{"href":"https:\/\/www.campinglaguna.com\/de\/wp-json\/wp\/v2\/media?parent=24226"}],"curies":[{"name":"wp","href":"https:\/\/api.w.org\/{rel}","templated":true}]}}