{"id":24271,"date":"2017-03-14T13:07:39","date_gmt":"2017-03-14T12:07:39","guid":{"rendered":"https:\/\/www.campinglaguna.com\/que-hacer\/aktivitaten\/kultur\/enotourismus\/"},"modified":"2017-04-03T12:59:49","modified_gmt":"2017-04-03T10:59:49","slug":"enotourismus","status":"publish","type":"page","link":"https:\/\/www.campinglaguna.com\/de\/que-hacer\/aktivitaten\/kultur\/enotourismus\/","title":{"rendered":"Enotourismus"},"content":{"rendered":"<p>Wir befinden uns in einem Bezirk mit langj\u00e4hriger Tradition in der Herstellung von Weinen, die bereits im Jahr 600 v. Chr. mit der Ankunft der griechischen Zivilisation in Emp\u00faries dokumentiert wurde. Dieser historische Moment gilt als Anfang des Weinanbaus auf der Iberischen Halbinsel.<\/p>\n<p>Die Palette der Weine ist sehr umfangreich und reicht von Rotweinen hoher Qualit\u00e4t bis zu frischen, k\u00f6stlichen Wei\u00df- und Ros\u00e9weinen mit einem m\u00e4\u00dfigen Alkoholgehalt. Bemerkenswert sind die Dessertweine, wie der &#8222;Garnatxa de l&#8217;Empord\u00e0&#8220;, ein traditionell angereicherter s\u00fc\u00dfer Lik\u00f6rwein oder der &#8222;Moscatell de l&#8217;Empord\u00e0&#8220;, ein nat\u00fcrlicher S\u00fc\u00dfwein.<\/p>\n<p>Viele Weinbauer des Bezirks schlossen sich unter der Herkunftsbezeichnung &#8222;Empord\u00e0&#8220; zusammen und bieten Besuche in ihren Weinkellern und zahlreiche Aktivit\u00e4ten des Enotourismus. Wir empfehlen Ihnen einen Besuch, denn es ist eine andere Weise, das Innere unseres Bezirks und dessen Produkte kennen zu lernen.<\/p>\n<p>Vom Campingplatz aus organisieren wir Ausfl\u00fcge zu anderen Weinbaugebieten, wie die Besuche der ber\u00fchmten Sektkellereien Freixenet oder Codorniu in der N\u00e4he von Barcelona.<\/p>\n<p>&nbsp;<\/p>\n","protected":false},"excerpt":{"rendered":"<p>Wir befinden uns in einem Bezirk mit langj\u00e4hriger Tradition in der Herstellung von Weinen, die bereits im Jahr 600 v. Chr. mit der Ankunft der griechischen Zivilisation in Emp\u00faries dokumentiert [&hellip;]<\/p>\n","protected":false},"author":2,"featured_media":22142,"parent":24231,"menu_order":0,"comment_status":"closed","ping_status":"closed","template":"","meta":{"_acf_changed":false,"footnotes":""},"class_list":["post-24271","page","type-page","status-publish","has-post-thumbnail","hentry"],"acf":[],"yoast_head":"<!-- This site is optimized with the Yoast SEO plugin v26.1.1 - https:\/\/yoast.com\/wordpress\/plugins\/seo\/ -->\n<title>Enotourismus - Camping Laguna<\/title>\n<meta name=\"description\" content=\"Wir befinden uns in einem Bezirk mit langj\u00e4hriger Tradition in der Herstellung von Weinen, die bereits im Jahr 600 v. Chr. mit der Ankunft der\" \/>\n<meta name=\"robots\" content=\"index, follow, max-snippet:-1, max-image-preview:large, max-video-preview:-1\" \/>\n<link rel=\"canonical\" href=\"https:\/\/www.campinglaguna.com\/que-hacer\/actividades\/cultura\/vinos\/\" \/>\n<meta property=\"og:locale\" content=\"de_DE\" \/>\n<meta property=\"og:type\" content=\"article\" \/>\n<meta property=\"og:title\" content=\"Enotourismus - Camping Laguna\" \/>\n<meta property=\"og:description\" content=\"Wir befinden uns in einem Bezirk mit langj\u00e4hriger Tradition in der Herstellung von Weinen, die bereits im Jahr 600 v. Chr. mit der Ankunft der\" \/>\n<meta property=\"og:url\" content=\"https:\/\/www.campinglaguna.com\/que-hacer\/actividades\/cultura\/vinos\/\" \/>\n<meta property=\"og:site_name\" content=\"Camping Laguna\" \/>\n<meta property=\"article:modified_time\" content=\"2017-04-03T10:59:49+00:00\" \/>\n<meta property=\"og:image\" content=\"https:\/\/www.campinglaguna.com\/wp-content\/uploads\/gastro6.jpg\" \/>\n\t<meta property=\"og:image:width\" content=\"1440\" \/>\n\t<meta property=\"og:image:height\" content=\"500\" \/>\n\t<meta property=\"og:image:type\" content=\"image\/jpeg\" \/>\n<meta name=\"twitter:card\" content=\"summary_large_image\" \/>\n<meta name=\"twitter:label1\" content=\"Gesch\u00e4tzte Lesezeit\" \/>\n\t<meta name=\"twitter:data1\" content=\"1\u00a0Minute\" \/>\n<script type=\"application\/ld+json\" class=\"yoast-schema-graph\">{\"@context\":\"https:\/\/schema.org\",\"@graph\":[{\"@type\":\"WebPage\",\"@id\":\"https:\/\/www.campinglaguna.com\/que-hacer\/actividades\/cultura\/vinos\/\",\"url\":\"https:\/\/www.campinglaguna.com\/que-hacer\/actividades\/cultura\/vinos\/\",\"name\":\"Enotourismus - Camping Laguna\",\"isPartOf\":{\"@id\":\"https:\/\/www.campinglaguna.com\/#website\"},\"primaryImageOfPage\":{\"@id\":\"https:\/\/www.campinglaguna.com\/que-hacer\/actividades\/cultura\/vinos\/#primaryimage\"},\"image\":{\"@id\":\"https:\/\/www.campinglaguna.com\/que-hacer\/actividades\/cultura\/vinos\/#primaryimage\"},\"thumbnailUrl\":\"https:\/\/www.campinglaguna.com\/wp-content\/uploads\/gastro6.jpg\",\"datePublished\":\"2017-03-14T12:07:39+00:00\",\"dateModified\":\"2017-04-03T10:59:49+00:00\",\"description\":\"Wir befinden uns in einem Bezirk mit langj\u00e4hriger Tradition in der Herstellung von Weinen, die bereits im Jahr 600 v. Chr. mit der Ankunft der\",\"breadcrumb\":{\"@id\":\"https:\/\/www.campinglaguna.com\/que-hacer\/actividades\/cultura\/vinos\/#breadcrumb\"},\"inLanguage\":\"de\",\"potentialAction\":[{\"@type\":\"ReadAction\",\"target\":[\"https:\/\/www.campinglaguna.com\/que-hacer\/actividades\/cultura\/vinos\/\"]}]},{\"@type\":\"ImageObject\",\"inLanguage\":\"de\",\"@id\":\"https:\/\/www.campinglaguna.com\/que-hacer\/actividades\/cultura\/vinos\/#primaryimage\",\"url\":\"https:\/\/www.campinglaguna.com\/wp-content\/uploads\/gastro6.jpg\",\"contentUrl\":\"https:\/\/www.campinglaguna.com\/wp-content\/uploads\/gastro6.jpg\",\"width\":1440,\"height\":500},{\"@type\":\"BreadcrumbList\",\"@id\":\"https:\/\/www.campinglaguna.com\/que-hacer\/actividades\/cultura\/vinos\/#breadcrumb\",\"itemListElement\":[{\"@type\":\"ListItem\",\"position\":1,\"name\":\"Camping Laguna\",\"item\":\"https:\/\/www.campinglaguna.com\/de\/\"},{\"@type\":\"ListItem\",\"position\":2,\"name\":\"\u00bfQue hacer?\",\"item\":\"https:\/\/www.campinglaguna.com\/de\/que-hacer\/\"},{\"@type\":\"ListItem\",\"position\":3,\"name\":\"Aktivit\u00e4ten\",\"item\":\"https:\/\/www.campinglaguna.com\/de\/que-hacer\/aktivitaten\/\"},{\"@type\":\"ListItem\",\"position\":4,\"name\":\"Kultur\",\"item\":\"https:\/\/www.campinglaguna.com\/de\/que-hacer\/aktivitaten\/kultur\/\"},{\"@type\":\"ListItem\",\"position\":5,\"name\":\"Enotourismus\"}]},{\"@type\":\"WebSite\",\"@id\":\"https:\/\/www.campinglaguna.com\/#website\",\"url\":\"https:\/\/www.campinglaguna.com\/\",\"name\":\"Camping Laguna\",\"description\":\"Otro sitio realizado con WordPress\",\"publisher\":{\"@id\":\"https:\/\/www.campinglaguna.com\/#organization\"},\"potentialAction\":[{\"@type\":\"SearchAction\",\"target\":{\"@type\":\"EntryPoint\",\"urlTemplate\":\"https:\/\/www.campinglaguna.com\/?s={search_term_string}\"},\"query-input\":{\"@type\":\"PropertyValueSpecification\",\"valueRequired\":true,\"valueName\":\"search_term_string\"}}],\"inLanguage\":\"de\"},{\"@type\":\"Organization\",\"@id\":\"https:\/\/www.campinglaguna.com\/#organization\",\"name\":\"Camping Laguna\",\"url\":\"https:\/\/www.campinglaguna.com\/\",\"logo\":{\"@type\":\"ImageObject\",\"inLanguage\":\"de\",\"@id\":\"https:\/\/www.campinglaguna.com\/#\/schema\/logo\/image\/\",\"url\":\"https:\/\/www.campinglaguna.com\/wp-content\/uploads\/logo-laguna.png\",\"contentUrl\":\"https:\/\/www.campinglaguna.com\/wp-content\/uploads\/logo-laguna.png\",\"width\":263,\"height\":64,\"caption\":\"Camping Laguna\"},\"image\":{\"@id\":\"https:\/\/www.campinglaguna.com\/#\/schema\/logo\/image\/\"}}]}<\/script>\n<!-- \/ Yoast SEO plugin. -->","yoast_head_json":{"title":"Enotourismus - Camping Laguna","description":"Wir befinden uns in einem Bezirk mit langj\u00e4hriger Tradition in der Herstellung von Weinen, die bereits im Jahr 600 v. Chr. mit der Ankunft der","robots":{"index":"index","follow":"follow","max-snippet":"max-snippet:-1","max-image-preview":"max-image-preview:large","max-video-preview":"max-video-preview:-1"},"canonical":"https:\/\/www.campinglaguna.com\/que-hacer\/actividades\/cultura\/vinos\/","og_locale":"de_DE","og_type":"article","og_title":"Enotourismus - Camping Laguna","og_description":"Wir befinden uns in einem Bezirk mit langj\u00e4hriger Tradition in der Herstellung von Weinen, die bereits im Jahr 600 v. Chr. mit der Ankunft der","og_url":"https:\/\/www.campinglaguna.com\/que-hacer\/actividades\/cultura\/vinos\/","og_site_name":"Camping Laguna","article_modified_time":"2017-04-03T10:59:49+00:00","og_image":[{"width":1440,"height":500,"url":"https:\/\/www.campinglaguna.com\/wp-content\/uploads\/gastro6.jpg","type":"image\/jpeg"}],"twitter_card":"summary_large_image","twitter_misc":{"Gesch\u00e4tzte Lesezeit":"1\u00a0Minute"},"schema":{"@context":"https:\/\/schema.org","@graph":[{"@type":"WebPage","@id":"https:\/\/www.campinglaguna.com\/que-hacer\/actividades\/cultura\/vinos\/","url":"https:\/\/www.campinglaguna.com\/que-hacer\/actividades\/cultura\/vinos\/","name":"Enotourismus - Camping Laguna","isPartOf":{"@id":"https:\/\/www.campinglaguna.com\/#website"},"primaryImageOfPage":{"@id":"https:\/\/www.campinglaguna.com\/que-hacer\/actividades\/cultura\/vinos\/#primaryimage"},"image":{"@id":"https:\/\/www.campinglaguna.com\/que-hacer\/actividades\/cultura\/vinos\/#primaryimage"},"thumbnailUrl":"https:\/\/www.campinglaguna.com\/wp-content\/uploads\/gastro6.jpg","datePublished":"2017-03-14T12:07:39+00:00","dateModified":"2017-04-03T10:59:49+00:00","description":"Wir befinden uns in einem Bezirk mit langj\u00e4hriger Tradition in der Herstellung von Weinen, die bereits im Jahr 600 v. Chr. mit der Ankunft der","breadcrumb":{"@id":"https:\/\/www.campinglaguna.com\/que-hacer\/actividades\/cultura\/vinos\/#breadcrumb"},"inLanguage":"de","potentialAction":[{"@type":"ReadAction","target":["https:\/\/www.campinglaguna.com\/que-hacer\/actividades\/cultura\/vinos\/"]}]},{"@type":"ImageObject","inLanguage":"de","@id":"https:\/\/www.campinglaguna.com\/que-hacer\/actividades\/cultura\/vinos\/#primaryimage","url":"https:\/\/www.campinglaguna.com\/wp-content\/uploads\/gastro6.jpg","contentUrl":"https:\/\/www.campinglaguna.com\/wp-content\/uploads\/gastro6.jpg","width":1440,"height":500},{"@type":"BreadcrumbList","@id":"https:\/\/www.campinglaguna.com\/que-hacer\/actividades\/cultura\/vinos\/#breadcrumb","itemListElement":[{"@type":"ListItem","position":1,"name":"Camping Laguna","item":"https:\/\/www.campinglaguna.com\/de\/"},{"@type":"ListItem","position":2,"name":"\u00bfQue hacer?","item":"https:\/\/www.campinglaguna.com\/de\/que-hacer\/"},{"@type":"ListItem","position":3,"name":"Aktivit\u00e4ten","item":"https:\/\/www.campinglaguna.com\/de\/que-hacer\/aktivitaten\/"},{"@type":"ListItem","position":4,"name":"Kultur","item":"https:\/\/www.campinglaguna.com\/de\/que-hacer\/aktivitaten\/kultur\/"},{"@type":"ListItem","position":5,"name":"Enotourismus"}]},{"@type":"WebSite","@id":"https:\/\/www.campinglaguna.com\/#website","url":"https:\/\/www.campinglaguna.com\/","name":"Camping Laguna","description":"Otro sitio realizado con WordPress","publisher":{"@id":"https:\/\/www.campinglaguna.com\/#organization"},"potentialAction":[{"@type":"SearchAction","target":{"@type":"EntryPoint","urlTemplate":"https:\/\/www.campinglaguna.com\/?s={search_term_string}"},"query-input":{"@type":"PropertyValueSpecification","valueRequired":true,"valueName":"search_term_string"}}],"inLanguage":"de"},{"@type":"Organization","@id":"https:\/\/www.campinglaguna.com\/#organization","name":"Camping Laguna","url":"https:\/\/www.campinglaguna.com\/","logo":{"@type":"ImageObject","inLanguage":"de","@id":"https:\/\/www.campinglaguna.com\/#\/schema\/logo\/image\/","url":"https:\/\/www.campinglaguna.com\/wp-content\/uploads\/logo-laguna.png","contentUrl":"https:\/\/www.campinglaguna.com\/wp-content\/uploads\/logo-laguna.png","width":263,"height":64,"caption":"Camping Laguna"},"image":{"@id":"https:\/\/www.campinglaguna.com\/#\/schema\/logo\/image\/"}}]}},"_links":{"self":[{"href":"https:\/\/www.campinglaguna.com\/de\/wp-json\/wp\/v2\/pages\/24271","targetHints":{"allow":["GET"]}}],"collection":[{"href":"https:\/\/www.campinglaguna.com\/de\/wp-json\/wp\/v2\/pages"}],"about":[{"href":"https:\/\/www.campinglaguna.com\/de\/wp-json\/wp\/v2\/types\/page"}],"author":[{"embeddable":true,"href":"https:\/\/www.campinglaguna.com\/de\/wp-json\/wp\/v2\/users\/2"}],"replies":[{"embeddable":true,"href":"https:\/\/www.campinglaguna.com\/de\/wp-json\/wp\/v2\/comments?post=24271"}],"version-history":[{"count":1,"href":"https:\/\/www.campinglaguna.com\/de\/wp-json\/wp\/v2\/pages\/24271\/revisions"}],"predecessor-version":[{"id":25476,"href":"https:\/\/www.campinglaguna.com\/de\/wp-json\/wp\/v2\/pages\/24271\/revisions\/25476"}],"up":[{"embeddable":true,"href":"https:\/\/www.campinglaguna.com\/de\/wp-json\/wp\/v2\/pages\/24231"}],"wp:featuredmedia":[{"embeddable":true,"href":"https:\/\/www.campinglaguna.com\/de\/wp-json\/wp\/v2\/media\/22142"}],"wp:attachment":[{"href":"https:\/\/www.campinglaguna.com\/de\/wp-json\/wp\/v2\/media?parent=24271"}],"curies":[{"name":"wp","href":"https:\/\/api.w.org\/{rel}","templated":true}]}}