{"id":24274,"date":"2017-03-14T13:08:37","date_gmt":"2017-03-14T12:08:37","guid":{"rendered":"https:\/\/www.campinglaguna.com\/que-hacer\/aktivitaten\/kultur\/gastronomie\/"},"modified":"2017-03-14T13:08:45","modified_gmt":"2017-03-14T12:08:45","slug":"gastronomie","status":"publish","type":"page","link":"https:\/\/www.campinglaguna.com\/de\/que-hacer\/aktivitaten\/kultur\/gastronomie\/","title":{"rendered":"Gastronomie"},"content":{"rendered":"<p>Katalonien besitzt alle erforderlichen Zutaten f\u00fcr eine herausragende Gastronomie: Land und Landschaft sind so abwechslungsreich wie die Kochkunst, die erhalten ist, einige der besten K\u00f6che der Welt und verschiedene Qualit\u00e4tsprodukte der Saison. Wir laden Sie ein, die katalanischen Erzeugnisse zu kosten. Die gastronomischen Veranstaltungen, Messen und M\u00e4rkte geben Ihnen die Gelegenheit, sie zu finden.<\/p>\n<p>Die bekanntesten Gerichte der katalanischen Gastronomie sind l\u00e4ndlichen Ursprungs. Die Erzeugnisse aus den Bergen, den Gem\u00fcseg\u00e4rten und dem Meer sind besonders erw\u00e4hnenswert. Die am h\u00e4ufigsten verwendeten Zutaten sind Oliven\u00f6l, Schweineschmalz, Knoblauch, Zwiebeln, Gem\u00fcse, frischer Fisch und Meeresfr\u00fcchte, Reis, H\u00fclsenfr\u00fcchte und W\u00fcrzkr\u00e4uter.<\/p>\n<p>In unserem Bezirk ist die empordanesische K\u00fcche &#8222;Meer und Berge&#8220; von besonderer Bedeutung, da sie als Glanzlicht der mediterranen Gastronomie gilt. Wir empfehlen besonders Gerichte wie <em>pollastre amb escamarlans<\/em> (geschmortes H\u00e4hnchen mit Kaisergranaten) und <em>conill amb cargols<\/em> (Kaninchen mit Schnecken). Andere aus dem Inland sind die gebratene <em>botifarra dol\u00e7a<\/em> (s\u00fc\u00dfe grobe Bratwurst), <em>oca amb naps<\/em> (Gans mit Rettich), <em>platillo<\/em> (geschmorte Fleischsorten) und die Gerichte aus dem Meer wie <em>suquet de peix<\/em> (Fisch-Kartoffel-Topf), <em>s\u00e9pia amb p\u00e8sols<\/em> (Sepia mit Erbsen), die Seeigel und die Miesmuscheln und k\u00f6stliche Nachspeisen wie die <em>taps de Cadaqu\u00e9s<\/em>, die <em>flaones de Figueres<\/em>, <em>recuit<\/em> (eine Art Frischk\u00e4se) mit Honig und die <em>brunyols<\/em> (Krapfen) aus dem Empord\u00e0.<\/p>\n<p>Eine Gastronomie, die als Grundlage f\u00fcr eine Reihe der besten Restaurants dient. Wenige Kilometer vom Camping Laguna befand sich das mythische Restaurant von Ferran Adri\u00e0 &#8222;El Bulli&#8220;, der die K\u00fcche weltweit revolutionierte. Viele weitere katalanische Restaurants, mit dem &#8222;El Celler de Can Roca&#8220; in Girona an der Spitze sind weltweit anerkannt und wurden mit Sternen im renommierten Michelin-F\u00fchrer ausgezeichnet.<\/p>\n","protected":false},"excerpt":{"rendered":"<p>Katalonien besitzt alle erforderlichen Zutaten f\u00fcr eine herausragende Gastronomie: Land und Landschaft sind so abwechslungsreich wie die Kochkunst, die erhalten ist, einige der besten K\u00f6che der Welt und verschiedene Qualit\u00e4tsprodukte [&hellip;]<\/p>\n","protected":false},"author":2,"featured_media":20739,"parent":24231,"menu_order":1,"comment_status":"closed","ping_status":"closed","template":"","meta":{"_acf_changed":false,"footnotes":""},"class_list":["post-24274","page","type-page","status-publish","has-post-thumbnail","hentry"],"acf":[],"yoast_head":"<!-- This site is optimized with the Yoast SEO plugin v26.1.1 - https:\/\/yoast.com\/wordpress\/plugins\/seo\/ -->\n<title>Gastronomie - Camping Laguna<\/title>\n<meta name=\"description\" content=\"Katalonien besitzt alle erforderlichen Zutaten f\u00fcr eine herausragende Gastronomie: Land und Landschaft sind so abwechslungsreich wie die Kochkunst, die\" \/>\n<meta name=\"robots\" content=\"index, follow, max-snippet:-1, max-image-preview:large, max-video-preview:-1\" \/>\n<link rel=\"canonical\" href=\"https:\/\/www.campinglaguna.com\/que-hacer\/actividades\/cultura\/gastronomia\/\" \/>\n<meta property=\"og:locale\" content=\"de_DE\" \/>\n<meta property=\"og:type\" content=\"article\" \/>\n<meta property=\"og:title\" content=\"Gastronomie - Camping Laguna\" \/>\n<meta property=\"og:description\" content=\"Katalonien besitzt alle erforderlichen Zutaten f\u00fcr eine herausragende Gastronomie: Land und Landschaft sind so abwechslungsreich wie die Kochkunst, die\" \/>\n<meta property=\"og:url\" content=\"https:\/\/www.campinglaguna.com\/que-hacer\/actividades\/cultura\/gastronomia\/\" \/>\n<meta property=\"og:site_name\" content=\"Camping Laguna\" \/>\n<meta property=\"article:modified_time\" content=\"2017-03-14T12:08:45+00:00\" \/>\n<meta property=\"og:image\" content=\"https:\/\/www.campinglaguna.com\/wp-content\/uploads\/principal6.jpg\" \/>\n\t<meta property=\"og:image:width\" content=\"1440\" \/>\n\t<meta property=\"og:image:height\" content=\"500\" \/>\n\t<meta property=\"og:image:type\" content=\"image\/jpeg\" \/>\n<meta name=\"twitter:card\" content=\"summary_large_image\" \/>\n<meta name=\"twitter:label1\" content=\"Gesch\u00e4tzte Lesezeit\" \/>\n\t<meta name=\"twitter:data1\" content=\"1\u00a0Minute\" \/>\n<script type=\"application\/ld+json\" class=\"yoast-schema-graph\">{\"@context\":\"https:\/\/schema.org\",\"@graph\":[{\"@type\":\"WebPage\",\"@id\":\"https:\/\/www.campinglaguna.com\/que-hacer\/actividades\/cultura\/gastronomia\/\",\"url\":\"https:\/\/www.campinglaguna.com\/que-hacer\/actividades\/cultura\/gastronomia\/\",\"name\":\"Gastronomie - Camping Laguna\",\"isPartOf\":{\"@id\":\"https:\/\/www.campinglaguna.com\/#website\"},\"primaryImageOfPage\":{\"@id\":\"https:\/\/www.campinglaguna.com\/que-hacer\/actividades\/cultura\/gastronomia\/#primaryimage\"},\"image\":{\"@id\":\"https:\/\/www.campinglaguna.com\/que-hacer\/actividades\/cultura\/gastronomia\/#primaryimage\"},\"thumbnailUrl\":\"https:\/\/www.campinglaguna.com\/wp-content\/uploads\/principal6.jpg\",\"datePublished\":\"2017-03-14T12:08:37+00:00\",\"dateModified\":\"2017-03-14T12:08:45+00:00\",\"description\":\"Katalonien besitzt alle erforderlichen Zutaten f\u00fcr eine herausragende Gastronomie: Land und Landschaft sind so abwechslungsreich wie die Kochkunst, die\",\"breadcrumb\":{\"@id\":\"https:\/\/www.campinglaguna.com\/que-hacer\/actividades\/cultura\/gastronomia\/#breadcrumb\"},\"inLanguage\":\"de\",\"potentialAction\":[{\"@type\":\"ReadAction\",\"target\":[\"https:\/\/www.campinglaguna.com\/que-hacer\/actividades\/cultura\/gastronomia\/\"]}]},{\"@type\":\"ImageObject\",\"inLanguage\":\"de\",\"@id\":\"https:\/\/www.campinglaguna.com\/que-hacer\/actividades\/cultura\/gastronomia\/#primaryimage\",\"url\":\"https:\/\/www.campinglaguna.com\/wp-content\/uploads\/principal6.jpg\",\"contentUrl\":\"https:\/\/www.campinglaguna.com\/wp-content\/uploads\/principal6.jpg\",\"width\":1440,\"height\":500},{\"@type\":\"BreadcrumbList\",\"@id\":\"https:\/\/www.campinglaguna.com\/que-hacer\/actividades\/cultura\/gastronomia\/#breadcrumb\",\"itemListElement\":[{\"@type\":\"ListItem\",\"position\":1,\"name\":\"Camping Laguna\",\"item\":\"https:\/\/www.campinglaguna.com\/de\/\"},{\"@type\":\"ListItem\",\"position\":2,\"name\":\"\u00bfQue hacer?\",\"item\":\"https:\/\/www.campinglaguna.com\/de\/que-hacer\/\"},{\"@type\":\"ListItem\",\"position\":3,\"name\":\"Aktivit\u00e4ten\",\"item\":\"https:\/\/www.campinglaguna.com\/de\/que-hacer\/aktivitaten\/\"},{\"@type\":\"ListItem\",\"position\":4,\"name\":\"Kultur\",\"item\":\"https:\/\/www.campinglaguna.com\/de\/que-hacer\/aktivitaten\/kultur\/\"},{\"@type\":\"ListItem\",\"position\":5,\"name\":\"Gastronomie\"}]},{\"@type\":\"WebSite\",\"@id\":\"https:\/\/www.campinglaguna.com\/#website\",\"url\":\"https:\/\/www.campinglaguna.com\/\",\"name\":\"Camping Laguna\",\"description\":\"Otro sitio realizado con WordPress\",\"publisher\":{\"@id\":\"https:\/\/www.campinglaguna.com\/#organization\"},\"potentialAction\":[{\"@type\":\"SearchAction\",\"target\":{\"@type\":\"EntryPoint\",\"urlTemplate\":\"https:\/\/www.campinglaguna.com\/?s={search_term_string}\"},\"query-input\":{\"@type\":\"PropertyValueSpecification\",\"valueRequired\":true,\"valueName\":\"search_term_string\"}}],\"inLanguage\":\"de\"},{\"@type\":\"Organization\",\"@id\":\"https:\/\/www.campinglaguna.com\/#organization\",\"name\":\"Camping Laguna\",\"url\":\"https:\/\/www.campinglaguna.com\/\",\"logo\":{\"@type\":\"ImageObject\",\"inLanguage\":\"de\",\"@id\":\"https:\/\/www.campinglaguna.com\/#\/schema\/logo\/image\/\",\"url\":\"https:\/\/www.campinglaguna.com\/wp-content\/uploads\/logo-laguna.png\",\"contentUrl\":\"https:\/\/www.campinglaguna.com\/wp-content\/uploads\/logo-laguna.png\",\"width\":263,\"height\":64,\"caption\":\"Camping Laguna\"},\"image\":{\"@id\":\"https:\/\/www.campinglaguna.com\/#\/schema\/logo\/image\/\"}}]}<\/script>\n<!-- \/ Yoast SEO plugin. -->","yoast_head_json":{"title":"Gastronomie - Camping Laguna","description":"Katalonien besitzt alle erforderlichen Zutaten f\u00fcr eine herausragende Gastronomie: Land und Landschaft sind so abwechslungsreich wie die Kochkunst, die","robots":{"index":"index","follow":"follow","max-snippet":"max-snippet:-1","max-image-preview":"max-image-preview:large","max-video-preview":"max-video-preview:-1"},"canonical":"https:\/\/www.campinglaguna.com\/que-hacer\/actividades\/cultura\/gastronomia\/","og_locale":"de_DE","og_type":"article","og_title":"Gastronomie - Camping Laguna","og_description":"Katalonien besitzt alle erforderlichen Zutaten f\u00fcr eine herausragende Gastronomie: Land und Landschaft sind so abwechslungsreich wie die Kochkunst, die","og_url":"https:\/\/www.campinglaguna.com\/que-hacer\/actividades\/cultura\/gastronomia\/","og_site_name":"Camping Laguna","article_modified_time":"2017-03-14T12:08:45+00:00","og_image":[{"width":1440,"height":500,"url":"https:\/\/www.campinglaguna.com\/wp-content\/uploads\/principal6.jpg","type":"image\/jpeg"}],"twitter_card":"summary_large_image","twitter_misc":{"Gesch\u00e4tzte Lesezeit":"1\u00a0Minute"},"schema":{"@context":"https:\/\/schema.org","@graph":[{"@type":"WebPage","@id":"https:\/\/www.campinglaguna.com\/que-hacer\/actividades\/cultura\/gastronomia\/","url":"https:\/\/www.campinglaguna.com\/que-hacer\/actividades\/cultura\/gastronomia\/","name":"Gastronomie - Camping Laguna","isPartOf":{"@id":"https:\/\/www.campinglaguna.com\/#website"},"primaryImageOfPage":{"@id":"https:\/\/www.campinglaguna.com\/que-hacer\/actividades\/cultura\/gastronomia\/#primaryimage"},"image":{"@id":"https:\/\/www.campinglaguna.com\/que-hacer\/actividades\/cultura\/gastronomia\/#primaryimage"},"thumbnailUrl":"https:\/\/www.campinglaguna.com\/wp-content\/uploads\/principal6.jpg","datePublished":"2017-03-14T12:08:37+00:00","dateModified":"2017-03-14T12:08:45+00:00","description":"Katalonien besitzt alle erforderlichen Zutaten f\u00fcr eine herausragende Gastronomie: Land und Landschaft sind so abwechslungsreich wie die Kochkunst, die","breadcrumb":{"@id":"https:\/\/www.campinglaguna.com\/que-hacer\/actividades\/cultura\/gastronomia\/#breadcrumb"},"inLanguage":"de","potentialAction":[{"@type":"ReadAction","target":["https:\/\/www.campinglaguna.com\/que-hacer\/actividades\/cultura\/gastronomia\/"]}]},{"@type":"ImageObject","inLanguage":"de","@id":"https:\/\/www.campinglaguna.com\/que-hacer\/actividades\/cultura\/gastronomia\/#primaryimage","url":"https:\/\/www.campinglaguna.com\/wp-content\/uploads\/principal6.jpg","contentUrl":"https:\/\/www.campinglaguna.com\/wp-content\/uploads\/principal6.jpg","width":1440,"height":500},{"@type":"BreadcrumbList","@id":"https:\/\/www.campinglaguna.com\/que-hacer\/actividades\/cultura\/gastronomia\/#breadcrumb","itemListElement":[{"@type":"ListItem","position":1,"name":"Camping Laguna","item":"https:\/\/www.campinglaguna.com\/de\/"},{"@type":"ListItem","position":2,"name":"\u00bfQue hacer?","item":"https:\/\/www.campinglaguna.com\/de\/que-hacer\/"},{"@type":"ListItem","position":3,"name":"Aktivit\u00e4ten","item":"https:\/\/www.campinglaguna.com\/de\/que-hacer\/aktivitaten\/"},{"@type":"ListItem","position":4,"name":"Kultur","item":"https:\/\/www.campinglaguna.com\/de\/que-hacer\/aktivitaten\/kultur\/"},{"@type":"ListItem","position":5,"name":"Gastronomie"}]},{"@type":"WebSite","@id":"https:\/\/www.campinglaguna.com\/#website","url":"https:\/\/www.campinglaguna.com\/","name":"Camping Laguna","description":"Otro sitio realizado con WordPress","publisher":{"@id":"https:\/\/www.campinglaguna.com\/#organization"},"potentialAction":[{"@type":"SearchAction","target":{"@type":"EntryPoint","urlTemplate":"https:\/\/www.campinglaguna.com\/?s={search_term_string}"},"query-input":{"@type":"PropertyValueSpecification","valueRequired":true,"valueName":"search_term_string"}}],"inLanguage":"de"},{"@type":"Organization","@id":"https:\/\/www.campinglaguna.com\/#organization","name":"Camping Laguna","url":"https:\/\/www.campinglaguna.com\/","logo":{"@type":"ImageObject","inLanguage":"de","@id":"https:\/\/www.campinglaguna.com\/#\/schema\/logo\/image\/","url":"https:\/\/www.campinglaguna.com\/wp-content\/uploads\/logo-laguna.png","contentUrl":"https:\/\/www.campinglaguna.com\/wp-content\/uploads\/logo-laguna.png","width":263,"height":64,"caption":"Camping Laguna"},"image":{"@id":"https:\/\/www.campinglaguna.com\/#\/schema\/logo\/image\/"}}]}},"_links":{"self":[{"href":"https:\/\/www.campinglaguna.com\/de\/wp-json\/wp\/v2\/pages\/24274","targetHints":{"allow":["GET"]}}],"collection":[{"href":"https:\/\/www.campinglaguna.com\/de\/wp-json\/wp\/v2\/pages"}],"about":[{"href":"https:\/\/www.campinglaguna.com\/de\/wp-json\/wp\/v2\/types\/page"}],"author":[{"embeddable":true,"href":"https:\/\/www.campinglaguna.com\/de\/wp-json\/wp\/v2\/users\/2"}],"replies":[{"embeddable":true,"href":"https:\/\/www.campinglaguna.com\/de\/wp-json\/wp\/v2\/comments?post=24274"}],"version-history":[{"count":1,"href":"https:\/\/www.campinglaguna.com\/de\/wp-json\/wp\/v2\/pages\/24274\/revisions"}],"predecessor-version":[{"id":24275,"href":"https:\/\/www.campinglaguna.com\/de\/wp-json\/wp\/v2\/pages\/24274\/revisions\/24275"}],"up":[{"embeddable":true,"href":"https:\/\/www.campinglaguna.com\/de\/wp-json\/wp\/v2\/pages\/24231"}],"wp:featuredmedia":[{"embeddable":true,"href":"https:\/\/www.campinglaguna.com\/de\/wp-json\/wp\/v2\/media\/20739"}],"wp:attachment":[{"href":"https:\/\/www.campinglaguna.com\/de\/wp-json\/wp\/v2\/media?parent=24274"}],"curies":[{"name":"wp","href":"https:\/\/api.w.org\/{rel}","templated":true}]}}