{"id":24282,"date":"2017-03-14T13:11:46","date_gmt":"2017-03-14T12:11:46","guid":{"rendered":"https:\/\/www.campinglaguna.com\/que-hacer\/aktivitaten\/kultur\/salvador-dali\/"},"modified":"2017-04-03T13:01:26","modified_gmt":"2017-04-03T11:01:26","slug":"salvador-dali","status":"publish","type":"page","link":"https:\/\/www.campinglaguna.com\/de\/que-hacer\/aktivitaten\/kultur\/salvador-dali\/","title":{"rendered":"Salvador Dal\u00ed"},"content":{"rendered":"<p>Salvador Dal\u00ed wurde in der Morgenfr\u00fche eines Fr\u00fchlingstags im Jahre 1904 in einer gutb\u00fcrgerlichen Familie als Sohn eines Notars und einer sensiblen Dame, die sich f\u00fcr V\u00f6gel begeisterte, geboren. Viele Jahre sp\u00e4ter schrieb er in seiner Autobiografie &#8222;La vida secreta de Salvador Dal\u00ed&#8220; (1942): <em>&#8222;Mit drei Jahren wollte ich Koch werden. Mit f\u00fcnf Jahren wollte ich Napoleon sein. Meine Ambition wurde immer gr\u00f6\u00dfer und ist jetzt, Salvador Dal\u00ed zu werden und nichts mehr. Das ist jedoch sehr schwierig, denn je mehr ich mich Salvador Dal\u00ed n\u00e4here, desto mehr entfernt er sich von mir.&#8220;<\/em><\/p>\n<p>Das Theater-Museum Dal\u00ed in Figueres wurde im Jahr 1974 er\u00f6ffnet und gilt als das letzte gro\u00dfe Werk Salvador Dal\u00eds. Alles darin wurde vom K\u00fcnstler selbst erdacht und entworfen, um dem Besucher ein echtes Erlebnis zu bieten und ihn ins Innere seiner fesselnden, einzigartigen Welt zu entf\u00fchren. Hier werden die bekanntesten Gem\u00e4lde dieses K\u00fcnstlers ausgestellt, der f\u00fcr immer mit der surrealistischen Bewegung verbunden ist.<\/p>\n<p>Zu einem Besuch in Figueres (15 km vom Camping Laguna) z\u00e4hlt unbedingt der Besuch eines der bewundernswertesten Gem\u00e4ldemuseen der Welt. Wenn Sie mehr \u00fcber das Leben und Werk Dal\u00eds erfahren m\u00f6chten, empfehlen wir einen Besuch des Schlosses Gala-Dal\u00ed in P\u00fabol und des Hauses Casa Salvador Dal\u00ed in Portlligat (Cadaqu\u00e9s). F\u00fcr beide Besuche ist eine vorherige Reservierung erforderlich.<\/p>\n","protected":false},"excerpt":{"rendered":"<p>Salvador Dal\u00ed wurde in der Morgenfr\u00fche eines Fr\u00fchlingstags im Jahre 1904 in einer gutb\u00fcrgerlichen Familie als Sohn eines Notars und einer sensiblen Dame, die sich f\u00fcr V\u00f6gel begeisterte, geboren. Viele [&hellip;]<\/p>\n","protected":false},"author":2,"featured_media":20698,"parent":24231,"menu_order":8,"comment_status":"closed","ping_status":"closed","template":"","meta":{"_acf_changed":false,"footnotes":""},"class_list":["post-24282","page","type-page","status-publish","has-post-thumbnail","hentry"],"acf":[],"yoast_head":"<!-- This site is optimized with the Yoast SEO plugin v26.1.1 - https:\/\/yoast.com\/wordpress\/plugins\/seo\/ -->\n<title>Salvador Dal\u00ed - Camping Laguna<\/title>\n<meta name=\"description\" content=\"Salvador Dal\u00ed wurde in der Morgenfr\u00fche eines Fr\u00fchlingstags im Jahre 1904 in einer gutb\u00fcrgerlichen Familie als Sohn eines Notars und einer sensiblen Dame,\" \/>\n<meta name=\"robots\" content=\"index, follow, max-snippet:-1, max-image-preview:large, max-video-preview:-1\" \/>\n<link rel=\"canonical\" href=\"https:\/\/www.campinglaguna.com\/que-hacer\/actividades\/cultura\/salvador-dali\/\" \/>\n<meta property=\"og:locale\" content=\"de_DE\" \/>\n<meta property=\"og:type\" content=\"article\" \/>\n<meta property=\"og:title\" content=\"Salvador Dal\u00ed - Camping Laguna\" \/>\n<meta property=\"og:description\" content=\"Salvador Dal\u00ed wurde in der Morgenfr\u00fche eines Fr\u00fchlingstags im Jahre 1904 in einer gutb\u00fcrgerlichen Familie als Sohn eines Notars und einer sensiblen Dame,\" \/>\n<meta property=\"og:url\" content=\"https:\/\/www.campinglaguna.com\/que-hacer\/actividades\/cultura\/salvador-dali\/\" \/>\n<meta property=\"og:site_name\" content=\"Camping Laguna\" \/>\n<meta property=\"article:modified_time\" content=\"2017-04-03T11:01:26+00:00\" \/>\n<meta property=\"og:image\" content=\"https:\/\/www.campinglaguna.com\/wp-content\/uploads\/dalilaguna.jpg\" \/>\n\t<meta property=\"og:image:width\" content=\"1440\" \/>\n\t<meta property=\"og:image:height\" content=\"500\" \/>\n\t<meta property=\"og:image:type\" content=\"image\/jpeg\" \/>\n<meta name=\"twitter:card\" content=\"summary_large_image\" \/>\n<meta name=\"twitter:label1\" content=\"Gesch\u00e4tzte Lesezeit\" \/>\n\t<meta name=\"twitter:data1\" content=\"1\u00a0Minute\" \/>\n<script type=\"application\/ld+json\" class=\"yoast-schema-graph\">{\"@context\":\"https:\/\/schema.org\",\"@graph\":[{\"@type\":\"WebPage\",\"@id\":\"https:\/\/www.campinglaguna.com\/que-hacer\/actividades\/cultura\/salvador-dali\/\",\"url\":\"https:\/\/www.campinglaguna.com\/que-hacer\/actividades\/cultura\/salvador-dali\/\",\"name\":\"Salvador Dal\u00ed - Camping Laguna\",\"isPartOf\":{\"@id\":\"https:\/\/www.campinglaguna.com\/#website\"},\"primaryImageOfPage\":{\"@id\":\"https:\/\/www.campinglaguna.com\/que-hacer\/actividades\/cultura\/salvador-dali\/#primaryimage\"},\"image\":{\"@id\":\"https:\/\/www.campinglaguna.com\/que-hacer\/actividades\/cultura\/salvador-dali\/#primaryimage\"},\"thumbnailUrl\":\"https:\/\/www.campinglaguna.com\/wp-content\/uploads\/dalilaguna.jpg\",\"datePublished\":\"2017-03-14T12:11:46+00:00\",\"dateModified\":\"2017-04-03T11:01:26+00:00\",\"description\":\"Salvador Dal\u00ed wurde in der Morgenfr\u00fche eines Fr\u00fchlingstags im Jahre 1904 in einer gutb\u00fcrgerlichen Familie als Sohn eines Notars und einer sensiblen Dame,\",\"breadcrumb\":{\"@id\":\"https:\/\/www.campinglaguna.com\/que-hacer\/actividades\/cultura\/salvador-dali\/#breadcrumb\"},\"inLanguage\":\"de\",\"potentialAction\":[{\"@type\":\"ReadAction\",\"target\":[\"https:\/\/www.campinglaguna.com\/que-hacer\/actividades\/cultura\/salvador-dali\/\"]}]},{\"@type\":\"ImageObject\",\"inLanguage\":\"de\",\"@id\":\"https:\/\/www.campinglaguna.com\/que-hacer\/actividades\/cultura\/salvador-dali\/#primaryimage\",\"url\":\"https:\/\/www.campinglaguna.com\/wp-content\/uploads\/dalilaguna.jpg\",\"contentUrl\":\"https:\/\/www.campinglaguna.com\/wp-content\/uploads\/dalilaguna.jpg\",\"width\":1440,\"height\":500},{\"@type\":\"BreadcrumbList\",\"@id\":\"https:\/\/www.campinglaguna.com\/que-hacer\/actividades\/cultura\/salvador-dali\/#breadcrumb\",\"itemListElement\":[{\"@type\":\"ListItem\",\"position\":1,\"name\":\"Camping Laguna\",\"item\":\"https:\/\/www.campinglaguna.com\/de\/\"},{\"@type\":\"ListItem\",\"position\":2,\"name\":\"\u00bfQue hacer?\",\"item\":\"https:\/\/www.campinglaguna.com\/de\/que-hacer\/\"},{\"@type\":\"ListItem\",\"position\":3,\"name\":\"Aktivit\u00e4ten\",\"item\":\"https:\/\/www.campinglaguna.com\/de\/que-hacer\/aktivitaten\/\"},{\"@type\":\"ListItem\",\"position\":4,\"name\":\"Kultur\",\"item\":\"https:\/\/www.campinglaguna.com\/de\/que-hacer\/aktivitaten\/kultur\/\"},{\"@type\":\"ListItem\",\"position\":5,\"name\":\"Salvador Dal\u00ed\"}]},{\"@type\":\"WebSite\",\"@id\":\"https:\/\/www.campinglaguna.com\/#website\",\"url\":\"https:\/\/www.campinglaguna.com\/\",\"name\":\"Camping Laguna\",\"description\":\"Otro sitio realizado con WordPress\",\"publisher\":{\"@id\":\"https:\/\/www.campinglaguna.com\/#organization\"},\"potentialAction\":[{\"@type\":\"SearchAction\",\"target\":{\"@type\":\"EntryPoint\",\"urlTemplate\":\"https:\/\/www.campinglaguna.com\/?s={search_term_string}\"},\"query-input\":{\"@type\":\"PropertyValueSpecification\",\"valueRequired\":true,\"valueName\":\"search_term_string\"}}],\"inLanguage\":\"de\"},{\"@type\":\"Organization\",\"@id\":\"https:\/\/www.campinglaguna.com\/#organization\",\"name\":\"Camping Laguna\",\"url\":\"https:\/\/www.campinglaguna.com\/\",\"logo\":{\"@type\":\"ImageObject\",\"inLanguage\":\"de\",\"@id\":\"https:\/\/www.campinglaguna.com\/#\/schema\/logo\/image\/\",\"url\":\"https:\/\/www.campinglaguna.com\/wp-content\/uploads\/logo-laguna.png\",\"contentUrl\":\"https:\/\/www.campinglaguna.com\/wp-content\/uploads\/logo-laguna.png\",\"width\":263,\"height\":64,\"caption\":\"Camping Laguna\"},\"image\":{\"@id\":\"https:\/\/www.campinglaguna.com\/#\/schema\/logo\/image\/\"}}]}<\/script>\n<!-- \/ Yoast SEO plugin. -->","yoast_head_json":{"title":"Salvador Dal\u00ed - Camping Laguna","description":"Salvador Dal\u00ed wurde in der Morgenfr\u00fche eines Fr\u00fchlingstags im Jahre 1904 in einer gutb\u00fcrgerlichen Familie als Sohn eines Notars und einer sensiblen Dame,","robots":{"index":"index","follow":"follow","max-snippet":"max-snippet:-1","max-image-preview":"max-image-preview:large","max-video-preview":"max-video-preview:-1"},"canonical":"https:\/\/www.campinglaguna.com\/que-hacer\/actividades\/cultura\/salvador-dali\/","og_locale":"de_DE","og_type":"article","og_title":"Salvador Dal\u00ed - Camping Laguna","og_description":"Salvador Dal\u00ed wurde in der Morgenfr\u00fche eines Fr\u00fchlingstags im Jahre 1904 in einer gutb\u00fcrgerlichen Familie als Sohn eines Notars und einer sensiblen Dame,","og_url":"https:\/\/www.campinglaguna.com\/que-hacer\/actividades\/cultura\/salvador-dali\/","og_site_name":"Camping Laguna","article_modified_time":"2017-04-03T11:01:26+00:00","og_image":[{"width":1440,"height":500,"url":"https:\/\/www.campinglaguna.com\/wp-content\/uploads\/dalilaguna.jpg","type":"image\/jpeg"}],"twitter_card":"summary_large_image","twitter_misc":{"Gesch\u00e4tzte Lesezeit":"1\u00a0Minute"},"schema":{"@context":"https:\/\/schema.org","@graph":[{"@type":"WebPage","@id":"https:\/\/www.campinglaguna.com\/que-hacer\/actividades\/cultura\/salvador-dali\/","url":"https:\/\/www.campinglaguna.com\/que-hacer\/actividades\/cultura\/salvador-dali\/","name":"Salvador Dal\u00ed - Camping Laguna","isPartOf":{"@id":"https:\/\/www.campinglaguna.com\/#website"},"primaryImageOfPage":{"@id":"https:\/\/www.campinglaguna.com\/que-hacer\/actividades\/cultura\/salvador-dali\/#primaryimage"},"image":{"@id":"https:\/\/www.campinglaguna.com\/que-hacer\/actividades\/cultura\/salvador-dali\/#primaryimage"},"thumbnailUrl":"https:\/\/www.campinglaguna.com\/wp-content\/uploads\/dalilaguna.jpg","datePublished":"2017-03-14T12:11:46+00:00","dateModified":"2017-04-03T11:01:26+00:00","description":"Salvador Dal\u00ed wurde in der Morgenfr\u00fche eines Fr\u00fchlingstags im Jahre 1904 in einer gutb\u00fcrgerlichen Familie als Sohn eines Notars und einer sensiblen Dame,","breadcrumb":{"@id":"https:\/\/www.campinglaguna.com\/que-hacer\/actividades\/cultura\/salvador-dali\/#breadcrumb"},"inLanguage":"de","potentialAction":[{"@type":"ReadAction","target":["https:\/\/www.campinglaguna.com\/que-hacer\/actividades\/cultura\/salvador-dali\/"]}]},{"@type":"ImageObject","inLanguage":"de","@id":"https:\/\/www.campinglaguna.com\/que-hacer\/actividades\/cultura\/salvador-dali\/#primaryimage","url":"https:\/\/www.campinglaguna.com\/wp-content\/uploads\/dalilaguna.jpg","contentUrl":"https:\/\/www.campinglaguna.com\/wp-content\/uploads\/dalilaguna.jpg","width":1440,"height":500},{"@type":"BreadcrumbList","@id":"https:\/\/www.campinglaguna.com\/que-hacer\/actividades\/cultura\/salvador-dali\/#breadcrumb","itemListElement":[{"@type":"ListItem","position":1,"name":"Camping Laguna","item":"https:\/\/www.campinglaguna.com\/de\/"},{"@type":"ListItem","position":2,"name":"\u00bfQue hacer?","item":"https:\/\/www.campinglaguna.com\/de\/que-hacer\/"},{"@type":"ListItem","position":3,"name":"Aktivit\u00e4ten","item":"https:\/\/www.campinglaguna.com\/de\/que-hacer\/aktivitaten\/"},{"@type":"ListItem","position":4,"name":"Kultur","item":"https:\/\/www.campinglaguna.com\/de\/que-hacer\/aktivitaten\/kultur\/"},{"@type":"ListItem","position":5,"name":"Salvador Dal\u00ed"}]},{"@type":"WebSite","@id":"https:\/\/www.campinglaguna.com\/#website","url":"https:\/\/www.campinglaguna.com\/","name":"Camping Laguna","description":"Otro sitio realizado con WordPress","publisher":{"@id":"https:\/\/www.campinglaguna.com\/#organization"},"potentialAction":[{"@type":"SearchAction","target":{"@type":"EntryPoint","urlTemplate":"https:\/\/www.campinglaguna.com\/?s={search_term_string}"},"query-input":{"@type":"PropertyValueSpecification","valueRequired":true,"valueName":"search_term_string"}}],"inLanguage":"de"},{"@type":"Organization","@id":"https:\/\/www.campinglaguna.com\/#organization","name":"Camping Laguna","url":"https:\/\/www.campinglaguna.com\/","logo":{"@type":"ImageObject","inLanguage":"de","@id":"https:\/\/www.campinglaguna.com\/#\/schema\/logo\/image\/","url":"https:\/\/www.campinglaguna.com\/wp-content\/uploads\/logo-laguna.png","contentUrl":"https:\/\/www.campinglaguna.com\/wp-content\/uploads\/logo-laguna.png","width":263,"height":64,"caption":"Camping Laguna"},"image":{"@id":"https:\/\/www.campinglaguna.com\/#\/schema\/logo\/image\/"}}]}},"_links":{"self":[{"href":"https:\/\/www.campinglaguna.com\/de\/wp-json\/wp\/v2\/pages\/24282","targetHints":{"allow":["GET"]}}],"collection":[{"href":"https:\/\/www.campinglaguna.com\/de\/wp-json\/wp\/v2\/pages"}],"about":[{"href":"https:\/\/www.campinglaguna.com\/de\/wp-json\/wp\/v2\/types\/page"}],"author":[{"embeddable":true,"href":"https:\/\/www.campinglaguna.com\/de\/wp-json\/wp\/v2\/users\/2"}],"replies":[{"embeddable":true,"href":"https:\/\/www.campinglaguna.com\/de\/wp-json\/wp\/v2\/comments?post=24282"}],"version-history":[{"count":1,"href":"https:\/\/www.campinglaguna.com\/de\/wp-json\/wp\/v2\/pages\/24282\/revisions"}],"predecessor-version":[{"id":24296,"href":"https:\/\/www.campinglaguna.com\/de\/wp-json\/wp\/v2\/pages\/24282\/revisions\/24296"}],"up":[{"embeddable":true,"href":"https:\/\/www.campinglaguna.com\/de\/wp-json\/wp\/v2\/pages\/24231"}],"wp:featuredmedia":[{"embeddable":true,"href":"https:\/\/www.campinglaguna.com\/de\/wp-json\/wp\/v2\/media\/20698"}],"wp:attachment":[{"href":"https:\/\/www.campinglaguna.com\/de\/wp-json\/wp\/v2\/media?parent=24282"}],"curies":[{"name":"wp","href":"https:\/\/api.w.org\/{rel}","templated":true}]}}