{"id":24327,"date":"2017-03-14T13:26:35","date_gmt":"2017-03-14T12:26:35","guid":{"rendered":"https:\/\/www.campinglaguna.com\/que-hacer\/aktivitaten\/freizeit\/empuriabrava\/"},"modified":"2017-04-03T13:08:27","modified_gmt":"2017-04-03T11:08:27","slug":"empuriabrava","status":"publish","type":"page","link":"https:\/\/www.campinglaguna.com\/de\/que-hacer\/aktivitaten\/freizeit\/empuriabrava\/","title":{"rendered":"Empuriabrava"},"content":{"rendered":"<p>Empuriabrava gilt als bedeutendste Marina Europas. Sie wurde 1967 gegr\u00fcndet und verf\u00fcgt \u00fcber 24 Kilometer schiffbare Kan\u00e4le. Die Inspiration kam vor allem von \u00e4hnlichen Projekten in Florida und dem romantischen Ideal des klassischen Venedigs. Hier befinden sich 5.000 Anlegepl\u00e4tze f\u00fcr Boote bis zu 26 Meter L\u00e4nge, von denen 700 f\u00fcr Besucher bestimmt sind, und ein international bekannter Sportflughafen f\u00fcr Fallschirmspringen und auch Fallschirmwettk\u00e4mpfe.<\/p>\n<p>Der Zugang vom Campingplatz ist sehr leicht, da der Ort neben dem Platz liegt, nur durch den Fluss Muga getrennt. Ohne das Auto zu nehmen, kann man auf dem Fahrradweg oder, falls m\u00f6glich, direkt \u00fcber den Strand dorthin gelangen. Das Freizeitangebot ist breit gef\u00e4chert und f\u00fcr jedes Alter ist etwas dabei: alle Wassersportarten, Vermietung von Booten oder Segelbooten, Schifffahrten auf den Kan\u00e4len, Sportangeln, Fallschirmspringen, Fl\u00fcge in Kleinflugzeugen, Windtunnel, Pitch&amp;Putt, Fitnessstudios, Wellness, Discos, Kneipen, Gesch\u00e4fte, eine Vielzahl von Restaurants, Kegelbahn, gro\u00dfe Superm\u00e4rkte usw.<\/p>\n","protected":false},"excerpt":{"rendered":"<p>Empuriabrava gilt als bedeutendste Marina Europas. Sie wurde 1967 gegr\u00fcndet und verf\u00fcgt \u00fcber 24 Kilometer schiffbare Kan\u00e4le. Die Inspiration kam vor allem von \u00e4hnlichen Projekten in Florida und dem romantischen [&hellip;]<\/p>\n","protected":false},"author":2,"featured_media":20696,"parent":24311,"menu_order":1,"comment_status":"closed","ping_status":"closed","template":"","meta":{"_acf_changed":false,"footnotes":""},"class_list":["post-24327","page","type-page","status-publish","has-post-thumbnail","hentry"],"acf":[],"yoast_head":"<!-- This site is optimized with the Yoast SEO plugin v26.1.1 - https:\/\/yoast.com\/wordpress\/plugins\/seo\/ -->\n<title>Empuriabrava - Camping Laguna<\/title>\n<meta name=\"description\" content=\"Empuriabrava gilt als bedeutendste Marina Europas. Sie wurde 1967 gegr\u00fcndet und verf\u00fcgt \u00fcber 24 Kilometer schiffbare Kan\u00e4le. Die Inspiration kam vor allem\" \/>\n<meta name=\"robots\" content=\"index, follow, max-snippet:-1, max-image-preview:large, max-video-preview:-1\" \/>\n<link rel=\"canonical\" href=\"https:\/\/www.campinglaguna.com\/que-hacer\/actividades\/ocio\/ampuriabrava\/\" \/>\n<meta property=\"og:locale\" content=\"de_DE\" \/>\n<meta property=\"og:type\" content=\"article\" \/>\n<meta property=\"og:title\" content=\"Empuriabrava - Camping Laguna\" \/>\n<meta property=\"og:description\" content=\"Empuriabrava gilt als bedeutendste Marina Europas. Sie wurde 1967 gegr\u00fcndet und verf\u00fcgt \u00fcber 24 Kilometer schiffbare Kan\u00e4le. Die Inspiration kam vor allem\" \/>\n<meta property=\"og:url\" content=\"https:\/\/www.campinglaguna.com\/que-hacer\/actividades\/ocio\/ampuriabrava\/\" \/>\n<meta property=\"og:site_name\" content=\"Camping Laguna\" \/>\n<meta property=\"article:modified_time\" content=\"2017-04-03T11:08:27+00:00\" \/>\n<meta property=\"og:image\" content=\"https:\/\/www.campinglaguna.com\/wp-content\/uploads\/ampuria01.jpg\" \/>\n\t<meta property=\"og:image:width\" content=\"1440\" \/>\n\t<meta property=\"og:image:height\" content=\"500\" \/>\n\t<meta property=\"og:image:type\" content=\"image\/jpeg\" \/>\n<meta name=\"twitter:card\" content=\"summary_large_image\" \/>\n<meta name=\"twitter:label1\" content=\"Gesch\u00e4tzte Lesezeit\" \/>\n\t<meta name=\"twitter:data1\" content=\"1\u00a0Minute\" \/>\n<script type=\"application\/ld+json\" class=\"yoast-schema-graph\">{\"@context\":\"https:\/\/schema.org\",\"@graph\":[{\"@type\":\"WebPage\",\"@id\":\"https:\/\/www.campinglaguna.com\/que-hacer\/actividades\/ocio\/ampuriabrava\/\",\"url\":\"https:\/\/www.campinglaguna.com\/que-hacer\/actividades\/ocio\/ampuriabrava\/\",\"name\":\"Empuriabrava - Camping Laguna\",\"isPartOf\":{\"@id\":\"https:\/\/www.campinglaguna.com\/#website\"},\"primaryImageOfPage\":{\"@id\":\"https:\/\/www.campinglaguna.com\/que-hacer\/actividades\/ocio\/ampuriabrava\/#primaryimage\"},\"image\":{\"@id\":\"https:\/\/www.campinglaguna.com\/que-hacer\/actividades\/ocio\/ampuriabrava\/#primaryimage\"},\"thumbnailUrl\":\"https:\/\/www.campinglaguna.com\/wp-content\/uploads\/ampuria01.jpg\",\"datePublished\":\"2017-03-14T12:26:35+00:00\",\"dateModified\":\"2017-04-03T11:08:27+00:00\",\"description\":\"Empuriabrava gilt als bedeutendste Marina Europas. Sie wurde 1967 gegr\u00fcndet und verf\u00fcgt \u00fcber 24 Kilometer schiffbare Kan\u00e4le. Die Inspiration kam vor allem\",\"breadcrumb\":{\"@id\":\"https:\/\/www.campinglaguna.com\/que-hacer\/actividades\/ocio\/ampuriabrava\/#breadcrumb\"},\"inLanguage\":\"de\",\"potentialAction\":[{\"@type\":\"ReadAction\",\"target\":[\"https:\/\/www.campinglaguna.com\/que-hacer\/actividades\/ocio\/ampuriabrava\/\"]}]},{\"@type\":\"ImageObject\",\"inLanguage\":\"de\",\"@id\":\"https:\/\/www.campinglaguna.com\/que-hacer\/actividades\/ocio\/ampuriabrava\/#primaryimage\",\"url\":\"https:\/\/www.campinglaguna.com\/wp-content\/uploads\/ampuria01.jpg\",\"contentUrl\":\"https:\/\/www.campinglaguna.com\/wp-content\/uploads\/ampuria01.jpg\",\"width\":1440,\"height\":500},{\"@type\":\"BreadcrumbList\",\"@id\":\"https:\/\/www.campinglaguna.com\/que-hacer\/actividades\/ocio\/ampuriabrava\/#breadcrumb\",\"itemListElement\":[{\"@type\":\"ListItem\",\"position\":1,\"name\":\"Camping Laguna\",\"item\":\"https:\/\/www.campinglaguna.com\/de\/\"},{\"@type\":\"ListItem\",\"position\":2,\"name\":\"\u00bfQue hacer?\",\"item\":\"https:\/\/www.campinglaguna.com\/de\/que-hacer\/\"},{\"@type\":\"ListItem\",\"position\":3,\"name\":\"Aktivit\u00e4ten\",\"item\":\"https:\/\/www.campinglaguna.com\/de\/que-hacer\/aktivitaten\/\"},{\"@type\":\"ListItem\",\"position\":4,\"name\":\"Freizeit\",\"item\":\"https:\/\/www.campinglaguna.com\/que-hacer\/actividades\/ocio\/\"},{\"@type\":\"ListItem\",\"position\":5,\"name\":\"Empuriabrava\"}]},{\"@type\":\"WebSite\",\"@id\":\"https:\/\/www.campinglaguna.com\/#website\",\"url\":\"https:\/\/www.campinglaguna.com\/\",\"name\":\"Camping Laguna\",\"description\":\"Otro sitio realizado con WordPress\",\"publisher\":{\"@id\":\"https:\/\/www.campinglaguna.com\/#organization\"},\"potentialAction\":[{\"@type\":\"SearchAction\",\"target\":{\"@type\":\"EntryPoint\",\"urlTemplate\":\"https:\/\/www.campinglaguna.com\/?s={search_term_string}\"},\"query-input\":{\"@type\":\"PropertyValueSpecification\",\"valueRequired\":true,\"valueName\":\"search_term_string\"}}],\"inLanguage\":\"de\"},{\"@type\":\"Organization\",\"@id\":\"https:\/\/www.campinglaguna.com\/#organization\",\"name\":\"Camping Laguna\",\"url\":\"https:\/\/www.campinglaguna.com\/\",\"logo\":{\"@type\":\"ImageObject\",\"inLanguage\":\"de\",\"@id\":\"https:\/\/www.campinglaguna.com\/#\/schema\/logo\/image\/\",\"url\":\"https:\/\/www.campinglaguna.com\/wp-content\/uploads\/logo-laguna.png\",\"contentUrl\":\"https:\/\/www.campinglaguna.com\/wp-content\/uploads\/logo-laguna.png\",\"width\":263,\"height\":64,\"caption\":\"Camping Laguna\"},\"image\":{\"@id\":\"https:\/\/www.campinglaguna.com\/#\/schema\/logo\/image\/\"}}]}<\/script>\n<!-- \/ Yoast SEO plugin. -->","yoast_head_json":{"title":"Empuriabrava - Camping Laguna","description":"Empuriabrava gilt als bedeutendste Marina Europas. Sie wurde 1967 gegr\u00fcndet und verf\u00fcgt \u00fcber 24 Kilometer schiffbare Kan\u00e4le. Die Inspiration kam vor allem","robots":{"index":"index","follow":"follow","max-snippet":"max-snippet:-1","max-image-preview":"max-image-preview:large","max-video-preview":"max-video-preview:-1"},"canonical":"https:\/\/www.campinglaguna.com\/que-hacer\/actividades\/ocio\/ampuriabrava\/","og_locale":"de_DE","og_type":"article","og_title":"Empuriabrava - Camping Laguna","og_description":"Empuriabrava gilt als bedeutendste Marina Europas. Sie wurde 1967 gegr\u00fcndet und verf\u00fcgt \u00fcber 24 Kilometer schiffbare Kan\u00e4le. Die Inspiration kam vor allem","og_url":"https:\/\/www.campinglaguna.com\/que-hacer\/actividades\/ocio\/ampuriabrava\/","og_site_name":"Camping Laguna","article_modified_time":"2017-04-03T11:08:27+00:00","og_image":[{"width":1440,"height":500,"url":"https:\/\/www.campinglaguna.com\/wp-content\/uploads\/ampuria01.jpg","type":"image\/jpeg"}],"twitter_card":"summary_large_image","twitter_misc":{"Gesch\u00e4tzte Lesezeit":"1\u00a0Minute"},"schema":{"@context":"https:\/\/schema.org","@graph":[{"@type":"WebPage","@id":"https:\/\/www.campinglaguna.com\/que-hacer\/actividades\/ocio\/ampuriabrava\/","url":"https:\/\/www.campinglaguna.com\/que-hacer\/actividades\/ocio\/ampuriabrava\/","name":"Empuriabrava - Camping Laguna","isPartOf":{"@id":"https:\/\/www.campinglaguna.com\/#website"},"primaryImageOfPage":{"@id":"https:\/\/www.campinglaguna.com\/que-hacer\/actividades\/ocio\/ampuriabrava\/#primaryimage"},"image":{"@id":"https:\/\/www.campinglaguna.com\/que-hacer\/actividades\/ocio\/ampuriabrava\/#primaryimage"},"thumbnailUrl":"https:\/\/www.campinglaguna.com\/wp-content\/uploads\/ampuria01.jpg","datePublished":"2017-03-14T12:26:35+00:00","dateModified":"2017-04-03T11:08:27+00:00","description":"Empuriabrava gilt als bedeutendste Marina Europas. Sie wurde 1967 gegr\u00fcndet und verf\u00fcgt \u00fcber 24 Kilometer schiffbare Kan\u00e4le. Die Inspiration kam vor allem","breadcrumb":{"@id":"https:\/\/www.campinglaguna.com\/que-hacer\/actividades\/ocio\/ampuriabrava\/#breadcrumb"},"inLanguage":"de","potentialAction":[{"@type":"ReadAction","target":["https:\/\/www.campinglaguna.com\/que-hacer\/actividades\/ocio\/ampuriabrava\/"]}]},{"@type":"ImageObject","inLanguage":"de","@id":"https:\/\/www.campinglaguna.com\/que-hacer\/actividades\/ocio\/ampuriabrava\/#primaryimage","url":"https:\/\/www.campinglaguna.com\/wp-content\/uploads\/ampuria01.jpg","contentUrl":"https:\/\/www.campinglaguna.com\/wp-content\/uploads\/ampuria01.jpg","width":1440,"height":500},{"@type":"BreadcrumbList","@id":"https:\/\/www.campinglaguna.com\/que-hacer\/actividades\/ocio\/ampuriabrava\/#breadcrumb","itemListElement":[{"@type":"ListItem","position":1,"name":"Camping Laguna","item":"https:\/\/www.campinglaguna.com\/de\/"},{"@type":"ListItem","position":2,"name":"\u00bfQue hacer?","item":"https:\/\/www.campinglaguna.com\/de\/que-hacer\/"},{"@type":"ListItem","position":3,"name":"Aktivit\u00e4ten","item":"https:\/\/www.campinglaguna.com\/de\/que-hacer\/aktivitaten\/"},{"@type":"ListItem","position":4,"name":"Freizeit","item":"https:\/\/www.campinglaguna.com\/que-hacer\/actividades\/ocio\/"},{"@type":"ListItem","position":5,"name":"Empuriabrava"}]},{"@type":"WebSite","@id":"https:\/\/www.campinglaguna.com\/#website","url":"https:\/\/www.campinglaguna.com\/","name":"Camping Laguna","description":"Otro sitio realizado con WordPress","publisher":{"@id":"https:\/\/www.campinglaguna.com\/#organization"},"potentialAction":[{"@type":"SearchAction","target":{"@type":"EntryPoint","urlTemplate":"https:\/\/www.campinglaguna.com\/?s={search_term_string}"},"query-input":{"@type":"PropertyValueSpecification","valueRequired":true,"valueName":"search_term_string"}}],"inLanguage":"de"},{"@type":"Organization","@id":"https:\/\/www.campinglaguna.com\/#organization","name":"Camping Laguna","url":"https:\/\/www.campinglaguna.com\/","logo":{"@type":"ImageObject","inLanguage":"de","@id":"https:\/\/www.campinglaguna.com\/#\/schema\/logo\/image\/","url":"https:\/\/www.campinglaguna.com\/wp-content\/uploads\/logo-laguna.png","contentUrl":"https:\/\/www.campinglaguna.com\/wp-content\/uploads\/logo-laguna.png","width":263,"height":64,"caption":"Camping Laguna"},"image":{"@id":"https:\/\/www.campinglaguna.com\/#\/schema\/logo\/image\/"}}]}},"_links":{"self":[{"href":"https:\/\/www.campinglaguna.com\/de\/wp-json\/wp\/v2\/pages\/24327","targetHints":{"allow":["GET"]}}],"collection":[{"href":"https:\/\/www.campinglaguna.com\/de\/wp-json\/wp\/v2\/pages"}],"about":[{"href":"https:\/\/www.campinglaguna.com\/de\/wp-json\/wp\/v2\/types\/page"}],"author":[{"embeddable":true,"href":"https:\/\/www.campinglaguna.com\/de\/wp-json\/wp\/v2\/users\/2"}],"replies":[{"embeddable":true,"href":"https:\/\/www.campinglaguna.com\/de\/wp-json\/wp\/v2\/comments?post=24327"}],"version-history":[{"count":1,"href":"https:\/\/www.campinglaguna.com\/de\/wp-json\/wp\/v2\/pages\/24327\/revisions"}],"predecessor-version":[{"id":24330,"href":"https:\/\/www.campinglaguna.com\/de\/wp-json\/wp\/v2\/pages\/24327\/revisions\/24330"}],"up":[{"embeddable":true,"href":"https:\/\/www.campinglaguna.com\/de\/wp-json\/wp\/v2\/pages\/24311"}],"wp:featuredmedia":[{"embeddable":true,"href":"https:\/\/www.campinglaguna.com\/de\/wp-json\/wp\/v2\/media\/20696"}],"wp:attachment":[{"href":"https:\/\/www.campinglaguna.com\/de\/wp-json\/wp\/v2\/media?parent=24327"}],"curies":[{"name":"wp","href":"https:\/\/api.w.org\/{rel}","templated":true}]}}