{"id":36840,"date":"2021-11-26T12:59:36","date_gmt":"2021-11-26T11:59:36","guid":{"rendered":"https:\/\/www.campinglaguna.com\/vacaciones-sostenibles-en-tu-bungallow\/"},"modified":"2022-01-13T10:38:36","modified_gmt":"2022-01-13T09:38:36","slug":"vacaciones-sostenibles-en-tu-bungallow","status":"publish","type":"page","link":"https:\/\/www.campinglaguna.com\/de\/vacaciones-sostenibles-en-tu-bungallow\/","title":{"rendered":"F\u00fcr einen nachhaltigen Urlaub"},"content":{"rendered":"<p>Willkommen auf Camping Laguna! Wir hoffen, Sie genie\u00dfen Ihren Urlaub bei uns. Wir bitten um Ihre Mitarbeit, damit Ihr Aufenthalt in diesem Bungalow so nachhaltig wie m\u00f6glich ist. An folgende Punkte m\u00f6chten wir Sie besonders erinnern:<\/p>\n<ul>\n<li>Suchen Sie nach einer effizienten Nutzung von Wasser. In Gebieten wie unserer mit mediterranem Klima ist Wasser Gold und wir k\u00f6nnen es uns nicht leisten, es zu verschwenden.<\/li>\n<\/ul>\n<p><img loading=\"lazy\" decoding=\"async\" class=\"size-full wp-image-36654 alignnone\" src=\"https:\/\/www.campinglaguna.com\/wp-content\/uploads\/5785157345-8aa5b46b63-o.jpg\" alt=\"\" width=\"296\" height=\"300\" srcset=\"https:\/\/www.campinglaguna.com\/wp-content\/uploads\/5785157345-8aa5b46b63-o.jpg 296w, https:\/\/www.campinglaguna.com\/wp-content\/uploads\/5785157345-8aa5b46b63-o-150x152.jpg 150w\" sizes=\"auto, (max-width: 296px) 100vw, 296px\" \/><\/p>\n<ul>\n<li>Auf dem Campingplatz stehen Recycling-Iglus (Glas, Verpackungen und Pappe). Die Bio-Tonnen stehen in den Toiletten und das Rest\u00f6l kann zur Rezeption gebracht werden. In der Mappe befindet sich eine Karte mit der genauen Lage aller Recyclingstellen. Denken Sie daran, dass der beste Abfall der ist, der nicht produziert wird.<\/li>\n<\/ul>\n<p><img loading=\"lazy\" decoding=\"async\" class=\"alignnone size-medium wp-image-36681\" src=\"https:\/\/www.campinglaguna.com\/wp-content\/uploads\/2dc66636-f459-4f62-b291-207b186cda39-500x331.jpeg\" alt=\"\" width=\"500\" height=\"331\" srcset=\"https:\/\/www.campinglaguna.com\/wp-content\/uploads\/2dc66636-f459-4f62-b291-207b186cda39-500x331.jpeg 500w, https:\/\/www.campinglaguna.com\/wp-content\/uploads\/2dc66636-f459-4f62-b291-207b186cda39-150x99.jpeg 150w, https:\/\/www.campinglaguna.com\/wp-content\/uploads\/2dc66636-f459-4f62-b291-207b186cda39-90x60.jpeg 90w, https:\/\/www.campinglaguna.com\/wp-content\/uploads\/2dc66636-f459-4f62-b291-207b186cda39.jpeg 661w\" sizes=\"auto, (max-width: 500px) 100vw, 500px\" \/><\/p>\n<ul>\n<li>Streben Sie nach einer effizienten Nutzung von Energie, anstatt sie zu verschwenden. Insbesondere die Klimaanlage (versuchen Sie keine Temperaturen unter 25 \u00b0C zu verwenden und stellen Sie sicher, dass die T\u00fcren und Fenster des Bungalows w\u00e4hrend der Nutzung geschlossen sind). Machen Sie das Beste aus dem nat\u00fcrlichen Licht.<\/li>\n<\/ul>\n<p><img loading=\"lazy\" decoding=\"async\" class=\"alignnone wp-image-36709\" src=\"https:\/\/www.campinglaguna.com\/wp-content\/uploads\/nen-aire-condicionat.jpg\" alt=\"\" width=\"358\" height=\"231\" srcset=\"https:\/\/www.campinglaguna.com\/wp-content\/uploads\/nen-aire-condicionat.jpg 279w, https:\/\/www.campinglaguna.com\/wp-content\/uploads\/nen-aire-condicionat-150x97.jpg 150w\" sizes=\"auto, (max-width: 358px) 100vw, 358px\" \/><\/p>\n<p>Wir m\u00f6chten Sie au\u00dferdem ermutigen:<\/p>\n<ul>\n<li>Kennen Sie \u201ekm 0\u201c Produkte (Produkte aus der nahen Umgebung) und die \u00f6kologischen Produkte, die Sie in unserem Supermarkt finden.<\/li>\n<\/ul>\n<p><img loading=\"lazy\" decoding=\"async\" class=\"alignnone size-medium wp-image-36667\" src=\"https:\/\/www.campinglaguna.com\/wp-content\/uploads\/img-1808-copia-500x451.jpg\" alt=\"\" width=\"500\" height=\"451\" srcset=\"https:\/\/www.campinglaguna.com\/wp-content\/uploads\/img-1808-copia-500x451.jpg 500w, https:\/\/www.campinglaguna.com\/wp-content\/uploads\/img-1808-copia-150x135.jpg 150w, https:\/\/www.campinglaguna.com\/wp-content\/uploads\/img-1808-copia.jpg 768w\" sizes=\"auto, (max-width: 500px) 100vw, 500px\" \/><\/p>\n<ul>\n<li>Pflege und verantwortungsvolle Nutzung der Naturschutzgebiete\/Zonen in unserer Umgebung, insbesondere des Naturparks \u201eAiguamolls de l\u2019Emp\u00f2rd\u00e0\u201c, in dem wir uns befinden.<\/li>\n<\/ul>\n<p><img loading=\"lazy\" decoding=\"async\" class=\"alignnone size-medium wp-image-21072\" src=\"https:\/\/www.campinglaguna.com\/wp-content\/uploads\/aigua6-500x174.jpg\" alt=\"\" width=\"500\" height=\"174\" srcset=\"https:\/\/www.campinglaguna.com\/wp-content\/uploads\/aigua6-500x174.jpg 500w, https:\/\/www.campinglaguna.com\/wp-content\/uploads\/aigua6-150x52.jpg 150w, https:\/\/www.campinglaguna.com\/wp-content\/uploads\/aigua6-1000x347.jpg 1000w, https:\/\/www.campinglaguna.com\/wp-content\/uploads\/aigua6.jpg 1440w\" sizes=\"auto, (max-width: 500px) 100vw, 500px\" \/><\/p>\n<ul>\n<li>Entscheiden Sie sich nach M\u00f6glichkeit f\u00fcr das Fahrrad als Fortbewegungsmittel. Es gibt einen Radweg, um nach Castell\u00f3 d\u2019Emp\u00faries und Empuriabrava zu gelangen, und 3 touristische Radrouten, die es Ihnen erm\u00f6glichen, das Erbe unserer Region kennenzulernen.\n<p><img decoding=\"async\" src=\"https:\/\/www.campinglaguna.com\/wp-content\/uploads\/CASTELLO-EMPURIABRAVA-PARC-07-122-500x335.jpg\" \/><\/li>\n<\/ul>\n<p>Sie k\u00f6nnen sich an <a href=\"mailto:daniaguilar@campinglaguna.com\">daniaguilar@campinglaguna.com<\/a> \u00a0wenden, um alle Informationen \u00fcber die Umwelt zu erhalten, die Sie ben\u00f6tigen, oder um Ihre diesbez\u00fcglichen Vorschl\u00e4ge zu senden.<\/p>\n<p>Vielen Dank!<\/p>\n<p>&nbsp;<\/p>\n","protected":false},"excerpt":{"rendered":"<p>Willkommen auf Camping Laguna! Wir hoffen, Sie genie\u00dfen Ihren Urlaub bei uns. Wir bitten um Ihre Mitarbeit, damit Ihr Aufenthalt in diesem Bungalow so nachhaltig wie m\u00f6glich ist. An folgende [&hellip;]<\/p>\n","protected":false},"author":8,"featured_media":0,"parent":0,"menu_order":6,"comment_status":"closed","ping_status":"closed","template":"","meta":{"_acf_changed":false,"footnotes":""},"class_list":["post-36840","page","type-page","status-publish","hentry"],"acf":[],"yoast_head":"<!-- This site is optimized with the Yoast SEO plugin v26.1.1 - https:\/\/yoast.com\/wordpress\/plugins\/seo\/ -->\n<title>F\u00fcr einen nachhaltigen Urlaub - Camping Laguna<\/title>\n<meta name=\"description\" content=\"Willkommen auf Camping Laguna! Wir hoffen, Sie genie\u00dfen Ihren Urlaub bei uns. Wir bitten um Ihre Mitarbeit, damit Ihr Aufenthalt in diesem Bungalow so\" \/>\n<meta name=\"robots\" content=\"index, follow, max-snippet:-1, max-image-preview:large, max-video-preview:-1\" \/>\n<link rel=\"canonical\" href=\"https:\/\/www.campinglaguna.com\/vacaciones-sostenibles-en-tu-bungallow\/\" \/>\n<meta property=\"og:locale\" content=\"de_DE\" \/>\n<meta property=\"og:type\" content=\"article\" \/>\n<meta property=\"og:title\" content=\"F\u00fcr einen nachhaltigen Urlaub - Camping Laguna\" \/>\n<meta property=\"og:description\" content=\"Willkommen auf Camping Laguna! Wir hoffen, Sie genie\u00dfen Ihren Urlaub bei uns. Wir bitten um Ihre Mitarbeit, damit Ihr Aufenthalt in diesem Bungalow so\" \/>\n<meta property=\"og:url\" content=\"https:\/\/www.campinglaguna.com\/vacaciones-sostenibles-en-tu-bungallow\/\" \/>\n<meta property=\"og:site_name\" content=\"Camping Laguna\" \/>\n<meta property=\"article:modified_time\" content=\"2022-01-13T09:38:36+00:00\" \/>\n<meta property=\"og:image\" content=\"https:\/\/www.campinglaguna.com\/wp-content\/uploads\/5785157345-8aa5b46b63-o.jpg\" \/>\n<meta name=\"twitter:card\" content=\"summary_large_image\" \/>\n<meta name=\"twitter:label1\" content=\"Gesch\u00e4tzte Lesezeit\" \/>\n\t<meta name=\"twitter:data1\" content=\"3\u00a0Minuten\" \/>\n<script type=\"application\/ld+json\" class=\"yoast-schema-graph\">{\"@context\":\"https:\/\/schema.org\",\"@graph\":[{\"@type\":\"WebPage\",\"@id\":\"https:\/\/www.campinglaguna.com\/vacaciones-sostenibles-en-tu-bungallow\/\",\"url\":\"https:\/\/www.campinglaguna.com\/vacaciones-sostenibles-en-tu-bungallow\/\",\"name\":\"F\u00fcr einen nachhaltigen Urlaub - Camping Laguna\",\"isPartOf\":{\"@id\":\"https:\/\/www.campinglaguna.com\/#website\"},\"primaryImageOfPage\":{\"@id\":\"https:\/\/www.campinglaguna.com\/vacaciones-sostenibles-en-tu-bungallow\/#primaryimage\"},\"image\":{\"@id\":\"https:\/\/www.campinglaguna.com\/vacaciones-sostenibles-en-tu-bungallow\/#primaryimage\"},\"thumbnailUrl\":\"https:\/\/www.campinglaguna.com\/wp-content\/uploads\/5785157345-8aa5b46b63-o.jpg\",\"datePublished\":\"2021-11-26T11:59:36+00:00\",\"dateModified\":\"2022-01-13T09:38:36+00:00\",\"description\":\"Willkommen auf Camping Laguna! Wir hoffen, Sie genie\u00dfen Ihren Urlaub bei uns. Wir bitten um Ihre Mitarbeit, damit Ihr Aufenthalt in diesem Bungalow so\",\"breadcrumb\":{\"@id\":\"https:\/\/www.campinglaguna.com\/vacaciones-sostenibles-en-tu-bungallow\/#breadcrumb\"},\"inLanguage\":\"de\",\"potentialAction\":[{\"@type\":\"ReadAction\",\"target\":[\"https:\/\/www.campinglaguna.com\/vacaciones-sostenibles-en-tu-bungallow\/\"]}]},{\"@type\":\"ImageObject\",\"inLanguage\":\"de\",\"@id\":\"https:\/\/www.campinglaguna.com\/vacaciones-sostenibles-en-tu-bungallow\/#primaryimage\",\"url\":\"https:\/\/www.campinglaguna.com\/wp-content\/uploads\/5785157345-8aa5b46b63-o.jpg\",\"contentUrl\":\"https:\/\/www.campinglaguna.com\/wp-content\/uploads\/5785157345-8aa5b46b63-o.jpg\"},{\"@type\":\"BreadcrumbList\",\"@id\":\"https:\/\/www.campinglaguna.com\/vacaciones-sostenibles-en-tu-bungallow\/#breadcrumb\",\"itemListElement\":[{\"@type\":\"ListItem\",\"position\":1,\"name\":\"Camping Laguna\",\"item\":\"https:\/\/www.campinglaguna.com\/de\/\"},{\"@type\":\"ListItem\",\"position\":2,\"name\":\"F\u00fcr einen nachhaltigen Urlaub\"}]},{\"@type\":\"WebSite\",\"@id\":\"https:\/\/www.campinglaguna.com\/#website\",\"url\":\"https:\/\/www.campinglaguna.com\/\",\"name\":\"Camping Laguna\",\"description\":\"Otro sitio realizado con WordPress\",\"publisher\":{\"@id\":\"https:\/\/www.campinglaguna.com\/#organization\"},\"potentialAction\":[{\"@type\":\"SearchAction\",\"target\":{\"@type\":\"EntryPoint\",\"urlTemplate\":\"https:\/\/www.campinglaguna.com\/?s={search_term_string}\"},\"query-input\":{\"@type\":\"PropertyValueSpecification\",\"valueRequired\":true,\"valueName\":\"search_term_string\"}}],\"inLanguage\":\"de\"},{\"@type\":\"Organization\",\"@id\":\"https:\/\/www.campinglaguna.com\/#organization\",\"name\":\"Camping Laguna\",\"url\":\"https:\/\/www.campinglaguna.com\/\",\"logo\":{\"@type\":\"ImageObject\",\"inLanguage\":\"de\",\"@id\":\"https:\/\/www.campinglaguna.com\/#\/schema\/logo\/image\/\",\"url\":\"https:\/\/www.campinglaguna.com\/wp-content\/uploads\/logo-laguna.png\",\"contentUrl\":\"https:\/\/www.campinglaguna.com\/wp-content\/uploads\/logo-laguna.png\",\"width\":263,\"height\":64,\"caption\":\"Camping Laguna\"},\"image\":{\"@id\":\"https:\/\/www.campinglaguna.com\/#\/schema\/logo\/image\/\"}}]}<\/script>\n<!-- \/ Yoast SEO plugin. -->","yoast_head_json":{"title":"F\u00fcr einen nachhaltigen Urlaub - Camping Laguna","description":"Willkommen auf Camping Laguna! Wir hoffen, Sie genie\u00dfen Ihren Urlaub bei uns. Wir bitten um Ihre Mitarbeit, damit Ihr Aufenthalt in diesem Bungalow so","robots":{"index":"index","follow":"follow","max-snippet":"max-snippet:-1","max-image-preview":"max-image-preview:large","max-video-preview":"max-video-preview:-1"},"canonical":"https:\/\/www.campinglaguna.com\/vacaciones-sostenibles-en-tu-bungallow\/","og_locale":"de_DE","og_type":"article","og_title":"F\u00fcr einen nachhaltigen Urlaub - Camping Laguna","og_description":"Willkommen auf Camping Laguna! Wir hoffen, Sie genie\u00dfen Ihren Urlaub bei uns. Wir bitten um Ihre Mitarbeit, damit Ihr Aufenthalt in diesem Bungalow so","og_url":"https:\/\/www.campinglaguna.com\/vacaciones-sostenibles-en-tu-bungallow\/","og_site_name":"Camping Laguna","article_modified_time":"2022-01-13T09:38:36+00:00","og_image":[{"url":"https:\/\/www.campinglaguna.com\/wp-content\/uploads\/5785157345-8aa5b46b63-o.jpg","type":"","width":"","height":""}],"twitter_card":"summary_large_image","twitter_misc":{"Gesch\u00e4tzte Lesezeit":"3\u00a0Minuten"},"schema":{"@context":"https:\/\/schema.org","@graph":[{"@type":"WebPage","@id":"https:\/\/www.campinglaguna.com\/vacaciones-sostenibles-en-tu-bungallow\/","url":"https:\/\/www.campinglaguna.com\/vacaciones-sostenibles-en-tu-bungallow\/","name":"F\u00fcr einen nachhaltigen Urlaub - Camping Laguna","isPartOf":{"@id":"https:\/\/www.campinglaguna.com\/#website"},"primaryImageOfPage":{"@id":"https:\/\/www.campinglaguna.com\/vacaciones-sostenibles-en-tu-bungallow\/#primaryimage"},"image":{"@id":"https:\/\/www.campinglaguna.com\/vacaciones-sostenibles-en-tu-bungallow\/#primaryimage"},"thumbnailUrl":"https:\/\/www.campinglaguna.com\/wp-content\/uploads\/5785157345-8aa5b46b63-o.jpg","datePublished":"2021-11-26T11:59:36+00:00","dateModified":"2022-01-13T09:38:36+00:00","description":"Willkommen auf Camping Laguna! Wir hoffen, Sie genie\u00dfen Ihren Urlaub bei uns. Wir bitten um Ihre Mitarbeit, damit Ihr Aufenthalt in diesem Bungalow so","breadcrumb":{"@id":"https:\/\/www.campinglaguna.com\/vacaciones-sostenibles-en-tu-bungallow\/#breadcrumb"},"inLanguage":"de","potentialAction":[{"@type":"ReadAction","target":["https:\/\/www.campinglaguna.com\/vacaciones-sostenibles-en-tu-bungallow\/"]}]},{"@type":"ImageObject","inLanguage":"de","@id":"https:\/\/www.campinglaguna.com\/vacaciones-sostenibles-en-tu-bungallow\/#primaryimage","url":"https:\/\/www.campinglaguna.com\/wp-content\/uploads\/5785157345-8aa5b46b63-o.jpg","contentUrl":"https:\/\/www.campinglaguna.com\/wp-content\/uploads\/5785157345-8aa5b46b63-o.jpg"},{"@type":"BreadcrumbList","@id":"https:\/\/www.campinglaguna.com\/vacaciones-sostenibles-en-tu-bungallow\/#breadcrumb","itemListElement":[{"@type":"ListItem","position":1,"name":"Camping Laguna","item":"https:\/\/www.campinglaguna.com\/de\/"},{"@type":"ListItem","position":2,"name":"F\u00fcr einen nachhaltigen Urlaub"}]},{"@type":"WebSite","@id":"https:\/\/www.campinglaguna.com\/#website","url":"https:\/\/www.campinglaguna.com\/","name":"Camping Laguna","description":"Otro sitio realizado con WordPress","publisher":{"@id":"https:\/\/www.campinglaguna.com\/#organization"},"potentialAction":[{"@type":"SearchAction","target":{"@type":"EntryPoint","urlTemplate":"https:\/\/www.campinglaguna.com\/?s={search_term_string}"},"query-input":{"@type":"PropertyValueSpecification","valueRequired":true,"valueName":"search_term_string"}}],"inLanguage":"de"},{"@type":"Organization","@id":"https:\/\/www.campinglaguna.com\/#organization","name":"Camping Laguna","url":"https:\/\/www.campinglaguna.com\/","logo":{"@type":"ImageObject","inLanguage":"de","@id":"https:\/\/www.campinglaguna.com\/#\/schema\/logo\/image\/","url":"https:\/\/www.campinglaguna.com\/wp-content\/uploads\/logo-laguna.png","contentUrl":"https:\/\/www.campinglaguna.com\/wp-content\/uploads\/logo-laguna.png","width":263,"height":64,"caption":"Camping Laguna"},"image":{"@id":"https:\/\/www.campinglaguna.com\/#\/schema\/logo\/image\/"}}]}},"_links":{"self":[{"href":"https:\/\/www.campinglaguna.com\/de\/wp-json\/wp\/v2\/pages\/36840","targetHints":{"allow":["GET"]}}],"collection":[{"href":"https:\/\/www.campinglaguna.com\/de\/wp-json\/wp\/v2\/pages"}],"about":[{"href":"https:\/\/www.campinglaguna.com\/de\/wp-json\/wp\/v2\/types\/page"}],"author":[{"embeddable":true,"href":"https:\/\/www.campinglaguna.com\/de\/wp-json\/wp\/v2\/users\/8"}],"replies":[{"embeddable":true,"href":"https:\/\/www.campinglaguna.com\/de\/wp-json\/wp\/v2\/comments?post=36840"}],"version-history":[{"count":2,"href":"https:\/\/www.campinglaguna.com\/de\/wp-json\/wp\/v2\/pages\/36840\/revisions"}],"predecessor-version":[{"id":36842,"href":"https:\/\/www.campinglaguna.com\/de\/wp-json\/wp\/v2\/pages\/36840\/revisions\/36842"}],"wp:attachment":[{"href":"https:\/\/www.campinglaguna.com\/de\/wp-json\/wp\/v2\/media?parent=36840"}],"curies":[{"name":"wp","href":"https:\/\/api.w.org\/{rel}","templated":true}]}}