{"id":38458,"date":"2024-09-30T13:41:28","date_gmt":"2024-09-30T11:41:28","guid":{"rendered":"https:\/\/www.campinglaguna.com\/un-espacio-natural-protegido-de-gran-valor\/"},"modified":"2024-10-17T14:10:49","modified_gmt":"2024-10-17T12:10:49","slug":"un-espacio-natural-protegido-de-gran-valor","status":"publish","type":"page","link":"https:\/\/www.campinglaguna.com\/de\/que-hacer\/parque-natural\/un-espacio-natural-protegido-de-gran-valor\/","title":{"rendered":"Ein Naturschutzgebiet von gro\u00dfem Wert"},"content":{"rendered":"<p>Die \u201eAiguamolls de l\u201cEmpord\u00e0\u201c (Empord\u00e0-S\u00fcmpfe) sind eines der wichtigsten Feuchtgebiete Kataloniens und das Ergebnis des Zusammenspiels von Fl\u00fcssen und Meer. Der 1983 gegr\u00fcndete Naturpark ist ein Mosaik aus voneinander abh\u00e4ngigen aber auch unterschiedlichen \u00d6kosystemen: eine Reihe von S\u00fcmpfen, Lagunen und Fl\u00fcssen, Anbaufl\u00e4chen und Bew\u00e4sserungskan\u00e4len sowie Str\u00e4nde und einem wichtigen D\u00fcnensystem, das die K\u00fcste vor St\u00fcrmen sch\u00fctzt.<\/p>\n<p>Dieser gesch\u00fctzte Naturraum ist Brut- und Wandergebiet zahlreicher vom Aussterben bedrohter Arten. V\u00f6gel machen diesen Raum zu ihrem Zufluchts- und Rastplatz und es leben dort mehr als 300 Arten, viele von Ihnen stehen unter Naturschutz und begeistern durch ihre Sch\u00f6nheit. Diesen Zustand zu gew\u00e4hren ist auch sehr wichtig, um die Auswirkungen des Klimawandels in der Region zu reduzieren. Denn er verbessert die Wasserqualit\u00e4t, f\u00fcllt das Grundwasser wieder auf und verhindert das Eindringen von Salzwasser aus dem Meer ins Landesinnere.<\/p>\n<p>Die Fruchtbarkeit des Bodens erleichtert die Entwicklung der Landwirtschaft und die Komplexit\u00e4t seiner Lebensr\u00e4ume. Sein biologischer Reichtum beg\u00fcnstigt die Fischerei in der Bucht. Historisch gesehen hat dieses Gebiet ein reiches kulturelles Erbe hervorgebracht und ist heute eine Quelle f\u00fcr Umweltbildung und -forschung und gleichzeitig ein wichtiger Anziehungspunkt f\u00fcr Besucher.<\/p>\n<p>Weitere Informationen finden Sie auf der <span style=\"color: #3366ff;\"><a style=\"color: #3366ff;\" href=\"https:\/\/parcsnaturals.gencat.cat\/es\/xarxa-de-parcs\/aiguamolls-emporda\/inici\/index.html\">Website des Naturparks<\/a><\/span><\/p>\n<div class=\"two-columns\">\n<div id=\"attachment_38099\" style=\"width: 510px\" class=\"wp-caption aligncenter\"><img loading=\"lazy\" decoding=\"async\" aria-describedby=\"caption-attachment-38099\" class=\"wp-image-38099 size-medium\" src=\"https:\/\/www.campinglaguna.com\/wp-content\/uploads\/1-flamencs-500x375.jpg\" alt=\"\" width=\"500\" height=\"375\" srcset=\"https:\/\/www.campinglaguna.com\/wp-content\/uploads\/1-flamencs-500x375.jpg 500w, https:\/\/www.campinglaguna.com\/wp-content\/uploads\/1-flamencs-1000x750.jpg 1000w, https:\/\/www.campinglaguna.com\/wp-content\/uploads\/1-flamencs-150x113.jpg 150w, https:\/\/www.campinglaguna.com\/wp-content\/uploads\/1-flamencs-768x576.jpg 768w, https:\/\/www.campinglaguna.com\/wp-content\/uploads\/1-flamencs-1536x1152.jpg 1536w, https:\/\/www.campinglaguna.com\/wp-content\/uploads\/1-flamencs-2048x1536.jpg 2048w, https:\/\/www.campinglaguna.com\/wp-content\/uploads\/1-flamencs-1400x1050.jpg 1400w\" sizes=\"auto, (max-width: 500px) 100vw, 500px\" \/><p id=\"caption-attachment-38099\" class=\"wp-caption-text\">Im Naturpark wurden 329 Vogelarten gesichtet.<\/p><\/div>\n<div id=\"attachment_38105\" style=\"width: 510px\" class=\"wp-caption aligncenter\"><img loading=\"lazy\" decoding=\"async\" aria-describedby=\"caption-attachment-38105\" class=\"wp-image-38105 size-medium\" src=\"https:\/\/www.campinglaguna.com\/wp-content\/uploads\/2-jonquera-500x374.jpg\" alt=\"\" width=\"500\" height=\"374\" srcset=\"https:\/\/www.campinglaguna.com\/wp-content\/uploads\/2-jonquera-500x374.jpg 500w, https:\/\/www.campinglaguna.com\/wp-content\/uploads\/2-jonquera-1000x748.jpg 1000w, https:\/\/www.campinglaguna.com\/wp-content\/uploads\/2-jonquera-150x112.jpg 150w, https:\/\/www.campinglaguna.com\/wp-content\/uploads\/2-jonquera-768x574.jpg 768w, https:\/\/www.campinglaguna.com\/wp-content\/uploads\/2-jonquera-1536x1149.jpg 1536w, https:\/\/www.campinglaguna.com\/wp-content\/uploads\/2-jonquera-2048x1532.jpg 2048w, https:\/\/www.campinglaguna.com\/wp-content\/uploads\/2-jonquera-1400x1047.jpg 1400w\" sizes=\"auto, (max-width: 500px) 100vw, 500px\" \/><p id=\"caption-attachment-38105\" class=\"wp-caption-text\">Im Park gibt es 863 Wildpflanzenarten.<\/p><\/div>\n<\/div>\n","protected":false},"excerpt":{"rendered":"<p>Die \u201eAiguamolls de l\u201cEmpord\u00e0\u201c (Empord\u00e0-S\u00fcmpfe) sind eines der wichtigsten Feuchtgebiete Kataloniens und das Ergebnis des Zusammenspiels von Fl\u00fcssen und Meer. Der 1983 gegr\u00fcndete Naturpark ist ein Mosaik aus voneinander abh\u00e4ngigen [&hellip;]<\/p>\n","protected":false},"author":8,"featured_media":38104,"parent":38469,"menu_order":0,"comment_status":"closed","ping_status":"closed","template":"","meta":{"_acf_changed":false,"footnotes":""},"class_list":["post-38458","page","type-page","status-publish","has-post-thumbnail","hentry"],"acf":[],"yoast_head":"<!-- This site is optimized with the Yoast SEO plugin v26.1.1 - https:\/\/yoast.com\/wordpress\/plugins\/seo\/ -->\n<title>Ein Naturschutzgebiet von gro\u00dfem Wert - Camping Laguna<\/title>\n<meta name=\"description\" content=\"Die \u201eAiguamolls de l\u201cEmpord\u00e0\u201c (Empord\u00e0-S\u00fcmpfe) sind eines der wichtigsten Feuchtgebiete Kataloniens und das Ergebnis des Zusammenspiels von Fl\u00fcssen und\" \/>\n<meta name=\"robots\" content=\"index, follow, max-snippet:-1, max-image-preview:large, max-video-preview:-1\" \/>\n<link rel=\"canonical\" href=\"https:\/\/www.campinglaguna.com\/de\/un-espacio-natural-protegido-de-gran-valor\/\" \/>\n<meta property=\"og:locale\" content=\"de_DE\" \/>\n<meta property=\"og:type\" content=\"article\" \/>\n<meta property=\"og:title\" content=\"Ein Naturschutzgebiet von gro\u00dfem Wert - Camping Laguna\" \/>\n<meta property=\"og:description\" content=\"Die \u201eAiguamolls de l\u201cEmpord\u00e0\u201c (Empord\u00e0-S\u00fcmpfe) sind eines der wichtigsten Feuchtgebiete Kataloniens und das Ergebnis des Zusammenspiels von Fl\u00fcssen und\" \/>\n<meta property=\"og:url\" content=\"https:\/\/www.campinglaguna.com\/de\/un-espacio-natural-protegido-de-gran-valor\/\" \/>\n<meta property=\"og:site_name\" content=\"Camping Laguna\" \/>\n<meta property=\"article:modified_time\" content=\"2024-10-17T12:10:49+00:00\" \/>\n<meta property=\"og:image\" content=\"https:\/\/www.campinglaguna.com\/wp-content\/uploads\/1-flamencs-scaled.jpg\" \/>\n\t<meta property=\"og:image:width\" content=\"2560\" \/>\n\t<meta property=\"og:image:height\" content=\"1920\" \/>\n\t<meta property=\"og:image:type\" content=\"image\/jpeg\" \/>\n<meta name=\"twitter:card\" content=\"summary_large_image\" \/>\n<meta name=\"twitter:label1\" content=\"Gesch\u00e4tzte Lesezeit\" \/>\n\t<meta name=\"twitter:data1\" content=\"2\u00a0Minuten\" \/>\n<script type=\"application\/ld+json\" class=\"yoast-schema-graph\">{\"@context\":\"https:\/\/schema.org\",\"@graph\":[{\"@type\":\"WebPage\",\"@id\":\"https:\/\/www.campinglaguna.com\/de\/un-espacio-natural-protegido-de-gran-valor\/\",\"url\":\"https:\/\/www.campinglaguna.com\/de\/un-espacio-natural-protegido-de-gran-valor\/\",\"name\":\"Ein Naturschutzgebiet von gro\u00dfem Wert - Camping Laguna\",\"isPartOf\":{\"@id\":\"https:\/\/www.campinglaguna.com\/#website\"},\"primaryImageOfPage\":{\"@id\":\"https:\/\/www.campinglaguna.com\/de\/un-espacio-natural-protegido-de-gran-valor\/#primaryimage\"},\"image\":{\"@id\":\"https:\/\/www.campinglaguna.com\/de\/un-espacio-natural-protegido-de-gran-valor\/#primaryimage\"},\"thumbnailUrl\":\"https:\/\/www.campinglaguna.com\/wp-content\/uploads\/1-flamencs-scaled.jpg\",\"datePublished\":\"2024-09-30T11:41:28+00:00\",\"dateModified\":\"2024-10-17T12:10:49+00:00\",\"description\":\"Die \u201eAiguamolls de l\u201cEmpord\u00e0\u201c (Empord\u00e0-S\u00fcmpfe) sind eines der wichtigsten Feuchtgebiete Kataloniens und das Ergebnis des Zusammenspiels von Fl\u00fcssen und\",\"breadcrumb\":{\"@id\":\"https:\/\/www.campinglaguna.com\/de\/un-espacio-natural-protegido-de-gran-valor\/#breadcrumb\"},\"inLanguage\":\"de\",\"potentialAction\":[{\"@type\":\"ReadAction\",\"target\":[\"https:\/\/www.campinglaguna.com\/de\/un-espacio-natural-protegido-de-gran-valor\/\"]}]},{\"@type\":\"ImageObject\",\"inLanguage\":\"de\",\"@id\":\"https:\/\/www.campinglaguna.com\/de\/un-espacio-natural-protegido-de-gran-valor\/#primaryimage\",\"url\":\"https:\/\/www.campinglaguna.com\/wp-content\/uploads\/1-flamencs-scaled.jpg\",\"contentUrl\":\"https:\/\/www.campinglaguna.com\/wp-content\/uploads\/1-flamencs-scaled.jpg\",\"width\":2560,\"height\":1920,\"caption\":\"En el Parque Natural se han visto 329 especies de aves.\"},{\"@type\":\"BreadcrumbList\",\"@id\":\"https:\/\/www.campinglaguna.com\/de\/un-espacio-natural-protegido-de-gran-valor\/#breadcrumb\",\"itemListElement\":[{\"@type\":\"ListItem\",\"position\":1,\"name\":\"Camping Laguna\",\"item\":\"https:\/\/www.campinglaguna.com\/de\/\"},{\"@type\":\"ListItem\",\"position\":2,\"name\":\"Ein Naturschutzgebiet von gro\u00dfem Wert\"}]},{\"@type\":\"WebSite\",\"@id\":\"https:\/\/www.campinglaguna.com\/#website\",\"url\":\"https:\/\/www.campinglaguna.com\/\",\"name\":\"Camping Laguna\",\"description\":\"Otro sitio realizado con WordPress\",\"publisher\":{\"@id\":\"https:\/\/www.campinglaguna.com\/#organization\"},\"potentialAction\":[{\"@type\":\"SearchAction\",\"target\":{\"@type\":\"EntryPoint\",\"urlTemplate\":\"https:\/\/www.campinglaguna.com\/?s={search_term_string}\"},\"query-input\":{\"@type\":\"PropertyValueSpecification\",\"valueRequired\":true,\"valueName\":\"search_term_string\"}}],\"inLanguage\":\"de\"},{\"@type\":\"Organization\",\"@id\":\"https:\/\/www.campinglaguna.com\/#organization\",\"name\":\"Camping Laguna\",\"url\":\"https:\/\/www.campinglaguna.com\/\",\"logo\":{\"@type\":\"ImageObject\",\"inLanguage\":\"de\",\"@id\":\"https:\/\/www.campinglaguna.com\/#\/schema\/logo\/image\/\",\"url\":\"https:\/\/www.campinglaguna.com\/wp-content\/uploads\/logo-laguna.png\",\"contentUrl\":\"https:\/\/www.campinglaguna.com\/wp-content\/uploads\/logo-laguna.png\",\"width\":263,\"height\":64,\"caption\":\"Camping Laguna\"},\"image\":{\"@id\":\"https:\/\/www.campinglaguna.com\/#\/schema\/logo\/image\/\"}}]}<\/script>\n<!-- \/ Yoast SEO plugin. -->","yoast_head_json":{"title":"Ein Naturschutzgebiet von gro\u00dfem Wert - Camping Laguna","description":"Die \u201eAiguamolls de l\u201cEmpord\u00e0\u201c (Empord\u00e0-S\u00fcmpfe) sind eines der wichtigsten Feuchtgebiete Kataloniens und das Ergebnis des Zusammenspiels von Fl\u00fcssen und","robots":{"index":"index","follow":"follow","max-snippet":"max-snippet:-1","max-image-preview":"max-image-preview:large","max-video-preview":"max-video-preview:-1"},"canonical":"https:\/\/www.campinglaguna.com\/de\/un-espacio-natural-protegido-de-gran-valor\/","og_locale":"de_DE","og_type":"article","og_title":"Ein Naturschutzgebiet von gro\u00dfem Wert - Camping Laguna","og_description":"Die \u201eAiguamolls de l\u201cEmpord\u00e0\u201c (Empord\u00e0-S\u00fcmpfe) sind eines der wichtigsten Feuchtgebiete Kataloniens und das Ergebnis des Zusammenspiels von Fl\u00fcssen und","og_url":"https:\/\/www.campinglaguna.com\/de\/un-espacio-natural-protegido-de-gran-valor\/","og_site_name":"Camping Laguna","article_modified_time":"2024-10-17T12:10:49+00:00","og_image":[{"width":2560,"height":1920,"url":"https:\/\/www.campinglaguna.com\/wp-content\/uploads\/1-flamencs-scaled.jpg","type":"image\/jpeg"}],"twitter_card":"summary_large_image","twitter_misc":{"Gesch\u00e4tzte Lesezeit":"2\u00a0Minuten"},"schema":{"@context":"https:\/\/schema.org","@graph":[{"@type":"WebPage","@id":"https:\/\/www.campinglaguna.com\/de\/un-espacio-natural-protegido-de-gran-valor\/","url":"https:\/\/www.campinglaguna.com\/de\/un-espacio-natural-protegido-de-gran-valor\/","name":"Ein Naturschutzgebiet von gro\u00dfem Wert - Camping Laguna","isPartOf":{"@id":"https:\/\/www.campinglaguna.com\/#website"},"primaryImageOfPage":{"@id":"https:\/\/www.campinglaguna.com\/de\/un-espacio-natural-protegido-de-gran-valor\/#primaryimage"},"image":{"@id":"https:\/\/www.campinglaguna.com\/de\/un-espacio-natural-protegido-de-gran-valor\/#primaryimage"},"thumbnailUrl":"https:\/\/www.campinglaguna.com\/wp-content\/uploads\/1-flamencs-scaled.jpg","datePublished":"2024-09-30T11:41:28+00:00","dateModified":"2024-10-17T12:10:49+00:00","description":"Die \u201eAiguamolls de l\u201cEmpord\u00e0\u201c (Empord\u00e0-S\u00fcmpfe) sind eines der wichtigsten Feuchtgebiete Kataloniens und das Ergebnis des Zusammenspiels von Fl\u00fcssen und","breadcrumb":{"@id":"https:\/\/www.campinglaguna.com\/de\/un-espacio-natural-protegido-de-gran-valor\/#breadcrumb"},"inLanguage":"de","potentialAction":[{"@type":"ReadAction","target":["https:\/\/www.campinglaguna.com\/de\/un-espacio-natural-protegido-de-gran-valor\/"]}]},{"@type":"ImageObject","inLanguage":"de","@id":"https:\/\/www.campinglaguna.com\/de\/un-espacio-natural-protegido-de-gran-valor\/#primaryimage","url":"https:\/\/www.campinglaguna.com\/wp-content\/uploads\/1-flamencs-scaled.jpg","contentUrl":"https:\/\/www.campinglaguna.com\/wp-content\/uploads\/1-flamencs-scaled.jpg","width":2560,"height":1920,"caption":"En el Parque Natural se han visto 329 especies de aves."},{"@type":"BreadcrumbList","@id":"https:\/\/www.campinglaguna.com\/de\/un-espacio-natural-protegido-de-gran-valor\/#breadcrumb","itemListElement":[{"@type":"ListItem","position":1,"name":"Camping Laguna","item":"https:\/\/www.campinglaguna.com\/de\/"},{"@type":"ListItem","position":2,"name":"Ein Naturschutzgebiet von gro\u00dfem Wert"}]},{"@type":"WebSite","@id":"https:\/\/www.campinglaguna.com\/#website","url":"https:\/\/www.campinglaguna.com\/","name":"Camping Laguna","description":"Otro sitio realizado con WordPress","publisher":{"@id":"https:\/\/www.campinglaguna.com\/#organization"},"potentialAction":[{"@type":"SearchAction","target":{"@type":"EntryPoint","urlTemplate":"https:\/\/www.campinglaguna.com\/?s={search_term_string}"},"query-input":{"@type":"PropertyValueSpecification","valueRequired":true,"valueName":"search_term_string"}}],"inLanguage":"de"},{"@type":"Organization","@id":"https:\/\/www.campinglaguna.com\/#organization","name":"Camping Laguna","url":"https:\/\/www.campinglaguna.com\/","logo":{"@type":"ImageObject","inLanguage":"de","@id":"https:\/\/www.campinglaguna.com\/#\/schema\/logo\/image\/","url":"https:\/\/www.campinglaguna.com\/wp-content\/uploads\/logo-laguna.png","contentUrl":"https:\/\/www.campinglaguna.com\/wp-content\/uploads\/logo-laguna.png","width":263,"height":64,"caption":"Camping Laguna"},"image":{"@id":"https:\/\/www.campinglaguna.com\/#\/schema\/logo\/image\/"}}]}},"_links":{"self":[{"href":"https:\/\/www.campinglaguna.com\/de\/wp-json\/wp\/v2\/pages\/38458","targetHints":{"allow":["GET"]}}],"collection":[{"href":"https:\/\/www.campinglaguna.com\/de\/wp-json\/wp\/v2\/pages"}],"about":[{"href":"https:\/\/www.campinglaguna.com\/de\/wp-json\/wp\/v2\/types\/page"}],"author":[{"embeddable":true,"href":"https:\/\/www.campinglaguna.com\/de\/wp-json\/wp\/v2\/users\/8"}],"replies":[{"embeddable":true,"href":"https:\/\/www.campinglaguna.com\/de\/wp-json\/wp\/v2\/comments?post=38458"}],"version-history":[{"count":2,"href":"https:\/\/www.campinglaguna.com\/de\/wp-json\/wp\/v2\/pages\/38458\/revisions"}],"predecessor-version":[{"id":38460,"href":"https:\/\/www.campinglaguna.com\/de\/wp-json\/wp\/v2\/pages\/38458\/revisions\/38460"}],"up":[{"embeddable":true,"href":"https:\/\/www.campinglaguna.com\/de\/wp-json\/wp\/v2\/pages\/38469"}],"wp:featuredmedia":[{"embeddable":true,"href":"https:\/\/www.campinglaguna.com\/de\/wp-json\/wp\/v2\/media\/38104"}],"wp:attachment":[{"href":"https:\/\/www.campinglaguna.com\/de\/wp-json\/wp\/v2\/media?parent=38458"}],"curies":[{"name":"wp","href":"https:\/\/api.w.org\/{rel}","templated":true}]}}