{"id":38461,"date":"2024-09-30T13:42:03","date_gmt":"2024-09-30T11:42:03","guid":{"rendered":"https:\/\/www.campinglaguna.com\/descubre-un-parque-natural-cambiante\/"},"modified":"2024-10-29T09:51:26","modified_gmt":"2024-10-29T08:51:26","slug":"descubre-un-parque-natural-cambiante","status":"publish","type":"page","link":"https:\/\/www.campinglaguna.com\/de\/que-hacer\/parque-natural\/descubre-un-parque-natural-cambiante\/","title":{"rendered":"Entdecken Sie einen abwechslungsreichen Naturpark"},"content":{"rendered":"<p>Der Naturpark verf\u00fcgt \u00fcber verschiedene Routen mit Observatorien, die es uns erm\u00f6glichen, der Natur n\u00e4her zu kommen. Alle sind zu Fu\u00df erreichbar und einige, bei entsprechender Genehmigung, auch mit dem Fahrrad.<\/p>\n<p>Im Laufe des Jahres entwickelt sich der Park entsprechend den f\u00fcr das Mittelmeerklima typischen saisonalen Ver\u00e4nderungen und bietet uns sehr wechselnde Landschaften und Situationen:<\/p>\n<p style=\"padding-left: 40px;\"><strong>Fr\u00fchling:<\/strong> Der Park wird zum Zufluchtsort f\u00fcr V\u00f6gel, die von S\u00fcden nach Norden ziehen. Davon nisten bis zu 82 Arten regelm\u00e4\u00dfig und daher sind die Besuchsvorschriften deutlich strenger. Es ist auch die beste Zeit, die verschiedenen Arten der Vegetation kennenzulernen. Bereits Ende Juni sinkt der Wasserspiegel und die Landschaft ver\u00e4ndert sich radikal.<\/p>\n<p style=\"padding-left: 40px;\"><strong>Sommer:<\/strong> Mitte Juli trocknen S\u00fcmpfe und Teiche aus; Lediglich die Brackwasserlagunen unterhalb des Meeresspiegels bleiben \u00fcberflutet. Tiere und Pflanzen verf\u00fcgen \u00fcber \u00dcberlebensstrategien, beispielsweise indem sie Eier und Samen f\u00fcr die n\u00e4chste Saison zur\u00fccklassen.<\/p>\n<p style=\"padding-left: 40px;\"><strong>Herbst:<\/strong> Wenn die Regenf\u00e4lle das Gebiet erneut \u00fcberschwemmen, machen sie Platz f\u00fcr Fische und bieten Schutz und Nahrung f\u00fcr wandernde Tiere, sowohl f\u00fcr diejenigen, die hier den ganzen Winter \u00fcber bleiben, als auch f\u00fcr diejenigen, die ihre Reise nach Afrika fortsetzen. Ende Oktober kommt es zur Brunst beim Damwild.<\/p>\n<p style=\"padding-left: 40px;\"><strong>Winter:<\/strong> In den kalten Monaten halten sich Tausende von Wasserv\u00f6geln auf, die aus dem Norden kommen. Im Februar und M\u00e4rz fallen sie mit den V\u00f6geln zusammen, die aus dem S\u00fcden zum Br\u00fcten zur\u00fcckkehren.<\/p>\n<p>Behalten Sie all diese Ver\u00e4nderungen im Hinterkopf und passen Sie Ihre Erwartungen an. Sie k\u00f6nnen das <span style=\"color: #3366ff;\"><a style=\"color: #3366ff;\" href=\"https:\/\/maps.app.goo.gl\/RVyQjGyoVi2s1Bp98\">Informationszentrum El Cortalet<\/a><\/span> besuchen, um Ihren Besuch besser zu planen.<\/p>\n<p>Weitere Informationen finden Sie auch in der <span style=\"color: #3366ff;\"><a style=\"color: #3366ff;\" href=\"https:\/\/parcsnaturals.gencat.cat\/web\/.content\/Xarxa-de-parcs\/aiguamolls-emporda\/el_parc\/mapa-parc\/plano-guia-en-fr.pdf\">Karte des Parkf\u00fchrers<\/a>.<\/span><\/p>\n<div class=\"two-columns\">\n<div id=\"attachment_38123\" style=\"width: 510px\" class=\"wp-caption alignnone\"><img loading=\"lazy\" decoding=\"async\" aria-describedby=\"caption-attachment-38123\" class=\"wp-image-38123 size-medium\" src=\"https:\/\/www.campinglaguna.com\/wp-content\/uploads\/5-primavera-abalisament-corriol-500x375.jpg\" alt=\"\" width=\"500\" height=\"375\" srcset=\"https:\/\/www.campinglaguna.com\/wp-content\/uploads\/5-primavera-abalisament-corriol-500x375.jpg 500w, https:\/\/www.campinglaguna.com\/wp-content\/uploads\/5-primavera-abalisament-corriol-150x112.jpg 150w, https:\/\/www.campinglaguna.com\/wp-content\/uploads\/5-primavera-abalisament-corriol-768x576.jpg 768w, https:\/\/www.campinglaguna.com\/wp-content\/uploads\/5-primavera-abalisament-corriol.jpg 826w\" sizes=\"auto, (max-width: 500px) 100vw, 500px\" \/><p id=\"caption-attachment-38123\" class=\"wp-caption-text\">Fr\u00fchling: Der Strand von Can Comes ist geschlossen, um die Brutst\u00e4tte des Seeregenpfeifers zu sch\u00fctzen.<\/p><\/div>\n<div id=\"attachment_38129\" style=\"width: 510px\" class=\"wp-caption alignnone\"><img loading=\"lazy\" decoding=\"async\" aria-describedby=\"caption-attachment-38129\" class=\"wp-image-38129 size-medium\" src=\"https:\/\/www.campinglaguna.com\/wp-content\/uploads\/6-estiu-estany-sec-500x375.jpg\" alt=\"\" width=\"500\" height=\"375\" srcset=\"https:\/\/www.campinglaguna.com\/wp-content\/uploads\/6-estiu-estany-sec-500x375.jpg 500w, https:\/\/www.campinglaguna.com\/wp-content\/uploads\/6-estiu-estany-sec-1000x750.jpg 1000w, https:\/\/www.campinglaguna.com\/wp-content\/uploads\/6-estiu-estany-sec-150x113.jpg 150w, https:\/\/www.campinglaguna.com\/wp-content\/uploads\/6-estiu-estany-sec-768x576.jpg 768w, https:\/\/www.campinglaguna.com\/wp-content\/uploads\/6-estiu-estany-sec-1536x1152.jpg 1536w, https:\/\/www.campinglaguna.com\/wp-content\/uploads\/6-estiu-estany-sec-2048x1536.jpg 2048w, https:\/\/www.campinglaguna.com\/wp-content\/uploads\/6-estiu-estany-sec-1400x1050.jpg 1400w\" sizes=\"auto, (max-width: 500px) 100vw, 500px\" \/><p id=\"caption-attachment-38129\" class=\"wp-caption-text\">Sommer: Mitte Juli trocknen S\u00fcmpfe und Teiche aus und in den Bracklagunen, die dem Meer am n\u00e4chsten liegen, bleibt nur noch Wasser \u00fcbrig.<\/p><\/div>\n<div id=\"attachment_38111\" style=\"width: 510px\" class=\"wp-caption alignnone\"><img loading=\"lazy\" decoding=\"async\" aria-describedby=\"caption-attachment-38111\" class=\"wp-image-38111 size-medium\" src=\"https:\/\/www.campinglaguna.com\/wp-content\/uploads\/3-tardor-daina-500x375.jpg\" alt=\"\" width=\"500\" height=\"375\" srcset=\"https:\/\/www.campinglaguna.com\/wp-content\/uploads\/3-tardor-daina-500x375.jpg 500w, https:\/\/www.campinglaguna.com\/wp-content\/uploads\/3-tardor-daina-1000x750.jpg 1000w, https:\/\/www.campinglaguna.com\/wp-content\/uploads\/3-tardor-daina-150x113.jpg 150w, https:\/\/www.campinglaguna.com\/wp-content\/uploads\/3-tardor-daina-768x576.jpg 768w, https:\/\/www.campinglaguna.com\/wp-content\/uploads\/3-tardor-daina-1536x1152.jpg 1536w, https:\/\/www.campinglaguna.com\/wp-content\/uploads\/3-tardor-daina-2048x1536.jpg 2048w, https:\/\/www.campinglaguna.com\/wp-content\/uploads\/3-tardor-daina-1400x1050.jpg 1400w\" sizes=\"auto, (max-width: 500px) 100vw, 500px\" \/><p id=\"caption-attachment-38111\" class=\"wp-caption-text\">Herbst: Die Regenf\u00e4lle \u00fcberschwemmen das Gebiet erneut.<\/p><\/div>\n<div id=\"attachment_38117\" style=\"width: 510px\" class=\"wp-caption alignnone\"><img loading=\"lazy\" decoding=\"async\" aria-describedby=\"caption-attachment-38117\" class=\"wp-image-38117 size-medium\" src=\"https:\/\/www.campinglaguna.com\/wp-content\/uploads\/4-hivern-concentracio-d-aus-hivernants-500x380.jpg\" alt=\"\" width=\"500\" height=\"380\" srcset=\"https:\/\/www.campinglaguna.com\/wp-content\/uploads\/4-hivern-concentracio-d-aus-hivernants-500x380.jpg 500w, https:\/\/www.campinglaguna.com\/wp-content\/uploads\/4-hivern-concentracio-d-aus-hivernants-1000x760.jpg 1000w, https:\/\/www.campinglaguna.com\/wp-content\/uploads\/4-hivern-concentracio-d-aus-hivernants-150x114.jpg 150w, https:\/\/www.campinglaguna.com\/wp-content\/uploads\/4-hivern-concentracio-d-aus-hivernants-768x584.jpg 768w, https:\/\/www.campinglaguna.com\/wp-content\/uploads\/4-hivern-concentracio-d-aus-hivernants-1536x1168.jpg 1536w, https:\/\/www.campinglaguna.com\/wp-content\/uploads\/4-hivern-concentracio-d-aus-hivernants-2048x1557.jpg 2048w, https:\/\/www.campinglaguna.com\/wp-content\/uploads\/4-hivern-concentracio-d-aus-hivernants-1400x1065.jpg 1400w\" sizes=\"auto, (max-width: 500px) 100vw, 500px\" \/><p id=\"caption-attachment-38117\" class=\"wp-caption-text\">Winter: In den kalten Monaten halten sich Tausende von Wasserv\u00f6geln aus dem Norden auf.<\/p><\/div>\n<\/div>\n","protected":false},"excerpt":{"rendered":"<p>Der Naturpark verf\u00fcgt \u00fcber verschiedene Routen mit Observatorien, die es uns erm\u00f6glichen, der Natur n\u00e4her zu kommen. Alle sind zu Fu\u00df erreichbar und einige, bei entsprechender Genehmigung, auch mit dem [&hellip;]<\/p>\n","protected":false},"author":8,"featured_media":38134,"parent":38469,"menu_order":1,"comment_status":"closed","ping_status":"closed","template":"","meta":{"_acf_changed":false,"footnotes":""},"class_list":["post-38461","page","type-page","status-publish","has-post-thumbnail","hentry"],"acf":[],"yoast_head":"<!-- This site is optimized with the Yoast SEO plugin v26.1.1 - https:\/\/yoast.com\/wordpress\/plugins\/seo\/ -->\n<title>Entdecken Sie einen abwechslungsreichen Naturpark - Camping Laguna<\/title>\n<meta name=\"description\" content=\"Der Naturpark verf\u00fcgt \u00fcber verschiedene Routen mit Observatorien, die es uns erm\u00f6glichen, der Natur n\u00e4her zu kommen. Alle sind zu Fu\u00df erreichbar und\" \/>\n<meta name=\"robots\" content=\"index, follow, max-snippet:-1, max-image-preview:large, max-video-preview:-1\" \/>\n<link rel=\"canonical\" href=\"https:\/\/www.campinglaguna.com\/de\/que-hacer\/parque-natural\/descubre-un-parque-natural-cambiante\/\" \/>\n<meta property=\"og:locale\" content=\"de_DE\" \/>\n<meta property=\"og:type\" content=\"article\" \/>\n<meta property=\"og:title\" content=\"Entdecken Sie einen abwechslungsreichen Naturpark - Camping Laguna\" \/>\n<meta property=\"og:description\" content=\"Der Naturpark verf\u00fcgt \u00fcber verschiedene Routen mit Observatorien, die es uns erm\u00f6glichen, der Natur n\u00e4her zu kommen. Alle sind zu Fu\u00df erreichbar und\" \/>\n<meta property=\"og:url\" content=\"https:\/\/www.campinglaguna.com\/de\/que-hacer\/parque-natural\/descubre-un-parque-natural-cambiante\/\" \/>\n<meta property=\"og:site_name\" content=\"Camping Laguna\" \/>\n<meta property=\"article:modified_time\" content=\"2024-10-29T08:51:26+00:00\" \/>\n<meta property=\"og:image\" content=\"https:\/\/www.campinglaguna.com\/wp-content\/uploads\/6-estiu-estany-sec-scaled.jpg\" \/>\n\t<meta property=\"og:image:width\" content=\"2560\" \/>\n\t<meta property=\"og:image:height\" content=\"1920\" \/>\n\t<meta property=\"og:image:type\" content=\"image\/jpeg\" \/>\n<meta name=\"twitter:card\" content=\"summary_large_image\" \/>\n<meta name=\"twitter:label1\" content=\"Gesch\u00e4tzte Lesezeit\" \/>\n\t<meta name=\"twitter:data1\" content=\"3\u00a0Minuten\" \/>\n<script type=\"application\/ld+json\" class=\"yoast-schema-graph\">{\"@context\":\"https:\/\/schema.org\",\"@graph\":[{\"@type\":\"WebPage\",\"@id\":\"https:\/\/www.campinglaguna.com\/de\/que-hacer\/parque-natural\/descubre-un-parque-natural-cambiante\/\",\"url\":\"https:\/\/www.campinglaguna.com\/de\/que-hacer\/parque-natural\/descubre-un-parque-natural-cambiante\/\",\"name\":\"Entdecken Sie einen abwechslungsreichen Naturpark - Camping Laguna\",\"isPartOf\":{\"@id\":\"https:\/\/www.campinglaguna.com\/#website\"},\"primaryImageOfPage\":{\"@id\":\"https:\/\/www.campinglaguna.com\/de\/que-hacer\/parque-natural\/descubre-un-parque-natural-cambiante\/#primaryimage\"},\"image\":{\"@id\":\"https:\/\/www.campinglaguna.com\/de\/que-hacer\/parque-natural\/descubre-un-parque-natural-cambiante\/#primaryimage\"},\"thumbnailUrl\":\"https:\/\/www.campinglaguna.com\/wp-content\/uploads\/6-estiu-estany-sec-scaled.jpg\",\"datePublished\":\"2024-09-30T11:42:03+00:00\",\"dateModified\":\"2024-10-29T08:51:26+00:00\",\"description\":\"Der Naturpark verf\u00fcgt \u00fcber verschiedene Routen mit Observatorien, die es uns erm\u00f6glichen, der Natur n\u00e4her zu kommen. Alle sind zu Fu\u00df erreichbar und\",\"breadcrumb\":{\"@id\":\"https:\/\/www.campinglaguna.com\/de\/que-hacer\/parque-natural\/descubre-un-parque-natural-cambiante\/#breadcrumb\"},\"inLanguage\":\"de\",\"potentialAction\":[{\"@type\":\"ReadAction\",\"target\":[\"https:\/\/www.campinglaguna.com\/de\/que-hacer\/parque-natural\/descubre-un-parque-natural-cambiante\/\"]}]},{\"@type\":\"ImageObject\",\"inLanguage\":\"de\",\"@id\":\"https:\/\/www.campinglaguna.com\/de\/que-hacer\/parque-natural\/descubre-un-parque-natural-cambiante\/#primaryimage\",\"url\":\"https:\/\/www.campinglaguna.com\/wp-content\/uploads\/6-estiu-estany-sec-scaled.jpg\",\"contentUrl\":\"https:\/\/www.campinglaguna.com\/wp-content\/uploads\/6-estiu-estany-sec-scaled.jpg\",\"width\":2560,\"height\":1920},{\"@type\":\"BreadcrumbList\",\"@id\":\"https:\/\/www.campinglaguna.com\/de\/que-hacer\/parque-natural\/descubre-un-parque-natural-cambiante\/#breadcrumb\",\"itemListElement\":[{\"@type\":\"ListItem\",\"position\":1,\"name\":\"Camping Laguna\",\"item\":\"https:\/\/www.campinglaguna.com\/de\/\"},{\"@type\":\"ListItem\",\"position\":2,\"name\":\"\u00bfQue hacer?\",\"item\":\"https:\/\/www.campinglaguna.com\/de\/que-hacer\/\"},{\"@type\":\"ListItem\",\"position\":3,\"name\":\"Naturpark\",\"item\":\"https:\/\/www.campinglaguna.com\/de\/que-hacer\/parque-natural\/\"},{\"@type\":\"ListItem\",\"position\":4,\"name\":\"Entdecken Sie einen abwechslungsreichen Naturpark\"}]},{\"@type\":\"WebSite\",\"@id\":\"https:\/\/www.campinglaguna.com\/#website\",\"url\":\"https:\/\/www.campinglaguna.com\/\",\"name\":\"Camping Laguna\",\"description\":\"Otro sitio realizado con WordPress\",\"publisher\":{\"@id\":\"https:\/\/www.campinglaguna.com\/#organization\"},\"potentialAction\":[{\"@type\":\"SearchAction\",\"target\":{\"@type\":\"EntryPoint\",\"urlTemplate\":\"https:\/\/www.campinglaguna.com\/?s={search_term_string}\"},\"query-input\":{\"@type\":\"PropertyValueSpecification\",\"valueRequired\":true,\"valueName\":\"search_term_string\"}}],\"inLanguage\":\"de\"},{\"@type\":\"Organization\",\"@id\":\"https:\/\/www.campinglaguna.com\/#organization\",\"name\":\"Camping Laguna\",\"url\":\"https:\/\/www.campinglaguna.com\/\",\"logo\":{\"@type\":\"ImageObject\",\"inLanguage\":\"de\",\"@id\":\"https:\/\/www.campinglaguna.com\/#\/schema\/logo\/image\/\",\"url\":\"https:\/\/www.campinglaguna.com\/wp-content\/uploads\/logo-laguna.png\",\"contentUrl\":\"https:\/\/www.campinglaguna.com\/wp-content\/uploads\/logo-laguna.png\",\"width\":263,\"height\":64,\"caption\":\"Camping Laguna\"},\"image\":{\"@id\":\"https:\/\/www.campinglaguna.com\/#\/schema\/logo\/image\/\"}}]}<\/script>\n<!-- \/ Yoast SEO plugin. -->","yoast_head_json":{"title":"Entdecken Sie einen abwechslungsreichen Naturpark - Camping Laguna","description":"Der Naturpark verf\u00fcgt \u00fcber verschiedene Routen mit Observatorien, die es uns erm\u00f6glichen, der Natur n\u00e4her zu kommen. Alle sind zu Fu\u00df erreichbar und","robots":{"index":"index","follow":"follow","max-snippet":"max-snippet:-1","max-image-preview":"max-image-preview:large","max-video-preview":"max-video-preview:-1"},"canonical":"https:\/\/www.campinglaguna.com\/de\/que-hacer\/parque-natural\/descubre-un-parque-natural-cambiante\/","og_locale":"de_DE","og_type":"article","og_title":"Entdecken Sie einen abwechslungsreichen Naturpark - Camping Laguna","og_description":"Der Naturpark verf\u00fcgt \u00fcber verschiedene Routen mit Observatorien, die es uns erm\u00f6glichen, der Natur n\u00e4her zu kommen. Alle sind zu Fu\u00df erreichbar und","og_url":"https:\/\/www.campinglaguna.com\/de\/que-hacer\/parque-natural\/descubre-un-parque-natural-cambiante\/","og_site_name":"Camping Laguna","article_modified_time":"2024-10-29T08:51:26+00:00","og_image":[{"width":2560,"height":1920,"url":"https:\/\/www.campinglaguna.com\/wp-content\/uploads\/6-estiu-estany-sec-scaled.jpg","type":"image\/jpeg"}],"twitter_card":"summary_large_image","twitter_misc":{"Gesch\u00e4tzte Lesezeit":"3\u00a0Minuten"},"schema":{"@context":"https:\/\/schema.org","@graph":[{"@type":"WebPage","@id":"https:\/\/www.campinglaguna.com\/de\/que-hacer\/parque-natural\/descubre-un-parque-natural-cambiante\/","url":"https:\/\/www.campinglaguna.com\/de\/que-hacer\/parque-natural\/descubre-un-parque-natural-cambiante\/","name":"Entdecken Sie einen abwechslungsreichen Naturpark - Camping Laguna","isPartOf":{"@id":"https:\/\/www.campinglaguna.com\/#website"},"primaryImageOfPage":{"@id":"https:\/\/www.campinglaguna.com\/de\/que-hacer\/parque-natural\/descubre-un-parque-natural-cambiante\/#primaryimage"},"image":{"@id":"https:\/\/www.campinglaguna.com\/de\/que-hacer\/parque-natural\/descubre-un-parque-natural-cambiante\/#primaryimage"},"thumbnailUrl":"https:\/\/www.campinglaguna.com\/wp-content\/uploads\/6-estiu-estany-sec-scaled.jpg","datePublished":"2024-09-30T11:42:03+00:00","dateModified":"2024-10-29T08:51:26+00:00","description":"Der Naturpark verf\u00fcgt \u00fcber verschiedene Routen mit Observatorien, die es uns erm\u00f6glichen, der Natur n\u00e4her zu kommen. Alle sind zu Fu\u00df erreichbar und","breadcrumb":{"@id":"https:\/\/www.campinglaguna.com\/de\/que-hacer\/parque-natural\/descubre-un-parque-natural-cambiante\/#breadcrumb"},"inLanguage":"de","potentialAction":[{"@type":"ReadAction","target":["https:\/\/www.campinglaguna.com\/de\/que-hacer\/parque-natural\/descubre-un-parque-natural-cambiante\/"]}]},{"@type":"ImageObject","inLanguage":"de","@id":"https:\/\/www.campinglaguna.com\/de\/que-hacer\/parque-natural\/descubre-un-parque-natural-cambiante\/#primaryimage","url":"https:\/\/www.campinglaguna.com\/wp-content\/uploads\/6-estiu-estany-sec-scaled.jpg","contentUrl":"https:\/\/www.campinglaguna.com\/wp-content\/uploads\/6-estiu-estany-sec-scaled.jpg","width":2560,"height":1920},{"@type":"BreadcrumbList","@id":"https:\/\/www.campinglaguna.com\/de\/que-hacer\/parque-natural\/descubre-un-parque-natural-cambiante\/#breadcrumb","itemListElement":[{"@type":"ListItem","position":1,"name":"Camping Laguna","item":"https:\/\/www.campinglaguna.com\/de\/"},{"@type":"ListItem","position":2,"name":"\u00bfQue hacer?","item":"https:\/\/www.campinglaguna.com\/de\/que-hacer\/"},{"@type":"ListItem","position":3,"name":"Naturpark","item":"https:\/\/www.campinglaguna.com\/de\/que-hacer\/parque-natural\/"},{"@type":"ListItem","position":4,"name":"Entdecken Sie einen abwechslungsreichen Naturpark"}]},{"@type":"WebSite","@id":"https:\/\/www.campinglaguna.com\/#website","url":"https:\/\/www.campinglaguna.com\/","name":"Camping Laguna","description":"Otro sitio realizado con WordPress","publisher":{"@id":"https:\/\/www.campinglaguna.com\/#organization"},"potentialAction":[{"@type":"SearchAction","target":{"@type":"EntryPoint","urlTemplate":"https:\/\/www.campinglaguna.com\/?s={search_term_string}"},"query-input":{"@type":"PropertyValueSpecification","valueRequired":true,"valueName":"search_term_string"}}],"inLanguage":"de"},{"@type":"Organization","@id":"https:\/\/www.campinglaguna.com\/#organization","name":"Camping Laguna","url":"https:\/\/www.campinglaguna.com\/","logo":{"@type":"ImageObject","inLanguage":"de","@id":"https:\/\/www.campinglaguna.com\/#\/schema\/logo\/image\/","url":"https:\/\/www.campinglaguna.com\/wp-content\/uploads\/logo-laguna.png","contentUrl":"https:\/\/www.campinglaguna.com\/wp-content\/uploads\/logo-laguna.png","width":263,"height":64,"caption":"Camping Laguna"},"image":{"@id":"https:\/\/www.campinglaguna.com\/#\/schema\/logo\/image\/"}}]}},"_links":{"self":[{"href":"https:\/\/www.campinglaguna.com\/de\/wp-json\/wp\/v2\/pages\/38461","targetHints":{"allow":["GET"]}}],"collection":[{"href":"https:\/\/www.campinglaguna.com\/de\/wp-json\/wp\/v2\/pages"}],"about":[{"href":"https:\/\/www.campinglaguna.com\/de\/wp-json\/wp\/v2\/types\/page"}],"author":[{"embeddable":true,"href":"https:\/\/www.campinglaguna.com\/de\/wp-json\/wp\/v2\/users\/8"}],"replies":[{"embeddable":true,"href":"https:\/\/www.campinglaguna.com\/de\/wp-json\/wp\/v2\/comments?post=38461"}],"version-history":[{"count":5,"href":"https:\/\/www.campinglaguna.com\/de\/wp-json\/wp\/v2\/pages\/38461\/revisions"}],"predecessor-version":[{"id":38531,"href":"https:\/\/www.campinglaguna.com\/de\/wp-json\/wp\/v2\/pages\/38461\/revisions\/38531"}],"up":[{"embeddable":true,"href":"https:\/\/www.campinglaguna.com\/de\/wp-json\/wp\/v2\/pages\/38469"}],"wp:featuredmedia":[{"embeddable":true,"href":"https:\/\/www.campinglaguna.com\/de\/wp-json\/wp\/v2\/media\/38134"}],"wp:attachment":[{"href":"https:\/\/www.campinglaguna.com\/de\/wp-json\/wp\/v2\/media?parent=38461"}],"curies":[{"name":"wp","href":"https:\/\/api.w.org\/{rel}","templated":true}]}}