{"id":38466,"date":"2024-09-30T13:42:27","date_gmt":"2024-09-30T11:42:27","guid":{"rendered":"https:\/\/www.campinglaguna.com\/consejos-y-normas-de-visita\/"},"modified":"2024-10-17T14:50:05","modified_gmt":"2024-10-17T12:50:05","slug":"consejos-y-normas-de-visita","status":"publish","type":"page","link":"https:\/\/www.campinglaguna.com\/de\/que-hacer\/parque-natural\/consejos-y-normas-de-visita\/","title":{"rendered":"Besuchstipps und Regeln"},"content":{"rendered":"<p>Wenn wir die Natur besuchen, haben alle von uns durchgef\u00fchrten Aktivit\u00e4ten Auswirkungen auf die Umwelt. Wir m\u00fcssen versuchen, diese Auswirkungen so gering wie m\u00f6glich zu halten, um keinen Einfluss darauf zu nehmen. Indem wir diese einfachen Empfehlungen befolgen, k\u00f6nnen wir dazu beitragen, das Gleichgewicht der Umwelt und ihren guten Zustand aufrechtzuerhalten:<\/p>\n<ul>\n<li>Ihr Besuch beginnt zu Hause. <span style=\"color: #ff0000;\">Planen<\/span> Sie Ihre Aktivit\u00e4ten, konsultieren Sie die Dienstleistungen der Unterkunft, reservieren Sie bei Bedarf und entdecken Sie das Natur- und Kulturerbe, so das Sie es genie\u00dfen k\u00f6nnen.<\/li>\n<li>Um die Fauna besser beobachten zu k\u00f6nnen, bringen Sie ein <span style=\"color: #ff0000;\">Fernglas<\/span> mit. Sie k\u00f6nnen sie auch im <span style=\"color: #3366ff;\"><a style=\"color: #3366ff;\" href=\"https:\/\/maps.app.goo.gl\/RVyQjGyoVi2s1Bp98\">Informationszentrum El Cortalet<\/a><\/span> mieten.<\/li>\n<li>Versuchen Sie den Naturpark in Begleitung eines <span style=\"color: #ff0000;\">F\u00fchrers<\/span> zu besuchen, das Erlebnis wird viel bereichernder sein. Der Naturpark verf\u00fcgt \u00fcber keinen eigenen F\u00fchrer, es gibt jedoch Unternehmen in der Region, die diesen Service anbieten.<\/li>\n<li>Bringen Sie <span style=\"color: #ff0000;\">Sonnencreme<\/span> und <span style=\"color: #ff0000;\">Wasser<\/span> mit. Bedenken Sie, dass es in Brackwasserumgebungen nicht immer Schatten gibt.<\/li>\n<li>Vergessen Sie nicht das <span style=\"color: #ff0000;\">M\u00fcckenschutzmittel<\/span>, es ist das ganze Jahr \u00fcber erh\u00e4ltlich. Kaufen Sie es ohne Picaridin, denn dies ist sehr giftig f\u00fcr Amphibien<\/li>\n<li>Vermeiden Sie die Mitnahme von <span style=\"color: #ff0000;\">Hunden<\/span> und anderen Haustieren. In jedem Fall m\u00fcssen sie angebunden sein und haben keinen Zugang zu den Str\u00e4nden und einigen Routen. Denken Sie daran, dass das Sammeln von Exkrementen obligatorisch ist, da die Auswirkungen auf die Wirbellosenfauna schwerwiegend sind.<\/li>\n<li>Respektieren Sie die <span style=\"color: #ff0000;\">Regeln<\/span> des Naturparks, sie dienen dazu, Werte zu bewahren und die Durchf\u00fchrung von Aktivit\u00e4ten zu erm\u00f6glichen. Die Vorschriften wirken sich auch auf Reiserouten und Str\u00e4nde aus und k\u00f6nnen im Laufe des Jahres variieren.<\/li>\n<\/ul>\n<p>Beachten Sie die Hinweise auf den Schildern und fragen Sie im Informationszentrum nach. Sie k\u00f6nnen auch diese <span style=\"color: #3366ff;\"><a style=\"color: #3366ff;\" href=\"https:\/\/www.google.com\/maps\/d\/embed?mid=1quXyo4YiyWU_RcGo8Ku0i4GMzaNASwc&amp;hl=ca&amp;ehbc=2E312F&amp;ll=42.21759871803255%2C3.0959602789038865&amp;z=12\">Karte<\/a><\/span> \u00fcberpr\u00fcfen, um sich ein Bild zu machen.<\/p>\n<p>Abschlie\u00dfend laden wir Sie ein, die Website von <span style=\"color: #3366ff;\"><a style=\"color: #3366ff;\" href=\"https:\/\/espaisnaturals.cat\/en\/\">Equilibri Natural<\/a><\/span> zu besuchen, auf der Sie Tipps f\u00fcr den Besuch der Naturr\u00e4ume Kataloniens erhalten.<\/p>\n<div class=\"two-columns\">\n<div id=\"attachment_38135\" style=\"width: 510px\" class=\"wp-caption aligncenter\"><img loading=\"lazy\" decoding=\"async\" aria-describedby=\"caption-attachment-38135\" class=\"wp-image-38135 size-medium\" src=\"https:\/\/www.campinglaguna.com\/wp-content\/uploads\/7-aguait-500x336.jpg\" alt=\"\" width=\"500\" height=\"336\" srcset=\"https:\/\/www.campinglaguna.com\/wp-content\/uploads\/7-aguait-500x336.jpg 500w, https:\/\/www.campinglaguna.com\/wp-content\/uploads\/7-aguait-1000x671.jpg 1000w, https:\/\/www.campinglaguna.com\/wp-content\/uploads\/7-aguait-150x101.jpg 150w, https:\/\/www.campinglaguna.com\/wp-content\/uploads\/7-aguait-768x516.jpg 768w, https:\/\/www.campinglaguna.com\/wp-content\/uploads\/7-aguait-1536x1031.jpg 1536w, https:\/\/www.campinglaguna.com\/wp-content\/uploads\/7-aguait-2048x1375.jpg 2048w, https:\/\/www.campinglaguna.com\/wp-content\/uploads\/7-aguait-90x60.jpg 90w, https:\/\/www.campinglaguna.com\/wp-content\/uploads\/7-aguait-1400x940.jpg 1400w\" sizes=\"auto, (max-width: 500px) 100vw, 500px\" \/><p id=\"caption-attachment-38135\" class=\"wp-caption-text\">Viele Reiserouten verf\u00fcgen \u00fcber Observatorien, in denen Sie die Tierwelt beobachten k\u00f6nnen, ohne sie zu st\u00f6ren.<\/p><\/div>\n<div id=\"attachment_38141\" style=\"width: 510px\" class=\"wp-caption aligncenter\"><img loading=\"lazy\" decoding=\"async\" aria-describedby=\"caption-attachment-38141\" class=\"wp-image-38141 size-medium\" src=\"https:\/\/www.campinglaguna.com\/wp-content\/uploads\/8-gossos-500x375.jpg\" alt=\"\" width=\"500\" height=\"375\" srcset=\"https:\/\/www.campinglaguna.com\/wp-content\/uploads\/8-gossos-500x375.jpg 500w, https:\/\/www.campinglaguna.com\/wp-content\/uploads\/8-gossos-1000x750.jpg 1000w, https:\/\/www.campinglaguna.com\/wp-content\/uploads\/8-gossos-150x113.jpg 150w, https:\/\/www.campinglaguna.com\/wp-content\/uploads\/8-gossos-768x576.jpg 768w, https:\/\/www.campinglaguna.com\/wp-content\/uploads\/8-gossos-1400x1050.jpg 1400w, https:\/\/www.campinglaguna.com\/wp-content\/uploads\/8-gossos.jpg 1500w\" sizes=\"auto, (max-width: 500px) 100vw, 500px\" \/><p id=\"caption-attachment-38141\" class=\"wp-caption-text\">Auch wenn Sie sich an die Vorschriften halten, bedenken Sie dass der Einfluss von Hunden auf die Tierwelt erheblich sein kann.<\/p><\/div>\n<\/div>\n<p>&nbsp;<\/p>\n<p>&nbsp;<\/p>\n<p>&nbsp;<\/p>\n<p>&nbsp;<\/p>\n","protected":false},"excerpt":{"rendered":"<p>Wenn wir die Natur besuchen, haben alle von uns durchgef\u00fchrten Aktivit\u00e4ten Auswirkungen auf die Umwelt. Wir m\u00fcssen versuchen, diese Auswirkungen so gering wie m\u00f6glich zu halten, um keinen Einfluss darauf [&hellip;]<\/p>\n","protected":false},"author":8,"featured_media":38177,"parent":38469,"menu_order":2,"comment_status":"closed","ping_status":"closed","template":"","meta":{"_acf_changed":false,"footnotes":""},"class_list":["post-38466","page","type-page","status-publish","has-post-thumbnail","hentry"],"acf":[],"yoast_head":"<!-- This site is optimized with the Yoast SEO plugin v26.1.1 - https:\/\/yoast.com\/wordpress\/plugins\/seo\/ -->\n<title>Besuchstipps und Regeln - Camping Laguna<\/title>\n<meta name=\"description\" content=\"Wenn wir die Natur besuchen, haben alle von uns durchgef\u00fchrten Aktivit\u00e4ten Auswirkungen auf die Umwelt. Wir m\u00fcssen versuchen, diese Auswirkungen so gering\" \/>\n<meta name=\"robots\" content=\"index, follow, max-snippet:-1, max-image-preview:large, max-video-preview:-1\" \/>\n<link rel=\"canonical\" href=\"https:\/\/www.campinglaguna.com\/de\/consejos-y-normas-de-visita\/\" \/>\n<meta property=\"og:locale\" content=\"de_DE\" \/>\n<meta property=\"og:type\" content=\"article\" \/>\n<meta property=\"og:title\" content=\"Besuchstipps und Regeln - Camping Laguna\" \/>\n<meta property=\"og:description\" content=\"Wenn wir die Natur besuchen, haben alle von uns durchgef\u00fchrten Aktivit\u00e4ten Auswirkungen auf die Umwelt. Wir m\u00fcssen versuchen, diese Auswirkungen so gering\" \/>\n<meta property=\"og:url\" content=\"https:\/\/www.campinglaguna.com\/de\/consejos-y-normas-de-visita\/\" \/>\n<meta property=\"og:site_name\" content=\"Camping Laguna\" \/>\n<meta property=\"article:modified_time\" content=\"2024-10-17T12:50:05+00:00\" \/>\n<meta property=\"og:image\" content=\"https:\/\/www.campinglaguna.com\/wp-content\/uploads\/89599189-icono-de-informacion-aislado-en-la-ilustracion-abstracta-de-boton-redondo-verde-especial.jpg\" \/>\n\t<meta property=\"og:image:width\" content=\"1300\" \/>\n\t<meta property=\"og:image:height\" content=\"1300\" \/>\n\t<meta property=\"og:image:type\" content=\"image\/jpeg\" \/>\n<meta name=\"twitter:card\" content=\"summary_large_image\" \/>\n<meta name=\"twitter:label1\" content=\"Gesch\u00e4tzte Lesezeit\" \/>\n\t<meta name=\"twitter:data1\" content=\"3\u00a0Minuten\" \/>\n<script type=\"application\/ld+json\" class=\"yoast-schema-graph\">{\"@context\":\"https:\/\/schema.org\",\"@graph\":[{\"@type\":\"WebPage\",\"@id\":\"https:\/\/www.campinglaguna.com\/de\/consejos-y-normas-de-visita\/\",\"url\":\"https:\/\/www.campinglaguna.com\/de\/consejos-y-normas-de-visita\/\",\"name\":\"Besuchstipps und Regeln - Camping Laguna\",\"isPartOf\":{\"@id\":\"https:\/\/www.campinglaguna.com\/#website\"},\"primaryImageOfPage\":{\"@id\":\"https:\/\/www.campinglaguna.com\/de\/consejos-y-normas-de-visita\/#primaryimage\"},\"image\":{\"@id\":\"https:\/\/www.campinglaguna.com\/de\/consejos-y-normas-de-visita\/#primaryimage\"},\"thumbnailUrl\":\"https:\/\/www.campinglaguna.com\/wp-content\/uploads\/89599189-icono-de-informacion-aislado-en-la-ilustracion-abstracta-de-boton-redondo-verde-especial.jpg\",\"datePublished\":\"2024-09-30T11:42:27+00:00\",\"dateModified\":\"2024-10-17T12:50:05+00:00\",\"description\":\"Wenn wir die Natur besuchen, haben alle von uns durchgef\u00fchrten Aktivit\u00e4ten Auswirkungen auf die Umwelt. Wir m\u00fcssen versuchen, diese Auswirkungen so gering\",\"breadcrumb\":{\"@id\":\"https:\/\/www.campinglaguna.com\/de\/consejos-y-normas-de-visita\/#breadcrumb\"},\"inLanguage\":\"de\",\"potentialAction\":[{\"@type\":\"ReadAction\",\"target\":[\"https:\/\/www.campinglaguna.com\/de\/consejos-y-normas-de-visita\/\"]}]},{\"@type\":\"ImageObject\",\"inLanguage\":\"de\",\"@id\":\"https:\/\/www.campinglaguna.com\/de\/consejos-y-normas-de-visita\/#primaryimage\",\"url\":\"https:\/\/www.campinglaguna.com\/wp-content\/uploads\/89599189-icono-de-informacion-aislado-en-la-ilustracion-abstracta-de-boton-redondo-verde-especial.jpg\",\"contentUrl\":\"https:\/\/www.campinglaguna.com\/wp-content\/uploads\/89599189-icono-de-informacion-aislado-en-la-ilustracion-abstracta-de-boton-redondo-verde-especial.jpg\",\"width\":1300,\"height\":1300,\"caption\":\"Info icon isolated on special green round button abstract illustration\"},{\"@type\":\"BreadcrumbList\",\"@id\":\"https:\/\/www.campinglaguna.com\/de\/consejos-y-normas-de-visita\/#breadcrumb\",\"itemListElement\":[{\"@type\":\"ListItem\",\"position\":1,\"name\":\"Camping Laguna\",\"item\":\"https:\/\/www.campinglaguna.com\/de\/\"},{\"@type\":\"ListItem\",\"position\":2,\"name\":\"Besuchstipps und Regeln\"}]},{\"@type\":\"WebSite\",\"@id\":\"https:\/\/www.campinglaguna.com\/#website\",\"url\":\"https:\/\/www.campinglaguna.com\/\",\"name\":\"Camping Laguna\",\"description\":\"Otro sitio realizado con WordPress\",\"publisher\":{\"@id\":\"https:\/\/www.campinglaguna.com\/#organization\"},\"potentialAction\":[{\"@type\":\"SearchAction\",\"target\":{\"@type\":\"EntryPoint\",\"urlTemplate\":\"https:\/\/www.campinglaguna.com\/?s={search_term_string}\"},\"query-input\":{\"@type\":\"PropertyValueSpecification\",\"valueRequired\":true,\"valueName\":\"search_term_string\"}}],\"inLanguage\":\"de\"},{\"@type\":\"Organization\",\"@id\":\"https:\/\/www.campinglaguna.com\/#organization\",\"name\":\"Camping Laguna\",\"url\":\"https:\/\/www.campinglaguna.com\/\",\"logo\":{\"@type\":\"ImageObject\",\"inLanguage\":\"de\",\"@id\":\"https:\/\/www.campinglaguna.com\/#\/schema\/logo\/image\/\",\"url\":\"https:\/\/www.campinglaguna.com\/wp-content\/uploads\/logo-laguna.png\",\"contentUrl\":\"https:\/\/www.campinglaguna.com\/wp-content\/uploads\/logo-laguna.png\",\"width\":263,\"height\":64,\"caption\":\"Camping Laguna\"},\"image\":{\"@id\":\"https:\/\/www.campinglaguna.com\/#\/schema\/logo\/image\/\"}}]}<\/script>\n<!-- \/ Yoast SEO plugin. -->","yoast_head_json":{"title":"Besuchstipps und Regeln - Camping Laguna","description":"Wenn wir die Natur besuchen, haben alle von uns durchgef\u00fchrten Aktivit\u00e4ten Auswirkungen auf die Umwelt. Wir m\u00fcssen versuchen, diese Auswirkungen so gering","robots":{"index":"index","follow":"follow","max-snippet":"max-snippet:-1","max-image-preview":"max-image-preview:large","max-video-preview":"max-video-preview:-1"},"canonical":"https:\/\/www.campinglaguna.com\/de\/consejos-y-normas-de-visita\/","og_locale":"de_DE","og_type":"article","og_title":"Besuchstipps und Regeln - Camping Laguna","og_description":"Wenn wir die Natur besuchen, haben alle von uns durchgef\u00fchrten Aktivit\u00e4ten Auswirkungen auf die Umwelt. Wir m\u00fcssen versuchen, diese Auswirkungen so gering","og_url":"https:\/\/www.campinglaguna.com\/de\/consejos-y-normas-de-visita\/","og_site_name":"Camping Laguna","article_modified_time":"2024-10-17T12:50:05+00:00","og_image":[{"width":1300,"height":1300,"url":"https:\/\/www.campinglaguna.com\/wp-content\/uploads\/89599189-icono-de-informacion-aislado-en-la-ilustracion-abstracta-de-boton-redondo-verde-especial.jpg","type":"image\/jpeg"}],"twitter_card":"summary_large_image","twitter_misc":{"Gesch\u00e4tzte Lesezeit":"3\u00a0Minuten"},"schema":{"@context":"https:\/\/schema.org","@graph":[{"@type":"WebPage","@id":"https:\/\/www.campinglaguna.com\/de\/consejos-y-normas-de-visita\/","url":"https:\/\/www.campinglaguna.com\/de\/consejos-y-normas-de-visita\/","name":"Besuchstipps und Regeln - Camping Laguna","isPartOf":{"@id":"https:\/\/www.campinglaguna.com\/#website"},"primaryImageOfPage":{"@id":"https:\/\/www.campinglaguna.com\/de\/consejos-y-normas-de-visita\/#primaryimage"},"image":{"@id":"https:\/\/www.campinglaguna.com\/de\/consejos-y-normas-de-visita\/#primaryimage"},"thumbnailUrl":"https:\/\/www.campinglaguna.com\/wp-content\/uploads\/89599189-icono-de-informacion-aislado-en-la-ilustracion-abstracta-de-boton-redondo-verde-especial.jpg","datePublished":"2024-09-30T11:42:27+00:00","dateModified":"2024-10-17T12:50:05+00:00","description":"Wenn wir die Natur besuchen, haben alle von uns durchgef\u00fchrten Aktivit\u00e4ten Auswirkungen auf die Umwelt. Wir m\u00fcssen versuchen, diese Auswirkungen so gering","breadcrumb":{"@id":"https:\/\/www.campinglaguna.com\/de\/consejos-y-normas-de-visita\/#breadcrumb"},"inLanguage":"de","potentialAction":[{"@type":"ReadAction","target":["https:\/\/www.campinglaguna.com\/de\/consejos-y-normas-de-visita\/"]}]},{"@type":"ImageObject","inLanguage":"de","@id":"https:\/\/www.campinglaguna.com\/de\/consejos-y-normas-de-visita\/#primaryimage","url":"https:\/\/www.campinglaguna.com\/wp-content\/uploads\/89599189-icono-de-informacion-aislado-en-la-ilustracion-abstracta-de-boton-redondo-verde-especial.jpg","contentUrl":"https:\/\/www.campinglaguna.com\/wp-content\/uploads\/89599189-icono-de-informacion-aislado-en-la-ilustracion-abstracta-de-boton-redondo-verde-especial.jpg","width":1300,"height":1300,"caption":"Info icon isolated on special green round button abstract illustration"},{"@type":"BreadcrumbList","@id":"https:\/\/www.campinglaguna.com\/de\/consejos-y-normas-de-visita\/#breadcrumb","itemListElement":[{"@type":"ListItem","position":1,"name":"Camping Laguna","item":"https:\/\/www.campinglaguna.com\/de\/"},{"@type":"ListItem","position":2,"name":"Besuchstipps und Regeln"}]},{"@type":"WebSite","@id":"https:\/\/www.campinglaguna.com\/#website","url":"https:\/\/www.campinglaguna.com\/","name":"Camping Laguna","description":"Otro sitio realizado con WordPress","publisher":{"@id":"https:\/\/www.campinglaguna.com\/#organization"},"potentialAction":[{"@type":"SearchAction","target":{"@type":"EntryPoint","urlTemplate":"https:\/\/www.campinglaguna.com\/?s={search_term_string}"},"query-input":{"@type":"PropertyValueSpecification","valueRequired":true,"valueName":"search_term_string"}}],"inLanguage":"de"},{"@type":"Organization","@id":"https:\/\/www.campinglaguna.com\/#organization","name":"Camping Laguna","url":"https:\/\/www.campinglaguna.com\/","logo":{"@type":"ImageObject","inLanguage":"de","@id":"https:\/\/www.campinglaguna.com\/#\/schema\/logo\/image\/","url":"https:\/\/www.campinglaguna.com\/wp-content\/uploads\/logo-laguna.png","contentUrl":"https:\/\/www.campinglaguna.com\/wp-content\/uploads\/logo-laguna.png","width":263,"height":64,"caption":"Camping Laguna"},"image":{"@id":"https:\/\/www.campinglaguna.com\/#\/schema\/logo\/image\/"}}]}},"_links":{"self":[{"href":"https:\/\/www.campinglaguna.com\/de\/wp-json\/wp\/v2\/pages\/38466","targetHints":{"allow":["GET"]}}],"collection":[{"href":"https:\/\/www.campinglaguna.com\/de\/wp-json\/wp\/v2\/pages"}],"about":[{"href":"https:\/\/www.campinglaguna.com\/de\/wp-json\/wp\/v2\/types\/page"}],"author":[{"embeddable":true,"href":"https:\/\/www.campinglaguna.com\/de\/wp-json\/wp\/v2\/users\/8"}],"replies":[{"embeddable":true,"href":"https:\/\/www.campinglaguna.com\/de\/wp-json\/wp\/v2\/comments?post=38466"}],"version-history":[{"count":2,"href":"https:\/\/www.campinglaguna.com\/de\/wp-json\/wp\/v2\/pages\/38466\/revisions"}],"predecessor-version":[{"id":38468,"href":"https:\/\/www.campinglaguna.com\/de\/wp-json\/wp\/v2\/pages\/38466\/revisions\/38468"}],"up":[{"embeddable":true,"href":"https:\/\/www.campinglaguna.com\/de\/wp-json\/wp\/v2\/pages\/38469"}],"wp:featuredmedia":[{"embeddable":true,"href":"https:\/\/www.campinglaguna.com\/de\/wp-json\/wp\/v2\/media\/38177"}],"wp:attachment":[{"href":"https:\/\/www.campinglaguna.com\/de\/wp-json\/wp\/v2\/media?parent=38466"}],"curies":[{"name":"wp","href":"https:\/\/api.w.org\/{rel}","templated":true}]}}