{"id":39196,"date":"2025-12-29T12:53:50","date_gmt":"2025-12-29T11:53:50","guid":{"rendered":"https:\/\/www.campinglaguna.com\/especies-vegetales\/"},"modified":"2025-12-31T13:51:17","modified_gmt":"2025-12-31T12:51:17","slug":"especies-vegetales","status":"publish","type":"page","link":"https:\/\/www.campinglaguna.com\/de\/especies-vegetales\/","title":{"rendered":"Botanische Vielfalt und Biodiversit\u00e4t"},"content":{"rendered":"<p>Wir laden Sie ein, die botanische Vielfalt unseres Campings zu entdecken. Wir verwalten die Biodiversit\u00e4t mit gr\u00f6\u00dfter Sorgfalt und bevorzugen in unseren Gr\u00fcnanlagen einheimische mediterrane Pflanzen, die einen <strong>geringen Wasserverbrauch garantieren<\/strong>. Wir ermutigen Sie auch, die einzigartige \u2014 und oft seltene \u2014 Flora zu beobachten, die in den <strong>D\u00fcnen des Strandes<\/strong> und am <strong>Rande der<\/strong> <strong>Lagune<\/strong> beheimatet ist. Dieses gr\u00fcne Erbe bereichert die Landschaft und kompensiert <strong>j\u00e4hrlich fast 34 Tonnen CO2.<\/strong><\/p>\n<p>************************<\/p>\n<p data-path-to-node=\"2\"><strong><span style=\"color: #339966;\">GR\u00dcNANLAGEN<\/span><\/strong><\/p>\n<p data-path-to-node=\"3\"><b data-path-to-node=\"6\" data-index-in-node=\"0\">B\u00c4UME:<\/b> Wir haben etwa 2.200 Exemplare aus 15 verschiedenen Arten erfasst. Die am h\u00e4ufigsten vorkommenden sind:<\/p>\n<p><img loading=\"lazy\" decoding=\"async\" class=\"alignnone size-medium wp-image-39118\" src=\"https:\/\/www.campinglaguna.com\/wp-content\/uploads\/tamariu2-500x375.jpg\" alt=\"\" width=\"500\" height=\"375\" srcset=\"https:\/\/www.campinglaguna.com\/wp-content\/uploads\/tamariu2-500x375.jpg 500w, https:\/\/www.campinglaguna.com\/wp-content\/uploads\/tamariu2-1000x750.jpg 1000w, https:\/\/www.campinglaguna.com\/wp-content\/uploads\/tamariu2-150x112.jpg 150w, https:\/\/www.campinglaguna.com\/wp-content\/uploads\/tamariu2-768x576.jpg 768w, https:\/\/www.campinglaguna.com\/wp-content\/uploads\/tamariu2-1536x1152.jpg 1536w, https:\/\/www.campinglaguna.com\/wp-content\/uploads\/tamariu2-2048x1536.jpg 2048w, https:\/\/www.campinglaguna.com\/wp-content\/uploads\/tamariu2-1400x1050.jpg 1400w\" sizes=\"auto, (max-width: 500px) 100vw, 500px\" \/><\/p>\n<p><b data-path-to-node=\"7,0,0\" data-index-in-node=\"0\">TAMARISKE <\/b>(<em>Tamarix gallica<\/em>): Der am weitesten verbreitete Baum auf dem Campingplatz (ca. 1.500 Exemplare). Er festigt die D\u00fcnen, ist sehr salztolerant und ben\u00f6tigt nur sehr wenig Wasser.<\/p>\n<p><img loading=\"lazy\" decoding=\"async\" class=\"alignnone size-medium wp-image-39112\" src=\"https:\/\/www.campinglaguna.com\/wp-content\/uploads\/pi-2-500x375.jpg\" alt=\"\" width=\"500\" height=\"375\" srcset=\"https:\/\/www.campinglaguna.com\/wp-content\/uploads\/pi-2-500x375.jpg 500w, https:\/\/www.campinglaguna.com\/wp-content\/uploads\/pi-2-1000x750.jpg 1000w, https:\/\/www.campinglaguna.com\/wp-content\/uploads\/pi-2-150x112.jpg 150w, https:\/\/www.campinglaguna.com\/wp-content\/uploads\/pi-2-768x576.jpg 768w, https:\/\/www.campinglaguna.com\/wp-content\/uploads\/pi-2-1536x1152.jpg 1536w, https:\/\/www.campinglaguna.com\/wp-content\/uploads\/pi-2-2048x1536.jpg 2048w, https:\/\/www.campinglaguna.com\/wp-content\/uploads\/pi-2-1400x1050.jpg 1400w\" sizes=\"auto, (max-width: 500px) 100vw, 500px\" \/><\/p>\n<p><b data-path-to-node=\"7,1,0\" data-index-in-node=\"0\">KIEFER <\/b>(<em>Pinus pinea und Pinus halepensis<\/em>)<b data-path-to-node=\"7,1,0\" data-index-in-node=\"0\">:<\/b> Wir haben etwa 230 Exemplare. Es sind die h\u00f6chsten B\u00e4ume des Campingplatzes (bis zu 40 Meter). Die Fr\u00fcchte der <i data-path-to-node=\"7,1,0\" data-index-in-node=\"154\">Pinus pinea<\/i>, die Pinienkerne, sind sehr begehrt.<\/p>\n<p><img loading=\"lazy\" decoding=\"async\" class=\"alignnone size-medium wp-image-39168\" src=\"https:\/\/www.campinglaguna.com\/wp-content\/uploads\/xiprer2-500x375.jpg\" alt=\"\" width=\"500\" height=\"375\" srcset=\"https:\/\/www.campinglaguna.com\/wp-content\/uploads\/xiprer2-500x375.jpg 500w, https:\/\/www.campinglaguna.com\/wp-content\/uploads\/xiprer2-1000x750.jpg 1000w, https:\/\/www.campinglaguna.com\/wp-content\/uploads\/xiprer2-150x113.jpg 150w, https:\/\/www.campinglaguna.com\/wp-content\/uploads\/xiprer2-768x576.jpg 768w, https:\/\/www.campinglaguna.com\/wp-content\/uploads\/xiprer2-1536x1152.jpg 1536w, https:\/\/www.campinglaguna.com\/wp-content\/uploads\/xiprer2-2048x1536.jpg 2048w, https:\/\/www.campinglaguna.com\/wp-content\/uploads\/xiprer2-1400x1050.jpg 1400w\" sizes=\"auto, (max-width: 500px) 100vw, 500px\" \/><\/p>\n<p><b data-path-to-node=\"7,2,0\" data-index-in-node=\"0\">ZYPRESSE <\/b>(<em>Cupressus sempervirens<\/em>): Seit der Antike ein Symbol f\u00fcr Gastfreundschaft und Trauer. Typisch f\u00fcr die Landschaft des Empord\u00e0, wo sie als lebende Wand (Windschutz) gepflanzt wird, um die Anbaufl\u00e4chen vor dem starken Tramontana-Wind zu sch\u00fctzen.<\/p>\n<p><img loading=\"lazy\" decoding=\"async\" class=\"alignnone size-medium wp-image-39044\" src=\"https:\/\/www.campinglaguna.com\/wp-content\/uploads\/palmera-canaria-500x484.jpg\" alt=\"\" width=\"500\" height=\"484\" srcset=\"https:\/\/www.campinglaguna.com\/wp-content\/uploads\/palmera-canaria-500x484.jpg 500w, https:\/\/www.campinglaguna.com\/wp-content\/uploads\/palmera-canaria-150x145.jpg 150w, https:\/\/www.campinglaguna.com\/wp-content\/uploads\/palmera-canaria.jpg 738w\" sizes=\"auto, (max-width: 500px) 100vw, 500px\" \/><\/p>\n<p><b data-path-to-node=\"7,3,0\" data-index-in-node=\"0\">KANARISCHE DATTELPALME <\/b>(<em>Phoenix canariensis<\/em>): Unter den verschiedenen Palmenarten, die auf dem Campingplatz zu sehen sind, ist die Kanarische Palme die gr\u00f6\u00dfte. Aufgrund der Ausbreitung von Sch\u00e4dlingen ist sie derzeit eine schwer zu pflegende Art.<\/p>\n<p><img loading=\"lazy\" decoding=\"async\" class=\"alignnone size-medium wp-image-39088\" src=\"https:\/\/www.campinglaguna.com\/wp-content\/uploads\/freixe-scaled-e1767084251370-500x590.jpg\" alt=\"\" width=\"500\" height=\"590\" srcset=\"https:\/\/www.campinglaguna.com\/wp-content\/uploads\/freixe-scaled-e1767084251370-500x590.jpg 500w, https:\/\/www.campinglaguna.com\/wp-content\/uploads\/freixe-scaled-e1767084251370-1000x1180.jpg 1000w, https:\/\/www.campinglaguna.com\/wp-content\/uploads\/freixe-scaled-e1767084251370-150x177.jpg 150w, https:\/\/www.campinglaguna.com\/wp-content\/uploads\/freixe-scaled-e1767084251370-768x906.jpg 768w, https:\/\/www.campinglaguna.com\/wp-content\/uploads\/freixe-scaled-e1767084251370-1301x1536.jpg 1301w, https:\/\/www.campinglaguna.com\/wp-content\/uploads\/freixe-scaled-e1767084251370-1735x2048.jpg 1735w, https:\/\/www.campinglaguna.com\/wp-content\/uploads\/freixe-scaled-e1767084251370-1017x1200.jpg 1017w, https:\/\/www.campinglaguna.com\/wp-content\/uploads\/freixe-scaled-e1767084251370.jpg 1920w\" sizes=\"auto, (max-width: 500px) 100vw, 500px\" \/><\/p>\n<p data-path-to-node=\"7,4,0\"><b data-path-to-node=\"7,4,0\" data-index-in-node=\"0\">ESCHE <\/b>(<em>Fraxinus angustifolia<\/em>): Ein Baum, der in weiten Teilen der Feuchtgebiete heimisch ist, au\u00dfer in der direkten Meeresn\u00e4he. Dies liegt an seiner hohen Anpassungsf\u00e4higkeit an alle Bodenarten, da er sowohl in teilweise \u00fcberschwemmten Gebieten als auch auf trockenen B\u00f6den ohne Wasser \u00fcberleben kann.<\/p>\n<p>************************<\/p>\n<p><strong>STR\u00c4UCHER UND PFLANZEN<\/strong>: Es wurden etwa 3.700 Exemplare gez\u00e4hlt. Wir verwenden die gr\u00f6\u00dferen Str\u00e4ucher zur Trennung von Parzellen und Bungalows:<\/p>\n<p><img loading=\"lazy\" decoding=\"async\" class=\"alignnone size-medium wp-image-39125\" src=\"https:\/\/www.campinglaguna.com\/wp-content\/uploads\/baladre2-500x375.jpg\" alt=\"\" width=\"500\" height=\"375\" srcset=\"https:\/\/www.campinglaguna.com\/wp-content\/uploads\/baladre2-500x375.jpg 500w, https:\/\/www.campinglaguna.com\/wp-content\/uploads\/baladre2-1000x750.jpg 1000w, https:\/\/www.campinglaguna.com\/wp-content\/uploads\/baladre2-150x113.jpg 150w, https:\/\/www.campinglaguna.com\/wp-content\/uploads\/baladre2-768x576.jpg 768w, https:\/\/www.campinglaguna.com\/wp-content\/uploads\/baladre2-1536x1152.jpg 1536w, https:\/\/www.campinglaguna.com\/wp-content\/uploads\/baladre2-2048x1536.jpg 2048w, https:\/\/www.campinglaguna.com\/wp-content\/uploads\/baladre2-1400x1050.jpg 1400w\" sizes=\"auto, (max-width: 500px) 100vw, 500px\" \/><\/p>\n<p><b data-path-to-node=\"11,0,0\" data-index-in-node=\"0\">OLEANDER <\/b>(<em>Nerium oleander<\/em>): Wird zur Abgrenzung zwischen den Parzellen verwendet. Er kann bis zu 6 Meter hoch werden und bl\u00fcht vom Fr\u00fchjahr bis zum Herbst.<\/p>\n<p><img loading=\"lazy\" decoding=\"async\" class=\"alignnone size-medium wp-image-39106\" src=\"https:\/\/www.campinglaguna.com\/wp-content\/uploads\/ligustrum-ovalifolium-2-500x375.jpg\" alt=\"\" width=\"500\" height=\"375\" srcset=\"https:\/\/www.campinglaguna.com\/wp-content\/uploads\/ligustrum-ovalifolium-2-500x375.jpg 500w, https:\/\/www.campinglaguna.com\/wp-content\/uploads\/ligustrum-ovalifolium-2-1000x750.jpg 1000w, https:\/\/www.campinglaguna.com\/wp-content\/uploads\/ligustrum-ovalifolium-2-150x113.jpg 150w, https:\/\/www.campinglaguna.com\/wp-content\/uploads\/ligustrum-ovalifolium-2-768x576.jpg 768w, https:\/\/www.campinglaguna.com\/wp-content\/uploads\/ligustrum-ovalifolium-2-1536x1152.jpg 1536w, https:\/\/www.campinglaguna.com\/wp-content\/uploads\/ligustrum-ovalifolium-2-2048x1536.jpg 2048w, https:\/\/www.campinglaguna.com\/wp-content\/uploads\/ligustrum-ovalifolium-2-1400x1050.jpg 1400w\" sizes=\"auto, (max-width: 500px) 100vw, 500px\" \/><\/p>\n<p><b data-path-to-node=\"11,1,0\" data-index-in-node=\"0\">KRIECH-FALSCHBEERE \/ LIGUSTER <\/b>(<em>Ligustrum ovalifolium<\/em>): Ein sehr widerstandsf\u00e4higer Strauch, der als Trennung zwischen den Bungalows dient.<\/p>\n<p>*********************<\/p>\n<p><strong><span style=\"color: #339966;\">GESCH\u00dcTZTE NATURR\u00c4UME<\/span><\/strong><\/p>\n<p><b data-path-to-node=\"14\" data-index-in-node=\"0\">LAGUNE:<\/b> Die Pflanzenarten rund um die Lagune entsprechen denen der \u201eAiguamolls de l&#8217;Empord\u00e0\u201c. Eine niedrige und dichte Vegetation, die an wechselnde Wasserst\u00e4nde und Salzgehalte angepasst ist.<\/p>\n<p><img loading=\"lazy\" decoding=\"async\" class=\"alignnone size-medium wp-image-39099\" src=\"https:\/\/www.campinglaguna.com\/wp-content\/uploads\/salicornia2-500x375.jpg\" alt=\"\" width=\"500\" height=\"375\" srcset=\"https:\/\/www.campinglaguna.com\/wp-content\/uploads\/salicornia2-500x375.jpg 500w, https:\/\/www.campinglaguna.com\/wp-content\/uploads\/salicornia2-1000x750.jpg 1000w, https:\/\/www.campinglaguna.com\/wp-content\/uploads\/salicornia2-150x112.jpg 150w, https:\/\/www.campinglaguna.com\/wp-content\/uploads\/salicornia2-768x576.jpg 768w, https:\/\/www.campinglaguna.com\/wp-content\/uploads\/salicornia2-1536x1152.jpg 1536w, https:\/\/www.campinglaguna.com\/wp-content\/uploads\/salicornia2-2048x1536.jpg 2048w, https:\/\/www.campinglaguna.com\/wp-content\/uploads\/salicornia2-1400x1050.jpg 1400w\" sizes=\"auto, (max-width: 500px) 100vw, 500px\" \/><\/p>\n<p><em>Salicornia<\/em><\/p>\n<p><img loading=\"lazy\" decoding=\"async\" class=\"alignnone size-medium wp-image-39132\" src=\"https:\/\/www.campinglaguna.com\/wp-content\/uploads\/halimione2-500x375.jpg\" alt=\"\" width=\"500\" height=\"375\" srcset=\"https:\/\/www.campinglaguna.com\/wp-content\/uploads\/halimione2-500x375.jpg 500w, https:\/\/www.campinglaguna.com\/wp-content\/uploads\/halimione2-1000x750.jpg 1000w, https:\/\/www.campinglaguna.com\/wp-content\/uploads\/halimione2-150x113.jpg 150w, https:\/\/www.campinglaguna.com\/wp-content\/uploads\/halimione2-768x576.jpg 768w, https:\/\/www.campinglaguna.com\/wp-content\/uploads\/halimione2-1536x1152.jpg 1536w, https:\/\/www.campinglaguna.com\/wp-content\/uploads\/halimione2-2048x1536.jpg 2048w, https:\/\/www.campinglaguna.com\/wp-content\/uploads\/halimione2-1400x1050.jpg 1400w\" sizes=\"auto, (max-width: 500px) 100vw, 500px\" \/><\/p>\n<p><em>Halimione (Atriplex) portulacoides<\/em><\/p>\n<p>*********************<\/p>\n<p><b data-path-to-node=\"15\" data-index-in-node=\"0\">STRAND:<\/b> Hinter der Sandlinie des Strandes finden wir D\u00fcnenformationen mit einer Vegetation, die stark an halophile Umgebungen (hohe Salzkonzentration), Trockenheit (der Luft oder des Bodens) und starke Winde angepasst ist.<\/p>\n<p><img loading=\"lazy\" decoding=\"async\" class=\"alignnone size-medium wp-image-39145\" src=\"https:\/\/www.campinglaguna.com\/wp-content\/uploads\/mathiola2-500x375.jpg\" alt=\"\" width=\"500\" height=\"375\" srcset=\"https:\/\/www.campinglaguna.com\/wp-content\/uploads\/mathiola2-500x375.jpg 500w, https:\/\/www.campinglaguna.com\/wp-content\/uploads\/mathiola2-1000x750.jpg 1000w, https:\/\/www.campinglaguna.com\/wp-content\/uploads\/mathiola2-150x113.jpg 150w, https:\/\/www.campinglaguna.com\/wp-content\/uploads\/mathiola2-768x576.jpg 768w, https:\/\/www.campinglaguna.com\/wp-content\/uploads\/mathiola2-1536x1152.jpg 1536w, https:\/\/www.campinglaguna.com\/wp-content\/uploads\/mathiola2-2048x1536.jpg 2048w, https:\/\/www.campinglaguna.com\/wp-content\/uploads\/mathiola2-1400x1050.jpg 1400w\" sizes=\"auto, (max-width: 500px) 100vw, 500px\" \/><\/p>\n<p><em>Matthiola sinuata<\/em><\/p>\n<p><img loading=\"lazy\" decoding=\"async\" class=\"alignnone size-medium wp-image-39139\" src=\"https:\/\/www.campinglaguna.com\/wp-content\/uploads\/ergymium2-500x375.jpg\" alt=\"\" width=\"500\" height=\"375\" srcset=\"https:\/\/www.campinglaguna.com\/wp-content\/uploads\/ergymium2-500x375.jpg 500w, https:\/\/www.campinglaguna.com\/wp-content\/uploads\/ergymium2-1000x750.jpg 1000w, https:\/\/www.campinglaguna.com\/wp-content\/uploads\/ergymium2-150x113.jpg 150w, https:\/\/www.campinglaguna.com\/wp-content\/uploads\/ergymium2-768x576.jpg 768w, https:\/\/www.campinglaguna.com\/wp-content\/uploads\/ergymium2-1536x1152.jpg 1536w, https:\/\/www.campinglaguna.com\/wp-content\/uploads\/ergymium2-2048x1536.jpg 2048w, https:\/\/www.campinglaguna.com\/wp-content\/uploads\/ergymium2-1400x1050.jpg 1400w\" sizes=\"auto, (max-width: 500px) 100vw, 500px\" \/><\/p>\n<p><em>Erygnium mar\u00edtinum<\/em><\/p>\n<p><img loading=\"lazy\" decoding=\"async\" class=\"alignnone size-medium wp-image-39151\" src=\"https:\/\/www.campinglaguna.com\/wp-content\/uploads\/medicago2-500x375.jpg\" alt=\"\" width=\"500\" height=\"375\" srcset=\"https:\/\/www.campinglaguna.com\/wp-content\/uploads\/medicago2-500x375.jpg 500w, https:\/\/www.campinglaguna.com\/wp-content\/uploads\/medicago2-1000x750.jpg 1000w, https:\/\/www.campinglaguna.com\/wp-content\/uploads\/medicago2-150x113.jpg 150w, https:\/\/www.campinglaguna.com\/wp-content\/uploads\/medicago2-768x576.jpg 768w, https:\/\/www.campinglaguna.com\/wp-content\/uploads\/medicago2-1536x1152.jpg 1536w, https:\/\/www.campinglaguna.com\/wp-content\/uploads\/medicago2-2048x1536.jpg 2048w, https:\/\/www.campinglaguna.com\/wp-content\/uploads\/medicago2-1400x1050.jpg 1400w\" sizes=\"auto, (max-width: 500px) 100vw, 500px\" \/><\/p>\n<p><em>Medicago marina<\/em><\/p>\n<p><img loading=\"lazy\" decoding=\"async\" class=\"alignnone size-full wp-image-38996\" src=\"https:\/\/www.campinglaguna.com\/wp-content\/uploads\/ammophila.jpg\" alt=\"\" width=\"353\" height=\"339\" srcset=\"https:\/\/www.campinglaguna.com\/wp-content\/uploads\/ammophila.jpg 353w, https:\/\/www.campinglaguna.com\/wp-content\/uploads\/ammophila-150x144.jpg 150w\" sizes=\"auto, (max-width: 353px) 100vw, 353px\" \/><\/p>\n<p><em>Ammophila arenaria<\/em><\/p>\n<p>*******************<\/p>\n<p><strong>INVASIVE ARTEN<\/strong>: Diese werden als exotische Arten definiert, die aus anderen Habitaten oder Regionen stammen und in der Lage sind, sich in relativ kurzer Zeit in einem neuen Gebiet auszubreiten. Dies hat sch\u00e4dliche Auswirkungen sowohl auf die einheimische Biodiversit\u00e4t (Verdr\u00e4ngung von Arten, Ver\u00e4nderung des Lebensraums usw.) als auch auf die Landwirtschaft. In der Umgebung des Campingplatzes k\u00f6nnen einige als invasiv eingestufte Arten beobachtet werden.<\/p>\n<p><img loading=\"lazy\" decoding=\"async\" class=\"alignnone size-full wp-image-39002\" src=\"https:\/\/www.campinglaguna.com\/wp-content\/uploads\/atzavara.jpg\" alt=\"\" width=\"348\" height=\"261\" srcset=\"https:\/\/www.campinglaguna.com\/wp-content\/uploads\/atzavara.jpg 348w, https:\/\/www.campinglaguna.com\/wp-content\/uploads\/atzavara-150x113.jpg 150w\" sizes=\"auto, (max-width: 348px) 100vw, 348px\" \/><\/p>\n<p><b data-path-to-node=\"19,0,0\" data-index-in-node=\"0\">AGAVE <\/b>(<em>Agave americana<\/em>): An unseren K\u00fcsten weit verbreitet, wo sie seit dem 16. Jahrhundert als etabliert gilt. Sie bl\u00fcht nur ein einziges Mal in ihrem Leben, was danach zum Absterben der Pflanze f\u00fchrt.<\/p>\n","protected":false},"excerpt":{"rendered":"<p>Wir laden Sie ein, die botanische Vielfalt unseres Campings zu entdecken. Wir verwalten die Biodiversit\u00e4t mit gr\u00f6\u00dfter Sorgfalt und bevorzugen in unseren Gr\u00fcnanlagen einheimische mediterrane Pflanzen, die einen geringen Wasserverbrauch [&hellip;]<\/p>\n","protected":false},"author":8,"featured_media":0,"parent":0,"menu_order":2,"comment_status":"closed","ping_status":"closed","template":"","meta":{"_acf_changed":false,"footnotes":""},"class_list":["post-39196","page","type-page","status-publish","hentry"],"acf":[],"yoast_head":"<!-- This site is optimized with the Yoast SEO plugin v26.1.1 - https:\/\/yoast.com\/wordpress\/plugins\/seo\/ -->\n<title>Botanische Vielfalt und Biodiversit\u00e4t - Camping Laguna<\/title>\n<meta name=\"description\" content=\"Wir laden Sie ein, die botanische Vielfalt unseres Campings zu entdecken. Wir verwalten die Biodiversit\u00e4t mit gr\u00f6\u00dfter Sorgfalt und bevorzugen in unseren\" \/>\n<meta name=\"robots\" content=\"index, follow, max-snippet:-1, max-image-preview:large, max-video-preview:-1\" \/>\n<link rel=\"canonical\" href=\"https:\/\/www.campinglaguna.com\/de\/especies-vegetales\/\" \/>\n<meta property=\"og:locale\" content=\"de_DE\" \/>\n<meta property=\"og:type\" content=\"article\" \/>\n<meta property=\"og:title\" content=\"Botanische Vielfalt und Biodiversit\u00e4t - Camping Laguna\" \/>\n<meta property=\"og:description\" content=\"Wir laden Sie ein, die botanische Vielfalt unseres Campings zu entdecken. Wir verwalten die Biodiversit\u00e4t mit gr\u00f6\u00dfter Sorgfalt und bevorzugen in unseren\" \/>\n<meta property=\"og:url\" content=\"https:\/\/www.campinglaguna.com\/de\/especies-vegetales\/\" \/>\n<meta property=\"og:site_name\" content=\"Camping Laguna\" \/>\n<meta property=\"article:modified_time\" content=\"2025-12-31T12:51:17+00:00\" \/>\n<meta property=\"og:image\" content=\"https:\/\/www.campinglaguna.com\/wp-content\/uploads\/tamariu2.jpg\" \/>\n\t<meta property=\"og:image:width\" content=\"2272\" \/>\n\t<meta property=\"og:image:height\" content=\"1704\" \/>\n\t<meta property=\"og:image:type\" content=\"image\/jpeg\" \/>\n<meta name=\"twitter:card\" content=\"summary_large_image\" \/>\n<meta name=\"twitter:label1\" content=\"Gesch\u00e4tzte Lesezeit\" \/>\n\t<meta name=\"twitter:data1\" content=\"6\u00a0Minuten\" \/>\n<script type=\"application\/ld+json\" class=\"yoast-schema-graph\">{\"@context\":\"https:\/\/schema.org\",\"@graph\":[{\"@type\":\"WebPage\",\"@id\":\"https:\/\/www.campinglaguna.com\/de\/especies-vegetales\/\",\"url\":\"https:\/\/www.campinglaguna.com\/de\/especies-vegetales\/\",\"name\":\"Botanische Vielfalt und Biodiversit\u00e4t - Camping Laguna\",\"isPartOf\":{\"@id\":\"https:\/\/www.campinglaguna.com\/#website\"},\"primaryImageOfPage\":{\"@id\":\"https:\/\/www.campinglaguna.com\/de\/especies-vegetales\/#primaryimage\"},\"image\":{\"@id\":\"https:\/\/www.campinglaguna.com\/de\/especies-vegetales\/#primaryimage\"},\"thumbnailUrl\":\"https:\/\/www.campinglaguna.com\/wp-content\/uploads\/tamariu2-500x375.jpg\",\"datePublished\":\"2025-12-29T11:53:50+00:00\",\"dateModified\":\"2025-12-31T12:51:17+00:00\",\"description\":\"Wir laden Sie ein, die botanische Vielfalt unseres Campings zu entdecken. Wir verwalten die Biodiversit\u00e4t mit gr\u00f6\u00dfter Sorgfalt und bevorzugen in unseren\",\"breadcrumb\":{\"@id\":\"https:\/\/www.campinglaguna.com\/de\/especies-vegetales\/#breadcrumb\"},\"inLanguage\":\"de\",\"potentialAction\":[{\"@type\":\"ReadAction\",\"target\":[\"https:\/\/www.campinglaguna.com\/de\/especies-vegetales\/\"]}]},{\"@type\":\"ImageObject\",\"inLanguage\":\"de\",\"@id\":\"https:\/\/www.campinglaguna.com\/de\/especies-vegetales\/#primaryimage\",\"url\":\"https:\/\/www.campinglaguna.com\/wp-content\/uploads\/tamariu2-500x375.jpg\",\"contentUrl\":\"https:\/\/www.campinglaguna.com\/wp-content\/uploads\/tamariu2-500x375.jpg\"},{\"@type\":\"BreadcrumbList\",\"@id\":\"https:\/\/www.campinglaguna.com\/de\/especies-vegetales\/#breadcrumb\",\"itemListElement\":[{\"@type\":\"ListItem\",\"position\":1,\"name\":\"Camping Laguna\",\"item\":\"https:\/\/www.campinglaguna.com\/de\/\"},{\"@type\":\"ListItem\",\"position\":2,\"name\":\"Botanische Vielfalt und Biodiversit\u00e4t\"}]},{\"@type\":\"WebSite\",\"@id\":\"https:\/\/www.campinglaguna.com\/#website\",\"url\":\"https:\/\/www.campinglaguna.com\/\",\"name\":\"Camping Laguna\",\"description\":\"Otro sitio realizado con WordPress\",\"publisher\":{\"@id\":\"https:\/\/www.campinglaguna.com\/#organization\"},\"potentialAction\":[{\"@type\":\"SearchAction\",\"target\":{\"@type\":\"EntryPoint\",\"urlTemplate\":\"https:\/\/www.campinglaguna.com\/?s={search_term_string}\"},\"query-input\":{\"@type\":\"PropertyValueSpecification\",\"valueRequired\":true,\"valueName\":\"search_term_string\"}}],\"inLanguage\":\"de\"},{\"@type\":\"Organization\",\"@id\":\"https:\/\/www.campinglaguna.com\/#organization\",\"name\":\"Camping Laguna\",\"url\":\"https:\/\/www.campinglaguna.com\/\",\"logo\":{\"@type\":\"ImageObject\",\"inLanguage\":\"de\",\"@id\":\"https:\/\/www.campinglaguna.com\/#\/schema\/logo\/image\/\",\"url\":\"https:\/\/www.campinglaguna.com\/wp-content\/uploads\/logo-laguna.png\",\"contentUrl\":\"https:\/\/www.campinglaguna.com\/wp-content\/uploads\/logo-laguna.png\",\"width\":263,\"height\":64,\"caption\":\"Camping Laguna\"},\"image\":{\"@id\":\"https:\/\/www.campinglaguna.com\/#\/schema\/logo\/image\/\"}}]}<\/script>\n<!-- \/ Yoast SEO plugin. -->","yoast_head_json":{"title":"Botanische Vielfalt und Biodiversit\u00e4t - Camping Laguna","description":"Wir laden Sie ein, die botanische Vielfalt unseres Campings zu entdecken. Wir verwalten die Biodiversit\u00e4t mit gr\u00f6\u00dfter Sorgfalt und bevorzugen in unseren","robots":{"index":"index","follow":"follow","max-snippet":"max-snippet:-1","max-image-preview":"max-image-preview:large","max-video-preview":"max-video-preview:-1"},"canonical":"https:\/\/www.campinglaguna.com\/de\/especies-vegetales\/","og_locale":"de_DE","og_type":"article","og_title":"Botanische Vielfalt und Biodiversit\u00e4t - Camping Laguna","og_description":"Wir laden Sie ein, die botanische Vielfalt unseres Campings zu entdecken. Wir verwalten die Biodiversit\u00e4t mit gr\u00f6\u00dfter Sorgfalt und bevorzugen in unseren","og_url":"https:\/\/www.campinglaguna.com\/de\/especies-vegetales\/","og_site_name":"Camping Laguna","article_modified_time":"2025-12-31T12:51:17+00:00","og_image":[{"width":2272,"height":1704,"url":"https:\/\/www.campinglaguna.com\/wp-content\/uploads\/tamariu2.jpg","type":"image\/jpeg"}],"twitter_card":"summary_large_image","twitter_misc":{"Gesch\u00e4tzte Lesezeit":"6\u00a0Minuten"},"schema":{"@context":"https:\/\/schema.org","@graph":[{"@type":"WebPage","@id":"https:\/\/www.campinglaguna.com\/de\/especies-vegetales\/","url":"https:\/\/www.campinglaguna.com\/de\/especies-vegetales\/","name":"Botanische Vielfalt und Biodiversit\u00e4t - Camping Laguna","isPartOf":{"@id":"https:\/\/www.campinglaguna.com\/#website"},"primaryImageOfPage":{"@id":"https:\/\/www.campinglaguna.com\/de\/especies-vegetales\/#primaryimage"},"image":{"@id":"https:\/\/www.campinglaguna.com\/de\/especies-vegetales\/#primaryimage"},"thumbnailUrl":"https:\/\/www.campinglaguna.com\/wp-content\/uploads\/tamariu2-500x375.jpg","datePublished":"2025-12-29T11:53:50+00:00","dateModified":"2025-12-31T12:51:17+00:00","description":"Wir laden Sie ein, die botanische Vielfalt unseres Campings zu entdecken. Wir verwalten die Biodiversit\u00e4t mit gr\u00f6\u00dfter Sorgfalt und bevorzugen in unseren","breadcrumb":{"@id":"https:\/\/www.campinglaguna.com\/de\/especies-vegetales\/#breadcrumb"},"inLanguage":"de","potentialAction":[{"@type":"ReadAction","target":["https:\/\/www.campinglaguna.com\/de\/especies-vegetales\/"]}]},{"@type":"ImageObject","inLanguage":"de","@id":"https:\/\/www.campinglaguna.com\/de\/especies-vegetales\/#primaryimage","url":"https:\/\/www.campinglaguna.com\/wp-content\/uploads\/tamariu2-500x375.jpg","contentUrl":"https:\/\/www.campinglaguna.com\/wp-content\/uploads\/tamariu2-500x375.jpg"},{"@type":"BreadcrumbList","@id":"https:\/\/www.campinglaguna.com\/de\/especies-vegetales\/#breadcrumb","itemListElement":[{"@type":"ListItem","position":1,"name":"Camping Laguna","item":"https:\/\/www.campinglaguna.com\/de\/"},{"@type":"ListItem","position":2,"name":"Botanische Vielfalt und Biodiversit\u00e4t"}]},{"@type":"WebSite","@id":"https:\/\/www.campinglaguna.com\/#website","url":"https:\/\/www.campinglaguna.com\/","name":"Camping Laguna","description":"Otro sitio realizado con WordPress","publisher":{"@id":"https:\/\/www.campinglaguna.com\/#organization"},"potentialAction":[{"@type":"SearchAction","target":{"@type":"EntryPoint","urlTemplate":"https:\/\/www.campinglaguna.com\/?s={search_term_string}"},"query-input":{"@type":"PropertyValueSpecification","valueRequired":true,"valueName":"search_term_string"}}],"inLanguage":"de"},{"@type":"Organization","@id":"https:\/\/www.campinglaguna.com\/#organization","name":"Camping Laguna","url":"https:\/\/www.campinglaguna.com\/","logo":{"@type":"ImageObject","inLanguage":"de","@id":"https:\/\/www.campinglaguna.com\/#\/schema\/logo\/image\/","url":"https:\/\/www.campinglaguna.com\/wp-content\/uploads\/logo-laguna.png","contentUrl":"https:\/\/www.campinglaguna.com\/wp-content\/uploads\/logo-laguna.png","width":263,"height":64,"caption":"Camping Laguna"},"image":{"@id":"https:\/\/www.campinglaguna.com\/#\/schema\/logo\/image\/"}}]}},"_links":{"self":[{"href":"https:\/\/www.campinglaguna.com\/de\/wp-json\/wp\/v2\/pages\/39196","targetHints":{"allow":["GET"]}}],"collection":[{"href":"https:\/\/www.campinglaguna.com\/de\/wp-json\/wp\/v2\/pages"}],"about":[{"href":"https:\/\/www.campinglaguna.com\/de\/wp-json\/wp\/v2\/types\/page"}],"author":[{"embeddable":true,"href":"https:\/\/www.campinglaguna.com\/de\/wp-json\/wp\/v2\/users\/8"}],"replies":[{"embeddable":true,"href":"https:\/\/www.campinglaguna.com\/de\/wp-json\/wp\/v2\/comments?post=39196"}],"version-history":[{"count":3,"href":"https:\/\/www.campinglaguna.com\/de\/wp-json\/wp\/v2\/pages\/39196\/revisions"}],"predecessor-version":[{"id":39204,"href":"https:\/\/www.campinglaguna.com\/de\/wp-json\/wp\/v2\/pages\/39196\/revisions\/39204"}],"wp:attachment":[{"href":"https:\/\/www.campinglaguna.com\/de\/wp-json\/wp\/v2\/media?parent=39196"}],"curies":[{"name":"wp","href":"https:\/\/api.w.org\/{rel}","templated":true}]}}