{"id":21926,"date":"2015-05-22T12:14:53","date_gmt":"2015-05-22T10:14:53","guid":{"rendered":"https:\/\/www.campinglaguna.com\/en\/what-to-do\/activities\/ocio\/bicicleta\/"},"modified":"2017-03-21T11:37:32","modified_gmt":"2017-03-21T10:37:32","slug":"bicicleta","status":"publish","type":"page","link":"https:\/\/www.campinglaguna.com\/en\/what-to-do\/activities\/ocio\/bicicleta\/","title":{"rendered":"Biking"},"content":{"rendered":"<p>We are certified with the distinctive &#8220;<strong>Bed&amp;Bike<\/strong>&#8221; which provides a guarantee of quality and service to cyclists. We offer bicycle rental and special prices for pitches for cyclists on route.<\/p>\n<p>From the campsite you can easily access three \u2018green\u2019 bicycle itineraries:<\/p>\n<p>The &#8220;Ruta dels Estanys&#8221;, especially suitable for families, allows you to get to know the Natural Park &#8220;Aiguamolls de l&#8217; Empord\u00e0&#8221; and has a safe bicycle access to the towns of Castell\u00f3 d&#8217; Emp\u00faries and Empuriabrava. Brochure in the &#8220;downloads&#8221; section.<\/p>\n<p>The &#8220;Pirinexus&#8221; network, linking green routes in the province of Girona and the South of France and you can visit near populations like Peralada, Sant Pere Pescador, or L&#8217;Escala. Information and tracks for travels in <a href=\"http:\/\/www.pirinexus.cat\/\">www.pirinexus.cat<\/a><\/p>\n<p>The &#8220;Camino Natural de la Muga&#8221; follows this river from Empuriabrava to Sant Lloren\u00e7 de la Muga. \u00a0Information and tracks of this itinerary <a href=\"http:\/\/www.magrama.gob.es\/es\/desarrollo-rural\/temas\/caminos-naturales\/caminos-naturales\/sector-noreste\/muga\/la_muga.aspx\">here.<\/a><\/p>\n","protected":false},"excerpt":{"rendered":"<p>We are certified with the distinctive &#8220;Bed&amp;Bike&#8221; which provides a guarantee of quality and service to cyclists. We offer bicycle rental and special prices for pitches for cyclists on route. [&hellip;]<\/p>\n","protected":false},"author":2,"featured_media":20524,"parent":21920,"menu_order":0,"comment_status":"closed","ping_status":"closed","template":"","meta":{"_acf_changed":false,"footnotes":""},"class_list":["post-21926","page","type-page","status-publish","has-post-thumbnail","hentry"],"acf":[],"yoast_head":"<!-- This site is optimized with the Yoast SEO plugin v26.1.1 - https:\/\/yoast.com\/wordpress\/plugins\/seo\/ -->\n<title>Biking - Camping Laguna<\/title>\n<meta name=\"description\" content=\"We are certified with the distinctive &quot;Bed&amp;Bike&quot; which provides a guarantee of quality and service to cyclists. We offer bicycle rental and special\" \/>\n<meta name=\"robots\" content=\"index, follow, max-snippet:-1, max-image-preview:large, max-video-preview:-1\" \/>\n<link rel=\"canonical\" href=\"https:\/\/www.campinglaguna.com\/que-hacer\/actividades\/ocio\/bicicleta\/\" \/>\n<meta property=\"og:locale\" content=\"en_US\" \/>\n<meta property=\"og:type\" content=\"article\" \/>\n<meta property=\"og:title\" content=\"Biking - Camping Laguna\" \/>\n<meta property=\"og:description\" content=\"We are certified with the distinctive &quot;Bed&amp;Bike&quot; which provides a guarantee of quality and service to cyclists. We offer bicycle rental and special\" \/>\n<meta property=\"og:url\" content=\"https:\/\/www.campinglaguna.com\/que-hacer\/actividades\/ocio\/bicicleta\/\" \/>\n<meta property=\"og:site_name\" content=\"Camping Laguna\" \/>\n<meta property=\"article:modified_time\" content=\"2017-03-21T10:37:32+00:00\" \/>\n<meta property=\"og:image\" content=\"https:\/\/www.campinglaguna.com\/wp-content\/uploads\/bicycle.jpg\" \/>\n\t<meta property=\"og:image:width\" content=\"1440\" \/>\n\t<meta property=\"og:image:height\" content=\"500\" \/>\n\t<meta property=\"og:image:type\" content=\"image\/jpeg\" \/>\n<meta name=\"twitter:card\" content=\"summary_large_image\" \/>\n<meta name=\"twitter:label1\" content=\"Est. reading time\" \/>\n\t<meta name=\"twitter:data1\" content=\"1 minute\" \/>\n<script type=\"application\/ld+json\" class=\"yoast-schema-graph\">{\"@context\":\"https:\/\/schema.org\",\"@graph\":[{\"@type\":\"WebPage\",\"@id\":\"https:\/\/www.campinglaguna.com\/que-hacer\/actividades\/ocio\/bicicleta\/\",\"url\":\"https:\/\/www.campinglaguna.com\/que-hacer\/actividades\/ocio\/bicicleta\/\",\"name\":\"Biking - Camping Laguna\",\"isPartOf\":{\"@id\":\"https:\/\/www.campinglaguna.com\/#website\"},\"primaryImageOfPage\":{\"@id\":\"https:\/\/www.campinglaguna.com\/que-hacer\/actividades\/ocio\/bicicleta\/#primaryimage\"},\"image\":{\"@id\":\"https:\/\/www.campinglaguna.com\/que-hacer\/actividades\/ocio\/bicicleta\/#primaryimage\"},\"thumbnailUrl\":\"https:\/\/www.campinglaguna.com\/wp-content\/uploads\/bicycle.jpg\",\"datePublished\":\"2015-05-22T10:14:53+00:00\",\"dateModified\":\"2017-03-21T10:37:32+00:00\",\"description\":\"We are certified with the distinctive \\\"Bed&amp;Bike\\\" which provides a guarantee of quality and service to cyclists. We offer bicycle rental and special\",\"breadcrumb\":{\"@id\":\"https:\/\/www.campinglaguna.com\/que-hacer\/actividades\/ocio\/bicicleta\/#breadcrumb\"},\"inLanguage\":\"en-US\",\"potentialAction\":[{\"@type\":\"ReadAction\",\"target\":[\"https:\/\/www.campinglaguna.com\/que-hacer\/actividades\/ocio\/bicicleta\/\"]}]},{\"@type\":\"ImageObject\",\"inLanguage\":\"en-US\",\"@id\":\"https:\/\/www.campinglaguna.com\/que-hacer\/actividades\/ocio\/bicicleta\/#primaryimage\",\"url\":\"https:\/\/www.campinglaguna.com\/wp-content\/uploads\/bicycle.jpg\",\"contentUrl\":\"https:\/\/www.campinglaguna.com\/wp-content\/uploads\/bicycle.jpg\",\"width\":1440,\"height\":500},{\"@type\":\"BreadcrumbList\",\"@id\":\"https:\/\/www.campinglaguna.com\/que-hacer\/actividades\/ocio\/bicicleta\/#breadcrumb\",\"itemListElement\":[{\"@type\":\"ListItem\",\"position\":1,\"name\":\"Camping Laguna\",\"item\":\"https:\/\/www.campinglaguna.com\/en\/\"},{\"@type\":\"ListItem\",\"position\":2,\"name\":\"What to do\",\"item\":\"https:\/\/www.campinglaguna.com\/que-hacer\/\"},{\"@type\":\"ListItem\",\"position\":3,\"name\":\"Activities\",\"item\":\"https:\/\/www.campinglaguna.com\/que-hacer\/actividades\/\"},{\"@type\":\"ListItem\",\"position\":4,\"name\":\"Leisure\",\"item\":\"https:\/\/www.campinglaguna.com\/que-hacer\/actividades\/ocio\/\"},{\"@type\":\"ListItem\",\"position\":5,\"name\":\"Biking\"}]},{\"@type\":\"WebSite\",\"@id\":\"https:\/\/www.campinglaguna.com\/#website\",\"url\":\"https:\/\/www.campinglaguna.com\/\",\"name\":\"Camping Laguna\",\"description\":\"Otro sitio realizado con WordPress\",\"publisher\":{\"@id\":\"https:\/\/www.campinglaguna.com\/#organization\"},\"potentialAction\":[{\"@type\":\"SearchAction\",\"target\":{\"@type\":\"EntryPoint\",\"urlTemplate\":\"https:\/\/www.campinglaguna.com\/?s={search_term_string}\"},\"query-input\":{\"@type\":\"PropertyValueSpecification\",\"valueRequired\":true,\"valueName\":\"search_term_string\"}}],\"inLanguage\":\"en-US\"},{\"@type\":\"Organization\",\"@id\":\"https:\/\/www.campinglaguna.com\/#organization\",\"name\":\"Camping Laguna\",\"url\":\"https:\/\/www.campinglaguna.com\/\",\"logo\":{\"@type\":\"ImageObject\",\"inLanguage\":\"en-US\",\"@id\":\"https:\/\/www.campinglaguna.com\/#\/schema\/logo\/image\/\",\"url\":\"https:\/\/www.campinglaguna.com\/wp-content\/uploads\/logo-laguna.png\",\"contentUrl\":\"https:\/\/www.campinglaguna.com\/wp-content\/uploads\/logo-laguna.png\",\"width\":263,\"height\":64,\"caption\":\"Camping Laguna\"},\"image\":{\"@id\":\"https:\/\/www.campinglaguna.com\/#\/schema\/logo\/image\/\"}}]}<\/script>\n<!-- \/ Yoast SEO plugin. -->","yoast_head_json":{"title":"Biking - Camping Laguna","description":"We are certified with the distinctive \"Bed&amp;Bike\" which provides a guarantee of quality and service to cyclists. We offer bicycle rental and special","robots":{"index":"index","follow":"follow","max-snippet":"max-snippet:-1","max-image-preview":"max-image-preview:large","max-video-preview":"max-video-preview:-1"},"canonical":"https:\/\/www.campinglaguna.com\/que-hacer\/actividades\/ocio\/bicicleta\/","og_locale":"en_US","og_type":"article","og_title":"Biking - Camping Laguna","og_description":"We are certified with the distinctive \"Bed&amp;Bike\" which provides a guarantee of quality and service to cyclists. We offer bicycle rental and special","og_url":"https:\/\/www.campinglaguna.com\/que-hacer\/actividades\/ocio\/bicicleta\/","og_site_name":"Camping Laguna","article_modified_time":"2017-03-21T10:37:32+00:00","og_image":[{"width":1440,"height":500,"url":"https:\/\/www.campinglaguna.com\/wp-content\/uploads\/bicycle.jpg","type":"image\/jpeg"}],"twitter_card":"summary_large_image","twitter_misc":{"Est. reading time":"1 minute"},"schema":{"@context":"https:\/\/schema.org","@graph":[{"@type":"WebPage","@id":"https:\/\/www.campinglaguna.com\/que-hacer\/actividades\/ocio\/bicicleta\/","url":"https:\/\/www.campinglaguna.com\/que-hacer\/actividades\/ocio\/bicicleta\/","name":"Biking - Camping Laguna","isPartOf":{"@id":"https:\/\/www.campinglaguna.com\/#website"},"primaryImageOfPage":{"@id":"https:\/\/www.campinglaguna.com\/que-hacer\/actividades\/ocio\/bicicleta\/#primaryimage"},"image":{"@id":"https:\/\/www.campinglaguna.com\/que-hacer\/actividades\/ocio\/bicicleta\/#primaryimage"},"thumbnailUrl":"https:\/\/www.campinglaguna.com\/wp-content\/uploads\/bicycle.jpg","datePublished":"2015-05-22T10:14:53+00:00","dateModified":"2017-03-21T10:37:32+00:00","description":"We are certified with the distinctive \"Bed&amp;Bike\" which provides a guarantee of quality and service to cyclists. We offer bicycle rental and special","breadcrumb":{"@id":"https:\/\/www.campinglaguna.com\/que-hacer\/actividades\/ocio\/bicicleta\/#breadcrumb"},"inLanguage":"en-US","potentialAction":[{"@type":"ReadAction","target":["https:\/\/www.campinglaguna.com\/que-hacer\/actividades\/ocio\/bicicleta\/"]}]},{"@type":"ImageObject","inLanguage":"en-US","@id":"https:\/\/www.campinglaguna.com\/que-hacer\/actividades\/ocio\/bicicleta\/#primaryimage","url":"https:\/\/www.campinglaguna.com\/wp-content\/uploads\/bicycle.jpg","contentUrl":"https:\/\/www.campinglaguna.com\/wp-content\/uploads\/bicycle.jpg","width":1440,"height":500},{"@type":"BreadcrumbList","@id":"https:\/\/www.campinglaguna.com\/que-hacer\/actividades\/ocio\/bicicleta\/#breadcrumb","itemListElement":[{"@type":"ListItem","position":1,"name":"Camping Laguna","item":"https:\/\/www.campinglaguna.com\/en\/"},{"@type":"ListItem","position":2,"name":"What to do","item":"https:\/\/www.campinglaguna.com\/que-hacer\/"},{"@type":"ListItem","position":3,"name":"Activities","item":"https:\/\/www.campinglaguna.com\/que-hacer\/actividades\/"},{"@type":"ListItem","position":4,"name":"Leisure","item":"https:\/\/www.campinglaguna.com\/que-hacer\/actividades\/ocio\/"},{"@type":"ListItem","position":5,"name":"Biking"}]},{"@type":"WebSite","@id":"https:\/\/www.campinglaguna.com\/#website","url":"https:\/\/www.campinglaguna.com\/","name":"Camping Laguna","description":"Otro sitio realizado con WordPress","publisher":{"@id":"https:\/\/www.campinglaguna.com\/#organization"},"potentialAction":[{"@type":"SearchAction","target":{"@type":"EntryPoint","urlTemplate":"https:\/\/www.campinglaguna.com\/?s={search_term_string}"},"query-input":{"@type":"PropertyValueSpecification","valueRequired":true,"valueName":"search_term_string"}}],"inLanguage":"en-US"},{"@type":"Organization","@id":"https:\/\/www.campinglaguna.com\/#organization","name":"Camping Laguna","url":"https:\/\/www.campinglaguna.com\/","logo":{"@type":"ImageObject","inLanguage":"en-US","@id":"https:\/\/www.campinglaguna.com\/#\/schema\/logo\/image\/","url":"https:\/\/www.campinglaguna.com\/wp-content\/uploads\/logo-laguna.png","contentUrl":"https:\/\/www.campinglaguna.com\/wp-content\/uploads\/logo-laguna.png","width":263,"height":64,"caption":"Camping Laguna"},"image":{"@id":"https:\/\/www.campinglaguna.com\/#\/schema\/logo\/image\/"}}]}},"_links":{"self":[{"href":"https:\/\/www.campinglaguna.com\/en\/wp-json\/wp\/v2\/pages\/21926","targetHints":{"allow":["GET"]}}],"collection":[{"href":"https:\/\/www.campinglaguna.com\/en\/wp-json\/wp\/v2\/pages"}],"about":[{"href":"https:\/\/www.campinglaguna.com\/en\/wp-json\/wp\/v2\/types\/page"}],"author":[{"embeddable":true,"href":"https:\/\/www.campinglaguna.com\/en\/wp-json\/wp\/v2\/users\/2"}],"replies":[{"embeddable":true,"href":"https:\/\/www.campinglaguna.com\/en\/wp-json\/wp\/v2\/comments?post=21926"}],"version-history":[{"count":3,"href":"https:\/\/www.campinglaguna.com\/en\/wp-json\/wp\/v2\/pages\/21926\/revisions"}],"predecessor-version":[{"id":25111,"href":"https:\/\/www.campinglaguna.com\/en\/wp-json\/wp\/v2\/pages\/21926\/revisions\/25111"}],"up":[{"embeddable":true,"href":"https:\/\/www.campinglaguna.com\/en\/wp-json\/wp\/v2\/pages\/21920"}],"wp:featuredmedia":[{"embeddable":true,"href":"https:\/\/www.campinglaguna.com\/en\/wp-json\/wp\/v2\/media\/20524"}],"wp:attachment":[{"href":"https:\/\/www.campinglaguna.com\/en\/wp-json\/wp\/v2\/media?parent=21926"}],"curies":[{"name":"wp","href":"https:\/\/api.w.org\/{rel}","templated":true}]}}