{"id":23574,"date":"2017-03-06T11:35:50","date_gmt":"2017-03-06T10:35:50","guid":{"rendered":"https:\/\/www.campinglaguna.com\/parachutisme\/"},"modified":"2017-03-14T13:29:37","modified_gmt":"2017-03-14T12:29:37","slug":"parachutisme","status":"publish","type":"page","link":"https:\/\/www.campinglaguna.com\/fr\/que-faire\/activites\/loisirs\/parachutisme\/","title":{"rendered":"Parachutisme"},"content":{"rendered":"<p>Avez-vous toujours eu envie de savoir ce que l\u2019on ressent \u00e0 sauter en parachute\u00a0? Si vous passez vos vacances avec nous, vous n\u2019aurez plus d\u2019excuse de ne pas avoir essay\u00e9.<\/p>\n<p>Le Centre de Parachutisme SkyDive se trouve sur l\u2019a\u00e9rodrome voisin d\u2019Empuriabrava\u00a0; il est consid\u00e9r\u00e9 comme l\u2019un des plus importants au monde. Si c\u2019est une premi\u00e8re fois, un saut accompagn\u00e9 d\u2019un moniteur (saut Tandem) sera une exp\u00e9rience que vous n\u2019oublierez plus jamais. Vous pouvez aussi prendre plusieurs cours ou venir tout simplement avec votre mat\u00e9riel et r\u00e9server une place sur le prochain vol.<\/p>\n<p>Ce centre a aussi une \u00e9cole de pilotage, tant d\u2019avion l\u00e9ger que d\u2019ULM, ce qui permet de r\u00e9aliser des excursions a\u00e9riennes sur toute la zone. Nul doute que vous appr\u00e9cierez les merveilleuses vues a\u00e9riennes de la baie\u00a0!<\/p>\n<p>Et si vous n\u2019osez pas vous lancer autant, vous pourrez toujours essayer le simulateur de chute libre Windoor.<\/p>\n<p>Vous pourrez y r\u00e9cr\u00e9er l\u2019exp\u00e9rience et les sensations des parachutistes lorsqu\u2019ils se lancent \u00e0 4000 m\u00e8tres d\u2019altitude. Les courants d\u2019air peuvent atteindre 300 kilom\u00e8tres- heure avec des vitesses r\u00e9glement\u00e9es pour s\u2019adapter \u00e0 tous les types de public et d\u2019\u00e2ge \u00e0 partir de 5 ans.<\/p>\n","protected":false},"excerpt":{"rendered":"<p>Avez-vous toujours eu envie de savoir ce que l\u2019on ressent \u00e0 sauter en parachute\u00a0? Si vous passez vos vacances avec nous, vous n\u2019aurez plus d\u2019excuse de ne pas avoir essay\u00e9. [&hellip;]<\/p>\n","protected":false},"author":2,"featured_media":21528,"parent":24310,"menu_order":2,"comment_status":"closed","ping_status":"closed","template":"","meta":{"_acf_changed":false,"footnotes":""},"class_list":["post-23574","page","type-page","status-publish","has-post-thumbnail","hentry"],"acf":[],"yoast_head":"<!-- This site is optimized with the Yoast SEO plugin v26.1.1 - https:\/\/yoast.com\/wordpress\/plugins\/seo\/ -->\n<title>Parachutisme - Camping Laguna<\/title>\n<meta name=\"description\" content=\"Avez-vous toujours eu envie de savoir ce que l\u2019on ressent \u00e0 sauter en parachute\u00a0? Si vous passez vos vacances avec nous, vous n\u2019aurez plus d\u2019excuse de ne\" \/>\n<meta name=\"robots\" content=\"index, follow, max-snippet:-1, max-image-preview:large, max-video-preview:-1\" \/>\n<link rel=\"canonical\" href=\"https:\/\/www.campinglaguna.com\/que-hacer\/actividades\/ocio\/correr\/\" \/>\n<meta property=\"og:locale\" content=\"fr_FR\" \/>\n<meta property=\"og:type\" content=\"article\" \/>\n<meta property=\"og:title\" content=\"Parachutisme - Camping Laguna\" \/>\n<meta property=\"og:description\" content=\"Avez-vous toujours eu envie de savoir ce que l\u2019on ressent \u00e0 sauter en parachute\u00a0? Si vous passez vos vacances avec nous, vous n\u2019aurez plus d\u2019excuse de ne\" \/>\n<meta property=\"og:url\" content=\"https:\/\/www.campinglaguna.com\/que-hacer\/actividades\/ocio\/correr\/\" \/>\n<meta property=\"og:site_name\" content=\"Camping Laguna\" \/>\n<meta property=\"article:modified_time\" content=\"2017-03-14T12:29:37+00:00\" \/>\n<meta property=\"og:image\" content=\"https:\/\/www.campinglaguna.com\/wp-content\/uploads\/principal29.jpg\" \/>\n\t<meta property=\"og:image:width\" content=\"1440\" \/>\n\t<meta property=\"og:image:height\" content=\"500\" \/>\n\t<meta property=\"og:image:type\" content=\"image\/jpeg\" \/>\n<meta name=\"twitter:card\" content=\"summary_large_image\" \/>\n<meta name=\"twitter:label1\" content=\"Dur\u00e9e de lecture estim\u00e9e\" \/>\n\t<meta name=\"twitter:data1\" content=\"1 minute\" \/>\n<script type=\"application\/ld+json\" class=\"yoast-schema-graph\">{\"@context\":\"https:\/\/schema.org\",\"@graph\":[{\"@type\":\"WebPage\",\"@id\":\"https:\/\/www.campinglaguna.com\/que-hacer\/actividades\/ocio\/correr\/\",\"url\":\"https:\/\/www.campinglaguna.com\/que-hacer\/actividades\/ocio\/correr\/\",\"name\":\"Parachutisme - Camping Laguna\",\"isPartOf\":{\"@id\":\"https:\/\/www.campinglaguna.com\/#website\"},\"primaryImageOfPage\":{\"@id\":\"https:\/\/www.campinglaguna.com\/que-hacer\/actividades\/ocio\/correr\/#primaryimage\"},\"image\":{\"@id\":\"https:\/\/www.campinglaguna.com\/que-hacer\/actividades\/ocio\/correr\/#primaryimage\"},\"thumbnailUrl\":\"https:\/\/www.campinglaguna.com\/wp-content\/uploads\/principal29.jpg\",\"datePublished\":\"2017-03-06T10:35:50+00:00\",\"dateModified\":\"2017-03-14T12:29:37+00:00\",\"description\":\"Avez-vous toujours eu envie de savoir ce que l\u2019on ressent \u00e0 sauter en parachute\u00a0? Si vous passez vos vacances avec nous, vous n\u2019aurez plus d\u2019excuse de ne\",\"breadcrumb\":{\"@id\":\"https:\/\/www.campinglaguna.com\/que-hacer\/actividades\/ocio\/correr\/#breadcrumb\"},\"inLanguage\":\"fr-FR\",\"potentialAction\":[{\"@type\":\"ReadAction\",\"target\":[\"https:\/\/www.campinglaguna.com\/que-hacer\/actividades\/ocio\/correr\/\"]}]},{\"@type\":\"ImageObject\",\"inLanguage\":\"fr-FR\",\"@id\":\"https:\/\/www.campinglaguna.com\/que-hacer\/actividades\/ocio\/correr\/#primaryimage\",\"url\":\"https:\/\/www.campinglaguna.com\/wp-content\/uploads\/principal29.jpg\",\"contentUrl\":\"https:\/\/www.campinglaguna.com\/wp-content\/uploads\/principal29.jpg\",\"width\":1440,\"height\":500},{\"@type\":\"BreadcrumbList\",\"@id\":\"https:\/\/www.campinglaguna.com\/que-hacer\/actividades\/ocio\/correr\/#breadcrumb\",\"itemListElement\":[{\"@type\":\"ListItem\",\"position\":1,\"name\":\"Camping Laguna\",\"item\":\"https:\/\/www.campinglaguna.com\/fr\/\"},{\"@type\":\"ListItem\",\"position\":2,\"name\":\"Que faire\",\"item\":\"https:\/\/www.campinglaguna.com\/fr\/que-faire\/\"},{\"@type\":\"ListItem\",\"position\":3,\"name\":\"Activit\u00e9s\",\"item\":\"https:\/\/www.campinglaguna.com\/fr\/que-faire\/activites\/\"},{\"@type\":\"ListItem\",\"position\":4,\"name\":\"Loisirs\",\"item\":\"https:\/\/www.campinglaguna.com\/que-hacer\/actividades\/ocio\/\"},{\"@type\":\"ListItem\",\"position\":5,\"name\":\"Parachutisme\"}]},{\"@type\":\"WebSite\",\"@id\":\"https:\/\/www.campinglaguna.com\/#website\",\"url\":\"https:\/\/www.campinglaguna.com\/\",\"name\":\"Camping Laguna\",\"description\":\"Otro sitio realizado con WordPress\",\"publisher\":{\"@id\":\"https:\/\/www.campinglaguna.com\/#organization\"},\"potentialAction\":[{\"@type\":\"SearchAction\",\"target\":{\"@type\":\"EntryPoint\",\"urlTemplate\":\"https:\/\/www.campinglaguna.com\/?s={search_term_string}\"},\"query-input\":{\"@type\":\"PropertyValueSpecification\",\"valueRequired\":true,\"valueName\":\"search_term_string\"}}],\"inLanguage\":\"fr-FR\"},{\"@type\":\"Organization\",\"@id\":\"https:\/\/www.campinglaguna.com\/#organization\",\"name\":\"Camping Laguna\",\"url\":\"https:\/\/www.campinglaguna.com\/\",\"logo\":{\"@type\":\"ImageObject\",\"inLanguage\":\"fr-FR\",\"@id\":\"https:\/\/www.campinglaguna.com\/#\/schema\/logo\/image\/\",\"url\":\"https:\/\/www.campinglaguna.com\/wp-content\/uploads\/logo-laguna.png\",\"contentUrl\":\"https:\/\/www.campinglaguna.com\/wp-content\/uploads\/logo-laguna.png\",\"width\":263,\"height\":64,\"caption\":\"Camping Laguna\"},\"image\":{\"@id\":\"https:\/\/www.campinglaguna.com\/#\/schema\/logo\/image\/\"}}]}<\/script>\n<!-- \/ Yoast SEO plugin. -->","yoast_head_json":{"title":"Parachutisme - Camping Laguna","description":"Avez-vous toujours eu envie de savoir ce que l\u2019on ressent \u00e0 sauter en parachute\u00a0? Si vous passez vos vacances avec nous, vous n\u2019aurez plus d\u2019excuse de ne","robots":{"index":"index","follow":"follow","max-snippet":"max-snippet:-1","max-image-preview":"max-image-preview:large","max-video-preview":"max-video-preview:-1"},"canonical":"https:\/\/www.campinglaguna.com\/que-hacer\/actividades\/ocio\/correr\/","og_locale":"fr_FR","og_type":"article","og_title":"Parachutisme - Camping Laguna","og_description":"Avez-vous toujours eu envie de savoir ce que l\u2019on ressent \u00e0 sauter en parachute\u00a0? Si vous passez vos vacances avec nous, vous n\u2019aurez plus d\u2019excuse de ne","og_url":"https:\/\/www.campinglaguna.com\/que-hacer\/actividades\/ocio\/correr\/","og_site_name":"Camping Laguna","article_modified_time":"2017-03-14T12:29:37+00:00","og_image":[{"width":1440,"height":500,"url":"https:\/\/www.campinglaguna.com\/wp-content\/uploads\/principal29.jpg","type":"image\/jpeg"}],"twitter_card":"summary_large_image","twitter_misc":{"Dur\u00e9e de lecture estim\u00e9e":"1 minute"},"schema":{"@context":"https:\/\/schema.org","@graph":[{"@type":"WebPage","@id":"https:\/\/www.campinglaguna.com\/que-hacer\/actividades\/ocio\/correr\/","url":"https:\/\/www.campinglaguna.com\/que-hacer\/actividades\/ocio\/correr\/","name":"Parachutisme - Camping Laguna","isPartOf":{"@id":"https:\/\/www.campinglaguna.com\/#website"},"primaryImageOfPage":{"@id":"https:\/\/www.campinglaguna.com\/que-hacer\/actividades\/ocio\/correr\/#primaryimage"},"image":{"@id":"https:\/\/www.campinglaguna.com\/que-hacer\/actividades\/ocio\/correr\/#primaryimage"},"thumbnailUrl":"https:\/\/www.campinglaguna.com\/wp-content\/uploads\/principal29.jpg","datePublished":"2017-03-06T10:35:50+00:00","dateModified":"2017-03-14T12:29:37+00:00","description":"Avez-vous toujours eu envie de savoir ce que l\u2019on ressent \u00e0 sauter en parachute\u00a0? Si vous passez vos vacances avec nous, vous n\u2019aurez plus d\u2019excuse de ne","breadcrumb":{"@id":"https:\/\/www.campinglaguna.com\/que-hacer\/actividades\/ocio\/correr\/#breadcrumb"},"inLanguage":"fr-FR","potentialAction":[{"@type":"ReadAction","target":["https:\/\/www.campinglaguna.com\/que-hacer\/actividades\/ocio\/correr\/"]}]},{"@type":"ImageObject","inLanguage":"fr-FR","@id":"https:\/\/www.campinglaguna.com\/que-hacer\/actividades\/ocio\/correr\/#primaryimage","url":"https:\/\/www.campinglaguna.com\/wp-content\/uploads\/principal29.jpg","contentUrl":"https:\/\/www.campinglaguna.com\/wp-content\/uploads\/principal29.jpg","width":1440,"height":500},{"@type":"BreadcrumbList","@id":"https:\/\/www.campinglaguna.com\/que-hacer\/actividades\/ocio\/correr\/#breadcrumb","itemListElement":[{"@type":"ListItem","position":1,"name":"Camping Laguna","item":"https:\/\/www.campinglaguna.com\/fr\/"},{"@type":"ListItem","position":2,"name":"Que faire","item":"https:\/\/www.campinglaguna.com\/fr\/que-faire\/"},{"@type":"ListItem","position":3,"name":"Activit\u00e9s","item":"https:\/\/www.campinglaguna.com\/fr\/que-faire\/activites\/"},{"@type":"ListItem","position":4,"name":"Loisirs","item":"https:\/\/www.campinglaguna.com\/que-hacer\/actividades\/ocio\/"},{"@type":"ListItem","position":5,"name":"Parachutisme"}]},{"@type":"WebSite","@id":"https:\/\/www.campinglaguna.com\/#website","url":"https:\/\/www.campinglaguna.com\/","name":"Camping Laguna","description":"Otro sitio realizado con WordPress","publisher":{"@id":"https:\/\/www.campinglaguna.com\/#organization"},"potentialAction":[{"@type":"SearchAction","target":{"@type":"EntryPoint","urlTemplate":"https:\/\/www.campinglaguna.com\/?s={search_term_string}"},"query-input":{"@type":"PropertyValueSpecification","valueRequired":true,"valueName":"search_term_string"}}],"inLanguage":"fr-FR"},{"@type":"Organization","@id":"https:\/\/www.campinglaguna.com\/#organization","name":"Camping Laguna","url":"https:\/\/www.campinglaguna.com\/","logo":{"@type":"ImageObject","inLanguage":"fr-FR","@id":"https:\/\/www.campinglaguna.com\/#\/schema\/logo\/image\/","url":"https:\/\/www.campinglaguna.com\/wp-content\/uploads\/logo-laguna.png","contentUrl":"https:\/\/www.campinglaguna.com\/wp-content\/uploads\/logo-laguna.png","width":263,"height":64,"caption":"Camping Laguna"},"image":{"@id":"https:\/\/www.campinglaguna.com\/#\/schema\/logo\/image\/"}}]}},"_links":{"self":[{"href":"https:\/\/www.campinglaguna.com\/fr\/wp-json\/wp\/v2\/pages\/23574","targetHints":{"allow":["GET"]}}],"collection":[{"href":"https:\/\/www.campinglaguna.com\/fr\/wp-json\/wp\/v2\/pages"}],"about":[{"href":"https:\/\/www.campinglaguna.com\/fr\/wp-json\/wp\/v2\/types\/page"}],"author":[{"embeddable":true,"href":"https:\/\/www.campinglaguna.com\/fr\/wp-json\/wp\/v2\/users\/2"}],"replies":[{"embeddable":true,"href":"https:\/\/www.campinglaguna.com\/fr\/wp-json\/wp\/v2\/comments?post=23574"}],"version-history":[{"count":1,"href":"https:\/\/www.campinglaguna.com\/fr\/wp-json\/wp\/v2\/pages\/23574\/revisions"}],"predecessor-version":[{"id":24336,"href":"https:\/\/www.campinglaguna.com\/fr\/wp-json\/wp\/v2\/pages\/23574\/revisions\/24336"}],"up":[{"embeddable":true,"href":"https:\/\/www.campinglaguna.com\/fr\/wp-json\/wp\/v2\/pages\/24310"}],"wp:featuredmedia":[{"embeddable":true,"href":"https:\/\/www.campinglaguna.com\/fr\/wp-json\/wp\/v2\/media\/21528"}],"wp:attachment":[{"href":"https:\/\/www.campinglaguna.com\/fr\/wp-json\/wp\/v2\/media?parent=23574"}],"curies":[{"name":"wp","href":"https:\/\/api.w.org\/{rel}","templated":true}]}}