{"id":23577,"date":"2017-03-06T12:11:04","date_gmt":"2017-03-06T11:11:04","guid":{"rendered":"https:\/\/www.campinglaguna.com\/le-bar-de-la-piscine\/"},"modified":"2017-03-13T16:54:00","modified_gmt":"2017-03-13T15:54:00","slug":"le-bar-de-la-piscine","status":"publish","type":"page","link":"https:\/\/www.campinglaguna.com\/fr\/que-faire\/gastronomie\/le-bar-de-la-piscine\/","title":{"rendered":"Le bar de la piscine"},"content":{"rendered":"<p>Nous vous invitons \u00e0 profiter du bar de la piscine\u00a0: ambiance d\u00e9tendue et un peu de musique y seront les alli\u00e9s parfaits de vos journ\u00e9es d\u2019\u00e9t\u00e9. Le meilleur espace o\u00f9 faire une pause pendant que le reste de la famille fait trempette dans la piscine.<\/p>\n<p>Th\u00e9s, caf\u00e9s, rafra\u00eechissements et cocktails, une offre vari\u00e9e de sandwiches et d\u2019ap\u00e9ritifs qui vous donneront l\u2019\u00e9nergie n\u00e9cessaire pour poursuivre votre journ\u00e9e.<\/p>\n","protected":false},"excerpt":{"rendered":"<p>Nous vous invitons \u00e0 profiter du bar de la piscine\u00a0: ambiance d\u00e9tendue et un peu de musique y seront les alli\u00e9s parfaits de vos journ\u00e9es d\u2019\u00e9t\u00e9. Le meilleur espace o\u00f9 [&hellip;]<\/p>\n","protected":false},"author":2,"featured_media":21058,"parent":24127,"menu_order":5,"comment_status":"closed","ping_status":"closed","template":"","meta":{"_acf_changed":false,"footnotes":""},"class_list":["post-23577","page","type-page","status-publish","has-post-thumbnail","hentry"],"acf":[],"yoast_head":"<!-- This site is optimized with the Yoast SEO plugin v26.1.1 - https:\/\/yoast.com\/wordpress\/plugins\/seo\/ -->\n<title>Le bar de la piscine - Camping Laguna<\/title>\n<meta name=\"description\" content=\"Nous vous invitons \u00e0 profiter du bar de la piscine\u00a0: ambiance d\u00e9tendue et un peu de musique y seront les alli\u00e9s parfaits de vos journ\u00e9es d\u2019\u00e9t\u00e9. Le\" \/>\n<meta name=\"robots\" content=\"index, follow, max-snippet:-1, max-image-preview:large, max-video-preview:-1\" \/>\n<link rel=\"canonical\" href=\"https:\/\/www.campinglaguna.com\/que-hacer\/gastronomia\/bar-piscina\/\" \/>\n<meta property=\"og:locale\" content=\"fr_FR\" \/>\n<meta property=\"og:type\" content=\"article\" \/>\n<meta property=\"og:title\" content=\"Le bar de la piscine - Camping Laguna\" \/>\n<meta property=\"og:description\" content=\"Nous vous invitons \u00e0 profiter du bar de la piscine\u00a0: ambiance d\u00e9tendue et un peu de musique y seront les alli\u00e9s parfaits de vos journ\u00e9es d\u2019\u00e9t\u00e9. Le\" \/>\n<meta property=\"og:url\" content=\"https:\/\/www.campinglaguna.com\/que-hacer\/gastronomia\/bar-piscina\/\" \/>\n<meta property=\"og:site_name\" content=\"Camping Laguna\" \/>\n<meta property=\"article:modified_time\" content=\"2017-03-13T15:54:00+00:00\" \/>\n<meta property=\"og:image\" content=\"https:\/\/www.campinglaguna.com\/wp-content\/uploads\/Principal212.jpg\" \/>\n\t<meta property=\"og:image:width\" content=\"1440\" \/>\n\t<meta property=\"og:image:height\" content=\"500\" \/>\n\t<meta property=\"og:image:type\" content=\"image\/jpeg\" \/>\n<meta name=\"twitter:card\" content=\"summary_large_image\" \/>\n<script type=\"application\/ld+json\" class=\"yoast-schema-graph\">{\"@context\":\"https:\/\/schema.org\",\"@graph\":[{\"@type\":\"WebPage\",\"@id\":\"https:\/\/www.campinglaguna.com\/que-hacer\/gastronomia\/bar-piscina\/\",\"url\":\"https:\/\/www.campinglaguna.com\/que-hacer\/gastronomia\/bar-piscina\/\",\"name\":\"Le bar de la piscine - Camping Laguna\",\"isPartOf\":{\"@id\":\"https:\/\/www.campinglaguna.com\/#website\"},\"primaryImageOfPage\":{\"@id\":\"https:\/\/www.campinglaguna.com\/que-hacer\/gastronomia\/bar-piscina\/#primaryimage\"},\"image\":{\"@id\":\"https:\/\/www.campinglaguna.com\/que-hacer\/gastronomia\/bar-piscina\/#primaryimage\"},\"thumbnailUrl\":\"https:\/\/www.campinglaguna.com\/wp-content\/uploads\/Principal212.jpg\",\"datePublished\":\"2017-03-06T11:11:04+00:00\",\"dateModified\":\"2017-03-13T15:54:00+00:00\",\"description\":\"Nous vous invitons \u00e0 profiter du bar de la piscine\u00a0: ambiance d\u00e9tendue et un peu de musique y seront les alli\u00e9s parfaits de vos journ\u00e9es d\u2019\u00e9t\u00e9. Le\",\"breadcrumb\":{\"@id\":\"https:\/\/www.campinglaguna.com\/que-hacer\/gastronomia\/bar-piscina\/#breadcrumb\"},\"inLanguage\":\"fr-FR\",\"potentialAction\":[{\"@type\":\"ReadAction\",\"target\":[\"https:\/\/www.campinglaguna.com\/que-hacer\/gastronomia\/bar-piscina\/\"]}]},{\"@type\":\"ImageObject\",\"inLanguage\":\"fr-FR\",\"@id\":\"https:\/\/www.campinglaguna.com\/que-hacer\/gastronomia\/bar-piscina\/#primaryimage\",\"url\":\"https:\/\/www.campinglaguna.com\/wp-content\/uploads\/Principal212.jpg\",\"contentUrl\":\"https:\/\/www.campinglaguna.com\/wp-content\/uploads\/Principal212.jpg\",\"width\":1440,\"height\":500},{\"@type\":\"BreadcrumbList\",\"@id\":\"https:\/\/www.campinglaguna.com\/que-hacer\/gastronomia\/bar-piscina\/#breadcrumb\",\"itemListElement\":[{\"@type\":\"ListItem\",\"position\":1,\"name\":\"Camping Laguna\",\"item\":\"https:\/\/www.campinglaguna.com\/fr\/\"},{\"@type\":\"ListItem\",\"position\":2,\"name\":\"Que faire\",\"item\":\"https:\/\/www.campinglaguna.com\/fr\/que-faire\/\"},{\"@type\":\"ListItem\",\"position\":3,\"name\":\"Gastronomie\",\"item\":\"https:\/\/www.campinglaguna.com\/fr\/que-faire\/gastronomie\/\"},{\"@type\":\"ListItem\",\"position\":4,\"name\":\"Le bar de la piscine\"}]},{\"@type\":\"WebSite\",\"@id\":\"https:\/\/www.campinglaguna.com\/#website\",\"url\":\"https:\/\/www.campinglaguna.com\/\",\"name\":\"Camping Laguna\",\"description\":\"Otro sitio realizado con WordPress\",\"publisher\":{\"@id\":\"https:\/\/www.campinglaguna.com\/#organization\"},\"potentialAction\":[{\"@type\":\"SearchAction\",\"target\":{\"@type\":\"EntryPoint\",\"urlTemplate\":\"https:\/\/www.campinglaguna.com\/?s={search_term_string}\"},\"query-input\":{\"@type\":\"PropertyValueSpecification\",\"valueRequired\":true,\"valueName\":\"search_term_string\"}}],\"inLanguage\":\"fr-FR\"},{\"@type\":\"Organization\",\"@id\":\"https:\/\/www.campinglaguna.com\/#organization\",\"name\":\"Camping Laguna\",\"url\":\"https:\/\/www.campinglaguna.com\/\",\"logo\":{\"@type\":\"ImageObject\",\"inLanguage\":\"fr-FR\",\"@id\":\"https:\/\/www.campinglaguna.com\/#\/schema\/logo\/image\/\",\"url\":\"https:\/\/www.campinglaguna.com\/wp-content\/uploads\/logo-laguna.png\",\"contentUrl\":\"https:\/\/www.campinglaguna.com\/wp-content\/uploads\/logo-laguna.png\",\"width\":263,\"height\":64,\"caption\":\"Camping Laguna\"},\"image\":{\"@id\":\"https:\/\/www.campinglaguna.com\/#\/schema\/logo\/image\/\"}}]}<\/script>\n<!-- \/ Yoast SEO plugin. -->","yoast_head_json":{"title":"Le bar de la piscine - Camping Laguna","description":"Nous vous invitons \u00e0 profiter du bar de la piscine\u00a0: ambiance d\u00e9tendue et un peu de musique y seront les alli\u00e9s parfaits de vos journ\u00e9es d\u2019\u00e9t\u00e9. Le","robots":{"index":"index","follow":"follow","max-snippet":"max-snippet:-1","max-image-preview":"max-image-preview:large","max-video-preview":"max-video-preview:-1"},"canonical":"https:\/\/www.campinglaguna.com\/que-hacer\/gastronomia\/bar-piscina\/","og_locale":"fr_FR","og_type":"article","og_title":"Le bar de la piscine - Camping Laguna","og_description":"Nous vous invitons \u00e0 profiter du bar de la piscine\u00a0: ambiance d\u00e9tendue et un peu de musique y seront les alli\u00e9s parfaits de vos journ\u00e9es d\u2019\u00e9t\u00e9. Le","og_url":"https:\/\/www.campinglaguna.com\/que-hacer\/gastronomia\/bar-piscina\/","og_site_name":"Camping Laguna","article_modified_time":"2017-03-13T15:54:00+00:00","og_image":[{"width":1440,"height":500,"url":"https:\/\/www.campinglaguna.com\/wp-content\/uploads\/Principal212.jpg","type":"image\/jpeg"}],"twitter_card":"summary_large_image","schema":{"@context":"https:\/\/schema.org","@graph":[{"@type":"WebPage","@id":"https:\/\/www.campinglaguna.com\/que-hacer\/gastronomia\/bar-piscina\/","url":"https:\/\/www.campinglaguna.com\/que-hacer\/gastronomia\/bar-piscina\/","name":"Le bar de la piscine - Camping Laguna","isPartOf":{"@id":"https:\/\/www.campinglaguna.com\/#website"},"primaryImageOfPage":{"@id":"https:\/\/www.campinglaguna.com\/que-hacer\/gastronomia\/bar-piscina\/#primaryimage"},"image":{"@id":"https:\/\/www.campinglaguna.com\/que-hacer\/gastronomia\/bar-piscina\/#primaryimage"},"thumbnailUrl":"https:\/\/www.campinglaguna.com\/wp-content\/uploads\/Principal212.jpg","datePublished":"2017-03-06T11:11:04+00:00","dateModified":"2017-03-13T15:54:00+00:00","description":"Nous vous invitons \u00e0 profiter du bar de la piscine\u00a0: ambiance d\u00e9tendue et un peu de musique y seront les alli\u00e9s parfaits de vos journ\u00e9es d\u2019\u00e9t\u00e9. Le","breadcrumb":{"@id":"https:\/\/www.campinglaguna.com\/que-hacer\/gastronomia\/bar-piscina\/#breadcrumb"},"inLanguage":"fr-FR","potentialAction":[{"@type":"ReadAction","target":["https:\/\/www.campinglaguna.com\/que-hacer\/gastronomia\/bar-piscina\/"]}]},{"@type":"ImageObject","inLanguage":"fr-FR","@id":"https:\/\/www.campinglaguna.com\/que-hacer\/gastronomia\/bar-piscina\/#primaryimage","url":"https:\/\/www.campinglaguna.com\/wp-content\/uploads\/Principal212.jpg","contentUrl":"https:\/\/www.campinglaguna.com\/wp-content\/uploads\/Principal212.jpg","width":1440,"height":500},{"@type":"BreadcrumbList","@id":"https:\/\/www.campinglaguna.com\/que-hacer\/gastronomia\/bar-piscina\/#breadcrumb","itemListElement":[{"@type":"ListItem","position":1,"name":"Camping Laguna","item":"https:\/\/www.campinglaguna.com\/fr\/"},{"@type":"ListItem","position":2,"name":"Que faire","item":"https:\/\/www.campinglaguna.com\/fr\/que-faire\/"},{"@type":"ListItem","position":3,"name":"Gastronomie","item":"https:\/\/www.campinglaguna.com\/fr\/que-faire\/gastronomie\/"},{"@type":"ListItem","position":4,"name":"Le bar de la piscine"}]},{"@type":"WebSite","@id":"https:\/\/www.campinglaguna.com\/#website","url":"https:\/\/www.campinglaguna.com\/","name":"Camping Laguna","description":"Otro sitio realizado con WordPress","publisher":{"@id":"https:\/\/www.campinglaguna.com\/#organization"},"potentialAction":[{"@type":"SearchAction","target":{"@type":"EntryPoint","urlTemplate":"https:\/\/www.campinglaguna.com\/?s={search_term_string}"},"query-input":{"@type":"PropertyValueSpecification","valueRequired":true,"valueName":"search_term_string"}}],"inLanguage":"fr-FR"},{"@type":"Organization","@id":"https:\/\/www.campinglaguna.com\/#organization","name":"Camping Laguna","url":"https:\/\/www.campinglaguna.com\/","logo":{"@type":"ImageObject","inLanguage":"fr-FR","@id":"https:\/\/www.campinglaguna.com\/#\/schema\/logo\/image\/","url":"https:\/\/www.campinglaguna.com\/wp-content\/uploads\/logo-laguna.png","contentUrl":"https:\/\/www.campinglaguna.com\/wp-content\/uploads\/logo-laguna.png","width":263,"height":64,"caption":"Camping Laguna"},"image":{"@id":"https:\/\/www.campinglaguna.com\/#\/schema\/logo\/image\/"}}]}},"_links":{"self":[{"href":"https:\/\/www.campinglaguna.com\/fr\/wp-json\/wp\/v2\/pages\/23577","targetHints":{"allow":["GET"]}}],"collection":[{"href":"https:\/\/www.campinglaguna.com\/fr\/wp-json\/wp\/v2\/pages"}],"about":[{"href":"https:\/\/www.campinglaguna.com\/fr\/wp-json\/wp\/v2\/types\/page"}],"author":[{"embeddable":true,"href":"https:\/\/www.campinglaguna.com\/fr\/wp-json\/wp\/v2\/users\/2"}],"replies":[{"embeddable":true,"href":"https:\/\/www.campinglaguna.com\/fr\/wp-json\/wp\/v2\/comments?post=23577"}],"version-history":[{"count":1,"href":"https:\/\/www.campinglaguna.com\/fr\/wp-json\/wp\/v2\/pages\/23577\/revisions"}],"predecessor-version":[{"id":24137,"href":"https:\/\/www.campinglaguna.com\/fr\/wp-json\/wp\/v2\/pages\/23577\/revisions\/24137"}],"up":[{"embeddable":true,"href":"https:\/\/www.campinglaguna.com\/fr\/wp-json\/wp\/v2\/pages\/24127"}],"wp:featuredmedia":[{"embeddable":true,"href":"https:\/\/www.campinglaguna.com\/fr\/wp-json\/wp\/v2\/media\/21058"}],"wp:attachment":[{"href":"https:\/\/www.campinglaguna.com\/fr\/wp-json\/wp\/v2\/media?parent=23577"}],"curies":[{"name":"wp","href":"https:\/\/api.w.org\/{rel}","templated":true}]}}