{"id":23579,"date":"2017-03-06T17:03:06","date_gmt":"2017-03-06T16:03:06","guid":{"rendered":"https:\/\/www.campinglaguna.com\/aires-de-jeu-pour-enfants\/"},"modified":"2017-03-14T11:09:49","modified_gmt":"2017-03-14T10:09:49","slug":"aires-de-jeu-pour-enfants","status":"publish","type":"page","link":"https:\/\/www.campinglaguna.com\/fr\/que-faire\/activites\/sports\/aires-de-jeu-pour-enfants\/","title":{"rendered":"Aires de jeu pour enfants"},"content":{"rendered":"<p>Pour que les plus jeunes profitent encore plus de leur s\u00e9jour, nous vous offrons plusieurs aires de jeux r\u00e9parties dans le camping.<\/p>\n<p>La plus grande se trouve \u00e0 c\u00f4t\u00e9 de la terrasse du restaurant. Ainsi, pendant que les enfants jouent, les parents peuvent aussi profiter d\u2019un moment de d\u00e9tente. Ils s\u2019amuseront comme des fous, se feront de nouveaux amis et auront envie de rester\u2026 \u00ab\u00a0un petit moment encore\u00a0\u00bb.<\/p>\n","protected":false},"excerpt":{"rendered":"<p>Pour que les plus jeunes profitent encore plus de leur s\u00e9jour, nous vous offrons plusieurs aires de jeux r\u00e9parties dans le camping. La plus grande se trouve \u00e0 c\u00f4t\u00e9 de [&hellip;]<\/p>\n","protected":false},"author":2,"featured_media":21347,"parent":24147,"menu_order":3,"comment_status":"closed","ping_status":"closed","template":"","meta":{"_acf_changed":false,"footnotes":""},"class_list":["post-23579","page","type-page","status-publish","has-post-thumbnail","hentry"],"acf":[],"yoast_head":"<!-- This site is optimized with the Yoast SEO plugin v26.1.1 - https:\/\/yoast.com\/wordpress\/plugins\/seo\/ -->\n<title>Aires de jeu pour enfants - Camping Laguna<\/title>\n<meta name=\"description\" content=\"Pour que les plus jeunes profitent encore plus de leur s\u00e9jour, nous vous offrons plusieurs aires de jeux r\u00e9parties dans le camping. La plus grande se\" \/>\n<meta name=\"robots\" content=\"index, follow, max-snippet:-1, max-image-preview:large, max-video-preview:-1\" \/>\n<link rel=\"canonical\" href=\"https:\/\/www.campinglaguna.com\/que-hacer\/actividades\/deportes\/parques-infantiles\/\" \/>\n<meta property=\"og:locale\" content=\"fr_FR\" \/>\n<meta property=\"og:type\" content=\"article\" \/>\n<meta property=\"og:title\" content=\"Aires de jeu pour enfants - Camping Laguna\" \/>\n<meta property=\"og:description\" content=\"Pour que les plus jeunes profitent encore plus de leur s\u00e9jour, nous vous offrons plusieurs aires de jeux r\u00e9parties dans le camping. La plus grande se\" \/>\n<meta property=\"og:url\" content=\"https:\/\/www.campinglaguna.com\/que-hacer\/actividades\/deportes\/parques-infantiles\/\" \/>\n<meta property=\"og:site_name\" content=\"Camping Laguna\" \/>\n<meta property=\"article:modified_time\" content=\"2017-03-14T10:09:49+00:00\" \/>\n<meta property=\"og:image\" content=\"https:\/\/www.campinglaguna.com\/wp-content\/uploads\/principal26.jpg\" \/>\n\t<meta property=\"og:image:width\" content=\"1440\" \/>\n\t<meta property=\"og:image:height\" content=\"500\" \/>\n\t<meta property=\"og:image:type\" content=\"image\/jpeg\" \/>\n<meta name=\"twitter:card\" content=\"summary_large_image\" \/>\n<script type=\"application\/ld+json\" class=\"yoast-schema-graph\">{\"@context\":\"https:\/\/schema.org\",\"@graph\":[{\"@type\":\"WebPage\",\"@id\":\"https:\/\/www.campinglaguna.com\/que-hacer\/actividades\/deportes\/parques-infantiles\/\",\"url\":\"https:\/\/www.campinglaguna.com\/que-hacer\/actividades\/deportes\/parques-infantiles\/\",\"name\":\"Aires de jeu pour enfants - Camping Laguna\",\"isPartOf\":{\"@id\":\"https:\/\/www.campinglaguna.com\/#website\"},\"primaryImageOfPage\":{\"@id\":\"https:\/\/www.campinglaguna.com\/que-hacer\/actividades\/deportes\/parques-infantiles\/#primaryimage\"},\"image\":{\"@id\":\"https:\/\/www.campinglaguna.com\/que-hacer\/actividades\/deportes\/parques-infantiles\/#primaryimage\"},\"thumbnailUrl\":\"https:\/\/www.campinglaguna.com\/wp-content\/uploads\/principal26.jpg\",\"datePublished\":\"2017-03-06T16:03:06+00:00\",\"dateModified\":\"2017-03-14T10:09:49+00:00\",\"description\":\"Pour que les plus jeunes profitent encore plus de leur s\u00e9jour, nous vous offrons plusieurs aires de jeux r\u00e9parties dans le camping. La plus grande se\",\"breadcrumb\":{\"@id\":\"https:\/\/www.campinglaguna.com\/que-hacer\/actividades\/deportes\/parques-infantiles\/#breadcrumb\"},\"inLanguage\":\"fr-FR\",\"potentialAction\":[{\"@type\":\"ReadAction\",\"target\":[\"https:\/\/www.campinglaguna.com\/que-hacer\/actividades\/deportes\/parques-infantiles\/\"]}]},{\"@type\":\"ImageObject\",\"inLanguage\":\"fr-FR\",\"@id\":\"https:\/\/www.campinglaguna.com\/que-hacer\/actividades\/deportes\/parques-infantiles\/#primaryimage\",\"url\":\"https:\/\/www.campinglaguna.com\/wp-content\/uploads\/principal26.jpg\",\"contentUrl\":\"https:\/\/www.campinglaguna.com\/wp-content\/uploads\/principal26.jpg\",\"width\":1440,\"height\":500},{\"@type\":\"BreadcrumbList\",\"@id\":\"https:\/\/www.campinglaguna.com\/que-hacer\/actividades\/deportes\/parques-infantiles\/#breadcrumb\",\"itemListElement\":[{\"@type\":\"ListItem\",\"position\":1,\"name\":\"Camping Laguna\",\"item\":\"https:\/\/www.campinglaguna.com\/fr\/\"},{\"@type\":\"ListItem\",\"position\":2,\"name\":\"Que faire\",\"item\":\"https:\/\/www.campinglaguna.com\/fr\/que-faire\/\"},{\"@type\":\"ListItem\",\"position\":3,\"name\":\"Activit\u00e9s\",\"item\":\"https:\/\/www.campinglaguna.com\/fr\/que-faire\/activites\/\"},{\"@type\":\"ListItem\",\"position\":4,\"name\":\"Sports\",\"item\":\"https:\/\/www.campinglaguna.com\/fr\/que-faire\/activites\/sports\/\"},{\"@type\":\"ListItem\",\"position\":5,\"name\":\"Aires de jeu pour enfants\"}]},{\"@type\":\"WebSite\",\"@id\":\"https:\/\/www.campinglaguna.com\/#website\",\"url\":\"https:\/\/www.campinglaguna.com\/\",\"name\":\"Camping Laguna\",\"description\":\"Otro sitio realizado con WordPress\",\"publisher\":{\"@id\":\"https:\/\/www.campinglaguna.com\/#organization\"},\"potentialAction\":[{\"@type\":\"SearchAction\",\"target\":{\"@type\":\"EntryPoint\",\"urlTemplate\":\"https:\/\/www.campinglaguna.com\/?s={search_term_string}\"},\"query-input\":{\"@type\":\"PropertyValueSpecification\",\"valueRequired\":true,\"valueName\":\"search_term_string\"}}],\"inLanguage\":\"fr-FR\"},{\"@type\":\"Organization\",\"@id\":\"https:\/\/www.campinglaguna.com\/#organization\",\"name\":\"Camping Laguna\",\"url\":\"https:\/\/www.campinglaguna.com\/\",\"logo\":{\"@type\":\"ImageObject\",\"inLanguage\":\"fr-FR\",\"@id\":\"https:\/\/www.campinglaguna.com\/#\/schema\/logo\/image\/\",\"url\":\"https:\/\/www.campinglaguna.com\/wp-content\/uploads\/logo-laguna.png\",\"contentUrl\":\"https:\/\/www.campinglaguna.com\/wp-content\/uploads\/logo-laguna.png\",\"width\":263,\"height\":64,\"caption\":\"Camping Laguna\"},\"image\":{\"@id\":\"https:\/\/www.campinglaguna.com\/#\/schema\/logo\/image\/\"}}]}<\/script>\n<!-- \/ Yoast SEO plugin. -->","yoast_head_json":{"title":"Aires de jeu pour enfants - Camping Laguna","description":"Pour que les plus jeunes profitent encore plus de leur s\u00e9jour, nous vous offrons plusieurs aires de jeux r\u00e9parties dans le camping. La plus grande se","robots":{"index":"index","follow":"follow","max-snippet":"max-snippet:-1","max-image-preview":"max-image-preview:large","max-video-preview":"max-video-preview:-1"},"canonical":"https:\/\/www.campinglaguna.com\/que-hacer\/actividades\/deportes\/parques-infantiles\/","og_locale":"fr_FR","og_type":"article","og_title":"Aires de jeu pour enfants - Camping Laguna","og_description":"Pour que les plus jeunes profitent encore plus de leur s\u00e9jour, nous vous offrons plusieurs aires de jeux r\u00e9parties dans le camping. La plus grande se","og_url":"https:\/\/www.campinglaguna.com\/que-hacer\/actividades\/deportes\/parques-infantiles\/","og_site_name":"Camping Laguna","article_modified_time":"2017-03-14T10:09:49+00:00","og_image":[{"width":1440,"height":500,"url":"https:\/\/www.campinglaguna.com\/wp-content\/uploads\/principal26.jpg","type":"image\/jpeg"}],"twitter_card":"summary_large_image","schema":{"@context":"https:\/\/schema.org","@graph":[{"@type":"WebPage","@id":"https:\/\/www.campinglaguna.com\/que-hacer\/actividades\/deportes\/parques-infantiles\/","url":"https:\/\/www.campinglaguna.com\/que-hacer\/actividades\/deportes\/parques-infantiles\/","name":"Aires de jeu pour enfants - Camping Laguna","isPartOf":{"@id":"https:\/\/www.campinglaguna.com\/#website"},"primaryImageOfPage":{"@id":"https:\/\/www.campinglaguna.com\/que-hacer\/actividades\/deportes\/parques-infantiles\/#primaryimage"},"image":{"@id":"https:\/\/www.campinglaguna.com\/que-hacer\/actividades\/deportes\/parques-infantiles\/#primaryimage"},"thumbnailUrl":"https:\/\/www.campinglaguna.com\/wp-content\/uploads\/principal26.jpg","datePublished":"2017-03-06T16:03:06+00:00","dateModified":"2017-03-14T10:09:49+00:00","description":"Pour que les plus jeunes profitent encore plus de leur s\u00e9jour, nous vous offrons plusieurs aires de jeux r\u00e9parties dans le camping. La plus grande se","breadcrumb":{"@id":"https:\/\/www.campinglaguna.com\/que-hacer\/actividades\/deportes\/parques-infantiles\/#breadcrumb"},"inLanguage":"fr-FR","potentialAction":[{"@type":"ReadAction","target":["https:\/\/www.campinglaguna.com\/que-hacer\/actividades\/deportes\/parques-infantiles\/"]}]},{"@type":"ImageObject","inLanguage":"fr-FR","@id":"https:\/\/www.campinglaguna.com\/que-hacer\/actividades\/deportes\/parques-infantiles\/#primaryimage","url":"https:\/\/www.campinglaguna.com\/wp-content\/uploads\/principal26.jpg","contentUrl":"https:\/\/www.campinglaguna.com\/wp-content\/uploads\/principal26.jpg","width":1440,"height":500},{"@type":"BreadcrumbList","@id":"https:\/\/www.campinglaguna.com\/que-hacer\/actividades\/deportes\/parques-infantiles\/#breadcrumb","itemListElement":[{"@type":"ListItem","position":1,"name":"Camping Laguna","item":"https:\/\/www.campinglaguna.com\/fr\/"},{"@type":"ListItem","position":2,"name":"Que faire","item":"https:\/\/www.campinglaguna.com\/fr\/que-faire\/"},{"@type":"ListItem","position":3,"name":"Activit\u00e9s","item":"https:\/\/www.campinglaguna.com\/fr\/que-faire\/activites\/"},{"@type":"ListItem","position":4,"name":"Sports","item":"https:\/\/www.campinglaguna.com\/fr\/que-faire\/activites\/sports\/"},{"@type":"ListItem","position":5,"name":"Aires de jeu pour enfants"}]},{"@type":"WebSite","@id":"https:\/\/www.campinglaguna.com\/#website","url":"https:\/\/www.campinglaguna.com\/","name":"Camping Laguna","description":"Otro sitio realizado con WordPress","publisher":{"@id":"https:\/\/www.campinglaguna.com\/#organization"},"potentialAction":[{"@type":"SearchAction","target":{"@type":"EntryPoint","urlTemplate":"https:\/\/www.campinglaguna.com\/?s={search_term_string}"},"query-input":{"@type":"PropertyValueSpecification","valueRequired":true,"valueName":"search_term_string"}}],"inLanguage":"fr-FR"},{"@type":"Organization","@id":"https:\/\/www.campinglaguna.com\/#organization","name":"Camping Laguna","url":"https:\/\/www.campinglaguna.com\/","logo":{"@type":"ImageObject","inLanguage":"fr-FR","@id":"https:\/\/www.campinglaguna.com\/#\/schema\/logo\/image\/","url":"https:\/\/www.campinglaguna.com\/wp-content\/uploads\/logo-laguna.png","contentUrl":"https:\/\/www.campinglaguna.com\/wp-content\/uploads\/logo-laguna.png","width":263,"height":64,"caption":"Camping Laguna"},"image":{"@id":"https:\/\/www.campinglaguna.com\/#\/schema\/logo\/image\/"}}]}},"_links":{"self":[{"href":"https:\/\/www.campinglaguna.com\/fr\/wp-json\/wp\/v2\/pages\/23579","targetHints":{"allow":["GET"]}}],"collection":[{"href":"https:\/\/www.campinglaguna.com\/fr\/wp-json\/wp\/v2\/pages"}],"about":[{"href":"https:\/\/www.campinglaguna.com\/fr\/wp-json\/wp\/v2\/types\/page"}],"author":[{"embeddable":true,"href":"https:\/\/www.campinglaguna.com\/fr\/wp-json\/wp\/v2\/users\/2"}],"replies":[{"embeddable":true,"href":"https:\/\/www.campinglaguna.com\/fr\/wp-json\/wp\/v2\/comments?post=23579"}],"version-history":[{"count":1,"href":"https:\/\/www.campinglaguna.com\/fr\/wp-json\/wp\/v2\/pages\/23579\/revisions"}],"predecessor-version":[{"id":24155,"href":"https:\/\/www.campinglaguna.com\/fr\/wp-json\/wp\/v2\/pages\/23579\/revisions\/24155"}],"up":[{"embeddable":true,"href":"https:\/\/www.campinglaguna.com\/fr\/wp-json\/wp\/v2\/pages\/24147"}],"wp:featuredmedia":[{"embeddable":true,"href":"https:\/\/www.campinglaguna.com\/fr\/wp-json\/wp\/v2\/media\/21347"}],"wp:attachment":[{"href":"https:\/\/www.campinglaguna.com\/fr\/wp-json\/wp\/v2\/media?parent=23579"}],"curies":[{"name":"wp","href":"https:\/\/api.w.org\/{rel}","templated":true}]}}