{"id":23582,"date":"2017-03-06T17:59:58","date_gmt":"2017-03-06T16:59:58","guid":{"rendered":"https:\/\/www.campinglaguna.com\/golf\/"},"modified":"2017-03-14T13:28:38","modified_gmt":"2017-03-14T12:28:38","slug":"golf","status":"publish","type":"page","link":"https:\/\/www.campinglaguna.com\/fr\/que-faire\/activites\/loisirs\/golf\/","title":{"rendered":"Golf"},"content":{"rendered":"<p>Si vous aimez le golf, venez en Espagne. Notre pays est leader du tourisme europ\u00e9en de golf et chaque ann\u00e9e des milliers de golfeurs choisissent d\u2019y venir. Une exp\u00e9rience que vous aurez envie de recommencer.<\/p>\n<p>La Costa Brava est le pays du soleil et des douces temp\u00e9ratures pendant une grande partie de l\u2019ann\u00e9e. Ces excellentes conditions m\u00e9t\u00e9orologiques, la bonne visibilit\u00e9 et le climat agr\u00e9able sont des facteurs favorables \u00e0 la pratique du golf et garantissent une saison tr\u00e8s extensible.<\/p>\n<p>Le Club de Golf Peralada est l\u2019un des clubs de golf les plus prestigieux d\u2019Espagne. Situ\u00e9 sur un domaine de \u00a0140 hectares, il offre un terrain de golf de 18 trous (Par 71), 9 trous Pitch &amp; Putt, putting green, \u00a0zone d\u2019approach et un terrain d\u2019entra\u00eenement 2 niveaux. Il se trouve \u00e0 20\u00a0km seulement du Camping Laguna. Vous trouverez ici toutes les informations compl\u00e9mentaires.<\/p>\n<p>Autres terrains de golf proches du Camping Laguna\u00a0: le Torremirona Golf Club (Navata), l\u2019Empord\u00e0 Golf (Gualta) et le Golf de Pals (Pals). Et si vous d\u00e9sirez d\u00e9buter dans ce sport, nous vous recommandons une visite au Pitch&amp;Putt Castell\u00f3-Empuriabrava, \u00e0 5 km seulement du Camping Laguna. Vous y trouverez 70\u00a0000 m2 de calme sur lesquels exercer vos premiers \u201cswings\u201d et un terrain de 18 trous.<\/p>\n","protected":false},"excerpt":{"rendered":"<p>Si vous aimez le golf, venez en Espagne. Notre pays est leader du tourisme europ\u00e9en de golf et chaque ann\u00e9e des milliers de golfeurs choisissent d\u2019y venir. Une exp\u00e9rience que [&hellip;]<\/p>\n","protected":false},"author":2,"featured_media":21520,"parent":24310,"menu_order":4,"comment_status":"closed","ping_status":"closed","template":"","meta":{"_acf_changed":false,"footnotes":""},"class_list":["post-23582","page","type-page","status-publish","has-post-thumbnail","hentry"],"acf":[],"yoast_head":"<!-- This site is optimized with the Yoast SEO plugin v26.1.1 - https:\/\/yoast.com\/wordpress\/plugins\/seo\/ -->\n<title>Golf - Camping Laguna<\/title>\n<meta name=\"description\" content=\"Si vous aimez le golf, venez en Espagne. Notre pays est leader du tourisme europ\u00e9en de golf et chaque ann\u00e9e des milliers de golfeurs choisissent d\u2019y\" \/>\n<meta name=\"robots\" content=\"index, follow, max-snippet:-1, max-image-preview:large, max-video-preview:-1\" \/>\n<link rel=\"canonical\" href=\"https:\/\/www.campinglaguna.com\/que-hacer\/actividades\/ocio\/golf\/\" \/>\n<meta property=\"og:locale\" content=\"fr_FR\" \/>\n<meta property=\"og:type\" content=\"article\" \/>\n<meta property=\"og:title\" content=\"Golf - Camping Laguna\" \/>\n<meta property=\"og:description\" content=\"Si vous aimez le golf, venez en Espagne. Notre pays est leader du tourisme europ\u00e9en de golf et chaque ann\u00e9e des milliers de golfeurs choisissent d\u2019y\" \/>\n<meta property=\"og:url\" content=\"https:\/\/www.campinglaguna.com\/que-hacer\/actividades\/ocio\/golf\/\" \/>\n<meta property=\"og:site_name\" content=\"Camping Laguna\" \/>\n<meta property=\"article:modified_time\" content=\"2017-03-14T12:28:38+00:00\" \/>\n<meta property=\"og:image\" content=\"https:\/\/www.campinglaguna.com\/wp-content\/uploads\/principal28.jpg\" \/>\n\t<meta property=\"og:image:width\" content=\"1440\" \/>\n\t<meta property=\"og:image:height\" content=\"500\" \/>\n\t<meta property=\"og:image:type\" content=\"image\/jpeg\" \/>\n<meta name=\"twitter:card\" content=\"summary_large_image\" \/>\n<meta name=\"twitter:label1\" content=\"Dur\u00e9e de lecture estim\u00e9e\" \/>\n\t<meta name=\"twitter:data1\" content=\"1 minute\" \/>\n<script type=\"application\/ld+json\" class=\"yoast-schema-graph\">{\"@context\":\"https:\/\/schema.org\",\"@graph\":[{\"@type\":\"WebPage\",\"@id\":\"https:\/\/www.campinglaguna.com\/que-hacer\/actividades\/ocio\/golf\/\",\"url\":\"https:\/\/www.campinglaguna.com\/que-hacer\/actividades\/ocio\/golf\/\",\"name\":\"Golf - Camping Laguna\",\"isPartOf\":{\"@id\":\"https:\/\/www.campinglaguna.com\/#website\"},\"primaryImageOfPage\":{\"@id\":\"https:\/\/www.campinglaguna.com\/que-hacer\/actividades\/ocio\/golf\/#primaryimage\"},\"image\":{\"@id\":\"https:\/\/www.campinglaguna.com\/que-hacer\/actividades\/ocio\/golf\/#primaryimage\"},\"thumbnailUrl\":\"https:\/\/www.campinglaguna.com\/wp-content\/uploads\/principal28.jpg\",\"datePublished\":\"2017-03-06T16:59:58+00:00\",\"dateModified\":\"2017-03-14T12:28:38+00:00\",\"description\":\"Si vous aimez le golf, venez en Espagne. Notre pays est leader du tourisme europ\u00e9en de golf et chaque ann\u00e9e des milliers de golfeurs choisissent d\u2019y\",\"breadcrumb\":{\"@id\":\"https:\/\/www.campinglaguna.com\/que-hacer\/actividades\/ocio\/golf\/#breadcrumb\"},\"inLanguage\":\"fr-FR\",\"potentialAction\":[{\"@type\":\"ReadAction\",\"target\":[\"https:\/\/www.campinglaguna.com\/que-hacer\/actividades\/ocio\/golf\/\"]}]},{\"@type\":\"ImageObject\",\"inLanguage\":\"fr-FR\",\"@id\":\"https:\/\/www.campinglaguna.com\/que-hacer\/actividades\/ocio\/golf\/#primaryimage\",\"url\":\"https:\/\/www.campinglaguna.com\/wp-content\/uploads\/principal28.jpg\",\"contentUrl\":\"https:\/\/www.campinglaguna.com\/wp-content\/uploads\/principal28.jpg\",\"width\":1440,\"height\":500},{\"@type\":\"BreadcrumbList\",\"@id\":\"https:\/\/www.campinglaguna.com\/que-hacer\/actividades\/ocio\/golf\/#breadcrumb\",\"itemListElement\":[{\"@type\":\"ListItem\",\"position\":1,\"name\":\"Camping Laguna\",\"item\":\"https:\/\/www.campinglaguna.com\/fr\/\"},{\"@type\":\"ListItem\",\"position\":2,\"name\":\"Que faire\",\"item\":\"https:\/\/www.campinglaguna.com\/fr\/que-faire\/\"},{\"@type\":\"ListItem\",\"position\":3,\"name\":\"Activit\u00e9s\",\"item\":\"https:\/\/www.campinglaguna.com\/fr\/que-faire\/activites\/\"},{\"@type\":\"ListItem\",\"position\":4,\"name\":\"Loisirs\",\"item\":\"https:\/\/www.campinglaguna.com\/que-hacer\/actividades\/ocio\/\"},{\"@type\":\"ListItem\",\"position\":5,\"name\":\"Golf\"}]},{\"@type\":\"WebSite\",\"@id\":\"https:\/\/www.campinglaguna.com\/#website\",\"url\":\"https:\/\/www.campinglaguna.com\/\",\"name\":\"Camping Laguna\",\"description\":\"Otro sitio realizado con WordPress\",\"publisher\":{\"@id\":\"https:\/\/www.campinglaguna.com\/#organization\"},\"potentialAction\":[{\"@type\":\"SearchAction\",\"target\":{\"@type\":\"EntryPoint\",\"urlTemplate\":\"https:\/\/www.campinglaguna.com\/?s={search_term_string}\"},\"query-input\":{\"@type\":\"PropertyValueSpecification\",\"valueRequired\":true,\"valueName\":\"search_term_string\"}}],\"inLanguage\":\"fr-FR\"},{\"@type\":\"Organization\",\"@id\":\"https:\/\/www.campinglaguna.com\/#organization\",\"name\":\"Camping Laguna\",\"url\":\"https:\/\/www.campinglaguna.com\/\",\"logo\":{\"@type\":\"ImageObject\",\"inLanguage\":\"fr-FR\",\"@id\":\"https:\/\/www.campinglaguna.com\/#\/schema\/logo\/image\/\",\"url\":\"https:\/\/www.campinglaguna.com\/wp-content\/uploads\/logo-laguna.png\",\"contentUrl\":\"https:\/\/www.campinglaguna.com\/wp-content\/uploads\/logo-laguna.png\",\"width\":263,\"height\":64,\"caption\":\"Camping Laguna\"},\"image\":{\"@id\":\"https:\/\/www.campinglaguna.com\/#\/schema\/logo\/image\/\"}}]}<\/script>\n<!-- \/ Yoast SEO plugin. -->","yoast_head_json":{"title":"Golf - Camping Laguna","description":"Si vous aimez le golf, venez en Espagne. Notre pays est leader du tourisme europ\u00e9en de golf et chaque ann\u00e9e des milliers de golfeurs choisissent d\u2019y","robots":{"index":"index","follow":"follow","max-snippet":"max-snippet:-1","max-image-preview":"max-image-preview:large","max-video-preview":"max-video-preview:-1"},"canonical":"https:\/\/www.campinglaguna.com\/que-hacer\/actividades\/ocio\/golf\/","og_locale":"fr_FR","og_type":"article","og_title":"Golf - Camping Laguna","og_description":"Si vous aimez le golf, venez en Espagne. Notre pays est leader du tourisme europ\u00e9en de golf et chaque ann\u00e9e des milliers de golfeurs choisissent d\u2019y","og_url":"https:\/\/www.campinglaguna.com\/que-hacer\/actividades\/ocio\/golf\/","og_site_name":"Camping Laguna","article_modified_time":"2017-03-14T12:28:38+00:00","og_image":[{"width":1440,"height":500,"url":"https:\/\/www.campinglaguna.com\/wp-content\/uploads\/principal28.jpg","type":"image\/jpeg"}],"twitter_card":"summary_large_image","twitter_misc":{"Dur\u00e9e de lecture estim\u00e9e":"1 minute"},"schema":{"@context":"https:\/\/schema.org","@graph":[{"@type":"WebPage","@id":"https:\/\/www.campinglaguna.com\/que-hacer\/actividades\/ocio\/golf\/","url":"https:\/\/www.campinglaguna.com\/que-hacer\/actividades\/ocio\/golf\/","name":"Golf - Camping Laguna","isPartOf":{"@id":"https:\/\/www.campinglaguna.com\/#website"},"primaryImageOfPage":{"@id":"https:\/\/www.campinglaguna.com\/que-hacer\/actividades\/ocio\/golf\/#primaryimage"},"image":{"@id":"https:\/\/www.campinglaguna.com\/que-hacer\/actividades\/ocio\/golf\/#primaryimage"},"thumbnailUrl":"https:\/\/www.campinglaguna.com\/wp-content\/uploads\/principal28.jpg","datePublished":"2017-03-06T16:59:58+00:00","dateModified":"2017-03-14T12:28:38+00:00","description":"Si vous aimez le golf, venez en Espagne. Notre pays est leader du tourisme europ\u00e9en de golf et chaque ann\u00e9e des milliers de golfeurs choisissent d\u2019y","breadcrumb":{"@id":"https:\/\/www.campinglaguna.com\/que-hacer\/actividades\/ocio\/golf\/#breadcrumb"},"inLanguage":"fr-FR","potentialAction":[{"@type":"ReadAction","target":["https:\/\/www.campinglaguna.com\/que-hacer\/actividades\/ocio\/golf\/"]}]},{"@type":"ImageObject","inLanguage":"fr-FR","@id":"https:\/\/www.campinglaguna.com\/que-hacer\/actividades\/ocio\/golf\/#primaryimage","url":"https:\/\/www.campinglaguna.com\/wp-content\/uploads\/principal28.jpg","contentUrl":"https:\/\/www.campinglaguna.com\/wp-content\/uploads\/principal28.jpg","width":1440,"height":500},{"@type":"BreadcrumbList","@id":"https:\/\/www.campinglaguna.com\/que-hacer\/actividades\/ocio\/golf\/#breadcrumb","itemListElement":[{"@type":"ListItem","position":1,"name":"Camping Laguna","item":"https:\/\/www.campinglaguna.com\/fr\/"},{"@type":"ListItem","position":2,"name":"Que faire","item":"https:\/\/www.campinglaguna.com\/fr\/que-faire\/"},{"@type":"ListItem","position":3,"name":"Activit\u00e9s","item":"https:\/\/www.campinglaguna.com\/fr\/que-faire\/activites\/"},{"@type":"ListItem","position":4,"name":"Loisirs","item":"https:\/\/www.campinglaguna.com\/que-hacer\/actividades\/ocio\/"},{"@type":"ListItem","position":5,"name":"Golf"}]},{"@type":"WebSite","@id":"https:\/\/www.campinglaguna.com\/#website","url":"https:\/\/www.campinglaguna.com\/","name":"Camping Laguna","description":"Otro sitio realizado con WordPress","publisher":{"@id":"https:\/\/www.campinglaguna.com\/#organization"},"potentialAction":[{"@type":"SearchAction","target":{"@type":"EntryPoint","urlTemplate":"https:\/\/www.campinglaguna.com\/?s={search_term_string}"},"query-input":{"@type":"PropertyValueSpecification","valueRequired":true,"valueName":"search_term_string"}}],"inLanguage":"fr-FR"},{"@type":"Organization","@id":"https:\/\/www.campinglaguna.com\/#organization","name":"Camping Laguna","url":"https:\/\/www.campinglaguna.com\/","logo":{"@type":"ImageObject","inLanguage":"fr-FR","@id":"https:\/\/www.campinglaguna.com\/#\/schema\/logo\/image\/","url":"https:\/\/www.campinglaguna.com\/wp-content\/uploads\/logo-laguna.png","contentUrl":"https:\/\/www.campinglaguna.com\/wp-content\/uploads\/logo-laguna.png","width":263,"height":64,"caption":"Camping Laguna"},"image":{"@id":"https:\/\/www.campinglaguna.com\/#\/schema\/logo\/image\/"}}]}},"_links":{"self":[{"href":"https:\/\/www.campinglaguna.com\/fr\/wp-json\/wp\/v2\/pages\/23582","targetHints":{"allow":["GET"]}}],"collection":[{"href":"https:\/\/www.campinglaguna.com\/fr\/wp-json\/wp\/v2\/pages"}],"about":[{"href":"https:\/\/www.campinglaguna.com\/fr\/wp-json\/wp\/v2\/types\/page"}],"author":[{"embeddable":true,"href":"https:\/\/www.campinglaguna.com\/fr\/wp-json\/wp\/v2\/users\/2"}],"replies":[{"embeddable":true,"href":"https:\/\/www.campinglaguna.com\/fr\/wp-json\/wp\/v2\/comments?post=23582"}],"version-history":[{"count":1,"href":"https:\/\/www.campinglaguna.com\/fr\/wp-json\/wp\/v2\/pages\/23582\/revisions"}],"predecessor-version":[{"id":24333,"href":"https:\/\/www.campinglaguna.com\/fr\/wp-json\/wp\/v2\/pages\/23582\/revisions\/24333"}],"up":[{"embeddable":true,"href":"https:\/\/www.campinglaguna.com\/fr\/wp-json\/wp\/v2\/pages\/24310"}],"wp:featuredmedia":[{"embeddable":true,"href":"https:\/\/www.campinglaguna.com\/fr\/wp-json\/wp\/v2\/media\/21520"}],"wp:attachment":[{"href":"https:\/\/www.campinglaguna.com\/fr\/wp-json\/wp\/v2\/media?parent=23582"}],"curies":[{"name":"wp","href":"https:\/\/api.w.org\/{rel}","templated":true}]}}