{"id":23583,"date":"2017-03-06T18:05:06","date_gmt":"2017-03-06T17:05:06","guid":{"rendered":"https:\/\/www.campinglaguna.com\/le-salon-laguna\/"},"modified":"2017-03-13T16:50:48","modified_gmt":"2017-03-13T15:50:48","slug":"le-salon-laguna","status":"publish","type":"page","link":"https:\/\/www.campinglaguna.com\/fr\/que-faire\/gastronomie\/le-salon-laguna\/","title":{"rendered":"Le Salon Laguna"},"content":{"rendered":"<p>Situ\u00e9 \u00e0 c\u00f4t\u00e9 du restaurant, le salon est le lieu parfait des r\u00e9unions et des jeux de salon\u00a0; vous pouvez aussi y vivre en compagnie la retransmission t\u00e9l\u00e9vis\u00e9e d\u2019un \u00e9v\u00e9nement sportif.<\/p>\n<p>Il dispose aussi d\u2019une petite biblioth\u00e8que en plusieurs langues et de libre acc\u00e8s.<\/p>\n","protected":false},"excerpt":{"rendered":"<p>Situ\u00e9 \u00e0 c\u00f4t\u00e9 du restaurant, le salon est le lieu parfait des r\u00e9unions et des jeux de salon\u00a0; vous pouvez aussi y vivre en compagnie la retransmission t\u00e9l\u00e9vis\u00e9e d\u2019un \u00e9v\u00e9nement [&hellip;]<\/p>\n","protected":false},"author":1,"featured_media":20201,"parent":24127,"menu_order":1,"comment_status":"closed","ping_status":"closed","template":"","meta":{"_acf_changed":false,"footnotes":""},"class_list":["post-23583","page","type-page","status-publish","has-post-thumbnail","hentry"],"acf":[],"yoast_head":"<!-- This site is optimized with the Yoast SEO plugin v26.1.1 - https:\/\/yoast.com\/wordpress\/plugins\/seo\/ -->\n<title>Le Salon Laguna - Camping Laguna<\/title>\n<meta name=\"description\" content=\"Situ\u00e9 \u00e0 c\u00f4t\u00e9 du restaurant, le salon est le lieu parfait des r\u00e9unions et des jeux de salon\u00a0; vous pouvez aussi y vivre en compagnie la retransmission\" \/>\n<meta name=\"robots\" content=\"index, follow, max-snippet:-1, max-image-preview:large, max-video-preview:-1\" \/>\n<link rel=\"canonical\" href=\"https:\/\/www.campinglaguna.com\/que-hacer\/gastronomia\/salon\/\" \/>\n<meta property=\"og:locale\" content=\"fr_FR\" \/>\n<meta property=\"og:type\" content=\"article\" \/>\n<meta property=\"og:title\" content=\"Le Salon Laguna - Camping Laguna\" \/>\n<meta property=\"og:description\" content=\"Situ\u00e9 \u00e0 c\u00f4t\u00e9 du restaurant, le salon est le lieu parfait des r\u00e9unions et des jeux de salon\u00a0; vous pouvez aussi y vivre en compagnie la retransmission\" \/>\n<meta property=\"og:url\" content=\"https:\/\/www.campinglaguna.com\/que-hacer\/gastronomia\/salon\/\" \/>\n<meta property=\"og:site_name\" content=\"Camping Laguna\" \/>\n<meta property=\"article:modified_time\" content=\"2017-03-13T15:50:48+00:00\" \/>\n<meta property=\"og:image\" content=\"https:\/\/www.campinglaguna.com\/wp-content\/uploads\/Salon.jpg\" \/>\n\t<meta property=\"og:image:width\" content=\"1440\" \/>\n\t<meta property=\"og:image:height\" content=\"500\" \/>\n\t<meta property=\"og:image:type\" content=\"image\/jpeg\" \/>\n<meta name=\"twitter:card\" content=\"summary_large_image\" \/>\n<script type=\"application\/ld+json\" class=\"yoast-schema-graph\">{\"@context\":\"https:\/\/schema.org\",\"@graph\":[{\"@type\":\"WebPage\",\"@id\":\"https:\/\/www.campinglaguna.com\/que-hacer\/gastronomia\/salon\/\",\"url\":\"https:\/\/www.campinglaguna.com\/que-hacer\/gastronomia\/salon\/\",\"name\":\"Le Salon Laguna - Camping Laguna\",\"isPartOf\":{\"@id\":\"https:\/\/www.campinglaguna.com\/#website\"},\"primaryImageOfPage\":{\"@id\":\"https:\/\/www.campinglaguna.com\/que-hacer\/gastronomia\/salon\/#primaryimage\"},\"image\":{\"@id\":\"https:\/\/www.campinglaguna.com\/que-hacer\/gastronomia\/salon\/#primaryimage\"},\"thumbnailUrl\":\"https:\/\/www.campinglaguna.com\/wp-content\/uploads\/Salon.jpg\",\"datePublished\":\"2017-03-06T17:05:06+00:00\",\"dateModified\":\"2017-03-13T15:50:48+00:00\",\"description\":\"Situ\u00e9 \u00e0 c\u00f4t\u00e9 du restaurant, le salon est le lieu parfait des r\u00e9unions et des jeux de salon\u00a0; vous pouvez aussi y vivre en compagnie la retransmission\",\"breadcrumb\":{\"@id\":\"https:\/\/www.campinglaguna.com\/que-hacer\/gastronomia\/salon\/#breadcrumb\"},\"inLanguage\":\"fr-FR\",\"potentialAction\":[{\"@type\":\"ReadAction\",\"target\":[\"https:\/\/www.campinglaguna.com\/que-hacer\/gastronomia\/salon\/\"]}]},{\"@type\":\"ImageObject\",\"inLanguage\":\"fr-FR\",\"@id\":\"https:\/\/www.campinglaguna.com\/que-hacer\/gastronomia\/salon\/#primaryimage\",\"url\":\"https:\/\/www.campinglaguna.com\/wp-content\/uploads\/Salon.jpg\",\"contentUrl\":\"https:\/\/www.campinglaguna.com\/wp-content\/uploads\/Salon.jpg\",\"width\":1440,\"height\":500},{\"@type\":\"BreadcrumbList\",\"@id\":\"https:\/\/www.campinglaguna.com\/que-hacer\/gastronomia\/salon\/#breadcrumb\",\"itemListElement\":[{\"@type\":\"ListItem\",\"position\":1,\"name\":\"Camping Laguna\",\"item\":\"https:\/\/www.campinglaguna.com\/fr\/\"},{\"@type\":\"ListItem\",\"position\":2,\"name\":\"Que faire\",\"item\":\"https:\/\/www.campinglaguna.com\/fr\/que-faire\/\"},{\"@type\":\"ListItem\",\"position\":3,\"name\":\"Gastronomie\",\"item\":\"https:\/\/www.campinglaguna.com\/fr\/que-faire\/gastronomie\/\"},{\"@type\":\"ListItem\",\"position\":4,\"name\":\"Le Salon Laguna\"}]},{\"@type\":\"WebSite\",\"@id\":\"https:\/\/www.campinglaguna.com\/#website\",\"url\":\"https:\/\/www.campinglaguna.com\/\",\"name\":\"Camping Laguna\",\"description\":\"Otro sitio realizado con WordPress\",\"publisher\":{\"@id\":\"https:\/\/www.campinglaguna.com\/#organization\"},\"potentialAction\":[{\"@type\":\"SearchAction\",\"target\":{\"@type\":\"EntryPoint\",\"urlTemplate\":\"https:\/\/www.campinglaguna.com\/?s={search_term_string}\"},\"query-input\":{\"@type\":\"PropertyValueSpecification\",\"valueRequired\":true,\"valueName\":\"search_term_string\"}}],\"inLanguage\":\"fr-FR\"},{\"@type\":\"Organization\",\"@id\":\"https:\/\/www.campinglaguna.com\/#organization\",\"name\":\"Camping Laguna\",\"url\":\"https:\/\/www.campinglaguna.com\/\",\"logo\":{\"@type\":\"ImageObject\",\"inLanguage\":\"fr-FR\",\"@id\":\"https:\/\/www.campinglaguna.com\/#\/schema\/logo\/image\/\",\"url\":\"https:\/\/www.campinglaguna.com\/wp-content\/uploads\/logo-laguna.png\",\"contentUrl\":\"https:\/\/www.campinglaguna.com\/wp-content\/uploads\/logo-laguna.png\",\"width\":263,\"height\":64,\"caption\":\"Camping Laguna\"},\"image\":{\"@id\":\"https:\/\/www.campinglaguna.com\/#\/schema\/logo\/image\/\"}}]}<\/script>\n<!-- \/ Yoast SEO plugin. -->","yoast_head_json":{"title":"Le Salon Laguna - Camping Laguna","description":"Situ\u00e9 \u00e0 c\u00f4t\u00e9 du restaurant, le salon est le lieu parfait des r\u00e9unions et des jeux de salon\u00a0; vous pouvez aussi y vivre en compagnie la retransmission","robots":{"index":"index","follow":"follow","max-snippet":"max-snippet:-1","max-image-preview":"max-image-preview:large","max-video-preview":"max-video-preview:-1"},"canonical":"https:\/\/www.campinglaguna.com\/que-hacer\/gastronomia\/salon\/","og_locale":"fr_FR","og_type":"article","og_title":"Le Salon Laguna - Camping Laguna","og_description":"Situ\u00e9 \u00e0 c\u00f4t\u00e9 du restaurant, le salon est le lieu parfait des r\u00e9unions et des jeux de salon\u00a0; vous pouvez aussi y vivre en compagnie la retransmission","og_url":"https:\/\/www.campinglaguna.com\/que-hacer\/gastronomia\/salon\/","og_site_name":"Camping Laguna","article_modified_time":"2017-03-13T15:50:48+00:00","og_image":[{"width":1440,"height":500,"url":"https:\/\/www.campinglaguna.com\/wp-content\/uploads\/Salon.jpg","type":"image\/jpeg"}],"twitter_card":"summary_large_image","schema":{"@context":"https:\/\/schema.org","@graph":[{"@type":"WebPage","@id":"https:\/\/www.campinglaguna.com\/que-hacer\/gastronomia\/salon\/","url":"https:\/\/www.campinglaguna.com\/que-hacer\/gastronomia\/salon\/","name":"Le Salon Laguna - Camping Laguna","isPartOf":{"@id":"https:\/\/www.campinglaguna.com\/#website"},"primaryImageOfPage":{"@id":"https:\/\/www.campinglaguna.com\/que-hacer\/gastronomia\/salon\/#primaryimage"},"image":{"@id":"https:\/\/www.campinglaguna.com\/que-hacer\/gastronomia\/salon\/#primaryimage"},"thumbnailUrl":"https:\/\/www.campinglaguna.com\/wp-content\/uploads\/Salon.jpg","datePublished":"2017-03-06T17:05:06+00:00","dateModified":"2017-03-13T15:50:48+00:00","description":"Situ\u00e9 \u00e0 c\u00f4t\u00e9 du restaurant, le salon est le lieu parfait des r\u00e9unions et des jeux de salon\u00a0; vous pouvez aussi y vivre en compagnie la retransmission","breadcrumb":{"@id":"https:\/\/www.campinglaguna.com\/que-hacer\/gastronomia\/salon\/#breadcrumb"},"inLanguage":"fr-FR","potentialAction":[{"@type":"ReadAction","target":["https:\/\/www.campinglaguna.com\/que-hacer\/gastronomia\/salon\/"]}]},{"@type":"ImageObject","inLanguage":"fr-FR","@id":"https:\/\/www.campinglaguna.com\/que-hacer\/gastronomia\/salon\/#primaryimage","url":"https:\/\/www.campinglaguna.com\/wp-content\/uploads\/Salon.jpg","contentUrl":"https:\/\/www.campinglaguna.com\/wp-content\/uploads\/Salon.jpg","width":1440,"height":500},{"@type":"BreadcrumbList","@id":"https:\/\/www.campinglaguna.com\/que-hacer\/gastronomia\/salon\/#breadcrumb","itemListElement":[{"@type":"ListItem","position":1,"name":"Camping Laguna","item":"https:\/\/www.campinglaguna.com\/fr\/"},{"@type":"ListItem","position":2,"name":"Que faire","item":"https:\/\/www.campinglaguna.com\/fr\/que-faire\/"},{"@type":"ListItem","position":3,"name":"Gastronomie","item":"https:\/\/www.campinglaguna.com\/fr\/que-faire\/gastronomie\/"},{"@type":"ListItem","position":4,"name":"Le Salon Laguna"}]},{"@type":"WebSite","@id":"https:\/\/www.campinglaguna.com\/#website","url":"https:\/\/www.campinglaguna.com\/","name":"Camping Laguna","description":"Otro sitio realizado con WordPress","publisher":{"@id":"https:\/\/www.campinglaguna.com\/#organization"},"potentialAction":[{"@type":"SearchAction","target":{"@type":"EntryPoint","urlTemplate":"https:\/\/www.campinglaguna.com\/?s={search_term_string}"},"query-input":{"@type":"PropertyValueSpecification","valueRequired":true,"valueName":"search_term_string"}}],"inLanguage":"fr-FR"},{"@type":"Organization","@id":"https:\/\/www.campinglaguna.com\/#organization","name":"Camping Laguna","url":"https:\/\/www.campinglaguna.com\/","logo":{"@type":"ImageObject","inLanguage":"fr-FR","@id":"https:\/\/www.campinglaguna.com\/#\/schema\/logo\/image\/","url":"https:\/\/www.campinglaguna.com\/wp-content\/uploads\/logo-laguna.png","contentUrl":"https:\/\/www.campinglaguna.com\/wp-content\/uploads\/logo-laguna.png","width":263,"height":64,"caption":"Camping Laguna"},"image":{"@id":"https:\/\/www.campinglaguna.com\/#\/schema\/logo\/image\/"}}]}},"_links":{"self":[{"href":"https:\/\/www.campinglaguna.com\/fr\/wp-json\/wp\/v2\/pages\/23583","targetHints":{"allow":["GET"]}}],"collection":[{"href":"https:\/\/www.campinglaguna.com\/fr\/wp-json\/wp\/v2\/pages"}],"about":[{"href":"https:\/\/www.campinglaguna.com\/fr\/wp-json\/wp\/v2\/types\/page"}],"author":[{"embeddable":true,"href":"https:\/\/www.campinglaguna.com\/fr\/wp-json\/wp\/v2\/users\/1"}],"replies":[{"embeddable":true,"href":"https:\/\/www.campinglaguna.com\/fr\/wp-json\/wp\/v2\/comments?post=23583"}],"version-history":[{"count":1,"href":"https:\/\/www.campinglaguna.com\/fr\/wp-json\/wp\/v2\/pages\/23583\/revisions"}],"predecessor-version":[{"id":24131,"href":"https:\/\/www.campinglaguna.com\/fr\/wp-json\/wp\/v2\/pages\/23583\/revisions\/24131"}],"up":[{"embeddable":true,"href":"https:\/\/www.campinglaguna.com\/fr\/wp-json\/wp\/v2\/pages\/24127"}],"wp:featuredmedia":[{"embeddable":true,"href":"https:\/\/www.campinglaguna.com\/fr\/wp-json\/wp\/v2\/media\/20201"}],"wp:attachment":[{"href":"https:\/\/www.campinglaguna.com\/fr\/wp-json\/wp\/v2\/media?parent=23583"}],"curies":[{"name":"wp","href":"https:\/\/api.w.org\/{rel}","templated":true}]}}