{"id":23584,"date":"2017-03-06T18:06:41","date_gmt":"2017-03-06T17:06:41","guid":{"rendered":"https:\/\/www.campinglaguna.com\/repas-a-emporter\/"},"modified":"2017-03-13T16:51:23","modified_gmt":"2017-03-13T15:51:23","slug":"repas-a-emporter","status":"publish","type":"page","link":"https:\/\/www.campinglaguna.com\/fr\/que-faire\/gastronomie\/repas-a-emporter\/","title":{"rendered":"Repas \u00e0 emporter"},"content":{"rendered":"<p>Vous n\u2019avez pas envie de cuisiner aujourd\u2019hui\u00a0? Si vous cherchez une solution simple, vous l\u2019avez avec notre \u201ctake away\u201d situ\u00e9 \u00e0 c\u00f4t\u00e9 du restaurant. Il est ouvert chaque jour avec les m\u00eames horaires que le restaurant et vous permet\u00a0 d\u2019emporter dans votre caravane pizzas, poulet r\u00f4ti, frites, salades, paellas, croquettes, beignets de calamar, etc.<\/p>\n","protected":false},"excerpt":{"rendered":"<p>Vous n\u2019avez pas envie de cuisiner aujourd\u2019hui\u00a0? Si vous cherchez une solution simple, vous l\u2019avez avec notre \u201ctake away\u201d situ\u00e9 \u00e0 c\u00f4t\u00e9 du restaurant. Il est ouvert chaque jour avec [&hellip;]<\/p>\n","protected":false},"author":1,"featured_media":20475,"parent":24127,"menu_order":2,"comment_status":"closed","ping_status":"closed","template":"","meta":{"_acf_changed":false,"footnotes":""},"class_list":["post-23584","page","type-page","status-publish","has-post-thumbnail","hentry"],"acf":[],"yoast_head":"<!-- This site is optimized with the Yoast SEO plugin v26.1.1 - https:\/\/yoast.com\/wordpress\/plugins\/seo\/ -->\n<title>Repas \u00e0 emporter - Camping Laguna<\/title>\n<meta name=\"description\" content=\"Vous n\u2019avez pas envie de cuisiner aujourd\u2019hui\u00a0? Si vous cherchez une solution simple, vous l\u2019avez avec notre \u201ctake away\u201d situ\u00e9 \u00e0 c\u00f4t\u00e9 du restaurant. Il\" \/>\n<meta name=\"robots\" content=\"index, follow, max-snippet:-1, max-image-preview:large, max-video-preview:-1\" \/>\n<link rel=\"canonical\" href=\"https:\/\/www.campinglaguna.com\/que-hacer\/gastronomia\/take-away\/\" \/>\n<meta property=\"og:locale\" content=\"fr_FR\" \/>\n<meta property=\"og:type\" content=\"article\" \/>\n<meta property=\"og:title\" content=\"Repas \u00e0 emporter - Camping Laguna\" \/>\n<meta property=\"og:description\" content=\"Vous n\u2019avez pas envie de cuisiner aujourd\u2019hui\u00a0? Si vous cherchez une solution simple, vous l\u2019avez avec notre \u201ctake away\u201d situ\u00e9 \u00e0 c\u00f4t\u00e9 du restaurant. Il\" \/>\n<meta property=\"og:url\" content=\"https:\/\/www.campinglaguna.com\/que-hacer\/gastronomia\/take-away\/\" \/>\n<meta property=\"og:site_name\" content=\"Camping Laguna\" \/>\n<meta property=\"article:modified_time\" content=\"2017-03-13T15:51:23+00:00\" \/>\n<meta property=\"og:image\" content=\"https:\/\/www.campinglaguna.com\/wp-content\/uploads\/Take-Away.jpg\" \/>\n\t<meta property=\"og:image:width\" content=\"1440\" \/>\n\t<meta property=\"og:image:height\" content=\"500\" \/>\n\t<meta property=\"og:image:type\" content=\"image\/jpeg\" \/>\n<meta name=\"twitter:card\" content=\"summary_large_image\" \/>\n<script type=\"application\/ld+json\" class=\"yoast-schema-graph\">{\"@context\":\"https:\/\/schema.org\",\"@graph\":[{\"@type\":\"WebPage\",\"@id\":\"https:\/\/www.campinglaguna.com\/que-hacer\/gastronomia\/take-away\/\",\"url\":\"https:\/\/www.campinglaguna.com\/que-hacer\/gastronomia\/take-away\/\",\"name\":\"Repas \u00e0 emporter - Camping Laguna\",\"isPartOf\":{\"@id\":\"https:\/\/www.campinglaguna.com\/#website\"},\"primaryImageOfPage\":{\"@id\":\"https:\/\/www.campinglaguna.com\/que-hacer\/gastronomia\/take-away\/#primaryimage\"},\"image\":{\"@id\":\"https:\/\/www.campinglaguna.com\/que-hacer\/gastronomia\/take-away\/#primaryimage\"},\"thumbnailUrl\":\"https:\/\/www.campinglaguna.com\/wp-content\/uploads\/Take-Away.jpg\",\"datePublished\":\"2017-03-06T17:06:41+00:00\",\"dateModified\":\"2017-03-13T15:51:23+00:00\",\"description\":\"Vous n\u2019avez pas envie de cuisiner aujourd\u2019hui\u00a0? Si vous cherchez une solution simple, vous l\u2019avez avec notre \u201ctake away\u201d situ\u00e9 \u00e0 c\u00f4t\u00e9 du restaurant. Il\",\"breadcrumb\":{\"@id\":\"https:\/\/www.campinglaguna.com\/que-hacer\/gastronomia\/take-away\/#breadcrumb\"},\"inLanguage\":\"fr-FR\",\"potentialAction\":[{\"@type\":\"ReadAction\",\"target\":[\"https:\/\/www.campinglaguna.com\/que-hacer\/gastronomia\/take-away\/\"]}]},{\"@type\":\"ImageObject\",\"inLanguage\":\"fr-FR\",\"@id\":\"https:\/\/www.campinglaguna.com\/que-hacer\/gastronomia\/take-away\/#primaryimage\",\"url\":\"https:\/\/www.campinglaguna.com\/wp-content\/uploads\/Take-Away.jpg\",\"contentUrl\":\"https:\/\/www.campinglaguna.com\/wp-content\/uploads\/Take-Away.jpg\",\"width\":1440,\"height\":500},{\"@type\":\"BreadcrumbList\",\"@id\":\"https:\/\/www.campinglaguna.com\/que-hacer\/gastronomia\/take-away\/#breadcrumb\",\"itemListElement\":[{\"@type\":\"ListItem\",\"position\":1,\"name\":\"Camping Laguna\",\"item\":\"https:\/\/www.campinglaguna.com\/fr\/\"},{\"@type\":\"ListItem\",\"position\":2,\"name\":\"Que faire\",\"item\":\"https:\/\/www.campinglaguna.com\/fr\/que-faire\/\"},{\"@type\":\"ListItem\",\"position\":3,\"name\":\"Gastronomie\",\"item\":\"https:\/\/www.campinglaguna.com\/fr\/que-faire\/gastronomie\/\"},{\"@type\":\"ListItem\",\"position\":4,\"name\":\"Repas \u00e0 emporter\"}]},{\"@type\":\"WebSite\",\"@id\":\"https:\/\/www.campinglaguna.com\/#website\",\"url\":\"https:\/\/www.campinglaguna.com\/\",\"name\":\"Camping Laguna\",\"description\":\"Otro sitio realizado con WordPress\",\"publisher\":{\"@id\":\"https:\/\/www.campinglaguna.com\/#organization\"},\"potentialAction\":[{\"@type\":\"SearchAction\",\"target\":{\"@type\":\"EntryPoint\",\"urlTemplate\":\"https:\/\/www.campinglaguna.com\/?s={search_term_string}\"},\"query-input\":{\"@type\":\"PropertyValueSpecification\",\"valueRequired\":true,\"valueName\":\"search_term_string\"}}],\"inLanguage\":\"fr-FR\"},{\"@type\":\"Organization\",\"@id\":\"https:\/\/www.campinglaguna.com\/#organization\",\"name\":\"Camping Laguna\",\"url\":\"https:\/\/www.campinglaguna.com\/\",\"logo\":{\"@type\":\"ImageObject\",\"inLanguage\":\"fr-FR\",\"@id\":\"https:\/\/www.campinglaguna.com\/#\/schema\/logo\/image\/\",\"url\":\"https:\/\/www.campinglaguna.com\/wp-content\/uploads\/logo-laguna.png\",\"contentUrl\":\"https:\/\/www.campinglaguna.com\/wp-content\/uploads\/logo-laguna.png\",\"width\":263,\"height\":64,\"caption\":\"Camping Laguna\"},\"image\":{\"@id\":\"https:\/\/www.campinglaguna.com\/#\/schema\/logo\/image\/\"}}]}<\/script>\n<!-- \/ Yoast SEO plugin. -->","yoast_head_json":{"title":"Repas \u00e0 emporter - Camping Laguna","description":"Vous n\u2019avez pas envie de cuisiner aujourd\u2019hui\u00a0? Si vous cherchez une solution simple, vous l\u2019avez avec notre \u201ctake away\u201d situ\u00e9 \u00e0 c\u00f4t\u00e9 du restaurant. Il","robots":{"index":"index","follow":"follow","max-snippet":"max-snippet:-1","max-image-preview":"max-image-preview:large","max-video-preview":"max-video-preview:-1"},"canonical":"https:\/\/www.campinglaguna.com\/que-hacer\/gastronomia\/take-away\/","og_locale":"fr_FR","og_type":"article","og_title":"Repas \u00e0 emporter - Camping Laguna","og_description":"Vous n\u2019avez pas envie de cuisiner aujourd\u2019hui\u00a0? Si vous cherchez une solution simple, vous l\u2019avez avec notre \u201ctake away\u201d situ\u00e9 \u00e0 c\u00f4t\u00e9 du restaurant. Il","og_url":"https:\/\/www.campinglaguna.com\/que-hacer\/gastronomia\/take-away\/","og_site_name":"Camping Laguna","article_modified_time":"2017-03-13T15:51:23+00:00","og_image":[{"width":1440,"height":500,"url":"https:\/\/www.campinglaguna.com\/wp-content\/uploads\/Take-Away.jpg","type":"image\/jpeg"}],"twitter_card":"summary_large_image","schema":{"@context":"https:\/\/schema.org","@graph":[{"@type":"WebPage","@id":"https:\/\/www.campinglaguna.com\/que-hacer\/gastronomia\/take-away\/","url":"https:\/\/www.campinglaguna.com\/que-hacer\/gastronomia\/take-away\/","name":"Repas \u00e0 emporter - Camping Laguna","isPartOf":{"@id":"https:\/\/www.campinglaguna.com\/#website"},"primaryImageOfPage":{"@id":"https:\/\/www.campinglaguna.com\/que-hacer\/gastronomia\/take-away\/#primaryimage"},"image":{"@id":"https:\/\/www.campinglaguna.com\/que-hacer\/gastronomia\/take-away\/#primaryimage"},"thumbnailUrl":"https:\/\/www.campinglaguna.com\/wp-content\/uploads\/Take-Away.jpg","datePublished":"2017-03-06T17:06:41+00:00","dateModified":"2017-03-13T15:51:23+00:00","description":"Vous n\u2019avez pas envie de cuisiner aujourd\u2019hui\u00a0? Si vous cherchez une solution simple, vous l\u2019avez avec notre \u201ctake away\u201d situ\u00e9 \u00e0 c\u00f4t\u00e9 du restaurant. Il","breadcrumb":{"@id":"https:\/\/www.campinglaguna.com\/que-hacer\/gastronomia\/take-away\/#breadcrumb"},"inLanguage":"fr-FR","potentialAction":[{"@type":"ReadAction","target":["https:\/\/www.campinglaguna.com\/que-hacer\/gastronomia\/take-away\/"]}]},{"@type":"ImageObject","inLanguage":"fr-FR","@id":"https:\/\/www.campinglaguna.com\/que-hacer\/gastronomia\/take-away\/#primaryimage","url":"https:\/\/www.campinglaguna.com\/wp-content\/uploads\/Take-Away.jpg","contentUrl":"https:\/\/www.campinglaguna.com\/wp-content\/uploads\/Take-Away.jpg","width":1440,"height":500},{"@type":"BreadcrumbList","@id":"https:\/\/www.campinglaguna.com\/que-hacer\/gastronomia\/take-away\/#breadcrumb","itemListElement":[{"@type":"ListItem","position":1,"name":"Camping Laguna","item":"https:\/\/www.campinglaguna.com\/fr\/"},{"@type":"ListItem","position":2,"name":"Que faire","item":"https:\/\/www.campinglaguna.com\/fr\/que-faire\/"},{"@type":"ListItem","position":3,"name":"Gastronomie","item":"https:\/\/www.campinglaguna.com\/fr\/que-faire\/gastronomie\/"},{"@type":"ListItem","position":4,"name":"Repas \u00e0 emporter"}]},{"@type":"WebSite","@id":"https:\/\/www.campinglaguna.com\/#website","url":"https:\/\/www.campinglaguna.com\/","name":"Camping Laguna","description":"Otro sitio realizado con WordPress","publisher":{"@id":"https:\/\/www.campinglaguna.com\/#organization"},"potentialAction":[{"@type":"SearchAction","target":{"@type":"EntryPoint","urlTemplate":"https:\/\/www.campinglaguna.com\/?s={search_term_string}"},"query-input":{"@type":"PropertyValueSpecification","valueRequired":true,"valueName":"search_term_string"}}],"inLanguage":"fr-FR"},{"@type":"Organization","@id":"https:\/\/www.campinglaguna.com\/#organization","name":"Camping Laguna","url":"https:\/\/www.campinglaguna.com\/","logo":{"@type":"ImageObject","inLanguage":"fr-FR","@id":"https:\/\/www.campinglaguna.com\/#\/schema\/logo\/image\/","url":"https:\/\/www.campinglaguna.com\/wp-content\/uploads\/logo-laguna.png","contentUrl":"https:\/\/www.campinglaguna.com\/wp-content\/uploads\/logo-laguna.png","width":263,"height":64,"caption":"Camping Laguna"},"image":{"@id":"https:\/\/www.campinglaguna.com\/#\/schema\/logo\/image\/"}}]}},"_links":{"self":[{"href":"https:\/\/www.campinglaguna.com\/fr\/wp-json\/wp\/v2\/pages\/23584","targetHints":{"allow":["GET"]}}],"collection":[{"href":"https:\/\/www.campinglaguna.com\/fr\/wp-json\/wp\/v2\/pages"}],"about":[{"href":"https:\/\/www.campinglaguna.com\/fr\/wp-json\/wp\/v2\/types\/page"}],"author":[{"embeddable":true,"href":"https:\/\/www.campinglaguna.com\/fr\/wp-json\/wp\/v2\/users\/1"}],"replies":[{"embeddable":true,"href":"https:\/\/www.campinglaguna.com\/fr\/wp-json\/wp\/v2\/comments?post=23584"}],"version-history":[{"count":1,"href":"https:\/\/www.campinglaguna.com\/fr\/wp-json\/wp\/v2\/pages\/23584\/revisions"}],"predecessor-version":[{"id":24132,"href":"https:\/\/www.campinglaguna.com\/fr\/wp-json\/wp\/v2\/pages\/23584\/revisions\/24132"}],"up":[{"embeddable":true,"href":"https:\/\/www.campinglaguna.com\/fr\/wp-json\/wp\/v2\/pages\/24127"}],"wp:featuredmedia":[{"embeddable":true,"href":"https:\/\/www.campinglaguna.com\/fr\/wp-json\/wp\/v2\/media\/20475"}],"wp:attachment":[{"href":"https:\/\/www.campinglaguna.com\/fr\/wp-json\/wp\/v2\/media?parent=23584"}],"curies":[{"name":"wp","href":"https:\/\/api.w.org\/{rel}","templated":true}]}}