{"id":24133,"date":"2017-03-13T16:51:57","date_gmt":"2017-03-13T15:51:57","guid":{"rendered":"https:\/\/www.campinglaguna.com\/que-faire\/gastronomie\/glaces\/"},"modified":"2017-03-13T16:52:07","modified_gmt":"2017-03-13T15:52:07","slug":"glaces","status":"publish","type":"page","link":"https:\/\/www.campinglaguna.com\/fr\/que-faire\/gastronomie\/glaces\/","title":{"rendered":"Glaces"},"content":{"rendered":"<p>Une visite \u00e0 notre stand de glaces \u00e0 c\u00f4t\u00e9 du restaurant : rien de mieux pour combattre la chaleur de l\u2019\u00e9t\u00e9\u00a0! Des saveurs classiques comme la vanille mais aussi d\u2019autres plus exotiques comme le Mojito glac\u00e9. Vous serez surpris\u00a0!<\/p>\n<p>Et si vous d\u00e9sirez quelque chose qui \u201ccale\u201d mieux, un choix de cr\u00eapes de toute sorte\u2026 n\u2019auriez-vous pas envie aujourd\u2019hui d\u2019une cr\u00eape au \u201cNutella\u201d accompagn\u00e9e d\u2019une boule de glace \u00e0 la vanille\u00a0?<\/p>\n","protected":false},"excerpt":{"rendered":"<p>Une visite \u00e0 notre stand de glaces \u00e0 c\u00f4t\u00e9 du restaurant : rien de mieux pour combattre la chaleur de l\u2019\u00e9t\u00e9\u00a0! Des saveurs classiques comme la vanille mais aussi d\u2019autres [&hellip;]<\/p>\n","protected":false},"author":1,"featured_media":21144,"parent":24127,"menu_order":3,"comment_status":"closed","ping_status":"closed","template":"","meta":{"_acf_changed":false,"footnotes":""},"class_list":["post-24133","page","type-page","status-publish","has-post-thumbnail","hentry"],"acf":[],"yoast_head":"<!-- This site is optimized with the Yoast SEO plugin v26.1.1 - https:\/\/yoast.com\/wordpress\/plugins\/seo\/ -->\n<title>Glaces - Camping Laguna<\/title>\n<meta name=\"description\" content=\"Une visite \u00e0 notre stand de glaces \u00e0 c\u00f4t\u00e9 du restaurant : rien de mieux pour combattre la chaleur de l\u2019\u00e9t\u00e9\u00a0! Des saveurs classiques comme la vanille mais\" \/>\n<meta name=\"robots\" content=\"index, follow, max-snippet:-1, max-image-preview:large, max-video-preview:-1\" \/>\n<link rel=\"canonical\" href=\"https:\/\/www.campinglaguna.com\/que-hacer\/gastronomia\/heladeria\/\" \/>\n<meta property=\"og:locale\" content=\"fr_FR\" \/>\n<meta property=\"og:type\" content=\"article\" \/>\n<meta property=\"og:title\" content=\"Glaces - Camping Laguna\" \/>\n<meta property=\"og:description\" content=\"Une visite \u00e0 notre stand de glaces \u00e0 c\u00f4t\u00e9 du restaurant : rien de mieux pour combattre la chaleur de l\u2019\u00e9t\u00e9\u00a0! Des saveurs classiques comme la vanille mais\" \/>\n<meta property=\"og:url\" content=\"https:\/\/www.campinglaguna.com\/que-hacer\/gastronomia\/heladeria\/\" \/>\n<meta property=\"og:site_name\" content=\"Camping Laguna\" \/>\n<meta property=\"article:modified_time\" content=\"2017-03-13T15:52:07+00:00\" \/>\n<meta property=\"og:image\" content=\"https:\/\/www.campinglaguna.com\/wp-content\/uploads\/principal18.jpg\" \/>\n\t<meta property=\"og:image:width\" content=\"1440\" \/>\n\t<meta property=\"og:image:height\" content=\"500\" \/>\n\t<meta property=\"og:image:type\" content=\"image\/jpeg\" \/>\n<meta name=\"twitter:card\" content=\"summary_large_image\" \/>\n<script type=\"application\/ld+json\" class=\"yoast-schema-graph\">{\"@context\":\"https:\/\/schema.org\",\"@graph\":[{\"@type\":\"WebPage\",\"@id\":\"https:\/\/www.campinglaguna.com\/que-hacer\/gastronomia\/heladeria\/\",\"url\":\"https:\/\/www.campinglaguna.com\/que-hacer\/gastronomia\/heladeria\/\",\"name\":\"Glaces - Camping Laguna\",\"isPartOf\":{\"@id\":\"https:\/\/www.campinglaguna.com\/#website\"},\"primaryImageOfPage\":{\"@id\":\"https:\/\/www.campinglaguna.com\/que-hacer\/gastronomia\/heladeria\/#primaryimage\"},\"image\":{\"@id\":\"https:\/\/www.campinglaguna.com\/que-hacer\/gastronomia\/heladeria\/#primaryimage\"},\"thumbnailUrl\":\"https:\/\/www.campinglaguna.com\/wp-content\/uploads\/principal18.jpg\",\"datePublished\":\"2017-03-13T15:51:57+00:00\",\"dateModified\":\"2017-03-13T15:52:07+00:00\",\"description\":\"Une visite \u00e0 notre stand de glaces \u00e0 c\u00f4t\u00e9 du restaurant : rien de mieux pour combattre la chaleur de l\u2019\u00e9t\u00e9\u00a0! Des saveurs classiques comme la vanille mais\",\"breadcrumb\":{\"@id\":\"https:\/\/www.campinglaguna.com\/que-hacer\/gastronomia\/heladeria\/#breadcrumb\"},\"inLanguage\":\"fr-FR\",\"potentialAction\":[{\"@type\":\"ReadAction\",\"target\":[\"https:\/\/www.campinglaguna.com\/que-hacer\/gastronomia\/heladeria\/\"]}]},{\"@type\":\"ImageObject\",\"inLanguage\":\"fr-FR\",\"@id\":\"https:\/\/www.campinglaguna.com\/que-hacer\/gastronomia\/heladeria\/#primaryimage\",\"url\":\"https:\/\/www.campinglaguna.com\/wp-content\/uploads\/principal18.jpg\",\"contentUrl\":\"https:\/\/www.campinglaguna.com\/wp-content\/uploads\/principal18.jpg\",\"width\":1440,\"height\":500},{\"@type\":\"BreadcrumbList\",\"@id\":\"https:\/\/www.campinglaguna.com\/que-hacer\/gastronomia\/heladeria\/#breadcrumb\",\"itemListElement\":[{\"@type\":\"ListItem\",\"position\":1,\"name\":\"Camping Laguna\",\"item\":\"https:\/\/www.campinglaguna.com\/fr\/\"},{\"@type\":\"ListItem\",\"position\":2,\"name\":\"Que faire\",\"item\":\"https:\/\/www.campinglaguna.com\/fr\/que-faire\/\"},{\"@type\":\"ListItem\",\"position\":3,\"name\":\"Gastronomie\",\"item\":\"https:\/\/www.campinglaguna.com\/fr\/que-faire\/gastronomie\/\"},{\"@type\":\"ListItem\",\"position\":4,\"name\":\"Glaces\"}]},{\"@type\":\"WebSite\",\"@id\":\"https:\/\/www.campinglaguna.com\/#website\",\"url\":\"https:\/\/www.campinglaguna.com\/\",\"name\":\"Camping Laguna\",\"description\":\"Otro sitio realizado con WordPress\",\"publisher\":{\"@id\":\"https:\/\/www.campinglaguna.com\/#organization\"},\"potentialAction\":[{\"@type\":\"SearchAction\",\"target\":{\"@type\":\"EntryPoint\",\"urlTemplate\":\"https:\/\/www.campinglaguna.com\/?s={search_term_string}\"},\"query-input\":{\"@type\":\"PropertyValueSpecification\",\"valueRequired\":true,\"valueName\":\"search_term_string\"}}],\"inLanguage\":\"fr-FR\"},{\"@type\":\"Organization\",\"@id\":\"https:\/\/www.campinglaguna.com\/#organization\",\"name\":\"Camping Laguna\",\"url\":\"https:\/\/www.campinglaguna.com\/\",\"logo\":{\"@type\":\"ImageObject\",\"inLanguage\":\"fr-FR\",\"@id\":\"https:\/\/www.campinglaguna.com\/#\/schema\/logo\/image\/\",\"url\":\"https:\/\/www.campinglaguna.com\/wp-content\/uploads\/logo-laguna.png\",\"contentUrl\":\"https:\/\/www.campinglaguna.com\/wp-content\/uploads\/logo-laguna.png\",\"width\":263,\"height\":64,\"caption\":\"Camping Laguna\"},\"image\":{\"@id\":\"https:\/\/www.campinglaguna.com\/#\/schema\/logo\/image\/\"}}]}<\/script>\n<!-- \/ Yoast SEO plugin. -->","yoast_head_json":{"title":"Glaces - Camping Laguna","description":"Une visite \u00e0 notre stand de glaces \u00e0 c\u00f4t\u00e9 du restaurant : rien de mieux pour combattre la chaleur de l\u2019\u00e9t\u00e9\u00a0! Des saveurs classiques comme la vanille mais","robots":{"index":"index","follow":"follow","max-snippet":"max-snippet:-1","max-image-preview":"max-image-preview:large","max-video-preview":"max-video-preview:-1"},"canonical":"https:\/\/www.campinglaguna.com\/que-hacer\/gastronomia\/heladeria\/","og_locale":"fr_FR","og_type":"article","og_title":"Glaces - Camping Laguna","og_description":"Une visite \u00e0 notre stand de glaces \u00e0 c\u00f4t\u00e9 du restaurant : rien de mieux pour combattre la chaleur de l\u2019\u00e9t\u00e9\u00a0! Des saveurs classiques comme la vanille mais","og_url":"https:\/\/www.campinglaguna.com\/que-hacer\/gastronomia\/heladeria\/","og_site_name":"Camping Laguna","article_modified_time":"2017-03-13T15:52:07+00:00","og_image":[{"width":1440,"height":500,"url":"https:\/\/www.campinglaguna.com\/wp-content\/uploads\/principal18.jpg","type":"image\/jpeg"}],"twitter_card":"summary_large_image","schema":{"@context":"https:\/\/schema.org","@graph":[{"@type":"WebPage","@id":"https:\/\/www.campinglaguna.com\/que-hacer\/gastronomia\/heladeria\/","url":"https:\/\/www.campinglaguna.com\/que-hacer\/gastronomia\/heladeria\/","name":"Glaces - Camping Laguna","isPartOf":{"@id":"https:\/\/www.campinglaguna.com\/#website"},"primaryImageOfPage":{"@id":"https:\/\/www.campinglaguna.com\/que-hacer\/gastronomia\/heladeria\/#primaryimage"},"image":{"@id":"https:\/\/www.campinglaguna.com\/que-hacer\/gastronomia\/heladeria\/#primaryimage"},"thumbnailUrl":"https:\/\/www.campinglaguna.com\/wp-content\/uploads\/principal18.jpg","datePublished":"2017-03-13T15:51:57+00:00","dateModified":"2017-03-13T15:52:07+00:00","description":"Une visite \u00e0 notre stand de glaces \u00e0 c\u00f4t\u00e9 du restaurant : rien de mieux pour combattre la chaleur de l\u2019\u00e9t\u00e9\u00a0! Des saveurs classiques comme la vanille mais","breadcrumb":{"@id":"https:\/\/www.campinglaguna.com\/que-hacer\/gastronomia\/heladeria\/#breadcrumb"},"inLanguage":"fr-FR","potentialAction":[{"@type":"ReadAction","target":["https:\/\/www.campinglaguna.com\/que-hacer\/gastronomia\/heladeria\/"]}]},{"@type":"ImageObject","inLanguage":"fr-FR","@id":"https:\/\/www.campinglaguna.com\/que-hacer\/gastronomia\/heladeria\/#primaryimage","url":"https:\/\/www.campinglaguna.com\/wp-content\/uploads\/principal18.jpg","contentUrl":"https:\/\/www.campinglaguna.com\/wp-content\/uploads\/principal18.jpg","width":1440,"height":500},{"@type":"BreadcrumbList","@id":"https:\/\/www.campinglaguna.com\/que-hacer\/gastronomia\/heladeria\/#breadcrumb","itemListElement":[{"@type":"ListItem","position":1,"name":"Camping Laguna","item":"https:\/\/www.campinglaguna.com\/fr\/"},{"@type":"ListItem","position":2,"name":"Que faire","item":"https:\/\/www.campinglaguna.com\/fr\/que-faire\/"},{"@type":"ListItem","position":3,"name":"Gastronomie","item":"https:\/\/www.campinglaguna.com\/fr\/que-faire\/gastronomie\/"},{"@type":"ListItem","position":4,"name":"Glaces"}]},{"@type":"WebSite","@id":"https:\/\/www.campinglaguna.com\/#website","url":"https:\/\/www.campinglaguna.com\/","name":"Camping Laguna","description":"Otro sitio realizado con WordPress","publisher":{"@id":"https:\/\/www.campinglaguna.com\/#organization"},"potentialAction":[{"@type":"SearchAction","target":{"@type":"EntryPoint","urlTemplate":"https:\/\/www.campinglaguna.com\/?s={search_term_string}"},"query-input":{"@type":"PropertyValueSpecification","valueRequired":true,"valueName":"search_term_string"}}],"inLanguage":"fr-FR"},{"@type":"Organization","@id":"https:\/\/www.campinglaguna.com\/#organization","name":"Camping Laguna","url":"https:\/\/www.campinglaguna.com\/","logo":{"@type":"ImageObject","inLanguage":"fr-FR","@id":"https:\/\/www.campinglaguna.com\/#\/schema\/logo\/image\/","url":"https:\/\/www.campinglaguna.com\/wp-content\/uploads\/logo-laguna.png","contentUrl":"https:\/\/www.campinglaguna.com\/wp-content\/uploads\/logo-laguna.png","width":263,"height":64,"caption":"Camping Laguna"},"image":{"@id":"https:\/\/www.campinglaguna.com\/#\/schema\/logo\/image\/"}}]}},"_links":{"self":[{"href":"https:\/\/www.campinglaguna.com\/fr\/wp-json\/wp\/v2\/pages\/24133","targetHints":{"allow":["GET"]}}],"collection":[{"href":"https:\/\/www.campinglaguna.com\/fr\/wp-json\/wp\/v2\/pages"}],"about":[{"href":"https:\/\/www.campinglaguna.com\/fr\/wp-json\/wp\/v2\/types\/page"}],"author":[{"embeddable":true,"href":"https:\/\/www.campinglaguna.com\/fr\/wp-json\/wp\/v2\/users\/1"}],"replies":[{"embeddable":true,"href":"https:\/\/www.campinglaguna.com\/fr\/wp-json\/wp\/v2\/comments?post=24133"}],"version-history":[{"count":1,"href":"https:\/\/www.campinglaguna.com\/fr\/wp-json\/wp\/v2\/pages\/24133\/revisions"}],"predecessor-version":[{"id":24134,"href":"https:\/\/www.campinglaguna.com\/fr\/wp-json\/wp\/v2\/pages\/24133\/revisions\/24134"}],"up":[{"embeddable":true,"href":"https:\/\/www.campinglaguna.com\/fr\/wp-json\/wp\/v2\/pages\/24127"}],"wp:featuredmedia":[{"embeddable":true,"href":"https:\/\/www.campinglaguna.com\/fr\/wp-json\/wp\/v2\/media\/21144"}],"wp:attachment":[{"href":"https:\/\/www.campinglaguna.com\/fr\/wp-json\/wp\/v2\/media?parent=24133"}],"curies":[{"name":"wp","href":"https:\/\/api.w.org\/{rel}","templated":true}]}}