{"id":24149,"date":"2017-03-14T10:31:02","date_gmt":"2017-03-14T09:31:02","guid":{"rendered":"https:\/\/www.campinglaguna.com\/que-faire\/activites\/sports\/sports-nautiques\/"},"modified":"2017-03-14T10:31:31","modified_gmt":"2017-03-14T09:31:31","slug":"sports-nautiques","status":"publish","type":"page","link":"https:\/\/www.campinglaguna.com\/fr\/que-faire\/activites\/sports\/sports-nautiques\/","title":{"rendered":"Sports nautiques"},"content":{"rendered":"<p>La baie de Rosas est bien connue pour offrir les meilleures conditions pour pratiquer des sports nautiques. Notre \u00e9cole vous aidera \u00e0 ce qu\u2019il ne vous manque rien pour profiter de votre sport favori.<\/p>\n<p>Nous vous proposons des cours de windsurf, de catamaran, de stand up paddle, de kayak ou de voile suivant les standards de la F\u00e9d\u00e9ration Nautique Allemande (VDWS), avec des niveaux initiation, d\u00e9butants ou confirm\u00e9s et avec possibilit\u00e9 de cours particuliers. Si vous pratiquez d\u00e9j\u00e0 d\u2019un de ces sports, l\u2019\u00e9cole peut vous louer tout le mat\u00e9riel pour faciliter votre s\u00e9jour.<\/p>\n<p>Vous pourrez ici t\u00e9l\u00e9charger les tarifs de notre \u00e9cole et, si vous avez des questions, prenez contact avec nous\u00a0!<\/p>\n","protected":false},"excerpt":{"rendered":"<p>La baie de Rosas est bien connue pour offrir les meilleures conditions pour pratiquer des sports nautiques. Notre \u00e9cole vous aidera \u00e0 ce qu\u2019il ne vous manque rien pour profiter [&hellip;]<\/p>\n","protected":false},"author":1,"featured_media":20213,"parent":24147,"menu_order":0,"comment_status":"closed","ping_status":"closed","template":"","meta":{"_acf_changed":false,"footnotes":""},"class_list":["post-24149","page","type-page","status-publish","has-post-thumbnail","hentry"],"acf":[],"yoast_head":"<!-- This site is optimized with the Yoast SEO plugin v26.1.1 - https:\/\/yoast.com\/wordpress\/plugins\/seo\/ -->\n<title>Sports nautiques - Camping Laguna<\/title>\n<meta name=\"description\" content=\"La baie de Rosas est bien connue pour offrir les meilleures conditions pour pratiquer des sports nautiques. Notre \u00e9cole vous aidera \u00e0 ce qu\u2019il ne vous\" \/>\n<meta name=\"robots\" content=\"index, follow, max-snippet:-1, max-image-preview:large, max-video-preview:-1\" \/>\n<link rel=\"canonical\" href=\"https:\/\/www.campinglaguna.com\/fr\/que-faire\/activites\/sports\/sports-nautiques\/\" \/>\n<meta property=\"og:locale\" content=\"fr_FR\" \/>\n<meta property=\"og:type\" content=\"article\" \/>\n<meta property=\"og:title\" content=\"Sports nautiques - Camping Laguna\" \/>\n<meta property=\"og:description\" content=\"La baie de Rosas est bien connue pour offrir les meilleures conditions pour pratiquer des sports nautiques. Notre \u00e9cole vous aidera \u00e0 ce qu\u2019il ne vous\" \/>\n<meta property=\"og:url\" content=\"https:\/\/www.campinglaguna.com\/fr\/que-faire\/activites\/sports\/sports-nautiques\/\" \/>\n<meta property=\"og:site_name\" content=\"Camping Laguna\" \/>\n<meta property=\"article:modified_time\" content=\"2017-03-14T09:31:31+00:00\" \/>\n<meta property=\"og:image\" content=\"https:\/\/www.campinglaguna.com\/wp-content\/uploads\/Principal13.jpg\" \/>\n\t<meta property=\"og:image:width\" content=\"1440\" \/>\n\t<meta property=\"og:image:height\" content=\"500\" \/>\n\t<meta property=\"og:image:type\" content=\"image\/jpeg\" \/>\n<meta name=\"twitter:card\" content=\"summary_large_image\" \/>\n<meta name=\"twitter:label1\" content=\"Dur\u00e9e de lecture estim\u00e9e\" \/>\n\t<meta name=\"twitter:data1\" content=\"1 minute\" \/>\n<script type=\"application\/ld+json\" class=\"yoast-schema-graph\">{\"@context\":\"https:\/\/schema.org\",\"@graph\":[{\"@type\":\"WebPage\",\"@id\":\"https:\/\/www.campinglaguna.com\/fr\/que-faire\/activites\/sports\/sports-nautiques\/\",\"url\":\"https:\/\/www.campinglaguna.com\/fr\/que-faire\/activites\/sports\/sports-nautiques\/\",\"name\":\"Sports nautiques - Camping Laguna\",\"isPartOf\":{\"@id\":\"https:\/\/www.campinglaguna.com\/#website\"},\"primaryImageOfPage\":{\"@id\":\"https:\/\/www.campinglaguna.com\/fr\/que-faire\/activites\/sports\/sports-nautiques\/#primaryimage\"},\"image\":{\"@id\":\"https:\/\/www.campinglaguna.com\/fr\/que-faire\/activites\/sports\/sports-nautiques\/#primaryimage\"},\"thumbnailUrl\":\"https:\/\/www.campinglaguna.com\/wp-content\/uploads\/Principal13.jpg\",\"datePublished\":\"2017-03-14T09:31:02+00:00\",\"dateModified\":\"2017-03-14T09:31:31+00:00\",\"description\":\"La baie de Rosas est bien connue pour offrir les meilleures conditions pour pratiquer des sports nautiques. Notre \u00e9cole vous aidera \u00e0 ce qu\u2019il ne vous\",\"breadcrumb\":{\"@id\":\"https:\/\/www.campinglaguna.com\/fr\/que-faire\/activites\/sports\/sports-nautiques\/#breadcrumb\"},\"inLanguage\":\"fr-FR\",\"potentialAction\":[{\"@type\":\"ReadAction\",\"target\":[\"https:\/\/www.campinglaguna.com\/fr\/que-faire\/activites\/sports\/sports-nautiques\/\"]}]},{\"@type\":\"ImageObject\",\"inLanguage\":\"fr-FR\",\"@id\":\"https:\/\/www.campinglaguna.com\/fr\/que-faire\/activites\/sports\/sports-nautiques\/#primaryimage\",\"url\":\"https:\/\/www.campinglaguna.com\/wp-content\/uploads\/Principal13.jpg\",\"contentUrl\":\"https:\/\/www.campinglaguna.com\/wp-content\/uploads\/Principal13.jpg\",\"width\":1440,\"height\":500},{\"@type\":\"BreadcrumbList\",\"@id\":\"https:\/\/www.campinglaguna.com\/fr\/que-faire\/activites\/sports\/sports-nautiques\/#breadcrumb\",\"itemListElement\":[{\"@type\":\"ListItem\",\"position\":1,\"name\":\"Camping Laguna\",\"item\":\"https:\/\/www.campinglaguna.com\/fr\/\"},{\"@type\":\"ListItem\",\"position\":2,\"name\":\"Que faire\",\"item\":\"https:\/\/www.campinglaguna.com\/fr\/que-faire\/\"},{\"@type\":\"ListItem\",\"position\":3,\"name\":\"Activit\u00e9s\",\"item\":\"https:\/\/www.campinglaguna.com\/fr\/que-faire\/activites\/\"},{\"@type\":\"ListItem\",\"position\":4,\"name\":\"Sports\",\"item\":\"https:\/\/www.campinglaguna.com\/fr\/que-faire\/activites\/sports\/\"},{\"@type\":\"ListItem\",\"position\":5,\"name\":\"Sports nautiques\"}]},{\"@type\":\"WebSite\",\"@id\":\"https:\/\/www.campinglaguna.com\/#website\",\"url\":\"https:\/\/www.campinglaguna.com\/\",\"name\":\"Camping Laguna\",\"description\":\"Otro sitio realizado con WordPress\",\"publisher\":{\"@id\":\"https:\/\/www.campinglaguna.com\/#organization\"},\"potentialAction\":[{\"@type\":\"SearchAction\",\"target\":{\"@type\":\"EntryPoint\",\"urlTemplate\":\"https:\/\/www.campinglaguna.com\/?s={search_term_string}\"},\"query-input\":{\"@type\":\"PropertyValueSpecification\",\"valueRequired\":true,\"valueName\":\"search_term_string\"}}],\"inLanguage\":\"fr-FR\"},{\"@type\":\"Organization\",\"@id\":\"https:\/\/www.campinglaguna.com\/#organization\",\"name\":\"Camping Laguna\",\"url\":\"https:\/\/www.campinglaguna.com\/\",\"logo\":{\"@type\":\"ImageObject\",\"inLanguage\":\"fr-FR\",\"@id\":\"https:\/\/www.campinglaguna.com\/#\/schema\/logo\/image\/\",\"url\":\"https:\/\/www.campinglaguna.com\/wp-content\/uploads\/logo-laguna.png\",\"contentUrl\":\"https:\/\/www.campinglaguna.com\/wp-content\/uploads\/logo-laguna.png\",\"width\":263,\"height\":64,\"caption\":\"Camping Laguna\"},\"image\":{\"@id\":\"https:\/\/www.campinglaguna.com\/#\/schema\/logo\/image\/\"}}]}<\/script>\n<!-- \/ Yoast SEO plugin. -->","yoast_head_json":{"title":"Sports nautiques - Camping Laguna","description":"La baie de Rosas est bien connue pour offrir les meilleures conditions pour pratiquer des sports nautiques. Notre \u00e9cole vous aidera \u00e0 ce qu\u2019il ne vous","robots":{"index":"index","follow":"follow","max-snippet":"max-snippet:-1","max-image-preview":"max-image-preview:large","max-video-preview":"max-video-preview:-1"},"canonical":"https:\/\/www.campinglaguna.com\/fr\/que-faire\/activites\/sports\/sports-nautiques\/","og_locale":"fr_FR","og_type":"article","og_title":"Sports nautiques - Camping Laguna","og_description":"La baie de Rosas est bien connue pour offrir les meilleures conditions pour pratiquer des sports nautiques. Notre \u00e9cole vous aidera \u00e0 ce qu\u2019il ne vous","og_url":"https:\/\/www.campinglaguna.com\/fr\/que-faire\/activites\/sports\/sports-nautiques\/","og_site_name":"Camping Laguna","article_modified_time":"2017-03-14T09:31:31+00:00","og_image":[{"width":1440,"height":500,"url":"https:\/\/www.campinglaguna.com\/wp-content\/uploads\/Principal13.jpg","type":"image\/jpeg"}],"twitter_card":"summary_large_image","twitter_misc":{"Dur\u00e9e de lecture estim\u00e9e":"1 minute"},"schema":{"@context":"https:\/\/schema.org","@graph":[{"@type":"WebPage","@id":"https:\/\/www.campinglaguna.com\/fr\/que-faire\/activites\/sports\/sports-nautiques\/","url":"https:\/\/www.campinglaguna.com\/fr\/que-faire\/activites\/sports\/sports-nautiques\/","name":"Sports nautiques - Camping Laguna","isPartOf":{"@id":"https:\/\/www.campinglaguna.com\/#website"},"primaryImageOfPage":{"@id":"https:\/\/www.campinglaguna.com\/fr\/que-faire\/activites\/sports\/sports-nautiques\/#primaryimage"},"image":{"@id":"https:\/\/www.campinglaguna.com\/fr\/que-faire\/activites\/sports\/sports-nautiques\/#primaryimage"},"thumbnailUrl":"https:\/\/www.campinglaguna.com\/wp-content\/uploads\/Principal13.jpg","datePublished":"2017-03-14T09:31:02+00:00","dateModified":"2017-03-14T09:31:31+00:00","description":"La baie de Rosas est bien connue pour offrir les meilleures conditions pour pratiquer des sports nautiques. Notre \u00e9cole vous aidera \u00e0 ce qu\u2019il ne vous","breadcrumb":{"@id":"https:\/\/www.campinglaguna.com\/fr\/que-faire\/activites\/sports\/sports-nautiques\/#breadcrumb"},"inLanguage":"fr-FR","potentialAction":[{"@type":"ReadAction","target":["https:\/\/www.campinglaguna.com\/fr\/que-faire\/activites\/sports\/sports-nautiques\/"]}]},{"@type":"ImageObject","inLanguage":"fr-FR","@id":"https:\/\/www.campinglaguna.com\/fr\/que-faire\/activites\/sports\/sports-nautiques\/#primaryimage","url":"https:\/\/www.campinglaguna.com\/wp-content\/uploads\/Principal13.jpg","contentUrl":"https:\/\/www.campinglaguna.com\/wp-content\/uploads\/Principal13.jpg","width":1440,"height":500},{"@type":"BreadcrumbList","@id":"https:\/\/www.campinglaguna.com\/fr\/que-faire\/activites\/sports\/sports-nautiques\/#breadcrumb","itemListElement":[{"@type":"ListItem","position":1,"name":"Camping Laguna","item":"https:\/\/www.campinglaguna.com\/fr\/"},{"@type":"ListItem","position":2,"name":"Que faire","item":"https:\/\/www.campinglaguna.com\/fr\/que-faire\/"},{"@type":"ListItem","position":3,"name":"Activit\u00e9s","item":"https:\/\/www.campinglaguna.com\/fr\/que-faire\/activites\/"},{"@type":"ListItem","position":4,"name":"Sports","item":"https:\/\/www.campinglaguna.com\/fr\/que-faire\/activites\/sports\/"},{"@type":"ListItem","position":5,"name":"Sports nautiques"}]},{"@type":"WebSite","@id":"https:\/\/www.campinglaguna.com\/#website","url":"https:\/\/www.campinglaguna.com\/","name":"Camping Laguna","description":"Otro sitio realizado con WordPress","publisher":{"@id":"https:\/\/www.campinglaguna.com\/#organization"},"potentialAction":[{"@type":"SearchAction","target":{"@type":"EntryPoint","urlTemplate":"https:\/\/www.campinglaguna.com\/?s={search_term_string}"},"query-input":{"@type":"PropertyValueSpecification","valueRequired":true,"valueName":"search_term_string"}}],"inLanguage":"fr-FR"},{"@type":"Organization","@id":"https:\/\/www.campinglaguna.com\/#organization","name":"Camping Laguna","url":"https:\/\/www.campinglaguna.com\/","logo":{"@type":"ImageObject","inLanguage":"fr-FR","@id":"https:\/\/www.campinglaguna.com\/#\/schema\/logo\/image\/","url":"https:\/\/www.campinglaguna.com\/wp-content\/uploads\/logo-laguna.png","contentUrl":"https:\/\/www.campinglaguna.com\/wp-content\/uploads\/logo-laguna.png","width":263,"height":64,"caption":"Camping Laguna"},"image":{"@id":"https:\/\/www.campinglaguna.com\/#\/schema\/logo\/image\/"}}]}},"_links":{"self":[{"href":"https:\/\/www.campinglaguna.com\/fr\/wp-json\/wp\/v2\/pages\/24149","targetHints":{"allow":["GET"]}}],"collection":[{"href":"https:\/\/www.campinglaguna.com\/fr\/wp-json\/wp\/v2\/pages"}],"about":[{"href":"https:\/\/www.campinglaguna.com\/fr\/wp-json\/wp\/v2\/types\/page"}],"author":[{"embeddable":true,"href":"https:\/\/www.campinglaguna.com\/fr\/wp-json\/wp\/v2\/users\/1"}],"replies":[{"embeddable":true,"href":"https:\/\/www.campinglaguna.com\/fr\/wp-json\/wp\/v2\/comments?post=24149"}],"version-history":[{"count":1,"href":"https:\/\/www.campinglaguna.com\/fr\/wp-json\/wp\/v2\/pages\/24149\/revisions"}],"predecessor-version":[{"id":24150,"href":"https:\/\/www.campinglaguna.com\/fr\/wp-json\/wp\/v2\/pages\/24149\/revisions\/24150"}],"up":[{"embeddable":true,"href":"https:\/\/www.campinglaguna.com\/fr\/wp-json\/wp\/v2\/pages\/24147"}],"wp:featuredmedia":[{"embeddable":true,"href":"https:\/\/www.campinglaguna.com\/fr\/wp-json\/wp\/v2\/media\/20213"}],"wp:attachment":[{"href":"https:\/\/www.campinglaguna.com\/fr\/wp-json\/wp\/v2\/media?parent=24149"}],"curies":[{"name":"wp","href":"https:\/\/api.w.org\/{rel}","templated":true}]}}