{"id":24153,"date":"2017-03-14T11:09:19","date_gmt":"2017-03-14T10:09:19","guid":{"rendered":"https:\/\/www.campinglaguna.com\/que-faire\/activites\/sports\/installations-sportives\/"},"modified":"2017-03-14T12:28:27","modified_gmt":"2017-03-14T11:28:27","slug":"installations-sportives","status":"publish","type":"page","link":"https:\/\/www.campinglaguna.com\/fr\/que-faire\/activites\/sports\/installations-sportives\/","title":{"rendered":"Installations sportives"},"content":{"rendered":"<p>\u201cUne \u00e2me saine dans un corps sain\u201d<\/p>\n<p>N\u2019arr\u00eatez pas la pratique de votre sport pendant vos vacances\u00a0! Le Camping Laguna vous offre une ample gamme d\u2019options pour pratiquer votre sport favori ou vous initier \u00e0 un nouveau.<\/p>\n<p>Notre espace omnisports se trouve \u00e0 c\u00f4t\u00e9 de la discoth\u00e8que, avec courts de tennis, terrains de foot et de volley. Vous pouvez aussi faire du sport au bord de la mer avec notre terrain am\u00e9nag\u00e9 pour le beach-volley. Pour les plus sportifs, nos machines ext\u00e9rieures de \u201cfitness\u201d et, pour les plus calmes, le minigolf.<\/p>\n","protected":false},"excerpt":{"rendered":"<p>\u201cUne \u00e2me saine dans un corps sain\u201d N\u2019arr\u00eatez pas la pratique de votre sport pendant vos vacances\u00a0! Le Camping Laguna vous offre une ample gamme d\u2019options pour pratiquer votre sport [&hellip;]<\/p>\n","protected":false},"author":1,"featured_media":20215,"parent":24147,"menu_order":2,"comment_status":"closed","ping_status":"closed","template":"","meta":{"_acf_changed":false,"footnotes":""},"class_list":["post-24153","page","type-page","status-publish","has-post-thumbnail","hentry"],"acf":[],"yoast_head":"<!-- This site is optimized with the Yoast SEO plugin v26.1.1 - https:\/\/yoast.com\/wordpress\/plugins\/seo\/ -->\n<title>Installations sportives - Camping Laguna<\/title>\n<meta name=\"description\" content=\"\u201cUne \u00e2me saine dans un corps sain\u201d N\u2019arr\u00eatez pas la pratique de votre sport pendant vos vacances\u00a0! Le Camping Laguna vous offre une ample gamme d\u2019options\" \/>\n<meta name=\"robots\" content=\"index, follow, max-snippet:-1, max-image-preview:large, max-video-preview:-1\" \/>\n<link rel=\"canonical\" href=\"https:\/\/www.campinglaguna.com\/fr\/que-faire\/activites\/sports\/installations-sportives\/\" \/>\n<meta property=\"og:locale\" content=\"fr_FR\" \/>\n<meta property=\"og:type\" content=\"article\" \/>\n<meta property=\"og:title\" content=\"Installations sportives - Camping Laguna\" \/>\n<meta property=\"og:description\" content=\"\u201cUne \u00e2me saine dans un corps sain\u201d N\u2019arr\u00eatez pas la pratique de votre sport pendant vos vacances\u00a0! Le Camping Laguna vous offre une ample gamme d\u2019options\" \/>\n<meta property=\"og:url\" content=\"https:\/\/www.campinglaguna.com\/fr\/que-faire\/activites\/sports\/installations-sportives\/\" \/>\n<meta property=\"og:site_name\" content=\"Camping Laguna\" \/>\n<meta property=\"article:modified_time\" content=\"2017-03-14T11:28:27+00:00\" \/>\n<meta property=\"og:image\" content=\"https:\/\/www.campinglaguna.com\/wp-content\/uploads\/Principal15.jpg\" \/>\n\t<meta property=\"og:image:width\" content=\"1440\" \/>\n\t<meta property=\"og:image:height\" content=\"500\" \/>\n\t<meta property=\"og:image:type\" content=\"image\/jpeg\" \/>\n<meta name=\"twitter:card\" content=\"summary_large_image\" \/>\n<script type=\"application\/ld+json\" class=\"yoast-schema-graph\">{\"@context\":\"https:\/\/schema.org\",\"@graph\":[{\"@type\":\"WebPage\",\"@id\":\"https:\/\/www.campinglaguna.com\/fr\/que-faire\/activites\/sports\/installations-sportives\/\",\"url\":\"https:\/\/www.campinglaguna.com\/fr\/que-faire\/activites\/sports\/installations-sportives\/\",\"name\":\"Installations sportives - Camping Laguna\",\"isPartOf\":{\"@id\":\"https:\/\/www.campinglaguna.com\/#website\"},\"primaryImageOfPage\":{\"@id\":\"https:\/\/www.campinglaguna.com\/fr\/que-faire\/activites\/sports\/installations-sportives\/#primaryimage\"},\"image\":{\"@id\":\"https:\/\/www.campinglaguna.com\/fr\/que-faire\/activites\/sports\/installations-sportives\/#primaryimage\"},\"thumbnailUrl\":\"https:\/\/www.campinglaguna.com\/wp-content\/uploads\/Principal15.jpg\",\"datePublished\":\"2017-03-14T10:09:19+00:00\",\"dateModified\":\"2017-03-14T11:28:27+00:00\",\"description\":\"\u201cUne \u00e2me saine dans un corps sain\u201d N\u2019arr\u00eatez pas la pratique de votre sport pendant vos vacances\u00a0! Le Camping Laguna vous offre une ample gamme d\u2019options\",\"breadcrumb\":{\"@id\":\"https:\/\/www.campinglaguna.com\/fr\/que-faire\/activites\/sports\/installations-sportives\/#breadcrumb\"},\"inLanguage\":\"fr-FR\",\"potentialAction\":[{\"@type\":\"ReadAction\",\"target\":[\"https:\/\/www.campinglaguna.com\/fr\/que-faire\/activites\/sports\/installations-sportives\/\"]}]},{\"@type\":\"ImageObject\",\"inLanguage\":\"fr-FR\",\"@id\":\"https:\/\/www.campinglaguna.com\/fr\/que-faire\/activites\/sports\/installations-sportives\/#primaryimage\",\"url\":\"https:\/\/www.campinglaguna.com\/wp-content\/uploads\/Principal15.jpg\",\"contentUrl\":\"https:\/\/www.campinglaguna.com\/wp-content\/uploads\/Principal15.jpg\",\"width\":1440,\"height\":500},{\"@type\":\"BreadcrumbList\",\"@id\":\"https:\/\/www.campinglaguna.com\/fr\/que-faire\/activites\/sports\/installations-sportives\/#breadcrumb\",\"itemListElement\":[{\"@type\":\"ListItem\",\"position\":1,\"name\":\"Camping Laguna\",\"item\":\"https:\/\/www.campinglaguna.com\/fr\/\"},{\"@type\":\"ListItem\",\"position\":2,\"name\":\"Que faire\",\"item\":\"https:\/\/www.campinglaguna.com\/fr\/que-faire\/\"},{\"@type\":\"ListItem\",\"position\":3,\"name\":\"Activit\u00e9s\",\"item\":\"https:\/\/www.campinglaguna.com\/fr\/que-faire\/activites\/\"},{\"@type\":\"ListItem\",\"position\":4,\"name\":\"Sports\",\"item\":\"https:\/\/www.campinglaguna.com\/fr\/que-faire\/activites\/sports\/\"},{\"@type\":\"ListItem\",\"position\":5,\"name\":\"Installations sportives\"}]},{\"@type\":\"WebSite\",\"@id\":\"https:\/\/www.campinglaguna.com\/#website\",\"url\":\"https:\/\/www.campinglaguna.com\/\",\"name\":\"Camping Laguna\",\"description\":\"Otro sitio realizado con WordPress\",\"publisher\":{\"@id\":\"https:\/\/www.campinglaguna.com\/#organization\"},\"potentialAction\":[{\"@type\":\"SearchAction\",\"target\":{\"@type\":\"EntryPoint\",\"urlTemplate\":\"https:\/\/www.campinglaguna.com\/?s={search_term_string}\"},\"query-input\":{\"@type\":\"PropertyValueSpecification\",\"valueRequired\":true,\"valueName\":\"search_term_string\"}}],\"inLanguage\":\"fr-FR\"},{\"@type\":\"Organization\",\"@id\":\"https:\/\/www.campinglaguna.com\/#organization\",\"name\":\"Camping Laguna\",\"url\":\"https:\/\/www.campinglaguna.com\/\",\"logo\":{\"@type\":\"ImageObject\",\"inLanguage\":\"fr-FR\",\"@id\":\"https:\/\/www.campinglaguna.com\/#\/schema\/logo\/image\/\",\"url\":\"https:\/\/www.campinglaguna.com\/wp-content\/uploads\/logo-laguna.png\",\"contentUrl\":\"https:\/\/www.campinglaguna.com\/wp-content\/uploads\/logo-laguna.png\",\"width\":263,\"height\":64,\"caption\":\"Camping Laguna\"},\"image\":{\"@id\":\"https:\/\/www.campinglaguna.com\/#\/schema\/logo\/image\/\"}}]}<\/script>\n<!-- \/ Yoast SEO plugin. -->","yoast_head_json":{"title":"Installations sportives - Camping Laguna","description":"\u201cUne \u00e2me saine dans un corps sain\u201d N\u2019arr\u00eatez pas la pratique de votre sport pendant vos vacances\u00a0! Le Camping Laguna vous offre une ample gamme d\u2019options","robots":{"index":"index","follow":"follow","max-snippet":"max-snippet:-1","max-image-preview":"max-image-preview:large","max-video-preview":"max-video-preview:-1"},"canonical":"https:\/\/www.campinglaguna.com\/fr\/que-faire\/activites\/sports\/installations-sportives\/","og_locale":"fr_FR","og_type":"article","og_title":"Installations sportives - Camping Laguna","og_description":"\u201cUne \u00e2me saine dans un corps sain\u201d N\u2019arr\u00eatez pas la pratique de votre sport pendant vos vacances\u00a0! Le Camping Laguna vous offre une ample gamme d\u2019options","og_url":"https:\/\/www.campinglaguna.com\/fr\/que-faire\/activites\/sports\/installations-sportives\/","og_site_name":"Camping Laguna","article_modified_time":"2017-03-14T11:28:27+00:00","og_image":[{"width":1440,"height":500,"url":"https:\/\/www.campinglaguna.com\/wp-content\/uploads\/Principal15.jpg","type":"image\/jpeg"}],"twitter_card":"summary_large_image","schema":{"@context":"https:\/\/schema.org","@graph":[{"@type":"WebPage","@id":"https:\/\/www.campinglaguna.com\/fr\/que-faire\/activites\/sports\/installations-sportives\/","url":"https:\/\/www.campinglaguna.com\/fr\/que-faire\/activites\/sports\/installations-sportives\/","name":"Installations sportives - Camping Laguna","isPartOf":{"@id":"https:\/\/www.campinglaguna.com\/#website"},"primaryImageOfPage":{"@id":"https:\/\/www.campinglaguna.com\/fr\/que-faire\/activites\/sports\/installations-sportives\/#primaryimage"},"image":{"@id":"https:\/\/www.campinglaguna.com\/fr\/que-faire\/activites\/sports\/installations-sportives\/#primaryimage"},"thumbnailUrl":"https:\/\/www.campinglaguna.com\/wp-content\/uploads\/Principal15.jpg","datePublished":"2017-03-14T10:09:19+00:00","dateModified":"2017-03-14T11:28:27+00:00","description":"\u201cUne \u00e2me saine dans un corps sain\u201d N\u2019arr\u00eatez pas la pratique de votre sport pendant vos vacances\u00a0! Le Camping Laguna vous offre une ample gamme d\u2019options","breadcrumb":{"@id":"https:\/\/www.campinglaguna.com\/fr\/que-faire\/activites\/sports\/installations-sportives\/#breadcrumb"},"inLanguage":"fr-FR","potentialAction":[{"@type":"ReadAction","target":["https:\/\/www.campinglaguna.com\/fr\/que-faire\/activites\/sports\/installations-sportives\/"]}]},{"@type":"ImageObject","inLanguage":"fr-FR","@id":"https:\/\/www.campinglaguna.com\/fr\/que-faire\/activites\/sports\/installations-sportives\/#primaryimage","url":"https:\/\/www.campinglaguna.com\/wp-content\/uploads\/Principal15.jpg","contentUrl":"https:\/\/www.campinglaguna.com\/wp-content\/uploads\/Principal15.jpg","width":1440,"height":500},{"@type":"BreadcrumbList","@id":"https:\/\/www.campinglaguna.com\/fr\/que-faire\/activites\/sports\/installations-sportives\/#breadcrumb","itemListElement":[{"@type":"ListItem","position":1,"name":"Camping Laguna","item":"https:\/\/www.campinglaguna.com\/fr\/"},{"@type":"ListItem","position":2,"name":"Que faire","item":"https:\/\/www.campinglaguna.com\/fr\/que-faire\/"},{"@type":"ListItem","position":3,"name":"Activit\u00e9s","item":"https:\/\/www.campinglaguna.com\/fr\/que-faire\/activites\/"},{"@type":"ListItem","position":4,"name":"Sports","item":"https:\/\/www.campinglaguna.com\/fr\/que-faire\/activites\/sports\/"},{"@type":"ListItem","position":5,"name":"Installations sportives"}]},{"@type":"WebSite","@id":"https:\/\/www.campinglaguna.com\/#website","url":"https:\/\/www.campinglaguna.com\/","name":"Camping Laguna","description":"Otro sitio realizado con WordPress","publisher":{"@id":"https:\/\/www.campinglaguna.com\/#organization"},"potentialAction":[{"@type":"SearchAction","target":{"@type":"EntryPoint","urlTemplate":"https:\/\/www.campinglaguna.com\/?s={search_term_string}"},"query-input":{"@type":"PropertyValueSpecification","valueRequired":true,"valueName":"search_term_string"}}],"inLanguage":"fr-FR"},{"@type":"Organization","@id":"https:\/\/www.campinglaguna.com\/#organization","name":"Camping Laguna","url":"https:\/\/www.campinglaguna.com\/","logo":{"@type":"ImageObject","inLanguage":"fr-FR","@id":"https:\/\/www.campinglaguna.com\/#\/schema\/logo\/image\/","url":"https:\/\/www.campinglaguna.com\/wp-content\/uploads\/logo-laguna.png","contentUrl":"https:\/\/www.campinglaguna.com\/wp-content\/uploads\/logo-laguna.png","width":263,"height":64,"caption":"Camping Laguna"},"image":{"@id":"https:\/\/www.campinglaguna.com\/#\/schema\/logo\/image\/"}}]}},"_links":{"self":[{"href":"https:\/\/www.campinglaguna.com\/fr\/wp-json\/wp\/v2\/pages\/24153","targetHints":{"allow":["GET"]}}],"collection":[{"href":"https:\/\/www.campinglaguna.com\/fr\/wp-json\/wp\/v2\/pages"}],"about":[{"href":"https:\/\/www.campinglaguna.com\/fr\/wp-json\/wp\/v2\/types\/page"}],"author":[{"embeddable":true,"href":"https:\/\/www.campinglaguna.com\/fr\/wp-json\/wp\/v2\/users\/1"}],"replies":[{"embeddable":true,"href":"https:\/\/www.campinglaguna.com\/fr\/wp-json\/wp\/v2\/comments?post=24153"}],"version-history":[{"count":1,"href":"https:\/\/www.campinglaguna.com\/fr\/wp-json\/wp\/v2\/pages\/24153\/revisions"}],"predecessor-version":[{"id":24154,"href":"https:\/\/www.campinglaguna.com\/fr\/wp-json\/wp\/v2\/pages\/24153\/revisions\/24154"}],"up":[{"embeddable":true,"href":"https:\/\/www.campinglaguna.com\/fr\/wp-json\/wp\/v2\/pages\/24147"}],"wp:featuredmedia":[{"embeddable":true,"href":"https:\/\/www.campinglaguna.com\/fr\/wp-json\/wp\/v2\/media\/20215"}],"wp:attachment":[{"href":"https:\/\/www.campinglaguna.com\/fr\/wp-json\/wp\/v2\/media?parent=24153"}],"curies":[{"name":"wp","href":"https:\/\/api.w.org\/{rel}","templated":true}]}}